{"id":9432,"date":"2023-08-03T22:44:53","date_gmt":"2023-08-03T21:44:53","guid":{"rendered":"https:\/\/labemacosmetics.com\/?post_type=product&#038;p=9432"},"modified":"2025-11-02T09:46:54","modified_gmt":"2025-11-02T08:46:54","slug":"paulas-choice-lotion-exfoliante-skin-perfecting-2-bha-30ml","status":"publish","type":"product","link":"https:\/\/labemacosmetics.com\/en\/product\/paulas-choice-lotion-exfoliante-skin-perfecting-2-bha-30ml\/","title":{"rendered":"Paula&rsquo;s choice Lotion Exfoliante Skin Perfecting 2% BHA  30ml"},"content":{"rendered":"<p>Obtenez une peau \u00e9clatante et sans d\u00e9faut avec la lotion exfoliante la plus vendue au monde, Paula&rsquo;s Choice.<\/p>\n<p>Cette formule douce et l\u00e9g\u00e8re \u00e9limine efficacement les cellules mortes \u00e0 la surface de la peau et \u00e0 l&rsquo;int\u00e9rieur des pores, r\u00e9v\u00e9lant ainsi un teint \u00e9clatant, net et lumineux.<\/p>\n<p>Gr\u00e2ce \u00e0 son ingr\u00e9dient cl\u00e9, le BHA (acide salicylique), cette lotion r\u00e9gule l&rsquo;exc\u00e8s de s\u00e9bum, r\u00e9duit les points noirs, les taches et les rougeurs pour une peau radieuse et \u00e9quilibr\u00e9e.<\/p>\n<p>D\u00e9couvrez les bienfaits de notre lotion exfoliante et profitez d&rsquo;une peau resplendissante au quotidien.<\/p>\n<h2>Utilisation Paula&rsquo;s choice Lotion Exfoliante Skin Perfecting 2% BHA<\/h2>\n<div class=\"flex flex-grow flex-col gap-3\">\n<div class=\"min-h-[20px] flex flex-col items-start gap-3 overflow-x-auto whitespace-pre-wrap break-words\">\n<div class=\"markdown prose w-full break-words dark:prose-invert light\">\n<p>Apr\u00e8s avoir nettoy\u00e9\/d\u00e9maquill\u00e9 et appliqu\u00e9 la lotion topnique, prenez une petite quantit\u00e9 de produit et appliquez-le sur l&rsquo;ensemble du visage, du cou, et en \u00e9vitant les paupi\u00e8res et la ligne des cils. Vous pouvez utiliser un coton ou appliquer directement avec vos doigts. Ne pas rincer.<\/p>\n<p>Il est recommand\u00e9 de proc\u00e9der progressivement lors de la premi\u00e8re utilisation. Appliquez tous les 2 jours pour observer la r\u00e9action de votre peau. Ensuite, augmentez la fr\u00e9quence jusqu&rsquo;\u00e0 2 fois par jour. Le matin, suivez avec une cr\u00e8me de jour offrant une protection solaire large spectre d&rsquo;au moins SPF30. Ainsi, votre peau sera parfaitement chouchout\u00e9e et prot\u00e9g\u00e9e tout au long de la journ\u00e9e.<\/p>\n<h2>Ingr\u00e9dients<\/h2>\n<p>Aqua, Methylpropanediol (hydration), Butylene Glycol (hydration), Salicylic Acid (Beta Hydroxy Acid, exfoliant), Polysorbate 20 (stabilizer), Camellia Oleifera (Green Tea) Leaf Extract (skin calming\/antioxidant), Sodium Hydroxide (pH balancer), Tetrasodium EDTA (stabilizer), Phenoxyethanol (preservative).<\/p>\n<\/div>\n<\/div>\n<\/div>\n","protected":false},"excerpt":{"rendered":"<div class=\"flex flex-grow flex-col gap-3\">\n<div class=\"min-h-[20px] flex flex-col items-start gap-3 overflow-x-auto whitespace-pre-wrap break-words\">\n<div class=\"markdown prose w-full break-words dark:prose-invert light\">\n<p>Paula&rsquo;s choice Lotion exfoliante quotidienne sans rin\u00e7age, sp\u00e9cialement con\u00e7ue pour \u00e9liminer les cellules mortes et combattre les points noirs et les imperfections.<\/p>\n<p><strong>Type de peau recommand\u00e9 :<\/strong> Peau mixte, Peau grasse<\/p>\n<p><strong>Principales pr\u00e9occupations cibl\u00e9es :<\/strong> Imperfections, Points noirs, Pores dilat\u00e9s, Rougeurs<\/p>\n<p><strong>Ingr\u00e9dients cl\u00e9s :<\/strong> Acide salicylique (BHA), Th\u00e9 vert, Methylpropanediol<\/p>\n<p>Meilleur exfoliant contre les imperfections avec <strong>une vente toutes les minutes<\/strong> \u00e0 travers le monde entier.<\/p>\n<\/div>\n<\/div>\n<\/div>\n","protected":false},"featured_media":9434,"comment_status":"open","ping_status":"closed","template":"","meta":{"om_disable_all_campaigns":false,"_mi_skip_tracking":false,"_monsterinsights_sitenote_active":false,"_monsterinsights_sitenote_note":"","_monsterinsights_sitenote_category":0},"product_brand":[],"product_cat":[127,520,1747,515,512,128,513],"product_tag":[],"class_list":{"0":"post-9432","1":"product","2":"type-product","3":"status-publish","4":"has-post-thumbnail","6":"product_cat-boutique","7":"product_cat-gommage-peeling","8":"product_cat-peaux-a-tendances-acneiques","9":"product_cat-peaux-mixtes-a-grasses","10":"product_cat-produits-par-besoin","11":"product_cat-soin-de-visage","12":"product_cat-type-de-peau","13":"yith_product_brand-paulas-choice","15":"first","16":"outofstock","17":"shipping-taxable","18":"purchasable","19":"product-type-simple"},"yoast_head":"<!-- This site is optimized with the Yoast SEO Premium plugin v20.8 (Yoast SEO v27.4) - https:\/\/yoast.com\/product\/yoast-seo-premium-wordpress\/ -->\n<title>Paula&#039;s choice Lotion Exfoliante Skin Perfecting 2% BHA 30ml<\/title>\n<meta name=\"description\" content=\"Paula&#039;s choice lotion exfoliante 2% BHA a une formule douce et l\u00e9g\u00e8re \u00e9limine efficacement les cellules mortes \u00e0 la surface de la peau et \u00e0 l&#039;int\u00e9rieur ...\" \/>\n<meta name=\"robots\" content=\"index, follow, max-snippet:-1, max-image-preview:large, max-video-preview:-1\" \/>\n<link rel=\"canonical\" href=\"https:\/\/labemacosmetics.com\/en\/product\/paulas-choice-lotion-exfoliante-skin-perfecting-2-bha-30ml\/\" \/>\n<meta property=\"og:locale\" content=\"en_GB\" \/>\n<meta property=\"og:type\" content=\"article\" \/>\n<meta property=\"og:title\" content=\"Paula&#039;s choice Lotion Exfoliante Skin Perfecting 2% BHA 30ml\" \/>\n<meta property=\"og:description\" content=\"Paula&#039;s choice lotion exfoliante 2% BHA a une formule douce et l\u00e9g\u00e8re \u00e9limine efficacement les cellules mortes \u00e0 la surface de la peau et \u00e0 l&#039;int\u00e9rieur ...\" \/>\n<meta property=\"og:url\" content=\"https:\/\/labemacosmetics.com\/en\/product\/paulas-choice-lotion-exfoliante-skin-perfecting-2-bha-30ml\/\" \/>\n<meta property=\"og:site_name\" content=\"Lab&eacute;ma Cosmetics\" \/>\n<meta property=\"article:publisher\" content=\"http:\/\/www.facebook.com\/labemacosmetics\" \/>\n<meta property=\"article:modified_time\" content=\"2025-11-02T08:46:54+00:00\" \/>\n<meta property=\"og:image\" content=\"https:\/\/labemacosmetics.com\/wp-content\/uploads\/2023\/08\/paulaschoicebha.png\" \/>\n\t<meta property=\"og:image:width\" content=\"600\" \/>\n\t<meta property=\"og:image:height\" content=\"600\" \/>\n\t<meta property=\"og:image:type\" content=\"image\/png\" \/>\n<meta name=\"twitter:card\" content=\"summary_large_image\" \/>\n<meta name=\"twitter:site\" content=\"@Labemasn\" \/>\n<meta name=\"twitter:label1\" content=\"Price\" \/>\n\t<meta name=\"twitter:data1\" content=\"12 500&nbsp;CFA\" \/>\n\t<meta name=\"twitter:label2\" content=\"Availability\" \/>\n\t<meta name=\"twitter:data2\" content=\"Out of stock\" \/>\n<script type=\"application\/ld+json\" class=\"yoast-schema-graph\">{\"@context\":\"https:\\\/\\\/schema.org\",\"@graph\":[{\"@type\":\"WebPage\",\"@id\":\"https:\\\/\\\/labemacosmetics.com\\\/produit\\\/paulas-choice-lotion-exfoliante-skin-perfecting-2-bha-30ml\\\/\",\"url\":\"https:\\\/\\\/labemacosmetics.com\\\/produit\\\/paulas-choice-lotion-exfoliante-skin-perfecting-2-bha-30ml\\\/\",\"name\":\"Paula's choice Lotion Exfoliante Skin Perfecting 2% BHA 30ml\",\"isPartOf\":{\"@id\":\"https:\\\/\\\/labemacosmetics.com\\\/#website\"},\"primaryImageOfPage\":{\"@id\":\"https:\\\/\\\/labemacosmetics.com\\\/produit\\\/paulas-choice-lotion-exfoliante-skin-perfecting-2-bha-30ml\\\/#primaryimage\"},\"image\":{\"@id\":\"https:\\\/\\\/labemacosmetics.com\\\/produit\\\/paulas-choice-lotion-exfoliante-skin-perfecting-2-bha-30ml\\\/#primaryimage\"},\"thumbnailUrl\":\"https:\\\/\\\/labemacosmetics.com\\\/wp-content\\\/uploads\\\/2023\\\/08\\\/paulaschoicebha.png\",\"datePublished\":\"2023-08-03T21:44:53+00:00\",\"dateModified\":\"2025-11-02T08:46:54+00:00\",\"description\":\"Paula's choice lotion exfoliante 2% BHA a une formule douce et l\u00e9g\u00e8re \u00e9limine efficacement les cellules mortes \u00e0 la surface de la peau et \u00e0 l'int\u00e9rieur ...\",\"breadcrumb\":{\"@id\":\"https:\\\/\\\/labemacosmetics.com\\\/produit\\\/paulas-choice-lotion-exfoliante-skin-perfecting-2-bha-30ml\\\/#breadcrumb\"},\"inLanguage\":\"en-GB\",\"potentialAction\":[{\"@type\":\"ReadAction\",\"target\":[\"https:\\\/\\\/labemacosmetics.com\\\/produit\\\/paulas-choice-lotion-exfoliante-skin-perfecting-2-bha-30ml\\\/\"]}]},{\"@type\":\"ImageObject\",\"inLanguage\":\"en-GB\",\"@id\":\"https:\\\/\\\/labemacosmetics.com\\\/produit\\\/paulas-choice-lotion-exfoliante-skin-perfecting-2-bha-30ml\\\/#primaryimage\",\"url\":\"https:\\\/\\\/labemacosmetics.com\\\/wp-content\\\/uploads\\\/2023\\\/08\\\/paulaschoicebha.png\",\"contentUrl\":\"https:\\\/\\\/labemacosmetics.com\\\/wp-content\\\/uploads\\\/2023\\\/08\\\/paulaschoicebha.png\",\"width\":600,\"height\":600,\"caption\":\"Paula's Choice Lotion Exfoliante\"},{\"@type\":\"BreadcrumbList\",\"@id\":\"https:\\\/\\\/labemacosmetics.com\\\/produit\\\/paulas-choice-lotion-exfoliante-skin-perfecting-2-bha-30ml\\\/#breadcrumb\",\"itemListElement\":[{\"@type\":\"ListItem\",\"position\":1,\"name\":\"Accueil\",\"item\":\"https:\\\/\\\/labemacosmetics.com\\\/\"},{\"@type\":\"ListItem\",\"position\":2,\"name\":\"Produits\",\"item\":\"https:\\\/\\\/labemacosmetics.com\\\/shop\\\/\"},{\"@type\":\"ListItem\",\"position\":3,\"name\":\"Paula&rsquo;s choice Lotion Exfoliante Skin Perfecting 2% BHA 30ml\"}]},{\"@type\":\"WebSite\",\"@id\":\"https:\\\/\\\/labemacosmetics.com\\\/#website\",\"url\":\"https:\\\/\\\/labemacosmetics.com\\\/\",\"name\":\"Lab&eacute;ma Cosmetics\",\"description\":\"\",\"potentialAction\":[{\"@type\":\"SearchAction\",\"target\":{\"@type\":\"EntryPoint\",\"urlTemplate\":\"https:\\\/\\\/labemacosmetics.com\\\/?s={search_term_string}\"},\"query-input\":{\"@type\":\"PropertyValueSpecification\",\"valueRequired\":true,\"valueName\":\"search_term_string\"}}],\"inLanguage\":\"en-GB\"}]}<\/script>\n<meta property=\"product:brand\" content=\"Paula&#039;s Choice\" \/>\n<meta property=\"product:price:amount\" content=\"12500\" \/>\n<meta property=\"product:price:currency\" content=\"XOF\" \/>\n<meta property=\"og:availability\" content=\"out of stock\" \/>\n<meta property=\"product:availability\" content=\"out of stock\" \/>\n<meta property=\"product:condition\" content=\"new\" \/>\n<!-- \/ Yoast SEO Premium plugin. -->","yoast_head_json":{"title":"Paula's choice Lotion Exfoliante Skin Perfecting 2% BHA 30ml","description":"Paula's choice lotion exfoliante 2% BHA a une formule douce et l\u00e9g\u00e8re \u00e9limine efficacement les cellules mortes \u00e0 la surface de la peau et \u00e0 l'int\u00e9rieur ...","robots":{"index":"index","follow":"follow","max-snippet":"max-snippet:-1","max-image-preview":"max-image-preview:large","max-video-preview":"max-video-preview:-1"},"canonical":"https:\/\/labemacosmetics.com\/en\/product\/paulas-choice-lotion-exfoliante-skin-perfecting-2-bha-30ml\/","og_locale":"en_GB","og_type":"article","og_title":"Paula's choice Lotion Exfoliante Skin Perfecting 2% BHA 30ml","og_description":"Paula's choice lotion exfoliante 2% BHA a une formule douce et l\u00e9g\u00e8re \u00e9limine efficacement les cellules mortes \u00e0 la surface de la peau et \u00e0 l'int\u00e9rieur ...","og_url":"https:\/\/labemacosmetics.com\/en\/product\/paulas-choice-lotion-exfoliante-skin-perfecting-2-bha-30ml\/","og_site_name":"Lab&eacute;ma Cosmetics","article_publisher":"http:\/\/www.facebook.com\/labemacosmetics","article_modified_time":"2025-11-02T08:46:54+00:00","og_image":[{"width":600,"height":600,"url":"https:\/\/labemacosmetics.com\/wp-content\/uploads\/2023\/08\/paulaschoicebha.png","type":"image\/png"}],"twitter_card":"summary_large_image","twitter_site":"@Labemasn","twitter_misc":{"Price":"12 500&nbsp;CFA","Availability":"Out of stock"},"schema":{"@context":"https:\/\/schema.org","@graph":[{"@type":"WebPage","@id":"https:\/\/labemacosmetics.com\/produit\/paulas-choice-lotion-exfoliante-skin-perfecting-2-bha-30ml\/","url":"https:\/\/labemacosmetics.com\/produit\/paulas-choice-lotion-exfoliante-skin-perfecting-2-bha-30ml\/","name":"Paula's choice Lotion Exfoliante Skin Perfecting 2% BHA 30ml","isPartOf":{"@id":"https:\/\/labemacosmetics.com\/#website"},"primaryImageOfPage":{"@id":"https:\/\/labemacosmetics.com\/produit\/paulas-choice-lotion-exfoliante-skin-perfecting-2-bha-30ml\/#primaryimage"},"image":{"@id":"https:\/\/labemacosmetics.com\/produit\/paulas-choice-lotion-exfoliante-skin-perfecting-2-bha-30ml\/#primaryimage"},"thumbnailUrl":"https:\/\/labemacosmetics.com\/wp-content\/uploads\/2023\/08\/paulaschoicebha.png","datePublished":"2023-08-03T21:44:53+00:00","dateModified":"2025-11-02T08:46:54+00:00","description":"Paula's choice lotion exfoliante 2% BHA a une formule douce et l\u00e9g\u00e8re \u00e9limine efficacement les cellules mortes \u00e0 la surface de la peau et \u00e0 l'int\u00e9rieur ...","breadcrumb":{"@id":"https:\/\/labemacosmetics.com\/produit\/paulas-choice-lotion-exfoliante-skin-perfecting-2-bha-30ml\/#breadcrumb"},"inLanguage":"en-GB","potentialAction":[{"@type":"ReadAction","target":["https:\/\/labemacosmetics.com\/produit\/paulas-choice-lotion-exfoliante-skin-perfecting-2-bha-30ml\/"]}]},{"@type":"ImageObject","inLanguage":"en-GB","@id":"https:\/\/labemacosmetics.com\/produit\/paulas-choice-lotion-exfoliante-skin-perfecting-2-bha-30ml\/#primaryimage","url":"https:\/\/labemacosmetics.com\/wp-content\/uploads\/2023\/08\/paulaschoicebha.png","contentUrl":"https:\/\/labemacosmetics.com\/wp-content\/uploads\/2023\/08\/paulaschoicebha.png","width":600,"height":600,"caption":"Paula's Choice Lotion Exfoliante"},{"@type":"BreadcrumbList","@id":"https:\/\/labemacosmetics.com\/produit\/paulas-choice-lotion-exfoliante-skin-perfecting-2-bha-30ml\/#breadcrumb","itemListElement":[{"@type":"ListItem","position":1,"name":"Accueil","item":"https:\/\/labemacosmetics.com\/"},{"@type":"ListItem","position":2,"name":"Produits","item":"https:\/\/labemacosmetics.com\/shop\/"},{"@type":"ListItem","position":3,"name":"Paula&rsquo;s choice Lotion Exfoliante Skin Perfecting 2% BHA 30ml"}]},{"@type":"WebSite","@id":"https:\/\/labemacosmetics.com\/#website","url":"https:\/\/labemacosmetics.com\/","name":"Lab&eacute;ma Cosmetics","description":"","potentialAction":[{"@type":"SearchAction","target":{"@type":"EntryPoint","urlTemplate":"https:\/\/labemacosmetics.com\/?s={search_term_string}"},"query-input":{"@type":"PropertyValueSpecification","valueRequired":true,"valueName":"search_term_string"}}],"inLanguage":"en-GB"}]},"product_brand":"Paula's Choice","product_price_amount":"12500","product_price_currency":"XOF","og_availability":"out of stock","product_availability":"out of stock","product_condition":"new"},"_links":{"self":[{"href":"https:\/\/labemacosmetics.com\/en\/wp-json\/wp\/v2\/product\/9432","targetHints":{"allow":["GET"]}}],"collection":[{"href":"https:\/\/labemacosmetics.com\/en\/wp-json\/wp\/v2\/product"}],"about":[{"href":"https:\/\/labemacosmetics.com\/en\/wp-json\/wp\/v2\/types\/product"}],"replies":[{"embeddable":true,"href":"https:\/\/labemacosmetics.com\/en\/wp-json\/wp\/v2\/comments?post=9432"}],"version-history":[{"count":2,"href":"https:\/\/labemacosmetics.com\/en\/wp-json\/wp\/v2\/product\/9432\/revisions"}],"predecessor-version":[{"id":9439,"href":"https:\/\/labemacosmetics.com\/en\/wp-json\/wp\/v2\/product\/9432\/revisions\/9439"}],"wp:featuredmedia":[{"embeddable":true,"href":"https:\/\/labemacosmetics.com\/en\/wp-json\/wp\/v2\/media\/9434"}],"wp:attachment":[{"href":"https:\/\/labemacosmetics.com\/en\/wp-json\/wp\/v2\/media?parent=9432"}],"wp:term":[{"taxonomy":"product_brand","embeddable":true,"href":"https:\/\/labemacosmetics.com\/en\/wp-json\/wp\/v2\/product_brand?post=9432"},{"taxonomy":"product_cat","embeddable":true,"href":"https:\/\/labemacosmetics.com\/en\/wp-json\/wp\/v2\/product_cat?post=9432"},{"taxonomy":"product_tag","embeddable":true,"href":"https:\/\/labemacosmetics.com\/en\/wp-json\/wp\/v2\/product_tag?post=9432"}],"curies":[{"name":"wp","href":"https:\/\/api.w.org\/{rel}","templated":true}]}}