{"id":9410,"date":"2023-08-03T21:36:35","date_gmt":"2023-08-03T20:36:35","guid":{"rendered":"https:\/\/labemacosmetics.com\/?post_type=product&#038;p=9410"},"modified":"2025-11-02T09:47:12","modified_gmt":"2025-11-02T08:47:12","slug":"the-ordinary-acide-mandelique-10-ha","status":"publish","type":"product","link":"https:\/\/labemacosmetics.com\/en\/product\/the-ordinary-acide-mandelique-10-ha\/","title":{"rendered":"The Ordinary Acide Mand\u00e9lique 10% + HA"},"content":{"rendered":"<div class=\"flex flex-grow flex-col gap-3\">\n<div class=\"min-h-[20px] flex flex-col items-start gap-3 overflow-x-auto whitespace-pre-wrap break-words\">\n<div class=\"markdown prose w-full break-words dark:prose-invert light\">\n<p>The Ordinary acide mand\u00e9lique 10% + HA est une formule de peeling de surface qui offre une peau visiblement plus lisse et \u00e9clatante. En douceur, il \u00e9limine la couche sup\u00e9rieure de l&rsquo;\u00e9piderme pour r\u00e9v\u00e9ler une peau lumineuse et d&rsquo;apparence plus jeune. Cette formule innovante est id\u00e9ale pour les peaux sensibles et plus douce que la plupart des acides hydroxyl\u00e9s. Elle exfolie, r\u00e9duit l&rsquo;apparence des ridules et uniformise le teint sans irriter la peau.<\/p>\n<ul>\n<li>Un peeling exfoliant pour la peau.<\/li>\n<li>V\u00e9gan<\/li>\n<li>Non test\u00e9 sur les animaux<\/li>\n<li>Id\u00e9al pour se d\u00e9barrasser des milia.<\/li>\n<\/ul>\n<h2>Utilisation The Ordinary Acide Mand\u00e9lique<\/h2>\n<div class=\"accordion-content open\">\n<ul>\n<li>Pour un r\u00e9sultat optimal, appliquer une fois par jour , 2 \u00e0 3 fois par semaine (id\u00e9alement le soir)<\/li>\n<li>Peut \u00eatre dilu\u00e9 avec d&rsquo;autres soins pour r\u00e9duire l&rsquo;intensit\u00e9 jusqu&rsquo;\u00e0 ce que la peau d\u00e9veloppe une tol\u00e9rance<\/li>\n<li>Utiliser un \u00e9cran solaire obligatoirement le lendemain<\/li>\n<\/ul>\n<h2>Ingr\u00e9dients<\/h2>\n<p>Propanediol, Aqua (Water), Mandelic Acid, Glycerin, Dimethyl Isosorbide, Sodium Hyaluronate Crosspolymer, Tasmannia Lanceolata Fruit\/Leaf Extract, Pentylene Glycol, Polysorbate 20, Sodium Hydroxide, Ethylhexylglycerin, 1,2-Hexanediol, Caprylyl Glycol.<\/p>\n<\/div>\n<\/div>\n<\/div>\n<\/div>\n","protected":false},"excerpt":{"rendered":"<p>The Ordinary acide mand\u00e9lique 10% + HA est une formule de peeling de surface qui offre une peau visiblement plus lisse et \u00e9clatante. En douceur, il \u00e9limine la couche sup\u00e9rieure de l&rsquo;\u00e9piderme pour r\u00e9v\u00e9ler une peau lumineuse et d&rsquo;apparence plus jeune<\/p>","protected":false},"featured_media":9412,"comment_status":"open","ping_status":"closed","template":"","meta":{"om_disable_all_campaigns":false,"_mi_skip_tracking":false,"_monsterinsights_sitenote_active":false,"_monsterinsights_sitenote_note":"","_monsterinsights_sitenote_category":0},"product_brand":[],"product_cat":[127,520,514,517,512,128,513],"product_tag":[],"class_list":{"0":"post-9410","1":"product","2":"type-product","3":"status-publish","4":"has-post-thumbnail","6":"product_cat-boutique","7":"product_cat-gommage-peeling","8":"product_cat-peaux-normales","9":"product_cat-peaux-sensibles","10":"product_cat-produits-par-besoin","11":"product_cat-soin-de-visage","12":"product_cat-type-de-peau","13":"yith_product_brand-the-ordinary","15":"first","16":"outofstock","17":"shipping-taxable","18":"purchasable","19":"product-type-simple"},"yoast_head":"<!-- This site is optimized with the Yoast SEO Premium plugin v20.8 (Yoast SEO v27.4) - https:\/\/yoast.com\/product\/yoast-seo-premium-wordpress\/ -->\n<title>The Ordinary Acide Mand\u00e9lique 10% + HA - Dakar - S\u00e9n\u00e9gal<\/title>\n<meta name=\"description\" content=\"The Ordinary acide mand\u00e9lique 10% + HA est une formule de peeling de surface qui offre une peau visiblement plus lisse et \u00e9clatante.\" \/>\n<meta name=\"robots\" content=\"index, follow, max-snippet:-1, max-image-preview:large, max-video-preview:-1\" \/>\n<link rel=\"canonical\" href=\"https:\/\/labemacosmetics.com\/en\/product\/the-ordinary-acide-mandelique-10-ha\/\" \/>\n<meta property=\"og:locale\" content=\"en_GB\" \/>\n<meta property=\"og:type\" content=\"article\" \/>\n<meta property=\"og:title\" content=\"The Ordinary Acide Mand\u00e9lique 10% + HA\" \/>\n<meta property=\"og:description\" content=\"The Ordinary acide mand\u00e9lique 10% + HA est une formule de peeling de surface qui offre une peau visiblement plus lisse et \u00e9clatante.\" \/>\n<meta property=\"og:url\" content=\"https:\/\/labemacosmetics.com\/en\/product\/the-ordinary-acide-mandelique-10-ha\/\" \/>\n<meta property=\"og:site_name\" content=\"Lab&eacute;ma Cosmetics\" \/>\n<meta property=\"article:publisher\" content=\"http:\/\/www.facebook.com\/labemacosmetics\" \/>\n<meta property=\"article:modified_time\" content=\"2025-11-02T08:47:12+00:00\" \/>\n<meta property=\"og:image\" content=\"https:\/\/labemacosmetics.com\/wp-content\/uploads\/2023\/08\/ordinarymandelique.png\" \/>\n\t<meta property=\"og:image:width\" content=\"600\" \/>\n\t<meta property=\"og:image:height\" content=\"600\" \/>\n\t<meta property=\"og:image:type\" content=\"image\/png\" \/>\n<meta name=\"twitter:card\" content=\"summary_large_image\" \/>\n<meta name=\"twitter:site\" content=\"@Labemasn\" \/>\n<meta name=\"twitter:label1\" content=\"Price\" \/>\n\t<meta name=\"twitter:data1\" content=\"9 500&nbsp;CFA\" \/>\n\t<meta name=\"twitter:label2\" content=\"Availability\" \/>\n\t<meta name=\"twitter:data2\" content=\"Out of stock\" \/>\n<script type=\"application\/ld+json\" class=\"yoast-schema-graph\">{\"@context\":\"https:\\\/\\\/schema.org\",\"@graph\":[{\"@type\":\"WebPage\",\"@id\":\"https:\\\/\\\/labemacosmetics.com\\\/produit\\\/the-ordinary-acide-mandelique-10-ha\\\/\",\"url\":\"https:\\\/\\\/labemacosmetics.com\\\/produit\\\/the-ordinary-acide-mandelique-10-ha\\\/\",\"name\":\"The Ordinary Acide Mand\u00e9lique 10% + HA - Dakar - S\u00e9n\u00e9gal\",\"isPartOf\":{\"@id\":\"https:\\\/\\\/labemacosmetics.com\\\/#website\"},\"primaryImageOfPage\":{\"@id\":\"https:\\\/\\\/labemacosmetics.com\\\/produit\\\/the-ordinary-acide-mandelique-10-ha\\\/#primaryimage\"},\"image\":{\"@id\":\"https:\\\/\\\/labemacosmetics.com\\\/produit\\\/the-ordinary-acide-mandelique-10-ha\\\/#primaryimage\"},\"thumbnailUrl\":\"https:\\\/\\\/labemacosmetics.com\\\/wp-content\\\/uploads\\\/2023\\\/08\\\/ordinarymandelique.png\",\"datePublished\":\"2023-08-03T20:36:35+00:00\",\"dateModified\":\"2025-11-02T08:47:12+00:00\",\"description\":\"The Ordinary acide mand\u00e9lique 10% + HA est une formule de peeling de surface qui offre une peau visiblement plus lisse et \u00e9clatante.\",\"breadcrumb\":{\"@id\":\"https:\\\/\\\/labemacosmetics.com\\\/produit\\\/the-ordinary-acide-mandelique-10-ha\\\/#breadcrumb\"},\"inLanguage\":\"en-GB\",\"potentialAction\":[{\"@type\":\"ReadAction\",\"target\":[\"https:\\\/\\\/labemacosmetics.com\\\/produit\\\/the-ordinary-acide-mandelique-10-ha\\\/\"]}]},{\"@type\":\"ImageObject\",\"inLanguage\":\"en-GB\",\"@id\":\"https:\\\/\\\/labemacosmetics.com\\\/produit\\\/the-ordinary-acide-mandelique-10-ha\\\/#primaryimage\",\"url\":\"https:\\\/\\\/labemacosmetics.com\\\/wp-content\\\/uploads\\\/2023\\\/08\\\/ordinarymandelique.png\",\"contentUrl\":\"https:\\\/\\\/labemacosmetics.com\\\/wp-content\\\/uploads\\\/2023\\\/08\\\/ordinarymandelique.png\",\"width\":600,\"height\":600,\"caption\":\"The ordinary acide mand\u00e9lique 10% + HA\"},{\"@type\":\"BreadcrumbList\",\"@id\":\"https:\\\/\\\/labemacosmetics.com\\\/produit\\\/the-ordinary-acide-mandelique-10-ha\\\/#breadcrumb\",\"itemListElement\":[{\"@type\":\"ListItem\",\"position\":1,\"name\":\"Accueil\",\"item\":\"https:\\\/\\\/labemacosmetics.com\\\/\"},{\"@type\":\"ListItem\",\"position\":2,\"name\":\"Produits\",\"item\":\"https:\\\/\\\/labemacosmetics.com\\\/shop\\\/\"},{\"@type\":\"ListItem\",\"position\":3,\"name\":\"The Ordinary Acide Mand\u00e9lique 10% + HA\"}]},{\"@type\":\"WebSite\",\"@id\":\"https:\\\/\\\/labemacosmetics.com\\\/#website\",\"url\":\"https:\\\/\\\/labemacosmetics.com\\\/\",\"name\":\"Lab&eacute;ma Cosmetics\",\"description\":\"\",\"potentialAction\":[{\"@type\":\"SearchAction\",\"target\":{\"@type\":\"EntryPoint\",\"urlTemplate\":\"https:\\\/\\\/labemacosmetics.com\\\/?s={search_term_string}\"},\"query-input\":{\"@type\":\"PropertyValueSpecification\",\"valueRequired\":true,\"valueName\":\"search_term_string\"}}],\"inLanguage\":\"en-GB\"}]}<\/script>\n<meta property=\"product:brand\" content=\"The Ordinary\" \/>\n<meta property=\"product:price:amount\" content=\"9500\" \/>\n<meta property=\"product:price:currency\" content=\"XOF\" \/>\n<meta property=\"og:availability\" content=\"out of stock\" \/>\n<meta property=\"product:availability\" content=\"out of stock\" \/>\n<meta property=\"product:condition\" content=\"new\" \/>\n<!-- \/ Yoast SEO Premium plugin. -->","yoast_head_json":{"title":"The Ordinary Acide Mand\u00e9lique 10% + HA - Dakar - S\u00e9n\u00e9gal","description":"The Ordinary acide mand\u00e9lique 10% + HA est une formule de peeling de surface qui offre une peau visiblement plus lisse et \u00e9clatante.","robots":{"index":"index","follow":"follow","max-snippet":"max-snippet:-1","max-image-preview":"max-image-preview:large","max-video-preview":"max-video-preview:-1"},"canonical":"https:\/\/labemacosmetics.com\/en\/product\/the-ordinary-acide-mandelique-10-ha\/","og_locale":"en_GB","og_type":"article","og_title":"The Ordinary Acide Mand\u00e9lique 10% + HA","og_description":"The Ordinary acide mand\u00e9lique 10% + HA est une formule de peeling de surface qui offre une peau visiblement plus lisse et \u00e9clatante.","og_url":"https:\/\/labemacosmetics.com\/en\/product\/the-ordinary-acide-mandelique-10-ha\/","og_site_name":"Lab&eacute;ma Cosmetics","article_publisher":"http:\/\/www.facebook.com\/labemacosmetics","article_modified_time":"2025-11-02T08:47:12+00:00","og_image":[{"width":600,"height":600,"url":"https:\/\/labemacosmetics.com\/wp-content\/uploads\/2023\/08\/ordinarymandelique.png","type":"image\/png"}],"twitter_card":"summary_large_image","twitter_site":"@Labemasn","twitter_misc":{"Price":"9 500&nbsp;CFA","Availability":"Out of stock"},"schema":{"@context":"https:\/\/schema.org","@graph":[{"@type":"WebPage","@id":"https:\/\/labemacosmetics.com\/produit\/the-ordinary-acide-mandelique-10-ha\/","url":"https:\/\/labemacosmetics.com\/produit\/the-ordinary-acide-mandelique-10-ha\/","name":"The Ordinary Acide Mand\u00e9lique 10% + HA - Dakar - S\u00e9n\u00e9gal","isPartOf":{"@id":"https:\/\/labemacosmetics.com\/#website"},"primaryImageOfPage":{"@id":"https:\/\/labemacosmetics.com\/produit\/the-ordinary-acide-mandelique-10-ha\/#primaryimage"},"image":{"@id":"https:\/\/labemacosmetics.com\/produit\/the-ordinary-acide-mandelique-10-ha\/#primaryimage"},"thumbnailUrl":"https:\/\/labemacosmetics.com\/wp-content\/uploads\/2023\/08\/ordinarymandelique.png","datePublished":"2023-08-03T20:36:35+00:00","dateModified":"2025-11-02T08:47:12+00:00","description":"The Ordinary acide mand\u00e9lique 10% + HA est une formule de peeling de surface qui offre une peau visiblement plus lisse et \u00e9clatante.","breadcrumb":{"@id":"https:\/\/labemacosmetics.com\/produit\/the-ordinary-acide-mandelique-10-ha\/#breadcrumb"},"inLanguage":"en-GB","potentialAction":[{"@type":"ReadAction","target":["https:\/\/labemacosmetics.com\/produit\/the-ordinary-acide-mandelique-10-ha\/"]}]},{"@type":"ImageObject","inLanguage":"en-GB","@id":"https:\/\/labemacosmetics.com\/produit\/the-ordinary-acide-mandelique-10-ha\/#primaryimage","url":"https:\/\/labemacosmetics.com\/wp-content\/uploads\/2023\/08\/ordinarymandelique.png","contentUrl":"https:\/\/labemacosmetics.com\/wp-content\/uploads\/2023\/08\/ordinarymandelique.png","width":600,"height":600,"caption":"The ordinary acide mand\u00e9lique 10% + HA"},{"@type":"BreadcrumbList","@id":"https:\/\/labemacosmetics.com\/produit\/the-ordinary-acide-mandelique-10-ha\/#breadcrumb","itemListElement":[{"@type":"ListItem","position":1,"name":"Accueil","item":"https:\/\/labemacosmetics.com\/"},{"@type":"ListItem","position":2,"name":"Produits","item":"https:\/\/labemacosmetics.com\/shop\/"},{"@type":"ListItem","position":3,"name":"The Ordinary Acide Mand\u00e9lique 10% + HA"}]},{"@type":"WebSite","@id":"https:\/\/labemacosmetics.com\/#website","url":"https:\/\/labemacosmetics.com\/","name":"Lab&eacute;ma Cosmetics","description":"","potentialAction":[{"@type":"SearchAction","target":{"@type":"EntryPoint","urlTemplate":"https:\/\/labemacosmetics.com\/?s={search_term_string}"},"query-input":{"@type":"PropertyValueSpecification","valueRequired":true,"valueName":"search_term_string"}}],"inLanguage":"en-GB"}]},"product_brand":"The Ordinary","product_price_amount":"9500","product_price_currency":"XOF","og_availability":"out of stock","product_availability":"out of stock","product_condition":"new"},"_links":{"self":[{"href":"https:\/\/labemacosmetics.com\/en\/wp-json\/wp\/v2\/product\/9410","targetHints":{"allow":["GET"]}}],"collection":[{"href":"https:\/\/labemacosmetics.com\/en\/wp-json\/wp\/v2\/product"}],"about":[{"href":"https:\/\/labemacosmetics.com\/en\/wp-json\/wp\/v2\/types\/product"}],"replies":[{"embeddable":true,"href":"https:\/\/labemacosmetics.com\/en\/wp-json\/wp\/v2\/comments?post=9410"}],"version-history":[{"count":1,"href":"https:\/\/labemacosmetics.com\/en\/wp-json\/wp\/v2\/product\/9410\/revisions"}],"predecessor-version":[{"id":9417,"href":"https:\/\/labemacosmetics.com\/en\/wp-json\/wp\/v2\/product\/9410\/revisions\/9417"}],"wp:featuredmedia":[{"embeddable":true,"href":"https:\/\/labemacosmetics.com\/en\/wp-json\/wp\/v2\/media\/9412"}],"wp:attachment":[{"href":"https:\/\/labemacosmetics.com\/en\/wp-json\/wp\/v2\/media?parent=9410"}],"wp:term":[{"taxonomy":"product_brand","embeddable":true,"href":"https:\/\/labemacosmetics.com\/en\/wp-json\/wp\/v2\/product_brand?post=9410"},{"taxonomy":"product_cat","embeddable":true,"href":"https:\/\/labemacosmetics.com\/en\/wp-json\/wp\/v2\/product_cat?post=9410"},{"taxonomy":"product_tag","embeddable":true,"href":"https:\/\/labemacosmetics.com\/en\/wp-json\/wp\/v2\/product_tag?post=9410"}],"curies":[{"name":"wp","href":"https:\/\/api.w.org\/{rel}","templated":true}]}}