{"id":9380,"date":"2023-08-02T22:55:49","date_gmt":"2023-08-02T21:55:49","guid":{"rendered":"https:\/\/labemacosmetics.com\/?post_type=product&#038;p=9380"},"modified":"2025-09-23T01:14:34","modified_gmt":"2025-09-23T00:14:34","slug":"good-molecules-serum-discoloration-correcting-30-ml","status":"publish","type":"product","link":"https:\/\/labemacosmetics.com\/en\/product\/good-molecules-serum-discoloration-correcting-30-ml\/","title":{"rendered":"Good Molecules Serum Discoloration Correcting 30 ml"},"content":{"rendered":"<p>Good Molecules Serum Discoloration Correcting am\u00e9liore l&rsquo;apparence des taches du teint irr\u00e9gulier.<\/p>\n<p>Formul\u00e9 avec une forme avanc\u00e9e d&rsquo;acide tranexamique (cetyl tranexamate mesylate) et 4% de niacinamide, ce s\u00e9rum l\u00e9ger am\u00e9liore l&rsquo;apparence des taches de vieillesse, des cicatrices d&rsquo;acn\u00e9, de l&rsquo;hyperpigmentation et des dommages caus\u00e9s par le soleil.<\/p>\n<p>Am\u00e9liorez visiblement l&rsquo;hyperpigmentation et les taches sombres : Ce s\u00e9rum hydratant et r\u00e9parateur est con\u00e7u pour am\u00e9liorer l&rsquo;apparence de l&rsquo;hyperpigmentation, des cicatrices d&rsquo;acn\u00e9, des taches de soleil et autres formes de d\u00e9coloration.<\/p>\n<p>Ce s\u00e9rum convient \u00e0 tous les types de peau, mais peut \u00eatre particuli\u00e8rement b\u00e9n\u00e9fique pour ceux ayant une peau mixte\/grasse. Ce s\u00e9rum a un pH de 5,5 et est v\u00e9g\u00e9talien. Il est exempt de parfum, de PEG, d&rsquo;huiles min\u00e9rales, d&rsquo;alcool et d&rsquo;ingr\u00e9dients \u00e9thoxyl\u00e9s.<\/p>\n<h2>Utilisation<\/h2>\n<p>Appliquez quelques gouttes matin et soir avant les huiles et les cr\u00e8mes hydratantes. Convient pour une utilisation quotidienne. Cessez l&rsquo;utilisation en cas d&rsquo;irritation.<\/p>\n<h2>Composition<\/h2>\n<table>\n<thead>\n<tr>\n<th>Ingr\u00e9dients<\/th>\n<th>%<\/th>\n<\/tr>\n<\/thead>\n<tbody>\n<tr>\n<td>Water<\/td>\n<td>76.8%<\/td>\n<\/tr>\n<tr>\n<td>Propanediol<\/td>\n<td>10%<\/td>\n<\/tr>\n<tr>\n<td>Glycerin<\/td>\n<td>5%<\/td>\n<\/tr>\n<tr>\n<td>Niacinamide<\/td>\n<td>4%<\/td>\n<\/tr>\n<tr>\n<td>Cetyl Tranexamate Mesylate<\/td>\n<td>3%<\/td>\n<\/tr>\n<tr>\n<td>Cetearyl Alcohol<\/td>\n<td>0.5%<\/td>\n<\/tr>\n<tr>\n<td>Ceratonia Siliqua (Carob) Gum<\/td>\n<td>0.2%<\/td>\n<\/tr>\n<tr>\n<td>Caprylyl Glycol<\/td>\n<td>0.2%<\/td>\n<\/tr>\n<tr>\n<td>Tamarindus Indica Seed Gum<\/td>\n<td>0.2%<\/td>\n<\/tr>\n<tr>\n<td>Ethylhexylglycerin<\/td>\n<td>0.1%<\/td>\n<\/tr>\n<\/tbody>\n<\/table>","protected":false},"excerpt":{"rendered":"<p>Good Molecules Serum Discoloration Correcting am\u00e9liore l&rsquo;apparence des taches du teint irr\u00e9gulier.<\/p>\n<p>Formul\u00e9 avec une forme avanc\u00e9e d&rsquo;acide tranexamique (cetyl tranexamate mesylate) et 4% de niacinamide,<\/p>","protected":false},"featured_media":9385,"comment_status":"open","ping_status":"closed","template":"","meta":{"om_disable_all_campaigns":false,"_mi_skip_tracking":false,"_monsterinsights_sitenote_active":false,"_monsterinsights_sitenote_note":"","_monsterinsights_sitenote_category":0},"product_brand":[],"product_cat":[127,1747,515,514,516,517,512,1745,128,1748,513],"product_tag":[],"class_list":{"0":"post-9380","1":"product","2":"type-product","3":"status-publish","4":"has-post-thumbnail","6":"product_cat-boutique","7":"product_cat-peaux-a-tendances-acneiques","8":"product_cat-peaux-mixtes-a-grasses","9":"product_cat-peaux-normales","10":"product_cat-peaux-seches","11":"product_cat-peaux-sensibles","12":"product_cat-produits-par-besoin","13":"product_cat-serums","14":"product_cat-soin-de-visage","15":"product_cat-soins-anti-taches","16":"product_cat-type-de-peau","17":"yith_product_brand-good-molecules","19":"first","20":"outofstock","21":"shipping-taxable","22":"purchasable","23":"product-type-simple"},"yoast_head":"<!-- This site is optimized with the Yoast SEO Premium plugin v20.8 (Yoast SEO v27.4) - https:\/\/yoast.com\/product\/yoast-seo-premium-wordpress\/ -->\n<title>Good Molecules Serum Discoloration Correcting 30 ml - Lab&eacute;ma Cosmetics<\/title>\n<meta name=\"description\" content=\"Good Molecules Serum Discoloration Correcting am\u00e9liore l&#039;apparence des taches du teint irr\u00e9gulier. Formul\u00e9 avec une forme avanc\u00e9e d&#039;acide tranexamique\" \/>\n<meta name=\"robots\" content=\"index, follow, max-snippet:-1, max-image-preview:large, max-video-preview:-1\" \/>\n<link rel=\"canonical\" href=\"https:\/\/labemacosmetics.com\/en\/product\/good-molecules-serum-discoloration-correcting-30-ml\/\" \/>\n<meta property=\"og:locale\" content=\"en_GB\" \/>\n<meta property=\"og:type\" content=\"article\" \/>\n<meta property=\"og:title\" content=\"Good Molecules Serum Discoloration Correcting 30 ml\" \/>\n<meta property=\"og:description\" content=\"Good Molecules Serum Discoloration Correcting am\u00e9liore l&#039;apparence des taches du teint irr\u00e9gulier. Formul\u00e9 avec une forme avanc\u00e9e d&#039;acide tranexamique\" \/>\n<meta property=\"og:url\" content=\"https:\/\/labemacosmetics.com\/en\/product\/good-molecules-serum-discoloration-correcting-30-ml\/\" \/>\n<meta property=\"og:site_name\" content=\"Lab&eacute;ma Cosmetics\" \/>\n<meta property=\"article:publisher\" content=\"http:\/\/www.facebook.com\/labemacosmetics\" \/>\n<meta property=\"article:modified_time\" content=\"2025-09-23T00:14:34+00:00\" \/>\n<meta property=\"og:image\" content=\"https:\/\/labemacosmetics.com\/wp-content\/uploads\/2023\/08\/goodmoleculecorrecting1.png\" \/>\n\t<meta property=\"og:image:width\" content=\"600\" \/>\n\t<meta property=\"og:image:height\" content=\"600\" \/>\n\t<meta property=\"og:image:type\" content=\"image\/png\" \/>\n<meta name=\"twitter:card\" content=\"summary_large_image\" \/>\n<meta name=\"twitter:site\" content=\"@Labemasn\" \/>\n<meta name=\"twitter:label1\" content=\"Price\" \/>\n\t<meta name=\"twitter:data1\" content=\"13 500&nbsp;CFA\" \/>\n\t<meta name=\"twitter:label2\" content=\"Availability\" \/>\n\t<meta name=\"twitter:data2\" content=\"Out of stock\" \/>\n<script type=\"application\/ld+json\" class=\"yoast-schema-graph\">{\"@context\":\"https:\\\/\\\/schema.org\",\"@graph\":[{\"@type\":\"WebPage\",\"@id\":\"https:\\\/\\\/labemacosmetics.com\\\/produit\\\/good-molecules-serum-discoloration-correcting-30-ml\\\/\",\"url\":\"https:\\\/\\\/labemacosmetics.com\\\/produit\\\/good-molecules-serum-discoloration-correcting-30-ml\\\/\",\"name\":\"Good Molecules Serum Discoloration Correcting 30 ml - Lab&eacute;ma Cosmetics\",\"isPartOf\":{\"@id\":\"https:\\\/\\\/labemacosmetics.com\\\/#website\"},\"primaryImageOfPage\":{\"@id\":\"https:\\\/\\\/labemacosmetics.com\\\/produit\\\/good-molecules-serum-discoloration-correcting-30-ml\\\/#primaryimage\"},\"image\":{\"@id\":\"https:\\\/\\\/labemacosmetics.com\\\/produit\\\/good-molecules-serum-discoloration-correcting-30-ml\\\/#primaryimage\"},\"thumbnailUrl\":\"https:\\\/\\\/labemacosmetics.com\\\/wp-content\\\/uploads\\\/2023\\\/08\\\/goodmoleculecorrecting1.png\",\"datePublished\":\"2023-08-02T21:55:49+00:00\",\"dateModified\":\"2025-09-23T00:14:34+00:00\",\"description\":\"Good Molecules Serum Discoloration Correcting am\u00e9liore l'apparence des taches du teint irr\u00e9gulier. Formul\u00e9 avec une forme avanc\u00e9e d'acide tranexamique\",\"breadcrumb\":{\"@id\":\"https:\\\/\\\/labemacosmetics.com\\\/produit\\\/good-molecules-serum-discoloration-correcting-30-ml\\\/#breadcrumb\"},\"inLanguage\":\"en-GB\",\"potentialAction\":[{\"@type\":\"ReadAction\",\"target\":[\"https:\\\/\\\/labemacosmetics.com\\\/produit\\\/good-molecules-serum-discoloration-correcting-30-ml\\\/\"]}]},{\"@type\":\"ImageObject\",\"inLanguage\":\"en-GB\",\"@id\":\"https:\\\/\\\/labemacosmetics.com\\\/produit\\\/good-molecules-serum-discoloration-correcting-30-ml\\\/#primaryimage\",\"url\":\"https:\\\/\\\/labemacosmetics.com\\\/wp-content\\\/uploads\\\/2023\\\/08\\\/goodmoleculecorrecting1.png\",\"contentUrl\":\"https:\\\/\\\/labemacosmetics.com\\\/wp-content\\\/uploads\\\/2023\\\/08\\\/goodmoleculecorrecting1.png\",\"width\":600,\"height\":600,\"caption\":\"Good Molecules Serum Discoloration Correcting\"},{\"@type\":\"BreadcrumbList\",\"@id\":\"https:\\\/\\\/labemacosmetics.com\\\/produit\\\/good-molecules-serum-discoloration-correcting-30-ml\\\/#breadcrumb\",\"itemListElement\":[{\"@type\":\"ListItem\",\"position\":1,\"name\":\"Accueil\",\"item\":\"https:\\\/\\\/labemacosmetics.com\\\/\"},{\"@type\":\"ListItem\",\"position\":2,\"name\":\"Produits\",\"item\":\"https:\\\/\\\/labemacosmetics.com\\\/shop\\\/\"},{\"@type\":\"ListItem\",\"position\":3,\"name\":\"Good Molecules Serum Discoloration Correcting 30 ml\"}]},{\"@type\":\"WebSite\",\"@id\":\"https:\\\/\\\/labemacosmetics.com\\\/#website\",\"url\":\"https:\\\/\\\/labemacosmetics.com\\\/\",\"name\":\"Lab&eacute;ma Cosmetics\",\"description\":\"\",\"potentialAction\":[{\"@type\":\"SearchAction\",\"target\":{\"@type\":\"EntryPoint\",\"urlTemplate\":\"https:\\\/\\\/labemacosmetics.com\\\/?s={search_term_string}\"},\"query-input\":{\"@type\":\"PropertyValueSpecification\",\"valueRequired\":true,\"valueName\":\"search_term_string\"}}],\"inLanguage\":\"en-GB\"}]}<\/script>\n<meta property=\"product:brand\" content=\"Good Molecules\" \/>\n<meta property=\"product:price:amount\" content=\"13500\" \/>\n<meta property=\"product:price:currency\" content=\"XOF\" \/>\n<meta property=\"og:availability\" content=\"out of stock\" \/>\n<meta property=\"product:availability\" content=\"out of stock\" \/>\n<meta property=\"product:condition\" content=\"new\" \/>\n<!-- \/ Yoast SEO Premium plugin. -->","yoast_head_json":{"title":"Good Molecules Serum Discoloration Correcting 30 ml - Lab&eacute;ma Cosmetics","description":"Good Molecules Serum Discoloration Correcting am\u00e9liore l'apparence des taches du teint irr\u00e9gulier. Formul\u00e9 avec une forme avanc\u00e9e d'acide tranexamique","robots":{"index":"index","follow":"follow","max-snippet":"max-snippet:-1","max-image-preview":"max-image-preview:large","max-video-preview":"max-video-preview:-1"},"canonical":"https:\/\/labemacosmetics.com\/en\/product\/good-molecules-serum-discoloration-correcting-30-ml\/","og_locale":"en_GB","og_type":"article","og_title":"Good Molecules Serum Discoloration Correcting 30 ml","og_description":"Good Molecules Serum Discoloration Correcting am\u00e9liore l'apparence des taches du teint irr\u00e9gulier. Formul\u00e9 avec une forme avanc\u00e9e d'acide tranexamique","og_url":"https:\/\/labemacosmetics.com\/en\/product\/good-molecules-serum-discoloration-correcting-30-ml\/","og_site_name":"Lab&eacute;ma Cosmetics","article_publisher":"http:\/\/www.facebook.com\/labemacosmetics","article_modified_time":"2025-09-23T00:14:34+00:00","og_image":[{"width":600,"height":600,"url":"https:\/\/labemacosmetics.com\/wp-content\/uploads\/2023\/08\/goodmoleculecorrecting1.png","type":"image\/png"}],"twitter_card":"summary_large_image","twitter_site":"@Labemasn","twitter_misc":{"Price":"13 500&nbsp;CFA","Availability":"Out of stock"},"schema":{"@context":"https:\/\/schema.org","@graph":[{"@type":"WebPage","@id":"https:\/\/labemacosmetics.com\/produit\/good-molecules-serum-discoloration-correcting-30-ml\/","url":"https:\/\/labemacosmetics.com\/produit\/good-molecules-serum-discoloration-correcting-30-ml\/","name":"Good Molecules Serum Discoloration Correcting 30 ml - Lab&eacute;ma Cosmetics","isPartOf":{"@id":"https:\/\/labemacosmetics.com\/#website"},"primaryImageOfPage":{"@id":"https:\/\/labemacosmetics.com\/produit\/good-molecules-serum-discoloration-correcting-30-ml\/#primaryimage"},"image":{"@id":"https:\/\/labemacosmetics.com\/produit\/good-molecules-serum-discoloration-correcting-30-ml\/#primaryimage"},"thumbnailUrl":"https:\/\/labemacosmetics.com\/wp-content\/uploads\/2023\/08\/goodmoleculecorrecting1.png","datePublished":"2023-08-02T21:55:49+00:00","dateModified":"2025-09-23T00:14:34+00:00","description":"Good Molecules Serum Discoloration Correcting am\u00e9liore l'apparence des taches du teint irr\u00e9gulier. Formul\u00e9 avec une forme avanc\u00e9e d'acide tranexamique","breadcrumb":{"@id":"https:\/\/labemacosmetics.com\/produit\/good-molecules-serum-discoloration-correcting-30-ml\/#breadcrumb"},"inLanguage":"en-GB","potentialAction":[{"@type":"ReadAction","target":["https:\/\/labemacosmetics.com\/produit\/good-molecules-serum-discoloration-correcting-30-ml\/"]}]},{"@type":"ImageObject","inLanguage":"en-GB","@id":"https:\/\/labemacosmetics.com\/produit\/good-molecules-serum-discoloration-correcting-30-ml\/#primaryimage","url":"https:\/\/labemacosmetics.com\/wp-content\/uploads\/2023\/08\/goodmoleculecorrecting1.png","contentUrl":"https:\/\/labemacosmetics.com\/wp-content\/uploads\/2023\/08\/goodmoleculecorrecting1.png","width":600,"height":600,"caption":"Good Molecules Serum Discoloration Correcting"},{"@type":"BreadcrumbList","@id":"https:\/\/labemacosmetics.com\/produit\/good-molecules-serum-discoloration-correcting-30-ml\/#breadcrumb","itemListElement":[{"@type":"ListItem","position":1,"name":"Accueil","item":"https:\/\/labemacosmetics.com\/"},{"@type":"ListItem","position":2,"name":"Produits","item":"https:\/\/labemacosmetics.com\/shop\/"},{"@type":"ListItem","position":3,"name":"Good Molecules Serum Discoloration Correcting 30 ml"}]},{"@type":"WebSite","@id":"https:\/\/labemacosmetics.com\/#website","url":"https:\/\/labemacosmetics.com\/","name":"Lab&eacute;ma Cosmetics","description":"","potentialAction":[{"@type":"SearchAction","target":{"@type":"EntryPoint","urlTemplate":"https:\/\/labemacosmetics.com\/?s={search_term_string}"},"query-input":{"@type":"PropertyValueSpecification","valueRequired":true,"valueName":"search_term_string"}}],"inLanguage":"en-GB"}]},"product_brand":"Good Molecules","product_price_amount":"13500","product_price_currency":"XOF","og_availability":"out of stock","product_availability":"out of stock","product_condition":"new"},"_links":{"self":[{"href":"https:\/\/labemacosmetics.com\/en\/wp-json\/wp\/v2\/product\/9380","targetHints":{"allow":["GET"]}}],"collection":[{"href":"https:\/\/labemacosmetics.com\/en\/wp-json\/wp\/v2\/product"}],"about":[{"href":"https:\/\/labemacosmetics.com\/en\/wp-json\/wp\/v2\/types\/product"}],"replies":[{"embeddable":true,"href":"https:\/\/labemacosmetics.com\/en\/wp-json\/wp\/v2\/comments?post=9380"}],"version-history":[{"count":3,"href":"https:\/\/labemacosmetics.com\/en\/wp-json\/wp\/v2\/product\/9380\/revisions"}],"predecessor-version":[{"id":9388,"href":"https:\/\/labemacosmetics.com\/en\/wp-json\/wp\/v2\/product\/9380\/revisions\/9388"}],"wp:featuredmedia":[{"embeddable":true,"href":"https:\/\/labemacosmetics.com\/en\/wp-json\/wp\/v2\/media\/9385"}],"wp:attachment":[{"href":"https:\/\/labemacosmetics.com\/en\/wp-json\/wp\/v2\/media?parent=9380"}],"wp:term":[{"taxonomy":"product_brand","embeddable":true,"href":"https:\/\/labemacosmetics.com\/en\/wp-json\/wp\/v2\/product_brand?post=9380"},{"taxonomy":"product_cat","embeddable":true,"href":"https:\/\/labemacosmetics.com\/en\/wp-json\/wp\/v2\/product_cat?post=9380"},{"taxonomy":"product_tag","embeddable":true,"href":"https:\/\/labemacosmetics.com\/en\/wp-json\/wp\/v2\/product_tag?post=9380"}],"curies":[{"name":"wp","href":"https:\/\/api.w.org\/{rel}","templated":true}]}}