{"id":9340,"date":"2023-07-05T23:58:30","date_gmt":"2023-07-05T22:58:30","guid":{"rendered":"https:\/\/labemacosmetics.com\/?post_type=product&#038;p=9340"},"modified":"2024-01-24T11:02:58","modified_gmt":"2024-01-24T10:02:58","slug":"axis-y-dark-spot-correcting-glow-serum-50-ml","status":"publish","type":"product","link":"https:\/\/labemacosmetics.com\/en\/product\/axis-y-dark-spot-correcting-glow-serum-50-ml\/","title":{"rendered":"AXIS-Y Dark Spot Correcting Glow Serum 50 ml"},"content":{"rendered":"<div class=\"flex flex-grow flex-col gap-3\">\n<div class=\"min-h-[20px] flex items-start overflow-x-auto whitespace-pre-wrap break-words flex-col gap-4\">\n<div class=\"markdown prose w-full break-words dark:prose-invert light\">\n<p>Le s\u00e9rum AXIS-Y Dark Spot Correcting Glow est un traitement efficace \u00e0 base de niacinamide con\u00e7u pour corriger les taches brunes et am\u00e9liorer le teint irr\u00e9gulier. Enrichi en squalane d\u00e9riv\u00e9 de plantes, ce s\u00e9rum retient l&rsquo;hydratation essentielle pour garder votre peau \u00e9clatante et saine o\u00f9 que vous soyez.<\/p>\n<p>Gr\u00e2ce \u00e0 sa concentration de 5% de niacinamide, \u00e9galement connue sous le nom de vitamine B3, ce s\u00e9rum cible les probl\u00e8mes courants de pigmentation, tels que les taches brunes et les disparit\u00e9s de teint. Sa formule l\u00e9g\u00e8re regorge d&rsquo;extraits botaniques puissants, tels que l&rsquo;hippophae, le fruit de rhamnoides, le son de riz et la papaye, qui travaillent en synergie pour corriger les marques et r\u00e9v\u00e9ler une peau claire et \u00e9clatante. Le phytosqualane compl\u00e8te cette formule en maintenant l&rsquo;\u00e9clat de votre peau tout au long de la journ\u00e9e.<\/p>\n<p>Ce s\u00e9rum offre une r\u00e9duction visible des probl\u00e8mes de pigmentation, y compris les taches brunes et les disparit\u00e9s de teint, tout en lissant et illuminant la peau. De plus, sa formule hydratante en profondeur garantit une peau parfaitement nourrie et \u00e9clatante.<\/p>\n<h2>Utilisation AXIS-Y Dark Spot Correcting Glow<\/h2>\n<ol>\n<li>Pr\u00e9levez une petite quantit\u00e9 de s\u00e9rum et appliquez-la sur l&rsquo;ensemble de votre visage ou sur les zones sp\u00e9cifiques pr\u00e9sentant des probl\u00e8mes de pigmentation.<\/li>\n<li>Tapotez d\u00e9licatement le s\u00e9rum du bout des doigts jusqu&rsquo;\u00e0 ce qu&rsquo;il soit compl\u00e8tement absorb\u00e9 par la peau.<\/li>\n<\/ol>\n<p>Suivez ces \u00e9tapes simples pour profiter pleinement des bienfaits du s\u00e9rum et aider votre peau \u00e0 retrouver une apparence claire et \u00e9clatante.<\/p>\n<h2>Ingr\u00e9dients<\/h2>\n<p><span class=\"metafield-multi_line_text_field\">Water, Glycerin, Niacinamide, Sodium Hyaluronate, Propanediol, Erythritol, Butylene Glycol, Squalane, Oryza Sativa (Rice) Bran Extract, Calendula Officinalis Flower Extract, Carica Papaya <\/span><\/p>\n<p><span class=\"metafield-multi_line_text_field\">(Papaya) Fruit Extract, Hippophae Rhamnoides Fruit Extract, Malpighia Emarginata(Acerola)Fruit Extract, Polyglyceryl-10 Laurate, Chlorphenesin, Arginine, Ethylhexylglycerin, Carbomer, Glutathione, <\/span><\/p>\n<p><span class=\"metafield-multi_line_text_field\">1,2-Hexanediol, Hydroxypropyl Cyclodextrin, Disodium EDTA, Hydroxyethylcellulose, Allantoin, Rosmarinus Officinalis (Rosemary) Leaf Oil<\/span><\/p>\n<\/div>\n<\/div>\n<\/div>\n","protected":false},"excerpt":{"rendered":"<p>Le s\u00e9rum AXIS-Y Dark Spot Correcting Glow est un traitement efficace \u00e0 base de niacinamide con\u00e7u pour corriger les taches brunes et am\u00e9liorer le teint irr\u00e9gulier. Enrichi en squalane d\u00e9riv\u00e9 de plantes, ce s\u00e9rum retient l&rsquo;hydratation essentielle pour garder votre peau \u00e9clatante et saine o\u00f9 que vous soyez. Gr\u00e2ce \u00e0 sa concentration de 5% de [&hellip;]<\/p>\n","protected":false},"featured_media":9342,"comment_status":"open","ping_status":"closed","template":"","meta":{"om_disable_all_campaigns":false,"_mi_skip_tracking":false,"_monsterinsights_sitenote_active":false,"_monsterinsights_sitenote_note":"","_monsterinsights_sitenote_category":0},"product_brand":[],"product_cat":[127,512,1745,128,1748,513],"product_tag":[],"class_list":{"0":"post-9340","1":"product","2":"type-product","3":"status-publish","4":"has-post-thumbnail","6":"product_cat-boutique","7":"product_cat-produits-par-besoin","8":"product_cat-serums","9":"product_cat-soin-de-visage","10":"product_cat-soins-anti-taches","11":"product_cat-type-de-peau","12":"yith_product_brand-axis-y","14":"first","15":"outofstock","16":"shipping-taxable","17":"purchasable","18":"product-type-simple"},"yoast_head":"<!-- This site is optimized with the Yoast SEO Premium plugin v20.8 (Yoast SEO v27.4) - https:\/\/yoast.com\/product\/yoast-seo-premium-wordpress\/ -->\n<title>AXIS-Y Dark Spot Correcting Glow Serum 50 ml | Dakar - S\u00e9n\u00e9gal<\/title>\n<meta name=\"description\" content=\"Le s\u00e9rum AXIS-Y Dark Spot Correcting Glow est un traitement efficace \u00e0 base de niacinamide con\u00e7u pour corriger les taches brunes et am\u00e9liorer le teint.\" \/>\n<meta name=\"robots\" content=\"index, follow, max-snippet:-1, max-image-preview:large, max-video-preview:-1\" \/>\n<link rel=\"canonical\" href=\"https:\/\/labemacosmetics.com\/en\/product\/axis-y-dark-spot-correcting-glow-serum-50-ml\/\" \/>\n<meta property=\"og:locale\" content=\"en_GB\" \/>\n<meta property=\"og:type\" content=\"article\" \/>\n<meta property=\"og:title\" content=\"AXIS-Y Dark Spot Correcting Glow Serum 50 ml\" \/>\n<meta property=\"og:description\" content=\"Le s\u00e9rum AXIS-Y Dark Spot Correcting Glow est un traitement efficace \u00e0 base de niacinamide con\u00e7u pour corriger les taches brunes et am\u00e9liorer le teint.\" \/>\n<meta property=\"og:url\" content=\"https:\/\/labemacosmetics.com\/en\/product\/axis-y-dark-spot-correcting-glow-serum-50-ml\/\" \/>\n<meta property=\"og:site_name\" content=\"Lab&eacute;ma Cosmetics\" \/>\n<meta property=\"article:publisher\" content=\"http:\/\/www.facebook.com\/labemacosmetics\" \/>\n<meta property=\"article:modified_time\" content=\"2024-01-24T10:02:58+00:00\" \/>\n<meta property=\"og:image\" content=\"https:\/\/labemacosmetics.com\/wp-content\/uploads\/2023\/07\/Axis-y.png\" \/>\n\t<meta property=\"og:image:width\" content=\"600\" \/>\n\t<meta property=\"og:image:height\" content=\"600\" \/>\n\t<meta property=\"og:image:type\" content=\"image\/png\" \/>\n<meta name=\"twitter:card\" content=\"summary_large_image\" \/>\n<meta name=\"twitter:site\" content=\"@Labemasn\" \/>\n<meta name=\"twitter:label1\" content=\"Price\" \/>\n\t<meta name=\"twitter:data1\" content=\"12 500&nbsp;CFA\" \/>\n\t<meta name=\"twitter:label2\" content=\"Availability\" \/>\n\t<meta name=\"twitter:data2\" content=\"Out of stock\" \/>\n<script type=\"application\/ld+json\" class=\"yoast-schema-graph\">{\"@context\":\"https:\\\/\\\/schema.org\",\"@graph\":[{\"@type\":\"WebPage\",\"@id\":\"https:\\\/\\\/labemacosmetics.com\\\/produit\\\/axis-y-dark-spot-correcting-glow-serum-50-ml\\\/\",\"url\":\"https:\\\/\\\/labemacosmetics.com\\\/produit\\\/axis-y-dark-spot-correcting-glow-serum-50-ml\\\/\",\"name\":\"AXIS-Y Dark Spot Correcting Glow Serum 50 ml | Dakar - S\u00e9n\u00e9gal\",\"isPartOf\":{\"@id\":\"https:\\\/\\\/labemacosmetics.com\\\/#website\"},\"primaryImageOfPage\":{\"@id\":\"https:\\\/\\\/labemacosmetics.com\\\/produit\\\/axis-y-dark-spot-correcting-glow-serum-50-ml\\\/#primaryimage\"},\"image\":{\"@id\":\"https:\\\/\\\/labemacosmetics.com\\\/produit\\\/axis-y-dark-spot-correcting-glow-serum-50-ml\\\/#primaryimage\"},\"thumbnailUrl\":\"https:\\\/\\\/labemacosmetics.com\\\/wp-content\\\/uploads\\\/2023\\\/07\\\/Axis-y.png\",\"datePublished\":\"2023-07-05T22:58:30+00:00\",\"dateModified\":\"2024-01-24T10:02:58+00:00\",\"description\":\"Le s\u00e9rum AXIS-Y Dark Spot Correcting Glow est un traitement efficace \u00e0 base de niacinamide con\u00e7u pour corriger les taches brunes et am\u00e9liorer le teint.\",\"breadcrumb\":{\"@id\":\"https:\\\/\\\/labemacosmetics.com\\\/produit\\\/axis-y-dark-spot-correcting-glow-serum-50-ml\\\/#breadcrumb\"},\"inLanguage\":\"en-GB\",\"potentialAction\":[{\"@type\":\"ReadAction\",\"target\":[\"https:\\\/\\\/labemacosmetics.com\\\/produit\\\/axis-y-dark-spot-correcting-glow-serum-50-ml\\\/\"]}]},{\"@type\":\"ImageObject\",\"inLanguage\":\"en-GB\",\"@id\":\"https:\\\/\\\/labemacosmetics.com\\\/produit\\\/axis-y-dark-spot-correcting-glow-serum-50-ml\\\/#primaryimage\",\"url\":\"https:\\\/\\\/labemacosmetics.com\\\/wp-content\\\/uploads\\\/2023\\\/07\\\/Axis-y.png\",\"contentUrl\":\"https:\\\/\\\/labemacosmetics.com\\\/wp-content\\\/uploads\\\/2023\\\/07\\\/Axis-y.png\",\"width\":600,\"height\":600,\"caption\":\"AXIS-Y Dark Spot Correcting Glow Serum\"},{\"@type\":\"BreadcrumbList\",\"@id\":\"https:\\\/\\\/labemacosmetics.com\\\/produit\\\/axis-y-dark-spot-correcting-glow-serum-50-ml\\\/#breadcrumb\",\"itemListElement\":[{\"@type\":\"ListItem\",\"position\":1,\"name\":\"Accueil\",\"item\":\"https:\\\/\\\/labemacosmetics.com\\\/\"},{\"@type\":\"ListItem\",\"position\":2,\"name\":\"Produits\",\"item\":\"https:\\\/\\\/labemacosmetics.com\\\/shop\\\/\"},{\"@type\":\"ListItem\",\"position\":3,\"name\":\"AXIS-Y Dark Spot Correcting Glow Serum 50 ml\"}]},{\"@type\":\"WebSite\",\"@id\":\"https:\\\/\\\/labemacosmetics.com\\\/#website\",\"url\":\"https:\\\/\\\/labemacosmetics.com\\\/\",\"name\":\"Lab&eacute;ma Cosmetics\",\"description\":\"\",\"potentialAction\":[{\"@type\":\"SearchAction\",\"target\":{\"@type\":\"EntryPoint\",\"urlTemplate\":\"https:\\\/\\\/labemacosmetics.com\\\/?s={search_term_string}\"},\"query-input\":{\"@type\":\"PropertyValueSpecification\",\"valueRequired\":true,\"valueName\":\"search_term_string\"}}],\"inLanguage\":\"en-GB\"}]}<\/script>\n<meta property=\"product:brand\" content=\"Axis-y\" \/>\n<meta property=\"product:price:amount\" content=\"12500\" \/>\n<meta property=\"product:price:currency\" content=\"XOF\" \/>\n<meta property=\"og:availability\" content=\"out of stock\" \/>\n<meta property=\"product:availability\" content=\"out of stock\" \/>\n<meta property=\"product:condition\" content=\"new\" \/>\n<!-- \/ Yoast SEO Premium plugin. -->","yoast_head_json":{"title":"AXIS-Y Dark Spot Correcting Glow Serum 50 ml | Dakar - S\u00e9n\u00e9gal","description":"Le s\u00e9rum AXIS-Y Dark Spot Correcting Glow est un traitement efficace \u00e0 base de niacinamide con\u00e7u pour corriger les taches brunes et am\u00e9liorer le teint.","robots":{"index":"index","follow":"follow","max-snippet":"max-snippet:-1","max-image-preview":"max-image-preview:large","max-video-preview":"max-video-preview:-1"},"canonical":"https:\/\/labemacosmetics.com\/en\/product\/axis-y-dark-spot-correcting-glow-serum-50-ml\/","og_locale":"en_GB","og_type":"article","og_title":"AXIS-Y Dark Spot Correcting Glow Serum 50 ml","og_description":"Le s\u00e9rum AXIS-Y Dark Spot Correcting Glow est un traitement efficace \u00e0 base de niacinamide con\u00e7u pour corriger les taches brunes et am\u00e9liorer le teint.","og_url":"https:\/\/labemacosmetics.com\/en\/product\/axis-y-dark-spot-correcting-glow-serum-50-ml\/","og_site_name":"Lab&eacute;ma Cosmetics","article_publisher":"http:\/\/www.facebook.com\/labemacosmetics","article_modified_time":"2024-01-24T10:02:58+00:00","og_image":[{"width":600,"height":600,"url":"https:\/\/labemacosmetics.com\/wp-content\/uploads\/2023\/07\/Axis-y.png","type":"image\/png"}],"twitter_card":"summary_large_image","twitter_site":"@Labemasn","twitter_misc":{"Price":"12 500&nbsp;CFA","Availability":"Out of stock"},"schema":{"@context":"https:\/\/schema.org","@graph":[{"@type":"WebPage","@id":"https:\/\/labemacosmetics.com\/produit\/axis-y-dark-spot-correcting-glow-serum-50-ml\/","url":"https:\/\/labemacosmetics.com\/produit\/axis-y-dark-spot-correcting-glow-serum-50-ml\/","name":"AXIS-Y Dark Spot Correcting Glow Serum 50 ml | Dakar - S\u00e9n\u00e9gal","isPartOf":{"@id":"https:\/\/labemacosmetics.com\/#website"},"primaryImageOfPage":{"@id":"https:\/\/labemacosmetics.com\/produit\/axis-y-dark-spot-correcting-glow-serum-50-ml\/#primaryimage"},"image":{"@id":"https:\/\/labemacosmetics.com\/produit\/axis-y-dark-spot-correcting-glow-serum-50-ml\/#primaryimage"},"thumbnailUrl":"https:\/\/labemacosmetics.com\/wp-content\/uploads\/2023\/07\/Axis-y.png","datePublished":"2023-07-05T22:58:30+00:00","dateModified":"2024-01-24T10:02:58+00:00","description":"Le s\u00e9rum AXIS-Y Dark Spot Correcting Glow est un traitement efficace \u00e0 base de niacinamide con\u00e7u pour corriger les taches brunes et am\u00e9liorer le teint.","breadcrumb":{"@id":"https:\/\/labemacosmetics.com\/produit\/axis-y-dark-spot-correcting-glow-serum-50-ml\/#breadcrumb"},"inLanguage":"en-GB","potentialAction":[{"@type":"ReadAction","target":["https:\/\/labemacosmetics.com\/produit\/axis-y-dark-spot-correcting-glow-serum-50-ml\/"]}]},{"@type":"ImageObject","inLanguage":"en-GB","@id":"https:\/\/labemacosmetics.com\/produit\/axis-y-dark-spot-correcting-glow-serum-50-ml\/#primaryimage","url":"https:\/\/labemacosmetics.com\/wp-content\/uploads\/2023\/07\/Axis-y.png","contentUrl":"https:\/\/labemacosmetics.com\/wp-content\/uploads\/2023\/07\/Axis-y.png","width":600,"height":600,"caption":"AXIS-Y Dark Spot Correcting Glow Serum"},{"@type":"BreadcrumbList","@id":"https:\/\/labemacosmetics.com\/produit\/axis-y-dark-spot-correcting-glow-serum-50-ml\/#breadcrumb","itemListElement":[{"@type":"ListItem","position":1,"name":"Accueil","item":"https:\/\/labemacosmetics.com\/"},{"@type":"ListItem","position":2,"name":"Produits","item":"https:\/\/labemacosmetics.com\/shop\/"},{"@type":"ListItem","position":3,"name":"AXIS-Y Dark Spot Correcting Glow Serum 50 ml"}]},{"@type":"WebSite","@id":"https:\/\/labemacosmetics.com\/#website","url":"https:\/\/labemacosmetics.com\/","name":"Lab&eacute;ma Cosmetics","description":"","potentialAction":[{"@type":"SearchAction","target":{"@type":"EntryPoint","urlTemplate":"https:\/\/labemacosmetics.com\/?s={search_term_string}"},"query-input":{"@type":"PropertyValueSpecification","valueRequired":true,"valueName":"search_term_string"}}],"inLanguage":"en-GB"}]},"product_brand":"Axis-y","product_price_amount":"12500","product_price_currency":"XOF","og_availability":"out of stock","product_availability":"out of stock","product_condition":"new"},"_links":{"self":[{"href":"https:\/\/labemacosmetics.com\/en\/wp-json\/wp\/v2\/product\/9340","targetHints":{"allow":["GET"]}}],"collection":[{"href":"https:\/\/labemacosmetics.com\/en\/wp-json\/wp\/v2\/product"}],"about":[{"href":"https:\/\/labemacosmetics.com\/en\/wp-json\/wp\/v2\/types\/product"}],"replies":[{"embeddable":true,"href":"https:\/\/labemacosmetics.com\/en\/wp-json\/wp\/v2\/comments?post=9340"}],"version-history":[{"count":1,"href":"https:\/\/labemacosmetics.com\/en\/wp-json\/wp\/v2\/product\/9340\/revisions"}],"predecessor-version":[{"id":9346,"href":"https:\/\/labemacosmetics.com\/en\/wp-json\/wp\/v2\/product\/9340\/revisions\/9346"}],"wp:featuredmedia":[{"embeddable":true,"href":"https:\/\/labemacosmetics.com\/en\/wp-json\/wp\/v2\/media\/9342"}],"wp:attachment":[{"href":"https:\/\/labemacosmetics.com\/en\/wp-json\/wp\/v2\/media?parent=9340"}],"wp:term":[{"taxonomy":"product_brand","embeddable":true,"href":"https:\/\/labemacosmetics.com\/en\/wp-json\/wp\/v2\/product_brand?post=9340"},{"taxonomy":"product_cat","embeddable":true,"href":"https:\/\/labemacosmetics.com\/en\/wp-json\/wp\/v2\/product_cat?post=9340"},{"taxonomy":"product_tag","embeddable":true,"href":"https:\/\/labemacosmetics.com\/en\/wp-json\/wp\/v2\/product_tag?post=9340"}],"curies":[{"name":"wp","href":"https:\/\/api.w.org\/{rel}","templated":true}]}}