{"id":9328,"date":"2023-07-05T10:31:57","date_gmt":"2023-07-05T09:31:57","guid":{"rendered":"https:\/\/labemacosmetics.com\/?post_type=product&#038;p=9328"},"modified":"2025-04-03T10:57:19","modified_gmt":"2025-04-03T10:57:19","slug":"la-roche-posay-cicaplast-baume-b5-40ml","status":"publish","type":"product","link":"https:\/\/labemacosmetics.com\/en\/product\/la-roche-posay-cicaplast-baume-b5-40ml\/","title":{"rendered":"La Roche Posay Cicaplast Baume B5+ 40ml"},"content":{"rendered":"<p>D\u00e9couvrez la gamme La Roche-Posay Cicaplast B5+, comprenant le baume r\u00e9parateur pour la peau Cicaplast B5+. Cette gamme est con\u00e7ue pour r\u00e9pondre aux besoins de toute la famille, des nourrissons aux adultes, et est sans parfum. Elle offre une solution compl\u00e8te pour r\u00e9parer, nourrir et apaiser les peaux fragilis\u00e9es, qu&rsquo;il s&rsquo;agisse de rougeurs, d&rsquo;\u00e9chauffements superficiels, d&rsquo;irritations, de s\u00e9cheresse intense, de ger\u00e7ures ou d&rsquo;actes esth\u00e9tiques.<\/p>\n<p>Le baume Cicaplast B5+ contient une combinaison d&rsquo;ingr\u00e9dients essentiels pour une action compl\u00e8te :<\/p>\n<ul>\n<li>Le mad\u00e9cassoside pour une action r\u00e9paratrice,<\/li>\n<li>Le cuivre-zinc pour une action assainissante et antibact\u00e9rienne,<\/li>\n<li>Le beurre de karit\u00e9 et la glyc\u00e9rine pour une action hydratante,<\/li>\n<li>Le panth\u00e9nol \u00e0 5 % pour un soulagement intense.<\/li>\n<\/ul>\n<p>Les r\u00e9sultats obtenus avec le baume Cicaplast B5+ sont significatifs :<\/p>\n<ul>\n<li>Dans 88 % des cas, la peau est apais\u00e9e et soulag\u00e9e.<\/li>\n<li>La formule non collante p\u00e9n\u00e8tre instantan\u00e9ment dans 96 % des cas.<\/li>\n<\/ul>\n<p>Fabriqu\u00e9 en France, le baume Cicaplast B5+ est test\u00e9 sous contr\u00f4le dermatologique et p\u00e9diatrique. Il est disponible en trois formats pratiques (15 ml, 40 ml, 100 ml).<\/p>\n<p>Pour une action r\u00e9paratrice compl\u00e8te, d\u00e9couvrez \u00e9galement les autres produits de la gamme Cicaplast, tels que Cicaplast Mains, Cicaplast L\u00e8vres ou le Gel Lavant Cicaplast.<\/p>\n<h2>Utilisation La roche Posay Cicaplast Baume B5+<\/h2>\n<p>Appliquez le baume r\u00e9parateur Cicaplast B5+ deux fois par jour, le matin et le soir, sur une peau propre et s\u00e8che. Massez d\u00e9licatement pour favoriser son absorption. Vous pouvez \u00e9galement l&rsquo;appliquer en couche \u00e9paisse pour une action plus intense.<\/p>\n<p><em><strong>O\u00f9 appliquer le baume r\u00e9parateur Cicaplast B5+ ?<\/strong><\/em><\/p>\n<p>Le baume r\u00e9parateur Cicaplast B5+ peut \u00eatre utilis\u00e9 sur l&rsquo;ensemble du corps, du visage et des l\u00e8vres. Des r\u00e9f\u00e9rences sp\u00e9cifiques sont \u00e9galement disponibles pour les l\u00e8vres et les mains. \u00c9vitez cependant d&rsquo;appliquer le produit sur le contour des yeux.<\/p>\n<h2>Ingr\u00e9dients<\/h2>\n<p>Aqua \/ Water, Hydrogenated Polyisobutene, Dimethicone, Glycerin, Butyrospermum Parkii Butter \/ Shea Butter, Panthenol, Propanediol, Butylene Glycol, Aluminum Starch Octenylsuccinate, Cetyl<\/p>\n<p>Peg\/Ppg-10\/1 Dimethicone, Trihydroxystearin, Zinc Gluconate, Madecassoside, Manganese Gluconate,Silica, Aluminum Hydroxide, Magnesium Sulfate, Disodium Edta, Copper Gluconate,<\/p>\n<p>Capryloyl Glycine, Citric Acid, Acetylated Glycol Stearate, Polyglyceryl-4 Isostearate, Tocopherol, Pentaerythrityl Tetra-Di-T-Butyl Hydroxyhydrocinnamate, Ci 77891 \/ Titanium Dioxide (F.I.L. B179256\/1)<\/p>","protected":false},"excerpt":{"rendered":"<p>D\u00e9couvrez la gamme La Roche-Posay Cicaplast B5+, comprenant le baume r\u00e9parateur pour la peau Cicaplast B5+. Cette gamme est con\u00e7ue pour r\u00e9pondre aux besoins de toute la famille, des nourrissons aux adultes, et est sans parfum.<\/p>","protected":false},"featured_media":9330,"comment_status":"open","ping_status":"closed","template":"","meta":{"om_disable_all_campaigns":false,"_mi_skip_tracking":false,"_monsterinsights_sitenote_active":false,"_monsterinsights_sitenote_note":"","_monsterinsights_sitenote_category":0},"product_brand":[],"product_cat":[127,1743,1747,515,517,512,128,1748,513],"product_tag":[],"class_list":{"0":"post-9328","1":"product","2":"type-product","3":"status-publish","4":"has-post-thumbnail","6":"product_cat-boutique","7":"product_cat-cremes-hydratantes","8":"product_cat-peaux-a-tendances-acneiques","9":"product_cat-peaux-mixtes-a-grasses","10":"product_cat-peaux-sensibles","11":"product_cat-produits-par-besoin","12":"product_cat-soin-de-visage","13":"product_cat-soins-anti-taches","14":"product_cat-type-de-peau","15":"yith_product_brand-la-roche-posay","17":"first","18":"instock","19":"shipping-taxable","20":"purchasable","21":"product-type-simple"},"yoast_head":"<!-- This site is optimized with the Yoast SEO Premium plugin v20.8 (Yoast SEO v27.4) - https:\/\/yoast.com\/product\/yoast-seo-premium-wordpress\/ -->\n<title>La Roche Posay Cicaplast Baume B5+ 40ml | Dakar - S\u00e9n\u00e9gal<\/title>\n<meta name=\"description\" content=\"D\u00e9couvrez la gamme La Roche-Posay Cicaplast B5+, comprenant le baume r\u00e9parateur pour la peau Cicaplast B5+\" \/>\n<meta name=\"robots\" content=\"index, follow, max-snippet:-1, max-image-preview:large, max-video-preview:-1\" \/>\n<link rel=\"canonical\" href=\"https:\/\/labemacosmetics.com\/en\/product\/la-roche-posay-cicaplast-baume-b5-40ml\/\" \/>\n<meta property=\"og:locale\" content=\"en_GB\" \/>\n<meta property=\"og:type\" content=\"article\" \/>\n<meta property=\"og:title\" content=\"La Roche Posay Cicaplast Baume B5+ 40ml\" \/>\n<meta property=\"og:description\" content=\"D\u00e9couvrez la gamme La Roche-Posay Cicaplast B5+, comprenant le baume r\u00e9parateur pour la peau Cicaplast B5+\" \/>\n<meta property=\"og:url\" content=\"https:\/\/labemacosmetics.com\/en\/product\/la-roche-posay-cicaplast-baume-b5-40ml\/\" \/>\n<meta property=\"og:site_name\" content=\"Lab&eacute;ma Cosmetics\" \/>\n<meta property=\"article:publisher\" content=\"http:\/\/www.facebook.com\/labemacosmetics\" \/>\n<meta property=\"article:modified_time\" content=\"2025-04-03T10:57:19+00:00\" \/>\n<meta property=\"og:image\" content=\"https:\/\/labemacosmetics.com\/wp-content\/uploads\/2023\/07\/cicaplast1.png\" \/>\n\t<meta property=\"og:image:width\" content=\"600\" \/>\n\t<meta property=\"og:image:height\" content=\"600\" \/>\n\t<meta property=\"og:image:type\" content=\"image\/png\" \/>\n<meta name=\"twitter:card\" content=\"summary_large_image\" \/>\n<meta name=\"twitter:site\" content=\"@Labemasn\" \/>\n<meta name=\"twitter:label1\" content=\"Price\" \/>\n\t<meta name=\"twitter:data1\" content=\"9 500&nbsp;CFA\" \/>\n\t<meta name=\"twitter:label2\" content=\"Availability\" \/>\n\t<meta name=\"twitter:data2\" content=\"In stock\" \/>\n<script type=\"application\/ld+json\" class=\"yoast-schema-graph\">{\"@context\":\"https:\\\/\\\/schema.org\",\"@graph\":[{\"@type\":\"WebPage\",\"@id\":\"https:\\\/\\\/labemacosmetics.com\\\/produit\\\/la-roche-posay-cicaplast-baume-b5-40ml\\\/\",\"url\":\"https:\\\/\\\/labemacosmetics.com\\\/produit\\\/la-roche-posay-cicaplast-baume-b5-40ml\\\/\",\"name\":\"La Roche Posay Cicaplast Baume B5+ 40ml | Dakar - S\u00e9n\u00e9gal\",\"isPartOf\":{\"@id\":\"https:\\\/\\\/labemacosmetics.com\\\/#website\"},\"primaryImageOfPage\":{\"@id\":\"https:\\\/\\\/labemacosmetics.com\\\/produit\\\/la-roche-posay-cicaplast-baume-b5-40ml\\\/#primaryimage\"},\"image\":{\"@id\":\"https:\\\/\\\/labemacosmetics.com\\\/produit\\\/la-roche-posay-cicaplast-baume-b5-40ml\\\/#primaryimage\"},\"thumbnailUrl\":\"https:\\\/\\\/labemacosmetics.com\\\/wp-content\\\/uploads\\\/2023\\\/07\\\/cicaplast1.png\",\"datePublished\":\"2023-07-05T09:31:57+00:00\",\"dateModified\":\"2025-04-03T10:57:19+00:00\",\"description\":\"D\u00e9couvrez la gamme La Roche-Posay Cicaplast B5+, comprenant le baume r\u00e9parateur pour la peau Cicaplast B5+\",\"breadcrumb\":{\"@id\":\"https:\\\/\\\/labemacosmetics.com\\\/produit\\\/la-roche-posay-cicaplast-baume-b5-40ml\\\/#breadcrumb\"},\"inLanguage\":\"en-GB\",\"potentialAction\":[{\"@type\":\"ReadAction\",\"target\":[\"https:\\\/\\\/labemacosmetics.com\\\/produit\\\/la-roche-posay-cicaplast-baume-b5-40ml\\\/\"]}]},{\"@type\":\"ImageObject\",\"inLanguage\":\"en-GB\",\"@id\":\"https:\\\/\\\/labemacosmetics.com\\\/produit\\\/la-roche-posay-cicaplast-baume-b5-40ml\\\/#primaryimage\",\"url\":\"https:\\\/\\\/labemacosmetics.com\\\/wp-content\\\/uploads\\\/2023\\\/07\\\/cicaplast1.png\",\"contentUrl\":\"https:\\\/\\\/labemacosmetics.com\\\/wp-content\\\/uploads\\\/2023\\\/07\\\/cicaplast1.png\",\"width\":600,\"height\":600,\"caption\":\"La roche Posay cicaplast baume b5+\"},{\"@type\":\"BreadcrumbList\",\"@id\":\"https:\\\/\\\/labemacosmetics.com\\\/produit\\\/la-roche-posay-cicaplast-baume-b5-40ml\\\/#breadcrumb\",\"itemListElement\":[{\"@type\":\"ListItem\",\"position\":1,\"name\":\"Accueil\",\"item\":\"https:\\\/\\\/labemacosmetics.com\\\/\"},{\"@type\":\"ListItem\",\"position\":2,\"name\":\"Produits\",\"item\":\"https:\\\/\\\/labemacosmetics.com\\\/shop\\\/\"},{\"@type\":\"ListItem\",\"position\":3,\"name\":\"La Roche Posay Cicaplast Baume B5+ 40ml\"}]},{\"@type\":\"WebSite\",\"@id\":\"https:\\\/\\\/labemacosmetics.com\\\/#website\",\"url\":\"https:\\\/\\\/labemacosmetics.com\\\/\",\"name\":\"Lab&eacute;ma Cosmetics\",\"description\":\"\",\"potentialAction\":[{\"@type\":\"SearchAction\",\"target\":{\"@type\":\"EntryPoint\",\"urlTemplate\":\"https:\\\/\\\/labemacosmetics.com\\\/?s={search_term_string}\"},\"query-input\":{\"@type\":\"PropertyValueSpecification\",\"valueRequired\":true,\"valueName\":\"search_term_string\"}}],\"inLanguage\":\"en-GB\"}]}<\/script>\n<meta property=\"product:brand\" content=\"La Roche Posay\" \/>\n<meta property=\"product:price:amount\" content=\"9500\" \/>\n<meta property=\"product:price:currency\" content=\"XOF\" \/>\n<meta property=\"og:availability\" content=\"instock\" \/>\n<meta property=\"product:availability\" content=\"instock\" \/>\n<meta property=\"product:condition\" content=\"new\" \/>\n<!-- \/ Yoast SEO Premium plugin. -->","yoast_head_json":{"title":"La Roche Posay Cicaplast Baume B5+ 40ml | Dakar - S\u00e9n\u00e9gal","description":"D\u00e9couvrez la gamme La Roche-Posay Cicaplast B5+, comprenant le baume r\u00e9parateur pour la peau Cicaplast B5+","robots":{"index":"index","follow":"follow","max-snippet":"max-snippet:-1","max-image-preview":"max-image-preview:large","max-video-preview":"max-video-preview:-1"},"canonical":"https:\/\/labemacosmetics.com\/en\/product\/la-roche-posay-cicaplast-baume-b5-40ml\/","og_locale":"en_GB","og_type":"article","og_title":"La Roche Posay Cicaplast Baume B5+ 40ml","og_description":"D\u00e9couvrez la gamme La Roche-Posay Cicaplast B5+, comprenant le baume r\u00e9parateur pour la peau Cicaplast B5+","og_url":"https:\/\/labemacosmetics.com\/en\/product\/la-roche-posay-cicaplast-baume-b5-40ml\/","og_site_name":"Lab&eacute;ma Cosmetics","article_publisher":"http:\/\/www.facebook.com\/labemacosmetics","article_modified_time":"2025-04-03T10:57:19+00:00","og_image":[{"width":600,"height":600,"url":"https:\/\/labemacosmetics.com\/wp-content\/uploads\/2023\/07\/cicaplast1.png","type":"image\/png"}],"twitter_card":"summary_large_image","twitter_site":"@Labemasn","twitter_misc":{"Price":"9 500&nbsp;CFA","Availability":"In stock"},"schema":{"@context":"https:\/\/schema.org","@graph":[{"@type":"WebPage","@id":"https:\/\/labemacosmetics.com\/produit\/la-roche-posay-cicaplast-baume-b5-40ml\/","url":"https:\/\/labemacosmetics.com\/produit\/la-roche-posay-cicaplast-baume-b5-40ml\/","name":"La Roche Posay Cicaplast Baume B5+ 40ml | Dakar - S\u00e9n\u00e9gal","isPartOf":{"@id":"https:\/\/labemacosmetics.com\/#website"},"primaryImageOfPage":{"@id":"https:\/\/labemacosmetics.com\/produit\/la-roche-posay-cicaplast-baume-b5-40ml\/#primaryimage"},"image":{"@id":"https:\/\/labemacosmetics.com\/produit\/la-roche-posay-cicaplast-baume-b5-40ml\/#primaryimage"},"thumbnailUrl":"https:\/\/labemacosmetics.com\/wp-content\/uploads\/2023\/07\/cicaplast1.png","datePublished":"2023-07-05T09:31:57+00:00","dateModified":"2025-04-03T10:57:19+00:00","description":"D\u00e9couvrez la gamme La Roche-Posay Cicaplast B5+, comprenant le baume r\u00e9parateur pour la peau Cicaplast B5+","breadcrumb":{"@id":"https:\/\/labemacosmetics.com\/produit\/la-roche-posay-cicaplast-baume-b5-40ml\/#breadcrumb"},"inLanguage":"en-GB","potentialAction":[{"@type":"ReadAction","target":["https:\/\/labemacosmetics.com\/produit\/la-roche-posay-cicaplast-baume-b5-40ml\/"]}]},{"@type":"ImageObject","inLanguage":"en-GB","@id":"https:\/\/labemacosmetics.com\/produit\/la-roche-posay-cicaplast-baume-b5-40ml\/#primaryimage","url":"https:\/\/labemacosmetics.com\/wp-content\/uploads\/2023\/07\/cicaplast1.png","contentUrl":"https:\/\/labemacosmetics.com\/wp-content\/uploads\/2023\/07\/cicaplast1.png","width":600,"height":600,"caption":"La roche Posay cicaplast baume b5+"},{"@type":"BreadcrumbList","@id":"https:\/\/labemacosmetics.com\/produit\/la-roche-posay-cicaplast-baume-b5-40ml\/#breadcrumb","itemListElement":[{"@type":"ListItem","position":1,"name":"Accueil","item":"https:\/\/labemacosmetics.com\/"},{"@type":"ListItem","position":2,"name":"Produits","item":"https:\/\/labemacosmetics.com\/shop\/"},{"@type":"ListItem","position":3,"name":"La Roche Posay Cicaplast Baume B5+ 40ml"}]},{"@type":"WebSite","@id":"https:\/\/labemacosmetics.com\/#website","url":"https:\/\/labemacosmetics.com\/","name":"Lab&eacute;ma Cosmetics","description":"","potentialAction":[{"@type":"SearchAction","target":{"@type":"EntryPoint","urlTemplate":"https:\/\/labemacosmetics.com\/?s={search_term_string}"},"query-input":{"@type":"PropertyValueSpecification","valueRequired":true,"valueName":"search_term_string"}}],"inLanguage":"en-GB"}]},"product_brand":"La Roche Posay","product_price_amount":"9500","product_price_currency":"XOF","og_availability":"instock","product_availability":"instock","product_condition":"new"},"_links":{"self":[{"href":"https:\/\/labemacosmetics.com\/en\/wp-json\/wp\/v2\/product\/9328","targetHints":{"allow":["GET"]}}],"collection":[{"href":"https:\/\/labemacosmetics.com\/en\/wp-json\/wp\/v2\/product"}],"about":[{"href":"https:\/\/labemacosmetics.com\/en\/wp-json\/wp\/v2\/types\/product"}],"replies":[{"embeddable":true,"href":"https:\/\/labemacosmetics.com\/en\/wp-json\/wp\/v2\/comments?post=9328"}],"version-history":[{"count":1,"href":"https:\/\/labemacosmetics.com\/en\/wp-json\/wp\/v2\/product\/9328\/revisions"}],"predecessor-version":[{"id":9334,"href":"https:\/\/labemacosmetics.com\/en\/wp-json\/wp\/v2\/product\/9328\/revisions\/9334"}],"wp:featuredmedia":[{"embeddable":true,"href":"https:\/\/labemacosmetics.com\/en\/wp-json\/wp\/v2\/media\/9330"}],"wp:attachment":[{"href":"https:\/\/labemacosmetics.com\/en\/wp-json\/wp\/v2\/media?parent=9328"}],"wp:term":[{"taxonomy":"product_brand","embeddable":true,"href":"https:\/\/labemacosmetics.com\/en\/wp-json\/wp\/v2\/product_brand?post=9328"},{"taxonomy":"product_cat","embeddable":true,"href":"https:\/\/labemacosmetics.com\/en\/wp-json\/wp\/v2\/product_cat?post=9328"},{"taxonomy":"product_tag","embeddable":true,"href":"https:\/\/labemacosmetics.com\/en\/wp-json\/wp\/v2\/product_tag?post=9328"}],"curies":[{"name":"wp","href":"https:\/\/api.w.org\/{rel}","templated":true}]}}