{"id":9321,"date":"2023-07-05T10:09:56","date_gmt":"2023-07-05T09:09:56","guid":{"rendered":"https:\/\/labemacosmetics.com\/?post_type=product&#038;p=9321"},"modified":"2023-10-04T21:00:17","modified_gmt":"2023-10-04T20:00:17","slug":"bioderma-sebium-mat-control-30ml","status":"publish","type":"product","link":"https:\/\/labemacosmetics.com\/en\/product\/bioderma-sebium-mat-control-30ml\/","title":{"rendered":"Bioderma Sebium Mat Control 30ML"},"content":{"rendered":"<div class=\"flex flex-grow flex-col gap-3\">\n<div class=\"min-h-[20px] flex items-start overflow-x-auto whitespace-pre-wrap break-words flex-col gap-4\">\n<div class=\"markdown prose w-full break-words dark:prose-invert light\">\n<p>Bioderma S\u00e9bium Mat Control 30ml est un soin sp\u00e9cialement con\u00e7u pour les peaux mixtes \u00e0 grasses, mettant en avant une hydratation intense, une matit\u00e9 prolong\u00e9e et une r\u00e9duction des imperfections. Cette cr\u00e8me matifiante assure une hydratation en profondeur, r\u00e9gule la s\u00e9cr\u00e9tion de s\u00e9bum et pr\u00e9vient l&rsquo;apparition de boutons. Gr\u00e2ce \u00e0 ses propri\u00e9t\u00e9s s\u00e9bor\u00e9gulatrices et lissantes, elle affine le grain de peau et resserre les pores, laissant votre peau saine et unifi\u00e9e tout au long de la journ\u00e9e.<\/p>\n<p>Ce produit convient \u00e9galement aux peaux sensibles et sujettes \u00e0 l&rsquo;acn\u00e9. Il est non com\u00e9dog\u00e8ne, sans parab\u00e8ne et hypoallerg\u00e9nique, r\u00e9pondant ainsi aux normes de qualit\u00e9. De plus, il est formul\u00e9 et fabriqu\u00e9 en France, gage de confiance et d&rsquo;excellence.<\/p>\n<h2>Utilisation Bioderma Sebium Mat Control<\/h2>\n<p>Appliquez la cr\u00e8me sur une peau pr\u00e9alablement nettoy\u00e9e, le matin et\/ou le soir. Cette cr\u00e8me constitue une excellente base de maquillage, offrant une texture id\u00e9ale pour une application uniforme et durable.<\/p>\n<\/div>\n<h2>Ingr\u00e9dients<\/h2>\n<p>Aqua\/Water\/Eau, Glycerin; Cyclopentasiloxane, Methyl Methacrylate; Crosspolymer, Cyclohexasiloxane, Dipropylene ; Glycol, Polymethylsilsesquioxane; Peg-10 Dimethicone, Hdi\/Trimethylol; Hexyllactone Crosspolymer, Butylene Glycol, Sodium Chloride, Vinyl Dimethicone\/Methicone Silsesquioxane Crosspolymer; C30-45 Alkyl Cetearyl Dimethicone; Crosspolymer, Zinc Gluconate, Disodium; Edta, Salicylic Acid, Mannitol, Xylitol; Rhamnose, Xanthan Gum, Sodium Hydroxide; Dodecyl Gallate, Pyridoxine Hcl, Fomes; Officinalis (Mushroom) Extract, Peg-40; Hydrogenated Castor Oil, Phenoxyethanol, Fragrance (Parfum)<\/p>\n<div class=\"markdown prose w-full break-words dark:prose-invert light\">\n<p>&nbsp;<\/p>\n<\/div>\n<\/div>\n<\/div>\n","protected":false},"excerpt":{"rendered":"<p>Bioderma S\u00e9bium Mat Control 30ml est un soin sp\u00e9cialement con\u00e7u pour les peaux mixtes \u00e0 grasses, mettant en avant une hydratation intense, une matit\u00e9 prolong\u00e9e et une r\u00e9duction des imperfections. Cette cr\u00e8me matifiante assure une hydratation en profondeur, r\u00e9gule la s\u00e9cr\u00e9tion de s\u00e9bum<\/p>","protected":false},"featured_media":9323,"comment_status":"open","ping_status":"closed","template":"","meta":{"om_disable_all_campaigns":false,"_mi_skip_tracking":false,"_monsterinsights_sitenote_active":false,"_monsterinsights_sitenote_note":"","_monsterinsights_sitenote_category":0},"product_brand":[],"product_cat":[127,1743,1747,515,512,128,513],"product_tag":[],"class_list":{"0":"post-9321","1":"product","2":"type-product","3":"status-publish","4":"has-post-thumbnail","6":"product_cat-boutique","7":"product_cat-cremes-hydratantes","8":"product_cat-peaux-a-tendances-acneiques","9":"product_cat-peaux-mixtes-a-grasses","10":"product_cat-produits-par-besoin","11":"product_cat-soin-de-visage","12":"product_cat-type-de-peau","13":"yith_product_brand-bioderma","15":"first","16":"instock","17":"shipping-taxable","18":"purchasable","19":"product-type-simple"},"yoast_head":"<!-- This site is optimized with the Yoast SEO Premium plugin v20.8 (Yoast SEO v27.4) - https:\/\/yoast.com\/product\/yoast-seo-premium-wordpress\/ -->\n<title>Bioderma Sebium Mat Control 30ML | Dakar - S\u00e9n\u00e9gal<\/title>\n<meta name=\"description\" content=\"Bioderma S\u00e9bium Mat Control 30ml est un soin sp\u00e9cialement con\u00e7u pour les peaux mixtes \u00e0 grasses, mettant en avant une hydratation intense\" \/>\n<meta name=\"robots\" content=\"index, follow, max-snippet:-1, max-image-preview:large, max-video-preview:-1\" \/>\n<link rel=\"canonical\" href=\"https:\/\/labemacosmetics.com\/en\/product\/bioderma-sebium-mat-control-30ml\/\" \/>\n<meta property=\"og:locale\" content=\"en_GB\" \/>\n<meta property=\"og:type\" content=\"article\" \/>\n<meta property=\"og:title\" content=\"Bioderma Sebium Mat Control 30ML\" \/>\n<meta property=\"og:description\" content=\"Bioderma S\u00e9bium Mat Control 30ml est un soin sp\u00e9cialement con\u00e7u pour les peaux mixtes \u00e0 grasses, mettant en avant une hydratation intense\" \/>\n<meta property=\"og:url\" content=\"https:\/\/labemacosmetics.com\/en\/product\/bioderma-sebium-mat-control-30ml\/\" \/>\n<meta property=\"og:site_name\" content=\"Lab&eacute;ma Cosmetics\" \/>\n<meta property=\"article:publisher\" content=\"http:\/\/www.facebook.com\/labemacosmetics\" \/>\n<meta property=\"article:modified_time\" content=\"2023-10-04T20:00:17+00:00\" \/>\n<meta property=\"og:image\" content=\"https:\/\/labemacosmetics.com\/wp-content\/uploads\/2023\/07\/bioderma1.png\" \/>\n\t<meta property=\"og:image:width\" content=\"600\" \/>\n\t<meta property=\"og:image:height\" content=\"600\" \/>\n\t<meta property=\"og:image:type\" content=\"image\/png\" \/>\n<meta name=\"twitter:card\" content=\"summary_large_image\" \/>\n<meta name=\"twitter:site\" content=\"@Labemasn\" \/>\n<meta name=\"twitter:label1\" content=\"Price\" \/>\n\t<meta name=\"twitter:data1\" content=\"10 500&nbsp;CFA\" \/>\n\t<meta name=\"twitter:label2\" content=\"Availability\" \/>\n\t<meta name=\"twitter:data2\" content=\"In stock\" \/>\n<script type=\"application\/ld+json\" class=\"yoast-schema-graph\">{\"@context\":\"https:\\\/\\\/schema.org\",\"@graph\":[{\"@type\":\"WebPage\",\"@id\":\"https:\\\/\\\/labemacosmetics.com\\\/produit\\\/bioderma-sebium-mat-control-30ml\\\/\",\"url\":\"https:\\\/\\\/labemacosmetics.com\\\/produit\\\/bioderma-sebium-mat-control-30ml\\\/\",\"name\":\"Bioderma Sebium Mat Control 30ML | Dakar - S\u00e9n\u00e9gal\",\"isPartOf\":{\"@id\":\"https:\\\/\\\/labemacosmetics.com\\\/#website\"},\"primaryImageOfPage\":{\"@id\":\"https:\\\/\\\/labemacosmetics.com\\\/produit\\\/bioderma-sebium-mat-control-30ml\\\/#primaryimage\"},\"image\":{\"@id\":\"https:\\\/\\\/labemacosmetics.com\\\/produit\\\/bioderma-sebium-mat-control-30ml\\\/#primaryimage\"},\"thumbnailUrl\":\"https:\\\/\\\/labemacosmetics.com\\\/wp-content\\\/uploads\\\/2023\\\/07\\\/bioderma1.png\",\"datePublished\":\"2023-07-05T09:09:56+00:00\",\"dateModified\":\"2023-10-04T20:00:17+00:00\",\"description\":\"Bioderma S\u00e9bium Mat Control 30ml est un soin sp\u00e9cialement con\u00e7u pour les peaux mixtes \u00e0 grasses, mettant en avant une hydratation intense\",\"breadcrumb\":{\"@id\":\"https:\\\/\\\/labemacosmetics.com\\\/produit\\\/bioderma-sebium-mat-control-30ml\\\/#breadcrumb\"},\"inLanguage\":\"en-GB\",\"potentialAction\":[{\"@type\":\"ReadAction\",\"target\":[\"https:\\\/\\\/labemacosmetics.com\\\/produit\\\/bioderma-sebium-mat-control-30ml\\\/\"]}]},{\"@type\":\"ImageObject\",\"inLanguage\":\"en-GB\",\"@id\":\"https:\\\/\\\/labemacosmetics.com\\\/produit\\\/bioderma-sebium-mat-control-30ml\\\/#primaryimage\",\"url\":\"https:\\\/\\\/labemacosmetics.com\\\/wp-content\\\/uploads\\\/2023\\\/07\\\/bioderma1.png\",\"contentUrl\":\"https:\\\/\\\/labemacosmetics.com\\\/wp-content\\\/uploads\\\/2023\\\/07\\\/bioderma1.png\",\"width\":600,\"height\":600,\"caption\":\"Bioderma Sebium Mat Control\"},{\"@type\":\"BreadcrumbList\",\"@id\":\"https:\\\/\\\/labemacosmetics.com\\\/produit\\\/bioderma-sebium-mat-control-30ml\\\/#breadcrumb\",\"itemListElement\":[{\"@type\":\"ListItem\",\"position\":1,\"name\":\"Accueil\",\"item\":\"https:\\\/\\\/labemacosmetics.com\\\/\"},{\"@type\":\"ListItem\",\"position\":2,\"name\":\"Produits\",\"item\":\"https:\\\/\\\/labemacosmetics.com\\\/shop\\\/\"},{\"@type\":\"ListItem\",\"position\":3,\"name\":\"Bioderma Sebium Mat Control 30ML\"}]},{\"@type\":\"WebSite\",\"@id\":\"https:\\\/\\\/labemacosmetics.com\\\/#website\",\"url\":\"https:\\\/\\\/labemacosmetics.com\\\/\",\"name\":\"Lab&eacute;ma Cosmetics\",\"description\":\"\",\"potentialAction\":[{\"@type\":\"SearchAction\",\"target\":{\"@type\":\"EntryPoint\",\"urlTemplate\":\"https:\\\/\\\/labemacosmetics.com\\\/?s={search_term_string}\"},\"query-input\":{\"@type\":\"PropertyValueSpecification\",\"valueRequired\":true,\"valueName\":\"search_term_string\"}}],\"inLanguage\":\"en-GB\"}]}<\/script>\n<meta property=\"product:brand\" content=\"Bioderma\" \/>\n<meta property=\"product:price:amount\" content=\"10500\" \/>\n<meta property=\"product:price:currency\" content=\"XOF\" \/>\n<meta property=\"og:availability\" content=\"instock\" \/>\n<meta property=\"product:availability\" content=\"instock\" \/>\n<meta property=\"product:condition\" content=\"new\" \/>\n<!-- \/ Yoast SEO Premium plugin. -->","yoast_head_json":{"title":"Bioderma Sebium Mat Control 30ML | Dakar - S\u00e9n\u00e9gal","description":"Bioderma S\u00e9bium Mat Control 30ml est un soin sp\u00e9cialement con\u00e7u pour les peaux mixtes \u00e0 grasses, mettant en avant une hydratation intense","robots":{"index":"index","follow":"follow","max-snippet":"max-snippet:-1","max-image-preview":"max-image-preview:large","max-video-preview":"max-video-preview:-1"},"canonical":"https:\/\/labemacosmetics.com\/en\/product\/bioderma-sebium-mat-control-30ml\/","og_locale":"en_GB","og_type":"article","og_title":"Bioderma Sebium Mat Control 30ML","og_description":"Bioderma S\u00e9bium Mat Control 30ml est un soin sp\u00e9cialement con\u00e7u pour les peaux mixtes \u00e0 grasses, mettant en avant une hydratation intense","og_url":"https:\/\/labemacosmetics.com\/en\/product\/bioderma-sebium-mat-control-30ml\/","og_site_name":"Lab&eacute;ma Cosmetics","article_publisher":"http:\/\/www.facebook.com\/labemacosmetics","article_modified_time":"2023-10-04T20:00:17+00:00","og_image":[{"width":600,"height":600,"url":"https:\/\/labemacosmetics.com\/wp-content\/uploads\/2023\/07\/bioderma1.png","type":"image\/png"}],"twitter_card":"summary_large_image","twitter_site":"@Labemasn","twitter_misc":{"Price":"10 500&nbsp;CFA","Availability":"In stock"},"schema":{"@context":"https:\/\/schema.org","@graph":[{"@type":"WebPage","@id":"https:\/\/labemacosmetics.com\/produit\/bioderma-sebium-mat-control-30ml\/","url":"https:\/\/labemacosmetics.com\/produit\/bioderma-sebium-mat-control-30ml\/","name":"Bioderma Sebium Mat Control 30ML | Dakar - S\u00e9n\u00e9gal","isPartOf":{"@id":"https:\/\/labemacosmetics.com\/#website"},"primaryImageOfPage":{"@id":"https:\/\/labemacosmetics.com\/produit\/bioderma-sebium-mat-control-30ml\/#primaryimage"},"image":{"@id":"https:\/\/labemacosmetics.com\/produit\/bioderma-sebium-mat-control-30ml\/#primaryimage"},"thumbnailUrl":"https:\/\/labemacosmetics.com\/wp-content\/uploads\/2023\/07\/bioderma1.png","datePublished":"2023-07-05T09:09:56+00:00","dateModified":"2023-10-04T20:00:17+00:00","description":"Bioderma S\u00e9bium Mat Control 30ml est un soin sp\u00e9cialement con\u00e7u pour les peaux mixtes \u00e0 grasses, mettant en avant une hydratation intense","breadcrumb":{"@id":"https:\/\/labemacosmetics.com\/produit\/bioderma-sebium-mat-control-30ml\/#breadcrumb"},"inLanguage":"en-GB","potentialAction":[{"@type":"ReadAction","target":["https:\/\/labemacosmetics.com\/produit\/bioderma-sebium-mat-control-30ml\/"]}]},{"@type":"ImageObject","inLanguage":"en-GB","@id":"https:\/\/labemacosmetics.com\/produit\/bioderma-sebium-mat-control-30ml\/#primaryimage","url":"https:\/\/labemacosmetics.com\/wp-content\/uploads\/2023\/07\/bioderma1.png","contentUrl":"https:\/\/labemacosmetics.com\/wp-content\/uploads\/2023\/07\/bioderma1.png","width":600,"height":600,"caption":"Bioderma Sebium Mat Control"},{"@type":"BreadcrumbList","@id":"https:\/\/labemacosmetics.com\/produit\/bioderma-sebium-mat-control-30ml\/#breadcrumb","itemListElement":[{"@type":"ListItem","position":1,"name":"Accueil","item":"https:\/\/labemacosmetics.com\/"},{"@type":"ListItem","position":2,"name":"Produits","item":"https:\/\/labemacosmetics.com\/shop\/"},{"@type":"ListItem","position":3,"name":"Bioderma Sebium Mat Control 30ML"}]},{"@type":"WebSite","@id":"https:\/\/labemacosmetics.com\/#website","url":"https:\/\/labemacosmetics.com\/","name":"Lab&eacute;ma Cosmetics","description":"","potentialAction":[{"@type":"SearchAction","target":{"@type":"EntryPoint","urlTemplate":"https:\/\/labemacosmetics.com\/?s={search_term_string}"},"query-input":{"@type":"PropertyValueSpecification","valueRequired":true,"valueName":"search_term_string"}}],"inLanguage":"en-GB"}]},"product_brand":"Bioderma","product_price_amount":"10500","product_price_currency":"XOF","og_availability":"instock","product_availability":"instock","product_condition":"new"},"_links":{"self":[{"href":"https:\/\/labemacosmetics.com\/en\/wp-json\/wp\/v2\/product\/9321","targetHints":{"allow":["GET"]}}],"collection":[{"href":"https:\/\/labemacosmetics.com\/en\/wp-json\/wp\/v2\/product"}],"about":[{"href":"https:\/\/labemacosmetics.com\/en\/wp-json\/wp\/v2\/types\/product"}],"replies":[{"embeddable":true,"href":"https:\/\/labemacosmetics.com\/en\/wp-json\/wp\/v2\/comments?post=9321"}],"version-history":[{"count":1,"href":"https:\/\/labemacosmetics.com\/en\/wp-json\/wp\/v2\/product\/9321\/revisions"}],"predecessor-version":[{"id":9327,"href":"https:\/\/labemacosmetics.com\/en\/wp-json\/wp\/v2\/product\/9321\/revisions\/9327"}],"wp:featuredmedia":[{"embeddable":true,"href":"https:\/\/labemacosmetics.com\/en\/wp-json\/wp\/v2\/media\/9323"}],"wp:attachment":[{"href":"https:\/\/labemacosmetics.com\/en\/wp-json\/wp\/v2\/media?parent=9321"}],"wp:term":[{"taxonomy":"product_brand","embeddable":true,"href":"https:\/\/labemacosmetics.com\/en\/wp-json\/wp\/v2\/product_brand?post=9321"},{"taxonomy":"product_cat","embeddable":true,"href":"https:\/\/labemacosmetics.com\/en\/wp-json\/wp\/v2\/product_cat?post=9321"},{"taxonomy":"product_tag","embeddable":true,"href":"https:\/\/labemacosmetics.com\/en\/wp-json\/wp\/v2\/product_tag?post=9321"}],"curies":[{"name":"wp","href":"https:\/\/api.w.org\/{rel}","templated":true}]}}