{"id":9311,"date":"2023-06-30T23:41:53","date_gmt":"2023-06-30T22:41:53","guid":{"rendered":"https:\/\/labemacosmetics.com\/?post_type=product&#038;p=9311"},"modified":"2025-02-14T21:58:09","modified_gmt":"2025-02-14T20:58:09","slug":"cosrx-advanced-snail-92-gel-creme","status":"publish","type":"product","link":"https:\/\/labemacosmetics.com\/en\/product\/cosrx-advanced-snail-92-gel-creme\/","title":{"rendered":"Cosrx Advanced Snail 92 Gel Cr\u00e8me"},"content":{"rendered":"<div class=\"flex flex-grow flex-col gap-3\">\n<div class=\"min-h-[20px] flex items-start overflow-x-auto whitespace-pre-wrap break-words flex-col gap-4\">\n<div class=\"markdown prose w-full break-words dark:prose-invert light\">\n<p>D\u00e9couvrez la cr\u00e8me-gel Cosrx Advanced Snail 92, une solution hydratante polyvalente pour une peau repulp\u00e9e, apais\u00e9e et \u00e9clatante.<\/p>\n<p>Cette cr\u00e8me-gel unique est infus\u00e9e avec 92 % de mucine d&rsquo;escargot, connue sous le nom de filtrat de s\u00e9cr\u00e9tion d&rsquo;escargot, qui cr\u00e9e une barri\u00e8re hydratante pour une hydratation longue dur\u00e9e. Elle glisse facilement sur la peau, ravivant instantan\u00e9ment son \u00e9clat naturel.<\/p>\n<p>En plus de son effet hydratant, cette cr\u00e8me-gel agit comme un v\u00e9ritable superchargeur de r\u00e9paration et d&rsquo;apaisement pour la peau irrit\u00e9e et sensibilis\u00e9e. Gr\u00e2ce \u00e0 la mucine d&rsquo;escargot, \u00e0 l&rsquo;acide hyaluronique et \u00e0 la b\u00e9ta\u00efne, elle renforce la barri\u00e8re cutan\u00e9e tout en r\u00e9g\u00e9n\u00e9rant l&rsquo;hydratation.<\/p>\n<p>L&rsquo;ingr\u00e9dient essentiel de cette cr\u00e8me-gel est le filtrat de s\u00e9cr\u00e9tion d&rsquo;escargot, riche en \u00ab Mucine \u00bb, un ingr\u00e9dient efficace pour une meilleure hydratation. Il apaise instantan\u00e9ment la peau endommag\u00e9e et p\u00e9n\u00e8tre en profondeur pour une hydratation optimale. C&rsquo;est donc l&rsquo;id\u00e9al pour les peaux d\u00e9shydrat\u00e9es et ab\u00eem\u00e9es.<\/p>\n<p>Il est important de noter que cette cr\u00e8me-gel est obtenue de mani\u00e8re s\u00fbre et respectueuse de l&rsquo;environnement, sans nuire aux escargots. La mucine d&rsquo;escargot est extraite de l&rsquo;environnement pr\u00e9f\u00e9r\u00e9 des escargots, puis transform\u00e9e en ingr\u00e9dient cosm\u00e9tique. Elle est 100 % naturelle, hypoallerg\u00e9nique et test\u00e9e sous contr\u00f4le dermatologique.<\/p>\n<p>La cr\u00e8me-gel Cosrx Advanced Snail 92 r\u00e9pond aux normes \u00e9lev\u00e9es de la marque, avec sa formule Clean Beauty. Tous les produits Cosrx sont formul\u00e9s avec des ingr\u00e9dients doux pour la peau, id\u00e9aux pour soulager les peaux irrit\u00e9es. De plus, cette cr\u00e8me-gel est sans cruaut\u00e9, sans parab\u00e8nes, sans sulfates et sans phtalates.<\/p>\n<p>Offrez \u00e0 votre peau les bienfaits de l&rsquo;hydratation et de la r\u00e9paration avec la cr\u00e8me-gel Cosrx Advanced Snail 92. Obtenez une peau repulp\u00e9e, apais\u00e9e et \u00e9clatante, tout en respectant votre peau et l&rsquo;environnement.<\/p>\n<h2>Utilisation Cosrx Advanced Snail 92 Gel Cr\u00e8me<\/h2>\n<p>Appliquez d\u00e9licatement une quantit\u00e9 ad\u00e9quate de produit sur votre visage et votre cou.<\/p>\n<h2>Ingr\u00e9dients<\/h2>\n<p>Filtrate de s\u00e9cr\u00e9tion d&rsquo;escargot, b\u00e9ta\u00efne, triglyc\u00e9ride caprylique \/ caprique, cetearyl olivate, sorbitan olivate, sodium hyaluronate, alcool c\u00e9t\u00e9arylique, acide st\u00e9arique, arginine, dim\u00e9thicone, carbom\u00e8re, panth\u00e9nol, allanto\u00efne, polyacrylate de sodium, gomme de xanthane, \u00e9thyl hexolediol.<\/p>\n<\/div>\n<\/div>\n<\/div>\n","protected":false},"excerpt":{"rendered":"<p>D\u00e9couvrez la cr\u00e8me-gel Cosrx Advanced Snail 92, une solution hydratante polyvalente pour une peau repulp\u00e9e, apais\u00e9e et \u00e9clatante.<\/p>\n<p>Cette cr\u00e8me-gel unique est infus\u00e9e avec 92 % de mucine d&rsquo;escargot, connue sous le nom de filtrat de s\u00e9cr\u00e9tion d&rsquo;escargot, qui cr\u00e9e une barri\u00e8re hydratante pour une hydratation longue dur\u00e9e. Elle glisse facilement sur la peau, ravivant instantan\u00e9ment son \u00e9clat naturel.<\/p>","protected":false},"featured_media":9313,"comment_status":"open","ping_status":"closed","template":"","meta":{"om_disable_all_campaigns":false,"_mi_skip_tracking":false,"_monsterinsights_sitenote_active":false,"_monsterinsights_sitenote_note":"","_monsterinsights_sitenote_category":0},"product_brand":[],"product_cat":[127,1743,1747,515,514,516,517,512,128,1748,513],"product_tag":[],"class_list":{"0":"post-9311","1":"product","2":"type-product","3":"status-publish","4":"has-post-thumbnail","6":"product_cat-boutique","7":"product_cat-cremes-hydratantes","8":"product_cat-peaux-a-tendances-acneiques","9":"product_cat-peaux-mixtes-a-grasses","10":"product_cat-peaux-normales","11":"product_cat-peaux-seches","12":"product_cat-peaux-sensibles","13":"product_cat-produits-par-besoin","14":"product_cat-soin-de-visage","15":"product_cat-soins-anti-taches","16":"product_cat-type-de-peau","17":"yith_product_brand-cosrx","19":"first","20":"instock","21":"shipping-taxable","22":"purchasable","23":"product-type-simple"},"yoast_head":"<!-- This site is optimized with the Yoast SEO Premium plugin v20.8 (Yoast SEO v27.4) - https:\/\/yoast.com\/product\/yoast-seo-premium-wordpress\/ -->\n<title>Cosrx Advanced Snail 92 Gel Cr\u00e8me | Dakar - S\u00e9n\u00e9gal<\/title>\n<meta name=\"description\" content=\"D\u00e9couvrez la cr\u00e8me-gel Cosrx Advanced Snail 92, une solution hydratante polyvalente pour une peau repulp\u00e9e, apais\u00e9e et \u00e9clatante.\" \/>\n<meta name=\"robots\" content=\"index, follow, max-snippet:-1, max-image-preview:large, max-video-preview:-1\" \/>\n<link rel=\"canonical\" href=\"https:\/\/labemacosmetics.com\/en\/product\/cosrx-advanced-snail-92-gel-creme\/\" \/>\n<meta property=\"og:locale\" content=\"en_GB\" \/>\n<meta property=\"og:type\" content=\"article\" \/>\n<meta property=\"og:title\" content=\"Cosrx Advanced Snail 92 Gel Cr\u00e8me\" \/>\n<meta property=\"og:description\" content=\"D\u00e9couvrez la cr\u00e8me-gel Cosrx Advanced Snail 92, une solution hydratante polyvalente pour une peau repulp\u00e9e, apais\u00e9e et \u00e9clatante.\" \/>\n<meta property=\"og:url\" content=\"https:\/\/labemacosmetics.com\/en\/product\/cosrx-advanced-snail-92-gel-creme\/\" \/>\n<meta property=\"og:site_name\" content=\"Lab&eacute;ma Cosmetics\" \/>\n<meta property=\"article:publisher\" content=\"http:\/\/www.facebook.com\/labemacosmetics\" \/>\n<meta property=\"article:modified_time\" content=\"2025-02-14T20:58:09+00:00\" \/>\n<meta property=\"og:image\" content=\"https:\/\/labemacosmetics.com\/wp-content\/uploads\/2023\/06\/cosrxcreme1.png\" \/>\n\t<meta property=\"og:image:width\" content=\"600\" \/>\n\t<meta property=\"og:image:height\" content=\"600\" \/>\n\t<meta property=\"og:image:type\" content=\"image\/png\" \/>\n<meta name=\"twitter:card\" content=\"summary_large_image\" \/>\n<meta name=\"twitter:site\" content=\"@Labemasn\" \/>\n<meta name=\"twitter:label1\" content=\"Price\" \/>\n\t<meta name=\"twitter:data1\" content=\"17 500&nbsp;CFA\" \/>\n\t<meta name=\"twitter:label2\" content=\"Availability\" \/>\n\t<meta name=\"twitter:data2\" content=\"In stock\" \/>\n<script type=\"application\/ld+json\" class=\"yoast-schema-graph\">{\"@context\":\"https:\\\/\\\/schema.org\",\"@graph\":[{\"@type\":\"WebPage\",\"@id\":\"https:\\\/\\\/labemacosmetics.com\\\/en\\\/product\\\/cosrx-advanced-snail-92-gel-creme\\\/\",\"url\":\"https:\\\/\\\/labemacosmetics.com\\\/en\\\/product\\\/cosrx-advanced-snail-92-gel-creme\\\/\",\"name\":\"Cosrx Advanced Snail 92 Gel Cr\u00e8me | Dakar - S\u00e9n\u00e9gal\",\"isPartOf\":{\"@id\":\"https:\\\/\\\/labemacosmetics.com\\\/#website\"},\"primaryImageOfPage\":{\"@id\":\"https:\\\/\\\/labemacosmetics.com\\\/en\\\/product\\\/cosrx-advanced-snail-92-gel-creme\\\/#primaryimage\"},\"image\":{\"@id\":\"https:\\\/\\\/labemacosmetics.com\\\/en\\\/product\\\/cosrx-advanced-snail-92-gel-creme\\\/#primaryimage\"},\"thumbnailUrl\":\"https:\\\/\\\/labemacosmetics.com\\\/wp-content\\\/uploads\\\/2023\\\/06\\\/cosrxcreme1.png\",\"datePublished\":\"2023-06-30T22:41:53+00:00\",\"dateModified\":\"2025-02-14T20:58:09+00:00\",\"description\":\"D\u00e9couvrez la cr\u00e8me-gel Cosrx Advanced Snail 92, une solution hydratante polyvalente pour une peau repulp\u00e9e, apais\u00e9e et \u00e9clatante.\",\"breadcrumb\":{\"@id\":\"https:\\\/\\\/labemacosmetics.com\\\/en\\\/product\\\/cosrx-advanced-snail-92-gel-creme\\\/#breadcrumb\"},\"inLanguage\":\"en-GB\",\"potentialAction\":[{\"@type\":\"ReadAction\",\"target\":[\"https:\\\/\\\/labemacosmetics.com\\\/en\\\/product\\\/cosrx-advanced-snail-92-gel-creme\\\/\"]}]},{\"@type\":\"ImageObject\",\"inLanguage\":\"en-GB\",\"@id\":\"https:\\\/\\\/labemacosmetics.com\\\/en\\\/product\\\/cosrx-advanced-snail-92-gel-creme\\\/#primaryimage\",\"url\":\"https:\\\/\\\/labemacosmetics.com\\\/wp-content\\\/uploads\\\/2023\\\/06\\\/cosrxcreme1.png\",\"contentUrl\":\"https:\\\/\\\/labemacosmetics.com\\\/wp-content\\\/uploads\\\/2023\\\/06\\\/cosrxcreme1.png\",\"width\":600,\"height\":600,\"caption\":\"Cosrx Avdanced Snail 92 Gel Cr\u00e8me\"},{\"@type\":\"BreadcrumbList\",\"@id\":\"https:\\\/\\\/labemacosmetics.com\\\/en\\\/product\\\/cosrx-advanced-snail-92-gel-creme\\\/#breadcrumb\",\"itemListElement\":[{\"@type\":\"ListItem\",\"position\":1,\"name\":\"Accueil\",\"item\":\"https:\\\/\\\/labemacosmetics.com\\\/\"},{\"@type\":\"ListItem\",\"position\":2,\"name\":\"Produits\",\"item\":\"https:\\\/\\\/labemacosmetics.com\\\/shop\\\/\"},{\"@type\":\"ListItem\",\"position\":3,\"name\":\"Cosrx Advanced Snail 92 Gel Cr\u00e8me\"}]},{\"@type\":\"WebSite\",\"@id\":\"https:\\\/\\\/labemacosmetics.com\\\/#website\",\"url\":\"https:\\\/\\\/labemacosmetics.com\\\/\",\"name\":\"Lab&eacute;ma Cosmetics\",\"description\":\"\",\"potentialAction\":[{\"@type\":\"SearchAction\",\"target\":{\"@type\":\"EntryPoint\",\"urlTemplate\":\"https:\\\/\\\/labemacosmetics.com\\\/?s={search_term_string}\"},\"query-input\":{\"@type\":\"PropertyValueSpecification\",\"valueRequired\":true,\"valueName\":\"search_term_string\"}}],\"inLanguage\":\"en-GB\"}]}<\/script>\n<meta property=\"product:brand\" content=\"Cosrx\" \/>\n<meta property=\"product:price:amount\" content=\"17500\" \/>\n<meta property=\"product:price:currency\" content=\"XOF\" \/>\n<meta property=\"og:availability\" content=\"instock\" \/>\n<meta property=\"product:availability\" content=\"instock\" \/>\n<meta property=\"product:condition\" content=\"new\" \/>\n<!-- \/ Yoast SEO Premium plugin. -->","yoast_head_json":{"title":"Cosrx Advanced Snail 92 Gel Cr\u00e8me | Dakar - S\u00e9n\u00e9gal","description":"D\u00e9couvrez la cr\u00e8me-gel Cosrx Advanced Snail 92, une solution hydratante polyvalente pour une peau repulp\u00e9e, apais\u00e9e et \u00e9clatante.","robots":{"index":"index","follow":"follow","max-snippet":"max-snippet:-1","max-image-preview":"max-image-preview:large","max-video-preview":"max-video-preview:-1"},"canonical":"https:\/\/labemacosmetics.com\/en\/product\/cosrx-advanced-snail-92-gel-creme\/","og_locale":"en_GB","og_type":"article","og_title":"Cosrx Advanced Snail 92 Gel Cr\u00e8me","og_description":"D\u00e9couvrez la cr\u00e8me-gel Cosrx Advanced Snail 92, une solution hydratante polyvalente pour une peau repulp\u00e9e, apais\u00e9e et \u00e9clatante.","og_url":"https:\/\/labemacosmetics.com\/en\/product\/cosrx-advanced-snail-92-gel-creme\/","og_site_name":"Lab&eacute;ma Cosmetics","article_publisher":"http:\/\/www.facebook.com\/labemacosmetics","article_modified_time":"2025-02-14T20:58:09+00:00","og_image":[{"width":600,"height":600,"url":"https:\/\/labemacosmetics.com\/wp-content\/uploads\/2023\/06\/cosrxcreme1.png","type":"image\/png"}],"twitter_card":"summary_large_image","twitter_site":"@Labemasn","twitter_misc":{"Price":"17 500&nbsp;CFA","Availability":"In stock"},"schema":{"@context":"https:\/\/schema.org","@graph":[{"@type":"WebPage","@id":"https:\/\/labemacosmetics.com\/en\/product\/cosrx-advanced-snail-92-gel-creme\/","url":"https:\/\/labemacosmetics.com\/en\/product\/cosrx-advanced-snail-92-gel-creme\/","name":"Cosrx Advanced Snail 92 Gel Cr\u00e8me | Dakar - S\u00e9n\u00e9gal","isPartOf":{"@id":"https:\/\/labemacosmetics.com\/#website"},"primaryImageOfPage":{"@id":"https:\/\/labemacosmetics.com\/en\/product\/cosrx-advanced-snail-92-gel-creme\/#primaryimage"},"image":{"@id":"https:\/\/labemacosmetics.com\/en\/product\/cosrx-advanced-snail-92-gel-creme\/#primaryimage"},"thumbnailUrl":"https:\/\/labemacosmetics.com\/wp-content\/uploads\/2023\/06\/cosrxcreme1.png","datePublished":"2023-06-30T22:41:53+00:00","dateModified":"2025-02-14T20:58:09+00:00","description":"D\u00e9couvrez la cr\u00e8me-gel Cosrx Advanced Snail 92, une solution hydratante polyvalente pour une peau repulp\u00e9e, apais\u00e9e et \u00e9clatante.","breadcrumb":{"@id":"https:\/\/labemacosmetics.com\/en\/product\/cosrx-advanced-snail-92-gel-creme\/#breadcrumb"},"inLanguage":"en-GB","potentialAction":[{"@type":"ReadAction","target":["https:\/\/labemacosmetics.com\/en\/product\/cosrx-advanced-snail-92-gel-creme\/"]}]},{"@type":"ImageObject","inLanguage":"en-GB","@id":"https:\/\/labemacosmetics.com\/en\/product\/cosrx-advanced-snail-92-gel-creme\/#primaryimage","url":"https:\/\/labemacosmetics.com\/wp-content\/uploads\/2023\/06\/cosrxcreme1.png","contentUrl":"https:\/\/labemacosmetics.com\/wp-content\/uploads\/2023\/06\/cosrxcreme1.png","width":600,"height":600,"caption":"Cosrx Avdanced Snail 92 Gel Cr\u00e8me"},{"@type":"BreadcrumbList","@id":"https:\/\/labemacosmetics.com\/en\/product\/cosrx-advanced-snail-92-gel-creme\/#breadcrumb","itemListElement":[{"@type":"ListItem","position":1,"name":"Accueil","item":"https:\/\/labemacosmetics.com\/"},{"@type":"ListItem","position":2,"name":"Produits","item":"https:\/\/labemacosmetics.com\/shop\/"},{"@type":"ListItem","position":3,"name":"Cosrx Advanced Snail 92 Gel Cr\u00e8me"}]},{"@type":"WebSite","@id":"https:\/\/labemacosmetics.com\/#website","url":"https:\/\/labemacosmetics.com\/","name":"Lab&eacute;ma Cosmetics","description":"","potentialAction":[{"@type":"SearchAction","target":{"@type":"EntryPoint","urlTemplate":"https:\/\/labemacosmetics.com\/?s={search_term_string}"},"query-input":{"@type":"PropertyValueSpecification","valueRequired":true,"valueName":"search_term_string"}}],"inLanguage":"en-GB"}]},"product_brand":"Cosrx","product_price_amount":"17500","product_price_currency":"XOF","og_availability":"instock","product_availability":"instock","product_condition":"new"},"_links":{"self":[{"href":"https:\/\/labemacosmetics.com\/en\/wp-json\/wp\/v2\/product\/9311","targetHints":{"allow":["GET"]}}],"collection":[{"href":"https:\/\/labemacosmetics.com\/en\/wp-json\/wp\/v2\/product"}],"about":[{"href":"https:\/\/labemacosmetics.com\/en\/wp-json\/wp\/v2\/types\/product"}],"replies":[{"embeddable":true,"href":"https:\/\/labemacosmetics.com\/en\/wp-json\/wp\/v2\/comments?post=9311"}],"version-history":[{"count":1,"href":"https:\/\/labemacosmetics.com\/en\/wp-json\/wp\/v2\/product\/9311\/revisions"}],"predecessor-version":[{"id":9315,"href":"https:\/\/labemacosmetics.com\/en\/wp-json\/wp\/v2\/product\/9311\/revisions\/9315"}],"wp:featuredmedia":[{"embeddable":true,"href":"https:\/\/labemacosmetics.com\/en\/wp-json\/wp\/v2\/media\/9313"}],"wp:attachment":[{"href":"https:\/\/labemacosmetics.com\/en\/wp-json\/wp\/v2\/media?parent=9311"}],"wp:term":[{"taxonomy":"product_brand","embeddable":true,"href":"https:\/\/labemacosmetics.com\/en\/wp-json\/wp\/v2\/product_brand?post=9311"},{"taxonomy":"product_cat","embeddable":true,"href":"https:\/\/labemacosmetics.com\/en\/wp-json\/wp\/v2\/product_cat?post=9311"},{"taxonomy":"product_tag","embeddable":true,"href":"https:\/\/labemacosmetics.com\/en\/wp-json\/wp\/v2\/product_tag?post=9311"}],"curies":[{"name":"wp","href":"https:\/\/api.w.org\/{rel}","templated":true}]}}