{"id":93,"date":"2015-06-07T11:36:34","date_gmt":"2015-06-07T10:36:34","guid":{"rendered":"http:\/\/demo2.woothemes.com\/woocommerce\/?post_type=product&#038;p=93"},"modified":"2024-12-19T18:24:56","modified_gmt":"2024-12-19T17:24:56","slug":"smart-lip-pencil-708","status":"publish","type":"product","link":"https:\/\/labemacosmetics.com\/en\/product\/smart-lip-pencil-708\/","title":{"rendered":"KIKO Crayon L\u00e8vres Smart Lip pencil 708 Fuschia"},"content":{"rendered":"<h6>description du\u00a0 smart lip pencil<\/h6>\n<p>Crayon l\u00e8vres en bois smart lip pencil, cr\u00e9meux et estompable. C&rsquo;est donc une formule innovante, fruit du parfait \u00e9quilibre entre modulabilit\u00e9 et pr\u00e9cision. Ainsi pour d\u00e9finir le contour des l\u00e8vres avec un effet naturel.Le trait, intense et couvrant d\u00e8s la premi\u00e8re application, adh\u00e8re parfaitement aux l\u00e8vres et garantit une tenue sans transfert ni bavures.\u00a0\u200e<span id=\"edit-slug-buttons\"><\/span><\/p>\n<p>Hypoallerg\u00e9nique = formul\u00e9 pour minimiser les risques d\u2019allergies.<\/p>\n<p>Sans parab\u00e8nes.<\/p>\n<p>Disponible en 16 couleurs.<\/p>","protected":false},"excerpt":{"rendered":"<p>Crayon l\u00e8vres en bois smart lip pencil, cr\u00e9meux et estompable. Fruit du parfait \u00e9quilibre entre modulabilit\u00e9 et pr\u00e9cision.Ainsi pour d\u00e9finir le contour des l\u00e8vres avec un effet naturel.<\/p>","protected":false},"featured_media":2127,"comment_status":"open","ping_status":"closed","template":"","meta":{"om_disable_all_campaigns":false,"_mi_skip_tracking":false,"_monsterinsights_sitenote_active":false,"_monsterinsights_sitenote_note":"","_monsterinsights_sitenote_category":0},"product_brand":[],"product_cat":[127,121,110,103],"product_tag":[],"class_list":{"0":"post-93","1":"product","2":"type-product","3":"status-publish","4":"has-post-thumbnail","6":"product_cat-boutique","7":"product_cat-crayon-levres","8":"product_cat-levres","9":"product_cat-maquillage","10":"yith_product_brand-kiko","12":"first","13":"instock","14":"virtual","15":"purchasable","16":"product-type-simple"},"yoast_head":"<!-- This site is optimized with the Yoast SEO Premium plugin v20.8 (Yoast SEO v27.4) - https:\/\/yoast.com\/product\/yoast-seo-premium-wordpress\/ -->\n<title>smart lip pencil KIKO - Lab\u00e9ma Cosmetics | Dakar - S\u00e9n\u00e9gal<\/title>\n<meta name=\"description\" content=\"Crayon l\u00e8vres en bois smart lip pencil, cr\u00e9meux et estompable. Fruit du parfait \u00e9quilibre entre modulabilit\u00e9 et pr\u00e9cision.\" \/>\n<meta name=\"robots\" content=\"index, follow, max-snippet:-1, max-image-preview:large, max-video-preview:-1\" \/>\n<link rel=\"canonical\" href=\"https:\/\/labemacosmetics.com\/en\/product\/smart-lip-pencil-708\/\" \/>\n<meta property=\"og:locale\" content=\"en_GB\" \/>\n<meta property=\"og:type\" content=\"article\" \/>\n<meta property=\"og:title\" content=\"KIKO Crayon L\u00e8vres Smart Lip pencil 708 Fuschia\" \/>\n<meta property=\"og:description\" content=\"Crayon l\u00e8vres en bois smart lip pencil, cr\u00e9meux et estompable. Fruit du parfait \u00e9quilibre entre modulabilit\u00e9 et pr\u00e9cision.\" \/>\n<meta property=\"og:url\" content=\"https:\/\/labemacosmetics.com\/en\/product\/smart-lip-pencil-708\/\" \/>\n<meta property=\"og:site_name\" content=\"Lab&eacute;ma Cosmetics\" \/>\n<meta property=\"article:publisher\" content=\"http:\/\/www.facebook.com\/labemacosmetics\" \/>\n<meta property=\"article:modified_time\" content=\"2024-12-19T17:24:56+00:00\" \/>\n<meta property=\"og:image\" content=\"https:\/\/labemacosmetics.com\/wp-content\/uploads\/2015\/06\/KM0020300870821principale_900Wx900H-1.jpg\" \/>\n\t<meta property=\"og:image:width\" content=\"900\" \/>\n\t<meta property=\"og:image:height\" content=\"900\" \/>\n\t<meta property=\"og:image:type\" content=\"image\/jpeg\" \/>\n<meta name=\"twitter:card\" content=\"summary_large_image\" \/>\n<meta name=\"twitter:site\" content=\"@Labemasn\" \/>\n<meta name=\"twitter:label1\" content=\"Price\" \/>\n\t<meta name=\"twitter:data1\" content=\"2 500&nbsp;CFA\" \/>\n\t<meta name=\"twitter:label2\" content=\"Availability\" \/>\n\t<meta name=\"twitter:data2\" content=\"In stock\" \/>\n<script type=\"application\/ld+json\" class=\"yoast-schema-graph\">{\"@context\":\"https:\\\/\\\/schema.org\",\"@graph\":[{\"@type\":\"WebPage\",\"@id\":\"https:\\\/\\\/labemacosmetics.com\\\/produit\\\/smart-lip-pencil-708\\\/\",\"url\":\"https:\\\/\\\/labemacosmetics.com\\\/produit\\\/smart-lip-pencil-708\\\/\",\"name\":\"smart lip pencil KIKO - Lab\u00e9ma Cosmetics | Dakar - S\u00e9n\u00e9gal\",\"isPartOf\":{\"@id\":\"https:\\\/\\\/labemacosmetics.com\\\/#website\"},\"primaryImageOfPage\":{\"@id\":\"https:\\\/\\\/labemacosmetics.com\\\/produit\\\/smart-lip-pencil-708\\\/#primaryimage\"},\"image\":{\"@id\":\"https:\\\/\\\/labemacosmetics.com\\\/produit\\\/smart-lip-pencil-708\\\/#primaryimage\"},\"thumbnailUrl\":\"https:\\\/\\\/labemacosmetics.com\\\/wp-content\\\/uploads\\\/2015\\\/06\\\/KM0020300870821principale_900Wx900H-1.jpg\",\"datePublished\":\"2015-06-07T10:36:34+00:00\",\"dateModified\":\"2024-12-19T17:24:56+00:00\",\"description\":\"Crayon l\u00e8vres en bois smart lip pencil, cr\u00e9meux et estompable. Fruit du parfait \u00e9quilibre entre modulabilit\u00e9 et pr\u00e9cision.\",\"breadcrumb\":{\"@id\":\"https:\\\/\\\/labemacosmetics.com\\\/produit\\\/smart-lip-pencil-708\\\/#breadcrumb\"},\"inLanguage\":\"en-GB\",\"potentialAction\":[{\"@type\":\"ReadAction\",\"target\":[\"https:\\\/\\\/labemacosmetics.com\\\/produit\\\/smart-lip-pencil-708\\\/\"]}]},{\"@type\":\"ImageObject\",\"inLanguage\":\"en-GB\",\"@id\":\"https:\\\/\\\/labemacosmetics.com\\\/produit\\\/smart-lip-pencil-708\\\/#primaryimage\",\"url\":\"https:\\\/\\\/labemacosmetics.com\\\/wp-content\\\/uploads\\\/2015\\\/06\\\/KM0020300870821principale_900Wx900H-1.jpg\",\"contentUrl\":\"https:\\\/\\\/labemacosmetics.com\\\/wp-content\\\/uploads\\\/2015\\\/06\\\/KM0020300870821principale_900Wx900H-1.jpg\",\"width\":900,\"height\":900,\"caption\":\"SMART LIP PENCIL 708\"},{\"@type\":\"BreadcrumbList\",\"@id\":\"https:\\\/\\\/labemacosmetics.com\\\/produit\\\/smart-lip-pencil-708\\\/#breadcrumb\",\"itemListElement\":[{\"@type\":\"ListItem\",\"position\":1,\"name\":\"Accueil\",\"item\":\"https:\\\/\\\/labemacosmetics.com\\\/\"},{\"@type\":\"ListItem\",\"position\":2,\"name\":\"Produits\",\"item\":\"https:\\\/\\\/labemacosmetics.com\\\/shop\\\/\"},{\"@type\":\"ListItem\",\"position\":3,\"name\":\"KIKO Crayon L\u00e8vres Smart Lip pencil 708 Fuschia\"}]},{\"@type\":\"WebSite\",\"@id\":\"https:\\\/\\\/labemacosmetics.com\\\/#website\",\"url\":\"https:\\\/\\\/labemacosmetics.com\\\/\",\"name\":\"Lab&eacute;ma Cosmetics\",\"description\":\"\",\"potentialAction\":[{\"@type\":\"SearchAction\",\"target\":{\"@type\":\"EntryPoint\",\"urlTemplate\":\"https:\\\/\\\/labemacosmetics.com\\\/?s={search_term_string}\"},\"query-input\":{\"@type\":\"PropertyValueSpecification\",\"valueRequired\":true,\"valueName\":\"search_term_string\"}}],\"inLanguage\":\"en-GB\"}]}<\/script>\n<meta property=\"product:brand\" content=\"Kiko\" \/>\n<meta property=\"product:price:amount\" content=\"2500\" \/>\n<meta property=\"product:price:currency\" content=\"XOF\" \/>\n<meta property=\"og:availability\" content=\"instock\" \/>\n<meta property=\"product:availability\" content=\"instock\" \/>\n<meta property=\"product:retailer_item_id\" content=\"KK62221019\" \/>\n<meta property=\"product:condition\" content=\"new\" \/>\n<!-- \/ Yoast SEO Premium plugin. -->","yoast_head_json":{"title":"smart lip pencil KIKO - Lab\u00e9ma Cosmetics | Dakar - S\u00e9n\u00e9gal","description":"Crayon l\u00e8vres en bois smart lip pencil, cr\u00e9meux et estompable. Fruit du parfait \u00e9quilibre entre modulabilit\u00e9 et pr\u00e9cision.","robots":{"index":"index","follow":"follow","max-snippet":"max-snippet:-1","max-image-preview":"max-image-preview:large","max-video-preview":"max-video-preview:-1"},"canonical":"https:\/\/labemacosmetics.com\/en\/product\/smart-lip-pencil-708\/","og_locale":"en_GB","og_type":"article","og_title":"KIKO Crayon L\u00e8vres Smart Lip pencil 708 Fuschia","og_description":"Crayon l\u00e8vres en bois smart lip pencil, cr\u00e9meux et estompable. Fruit du parfait \u00e9quilibre entre modulabilit\u00e9 et pr\u00e9cision.","og_url":"https:\/\/labemacosmetics.com\/en\/product\/smart-lip-pencil-708\/","og_site_name":"Lab&eacute;ma Cosmetics","article_publisher":"http:\/\/www.facebook.com\/labemacosmetics","article_modified_time":"2024-12-19T17:24:56+00:00","og_image":[{"width":900,"height":900,"url":"https:\/\/labemacosmetics.com\/wp-content\/uploads\/2015\/06\/KM0020300870821principale_900Wx900H-1.jpg","type":"image\/jpeg"}],"twitter_card":"summary_large_image","twitter_site":"@Labemasn","twitter_misc":{"Price":"2 500&nbsp;CFA","Availability":"In stock"},"schema":{"@context":"https:\/\/schema.org","@graph":[{"@type":"WebPage","@id":"https:\/\/labemacosmetics.com\/produit\/smart-lip-pencil-708\/","url":"https:\/\/labemacosmetics.com\/produit\/smart-lip-pencil-708\/","name":"smart lip pencil KIKO - Lab\u00e9ma Cosmetics | Dakar - S\u00e9n\u00e9gal","isPartOf":{"@id":"https:\/\/labemacosmetics.com\/#website"},"primaryImageOfPage":{"@id":"https:\/\/labemacosmetics.com\/produit\/smart-lip-pencil-708\/#primaryimage"},"image":{"@id":"https:\/\/labemacosmetics.com\/produit\/smart-lip-pencil-708\/#primaryimage"},"thumbnailUrl":"https:\/\/labemacosmetics.com\/wp-content\/uploads\/2015\/06\/KM0020300870821principale_900Wx900H-1.jpg","datePublished":"2015-06-07T10:36:34+00:00","dateModified":"2024-12-19T17:24:56+00:00","description":"Crayon l\u00e8vres en bois smart lip pencil, cr\u00e9meux et estompable. Fruit du parfait \u00e9quilibre entre modulabilit\u00e9 et pr\u00e9cision.","breadcrumb":{"@id":"https:\/\/labemacosmetics.com\/produit\/smart-lip-pencil-708\/#breadcrumb"},"inLanguage":"en-GB","potentialAction":[{"@type":"ReadAction","target":["https:\/\/labemacosmetics.com\/produit\/smart-lip-pencil-708\/"]}]},{"@type":"ImageObject","inLanguage":"en-GB","@id":"https:\/\/labemacosmetics.com\/produit\/smart-lip-pencil-708\/#primaryimage","url":"https:\/\/labemacosmetics.com\/wp-content\/uploads\/2015\/06\/KM0020300870821principale_900Wx900H-1.jpg","contentUrl":"https:\/\/labemacosmetics.com\/wp-content\/uploads\/2015\/06\/KM0020300870821principale_900Wx900H-1.jpg","width":900,"height":900,"caption":"SMART LIP PENCIL 708"},{"@type":"BreadcrumbList","@id":"https:\/\/labemacosmetics.com\/produit\/smart-lip-pencil-708\/#breadcrumb","itemListElement":[{"@type":"ListItem","position":1,"name":"Accueil","item":"https:\/\/labemacosmetics.com\/"},{"@type":"ListItem","position":2,"name":"Produits","item":"https:\/\/labemacosmetics.com\/shop\/"},{"@type":"ListItem","position":3,"name":"KIKO Crayon L\u00e8vres Smart Lip pencil 708 Fuschia"}]},{"@type":"WebSite","@id":"https:\/\/labemacosmetics.com\/#website","url":"https:\/\/labemacosmetics.com\/","name":"Lab&eacute;ma Cosmetics","description":"","potentialAction":[{"@type":"SearchAction","target":{"@type":"EntryPoint","urlTemplate":"https:\/\/labemacosmetics.com\/?s={search_term_string}"},"query-input":{"@type":"PropertyValueSpecification","valueRequired":true,"valueName":"search_term_string"}}],"inLanguage":"en-GB"}]},"product_brand":"Kiko","product_price_amount":"2500","product_price_currency":"XOF","og_availability":"instock","product_availability":"instock","product_retailer_item_id":"KK62221019","product_condition":"new"},"_links":{"self":[{"href":"https:\/\/labemacosmetics.com\/en\/wp-json\/wp\/v2\/product\/93","targetHints":{"allow":["GET"]}}],"collection":[{"href":"https:\/\/labemacosmetics.com\/en\/wp-json\/wp\/v2\/product"}],"about":[{"href":"https:\/\/labemacosmetics.com\/en\/wp-json\/wp\/v2\/types\/product"}],"replies":[{"embeddable":true,"href":"https:\/\/labemacosmetics.com\/en\/wp-json\/wp\/v2\/comments?post=93"}],"version-history":[{"count":0,"href":"https:\/\/labemacosmetics.com\/en\/wp-json\/wp\/v2\/product\/93\/revisions"}],"wp:featuredmedia":[{"embeddable":true,"href":"https:\/\/labemacosmetics.com\/en\/wp-json\/wp\/v2\/media\/2127"}],"wp:attachment":[{"href":"https:\/\/labemacosmetics.com\/en\/wp-json\/wp\/v2\/media?parent=93"}],"wp:term":[{"taxonomy":"product_brand","embeddable":true,"href":"https:\/\/labemacosmetics.com\/en\/wp-json\/wp\/v2\/product_brand?post=93"},{"taxonomy":"product_cat","embeddable":true,"href":"https:\/\/labemacosmetics.com\/en\/wp-json\/wp\/v2\/product_cat?post=93"},{"taxonomy":"product_tag","embeddable":true,"href":"https:\/\/labemacosmetics.com\/en\/wp-json\/wp\/v2\/product_tag?post=93"}],"curies":[{"name":"wp","href":"https:\/\/api.w.org\/{rel}","templated":true}]}}