{"id":9270,"date":"2023-06-24T20:03:13","date_gmt":"2023-06-24T19:03:13","guid":{"rendered":"https:\/\/labemacosmetics.com\/?post_type=product&#038;p=9270"},"modified":"2026-01-23T14:19:14","modified_gmt":"2026-01-23T13:19:14","slug":"zara-parfum-femme-gardenia-90ml","status":"publish","type":"product","link":"https:\/\/labemacosmetics.com\/en\/product\/zara-parfum-femme-gardenia-90ml\/","title":{"rendered":"Zara Parfum Femme Gardenia 90ml"},"content":{"rendered":"<p>D\u00e9couvrez le parfum Femme Zara Gardenia, une fragrance s\u00e9duisante mettant en valeur la beaut\u00e9 envo\u00fbtante des fleurs blanches. Avec sa combinaison soyeuse et captivante, ce parfum offre une exp\u00e9rience olfactive unique.<\/p>\n<p>Le gard\u00e9nia, fleur embl\u00e9matique de ce parfum, apporte une touche voluptueuse \u00e0 la composition. Il se m\u00eale harmonieusement aux notes de fleur d&rsquo;oranger et de caf\u00e9, cr\u00e9ant ainsi un m\u00e9lange captivant et enivrant.<\/p>\n<p>L&rsquo;univers fruit\u00e9 du parfum est sublim\u00e9 par des accords de p\u00eache juteuse et de framboise sucr\u00e9e. Ces notes fruit\u00e9es ajoutent une dimension p\u00e9tillante \u00e0 la fragrance, lui conf\u00e9rant une aura irr\u00e9sistible.<\/p>\n<p>Le parfum Zara Gardenia est parfait pour les femmes en qu\u00eate d&rsquo;une senteur florale \u00e0 la fois d\u00e9licate et s\u00e9duisante. Son sillage \u00e9l\u00e9gant et envo\u00fbtant vous accompagnera tout au long de la journ\u00e9e, laissant derri\u00e8re vous une empreinte olfactive inoubliable.<\/p>\n<p>Laissez-vous transporter par l&rsquo;\u00e9l\u00e9gance de ce parfum unique et laissez votre f\u00e9minit\u00e9 s&rsquo;\u00e9panouir. Optez pour Zara Gardenia et d\u00e9couvrez l&rsquo;harmonie parfaite entre la beaut\u00e9 des fleurs blanches, les accords fruit\u00e9s et les notes enivrantes de caf\u00e9.<\/p>\n<p><em><strong>Le Dupe Parfait du Black Opium de Yves Saint Laurent<\/strong><\/em><\/p>\n<h2>Ingr\u00e9dients Parfum Femme Zara Gardenia<\/h2>\n<p><span class=\"structured-component-text zds-paragraph-m\">ALCOHOL DENAT. \u00b7 AQUA \u00b7 PARFUM \u00b7 ETHYLHEXYL METHOXYCINNAMATE \u00b7 BUTYL METHOXYDIBENZOYLMETHANE \u00b7 ETHYLHEXYL SALICYLATE \u00b7 BHT \u00b7 BENZYL SALICYLATE \u00b7 LINALOOL \u00b7 HYDROXYCITRONELLAL \u00b7 HEXYL CINNAMAL \u00b7 LIMONENE \u00b7 GERANIOL \u00b7 CINNAMYL ALCOHOL \u00b7 CITRONELLOL \u00b7 AMYL CINNAMAL \u00b7 BENZYL BENZOATE \u00b7 CITRAL \u00b7 COUMARIN \u00b7 CI 17200 \u00b7 CI 60730 \u00b7 CI 42090<\/span><\/p>","protected":false},"excerpt":{"rendered":"<p>D\u00e9couvrez le parfum Zara Gardenia, une fragrance s\u00e9duisante mettant en valeur la beaut\u00e9 envo\u00fbtante des fleurs blanches. Avec sa combinaison soyeuse et captivante, ce parfum offre une exp\u00e9rience olfactive unique.<\/p>","protected":false},"featured_media":9272,"comment_status":"open","ping_status":"closed","template":"","meta":{"om_disable_all_campaigns":false,"_mi_skip_tracking":false,"_monsterinsights_sitenote_active":false,"_monsterinsights_sitenote_note":"","_monsterinsights_sitenote_category":0},"product_brand":[],"product_cat":[127,1771,1797],"product_tag":[],"class_list":{"0":"post-9270","1":"product","2":"type-product","3":"status-publish","4":"has-post-thumbnail","6":"product_cat-boutique","7":"product_cat-parfums","8":"product_cat-parfums-femme","9":"yith_product_brand-zara","11":"first","12":"outofstock","13":"shipping-taxable","14":"purchasable","15":"product-type-simple"},"yoast_head":"<!-- This site is optimized with the Yoast SEO Premium plugin v20.8 (Yoast SEO v27.4) - https:\/\/yoast.com\/product\/yoast-seo-premium-wordpress\/ -->\n<title>Zara Parfum Femme Gardenia 90ml | Dakar - S\u00e9n\u00e9gal<\/title>\n<meta name=\"description\" content=\"D\u00e9couvrez le parfum Femme Zara Gardenia, une fragrance s\u00e9duisante mettant en valeur la beaut\u00e9 envo\u00fbtante des fleurs blanches. Avec sa combinaison soyeuse ...\" \/>\n<meta name=\"robots\" content=\"index, follow, max-snippet:-1, max-image-preview:large, max-video-preview:-1\" \/>\n<link rel=\"canonical\" href=\"https:\/\/labemacosmetics.com\/en\/product\/zara-parfum-femme-gardenia-90ml\/\" \/>\n<meta property=\"og:locale\" content=\"en_GB\" \/>\n<meta property=\"og:type\" content=\"article\" \/>\n<meta property=\"og:title\" content=\"Zara Parfum Femme Gardenia 90ml\" \/>\n<meta property=\"og:description\" content=\"D\u00e9couvrez le parfum Femme Zara Gardenia, une fragrance s\u00e9duisante mettant en valeur la beaut\u00e9 envo\u00fbtante des fleurs blanches. Avec sa combinaison soyeuse ...\" \/>\n<meta property=\"og:url\" content=\"https:\/\/labemacosmetics.com\/en\/product\/zara-parfum-femme-gardenia-90ml\/\" \/>\n<meta property=\"og:site_name\" content=\"Lab&eacute;ma Cosmetics\" \/>\n<meta property=\"article:publisher\" content=\"http:\/\/www.facebook.com\/labemacosmetics\" \/>\n<meta property=\"article:modified_time\" content=\"2026-01-23T13:19:14+00:00\" \/>\n<meta property=\"og:image\" content=\"https:\/\/labemacosmetics.com\/wp-content\/uploads\/2023\/06\/Zara-parfum-Gardenia-2.png\" \/>\n\t<meta property=\"og:image:width\" content=\"600\" \/>\n\t<meta property=\"og:image:height\" content=\"600\" \/>\n\t<meta property=\"og:image:type\" content=\"image\/png\" \/>\n<meta name=\"twitter:card\" content=\"summary_large_image\" \/>\n<meta name=\"twitter:site\" content=\"@Labemasn\" \/>\n<meta name=\"twitter:label1\" content=\"Price\" \/>\n\t<meta name=\"twitter:data1\" content=\"15 000&nbsp;CFA\" \/>\n\t<meta name=\"twitter:label2\" content=\"Availability\" \/>\n\t<meta name=\"twitter:data2\" content=\"Out of stock\" \/>\n<script type=\"application\/ld+json\" class=\"yoast-schema-graph\">{\"@context\":\"https:\\\/\\\/schema.org\",\"@graph\":[{\"@type\":\"WebPage\",\"@id\":\"https:\\\/\\\/labemacosmetics.com\\\/produit\\\/zara-parfum-femme-gardenia-90ml\\\/\",\"url\":\"https:\\\/\\\/labemacosmetics.com\\\/produit\\\/zara-parfum-femme-gardenia-90ml\\\/\",\"name\":\"Zara Parfum Femme Gardenia 90ml | Dakar - S\u00e9n\u00e9gal\",\"isPartOf\":{\"@id\":\"https:\\\/\\\/labemacosmetics.com\\\/#website\"},\"primaryImageOfPage\":{\"@id\":\"https:\\\/\\\/labemacosmetics.com\\\/produit\\\/zara-parfum-femme-gardenia-90ml\\\/#primaryimage\"},\"image\":{\"@id\":\"https:\\\/\\\/labemacosmetics.com\\\/produit\\\/zara-parfum-femme-gardenia-90ml\\\/#primaryimage\"},\"thumbnailUrl\":\"https:\\\/\\\/labemacosmetics.com\\\/wp-content\\\/uploads\\\/2023\\\/06\\\/Zara-parfum-Gardenia-2.png\",\"datePublished\":\"2023-06-24T19:03:13+00:00\",\"dateModified\":\"2026-01-23T13:19:14+00:00\",\"description\":\"D\u00e9couvrez le parfum Femme Zara Gardenia, une fragrance s\u00e9duisante mettant en valeur la beaut\u00e9 envo\u00fbtante des fleurs blanches. Avec sa combinaison soyeuse ...\",\"breadcrumb\":{\"@id\":\"https:\\\/\\\/labemacosmetics.com\\\/produit\\\/zara-parfum-femme-gardenia-90ml\\\/#breadcrumb\"},\"inLanguage\":\"en-GB\",\"potentialAction\":[{\"@type\":\"ReadAction\",\"target\":[\"https:\\\/\\\/labemacosmetics.com\\\/produit\\\/zara-parfum-femme-gardenia-90ml\\\/\"]}]},{\"@type\":\"ImageObject\",\"inLanguage\":\"en-GB\",\"@id\":\"https:\\\/\\\/labemacosmetics.com\\\/produit\\\/zara-parfum-femme-gardenia-90ml\\\/#primaryimage\",\"url\":\"https:\\\/\\\/labemacosmetics.com\\\/wp-content\\\/uploads\\\/2023\\\/06\\\/Zara-parfum-Gardenia-2.png\",\"contentUrl\":\"https:\\\/\\\/labemacosmetics.com\\\/wp-content\\\/uploads\\\/2023\\\/06\\\/Zara-parfum-Gardenia-2.png\",\"width\":600,\"height\":600,\"caption\":\"Zara Parfum Femme Gardenia\"},{\"@type\":\"BreadcrumbList\",\"@id\":\"https:\\\/\\\/labemacosmetics.com\\\/produit\\\/zara-parfum-femme-gardenia-90ml\\\/#breadcrumb\",\"itemListElement\":[{\"@type\":\"ListItem\",\"position\":1,\"name\":\"Accueil\",\"item\":\"https:\\\/\\\/labemacosmetics.com\\\/\"},{\"@type\":\"ListItem\",\"position\":2,\"name\":\"Produits\",\"item\":\"https:\\\/\\\/labemacosmetics.com\\\/shop\\\/\"},{\"@type\":\"ListItem\",\"position\":3,\"name\":\"Zara Parfum Femme Gardenia 90ml\"}]},{\"@type\":\"WebSite\",\"@id\":\"https:\\\/\\\/labemacosmetics.com\\\/#website\",\"url\":\"https:\\\/\\\/labemacosmetics.com\\\/\",\"name\":\"Lab&eacute;ma Cosmetics\",\"description\":\"\",\"potentialAction\":[{\"@type\":\"SearchAction\",\"target\":{\"@type\":\"EntryPoint\",\"urlTemplate\":\"https:\\\/\\\/labemacosmetics.com\\\/?s={search_term_string}\"},\"query-input\":{\"@type\":\"PropertyValueSpecification\",\"valueRequired\":true,\"valueName\":\"search_term_string\"}}],\"inLanguage\":\"en-GB\"}]}<\/script>\n<meta property=\"product:brand\" content=\"Zara\" \/>\n<meta property=\"product:price:amount\" content=\"15000\" \/>\n<meta property=\"product:price:currency\" content=\"XOF\" \/>\n<meta property=\"og:availability\" content=\"out of stock\" \/>\n<meta property=\"product:availability\" content=\"out of stock\" \/>\n<meta property=\"product:retailer_item_id\" content=\"Labema 373\" \/>\n<meta property=\"product:condition\" content=\"new\" \/>\n<!-- \/ Yoast SEO Premium plugin. -->","yoast_head_json":{"title":"Zara Parfum Femme Gardenia 90ml | Dakar - S\u00e9n\u00e9gal","description":"D\u00e9couvrez le parfum Femme Zara Gardenia, une fragrance s\u00e9duisante mettant en valeur la beaut\u00e9 envo\u00fbtante des fleurs blanches. Avec sa combinaison soyeuse ...","robots":{"index":"index","follow":"follow","max-snippet":"max-snippet:-1","max-image-preview":"max-image-preview:large","max-video-preview":"max-video-preview:-1"},"canonical":"https:\/\/labemacosmetics.com\/en\/product\/zara-parfum-femme-gardenia-90ml\/","og_locale":"en_GB","og_type":"article","og_title":"Zara Parfum Femme Gardenia 90ml","og_description":"D\u00e9couvrez le parfum Femme Zara Gardenia, une fragrance s\u00e9duisante mettant en valeur la beaut\u00e9 envo\u00fbtante des fleurs blanches. Avec sa combinaison soyeuse ...","og_url":"https:\/\/labemacosmetics.com\/en\/product\/zara-parfum-femme-gardenia-90ml\/","og_site_name":"Lab&eacute;ma Cosmetics","article_publisher":"http:\/\/www.facebook.com\/labemacosmetics","article_modified_time":"2026-01-23T13:19:14+00:00","og_image":[{"width":600,"height":600,"url":"https:\/\/labemacosmetics.com\/wp-content\/uploads\/2023\/06\/Zara-parfum-Gardenia-2.png","type":"image\/png"}],"twitter_card":"summary_large_image","twitter_site":"@Labemasn","twitter_misc":{"Price":"15 000&nbsp;CFA","Availability":"Out of stock"},"schema":{"@context":"https:\/\/schema.org","@graph":[{"@type":"WebPage","@id":"https:\/\/labemacosmetics.com\/produit\/zara-parfum-femme-gardenia-90ml\/","url":"https:\/\/labemacosmetics.com\/produit\/zara-parfum-femme-gardenia-90ml\/","name":"Zara Parfum Femme Gardenia 90ml | Dakar - S\u00e9n\u00e9gal","isPartOf":{"@id":"https:\/\/labemacosmetics.com\/#website"},"primaryImageOfPage":{"@id":"https:\/\/labemacosmetics.com\/produit\/zara-parfum-femme-gardenia-90ml\/#primaryimage"},"image":{"@id":"https:\/\/labemacosmetics.com\/produit\/zara-parfum-femme-gardenia-90ml\/#primaryimage"},"thumbnailUrl":"https:\/\/labemacosmetics.com\/wp-content\/uploads\/2023\/06\/Zara-parfum-Gardenia-2.png","datePublished":"2023-06-24T19:03:13+00:00","dateModified":"2026-01-23T13:19:14+00:00","description":"D\u00e9couvrez le parfum Femme Zara Gardenia, une fragrance s\u00e9duisante mettant en valeur la beaut\u00e9 envo\u00fbtante des fleurs blanches. Avec sa combinaison soyeuse ...","breadcrumb":{"@id":"https:\/\/labemacosmetics.com\/produit\/zara-parfum-femme-gardenia-90ml\/#breadcrumb"},"inLanguage":"en-GB","potentialAction":[{"@type":"ReadAction","target":["https:\/\/labemacosmetics.com\/produit\/zara-parfum-femme-gardenia-90ml\/"]}]},{"@type":"ImageObject","inLanguage":"en-GB","@id":"https:\/\/labemacosmetics.com\/produit\/zara-parfum-femme-gardenia-90ml\/#primaryimage","url":"https:\/\/labemacosmetics.com\/wp-content\/uploads\/2023\/06\/Zara-parfum-Gardenia-2.png","contentUrl":"https:\/\/labemacosmetics.com\/wp-content\/uploads\/2023\/06\/Zara-parfum-Gardenia-2.png","width":600,"height":600,"caption":"Zara Parfum Femme Gardenia"},{"@type":"BreadcrumbList","@id":"https:\/\/labemacosmetics.com\/produit\/zara-parfum-femme-gardenia-90ml\/#breadcrumb","itemListElement":[{"@type":"ListItem","position":1,"name":"Accueil","item":"https:\/\/labemacosmetics.com\/"},{"@type":"ListItem","position":2,"name":"Produits","item":"https:\/\/labemacosmetics.com\/shop\/"},{"@type":"ListItem","position":3,"name":"Zara Parfum Femme Gardenia 90ml"}]},{"@type":"WebSite","@id":"https:\/\/labemacosmetics.com\/#website","url":"https:\/\/labemacosmetics.com\/","name":"Lab&eacute;ma Cosmetics","description":"","potentialAction":[{"@type":"SearchAction","target":{"@type":"EntryPoint","urlTemplate":"https:\/\/labemacosmetics.com\/?s={search_term_string}"},"query-input":{"@type":"PropertyValueSpecification","valueRequired":true,"valueName":"search_term_string"}}],"inLanguage":"en-GB"}]},"product_brand":"Zara","product_price_amount":"15000","product_price_currency":"XOF","og_availability":"out of stock","product_availability":"out of stock","product_retailer_item_id":"Labema 373","product_condition":"new"},"_links":{"self":[{"href":"https:\/\/labemacosmetics.com\/en\/wp-json\/wp\/v2\/product\/9270","targetHints":{"allow":["GET"]}}],"collection":[{"href":"https:\/\/labemacosmetics.com\/en\/wp-json\/wp\/v2\/product"}],"about":[{"href":"https:\/\/labemacosmetics.com\/en\/wp-json\/wp\/v2\/types\/product"}],"replies":[{"embeddable":true,"href":"https:\/\/labemacosmetics.com\/en\/wp-json\/wp\/v2\/comments?post=9270"}],"version-history":[{"count":1,"href":"https:\/\/labemacosmetics.com\/en\/wp-json\/wp\/v2\/product\/9270\/revisions"}],"predecessor-version":[{"id":9274,"href":"https:\/\/labemacosmetics.com\/en\/wp-json\/wp\/v2\/product\/9270\/revisions\/9274"}],"wp:featuredmedia":[{"embeddable":true,"href":"https:\/\/labemacosmetics.com\/en\/wp-json\/wp\/v2\/media\/9272"}],"wp:attachment":[{"href":"https:\/\/labemacosmetics.com\/en\/wp-json\/wp\/v2\/media?parent=9270"}],"wp:term":[{"taxonomy":"product_brand","embeddable":true,"href":"https:\/\/labemacosmetics.com\/en\/wp-json\/wp\/v2\/product_brand?post=9270"},{"taxonomy":"product_cat","embeddable":true,"href":"https:\/\/labemacosmetics.com\/en\/wp-json\/wp\/v2\/product_cat?post=9270"},{"taxonomy":"product_tag","embeddable":true,"href":"https:\/\/labemacosmetics.com\/en\/wp-json\/wp\/v2\/product_tag?post=9270"}],"curies":[{"name":"wp","href":"https:\/\/api.w.org\/{rel}","templated":true}]}}