{"id":9180,"date":"2023-06-21T10:18:43","date_gmt":"2023-06-21T09:18:43","guid":{"rendered":"https:\/\/labemacosmetics.com\/?post_type=product&#038;p=9180"},"modified":"2024-09-07T20:01:40","modified_gmt":"2024-09-07T19:01:40","slug":"the-ordinary-acide-glycolique-7-solution-tonifiante","status":"publish","type":"product","link":"https:\/\/labemacosmetics.com\/en\/product\/the-ordinary-acide-glycolique-7-solution-tonifiante\/","title":{"rendered":"The Ordinary Acide Glycolique 7% Solution Tonifiante"},"content":{"rendered":"<p>The Ordinary Acide Glycolique solution concentr\u00e9e \u00e0 7% d&rsquo;Acide Glycolique, offre une exfoliation l\u00e9g\u00e8re qui aide \u00e0 am\u00e9liorer l&rsquo;\u00e9clat et la clart\u00e9 du teint. Cette formule vegan est sp\u00e9cialement con\u00e7ue pour apporter une am\u00e9lioration progressive de la texture de la peau \u00e0 long terme. L&rsquo;Acide Glycolique, un Acide Alpha-Hydroxyl\u00e9 (AHA), est connu pour ses propri\u00e9t\u00e9s exfoliantes qui permettent de revitaliser la peau.<\/p>\n<p>Pour minimiser les irritations souvent associ\u00e9es \u00e0 l&rsquo;utilisation d&rsquo;acides de fruits, cette solution contient un d\u00e9riv\u00e9 de baie poivr\u00e9e de Tasmanie d&rsquo;origine v\u00e9g\u00e9tale. Veuillez noter que la couleur de ce d\u00e9riv\u00e9 peut varier l\u00e9g\u00e8rement en fonction des saisons, ce qui peut se refl\u00e9ter dans la formule de temps en temps.<\/p>\n<p>Enrichie en racine de ginseng et en aloe vera, la Solution Tonifiante \u00e0 l&rsquo;Acide Glycolique 7% de The Ordinary stimule l&rsquo;\u00e9clat de la peau tout en la pr\u00e9servant. Sa formule a un pH d&rsquo;environ 3,6, qui correspond au pKa de l&rsquo;Acide Glycolique. Le pKa est un indicateur essentiel \u00e0 prendre en compte lors de la formulation des acides. Lorsque le pKa se rapproche du pH, un \u00e9quilibre parfait est atteint entre la forme acide et la forme ionis\u00e9e de l&rsquo;acide, optimisant ainsi son efficacit\u00e9 tout en r\u00e9duisant les risques d&rsquo;irritation.<\/p>\n<p>Veuillez noter que cette formule n&rsquo;est pas recommand\u00e9e pour une utilisation sur une peau sensible, ab\u00eem\u00e9e ou en phase de desquamation.<\/p>\n<p>En suivant ces recommandations, vous pourrez profiter pleinement des bienfaits de la Solution Tonifiante \u00e0 l&rsquo;Acide Glycolique 7% de The Ordinary tout en prenant soin de votre peau.<\/p>\n<h2>Utilisation The Ordinary Acide Glycolique 7%<\/h2>\n<p>Pour une utilisation optimale:<\/p>\n<ul>\n<li>privil\u00e9giez l&rsquo;application le soir, une seule fois par jour. Impr\u00e9gnez un coton de la solution et passez-le d\u00e9licatement sur l&rsquo;ensemble du visage et du cou, apr\u00e8s avoir pr\u00e9alablement nettoy\u00e9 votre peau.<\/li>\n<li>Veuillez noter que cette formule n&rsquo;est pas adapt\u00e9e aux peaux sensibles, ab\u00eem\u00e9es ou sujettes \u00e0 la desquamation. \u00c9vitez tout contact avec les yeux et le contour des yeux.<\/li>\n<li>Inutile de rincer la solution. Ensuite, vous pouvez appliquer vos soins compl\u00e9mentaires habituels. Il est important de limiter la fr\u00e9quence et la dur\u00e9e d&rsquo;utilisation. En cas d&rsquo;irritation, veuillez cesser l&rsquo;utilisation et consulter un professionnel de sant\u00e9.<\/li>\n<li>Assurez-vous de suivre les instructions d&rsquo;utilisation uniquement sur une peau intacte. Il est recommand\u00e9 d&rsquo;effectuer un test cutan\u00e9 avant la premi\u00e8re utilisation. Pour obtenir un guide d\u00e9taill\u00e9 sur la proc\u00e9dure \u00e0 suivre pour r\u00e9aliser un test cutan\u00e9, veuillez consulter le site Internet de DECIEM.<\/li>\n<li>Gardez le produit hors de la port\u00e9e des enfants pour leur s\u00e9curit\u00e9.<\/li>\n<\/ul>\n<h2>Ingr\u00e9dients<\/h2>\n<p>-Glycolic Acid: Un acide alpha hydroxyle qui exfolie la peau.<br \/>\n-Tasmanian Pepperberry Derivative: Aide \u00e0 r\u00e9duire l\u2019irritation associ\u00e9e \u00e0 l\u2019utilisation d\u2019acide.<br \/>\n-Ginseng Root and Aloe Vera: Offrez \u00e0 la fois un \u00e9clat visible et des bienfaits apaisants.<\/p>\n<p>Water, Glycolic Acid, Rosa damascena flower water, Centaurea cyanus flower water, Aloe Barbadensis Leaf Water, Propanediol, Glycerin, Triethanolamine, Aminomethyl Propanol, Panax Ginseng Root Extract, Tasmannia Lanceolata Fruit\/Leaf Extract, Aspartic Acid, Alanine, Glycine, Serine, Valine, Isoleucine, Proline, Threonine, Histidine, Phenylalanine, Glutamic Acid, Arginine, PCA, Sodium PCA, Sodium Lactate, Fructose, Glucose, Sucrose, Urea, Hexyl Nicotinate, Dextrin, Citric Acid, Polysorbate 20, Gellan Gum, Trisodium Ethylenediamine Disuccinate, Sodium Chloride, Hexylene Glycol, Potassium Sorbate, Sodium Benzoate, 1,2-Hexanediol, Caprylyl Glycol.<\/p>","protected":false},"excerpt":{"rendered":"<p>The Ordinary Acide Glycolique solution concentr\u00e9e \u00e0 7% d&rsquo;Acide Glycolique, offre une exfoliation l\u00e9g\u00e8re qui aide \u00e0 am\u00e9liorer l&rsquo;\u00e9clat et la clart\u00e9 du teint. Cette formule vegan est sp\u00e9cialement con\u00e7ue pour apporter une am\u00e9lioration progressive de la texture de la peau \u00e0 long terme. L&rsquo;Acide Glycolique, un Acide Alpha-Hydroxyl\u00e9 (AHA), est connu pour ses propri\u00e9t\u00e9s [&hellip;]<\/p>\n","protected":false},"featured_media":9184,"comment_status":"open","ping_status":"closed","template":"","meta":{"om_disable_all_campaigns":false,"_mi_skip_tracking":false,"_monsterinsights_sitenote_active":false,"_monsterinsights_sitenote_note":"","_monsterinsights_sitenote_category":0},"product_brand":[],"product_cat":[127,1747,515,514,516,512,1745,128,1748,513],"product_tag":[],"class_list":{"0":"post-9180","1":"product","2":"type-product","3":"status-publish","4":"has-post-thumbnail","6":"product_cat-boutique","7":"product_cat-peaux-a-tendances-acneiques","8":"product_cat-peaux-mixtes-a-grasses","9":"product_cat-peaux-normales","10":"product_cat-peaux-seches","11":"product_cat-produits-par-besoin","12":"product_cat-serums","13":"product_cat-soin-de-visage","14":"product_cat-soins-anti-taches","15":"product_cat-type-de-peau","16":"yith_product_brand-the-ordinary","18":"first","19":"outofstock","20":"shipping-taxable","21":"purchasable","22":"product-type-simple"},"yoast_head":"<!-- This site is optimized with the Yoast SEO Premium plugin v20.8 (Yoast SEO v27.4) - https:\/\/yoast.com\/product\/yoast-seo-premium-wordpress\/ -->\n<title>The Ordinary Acide Glycolique 7% Solution Tonifiante | Dakar<\/title>\n<meta name=\"description\" content=\"The Ordinary Acide Glycolique solution concentr\u00e9e \u00e0 7% d&#039;Acide Glycolique, offre une exfoliation l\u00e9g\u00e8re qui aide \u00e0 am\u00e9liorer l&#039;\u00e9clat et la clart\u00e9 du teint.\" \/>\n<meta name=\"robots\" content=\"index, follow, max-snippet:-1, max-image-preview:large, max-video-preview:-1\" \/>\n<link rel=\"canonical\" href=\"https:\/\/labemacosmetics.com\/en\/product\/the-ordinary-acide-glycolique-7-solution-tonifiante\/\" \/>\n<meta property=\"og:locale\" content=\"en_GB\" \/>\n<meta property=\"og:type\" content=\"article\" \/>\n<meta property=\"og:title\" content=\"The Ordinary Acide Glycolique 7% Solution Tonifiante\" \/>\n<meta property=\"og:description\" content=\"The Ordinary Acide Glycolique solution concentr\u00e9e \u00e0 7% d&#039;Acide Glycolique, offre une exfoliation l\u00e9g\u00e8re qui aide \u00e0 am\u00e9liorer l&#039;\u00e9clat et la clart\u00e9 du teint.\" \/>\n<meta property=\"og:url\" content=\"https:\/\/labemacosmetics.com\/en\/product\/the-ordinary-acide-glycolique-7-solution-tonifiante\/\" \/>\n<meta property=\"og:site_name\" content=\"Lab&eacute;ma Cosmetics\" \/>\n<meta property=\"article:publisher\" content=\"http:\/\/www.facebook.com\/labemacosmetics\" \/>\n<meta property=\"article:modified_time\" content=\"2024-09-07T19:01:40+00:00\" \/>\n<meta property=\"og:image\" content=\"https:\/\/labemacosmetics.com\/wp-content\/uploads\/2023\/06\/ordinary-acide-glycolique.png\" \/>\n\t<meta property=\"og:image:width\" content=\"600\" \/>\n\t<meta property=\"og:image:height\" content=\"600\" \/>\n\t<meta property=\"og:image:type\" content=\"image\/png\" \/>\n<meta name=\"twitter:card\" content=\"summary_large_image\" \/>\n<meta name=\"twitter:site\" content=\"@Labemasn\" \/>\n<meta name=\"twitter:label1\" content=\"Price\" \/>\n\t<meta name=\"twitter:data1\" content=\"12 800&nbsp;CFA\" \/>\n\t<meta name=\"twitter:label2\" content=\"Availability\" \/>\n\t<meta name=\"twitter:data2\" content=\"Out of stock\" \/>\n<script type=\"application\/ld+json\" class=\"yoast-schema-graph\">{\"@context\":\"https:\\\/\\\/schema.org\",\"@graph\":[{\"@type\":\"WebPage\",\"@id\":\"https:\\\/\\\/labemacosmetics.com\\\/produit\\\/the-ordinary-acide-glycolique-7-solution-tonifiante\\\/\",\"url\":\"https:\\\/\\\/labemacosmetics.com\\\/produit\\\/the-ordinary-acide-glycolique-7-solution-tonifiante\\\/\",\"name\":\"The Ordinary Acide Glycolique 7% Solution Tonifiante | Dakar\",\"isPartOf\":{\"@id\":\"https:\\\/\\\/labemacosmetics.com\\\/#website\"},\"primaryImageOfPage\":{\"@id\":\"https:\\\/\\\/labemacosmetics.com\\\/produit\\\/the-ordinary-acide-glycolique-7-solution-tonifiante\\\/#primaryimage\"},\"image\":{\"@id\":\"https:\\\/\\\/labemacosmetics.com\\\/produit\\\/the-ordinary-acide-glycolique-7-solution-tonifiante\\\/#primaryimage\"},\"thumbnailUrl\":\"https:\\\/\\\/labemacosmetics.com\\\/wp-content\\\/uploads\\\/2023\\\/06\\\/ordinary-acide-glycolique.png\",\"datePublished\":\"2023-06-21T09:18:43+00:00\",\"dateModified\":\"2024-09-07T19:01:40+00:00\",\"description\":\"The Ordinary Acide Glycolique solution concentr\u00e9e \u00e0 7% d'Acide Glycolique, offre une exfoliation l\u00e9g\u00e8re qui aide \u00e0 am\u00e9liorer l'\u00e9clat et la clart\u00e9 du teint.\",\"breadcrumb\":{\"@id\":\"https:\\\/\\\/labemacosmetics.com\\\/produit\\\/the-ordinary-acide-glycolique-7-solution-tonifiante\\\/#breadcrumb\"},\"inLanguage\":\"en-GB\",\"potentialAction\":[{\"@type\":\"ReadAction\",\"target\":[\"https:\\\/\\\/labemacosmetics.com\\\/produit\\\/the-ordinary-acide-glycolique-7-solution-tonifiante\\\/\"]}]},{\"@type\":\"ImageObject\",\"inLanguage\":\"en-GB\",\"@id\":\"https:\\\/\\\/labemacosmetics.com\\\/produit\\\/the-ordinary-acide-glycolique-7-solution-tonifiante\\\/#primaryimage\",\"url\":\"https:\\\/\\\/labemacosmetics.com\\\/wp-content\\\/uploads\\\/2023\\\/06\\\/ordinary-acide-glycolique.png\",\"contentUrl\":\"https:\\\/\\\/labemacosmetics.com\\\/wp-content\\\/uploads\\\/2023\\\/06\\\/ordinary-acide-glycolique.png\",\"width\":600,\"height\":600,\"caption\":\"The ordinary Acide glycolique\"},{\"@type\":\"BreadcrumbList\",\"@id\":\"https:\\\/\\\/labemacosmetics.com\\\/produit\\\/the-ordinary-acide-glycolique-7-solution-tonifiante\\\/#breadcrumb\",\"itemListElement\":[{\"@type\":\"ListItem\",\"position\":1,\"name\":\"Accueil\",\"item\":\"https:\\\/\\\/labemacosmetics.com\\\/\"},{\"@type\":\"ListItem\",\"position\":2,\"name\":\"Produits\",\"item\":\"https:\\\/\\\/labemacosmetics.com\\\/shop\\\/\"},{\"@type\":\"ListItem\",\"position\":3,\"name\":\"The Ordinary Acide Glycolique 7% Solution Tonifiante\"}]},{\"@type\":\"WebSite\",\"@id\":\"https:\\\/\\\/labemacosmetics.com\\\/#website\",\"url\":\"https:\\\/\\\/labemacosmetics.com\\\/\",\"name\":\"Lab&eacute;ma Cosmetics\",\"description\":\"\",\"potentialAction\":[{\"@type\":\"SearchAction\",\"target\":{\"@type\":\"EntryPoint\",\"urlTemplate\":\"https:\\\/\\\/labemacosmetics.com\\\/?s={search_term_string}\"},\"query-input\":{\"@type\":\"PropertyValueSpecification\",\"valueRequired\":true,\"valueName\":\"search_term_string\"}}],\"inLanguage\":\"en-GB\"}]}<\/script>\n<meta property=\"product:brand\" content=\"The Ordinary\" \/>\n<meta property=\"product:price:amount\" content=\"12800\" \/>\n<meta property=\"product:price:currency\" content=\"XOF\" \/>\n<meta property=\"og:availability\" content=\"out of stock\" \/>\n<meta property=\"product:availability\" content=\"out of stock\" \/>\n<meta property=\"product:condition\" content=\"new\" \/>\n<!-- \/ Yoast SEO Premium plugin. -->","yoast_head_json":{"title":"The Ordinary Acide Glycolique 7% Solution Tonifiante | Dakar","description":"The Ordinary Acide Glycolique solution concentr\u00e9e \u00e0 7% d'Acide Glycolique, offre une exfoliation l\u00e9g\u00e8re qui aide \u00e0 am\u00e9liorer l'\u00e9clat et la clart\u00e9 du teint.","robots":{"index":"index","follow":"follow","max-snippet":"max-snippet:-1","max-image-preview":"max-image-preview:large","max-video-preview":"max-video-preview:-1"},"canonical":"https:\/\/labemacosmetics.com\/en\/product\/the-ordinary-acide-glycolique-7-solution-tonifiante\/","og_locale":"en_GB","og_type":"article","og_title":"The Ordinary Acide Glycolique 7% Solution Tonifiante","og_description":"The Ordinary Acide Glycolique solution concentr\u00e9e \u00e0 7% d'Acide Glycolique, offre une exfoliation l\u00e9g\u00e8re qui aide \u00e0 am\u00e9liorer l'\u00e9clat et la clart\u00e9 du teint.","og_url":"https:\/\/labemacosmetics.com\/en\/product\/the-ordinary-acide-glycolique-7-solution-tonifiante\/","og_site_name":"Lab&eacute;ma Cosmetics","article_publisher":"http:\/\/www.facebook.com\/labemacosmetics","article_modified_time":"2024-09-07T19:01:40+00:00","og_image":[{"width":600,"height":600,"url":"https:\/\/labemacosmetics.com\/wp-content\/uploads\/2023\/06\/ordinary-acide-glycolique.png","type":"image\/png"}],"twitter_card":"summary_large_image","twitter_site":"@Labemasn","twitter_misc":{"Price":"12 800&nbsp;CFA","Availability":"Out of stock"},"schema":{"@context":"https:\/\/schema.org","@graph":[{"@type":"WebPage","@id":"https:\/\/labemacosmetics.com\/produit\/the-ordinary-acide-glycolique-7-solution-tonifiante\/","url":"https:\/\/labemacosmetics.com\/produit\/the-ordinary-acide-glycolique-7-solution-tonifiante\/","name":"The Ordinary Acide Glycolique 7% Solution Tonifiante | Dakar","isPartOf":{"@id":"https:\/\/labemacosmetics.com\/#website"},"primaryImageOfPage":{"@id":"https:\/\/labemacosmetics.com\/produit\/the-ordinary-acide-glycolique-7-solution-tonifiante\/#primaryimage"},"image":{"@id":"https:\/\/labemacosmetics.com\/produit\/the-ordinary-acide-glycolique-7-solution-tonifiante\/#primaryimage"},"thumbnailUrl":"https:\/\/labemacosmetics.com\/wp-content\/uploads\/2023\/06\/ordinary-acide-glycolique.png","datePublished":"2023-06-21T09:18:43+00:00","dateModified":"2024-09-07T19:01:40+00:00","description":"The Ordinary Acide Glycolique solution concentr\u00e9e \u00e0 7% d'Acide Glycolique, offre une exfoliation l\u00e9g\u00e8re qui aide \u00e0 am\u00e9liorer l'\u00e9clat et la clart\u00e9 du teint.","breadcrumb":{"@id":"https:\/\/labemacosmetics.com\/produit\/the-ordinary-acide-glycolique-7-solution-tonifiante\/#breadcrumb"},"inLanguage":"en-GB","potentialAction":[{"@type":"ReadAction","target":["https:\/\/labemacosmetics.com\/produit\/the-ordinary-acide-glycolique-7-solution-tonifiante\/"]}]},{"@type":"ImageObject","inLanguage":"en-GB","@id":"https:\/\/labemacosmetics.com\/produit\/the-ordinary-acide-glycolique-7-solution-tonifiante\/#primaryimage","url":"https:\/\/labemacosmetics.com\/wp-content\/uploads\/2023\/06\/ordinary-acide-glycolique.png","contentUrl":"https:\/\/labemacosmetics.com\/wp-content\/uploads\/2023\/06\/ordinary-acide-glycolique.png","width":600,"height":600,"caption":"The ordinary Acide glycolique"},{"@type":"BreadcrumbList","@id":"https:\/\/labemacosmetics.com\/produit\/the-ordinary-acide-glycolique-7-solution-tonifiante\/#breadcrumb","itemListElement":[{"@type":"ListItem","position":1,"name":"Accueil","item":"https:\/\/labemacosmetics.com\/"},{"@type":"ListItem","position":2,"name":"Produits","item":"https:\/\/labemacosmetics.com\/shop\/"},{"@type":"ListItem","position":3,"name":"The Ordinary Acide Glycolique 7% Solution Tonifiante"}]},{"@type":"WebSite","@id":"https:\/\/labemacosmetics.com\/#website","url":"https:\/\/labemacosmetics.com\/","name":"Lab&eacute;ma Cosmetics","description":"","potentialAction":[{"@type":"SearchAction","target":{"@type":"EntryPoint","urlTemplate":"https:\/\/labemacosmetics.com\/?s={search_term_string}"},"query-input":{"@type":"PropertyValueSpecification","valueRequired":true,"valueName":"search_term_string"}}],"inLanguage":"en-GB"}]},"product_brand":"The Ordinary","product_price_amount":"12800","product_price_currency":"XOF","og_availability":"out of stock","product_availability":"out of stock","product_condition":"new"},"_links":{"self":[{"href":"https:\/\/labemacosmetics.com\/en\/wp-json\/wp\/v2\/product\/9180","targetHints":{"allow":["GET"]}}],"collection":[{"href":"https:\/\/labemacosmetics.com\/en\/wp-json\/wp\/v2\/product"}],"about":[{"href":"https:\/\/labemacosmetics.com\/en\/wp-json\/wp\/v2\/types\/product"}],"replies":[{"embeddable":true,"href":"https:\/\/labemacosmetics.com\/en\/wp-json\/wp\/v2\/comments?post=9180"}],"version-history":[{"count":2,"href":"https:\/\/labemacosmetics.com\/en\/wp-json\/wp\/v2\/product\/9180\/revisions"}],"predecessor-version":[{"id":9188,"href":"https:\/\/labemacosmetics.com\/en\/wp-json\/wp\/v2\/product\/9180\/revisions\/9188"}],"wp:featuredmedia":[{"embeddable":true,"href":"https:\/\/labemacosmetics.com\/en\/wp-json\/wp\/v2\/media\/9184"}],"wp:attachment":[{"href":"https:\/\/labemacosmetics.com\/en\/wp-json\/wp\/v2\/media?parent=9180"}],"wp:term":[{"taxonomy":"product_brand","embeddable":true,"href":"https:\/\/labemacosmetics.com\/en\/wp-json\/wp\/v2\/product_brand?post=9180"},{"taxonomy":"product_cat","embeddable":true,"href":"https:\/\/labemacosmetics.com\/en\/wp-json\/wp\/v2\/product_cat?post=9180"},{"taxonomy":"product_tag","embeddable":true,"href":"https:\/\/labemacosmetics.com\/en\/wp-json\/wp\/v2\/product_tag?post=9180"}],"curies":[{"name":"wp","href":"https:\/\/api.w.org\/{rel}","templated":true}]}}