{"id":9171,"date":"2023-06-21T10:20:05","date_gmt":"2023-06-21T09:20:05","guid":{"rendered":"https:\/\/labemacosmetics.com\/?post_type=product&#038;p=9171"},"modified":"2023-09-04T20:59:31","modified_gmt":"2023-09-04T19:59:31","slug":"the-ordinary-cafeine-solution-5-egcg-30ml","status":"publish","type":"product","link":"https:\/\/labemacosmetics.com\/en\/product\/the-ordinary-cafeine-solution-5-egcg-30ml\/","title":{"rendered":"The Ordinary Caf\u00e9ine Solution 5% + EGCG 30ml"},"content":{"rendered":"<div class=\"flex flex-grow flex-col gap-3\">\n<div class=\"min-h-[20px] flex flex-col items-start gap-4 whitespace-pre-wrap break-words\">\n<div class=\"markdown prose w-full break-words dark:prose-invert light\">\n<p>The Ordinary caf\u00e9ine Solution est un s\u00e9rum l\u00e9ger et vegan qui offre une puissante concentration de 5% de caf\u00e9ine, combin\u00e9e \u00e0 une forme purifi\u00e9e de glucoside de gallate d&rsquo;\u00e9pigallocat\u00e9chine (EGCG) provenant des feuilles de th\u00e9 vert.<\/p>\n<p>Des \u00e9tudes ind\u00e9pendantes ont d\u00e9montr\u00e9 que l&rsquo;application topique de caf\u00e9ine et d&rsquo;EGCG contribue \u00e0 r\u00e9duire les poches et les cernes dans la zone d\u00e9licate du contour des yeux. Ce s\u00e9rum agit en stimulant la microcirculation et en r\u00e9duisant l&rsquo;accumulation de liquide sous les yeux, ce qui aide \u00e0 diminuer l&rsquo;apparence des poches et des cernes.<\/p>\n<p>La caf\u00e9ine, connue pour ses propri\u00e9t\u00e9s d\u00e9congestionnantes, agit en resserrant les vaisseaux sanguins et en r\u00e9duisant l&rsquo;inflammation, ce qui peut att\u00e9nuer les signes de fatigue et de gonflement autour des yeux. L&rsquo;EGCG, un antioxydant puissant pr\u00e9sent dans le th\u00e9 vert, aide \u00e0 apaiser et \u00e0 prot\u00e9ger la peau des agressions environnementales.<\/p>\n<p>Ce s\u00e9rum l\u00e9ger est formul\u00e9 pour une utilisation cibl\u00e9e sur la zone du contour des yeux.<\/p>\n<p>Avec sa concentration \u00e9lev\u00e9e en caf\u00e9ine et en EGCG, la solution \u00e0 la caf\u00e9ine de The Ordinary offre une solution efficace pour att\u00e9nuer les signes de fatigue et raviver l&rsquo;\u00e9clat de votre regard. Ajoutez ce s\u00e9rum \u00e0 votre routine de soins pour une apparence plus lumineuse et revitalis\u00e9e autour des yeux.<\/p>\n<\/div>\n<h2>Utilisation The Ordinary Caf\u00e9ine Solution 5%<\/h2>\n<p>Pour appliquer la solution \u00e0 la caf\u00e9ine de The Ordinary, il est recommand\u00e9 d&rsquo;utiliser une petite quantit\u00e9 et de l&rsquo;appliquer d\u00e9licatement sur la zone du contour des yeux, le matin et le soir. Massez doucement la peau pour favoriser une meilleure absorption.<\/p>\n<p>En cas d&rsquo;irritation, il est important de cesser imm\u00e9diatement l&rsquo;utilisation du produit et de consulter un m\u00e9decin. Veillez \u00e0 utiliser ce produit uniquement conform\u00e9ment aux instructions fournies, en l&rsquo;appliquant sur une peau intacte et non bless\u00e9e.<\/p>\n<p>Avant la premi\u00e8re utilisation, il est conseill\u00e9 d&rsquo;effectuer un test cutan\u00e9 pour \u00e9valuer la tol\u00e9rance du produit. Pour obtenir des instructions d\u00e9taill\u00e9es sur la proc\u00e9dure \u00e0 suivre pour effectuer un test cutan\u00e9, veuillez consulter le site Internet de DECIEM, le fabricant de The Ordinary.<\/p>\n<p>Gardez ce produit hors de port\u00e9e des enfants, pour assurer leur s\u00e9curit\u00e9.<\/p>\n<h2>Ingr\u00e9dients<\/h2>\n<ul>\n<li>Caffeine and Epigallocatechin Gallate (EGCG) : Aide \u00e0 r\u00e9duire l\u2019apparence des poches et des cernes sous les yeux.<\/li>\n<li>Water, Caffeine, Maltodextrin, Glycerin, Propanediol, Epigallocatechin Gallatyl Glucoside, Gallyl Glucoside, Hyaluronic Acid, Oxidized Glutathione, Melanin, Glycine Soja (Soybean) Seed Extract, Urea, Pentylene Glycol, Hydroxyethylcellulose, Polyacrylate Crosspolymer-6, Xanthan gum,<\/li>\n<li>Lactic Acid, Dehydroacetic Acid, Trisodium Ethylenediamine Disuccinate, Propyl Gallate, Dimethyl Isosorbide, Ethoxydiglycol, Benzyl Alcohol, 1,2-Hexanediol, Ethylhexylglycerin, Phenoxyethanol, Caprylyl Glycol.<\/li>\n<\/ul>\n<p>&nbsp;<\/p>\n<\/div>\n<\/div>\n","protected":false},"excerpt":{"rendered":"<p>The Ordinary caf\u00e9ine Solution est un s\u00e9rum l\u00e9ger et vegan qui offre une puissante concentration de 5% de caf\u00e9ine, combin\u00e9e \u00e0 une forme purifi\u00e9e de glucoside de gallate d&rsquo;\u00e9pigallocat\u00e9chine (EGCG) provenant des feuilles de th\u00e9 vert.<\/p>","protected":false},"featured_media":9174,"comment_status":"open","ping_status":"closed","template":"","meta":{"om_disable_all_campaigns":false,"_mi_skip_tracking":false,"_monsterinsights_sitenote_active":false,"_monsterinsights_sitenote_note":"","_monsterinsights_sitenote_category":0},"product_brand":[],"product_cat":[127,1747,515,514,516,517,512,1745,128,513],"product_tag":[],"class_list":{"0":"post-9171","1":"product","2":"type-product","3":"status-publish","4":"has-post-thumbnail","6":"product_cat-boutique","7":"product_cat-peaux-a-tendances-acneiques","8":"product_cat-peaux-mixtes-a-grasses","9":"product_cat-peaux-normales","10":"product_cat-peaux-seches","11":"product_cat-peaux-sensibles","12":"product_cat-produits-par-besoin","13":"product_cat-serums","14":"product_cat-soin-de-visage","15":"product_cat-type-de-peau","16":"yith_product_brand-the-ordinary","18":"first","19":"outofstock","20":"shipping-taxable","21":"purchasable","22":"product-type-simple"},"yoast_head":"<!-- This site is optimized with the Yoast SEO Premium plugin v20.8 (Yoast SEO v27.4) - https:\/\/yoast.com\/product\/yoast-seo-premium-wordpress\/ -->\n<title>The Ordinary Caf\u00e9ine Solution 5% + EGCG 30ml | Dakar - S\u00e9n\u00e9gal<\/title>\n<meta name=\"description\" content=\"The Ordinary caf\u00e9ine Solution est un s\u00e9rum l\u00e9ger et vegan qui offre une puissante concentration de 5% de caf\u00e9ine, combin\u00e9e \u00e0 une forme purifi\u00e9e de glucoside\" \/>\n<meta name=\"robots\" content=\"index, follow, max-snippet:-1, max-image-preview:large, max-video-preview:-1\" \/>\n<link rel=\"canonical\" href=\"https:\/\/labemacosmetics.com\/en\/product\/the-ordinary-cafeine-solution-5-egcg-30ml\/\" \/>\n<meta property=\"og:locale\" content=\"en_GB\" \/>\n<meta property=\"og:type\" content=\"article\" \/>\n<meta property=\"og:title\" content=\"The Ordinary Caf\u00e9ine Solution 5% + EGCG 30ml\" \/>\n<meta property=\"og:description\" content=\"The Ordinary caf\u00e9ine Solution est un s\u00e9rum l\u00e9ger et vegan qui offre une puissante concentration de 5% de caf\u00e9ine, combin\u00e9e \u00e0 une forme purifi\u00e9e de glucoside\" \/>\n<meta property=\"og:url\" content=\"https:\/\/labemacosmetics.com\/en\/product\/the-ordinary-cafeine-solution-5-egcg-30ml\/\" \/>\n<meta property=\"og:site_name\" content=\"Lab&eacute;ma Cosmetics\" \/>\n<meta property=\"article:publisher\" content=\"http:\/\/www.facebook.com\/labemacosmetics\" \/>\n<meta property=\"article:modified_time\" content=\"2023-09-04T19:59:31+00:00\" \/>\n<meta property=\"og:image\" content=\"https:\/\/labemacosmetics.com\/wp-content\/uploads\/2023\/06\/Ordinary-cafeine.png\" \/>\n\t<meta property=\"og:image:width\" content=\"600\" \/>\n\t<meta property=\"og:image:height\" content=\"600\" \/>\n\t<meta property=\"og:image:type\" content=\"image\/png\" \/>\n<meta name=\"twitter:card\" content=\"summary_large_image\" \/>\n<meta name=\"twitter:site\" content=\"@Labemasn\" \/>\n<meta name=\"twitter:label1\" content=\"Price\" \/>\n\t<meta name=\"twitter:data1\" content=\"9 900&nbsp;CFA\" \/>\n\t<meta name=\"twitter:label2\" content=\"Availability\" \/>\n\t<meta name=\"twitter:data2\" content=\"Out of stock\" \/>\n<script type=\"application\/ld+json\" class=\"yoast-schema-graph\">{\"@context\":\"https:\\\/\\\/schema.org\",\"@graph\":[{\"@type\":\"WebPage\",\"@id\":\"https:\\\/\\\/labemacosmetics.com\\\/en\\\/product\\\/the-ordinary-cafeine-solution-5-egcg-30ml\\\/\",\"url\":\"https:\\\/\\\/labemacosmetics.com\\\/en\\\/product\\\/the-ordinary-cafeine-solution-5-egcg-30ml\\\/\",\"name\":\"The Ordinary Caf\u00e9ine Solution 5% + EGCG 30ml | Dakar - S\u00e9n\u00e9gal\",\"isPartOf\":{\"@id\":\"https:\\\/\\\/labemacosmetics.com\\\/#website\"},\"primaryImageOfPage\":{\"@id\":\"https:\\\/\\\/labemacosmetics.com\\\/en\\\/product\\\/the-ordinary-cafeine-solution-5-egcg-30ml\\\/#primaryimage\"},\"image\":{\"@id\":\"https:\\\/\\\/labemacosmetics.com\\\/en\\\/product\\\/the-ordinary-cafeine-solution-5-egcg-30ml\\\/#primaryimage\"},\"thumbnailUrl\":\"https:\\\/\\\/labemacosmetics.com\\\/wp-content\\\/uploads\\\/2023\\\/06\\\/Ordinary-cafeine.png\",\"datePublished\":\"2023-06-21T09:20:05+00:00\",\"dateModified\":\"2023-09-04T19:59:31+00:00\",\"description\":\"The Ordinary caf\u00e9ine Solution est un s\u00e9rum l\u00e9ger et vegan qui offre une puissante concentration de 5% de caf\u00e9ine, combin\u00e9e \u00e0 une forme purifi\u00e9e de glucoside\",\"breadcrumb\":{\"@id\":\"https:\\\/\\\/labemacosmetics.com\\\/en\\\/product\\\/the-ordinary-cafeine-solution-5-egcg-30ml\\\/#breadcrumb\"},\"inLanguage\":\"en-GB\",\"potentialAction\":[{\"@type\":\"ReadAction\",\"target\":[\"https:\\\/\\\/labemacosmetics.com\\\/en\\\/product\\\/the-ordinary-cafeine-solution-5-egcg-30ml\\\/\"]}]},{\"@type\":\"ImageObject\",\"inLanguage\":\"en-GB\",\"@id\":\"https:\\\/\\\/labemacosmetics.com\\\/en\\\/product\\\/the-ordinary-cafeine-solution-5-egcg-30ml\\\/#primaryimage\",\"url\":\"https:\\\/\\\/labemacosmetics.com\\\/wp-content\\\/uploads\\\/2023\\\/06\\\/Ordinary-cafeine.png\",\"contentUrl\":\"https:\\\/\\\/labemacosmetics.com\\\/wp-content\\\/uploads\\\/2023\\\/06\\\/Ordinary-cafeine.png\",\"width\":600,\"height\":600,\"caption\":\"The ordinary Caf\u00e9ine\"},{\"@type\":\"BreadcrumbList\",\"@id\":\"https:\\\/\\\/labemacosmetics.com\\\/en\\\/product\\\/the-ordinary-cafeine-solution-5-egcg-30ml\\\/#breadcrumb\",\"itemListElement\":[{\"@type\":\"ListItem\",\"position\":1,\"name\":\"Accueil\",\"item\":\"https:\\\/\\\/labemacosmetics.com\\\/\"},{\"@type\":\"ListItem\",\"position\":2,\"name\":\"Produits\",\"item\":\"https:\\\/\\\/labemacosmetics.com\\\/shop\\\/\"},{\"@type\":\"ListItem\",\"position\":3,\"name\":\"The Ordinary Caf\u00e9ine Solution 5% + EGCG 30ml\"}]},{\"@type\":\"WebSite\",\"@id\":\"https:\\\/\\\/labemacosmetics.com\\\/#website\",\"url\":\"https:\\\/\\\/labemacosmetics.com\\\/\",\"name\":\"Lab&eacute;ma Cosmetics\",\"description\":\"\",\"potentialAction\":[{\"@type\":\"SearchAction\",\"target\":{\"@type\":\"EntryPoint\",\"urlTemplate\":\"https:\\\/\\\/labemacosmetics.com\\\/?s={search_term_string}\"},\"query-input\":{\"@type\":\"PropertyValueSpecification\",\"valueRequired\":true,\"valueName\":\"search_term_string\"}}],\"inLanguage\":\"en-GB\"}]}<\/script>\n<meta property=\"product:brand\" content=\"The Ordinary\" \/>\n<meta property=\"product:price:amount\" content=\"9900\" \/>\n<meta property=\"product:price:currency\" content=\"XOF\" \/>\n<meta property=\"og:availability\" content=\"out of stock\" \/>\n<meta property=\"product:availability\" content=\"out of stock\" \/>\n<meta property=\"product:condition\" content=\"new\" \/>\n<!-- \/ Yoast SEO Premium plugin. -->","yoast_head_json":{"title":"The Ordinary Caf\u00e9ine Solution 5% + EGCG 30ml | Dakar - S\u00e9n\u00e9gal","description":"The Ordinary caf\u00e9ine Solution est un s\u00e9rum l\u00e9ger et vegan qui offre une puissante concentration de 5% de caf\u00e9ine, combin\u00e9e \u00e0 une forme purifi\u00e9e de glucoside","robots":{"index":"index","follow":"follow","max-snippet":"max-snippet:-1","max-image-preview":"max-image-preview:large","max-video-preview":"max-video-preview:-1"},"canonical":"https:\/\/labemacosmetics.com\/en\/product\/the-ordinary-cafeine-solution-5-egcg-30ml\/","og_locale":"en_GB","og_type":"article","og_title":"The Ordinary Caf\u00e9ine Solution 5% + EGCG 30ml","og_description":"The Ordinary caf\u00e9ine Solution est un s\u00e9rum l\u00e9ger et vegan qui offre une puissante concentration de 5% de caf\u00e9ine, combin\u00e9e \u00e0 une forme purifi\u00e9e de glucoside","og_url":"https:\/\/labemacosmetics.com\/en\/product\/the-ordinary-cafeine-solution-5-egcg-30ml\/","og_site_name":"Lab&eacute;ma Cosmetics","article_publisher":"http:\/\/www.facebook.com\/labemacosmetics","article_modified_time":"2023-09-04T19:59:31+00:00","og_image":[{"width":600,"height":600,"url":"https:\/\/labemacosmetics.com\/wp-content\/uploads\/2023\/06\/Ordinary-cafeine.png","type":"image\/png"}],"twitter_card":"summary_large_image","twitter_site":"@Labemasn","twitter_misc":{"Price":"9 900&nbsp;CFA","Availability":"Out of stock"},"schema":{"@context":"https:\/\/schema.org","@graph":[{"@type":"WebPage","@id":"https:\/\/labemacosmetics.com\/en\/product\/the-ordinary-cafeine-solution-5-egcg-30ml\/","url":"https:\/\/labemacosmetics.com\/en\/product\/the-ordinary-cafeine-solution-5-egcg-30ml\/","name":"The Ordinary Caf\u00e9ine Solution 5% + EGCG 30ml | Dakar - S\u00e9n\u00e9gal","isPartOf":{"@id":"https:\/\/labemacosmetics.com\/#website"},"primaryImageOfPage":{"@id":"https:\/\/labemacosmetics.com\/en\/product\/the-ordinary-cafeine-solution-5-egcg-30ml\/#primaryimage"},"image":{"@id":"https:\/\/labemacosmetics.com\/en\/product\/the-ordinary-cafeine-solution-5-egcg-30ml\/#primaryimage"},"thumbnailUrl":"https:\/\/labemacosmetics.com\/wp-content\/uploads\/2023\/06\/Ordinary-cafeine.png","datePublished":"2023-06-21T09:20:05+00:00","dateModified":"2023-09-04T19:59:31+00:00","description":"The Ordinary caf\u00e9ine Solution est un s\u00e9rum l\u00e9ger et vegan qui offre une puissante concentration de 5% de caf\u00e9ine, combin\u00e9e \u00e0 une forme purifi\u00e9e de glucoside","breadcrumb":{"@id":"https:\/\/labemacosmetics.com\/en\/product\/the-ordinary-cafeine-solution-5-egcg-30ml\/#breadcrumb"},"inLanguage":"en-GB","potentialAction":[{"@type":"ReadAction","target":["https:\/\/labemacosmetics.com\/en\/product\/the-ordinary-cafeine-solution-5-egcg-30ml\/"]}]},{"@type":"ImageObject","inLanguage":"en-GB","@id":"https:\/\/labemacosmetics.com\/en\/product\/the-ordinary-cafeine-solution-5-egcg-30ml\/#primaryimage","url":"https:\/\/labemacosmetics.com\/wp-content\/uploads\/2023\/06\/Ordinary-cafeine.png","contentUrl":"https:\/\/labemacosmetics.com\/wp-content\/uploads\/2023\/06\/Ordinary-cafeine.png","width":600,"height":600,"caption":"The ordinary Caf\u00e9ine"},{"@type":"BreadcrumbList","@id":"https:\/\/labemacosmetics.com\/en\/product\/the-ordinary-cafeine-solution-5-egcg-30ml\/#breadcrumb","itemListElement":[{"@type":"ListItem","position":1,"name":"Accueil","item":"https:\/\/labemacosmetics.com\/"},{"@type":"ListItem","position":2,"name":"Produits","item":"https:\/\/labemacosmetics.com\/shop\/"},{"@type":"ListItem","position":3,"name":"The Ordinary Caf\u00e9ine Solution 5% + EGCG 30ml"}]},{"@type":"WebSite","@id":"https:\/\/labemacosmetics.com\/#website","url":"https:\/\/labemacosmetics.com\/","name":"Lab&eacute;ma Cosmetics","description":"","potentialAction":[{"@type":"SearchAction","target":{"@type":"EntryPoint","urlTemplate":"https:\/\/labemacosmetics.com\/?s={search_term_string}"},"query-input":{"@type":"PropertyValueSpecification","valueRequired":true,"valueName":"search_term_string"}}],"inLanguage":"en-GB"}]},"product_brand":"The Ordinary","product_price_amount":"9900","product_price_currency":"XOF","og_availability":"out of stock","product_availability":"out of stock","product_condition":"new"},"_links":{"self":[{"href":"https:\/\/labemacosmetics.com\/en\/wp-json\/wp\/v2\/product\/9171","targetHints":{"allow":["GET"]}}],"collection":[{"href":"https:\/\/labemacosmetics.com\/en\/wp-json\/wp\/v2\/product"}],"about":[{"href":"https:\/\/labemacosmetics.com\/en\/wp-json\/wp\/v2\/types\/product"}],"replies":[{"embeddable":true,"href":"https:\/\/labemacosmetics.com\/en\/wp-json\/wp\/v2\/comments?post=9171"}],"version-history":[{"count":2,"href":"https:\/\/labemacosmetics.com\/en\/wp-json\/wp\/v2\/product\/9171\/revisions"}],"predecessor-version":[{"id":9173,"href":"https:\/\/labemacosmetics.com\/en\/wp-json\/wp\/v2\/product\/9171\/revisions\/9173"}],"wp:featuredmedia":[{"embeddable":true,"href":"https:\/\/labemacosmetics.com\/en\/wp-json\/wp\/v2\/media\/9174"}],"wp:attachment":[{"href":"https:\/\/labemacosmetics.com\/en\/wp-json\/wp\/v2\/media?parent=9171"}],"wp:term":[{"taxonomy":"product_brand","embeddable":true,"href":"https:\/\/labemacosmetics.com\/en\/wp-json\/wp\/v2\/product_brand?post=9171"},{"taxonomy":"product_cat","embeddable":true,"href":"https:\/\/labemacosmetics.com\/en\/wp-json\/wp\/v2\/product_cat?post=9171"},{"taxonomy":"product_tag","embeddable":true,"href":"https:\/\/labemacosmetics.com\/en\/wp-json\/wp\/v2\/product_tag?post=9171"}],"curies":[{"name":"wp","href":"https:\/\/api.w.org\/{rel}","templated":true}]}}