{"id":7523,"date":"2023-05-12T08:44:02","date_gmt":"2023-05-12T07:44:02","guid":{"rendered":"https:\/\/labemacosmetics.com\/?post_type=product&#038;p=7523"},"modified":"2024-02-01T00:03:13","modified_gmt":"2024-01-31T23:03:13","slug":"good-molecules-niacinamide-brightening-toner-120ml","status":"publish","type":"product","link":"https:\/\/labemacosmetics.com\/en\/product\/good-molecules-niacinamide-brightening-toner-120ml\/","title":{"rendered":"Good Molecules Niacinamide Brightening Toner 120ml"},"content":{"rendered":"<p>Good Molecules Niacinamide Brightening Toner: Am\u00e9liorez l&rsquo;\u00e9clat de votre peau et r\u00e9duisez l&rsquo;apparence des pores visibles avec ce toner sans alcool de Good Molecules.<\/p>\n<p>Ce toner \u00e9claircissant est formul\u00e9 avec un m\u00e9lange apaisant d&rsquo;ingr\u00e9dients \u00e9claircissants, notamment de la niacinamide et de l&rsquo;alpha arbutine, qui agissent pour r\u00e9duire l&rsquo;apparence de la terne, de l&rsquo;irr\u00e9gularit\u00e9 du teint et des pores dilat\u00e9s.<\/p>\n<p>La niacinamide est un ingr\u00e9dient \u00e9prouv\u00e9 pour am\u00e9liorer la texture de la peau et r\u00e9duire l&rsquo;apparence des imperfections. Quant \u00e0 l&rsquo;alpha arbutine, il est connu pour son pouvoir \u00e9claircissant et uniformisant sur la peau. Ce toner est un excellent choix pour ceux qui cherchent \u00e0 traiter l&rsquo;hyperpigmentation de la peau.<\/p>\n<h2>Utilisation Good Molecules Niacinamide Brightening Toner<\/h2>\n<ul>\n<li>D\u00e9poser quelques gouttes du produit sur un coton et appliquer uniform\u00e9ment sur la peau apr\u00e8s avoir utilis\u00e9 le nettoyant.<\/li>\n<li>Vous pouvez \u00e9galement mettre quelques gouttes directement dans les paumes de vos mains et le tapoter sur la peau jusqu&rsquo;\u00e0 absorption compl\u00e8te.<\/li>\n<li>Convient \u00e0 une utilisation quotidienne.<\/li>\n<\/ul>\n<h2>Ingr\u00e9dients<\/h2>\n<p>Water 83.2% Glycerin6.7% Niacinamide 3.0% hexanediol 2.2% Arbutin2.0% Propanediol 2.0%<\/p>\n<p>Betaine 0.5% Glycyrrhiza Glabra (Licorice) Root Extract 0.1%3-o-ethyl Ascorbic Acid 0.1%<\/p>\n<p>Ethylhexylglycerin 0.1% Carbomer 0.06% Tromethamine 0.04% Trisodium Ethylenediamine<\/p>\n<p>Disuccinate 0.02% Theobroma Cacao (Cocoa) Seed Extract 35 ppm Sodium Hyaluronate 15 ppm Dextrin 15 ppm<\/p>","protected":false},"excerpt":{"rendered":"<p>Good Molecules Niacinamide Toner: Am\u00e9liorez l&rsquo;\u00e9clat de votre peau et r\u00e9duisez l&rsquo;apparence des pores visibles avec ce toner sans alcool de Good Molecules.\u00a0Ce toner \u00e9claircissant est formul\u00e9 avec un m\u00e9lange apaisant d&rsquo;ingr\u00e9dients \u00e9claircissants, notamment de la niacinamide et de l&rsquo;alpha arbutine<\/p>","protected":false},"featured_media":7525,"comment_status":"open","ping_status":"closed","template":"","meta":{"om_disable_all_campaigns":false,"_mi_skip_tracking":false,"_monsterinsights_sitenote_active":false,"_monsterinsights_sitenote_note":"","_monsterinsights_sitenote_category":0},"product_brand":[],"product_cat":[127,549,1747,515,514,516,517,512,128,1748,513],"product_tag":[],"class_list":{"0":"post-7523","1":"product","2":"type-product","3":"status-publish","4":"has-post-thumbnail","6":"product_cat-boutique","7":"product_cat-lotion-toner","8":"product_cat-peaux-a-tendances-acneiques","9":"product_cat-peaux-mixtes-a-grasses","10":"product_cat-peaux-normales","11":"product_cat-peaux-seches","12":"product_cat-peaux-sensibles","13":"product_cat-produits-par-besoin","14":"product_cat-soin-de-visage","15":"product_cat-soins-anti-taches","16":"product_cat-type-de-peau","17":"yith_product_brand-good-molecules","18":"yith_product_brand-all-brands","20":"first","21":"outofstock","22":"shipping-taxable","23":"purchasable","24":"product-type-simple"},"yoast_head":"<!-- This site is optimized with the Yoast SEO Premium plugin v20.8 (Yoast SEO v27.4) - https:\/\/yoast.com\/product\/yoast-seo-premium-wordpress\/ -->\n<title>Good Molecules Niacinamide Brightening Toner 120ml | Dakar<\/title>\n<meta name=\"description\" content=\"Good Molecules Niacinamide Brightening Toner: Am\u00e9liorez l&#039;\u00e9clat de votre peau et r\u00e9duisez l&#039;apparence des pores visibles avec ce toner sans alcool.\" \/>\n<meta name=\"robots\" content=\"index, follow, max-snippet:-1, max-image-preview:large, max-video-preview:-1\" \/>\n<link rel=\"canonical\" href=\"https:\/\/labemacosmetics.com\/en\/product\/good-molecules-niacinamide-brightening-toner-120ml\/\" \/>\n<meta property=\"og:locale\" content=\"en_GB\" \/>\n<meta property=\"og:type\" content=\"article\" \/>\n<meta property=\"og:title\" content=\"Good Molecules Niacinamide Brightening Toner 120ml\" \/>\n<meta property=\"og:description\" content=\"Good Molecules Niacinamide Brightening Toner: Am\u00e9liorez l&#039;\u00e9clat de votre peau et r\u00e9duisez l&#039;apparence des pores visibles avec ce toner sans alcool.\" \/>\n<meta property=\"og:url\" content=\"https:\/\/labemacosmetics.com\/en\/product\/good-molecules-niacinamide-brightening-toner-120ml\/\" \/>\n<meta property=\"og:site_name\" content=\"Lab&eacute;ma Cosmetics\" \/>\n<meta property=\"article:publisher\" content=\"http:\/\/www.facebook.com\/labemacosmetics\" \/>\n<meta property=\"article:modified_time\" content=\"2024-01-31T23:03:13+00:00\" \/>\n<meta property=\"og:image\" content=\"https:\/\/labemacosmetics.com\/wp-content\/uploads\/2023\/05\/goodmolecule-toner-principale.jpg\" \/>\n\t<meta property=\"og:image:width\" content=\"2000\" \/>\n\t<meta property=\"og:image:height\" content=\"2000\" \/>\n\t<meta property=\"og:image:type\" content=\"image\/jpeg\" \/>\n<meta name=\"twitter:card\" content=\"summary_large_image\" \/>\n<meta name=\"twitter:site\" content=\"@Labemasn\" \/>\n<meta name=\"twitter:label1\" content=\"Price\" \/>\n\t<meta name=\"twitter:data1\" content=\"14 000&nbsp;CFA\" \/>\n\t<meta name=\"twitter:label2\" content=\"Availability\" \/>\n\t<meta name=\"twitter:data2\" content=\"Out of stock\" \/>\n<script type=\"application\/ld+json\" class=\"yoast-schema-graph\">{\"@context\":\"https:\\\/\\\/schema.org\",\"@graph\":[{\"@type\":\"WebPage\",\"@id\":\"https:\\\/\\\/labemacosmetics.com\\\/produit\\\/good-molecules-niacinamide-brightening-toner-120ml\\\/\",\"url\":\"https:\\\/\\\/labemacosmetics.com\\\/produit\\\/good-molecules-niacinamide-brightening-toner-120ml\\\/\",\"name\":\"Good Molecules Niacinamide Brightening Toner 120ml | Dakar\",\"isPartOf\":{\"@id\":\"https:\\\/\\\/labemacosmetics.com\\\/#website\"},\"primaryImageOfPage\":{\"@id\":\"https:\\\/\\\/labemacosmetics.com\\\/produit\\\/good-molecules-niacinamide-brightening-toner-120ml\\\/#primaryimage\"},\"image\":{\"@id\":\"https:\\\/\\\/labemacosmetics.com\\\/produit\\\/good-molecules-niacinamide-brightening-toner-120ml\\\/#primaryimage\"},\"thumbnailUrl\":\"https:\\\/\\\/labemacosmetics.com\\\/wp-content\\\/uploads\\\/2023\\\/05\\\/goodmolecule-toner-principale.jpg\",\"datePublished\":\"2023-05-12T07:44:02+00:00\",\"dateModified\":\"2024-01-31T23:03:13+00:00\",\"description\":\"Good Molecules Niacinamide Brightening Toner: Am\u00e9liorez l'\u00e9clat de votre peau et r\u00e9duisez l'apparence des pores visibles avec ce toner sans alcool.\",\"breadcrumb\":{\"@id\":\"https:\\\/\\\/labemacosmetics.com\\\/produit\\\/good-molecules-niacinamide-brightening-toner-120ml\\\/#breadcrumb\"},\"inLanguage\":\"en-GB\",\"potentialAction\":[{\"@type\":\"ReadAction\",\"target\":[\"https:\\\/\\\/labemacosmetics.com\\\/produit\\\/good-molecules-niacinamide-brightening-toner-120ml\\\/\"]}]},{\"@type\":\"ImageObject\",\"inLanguage\":\"en-GB\",\"@id\":\"https:\\\/\\\/labemacosmetics.com\\\/produit\\\/good-molecules-niacinamide-brightening-toner-120ml\\\/#primaryimage\",\"url\":\"https:\\\/\\\/labemacosmetics.com\\\/wp-content\\\/uploads\\\/2023\\\/05\\\/goodmolecule-toner-principale.jpg\",\"contentUrl\":\"https:\\\/\\\/labemacosmetics.com\\\/wp-content\\\/uploads\\\/2023\\\/05\\\/goodmolecule-toner-principale.jpg\",\"width\":2000,\"height\":2000,\"caption\":\"Good Molecules Niacinamide Brightening Toner\"},{\"@type\":\"BreadcrumbList\",\"@id\":\"https:\\\/\\\/labemacosmetics.com\\\/produit\\\/good-molecules-niacinamide-brightening-toner-120ml\\\/#breadcrumb\",\"itemListElement\":[{\"@type\":\"ListItem\",\"position\":1,\"name\":\"Accueil\",\"item\":\"https:\\\/\\\/labemacosmetics.com\\\/\"},{\"@type\":\"ListItem\",\"position\":2,\"name\":\"Produits\",\"item\":\"https:\\\/\\\/labemacosmetics.com\\\/shop\\\/\"},{\"@type\":\"ListItem\",\"position\":3,\"name\":\"Good Molecules Niacinamide Brightening Toner 120ml\"}]},{\"@type\":\"WebSite\",\"@id\":\"https:\\\/\\\/labemacosmetics.com\\\/#website\",\"url\":\"https:\\\/\\\/labemacosmetics.com\\\/\",\"name\":\"Lab&eacute;ma Cosmetics\",\"description\":\"\",\"potentialAction\":[{\"@type\":\"SearchAction\",\"target\":{\"@type\":\"EntryPoint\",\"urlTemplate\":\"https:\\\/\\\/labemacosmetics.com\\\/?s={search_term_string}\"},\"query-input\":{\"@type\":\"PropertyValueSpecification\",\"valueRequired\":true,\"valueName\":\"search_term_string\"}}],\"inLanguage\":\"en-GB\"}]}<\/script>\n<meta property=\"product:brand\" content=\"Toutes les marques\" \/>\n<meta property=\"product:price:amount\" content=\"14000\" \/>\n<meta property=\"product:price:currency\" content=\"XOF\" \/>\n<meta property=\"og:availability\" content=\"out of stock\" \/>\n<meta property=\"product:availability\" content=\"out of stock\" \/>\n<meta property=\"product:retailer_item_id\" content=\"Labema 366\" \/>\n<meta property=\"product:condition\" content=\"new\" \/>\n<!-- \/ Yoast SEO Premium plugin. -->","yoast_head_json":{"title":"Good Molecules Niacinamide Brightening Toner 120ml | Dakar","description":"Good Molecules Niacinamide Brightening Toner: Am\u00e9liorez l'\u00e9clat de votre peau et r\u00e9duisez l'apparence des pores visibles avec ce toner sans alcool.","robots":{"index":"index","follow":"follow","max-snippet":"max-snippet:-1","max-image-preview":"max-image-preview:large","max-video-preview":"max-video-preview:-1"},"canonical":"https:\/\/labemacosmetics.com\/en\/product\/good-molecules-niacinamide-brightening-toner-120ml\/","og_locale":"en_GB","og_type":"article","og_title":"Good Molecules Niacinamide Brightening Toner 120ml","og_description":"Good Molecules Niacinamide Brightening Toner: Am\u00e9liorez l'\u00e9clat de votre peau et r\u00e9duisez l'apparence des pores visibles avec ce toner sans alcool.","og_url":"https:\/\/labemacosmetics.com\/en\/product\/good-molecules-niacinamide-brightening-toner-120ml\/","og_site_name":"Lab&eacute;ma Cosmetics","article_publisher":"http:\/\/www.facebook.com\/labemacosmetics","article_modified_time":"2024-01-31T23:03:13+00:00","og_image":[{"width":2000,"height":2000,"url":"https:\/\/labemacosmetics.com\/wp-content\/uploads\/2023\/05\/goodmolecule-toner-principale.jpg","type":"image\/jpeg"}],"twitter_card":"summary_large_image","twitter_site":"@Labemasn","twitter_misc":{"Price":"14 000&nbsp;CFA","Availability":"Out of stock"},"schema":{"@context":"https:\/\/schema.org","@graph":[{"@type":"WebPage","@id":"https:\/\/labemacosmetics.com\/produit\/good-molecules-niacinamide-brightening-toner-120ml\/","url":"https:\/\/labemacosmetics.com\/produit\/good-molecules-niacinamide-brightening-toner-120ml\/","name":"Good Molecules Niacinamide Brightening Toner 120ml | Dakar","isPartOf":{"@id":"https:\/\/labemacosmetics.com\/#website"},"primaryImageOfPage":{"@id":"https:\/\/labemacosmetics.com\/produit\/good-molecules-niacinamide-brightening-toner-120ml\/#primaryimage"},"image":{"@id":"https:\/\/labemacosmetics.com\/produit\/good-molecules-niacinamide-brightening-toner-120ml\/#primaryimage"},"thumbnailUrl":"https:\/\/labemacosmetics.com\/wp-content\/uploads\/2023\/05\/goodmolecule-toner-principale.jpg","datePublished":"2023-05-12T07:44:02+00:00","dateModified":"2024-01-31T23:03:13+00:00","description":"Good Molecules Niacinamide Brightening Toner: Am\u00e9liorez l'\u00e9clat de votre peau et r\u00e9duisez l'apparence des pores visibles avec ce toner sans alcool.","breadcrumb":{"@id":"https:\/\/labemacosmetics.com\/produit\/good-molecules-niacinamide-brightening-toner-120ml\/#breadcrumb"},"inLanguage":"en-GB","potentialAction":[{"@type":"ReadAction","target":["https:\/\/labemacosmetics.com\/produit\/good-molecules-niacinamide-brightening-toner-120ml\/"]}]},{"@type":"ImageObject","inLanguage":"en-GB","@id":"https:\/\/labemacosmetics.com\/produit\/good-molecules-niacinamide-brightening-toner-120ml\/#primaryimage","url":"https:\/\/labemacosmetics.com\/wp-content\/uploads\/2023\/05\/goodmolecule-toner-principale.jpg","contentUrl":"https:\/\/labemacosmetics.com\/wp-content\/uploads\/2023\/05\/goodmolecule-toner-principale.jpg","width":2000,"height":2000,"caption":"Good Molecules Niacinamide Brightening Toner"},{"@type":"BreadcrumbList","@id":"https:\/\/labemacosmetics.com\/produit\/good-molecules-niacinamide-brightening-toner-120ml\/#breadcrumb","itemListElement":[{"@type":"ListItem","position":1,"name":"Accueil","item":"https:\/\/labemacosmetics.com\/"},{"@type":"ListItem","position":2,"name":"Produits","item":"https:\/\/labemacosmetics.com\/shop\/"},{"@type":"ListItem","position":3,"name":"Good Molecules Niacinamide Brightening Toner 120ml"}]},{"@type":"WebSite","@id":"https:\/\/labemacosmetics.com\/#website","url":"https:\/\/labemacosmetics.com\/","name":"Lab&eacute;ma Cosmetics","description":"","potentialAction":[{"@type":"SearchAction","target":{"@type":"EntryPoint","urlTemplate":"https:\/\/labemacosmetics.com\/?s={search_term_string}"},"query-input":{"@type":"PropertyValueSpecification","valueRequired":true,"valueName":"search_term_string"}}],"inLanguage":"en-GB"}]},"product_brand":"Toutes les marques","product_price_amount":"14000","product_price_currency":"XOF","og_availability":"out of stock","product_availability":"out of stock","product_retailer_item_id":"Labema 366","product_condition":"new"},"_links":{"self":[{"href":"https:\/\/labemacosmetics.com\/en\/wp-json\/wp\/v2\/product\/7523","targetHints":{"allow":["GET"]}}],"collection":[{"href":"https:\/\/labemacosmetics.com\/en\/wp-json\/wp\/v2\/product"}],"about":[{"href":"https:\/\/labemacosmetics.com\/en\/wp-json\/wp\/v2\/types\/product"}],"replies":[{"embeddable":true,"href":"https:\/\/labemacosmetics.com\/en\/wp-json\/wp\/v2\/comments?post=7523"}],"version-history":[{"count":2,"href":"https:\/\/labemacosmetics.com\/en\/wp-json\/wp\/v2\/product\/7523\/revisions"}],"predecessor-version":[{"id":9571,"href":"https:\/\/labemacosmetics.com\/en\/wp-json\/wp\/v2\/product\/7523\/revisions\/9571"}],"wp:featuredmedia":[{"embeddable":true,"href":"https:\/\/labemacosmetics.com\/en\/wp-json\/wp\/v2\/media\/7525"}],"wp:attachment":[{"href":"https:\/\/labemacosmetics.com\/en\/wp-json\/wp\/v2\/media?parent=7523"}],"wp:term":[{"taxonomy":"product_brand","embeddable":true,"href":"https:\/\/labemacosmetics.com\/en\/wp-json\/wp\/v2\/product_brand?post=7523"},{"taxonomy":"product_cat","embeddable":true,"href":"https:\/\/labemacosmetics.com\/en\/wp-json\/wp\/v2\/product_cat?post=7523"},{"taxonomy":"product_tag","embeddable":true,"href":"https:\/\/labemacosmetics.com\/en\/wp-json\/wp\/v2\/product_tag?post=7523"}],"curies":[{"name":"wp","href":"https:\/\/api.w.org\/{rel}","templated":true}]}}