{"id":7511,"date":"2023-05-11T23:00:24","date_gmt":"2023-05-11T22:00:24","guid":{"rendered":"https:\/\/labemacosmetics.com\/?post_type=product&#038;p=7511"},"modified":"2024-02-28T13:56:38","modified_gmt":"2024-02-28T12:56:38","slug":"eucerin-pigment-control-creme-solaire-spf","status":"publish","type":"product","link":"https:\/\/labemacosmetics.com\/en\/product\/eucerin-pigment-control-creme-solaire-spf\/","title":{"rendered":"Eucerin Pigment Control Cr\u00e8me Solaire SPF 50+"},"content":{"rendered":"<p>Le gel-cr\u00e8me teint\u00e9 SPF 50+ Eucerin Pigment Control est sp\u00e9cialement con\u00e7u pour la r\u00e9duction des taches pigmentaires gr\u00e2ce au Thiamodol brevet\u00e9 et des pigments color\u00e9s qui permettent de les couvrir. Avec une application r\u00e9guli\u00e8re, il r\u00e9duit efficacement les taches brunes et pr\u00e9vient leur r\u00e9apparition. La texture l\u00e9g\u00e8re du produit n&rsquo;est ni grasse ni collante.<\/p>\n<p>Eucerin Sun Protection a mis en place l&rsquo;ADVANCED SPECTRAL TECHNOLOGY, une combinaison de filtres UVA\/UVB pour offrir une tr\u00e8s haute protection contre les UV et de la Licochalcone A pour neutraliser les radicaux libres g\u00e9n\u00e9r\u00e9s par les UV et la lumi\u00e8re visible de haute \u00e9nergie.<\/p>\n<p>Les r\u00e9sultats sont visibles : la cr\u00e8me pr\u00e9vient efficacement l&rsquo;hyperpigmentation induite par le soleil, r\u00e9duit les taches brunes et unifie le teint.<\/p>\n<h2>Utilisation Eucerin Pigment Control SPF 50<\/h2>\n<ul>\n<li>Il est recommand\u00e9 d&rsquo;appliquer g\u00e9n\u00e9reusement le produit avant de vous exposer au soleil et de renouveler fr\u00e9quemment l&rsquo;application, en particulier apr\u00e8s avoir nag\u00e9, s\u00e9ch\u00e9 ou transpir\u00e9.<\/li>\n<li>Il est important de ne pas r\u00e9duire la quantit\u00e9 de produit solaire appliqu\u00e9e car cela diminue significativement le niveau de protection.<\/li>\n<li>Il est \u00e9galement conseill\u00e9 de limiter l&rsquo;exposition au soleil entre 11h et 15h et de ne pas s&rsquo;exposer trop longtemps m\u00eame avec une protection solaire.<\/li>\n<li>La surexposition au soleil peut avoir des cons\u00e9quences graves pour la sant\u00e9, il est donc recommand\u00e9 d&rsquo;\u00e9viter d&rsquo;exposer les b\u00e9b\u00e9s et les jeunes enfants au soleil.<\/li>\n<li>\u00c9vitez tout contact avec les yeux et les v\u00eatements pour \u00e9viter les taches.<\/li>\n<\/ul>\n<h2>Ingr\u00e9dients<\/h2>\n<p>Formule INCI :\u00a0Aqua, Alcohol Denat., CI 77891, Butyl Methoxydibenzoylmethane, Bis-Ethylhexyloxyphenol Methoxyphenyl Triazine, Dibutyl Adipate, Butylene Glycol<\/p>\n<p>Dicaprylate\/Dicaprate, C12-15 Alkyl Benzoate, Ethylhexyl Salicylate, Ethylhexyl Triazone, Diethylamino Hydroxybenzoyl Hexyl Benzoate, Phenylbenzimidazole Sulfonic Acid, Silica Dimethyl<\/p>\n<p>Silylate, CI 77492, Cocoglycerides, Copernicia Cerifera Cera | Isobutylamido Thiazolyl Resorcinol, Glycyrrhiza Inflata Root Extract, Glycyrrhetinic Acid, Glycerin, Tocopheryl Acetate, Silica,<\/p>\n<p>Carrageenan, Xanthan Gum, Hydroxypropyl Methylcellulose, Behenyl Alcohol, Cetearyl Alcohol, Arachidic Acid, Myristic Acid, Oleic Acid, Palmitic Acid, Stearic Acid, Carbomer, Sodium Stearoyl<\/p>\n<p>Glutamate, Sodium Chloride, Sodium Hydroxide, Trisodium EDTA, Phenoxyethanol, Hydroxyacetophenone, Parfum, CI 77491, CI 77499.<\/p>","protected":false},"excerpt":{"rendered":"<p>Le gel-cr\u00e8me teint\u00e9 SPF 50+ Eucerin Pigment Control est sp\u00e9cialement con\u00e7u pour la r\u00e9duction des taches pigmentaires gr\u00e2ce au Thiamodol brevet\u00e9 et des pigments color\u00e9s qui permettent de les couvrir. Avec une application r\u00e9guli\u00e8re, il r\u00e9duit efficacement les taches brunes et pr\u00e9vient leur r\u00e9apparition. La texture l\u00e9g\u00e8re du produit n&rsquo;est ni grasse ni collante.<\/p>","protected":false},"featured_media":7515,"comment_status":"open","ping_status":"closed","template":"","meta":{"om_disable_all_campaigns":false,"_mi_skip_tracking":false,"_monsterinsights_sitenote_active":false,"_monsterinsights_sitenote_note":"","_monsterinsights_sitenote_category":0},"product_brand":[],"product_cat":[127,1744,515,512,128,513],"product_tag":[],"class_list":{"0":"post-7511","1":"product","2":"type-product","3":"status-publish","4":"has-post-thumbnail","6":"product_cat-boutique","7":"product_cat-creme-solaire","8":"product_cat-peaux-mixtes-a-grasses","9":"product_cat-produits-par-besoin","10":"product_cat-soin-de-visage","11":"product_cat-type-de-peau","12":"yith_product_brand-eucerin","14":"first","15":"outofstock","16":"shipping-taxable","17":"purchasable","18":"product-type-simple"},"yoast_head":"<!-- This site is optimized with the Yoast SEO Premium plugin v20.8 (Yoast SEO v27.4) - https:\/\/yoast.com\/product\/yoast-seo-premium-wordpress\/ -->\n<title>Eucerin Pigment Control Cr\u00e8me Solaire SPF 50+ | Dakar<\/title>\n<meta name=\"description\" content=\"Le gel-cr\u00e8me teint\u00e9 SPF 50+ Eucerin Pigment Control est sp\u00e9cialement con\u00e7u pour la r\u00e9duction des taches pigmentaires gr\u00e2ce au Thiamodol brevet\u00e9\" \/>\n<meta name=\"robots\" content=\"index, follow, max-snippet:-1, max-image-preview:large, max-video-preview:-1\" \/>\n<link rel=\"canonical\" href=\"https:\/\/labemacosmetics.com\/en\/product\/eucerin-pigment-control-creme-solaire-spf\/\" \/>\n<meta property=\"og:locale\" content=\"en_GB\" \/>\n<meta property=\"og:type\" content=\"article\" \/>\n<meta property=\"og:title\" content=\"Eucerin Pigment Control Cr\u00e8me Solaire SPF 50+\" \/>\n<meta property=\"og:description\" content=\"Le gel-cr\u00e8me teint\u00e9 SPF 50+ Eucerin Pigment Control est sp\u00e9cialement con\u00e7u pour la r\u00e9duction des taches pigmentaires gr\u00e2ce au Thiamodol brevet\u00e9\" \/>\n<meta property=\"og:url\" content=\"https:\/\/labemacosmetics.com\/en\/product\/eucerin-pigment-control-creme-solaire-spf\/\" \/>\n<meta property=\"og:site_name\" content=\"Lab&eacute;ma Cosmetics\" \/>\n<meta property=\"article:publisher\" content=\"http:\/\/www.facebook.com\/labemacosmetics\" \/>\n<meta property=\"article:modified_time\" content=\"2024-02-28T12:56:38+00:00\" \/>\n<meta property=\"og:image\" content=\"https:\/\/labemacosmetics.com\/wp-content\/uploads\/2023\/05\/eucerin-sun-pigment-controlprincipal.webp\" \/>\n\t<meta property=\"og:image:width\" content=\"700\" \/>\n\t<meta property=\"og:image:height\" content=\"700\" \/>\n\t<meta property=\"og:image:type\" content=\"image\/webp\" \/>\n<meta name=\"twitter:card\" content=\"summary_large_image\" \/>\n<meta name=\"twitter:site\" content=\"@Labemasn\" \/>\n<meta name=\"twitter:label1\" content=\"Price\" \/>\n\t<meta name=\"twitter:data1\" content=\"11 500&nbsp;CFA\" \/>\n\t<meta name=\"twitter:label2\" content=\"Availability\" \/>\n\t<meta name=\"twitter:data2\" content=\"Out of stock\" \/>\n<script type=\"application\/ld+json\" class=\"yoast-schema-graph\">{\"@context\":\"https:\\\/\\\/schema.org\",\"@graph\":[{\"@type\":\"WebPage\",\"@id\":\"https:\\\/\\\/labemacosmetics.com\\\/en\\\/product\\\/eucerin-pigment-control-creme-solaire-spf\\\/\",\"url\":\"https:\\\/\\\/labemacosmetics.com\\\/en\\\/product\\\/eucerin-pigment-control-creme-solaire-spf\\\/\",\"name\":\"Eucerin Pigment Control Cr\u00e8me Solaire SPF 50+ | Dakar\",\"isPartOf\":{\"@id\":\"https:\\\/\\\/labemacosmetics.com\\\/#website\"},\"primaryImageOfPage\":{\"@id\":\"https:\\\/\\\/labemacosmetics.com\\\/en\\\/product\\\/eucerin-pigment-control-creme-solaire-spf\\\/#primaryimage\"},\"image\":{\"@id\":\"https:\\\/\\\/labemacosmetics.com\\\/en\\\/product\\\/eucerin-pigment-control-creme-solaire-spf\\\/#primaryimage\"},\"thumbnailUrl\":\"https:\\\/\\\/labemacosmetics.com\\\/wp-content\\\/uploads\\\/2023\\\/05\\\/eucerin-sun-pigment-controlprincipal.webp\",\"datePublished\":\"2023-05-11T22:00:24+00:00\",\"dateModified\":\"2024-02-28T12:56:38+00:00\",\"description\":\"Le gel-cr\u00e8me teint\u00e9 SPF 50+ Eucerin Pigment Control est sp\u00e9cialement con\u00e7u pour la r\u00e9duction des taches pigmentaires gr\u00e2ce au Thiamodol brevet\u00e9\",\"breadcrumb\":{\"@id\":\"https:\\\/\\\/labemacosmetics.com\\\/en\\\/product\\\/eucerin-pigment-control-creme-solaire-spf\\\/#breadcrumb\"},\"inLanguage\":\"en-GB\",\"potentialAction\":[{\"@type\":\"ReadAction\",\"target\":[\"https:\\\/\\\/labemacosmetics.com\\\/en\\\/product\\\/eucerin-pigment-control-creme-solaire-spf\\\/\"]}]},{\"@type\":\"ImageObject\",\"inLanguage\":\"en-GB\",\"@id\":\"https:\\\/\\\/labemacosmetics.com\\\/en\\\/product\\\/eucerin-pigment-control-creme-solaire-spf\\\/#primaryimage\",\"url\":\"https:\\\/\\\/labemacosmetics.com\\\/wp-content\\\/uploads\\\/2023\\\/05\\\/eucerin-sun-pigment-controlprincipal.webp\",\"contentUrl\":\"https:\\\/\\\/labemacosmetics.com\\\/wp-content\\\/uploads\\\/2023\\\/05\\\/eucerin-sun-pigment-controlprincipal.webp\",\"width\":700,\"height\":700,\"caption\":\"Eucerin Pigment Control\"},{\"@type\":\"BreadcrumbList\",\"@id\":\"https:\\\/\\\/labemacosmetics.com\\\/en\\\/product\\\/eucerin-pigment-control-creme-solaire-spf\\\/#breadcrumb\",\"itemListElement\":[{\"@type\":\"ListItem\",\"position\":1,\"name\":\"Accueil\",\"item\":\"https:\\\/\\\/labemacosmetics.com\\\/\"},{\"@type\":\"ListItem\",\"position\":2,\"name\":\"Produits\",\"item\":\"https:\\\/\\\/labemacosmetics.com\\\/shop\\\/\"},{\"@type\":\"ListItem\",\"position\":3,\"name\":\"Eucerin Pigment Control Cr\u00e8me Solaire SPF 50+\"}]},{\"@type\":\"WebSite\",\"@id\":\"https:\\\/\\\/labemacosmetics.com\\\/#website\",\"url\":\"https:\\\/\\\/labemacosmetics.com\\\/\",\"name\":\"Lab&eacute;ma Cosmetics\",\"description\":\"\",\"potentialAction\":[{\"@type\":\"SearchAction\",\"target\":{\"@type\":\"EntryPoint\",\"urlTemplate\":\"https:\\\/\\\/labemacosmetics.com\\\/?s={search_term_string}\"},\"query-input\":{\"@type\":\"PropertyValueSpecification\",\"valueRequired\":true,\"valueName\":\"search_term_string\"}}],\"inLanguage\":\"en-GB\"}]}<\/script>\n<meta property=\"product:brand\" content=\"Eucerin\" \/>\n<meta property=\"product:price:amount\" content=\"11500\" \/>\n<meta property=\"product:price:currency\" content=\"XOF\" \/>\n<meta property=\"og:availability\" content=\"out of stock\" \/>\n<meta property=\"product:availability\" content=\"out of stock\" \/>\n<meta property=\"product:condition\" content=\"new\" \/>\n<!-- \/ Yoast SEO Premium plugin. -->","yoast_head_json":{"title":"Eucerin Pigment Control Cr\u00e8me Solaire SPF 50+ | Dakar","description":"Le gel-cr\u00e8me teint\u00e9 SPF 50+ Eucerin Pigment Control est sp\u00e9cialement con\u00e7u pour la r\u00e9duction des taches pigmentaires gr\u00e2ce au Thiamodol brevet\u00e9","robots":{"index":"index","follow":"follow","max-snippet":"max-snippet:-1","max-image-preview":"max-image-preview:large","max-video-preview":"max-video-preview:-1"},"canonical":"https:\/\/labemacosmetics.com\/en\/product\/eucerin-pigment-control-creme-solaire-spf\/","og_locale":"en_GB","og_type":"article","og_title":"Eucerin Pigment Control Cr\u00e8me Solaire SPF 50+","og_description":"Le gel-cr\u00e8me teint\u00e9 SPF 50+ Eucerin Pigment Control est sp\u00e9cialement con\u00e7u pour la r\u00e9duction des taches pigmentaires gr\u00e2ce au Thiamodol brevet\u00e9","og_url":"https:\/\/labemacosmetics.com\/en\/product\/eucerin-pigment-control-creme-solaire-spf\/","og_site_name":"Lab&eacute;ma Cosmetics","article_publisher":"http:\/\/www.facebook.com\/labemacosmetics","article_modified_time":"2024-02-28T12:56:38+00:00","og_image":[{"width":700,"height":700,"url":"https:\/\/labemacosmetics.com\/wp-content\/uploads\/2023\/05\/eucerin-sun-pigment-controlprincipal.webp","type":"image\/webp"}],"twitter_card":"summary_large_image","twitter_site":"@Labemasn","twitter_misc":{"Price":"11 500&nbsp;CFA","Availability":"Out of stock"},"schema":{"@context":"https:\/\/schema.org","@graph":[{"@type":"WebPage","@id":"https:\/\/labemacosmetics.com\/en\/product\/eucerin-pigment-control-creme-solaire-spf\/","url":"https:\/\/labemacosmetics.com\/en\/product\/eucerin-pigment-control-creme-solaire-spf\/","name":"Eucerin Pigment Control Cr\u00e8me Solaire SPF 50+ | Dakar","isPartOf":{"@id":"https:\/\/labemacosmetics.com\/#website"},"primaryImageOfPage":{"@id":"https:\/\/labemacosmetics.com\/en\/product\/eucerin-pigment-control-creme-solaire-spf\/#primaryimage"},"image":{"@id":"https:\/\/labemacosmetics.com\/en\/product\/eucerin-pigment-control-creme-solaire-spf\/#primaryimage"},"thumbnailUrl":"https:\/\/labemacosmetics.com\/wp-content\/uploads\/2023\/05\/eucerin-sun-pigment-controlprincipal.webp","datePublished":"2023-05-11T22:00:24+00:00","dateModified":"2024-02-28T12:56:38+00:00","description":"Le gel-cr\u00e8me teint\u00e9 SPF 50+ Eucerin Pigment Control est sp\u00e9cialement con\u00e7u pour la r\u00e9duction des taches pigmentaires gr\u00e2ce au Thiamodol brevet\u00e9","breadcrumb":{"@id":"https:\/\/labemacosmetics.com\/en\/product\/eucerin-pigment-control-creme-solaire-spf\/#breadcrumb"},"inLanguage":"en-GB","potentialAction":[{"@type":"ReadAction","target":["https:\/\/labemacosmetics.com\/en\/product\/eucerin-pigment-control-creme-solaire-spf\/"]}]},{"@type":"ImageObject","inLanguage":"en-GB","@id":"https:\/\/labemacosmetics.com\/en\/product\/eucerin-pigment-control-creme-solaire-spf\/#primaryimage","url":"https:\/\/labemacosmetics.com\/wp-content\/uploads\/2023\/05\/eucerin-sun-pigment-controlprincipal.webp","contentUrl":"https:\/\/labemacosmetics.com\/wp-content\/uploads\/2023\/05\/eucerin-sun-pigment-controlprincipal.webp","width":700,"height":700,"caption":"Eucerin Pigment Control"},{"@type":"BreadcrumbList","@id":"https:\/\/labemacosmetics.com\/en\/product\/eucerin-pigment-control-creme-solaire-spf\/#breadcrumb","itemListElement":[{"@type":"ListItem","position":1,"name":"Accueil","item":"https:\/\/labemacosmetics.com\/"},{"@type":"ListItem","position":2,"name":"Produits","item":"https:\/\/labemacosmetics.com\/shop\/"},{"@type":"ListItem","position":3,"name":"Eucerin Pigment Control Cr\u00e8me Solaire SPF 50+"}]},{"@type":"WebSite","@id":"https:\/\/labemacosmetics.com\/#website","url":"https:\/\/labemacosmetics.com\/","name":"Lab&eacute;ma Cosmetics","description":"","potentialAction":[{"@type":"SearchAction","target":{"@type":"EntryPoint","urlTemplate":"https:\/\/labemacosmetics.com\/?s={search_term_string}"},"query-input":{"@type":"PropertyValueSpecification","valueRequired":true,"valueName":"search_term_string"}}],"inLanguage":"en-GB"}]},"product_brand":"Eucerin","product_price_amount":"11500","product_price_currency":"XOF","og_availability":"out of stock","product_availability":"out of stock","product_condition":"new"},"_links":{"self":[{"href":"https:\/\/labemacosmetics.com\/en\/wp-json\/wp\/v2\/product\/7511","targetHints":{"allow":["GET"]}}],"collection":[{"href":"https:\/\/labemacosmetics.com\/en\/wp-json\/wp\/v2\/product"}],"about":[{"href":"https:\/\/labemacosmetics.com\/en\/wp-json\/wp\/v2\/types\/product"}],"replies":[{"embeddable":true,"href":"https:\/\/labemacosmetics.com\/en\/wp-json\/wp\/v2\/comments?post=7511"}],"version-history":[{"count":2,"href":"https:\/\/labemacosmetics.com\/en\/wp-json\/wp\/v2\/product\/7511\/revisions"}],"predecessor-version":[{"id":9476,"href":"https:\/\/labemacosmetics.com\/en\/wp-json\/wp\/v2\/product\/7511\/revisions\/9476"}],"wp:featuredmedia":[{"embeddable":true,"href":"https:\/\/labemacosmetics.com\/en\/wp-json\/wp\/v2\/media\/7515"}],"wp:attachment":[{"href":"https:\/\/labemacosmetics.com\/en\/wp-json\/wp\/v2\/media?parent=7511"}],"wp:term":[{"taxonomy":"product_brand","embeddable":true,"href":"https:\/\/labemacosmetics.com\/en\/wp-json\/wp\/v2\/product_brand?post=7511"},{"taxonomy":"product_cat","embeddable":true,"href":"https:\/\/labemacosmetics.com\/en\/wp-json\/wp\/v2\/product_cat?post=7511"},{"taxonomy":"product_tag","embeddable":true,"href":"https:\/\/labemacosmetics.com\/en\/wp-json\/wp\/v2\/product_tag?post=7511"}],"curies":[{"name":"wp","href":"https:\/\/api.w.org\/{rel}","templated":true}]}}