{"id":7503,"date":"2023-05-11T22:38:42","date_gmt":"2023-05-11T21:38:42","guid":{"rendered":"https:\/\/labemacosmetics.com\/?post_type=product&#038;p=7503"},"modified":"2024-01-23T23:07:00","modified_gmt":"2024-01-23T22:07:00","slug":"eucerin-oil-control-creme-solaire-spf-50","status":"publish","type":"product","link":"https:\/\/labemacosmetics.com\/en\/product\/eucerin-oil-control-creme-solaire-spf-50\/","title":{"rendered":"Eucerin Oil Control Cr\u00e8me Solaire SPF 50+"},"content":{"rendered":"<p>Eucerin Oil Control SPF 50 est sp\u00e9cialement formul\u00e9 pour la protection du visage des peaux grasses \u00e0 tendance acn\u00e9ique, offrant une tr\u00e8s haute protection SPF50+ anti UVA et UVB pour prot\u00e9ger la peau des effets nocifs du soleil, tout en r\u00e9duisant l&rsquo;apparence de la brillance et sans parfum.<\/p>\n<p>Ce produit pour peau grasse \u00e0 tendance acn\u00e9ique respecte les recommandations europ\u00e9ennes en mati\u00e8re de protection solaire, et offre un fini sec et mat de longue dur\u00e9e. De plus, il est non com\u00e9dog\u00e8ne et peut \u00eatre appliqu\u00e9 avant le maquillage.<\/p>\n<p>Test\u00e9 en condition de climats humides, il aide \u00e9galement \u00e0 prot\u00e9ger la peau des taches de pigmentation et du vieillissement cutan\u00e9 pr\u00e9matur\u00e9 d\u00fb au soleil. En outre, sa tol\u00e9rance cutan\u00e9e a \u00e9t\u00e9 prouv\u00e9e cliniquement sur les peaux sensibles \u00e0 tendance acn\u00e9ique.<\/p>\n<h2>Utilisation Eucerin Oil Control SPF 50<\/h2>\n<ul>\n<li>Il est recommand\u00e9 d&rsquo;appliquer g\u00e9n\u00e9reusement le produit avant de vous exposer au soleil et de renouveler fr\u00e9quemment l&rsquo;application, en particulier apr\u00e8s avoir nag\u00e9, s\u00e9ch\u00e9 ou transpir\u00e9.<\/li>\n<li>Il est important de ne pas r\u00e9duire la quantit\u00e9 de produit solaire appliqu\u00e9e car cela diminue significativement le niveau de protection.<\/li>\n<li>Il est \u00e9galement conseill\u00e9 de limiter l&rsquo;exposition au soleil entre 11h et 15h et de ne pas s&rsquo;exposer trop longtemps m\u00eame avec une protection solaire.<\/li>\n<li>La surexposition au soleil peut avoir des cons\u00e9quences graves pour la sant\u00e9, il est donc recommand\u00e9 d&rsquo;\u00e9viter d&rsquo;exposer les b\u00e9b\u00e9s et les jeunes enfants au soleil.<\/li>\n<li>\u00c9vitez tout contact avec les yeux et les v\u00eatements pour \u00e9viter les taches.<\/li>\n<\/ul>\n<h2>Ingr\u00e9dients<\/h2>\n<p>Formule INCI:\u00a0Aqua,\u00a0C12-15 Alkyl Benzoate,\u00a0Alcohol Denat,\u00a0Butyl Methoxydibenzoylmethane,\u00a0Butylene Glycol Dicaprylate-Dicaprate,\u00a0Ethylhexyl Triazone,\u00a0Bis-Ethylhexyloxyphenol Methoxyphenyl Triazine,\u00a0Dibutyl Adipate,\u00a0Diethylamino Hydroxybenzoyl Hexyl<\/p>\n<p>Benzoate,\u00a0Glyceryl Stearate Citrate,\u00a0Phenylbenzimidazole Sulfonic Acid,\u00a0Silica,\u00a0Tapioca Starch,\u00a0Behenyl Alcohol,\u00a0Cetearyl Alcohol,\u00a0Silica Dimethyl Silylate,\u00a0carnitine,<\/p>\n<p>Acide-glycyrrhetinique, Glycyrrhiza Inflata Root Extract, glycerine, Dimethicone, Copernicia Cerifera Cera, Hydroxypropyl Methylcellulose, Carrageenan, Xanthan Gum, Sodium Hydroxide, Trisodium EDTA, Hydroxyacetophenone, Ethylhexylglycerin, Phenoxyethanol<\/p>","protected":false},"excerpt":{"rendered":"<p>Eucerin Oil Control SPF 50 est sp\u00e9cialement formul\u00e9 pour la protection du visage des peaux grasses \u00e0 tendance acn\u00e9ique, offrant une tr\u00e8s haute protection SPF50+ anti UVA et UVB pour prot\u00e9ger la peau des effets nocifs du soleil, tout en r\u00e9duisant l&rsquo;apparence de la brillance et sans parfum.<\/p>","protected":false},"featured_media":7505,"comment_status":"open","ping_status":"closed","template":"","meta":{"om_disable_all_campaigns":false,"_mi_skip_tracking":false,"_monsterinsights_sitenote_active":false,"_monsterinsights_sitenote_note":"","_monsterinsights_sitenote_category":0},"product_brand":[],"product_cat":[127,1744,515,512,128,513],"product_tag":[],"class_list":{"0":"post-7503","1":"product","2":"type-product","3":"status-publish","4":"has-post-thumbnail","6":"product_cat-boutique","7":"product_cat-creme-solaire","8":"product_cat-peaux-mixtes-a-grasses","9":"product_cat-produits-par-besoin","10":"product_cat-soin-de-visage","11":"product_cat-type-de-peau","12":"yith_product_brand-eucerin","14":"first","15":"outofstock","16":"shipping-taxable","17":"purchasable","18":"product-type-simple"},"yoast_head":"<!-- This site is optimized with the Yoast SEO Premium plugin v20.8 (Yoast SEO v27.4) - https:\/\/yoast.com\/product\/yoast-seo-premium-wordpress\/ -->\n<title>Eucerin Oil Control Cr\u00e8me Solaire SPF 50+ moins cher | Dakar<\/title>\n<meta name=\"description\" content=\"Eucerin Oil Control SPF 50 est sp\u00e9cialement formul\u00e9 pour la protection du visage des peaux grasses \u00e0 tendance acn\u00e9ique, offrant une tr\u00e8s haute protection\" \/>\n<meta name=\"robots\" content=\"index, follow, max-snippet:-1, max-image-preview:large, max-video-preview:-1\" \/>\n<link rel=\"canonical\" href=\"https:\/\/labemacosmetics.com\/en\/product\/eucerin-oil-control-creme-solaire-spf-50\/\" \/>\n<meta property=\"og:locale\" content=\"en_GB\" \/>\n<meta property=\"og:type\" content=\"article\" \/>\n<meta property=\"og:title\" content=\"Eucerin Oil Control Cr\u00e8me Solaire SPF 50+\" \/>\n<meta property=\"og:description\" content=\"Eucerin Oil Control SPF 50 est sp\u00e9cialement formul\u00e9 pour la protection du visage des peaux grasses \u00e0 tendance acn\u00e9ique, offrant une tr\u00e8s haute protection\" \/>\n<meta property=\"og:url\" content=\"https:\/\/labemacosmetics.com\/en\/product\/eucerin-oil-control-creme-solaire-spf-50\/\" \/>\n<meta property=\"og:site_name\" content=\"Lab&eacute;ma Cosmetics\" \/>\n<meta property=\"article:publisher\" content=\"http:\/\/www.facebook.com\/labemacosmetics\" \/>\n<meta property=\"article:modified_time\" content=\"2024-01-23T22:07:00+00:00\" \/>\n<meta property=\"og:image\" content=\"https:\/\/labemacosmetics.com\/wp-content\/uploads\/2023\/05\/eucerin-oil-control1.webp\" \/>\n\t<meta property=\"og:image:width\" content=\"700\" \/>\n\t<meta property=\"og:image:height\" content=\"700\" \/>\n\t<meta property=\"og:image:type\" content=\"image\/webp\" \/>\n<meta name=\"twitter:card\" content=\"summary_large_image\" \/>\n<meta name=\"twitter:site\" content=\"@Labemasn\" \/>\n<meta name=\"twitter:label1\" content=\"Price\" \/>\n\t<meta name=\"twitter:data1\" content=\"12 000&nbsp;CFA\" \/>\n\t<meta name=\"twitter:label2\" content=\"Availability\" \/>\n\t<meta name=\"twitter:data2\" content=\"Out of stock\" \/>\n<script type=\"application\/ld+json\" class=\"yoast-schema-graph\">{\"@context\":\"https:\\\/\\\/schema.org\",\"@graph\":[{\"@type\":\"WebPage\",\"@id\":\"https:\\\/\\\/labemacosmetics.com\\\/produit\\\/eucerin-oil-control-creme-solaire-spf-50\\\/\",\"url\":\"https:\\\/\\\/labemacosmetics.com\\\/produit\\\/eucerin-oil-control-creme-solaire-spf-50\\\/\",\"name\":\"Eucerin Oil Control Cr\u00e8me Solaire SPF 50+ moins cher | Dakar\",\"isPartOf\":{\"@id\":\"https:\\\/\\\/labemacosmetics.com\\\/#website\"},\"primaryImageOfPage\":{\"@id\":\"https:\\\/\\\/labemacosmetics.com\\\/produit\\\/eucerin-oil-control-creme-solaire-spf-50\\\/#primaryimage\"},\"image\":{\"@id\":\"https:\\\/\\\/labemacosmetics.com\\\/produit\\\/eucerin-oil-control-creme-solaire-spf-50\\\/#primaryimage\"},\"thumbnailUrl\":\"https:\\\/\\\/labemacosmetics.com\\\/wp-content\\\/uploads\\\/2023\\\/05\\\/eucerin-oil-control1.webp\",\"datePublished\":\"2023-05-11T21:38:42+00:00\",\"dateModified\":\"2024-01-23T22:07:00+00:00\",\"description\":\"Eucerin Oil Control SPF 50 est sp\u00e9cialement formul\u00e9 pour la protection du visage des peaux grasses \u00e0 tendance acn\u00e9ique, offrant une tr\u00e8s haute protection\",\"breadcrumb\":{\"@id\":\"https:\\\/\\\/labemacosmetics.com\\\/produit\\\/eucerin-oil-control-creme-solaire-spf-50\\\/#breadcrumb\"},\"inLanguage\":\"en-GB\",\"potentialAction\":[{\"@type\":\"ReadAction\",\"target\":[\"https:\\\/\\\/labemacosmetics.com\\\/produit\\\/eucerin-oil-control-creme-solaire-spf-50\\\/\"]}]},{\"@type\":\"ImageObject\",\"inLanguage\":\"en-GB\",\"@id\":\"https:\\\/\\\/labemacosmetics.com\\\/produit\\\/eucerin-oil-control-creme-solaire-spf-50\\\/#primaryimage\",\"url\":\"https:\\\/\\\/labemacosmetics.com\\\/wp-content\\\/uploads\\\/2023\\\/05\\\/eucerin-oil-control1.webp\",\"contentUrl\":\"https:\\\/\\\/labemacosmetics.com\\\/wp-content\\\/uploads\\\/2023\\\/05\\\/eucerin-oil-control1.webp\",\"width\":700,\"height\":700,\"caption\":\"Eucerin Oil Control\"},{\"@type\":\"BreadcrumbList\",\"@id\":\"https:\\\/\\\/labemacosmetics.com\\\/produit\\\/eucerin-oil-control-creme-solaire-spf-50\\\/#breadcrumb\",\"itemListElement\":[{\"@type\":\"ListItem\",\"position\":1,\"name\":\"Accueil\",\"item\":\"https:\\\/\\\/labemacosmetics.com\\\/\"},{\"@type\":\"ListItem\",\"position\":2,\"name\":\"Produits\",\"item\":\"https:\\\/\\\/labemacosmetics.com\\\/shop\\\/\"},{\"@type\":\"ListItem\",\"position\":3,\"name\":\"Eucerin Oil Control Cr\u00e8me Solaire SPF 50+\"}]},{\"@type\":\"WebSite\",\"@id\":\"https:\\\/\\\/labemacosmetics.com\\\/#website\",\"url\":\"https:\\\/\\\/labemacosmetics.com\\\/\",\"name\":\"Lab&eacute;ma Cosmetics\",\"description\":\"\",\"potentialAction\":[{\"@type\":\"SearchAction\",\"target\":{\"@type\":\"EntryPoint\",\"urlTemplate\":\"https:\\\/\\\/labemacosmetics.com\\\/?s={search_term_string}\"},\"query-input\":{\"@type\":\"PropertyValueSpecification\",\"valueRequired\":true,\"valueName\":\"search_term_string\"}}],\"inLanguage\":\"en-GB\"}]}<\/script>\n<meta property=\"product:brand\" content=\"Eucerin\" \/>\n<meta property=\"product:price:amount\" content=\"12000\" \/>\n<meta property=\"product:price:currency\" content=\"XOF\" \/>\n<meta property=\"og:availability\" content=\"out of stock\" \/>\n<meta property=\"product:availability\" content=\"out of stock\" \/>\n<meta property=\"product:condition\" content=\"new\" \/>\n<!-- \/ Yoast SEO Premium plugin. -->","yoast_head_json":{"title":"Eucerin Oil Control Cr\u00e8me Solaire SPF 50+ moins cher | Dakar","description":"Eucerin Oil Control SPF 50 est sp\u00e9cialement formul\u00e9 pour la protection du visage des peaux grasses \u00e0 tendance acn\u00e9ique, offrant une tr\u00e8s haute protection","robots":{"index":"index","follow":"follow","max-snippet":"max-snippet:-1","max-image-preview":"max-image-preview:large","max-video-preview":"max-video-preview:-1"},"canonical":"https:\/\/labemacosmetics.com\/en\/product\/eucerin-oil-control-creme-solaire-spf-50\/","og_locale":"en_GB","og_type":"article","og_title":"Eucerin Oil Control Cr\u00e8me Solaire SPF 50+","og_description":"Eucerin Oil Control SPF 50 est sp\u00e9cialement formul\u00e9 pour la protection du visage des peaux grasses \u00e0 tendance acn\u00e9ique, offrant une tr\u00e8s haute protection","og_url":"https:\/\/labemacosmetics.com\/en\/product\/eucerin-oil-control-creme-solaire-spf-50\/","og_site_name":"Lab&eacute;ma Cosmetics","article_publisher":"http:\/\/www.facebook.com\/labemacosmetics","article_modified_time":"2024-01-23T22:07:00+00:00","og_image":[{"width":700,"height":700,"url":"https:\/\/labemacosmetics.com\/wp-content\/uploads\/2023\/05\/eucerin-oil-control1.webp","type":"image\/webp"}],"twitter_card":"summary_large_image","twitter_site":"@Labemasn","twitter_misc":{"Price":"12 000&nbsp;CFA","Availability":"Out of stock"},"schema":{"@context":"https:\/\/schema.org","@graph":[{"@type":"WebPage","@id":"https:\/\/labemacosmetics.com\/produit\/eucerin-oil-control-creme-solaire-spf-50\/","url":"https:\/\/labemacosmetics.com\/produit\/eucerin-oil-control-creme-solaire-spf-50\/","name":"Eucerin Oil Control Cr\u00e8me Solaire SPF 50+ moins cher | Dakar","isPartOf":{"@id":"https:\/\/labemacosmetics.com\/#website"},"primaryImageOfPage":{"@id":"https:\/\/labemacosmetics.com\/produit\/eucerin-oil-control-creme-solaire-spf-50\/#primaryimage"},"image":{"@id":"https:\/\/labemacosmetics.com\/produit\/eucerin-oil-control-creme-solaire-spf-50\/#primaryimage"},"thumbnailUrl":"https:\/\/labemacosmetics.com\/wp-content\/uploads\/2023\/05\/eucerin-oil-control1.webp","datePublished":"2023-05-11T21:38:42+00:00","dateModified":"2024-01-23T22:07:00+00:00","description":"Eucerin Oil Control SPF 50 est sp\u00e9cialement formul\u00e9 pour la protection du visage des peaux grasses \u00e0 tendance acn\u00e9ique, offrant une tr\u00e8s haute protection","breadcrumb":{"@id":"https:\/\/labemacosmetics.com\/produit\/eucerin-oil-control-creme-solaire-spf-50\/#breadcrumb"},"inLanguage":"en-GB","potentialAction":[{"@type":"ReadAction","target":["https:\/\/labemacosmetics.com\/produit\/eucerin-oil-control-creme-solaire-spf-50\/"]}]},{"@type":"ImageObject","inLanguage":"en-GB","@id":"https:\/\/labemacosmetics.com\/produit\/eucerin-oil-control-creme-solaire-spf-50\/#primaryimage","url":"https:\/\/labemacosmetics.com\/wp-content\/uploads\/2023\/05\/eucerin-oil-control1.webp","contentUrl":"https:\/\/labemacosmetics.com\/wp-content\/uploads\/2023\/05\/eucerin-oil-control1.webp","width":700,"height":700,"caption":"Eucerin Oil Control"},{"@type":"BreadcrumbList","@id":"https:\/\/labemacosmetics.com\/produit\/eucerin-oil-control-creme-solaire-spf-50\/#breadcrumb","itemListElement":[{"@type":"ListItem","position":1,"name":"Accueil","item":"https:\/\/labemacosmetics.com\/"},{"@type":"ListItem","position":2,"name":"Produits","item":"https:\/\/labemacosmetics.com\/shop\/"},{"@type":"ListItem","position":3,"name":"Eucerin Oil Control Cr\u00e8me Solaire SPF 50+"}]},{"@type":"WebSite","@id":"https:\/\/labemacosmetics.com\/#website","url":"https:\/\/labemacosmetics.com\/","name":"Lab&eacute;ma Cosmetics","description":"","potentialAction":[{"@type":"SearchAction","target":{"@type":"EntryPoint","urlTemplate":"https:\/\/labemacosmetics.com\/?s={search_term_string}"},"query-input":{"@type":"PropertyValueSpecification","valueRequired":true,"valueName":"search_term_string"}}],"inLanguage":"en-GB"}]},"product_brand":"Eucerin","product_price_amount":"12000","product_price_currency":"XOF","og_availability":"out of stock","product_availability":"out of stock","product_condition":"new"},"_links":{"self":[{"href":"https:\/\/labemacosmetics.com\/en\/wp-json\/wp\/v2\/product\/7503","targetHints":{"allow":["GET"]}}],"collection":[{"href":"https:\/\/labemacosmetics.com\/en\/wp-json\/wp\/v2\/product"}],"about":[{"href":"https:\/\/labemacosmetics.com\/en\/wp-json\/wp\/v2\/types\/product"}],"replies":[{"embeddable":true,"href":"https:\/\/labemacosmetics.com\/en\/wp-json\/wp\/v2\/comments?post=7503"}],"version-history":[{"count":1,"href":"https:\/\/labemacosmetics.com\/en\/wp-json\/wp\/v2\/product\/7503\/revisions"}],"predecessor-version":[{"id":9447,"href":"https:\/\/labemacosmetics.com\/en\/wp-json\/wp\/v2\/product\/7503\/revisions\/9447"}],"wp:featuredmedia":[{"embeddable":true,"href":"https:\/\/labemacosmetics.com\/en\/wp-json\/wp\/v2\/media\/7505"}],"wp:attachment":[{"href":"https:\/\/labemacosmetics.com\/en\/wp-json\/wp\/v2\/media?parent=7503"}],"wp:term":[{"taxonomy":"product_brand","embeddable":true,"href":"https:\/\/labemacosmetics.com\/en\/wp-json\/wp\/v2\/product_brand?post=7503"},{"taxonomy":"product_cat","embeddable":true,"href":"https:\/\/labemacosmetics.com\/en\/wp-json\/wp\/v2\/product_cat?post=7503"},{"taxonomy":"product_tag","embeddable":true,"href":"https:\/\/labemacosmetics.com\/en\/wp-json\/wp\/v2\/product_tag?post=7503"}],"curies":[{"name":"wp","href":"https:\/\/api.w.org\/{rel}","templated":true}]}}