{"id":7490,"date":"2023-05-11T21:48:33","date_gmt":"2023-05-11T20:48:33","guid":{"rendered":"https:\/\/labemacosmetics.com\/?post_type=product&#038;p=7490"},"modified":"2024-01-06T11:19:42","modified_gmt":"2024-01-06T10:19:42","slug":"cerave-anti-rugosite-creme-hydratante-177ml","status":"publish","type":"product","link":"https:\/\/labemacosmetics.com\/en\/product\/cerave-anti-rugosite-creme-hydratante-177ml\/","title":{"rendered":"Cerave Anti Rugosit\u00e9 cr\u00e8me hydratante 177ml"},"content":{"rendered":"<p>La cr\u00e8me hydratante anti rugosit\u00e9 Cerave, d\u00e9velopp\u00e9e avec des dermatologues, offre une formule lissante sans grains, enrichie en 3 c\u00e9ramides essentiels, acide salicylique et acide hyaluronique. Voici les b\u00e9n\u00e9fices de cette cr\u00e8me hydratante :<\/p>\n<ul>\n<li>Efficacit\u00e9 imm\u00e9diate : apr\u00e8s la premi\u00e8re application, l&rsquo;hydratation est augment\u00e9e de 94%*<\/li>\n<li>Efficacit\u00e9 significative d\u00e8s 3 jours : pour 94% des consommateurs, la peau est plus lisse et douce apr\u00e8s seulement 3 jours**<\/li>\n<li>Efficacit\u00e9 cliniquement prouv\u00e9e apr\u00e8s 8 semaines : les sympt\u00f4mes de s\u00e9cheresses cutan\u00e9es sont r\u00e9duits de 76%, la peau est plus lisse de 39,5%<\/li>\n<\/ul>\n<p>Cette formule douce nettoie en douceur et favorise l&rsquo;\u00e9limination des rugosit\u00e9s des peaux s\u00e8ches sans endommager la barri\u00e8re protectrice de la peau.<\/p>\n<h2>Utilisation de Cerave Anti Rugosit\u00e9<\/h2>\n<p>Pour une hydratation optimale, appliquer une quantit\u00e9 g\u00e9n\u00e9reuse de produit sur la peau aussi souvent que n\u00e9cessaire, en \u00e9vitant le contour des yeux. En cas de contact avec les yeux, rincer imm\u00e9diatement et abondamment pour \u00e9viter toute irritation.<\/p>\n<h2>Ingr\u00e9dients<\/h2>\n<p>AQUA \/ WATER, UREA, CETYL ALCOHOL, GLYCERYL STEARATE SE, CETEARYL ALCOHOL, NIACINAMIDE, BUTYROSPERMUM PARKII BUTTER \/ SHEA BUTTER, C12-13 ALKYL LACTATE,<\/p>\n<p>PEG-100 STEARATE, GLYCERIN, BEHENTRIMONIUM METHOSULFATE, DIMETHICONE,TRIACETIN, CERAMIDE NP, CERAMIDE AP, CERAMIDE EOP, CARBOMER,<\/p>\n<p>SODIUM LACTATE, SALICYLIC ACID, SODIUM HYDROXIDE, SODIUM LAUROYL LACTYLATE, SODIUM HYALURONATE, CHOLESTEROL, PHENOXYETHANOL, DISODIUM EDTA,<\/p>\n<p>CAPRYLOYL SALICYLIC ACID, HYDROXYACETOPHENONE, CITRIC ACID, LACTIC ACID, PHYTOSPHINGOSINE, XANTHAN GUM, ETHYLHEXYLGLYCERIN<\/p>","protected":false},"excerpt":{"rendered":"<p>La cr\u00e8me hydratante anti rugosit\u00e9 Cerave, d\u00e9velopp\u00e9e avec des dermatologues, offre une formule lissante sans grains, enrichie en 3 c\u00e9ramides essentiels, acide salicylique et acide hyaluronique. Voici les b\u00e9n\u00e9fices de cette cr\u00e8me hydratante :<\/p>","protected":false},"featured_media":7495,"comment_status":"open","ping_status":"closed","template":"","meta":{"om_disable_all_campaigns":false,"_mi_skip_tracking":false,"_monsterinsights_sitenote_active":false,"_monsterinsights_sitenote_note":"","_monsterinsights_sitenote_category":0},"product_brand":[],"product_cat":[127,1743,516,512,128,513],"product_tag":[],"class_list":{"0":"post-7490","1":"product","2":"type-product","3":"status-publish","4":"has-post-thumbnail","6":"product_cat-boutique","7":"product_cat-cremes-hydratantes","8":"product_cat-peaux-seches","9":"product_cat-produits-par-besoin","10":"product_cat-soin-de-visage","11":"product_cat-type-de-peau","12":"yith_product_brand-cerave","13":"yith_product_brand-all-brands","15":"first","16":"instock","17":"shipping-taxable","18":"purchasable","19":"product-type-simple"},"yoast_head":"<!-- This site is optimized with the Yoast SEO Premium plugin v20.8 (Yoast SEO v27.4) - https:\/\/yoast.com\/product\/yoast-seo-premium-wordpress\/ -->\n<title>Cerave Anti Rugosit\u00e9 cr\u00e8me hydratante 177ml moins cher | Dakar<\/title>\n<meta name=\"description\" content=\"La cr\u00e8me hydratante anti rugosit\u00e9 Cerave, d\u00e9velopp\u00e9e avec des dermatologues, offre une formule lissante sans grains , enrichie en 3 c\u00e9ramides essentiels\" \/>\n<meta name=\"robots\" content=\"index, follow, max-snippet:-1, max-image-preview:large, max-video-preview:-1\" \/>\n<link rel=\"canonical\" href=\"https:\/\/labemacosmetics.com\/en\/product\/cerave-anti-rugosite-creme-hydratante-177ml\/\" \/>\n<meta property=\"og:locale\" content=\"en_GB\" \/>\n<meta property=\"og:type\" content=\"article\" \/>\n<meta property=\"og:title\" content=\"Cerave Anti Rugosit\u00e9 cr\u00e8me hydratante 177ml\" \/>\n<meta property=\"og:description\" content=\"La cr\u00e8me hydratante anti rugosit\u00e9 Cerave, d\u00e9velopp\u00e9e avec des dermatologues, offre une formule lissante sans grains , enrichie en 3 c\u00e9ramides essentiels\" \/>\n<meta property=\"og:url\" content=\"https:\/\/labemacosmetics.com\/en\/product\/cerave-anti-rugosite-creme-hydratante-177ml\/\" \/>\n<meta property=\"og:site_name\" content=\"Lab&eacute;ma Cosmetics\" \/>\n<meta property=\"article:publisher\" content=\"http:\/\/www.facebook.com\/labemacosmetics\" \/>\n<meta property=\"article:modified_time\" content=\"2024-01-06T10:19:42+00:00\" \/>\n<meta property=\"og:image\" content=\"https:\/\/labemacosmetics.com\/wp-content\/uploads\/2023\/05\/Cerave-antirugosite-principal.png\" \/>\n\t<meta property=\"og:image:width\" content=\"1000\" \/>\n\t<meta property=\"og:image:height\" content=\"1000\" \/>\n\t<meta property=\"og:image:type\" content=\"image\/png\" \/>\n<meta name=\"twitter:card\" content=\"summary_large_image\" \/>\n<meta name=\"twitter:site\" content=\"@Labemasn\" \/>\n<meta name=\"twitter:label1\" content=\"Price\" \/>\n\t<meta name=\"twitter:data1\" content=\"11 000&nbsp;CFA\" \/>\n\t<meta name=\"twitter:label2\" content=\"Availability\" \/>\n\t<meta name=\"twitter:data2\" content=\"In stock\" \/>\n<script type=\"application\/ld+json\" class=\"yoast-schema-graph\">{\"@context\":\"https:\\\/\\\/schema.org\",\"@graph\":[{\"@type\":\"WebPage\",\"@id\":\"https:\\\/\\\/labemacosmetics.com\\\/produit\\\/cerave-anti-rugosite-creme-hydratante-177ml\\\/\",\"url\":\"https:\\\/\\\/labemacosmetics.com\\\/produit\\\/cerave-anti-rugosite-creme-hydratante-177ml\\\/\",\"name\":\"Cerave Anti Rugosit\u00e9 cr\u00e8me hydratante 177ml moins cher | Dakar\",\"isPartOf\":{\"@id\":\"https:\\\/\\\/labemacosmetics.com\\\/#website\"},\"primaryImageOfPage\":{\"@id\":\"https:\\\/\\\/labemacosmetics.com\\\/produit\\\/cerave-anti-rugosite-creme-hydratante-177ml\\\/#primaryimage\"},\"image\":{\"@id\":\"https:\\\/\\\/labemacosmetics.com\\\/produit\\\/cerave-anti-rugosite-creme-hydratante-177ml\\\/#primaryimage\"},\"thumbnailUrl\":\"https:\\\/\\\/labemacosmetics.com\\\/wp-content\\\/uploads\\\/2023\\\/05\\\/Cerave-antirugosite-principal.png\",\"datePublished\":\"2023-05-11T20:48:33+00:00\",\"dateModified\":\"2024-01-06T10:19:42+00:00\",\"description\":\"La cr\u00e8me hydratante anti rugosit\u00e9 Cerave, d\u00e9velopp\u00e9e avec des dermatologues, offre une formule lissante sans grains , enrichie en 3 c\u00e9ramides essentiels\",\"breadcrumb\":{\"@id\":\"https:\\\/\\\/labemacosmetics.com\\\/produit\\\/cerave-anti-rugosite-creme-hydratante-177ml\\\/#breadcrumb\"},\"inLanguage\":\"en-GB\",\"potentialAction\":[{\"@type\":\"ReadAction\",\"target\":[\"https:\\\/\\\/labemacosmetics.com\\\/produit\\\/cerave-anti-rugosite-creme-hydratante-177ml\\\/\"]}]},{\"@type\":\"ImageObject\",\"inLanguage\":\"en-GB\",\"@id\":\"https:\\\/\\\/labemacosmetics.com\\\/produit\\\/cerave-anti-rugosite-creme-hydratante-177ml\\\/#primaryimage\",\"url\":\"https:\\\/\\\/labemacosmetics.com\\\/wp-content\\\/uploads\\\/2023\\\/05\\\/Cerave-antirugosite-principal.png\",\"contentUrl\":\"https:\\\/\\\/labemacosmetics.com\\\/wp-content\\\/uploads\\\/2023\\\/05\\\/Cerave-antirugosite-principal.png\",\"width\":1000,\"height\":1000,\"caption\":\"Cerave Anti rugosit\u00e9\"},{\"@type\":\"BreadcrumbList\",\"@id\":\"https:\\\/\\\/labemacosmetics.com\\\/produit\\\/cerave-anti-rugosite-creme-hydratante-177ml\\\/#breadcrumb\",\"itemListElement\":[{\"@type\":\"ListItem\",\"position\":1,\"name\":\"Accueil\",\"item\":\"https:\\\/\\\/labemacosmetics.com\\\/\"},{\"@type\":\"ListItem\",\"position\":2,\"name\":\"Produits\",\"item\":\"https:\\\/\\\/labemacosmetics.com\\\/shop\\\/\"},{\"@type\":\"ListItem\",\"position\":3,\"name\":\"Cerave Anti Rugosit\u00e9 cr\u00e8me hydratante 177ml\"}]},{\"@type\":\"WebSite\",\"@id\":\"https:\\\/\\\/labemacosmetics.com\\\/#website\",\"url\":\"https:\\\/\\\/labemacosmetics.com\\\/\",\"name\":\"Lab&eacute;ma Cosmetics\",\"description\":\"\",\"potentialAction\":[{\"@type\":\"SearchAction\",\"target\":{\"@type\":\"EntryPoint\",\"urlTemplate\":\"https:\\\/\\\/labemacosmetics.com\\\/?s={search_term_string}\"},\"query-input\":{\"@type\":\"PropertyValueSpecification\",\"valueRequired\":true,\"valueName\":\"search_term_string\"}}],\"inLanguage\":\"en-GB\"}]}<\/script>\n<meta property=\"product:brand\" content=\"Toutes les marques\" \/>\n<meta property=\"product:price:amount\" content=\"11000\" \/>\n<meta property=\"product:price:currency\" content=\"XOF\" \/>\n<meta property=\"og:availability\" content=\"instock\" \/>\n<meta property=\"product:availability\" content=\"instock\" \/>\n<meta property=\"product:retailer_item_id\" content=\"Labema 355\" \/>\n<meta property=\"product:condition\" content=\"new\" \/>\n<!-- \/ Yoast SEO Premium plugin. -->","yoast_head_json":{"title":"Cerave Anti Rugosit\u00e9 cr\u00e8me hydratante 177ml moins cher | Dakar","description":"La cr\u00e8me hydratante anti rugosit\u00e9 Cerave, d\u00e9velopp\u00e9e avec des dermatologues, offre une formule lissante sans grains , enrichie en 3 c\u00e9ramides essentiels","robots":{"index":"index","follow":"follow","max-snippet":"max-snippet:-1","max-image-preview":"max-image-preview:large","max-video-preview":"max-video-preview:-1"},"canonical":"https:\/\/labemacosmetics.com\/en\/product\/cerave-anti-rugosite-creme-hydratante-177ml\/","og_locale":"en_GB","og_type":"article","og_title":"Cerave Anti Rugosit\u00e9 cr\u00e8me hydratante 177ml","og_description":"La cr\u00e8me hydratante anti rugosit\u00e9 Cerave, d\u00e9velopp\u00e9e avec des dermatologues, offre une formule lissante sans grains , enrichie en 3 c\u00e9ramides essentiels","og_url":"https:\/\/labemacosmetics.com\/en\/product\/cerave-anti-rugosite-creme-hydratante-177ml\/","og_site_name":"Lab&eacute;ma Cosmetics","article_publisher":"http:\/\/www.facebook.com\/labemacosmetics","article_modified_time":"2024-01-06T10:19:42+00:00","og_image":[{"width":1000,"height":1000,"url":"https:\/\/labemacosmetics.com\/wp-content\/uploads\/2023\/05\/Cerave-antirugosite-principal.png","type":"image\/png"}],"twitter_card":"summary_large_image","twitter_site":"@Labemasn","twitter_misc":{"Price":"11 000&nbsp;CFA","Availability":"In stock"},"schema":{"@context":"https:\/\/schema.org","@graph":[{"@type":"WebPage","@id":"https:\/\/labemacosmetics.com\/produit\/cerave-anti-rugosite-creme-hydratante-177ml\/","url":"https:\/\/labemacosmetics.com\/produit\/cerave-anti-rugosite-creme-hydratante-177ml\/","name":"Cerave Anti Rugosit\u00e9 cr\u00e8me hydratante 177ml moins cher | Dakar","isPartOf":{"@id":"https:\/\/labemacosmetics.com\/#website"},"primaryImageOfPage":{"@id":"https:\/\/labemacosmetics.com\/produit\/cerave-anti-rugosite-creme-hydratante-177ml\/#primaryimage"},"image":{"@id":"https:\/\/labemacosmetics.com\/produit\/cerave-anti-rugosite-creme-hydratante-177ml\/#primaryimage"},"thumbnailUrl":"https:\/\/labemacosmetics.com\/wp-content\/uploads\/2023\/05\/Cerave-antirugosite-principal.png","datePublished":"2023-05-11T20:48:33+00:00","dateModified":"2024-01-06T10:19:42+00:00","description":"La cr\u00e8me hydratante anti rugosit\u00e9 Cerave, d\u00e9velopp\u00e9e avec des dermatologues, offre une formule lissante sans grains , enrichie en 3 c\u00e9ramides essentiels","breadcrumb":{"@id":"https:\/\/labemacosmetics.com\/produit\/cerave-anti-rugosite-creme-hydratante-177ml\/#breadcrumb"},"inLanguage":"en-GB","potentialAction":[{"@type":"ReadAction","target":["https:\/\/labemacosmetics.com\/produit\/cerave-anti-rugosite-creme-hydratante-177ml\/"]}]},{"@type":"ImageObject","inLanguage":"en-GB","@id":"https:\/\/labemacosmetics.com\/produit\/cerave-anti-rugosite-creme-hydratante-177ml\/#primaryimage","url":"https:\/\/labemacosmetics.com\/wp-content\/uploads\/2023\/05\/Cerave-antirugosite-principal.png","contentUrl":"https:\/\/labemacosmetics.com\/wp-content\/uploads\/2023\/05\/Cerave-antirugosite-principal.png","width":1000,"height":1000,"caption":"Cerave Anti rugosit\u00e9"},{"@type":"BreadcrumbList","@id":"https:\/\/labemacosmetics.com\/produit\/cerave-anti-rugosite-creme-hydratante-177ml\/#breadcrumb","itemListElement":[{"@type":"ListItem","position":1,"name":"Accueil","item":"https:\/\/labemacosmetics.com\/"},{"@type":"ListItem","position":2,"name":"Produits","item":"https:\/\/labemacosmetics.com\/shop\/"},{"@type":"ListItem","position":3,"name":"Cerave Anti Rugosit\u00e9 cr\u00e8me hydratante 177ml"}]},{"@type":"WebSite","@id":"https:\/\/labemacosmetics.com\/#website","url":"https:\/\/labemacosmetics.com\/","name":"Lab&eacute;ma Cosmetics","description":"","potentialAction":[{"@type":"SearchAction","target":{"@type":"EntryPoint","urlTemplate":"https:\/\/labemacosmetics.com\/?s={search_term_string}"},"query-input":{"@type":"PropertyValueSpecification","valueRequired":true,"valueName":"search_term_string"}}],"inLanguage":"en-GB"}]},"product_brand":"Toutes les marques","product_price_amount":"11000","product_price_currency":"XOF","og_availability":"instock","product_availability":"instock","product_retailer_item_id":"Labema 355","product_condition":"new"},"_links":{"self":[{"href":"https:\/\/labemacosmetics.com\/en\/wp-json\/wp\/v2\/product\/7490","targetHints":{"allow":["GET"]}}],"collection":[{"href":"https:\/\/labemacosmetics.com\/en\/wp-json\/wp\/v2\/product"}],"about":[{"href":"https:\/\/labemacosmetics.com\/en\/wp-json\/wp\/v2\/types\/product"}],"replies":[{"embeddable":true,"href":"https:\/\/labemacosmetics.com\/en\/wp-json\/wp\/v2\/comments?post=7490"}],"version-history":[{"count":2,"href":"https:\/\/labemacosmetics.com\/en\/wp-json\/wp\/v2\/product\/7490\/revisions"}],"predecessor-version":[{"id":9266,"href":"https:\/\/labemacosmetics.com\/en\/wp-json\/wp\/v2\/product\/7490\/revisions\/9266"}],"wp:featuredmedia":[{"embeddable":true,"href":"https:\/\/labemacosmetics.com\/en\/wp-json\/wp\/v2\/media\/7495"}],"wp:attachment":[{"href":"https:\/\/labemacosmetics.com\/en\/wp-json\/wp\/v2\/media?parent=7490"}],"wp:term":[{"taxonomy":"product_brand","embeddable":true,"href":"https:\/\/labemacosmetics.com\/en\/wp-json\/wp\/v2\/product_brand?post=7490"},{"taxonomy":"product_cat","embeddable":true,"href":"https:\/\/labemacosmetics.com\/en\/wp-json\/wp\/v2\/product_cat?post=7490"},{"taxonomy":"product_tag","embeddable":true,"href":"https:\/\/labemacosmetics.com\/en\/wp-json\/wp\/v2\/product_tag?post=7490"}],"curies":[{"name":"wp","href":"https:\/\/api.w.org\/{rel}","templated":true}]}}