{"id":7481,"date":"2023-05-11T21:21:29","date_gmt":"2023-05-11T20:21:29","guid":{"rendered":"https:\/\/labemacosmetics.com\/?post_type=product&#038;p=7481"},"modified":"2024-07-30T20:46:20","modified_gmt":"2024-07-30T19:46:20","slug":"cerave-gel-moussant-anti-imperfections-236ml","status":"publish","type":"product","link":"https:\/\/labemacosmetics.com\/en\/product\/cerave-gel-moussant-anti-imperfections-236ml\/","title":{"rendered":"Cerave Gel Moussant Anti Imperfections 236ml"},"content":{"rendered":"<p>Le nettoyant Cerave Gel Moussant Anti-Imperfections est un gel moussant qui int\u00e8gre la Technologie S\u00e9bum Contr\u00f4le pour matifier et \u00e9liminer l&rsquo;exc\u00e8s de s\u00e9bum.<\/p>\n<p>Il est sp\u00e9cialement formul\u00e9 pour les peaux sensibles gr\u00e2ce \u00e0 une charte stricte de formulation : sans parfum, hypoallerg\u00e9nique, au pH physiologique, non com\u00e9dog\u00e8ne et non dess\u00e9chant.<\/p>\n<p>Ce nettoyant pour le visage et le corps contient 2% d&rsquo;acide salicylique pour exfolier en douceur, d\u00e9sobstruer les pores et stimuler le renouvellement cellulaire.<\/p>\n<p>Il contient \u00e9galement:<\/p>\n<ul>\n<li>de l&rsquo;argile blanche pour aider \u00e0 absorber l&rsquo;exc\u00e8s de s\u00e9bum et \u00e0 \u00e9liminer les impuret\u00e9s,<\/li>\n<li>de la niacinamide pour apaiser la peau en douceur, r\u00e9duire les sensations d&rsquo;irritation et les rougeurs,<\/li>\n<li>de l&rsquo;acide hyaluronique pour maintenir l&rsquo;hydratation et 3 c\u00e9ramides essentiels (1, 3, 6-II) pour aider \u00e0 restaurer la barri\u00e8re cutan\u00e9e.<\/li>\n<\/ul>\n<p>Cliniquement prouv\u00e9, ce nettoyant permet de r\u00e9duire les boutons jusqu&rsquo;\u00e0 -29% en seulement 2 semaines\u00a0 et 86% des patients constatent une diminution des imperfections d\u00e8s la premi\u00e8re semaine d&rsquo;utilisation.<\/p>\n<p>Il est recommand\u00e9 pour une utilisation quotidienne matin et soir chez les adolescents et les adultes et convient \u00e0 tout le corps et \u00e0 toute la famille.<\/p>\n<h2>Utilisation de Cerave Gel Moussant Anti Imperfections<\/h2>\n<ul>\n<li>Appliquer sur le visage et ou le corps matin et soir.<\/li>\n<li>Faire mousser sur une peau humide.<\/li>\n<li>Masser doucement en \u00e9vitant le contour des yeux.<\/li>\n<li>Rincer apr\u00e8s utilisation et s\u00e9cher d\u00e9licatement sans frotter.<\/li>\n<li>\u00c9viter le contour des yeux et rincer abondamment \u00e0 l&rsquo;eau en cas de contact.<\/li>\n<\/ul>\n<h2>Ingr\u00e9dients<\/h2>\n<p>AQUA \/ WATER \u2022 SODIUM LAUROYL SARCOSINATE \u2022 COCAMIDOPROPYL HYDROXYSULTAINE \u2022 GLYCERIN \u2022 NIACINAMIDE \u2022 SALICYLIC ACID \u2022 GLUCONOLACTONE \u2022 SODIUM METHYL COCOYL TAURATE \u2022 PEG-150 PENTAERYTHRITYL TETRASTEARATE \u2022<\/p>\n<p>CERAMIDE NP \u2022 CERAMIDE AP \u2022 CERAMIDE EOP \u2022 CARBOMER \u2022 CALCIUM GLUCONATE \u2022 TRIETHYL CITRATE \u2022 SODIUM BENZOATE \u2022 SODIUM HYDROXIDE \u2022 SODIUM LAUROYL<\/p>\n<p>LACTYLATE \u2022 CHOLESTEROL \u2022 TETRASODIUM EDTA \u2022 CAPRYLYL GLYCOL \u2022 HYDROLYZED HYALURONIC ACID \u2022 TRISODIUM ETHYLENEDIAMINE DISUCCINATE \u2022 XANTHAN GUM \u2022 HECTORITE \u2022 PHYTOSPHINGOSINE \u2022 BENZOIC ACID (F.I.L. C274845\/2).<\/p>","protected":false},"excerpt":{"rendered":"<p>Le nettoyant Cerave Gel Moussant Anti-Imperfections est un gel moussant qui int\u00e8gre la Technologie S\u00e9bum Contr\u00f4le pour matifier et \u00e9liminer l&rsquo;exc\u00e8s de s\u00e9bum. Il est sp\u00e9cialement formul\u00e9 pour les peaux sensibles gr\u00e2ce \u00e0 une charte stricte de formulation : sans parfum, hypoallerg\u00e9nique, au pH physiologique, non com\u00e9dog\u00e8ne et non dess\u00e9chant.<\/p>","protected":false},"featured_media":7486,"comment_status":"open","ping_status":"closed","template":"","meta":{"om_disable_all_campaigns":false,"_mi_skip_tracking":false,"_monsterinsights_sitenote_active":false,"_monsterinsights_sitenote_note":"","_monsterinsights_sitenote_category":0},"product_brand":[],"product_cat":[127,519,1747,512,128,513],"product_tag":[],"class_list":{"0":"post-7481","1":"product","2":"type-product","3":"status-publish","4":"has-post-thumbnail","6":"product_cat-boutique","7":"product_cat-nettoyants","8":"product_cat-peaux-a-tendances-acneiques","9":"product_cat-produits-par-besoin","10":"product_cat-soin-de-visage","11":"product_cat-type-de-peau","12":"yith_product_brand-cerave","13":"yith_product_brand-all-brands","15":"first","16":"outofstock","17":"shipping-taxable","18":"purchasable","19":"product-type-simple"},"yoast_head":"<!-- This site is optimized with the Yoast SEO Premium plugin v20.8 (Yoast SEO v27.4) - https:\/\/yoast.com\/product\/yoast-seo-premium-wordpress\/ -->\n<title>Cerave Gel Moussant Anti Imperfections 236ml | Dakar - S\u00e9n\u00e9gal<\/title>\n<meta name=\"description\" content=\"Le nettoyant Cerave Gel Moussant Anti-Imperfections est un gel moussant qui int\u00e8gre la Technologie S\u00e9bum Contr\u00f4le pour matifier et \u00e9liminer ..\" \/>\n<meta name=\"robots\" content=\"index, follow, max-snippet:-1, max-image-preview:large, max-video-preview:-1\" \/>\n<link rel=\"canonical\" href=\"https:\/\/labemacosmetics.com\/en\/product\/cerave-gel-moussant-anti-imperfections-236ml\/\" \/>\n<meta property=\"og:locale\" content=\"en_GB\" \/>\n<meta property=\"og:type\" content=\"article\" \/>\n<meta property=\"og:title\" content=\"Cerave Gel Moussant Anti Imperfections 236ml\" \/>\n<meta property=\"og:description\" content=\"Le nettoyant Cerave Gel Moussant Anti-Imperfections est un gel moussant qui int\u00e8gre la Technologie S\u00e9bum Contr\u00f4le pour matifier et \u00e9liminer ..\" \/>\n<meta property=\"og:url\" content=\"https:\/\/labemacosmetics.com\/en\/product\/cerave-gel-moussant-anti-imperfections-236ml\/\" \/>\n<meta property=\"og:site_name\" content=\"Lab&eacute;ma Cosmetics\" \/>\n<meta property=\"article:publisher\" content=\"http:\/\/www.facebook.com\/labemacosmetics\" \/>\n<meta property=\"article:modified_time\" content=\"2024-07-30T19:46:20+00:00\" \/>\n<meta property=\"og:image\" content=\"https:\/\/labemacosmetics.com\/wp-content\/uploads\/2023\/05\/Cerave-gel-moussant-antiimperfections.jpg\" \/>\n\t<meta property=\"og:image:width\" content=\"600\" \/>\n\t<meta property=\"og:image:height\" content=\"600\" \/>\n\t<meta property=\"og:image:type\" content=\"image\/jpeg\" \/>\n<meta name=\"twitter:card\" content=\"summary_large_image\" \/>\n<meta name=\"twitter:site\" content=\"@Labemasn\" \/>\n<meta name=\"twitter:label1\" content=\"Price\" \/>\n\t<meta name=\"twitter:data1\" content=\"11 000&nbsp;CFA\" \/>\n\t<meta name=\"twitter:label2\" content=\"Availability\" \/>\n\t<meta name=\"twitter:data2\" content=\"Out of stock\" \/>\n<script type=\"application\/ld+json\" class=\"yoast-schema-graph\">{\"@context\":\"https:\\\/\\\/schema.org\",\"@graph\":[{\"@type\":\"WebPage\",\"@id\":\"https:\\\/\\\/labemacosmetics.com\\\/en\\\/product\\\/cerave-gel-moussant-anti-imperfections-236ml\\\/\",\"url\":\"https:\\\/\\\/labemacosmetics.com\\\/en\\\/product\\\/cerave-gel-moussant-anti-imperfections-236ml\\\/\",\"name\":\"Cerave Gel Moussant Anti Imperfections 236ml | Dakar - S\u00e9n\u00e9gal\",\"isPartOf\":{\"@id\":\"https:\\\/\\\/labemacosmetics.com\\\/#website\"},\"primaryImageOfPage\":{\"@id\":\"https:\\\/\\\/labemacosmetics.com\\\/en\\\/product\\\/cerave-gel-moussant-anti-imperfections-236ml\\\/#primaryimage\"},\"image\":{\"@id\":\"https:\\\/\\\/labemacosmetics.com\\\/en\\\/product\\\/cerave-gel-moussant-anti-imperfections-236ml\\\/#primaryimage\"},\"thumbnailUrl\":\"https:\\\/\\\/labemacosmetics.com\\\/wp-content\\\/uploads\\\/2023\\\/05\\\/Cerave-gel-moussant-antiimperfections.jpg\",\"datePublished\":\"2023-05-11T20:21:29+00:00\",\"dateModified\":\"2024-07-30T19:46:20+00:00\",\"description\":\"Le nettoyant Cerave Gel Moussant Anti-Imperfections est un gel moussant qui int\u00e8gre la Technologie S\u00e9bum Contr\u00f4le pour matifier et \u00e9liminer ..\",\"breadcrumb\":{\"@id\":\"https:\\\/\\\/labemacosmetics.com\\\/en\\\/product\\\/cerave-gel-moussant-anti-imperfections-236ml\\\/#breadcrumb\"},\"inLanguage\":\"en-GB\",\"potentialAction\":[{\"@type\":\"ReadAction\",\"target\":[\"https:\\\/\\\/labemacosmetics.com\\\/en\\\/product\\\/cerave-gel-moussant-anti-imperfections-236ml\\\/\"]}]},{\"@type\":\"ImageObject\",\"inLanguage\":\"en-GB\",\"@id\":\"https:\\\/\\\/labemacosmetics.com\\\/en\\\/product\\\/cerave-gel-moussant-anti-imperfections-236ml\\\/#primaryimage\",\"url\":\"https:\\\/\\\/labemacosmetics.com\\\/wp-content\\\/uploads\\\/2023\\\/05\\\/Cerave-gel-moussant-antiimperfections.jpg\",\"contentUrl\":\"https:\\\/\\\/labemacosmetics.com\\\/wp-content\\\/uploads\\\/2023\\\/05\\\/Cerave-gel-moussant-antiimperfections.jpg\",\"width\":600,\"height\":600,\"caption\":\"Cerave Gel Moussant Anti Imperfections\"},{\"@type\":\"BreadcrumbList\",\"@id\":\"https:\\\/\\\/labemacosmetics.com\\\/en\\\/product\\\/cerave-gel-moussant-anti-imperfections-236ml\\\/#breadcrumb\",\"itemListElement\":[{\"@type\":\"ListItem\",\"position\":1,\"name\":\"Accueil\",\"item\":\"https:\\\/\\\/labemacosmetics.com\\\/\"},{\"@type\":\"ListItem\",\"position\":2,\"name\":\"Produits\",\"item\":\"https:\\\/\\\/labemacosmetics.com\\\/shop\\\/\"},{\"@type\":\"ListItem\",\"position\":3,\"name\":\"Cerave Gel Moussant Anti Imperfections 236ml\"}]},{\"@type\":\"WebSite\",\"@id\":\"https:\\\/\\\/labemacosmetics.com\\\/#website\",\"url\":\"https:\\\/\\\/labemacosmetics.com\\\/\",\"name\":\"Lab&eacute;ma Cosmetics\",\"description\":\"\",\"potentialAction\":[{\"@type\":\"SearchAction\",\"target\":{\"@type\":\"EntryPoint\",\"urlTemplate\":\"https:\\\/\\\/labemacosmetics.com\\\/?s={search_term_string}\"},\"query-input\":{\"@type\":\"PropertyValueSpecification\",\"valueRequired\":true,\"valueName\":\"search_term_string\"}}],\"inLanguage\":\"en-GB\"}]}<\/script>\n<meta property=\"product:brand\" content=\"Toutes les marques\" \/>\n<meta property=\"product:price:amount\" content=\"11000\" \/>\n<meta property=\"product:price:currency\" content=\"XOF\" \/>\n<meta property=\"og:availability\" content=\"out of stock\" \/>\n<meta property=\"product:availability\" content=\"out of stock\" \/>\n<meta property=\"product:condition\" content=\"new\" \/>\n<!-- \/ Yoast SEO Premium plugin. -->","yoast_head_json":{"title":"Cerave Gel Moussant Anti Imperfections 236ml | Dakar - S\u00e9n\u00e9gal","description":"Le nettoyant Cerave Gel Moussant Anti-Imperfections est un gel moussant qui int\u00e8gre la Technologie S\u00e9bum Contr\u00f4le pour matifier et \u00e9liminer ..","robots":{"index":"index","follow":"follow","max-snippet":"max-snippet:-1","max-image-preview":"max-image-preview:large","max-video-preview":"max-video-preview:-1"},"canonical":"https:\/\/labemacosmetics.com\/en\/product\/cerave-gel-moussant-anti-imperfections-236ml\/","og_locale":"en_GB","og_type":"article","og_title":"Cerave Gel Moussant Anti Imperfections 236ml","og_description":"Le nettoyant Cerave Gel Moussant Anti-Imperfections est un gel moussant qui int\u00e8gre la Technologie S\u00e9bum Contr\u00f4le pour matifier et \u00e9liminer ..","og_url":"https:\/\/labemacosmetics.com\/en\/product\/cerave-gel-moussant-anti-imperfections-236ml\/","og_site_name":"Lab&eacute;ma Cosmetics","article_publisher":"http:\/\/www.facebook.com\/labemacosmetics","article_modified_time":"2024-07-30T19:46:20+00:00","og_image":[{"width":600,"height":600,"url":"https:\/\/labemacosmetics.com\/wp-content\/uploads\/2023\/05\/Cerave-gel-moussant-antiimperfections.jpg","type":"image\/jpeg"}],"twitter_card":"summary_large_image","twitter_site":"@Labemasn","twitter_misc":{"Price":"11 000&nbsp;CFA","Availability":"Out of stock"},"schema":{"@context":"https:\/\/schema.org","@graph":[{"@type":"WebPage","@id":"https:\/\/labemacosmetics.com\/en\/product\/cerave-gel-moussant-anti-imperfections-236ml\/","url":"https:\/\/labemacosmetics.com\/en\/product\/cerave-gel-moussant-anti-imperfections-236ml\/","name":"Cerave Gel Moussant Anti Imperfections 236ml | Dakar - S\u00e9n\u00e9gal","isPartOf":{"@id":"https:\/\/labemacosmetics.com\/#website"},"primaryImageOfPage":{"@id":"https:\/\/labemacosmetics.com\/en\/product\/cerave-gel-moussant-anti-imperfections-236ml\/#primaryimage"},"image":{"@id":"https:\/\/labemacosmetics.com\/en\/product\/cerave-gel-moussant-anti-imperfections-236ml\/#primaryimage"},"thumbnailUrl":"https:\/\/labemacosmetics.com\/wp-content\/uploads\/2023\/05\/Cerave-gel-moussant-antiimperfections.jpg","datePublished":"2023-05-11T20:21:29+00:00","dateModified":"2024-07-30T19:46:20+00:00","description":"Le nettoyant Cerave Gel Moussant Anti-Imperfections est un gel moussant qui int\u00e8gre la Technologie S\u00e9bum Contr\u00f4le pour matifier et \u00e9liminer ..","breadcrumb":{"@id":"https:\/\/labemacosmetics.com\/en\/product\/cerave-gel-moussant-anti-imperfections-236ml\/#breadcrumb"},"inLanguage":"en-GB","potentialAction":[{"@type":"ReadAction","target":["https:\/\/labemacosmetics.com\/en\/product\/cerave-gel-moussant-anti-imperfections-236ml\/"]}]},{"@type":"ImageObject","inLanguage":"en-GB","@id":"https:\/\/labemacosmetics.com\/en\/product\/cerave-gel-moussant-anti-imperfections-236ml\/#primaryimage","url":"https:\/\/labemacosmetics.com\/wp-content\/uploads\/2023\/05\/Cerave-gel-moussant-antiimperfections.jpg","contentUrl":"https:\/\/labemacosmetics.com\/wp-content\/uploads\/2023\/05\/Cerave-gel-moussant-antiimperfections.jpg","width":600,"height":600,"caption":"Cerave Gel Moussant Anti Imperfections"},{"@type":"BreadcrumbList","@id":"https:\/\/labemacosmetics.com\/en\/product\/cerave-gel-moussant-anti-imperfections-236ml\/#breadcrumb","itemListElement":[{"@type":"ListItem","position":1,"name":"Accueil","item":"https:\/\/labemacosmetics.com\/"},{"@type":"ListItem","position":2,"name":"Produits","item":"https:\/\/labemacosmetics.com\/shop\/"},{"@type":"ListItem","position":3,"name":"Cerave Gel Moussant Anti Imperfections 236ml"}]},{"@type":"WebSite","@id":"https:\/\/labemacosmetics.com\/#website","url":"https:\/\/labemacosmetics.com\/","name":"Lab&eacute;ma Cosmetics","description":"","potentialAction":[{"@type":"SearchAction","target":{"@type":"EntryPoint","urlTemplate":"https:\/\/labemacosmetics.com\/?s={search_term_string}"},"query-input":{"@type":"PropertyValueSpecification","valueRequired":true,"valueName":"search_term_string"}}],"inLanguage":"en-GB"}]},"product_brand":"Toutes les marques","product_price_amount":"11000","product_price_currency":"XOF","og_availability":"out of stock","product_availability":"out of stock","product_condition":"new"},"_links":{"self":[{"href":"https:\/\/labemacosmetics.com\/en\/wp-json\/wp\/v2\/product\/7481","targetHints":{"allow":["GET"]}}],"collection":[{"href":"https:\/\/labemacosmetics.com\/en\/wp-json\/wp\/v2\/product"}],"about":[{"href":"https:\/\/labemacosmetics.com\/en\/wp-json\/wp\/v2\/types\/product"}],"replies":[{"embeddable":true,"href":"https:\/\/labemacosmetics.com\/en\/wp-json\/wp\/v2\/comments?post=7481"}],"version-history":[{"count":2,"href":"https:\/\/labemacosmetics.com\/en\/wp-json\/wp\/v2\/product\/7481\/revisions"}],"predecessor-version":[{"id":9264,"href":"https:\/\/labemacosmetics.com\/en\/wp-json\/wp\/v2\/product\/7481\/revisions\/9264"}],"wp:featuredmedia":[{"embeddable":true,"href":"https:\/\/labemacosmetics.com\/en\/wp-json\/wp\/v2\/media\/7486"}],"wp:attachment":[{"href":"https:\/\/labemacosmetics.com\/en\/wp-json\/wp\/v2\/media?parent=7481"}],"wp:term":[{"taxonomy":"product_brand","embeddable":true,"href":"https:\/\/labemacosmetics.com\/en\/wp-json\/wp\/v2\/product_brand?post=7481"},{"taxonomy":"product_cat","embeddable":true,"href":"https:\/\/labemacosmetics.com\/en\/wp-json\/wp\/v2\/product_cat?post=7481"},{"taxonomy":"product_tag","embeddable":true,"href":"https:\/\/labemacosmetics.com\/en\/wp-json\/wp\/v2\/product_tag?post=7481"}],"curies":[{"name":"wp","href":"https:\/\/api.w.org\/{rel}","templated":true}]}}