{"id":7453,"date":"2023-05-11T13:02:44","date_gmt":"2023-05-11T12:02:44","guid":{"rendered":"https:\/\/labemacosmetics.com\/?post_type=product&#038;p=7453"},"modified":"2023-10-21T19:16:12","modified_gmt":"2023-10-21T18:16:12","slug":"cerave-soin-concentre-anti-imperfections-40-ml","status":"publish","type":"product","link":"https:\/\/labemacosmetics.com\/en\/product\/cerave-soin-concentre-anti-imperfections-40-ml\/","title":{"rendered":"Cerave Soin Concentr\u00e9 Anti Imperfections 40 ml"},"content":{"rendered":"<p>CeraVe Soin Concentr\u00e9 Anti Imperfections\u00a0 a \u00e9t\u00e9 \u00e9labor\u00e9 en collaboration avec des dermatologues et est sp\u00e9cialement con\u00e7u pour les peaux sujettes \u00e0 l&rsquo;acn\u00e9. En effet, il agit en r\u00e9duisant les boutons, les imperfections et en resserrant les pores tout en restaurant la barri\u00e8re cutan\u00e9e.<\/p>\n<p>Pour atteindre cet objectif, il est formul\u00e9 avec trois c\u00e9ramides essentiels, un complexe AHA-BHA, de la niacinamide et de l&rsquo;acide hyaluronique pour hydrater et apaiser la peau.<\/p>\n<p>Gr\u00e2ce \u00e0 la technologie MVE, les actifs sont diffus\u00e9s lentement pour une hydratation durable. L&rsquo;applicateur de pr\u00e9cision d\u00e9livre la quantit\u00e9 de produit appropri\u00e9e pour une utilisation facile.<\/p>\n<p>Ce soin complet contre les imperfections est con\u00e7u pour une utilisation quotidienne. Il hydrate pendant 8 heures, apaise et restaure la barri\u00e8re cutan\u00e9e. La texture gel frais p\u00e9n\u00e8tre rapidement dans la peau pour un effet non gras ni collant.<\/p>\n<p>De plus, la formule est test\u00e9e sous contr\u00f4le dermatologique pour r\u00e9pondre aux exigences des peaux sensibles : sans parfum, sans alcool, hypoallerg\u00e9nique, pH physiologique et non com\u00e9dog\u00e8ne. Elle est con\u00e7ue pour une utilisation sur le visage et convient aux adolescents et aux adultes.<\/p>\n<p>La formulation de Cerave soin concentr\u00e9 anti-imperfections contient plusieurs ingr\u00e9dients b\u00e9n\u00e9fiques pour la peau :<\/p>\n<ul>\n<li>2% d&rsquo;acide salicylique (BHA) : cet ingr\u00e9dient exfolie en douceur, d\u00e9sincruste les pores, lisse le grain de peau et stimule le renouvellement cellulaire.<\/li>\n<li>AHA (acides glycolique et lactique) : ces acides aident \u00e0 \u00e9liminer les cellules mortes et les imperfections, uniformisent la texture de la peau et r\u00e9duisent l&rsquo;inflammation.<\/li>\n<li>Niacinamide : cet ingr\u00e9dient apaise doucement la peau et aide \u00e0 r\u00e9duire les sensations d&rsquo;irritation.<\/li>\n<li>Acide hyaluronique : il aide \u00e0 maintenir l&rsquo;hydratation de la peau.<\/li>\n<li>3 c\u00e9ramides essentiels (1, 3, 6-II) : ces c\u00e9ramides aident \u00e0 restaurer la barri\u00e8re cutan\u00e9e.<\/li>\n<li>Technologie MVE : cette technologie assure une lib\u00e9ration continue des ingr\u00e9dients hydratants pour une hydratation continue.<\/li>\n<\/ul>\n<p>L&rsquo;efficacit\u00e9 de cette formulation a \u00e9t\u00e9 cliniquement prouv\u00e9e avec une r\u00e9duction de 40% des boutons en seulement 3 jours d&rsquo;utilisation. Selon les tests:<\/p>\n<ul>\n<li>72% des participants ont d\u00e9clar\u00e9 avoir moins de boutons,<\/li>\n<li>80% ont d\u00e9clar\u00e9 \u00eatre tr\u00e8s satisfaits du produit apr\u00e8s 3 jours,<\/li>\n<li>90% ont d\u00e9clar\u00e9 avoir une peau plus douce,<\/li>\n<li>78% ont d\u00e9clar\u00e9 avoir une peau plus lisse et affin\u00e9e.<\/li>\n<\/ul>\n<h2>Utilisation Cerave Soin Concentr\u00e9 Anti-imperfections<\/h2>\n<p>Pour utiliser ce produit, il est recommand\u00e9:<\/p>\n<ul>\n<li>De nettoyer votre peau au pr\u00e9alable<\/li>\n<li>D&rsquo;appliquer le soin en effectuant de l\u00e9gers mouvements circulaires. Si vous l&rsquo;utilisez pendant la journ\u00e9e, il est conseill\u00e9 d&rsquo;appliquer \u00e9galement un \u00e9cran solaire (soin SPF) pour prot\u00e9ger votre peau des rayons du soleil.<\/li>\n<\/ul>\n<p>Veuillez noter que ce produit contient un alpha-hydroxyacide (AHA), qui peut rendre votre peau plus sensible au soleil.<\/p>\n<p>Aussi, il est important d&rsquo;\u00e9viter le contour des yeux et de rincer abondamment \u00e0 l&rsquo;eau en cas de contact.<\/p>\n<h2>Ingr\u00e9dients<\/h2>\n<p>INGREDIENTS: AQUA \/ WATER \u2022 GLYCERIN \u2022 SODIUM HYDROXIDE \u2022 GLYCOLIC ACID \u2022 LACTIC ACID \u2022 SALICYLIC ACID \u2022 NIACINAMIDE \u2022 CERAMIDE NP \u2022 CERAMIDE AP \u2022 CERAMIDE EOP \u2022 CARBOMER \u2022 CETEARYL ALCOHOL \u2022 BEHENTRIMONIUM METHOSULFATE \u2022 TRIETHYL<\/p>\n<p>CITRATE \u2022 SODIUM HYALURONATE \u2022 SODIUM LAUROYL LACTYLATE \u2022 CHOLESTEROL \u2022 CHLORPHENESIN \u2022 DISODIUM EDTA \u2022 HYDROXYPROPYL GUAR \u2022 CAPRYLYL GLYCOL \u2022 XANTHAN GUM \u2022 PHYTOSPHINGOSINE \u2022 BENZOIC ACID (F.I.L. D271240\/1).<\/p>\n<p>Pour conna\u00eetre la liste d&rsquo;ingr\u00e9dients la plus r\u00e9cente, nous vous invitons \u00e0 v\u00e9rifier l&#8217;emballage du produit.<\/p>","protected":false},"excerpt":{"rendered":"<p>CeraVe Soin Concentr\u00e9 Anti Imperfections\u00a0 a \u00e9t\u00e9 \u00e9labor\u00e9 en collaboration avec des dermatologues et est sp\u00e9cialement con\u00e7u pour les peaux sujettes \u00e0 l&rsquo;acn\u00e9. En effet, il agit en r\u00e9duisant les boutons, les imperfections et en resserrant les pores tout en restaurant la barri\u00e8re cutan\u00e9e.<\/p>","protected":false},"featured_media":7458,"comment_status":"open","ping_status":"closed","template":"","meta":{"om_disable_all_campaigns":false,"_mi_skip_tracking":false,"_monsterinsights_sitenote_active":false,"_monsterinsights_sitenote_note":"","_monsterinsights_sitenote_category":0},"product_brand":[],"product_cat":[127,1747,512,1745,128,513],"product_tag":[],"class_list":{"0":"post-7453","1":"product","2":"type-product","3":"status-publish","4":"has-post-thumbnail","6":"product_cat-boutique","7":"product_cat-peaux-a-tendances-acneiques","8":"product_cat-produits-par-besoin","9":"product_cat-serums","10":"product_cat-soin-de-visage","11":"product_cat-type-de-peau","12":"yith_product_brand-cerave","14":"first","15":"instock","16":"shipping-taxable","17":"purchasable","18":"product-type-simple"},"yoast_head":"<!-- This site is optimized with the Yoast SEO Premium plugin v20.8 (Yoast SEO v27.4) - https:\/\/yoast.com\/product\/yoast-seo-premium-wordpress\/ -->\n<title>Cerave Soin Concentr\u00e9 Anti Imperfections 40 ml | Dakar - S\u00e9n\u00e9gal<\/title>\n<meta name=\"description\" content=\"CeraVe Soin Concentr\u00e9 Anti Imperfections\u00a0 a \u00e9t\u00e9 \u00e9labor\u00e9 en collaboration avec des dermatologues et est sp\u00e9cialement con\u00e7u pour les peaux sujettes \u00e0 l&#039;acn\u00e9.\" \/>\n<meta name=\"robots\" content=\"index, follow, max-snippet:-1, max-image-preview:large, max-video-preview:-1\" \/>\n<link rel=\"canonical\" href=\"https:\/\/labemacosmetics.com\/en\/product\/cerave-soin-concentre-anti-imperfections-40-ml\/\" \/>\n<meta property=\"og:locale\" content=\"en_GB\" \/>\n<meta property=\"og:type\" content=\"article\" \/>\n<meta property=\"og:title\" content=\"Cerave Soin Concentr\u00e9 Anti Imperfections 40 ml\" \/>\n<meta property=\"og:description\" content=\"CeraVe Soin Concentr\u00e9 Anti Imperfections\u00a0 a \u00e9t\u00e9 \u00e9labor\u00e9 en collaboration avec des dermatologues et est sp\u00e9cialement con\u00e7u pour les peaux sujettes \u00e0 l&#039;acn\u00e9.\" \/>\n<meta property=\"og:url\" content=\"https:\/\/labemacosmetics.com\/en\/product\/cerave-soin-concentre-anti-imperfections-40-ml\/\" \/>\n<meta property=\"og:site_name\" content=\"Lab&eacute;ma Cosmetics\" \/>\n<meta property=\"article:publisher\" content=\"http:\/\/www.facebook.com\/labemacosmetics\" \/>\n<meta property=\"article:modified_time\" content=\"2023-10-21T18:16:12+00:00\" \/>\n<meta property=\"og:image\" content=\"https:\/\/labemacosmetics.com\/wp-content\/uploads\/2023\/05\/cerave-serum-antiimperfections-1.jpg\" \/>\n\t<meta property=\"og:image:width\" content=\"1000\" \/>\n\t<meta property=\"og:image:height\" content=\"1000\" \/>\n\t<meta property=\"og:image:type\" content=\"image\/jpeg\" \/>\n<meta name=\"twitter:card\" content=\"summary_large_image\" \/>\n<meta name=\"twitter:site\" content=\"@Labemasn\" \/>\n<meta name=\"twitter:label1\" content=\"Price\" \/>\n\t<meta name=\"twitter:data1\" content=\"12 400&nbsp;CFA\" \/>\n\t<meta name=\"twitter:label2\" content=\"Availability\" \/>\n\t<meta name=\"twitter:data2\" content=\"In stock\" \/>\n<script type=\"application\/ld+json\" class=\"yoast-schema-graph\">{\"@context\":\"https:\\\/\\\/schema.org\",\"@graph\":[{\"@type\":\"WebPage\",\"@id\":\"https:\\\/\\\/labemacosmetics.com\\\/produit\\\/cerave-soin-concentre-anti-imperfections-40-ml\\\/\",\"url\":\"https:\\\/\\\/labemacosmetics.com\\\/produit\\\/cerave-soin-concentre-anti-imperfections-40-ml\\\/\",\"name\":\"Cerave Soin Concentr\u00e9 Anti Imperfections 40 ml | Dakar - S\u00e9n\u00e9gal\",\"isPartOf\":{\"@id\":\"https:\\\/\\\/labemacosmetics.com\\\/#website\"},\"primaryImageOfPage\":{\"@id\":\"https:\\\/\\\/labemacosmetics.com\\\/produit\\\/cerave-soin-concentre-anti-imperfections-40-ml\\\/#primaryimage\"},\"image\":{\"@id\":\"https:\\\/\\\/labemacosmetics.com\\\/produit\\\/cerave-soin-concentre-anti-imperfections-40-ml\\\/#primaryimage\"},\"thumbnailUrl\":\"https:\\\/\\\/labemacosmetics.com\\\/wp-content\\\/uploads\\\/2023\\\/05\\\/cerave-serum-antiimperfections-1.jpg\",\"datePublished\":\"2023-05-11T12:02:44+00:00\",\"dateModified\":\"2023-10-21T18:16:12+00:00\",\"description\":\"CeraVe Soin Concentr\u00e9 Anti Imperfections\u00a0 a \u00e9t\u00e9 \u00e9labor\u00e9 en collaboration avec des dermatologues et est sp\u00e9cialement con\u00e7u pour les peaux sujettes \u00e0 l'acn\u00e9.\",\"breadcrumb\":{\"@id\":\"https:\\\/\\\/labemacosmetics.com\\\/produit\\\/cerave-soin-concentre-anti-imperfections-40-ml\\\/#breadcrumb\"},\"inLanguage\":\"en-GB\",\"potentialAction\":[{\"@type\":\"ReadAction\",\"target\":[\"https:\\\/\\\/labemacosmetics.com\\\/produit\\\/cerave-soin-concentre-anti-imperfections-40-ml\\\/\"]}]},{\"@type\":\"ImageObject\",\"inLanguage\":\"en-GB\",\"@id\":\"https:\\\/\\\/labemacosmetics.com\\\/produit\\\/cerave-soin-concentre-anti-imperfections-40-ml\\\/#primaryimage\",\"url\":\"https:\\\/\\\/labemacosmetics.com\\\/wp-content\\\/uploads\\\/2023\\\/05\\\/cerave-serum-antiimperfections-1.jpg\",\"contentUrl\":\"https:\\\/\\\/labemacosmetics.com\\\/wp-content\\\/uploads\\\/2023\\\/05\\\/cerave-serum-antiimperfections-1.jpg\",\"width\":1000,\"height\":1000,\"caption\":\"Cerave S\u00e9rum Soin concentr\u00e9 ani-imperfections\"},{\"@type\":\"BreadcrumbList\",\"@id\":\"https:\\\/\\\/labemacosmetics.com\\\/produit\\\/cerave-soin-concentre-anti-imperfections-40-ml\\\/#breadcrumb\",\"itemListElement\":[{\"@type\":\"ListItem\",\"position\":1,\"name\":\"Accueil\",\"item\":\"https:\\\/\\\/labemacosmetics.com\\\/\"},{\"@type\":\"ListItem\",\"position\":2,\"name\":\"Produits\",\"item\":\"https:\\\/\\\/labemacosmetics.com\\\/shop\\\/\"},{\"@type\":\"ListItem\",\"position\":3,\"name\":\"Cerave Soin Concentr\u00e9 Anti Imperfections 40 ml\"}]},{\"@type\":\"WebSite\",\"@id\":\"https:\\\/\\\/labemacosmetics.com\\\/#website\",\"url\":\"https:\\\/\\\/labemacosmetics.com\\\/\",\"name\":\"Lab&eacute;ma Cosmetics\",\"description\":\"\",\"potentialAction\":[{\"@type\":\"SearchAction\",\"target\":{\"@type\":\"EntryPoint\",\"urlTemplate\":\"https:\\\/\\\/labemacosmetics.com\\\/?s={search_term_string}\"},\"query-input\":{\"@type\":\"PropertyValueSpecification\",\"valueRequired\":true,\"valueName\":\"search_term_string\"}}],\"inLanguage\":\"en-GB\"}]}<\/script>\n<meta property=\"product:brand\" content=\"Cerave\" \/>\n<meta property=\"product:price:amount\" content=\"12400\" \/>\n<meta property=\"product:price:currency\" content=\"XOF\" \/>\n<meta property=\"og:availability\" content=\"instock\" \/>\n<meta property=\"product:availability\" content=\"instock\" \/>\n<meta property=\"product:condition\" content=\"new\" \/>\n<!-- \/ Yoast SEO Premium plugin. -->","yoast_head_json":{"title":"Cerave Soin Concentr\u00e9 Anti Imperfections 40 ml | Dakar - S\u00e9n\u00e9gal","description":"CeraVe Soin Concentr\u00e9 Anti Imperfections\u00a0 a \u00e9t\u00e9 \u00e9labor\u00e9 en collaboration avec des dermatologues et est sp\u00e9cialement con\u00e7u pour les peaux sujettes \u00e0 l'acn\u00e9.","robots":{"index":"index","follow":"follow","max-snippet":"max-snippet:-1","max-image-preview":"max-image-preview:large","max-video-preview":"max-video-preview:-1"},"canonical":"https:\/\/labemacosmetics.com\/en\/product\/cerave-soin-concentre-anti-imperfections-40-ml\/","og_locale":"en_GB","og_type":"article","og_title":"Cerave Soin Concentr\u00e9 Anti Imperfections 40 ml","og_description":"CeraVe Soin Concentr\u00e9 Anti Imperfections\u00a0 a \u00e9t\u00e9 \u00e9labor\u00e9 en collaboration avec des dermatologues et est sp\u00e9cialement con\u00e7u pour les peaux sujettes \u00e0 l'acn\u00e9.","og_url":"https:\/\/labemacosmetics.com\/en\/product\/cerave-soin-concentre-anti-imperfections-40-ml\/","og_site_name":"Lab&eacute;ma Cosmetics","article_publisher":"http:\/\/www.facebook.com\/labemacosmetics","article_modified_time":"2023-10-21T18:16:12+00:00","og_image":[{"width":1000,"height":1000,"url":"https:\/\/labemacosmetics.com\/wp-content\/uploads\/2023\/05\/cerave-serum-antiimperfections-1.jpg","type":"image\/jpeg"}],"twitter_card":"summary_large_image","twitter_site":"@Labemasn","twitter_misc":{"Price":"12 400&nbsp;CFA","Availability":"In stock"},"schema":{"@context":"https:\/\/schema.org","@graph":[{"@type":"WebPage","@id":"https:\/\/labemacosmetics.com\/produit\/cerave-soin-concentre-anti-imperfections-40-ml\/","url":"https:\/\/labemacosmetics.com\/produit\/cerave-soin-concentre-anti-imperfections-40-ml\/","name":"Cerave Soin Concentr\u00e9 Anti Imperfections 40 ml | Dakar - S\u00e9n\u00e9gal","isPartOf":{"@id":"https:\/\/labemacosmetics.com\/#website"},"primaryImageOfPage":{"@id":"https:\/\/labemacosmetics.com\/produit\/cerave-soin-concentre-anti-imperfections-40-ml\/#primaryimage"},"image":{"@id":"https:\/\/labemacosmetics.com\/produit\/cerave-soin-concentre-anti-imperfections-40-ml\/#primaryimage"},"thumbnailUrl":"https:\/\/labemacosmetics.com\/wp-content\/uploads\/2023\/05\/cerave-serum-antiimperfections-1.jpg","datePublished":"2023-05-11T12:02:44+00:00","dateModified":"2023-10-21T18:16:12+00:00","description":"CeraVe Soin Concentr\u00e9 Anti Imperfections\u00a0 a \u00e9t\u00e9 \u00e9labor\u00e9 en collaboration avec des dermatologues et est sp\u00e9cialement con\u00e7u pour les peaux sujettes \u00e0 l'acn\u00e9.","breadcrumb":{"@id":"https:\/\/labemacosmetics.com\/produit\/cerave-soin-concentre-anti-imperfections-40-ml\/#breadcrumb"},"inLanguage":"en-GB","potentialAction":[{"@type":"ReadAction","target":["https:\/\/labemacosmetics.com\/produit\/cerave-soin-concentre-anti-imperfections-40-ml\/"]}]},{"@type":"ImageObject","inLanguage":"en-GB","@id":"https:\/\/labemacosmetics.com\/produit\/cerave-soin-concentre-anti-imperfections-40-ml\/#primaryimage","url":"https:\/\/labemacosmetics.com\/wp-content\/uploads\/2023\/05\/cerave-serum-antiimperfections-1.jpg","contentUrl":"https:\/\/labemacosmetics.com\/wp-content\/uploads\/2023\/05\/cerave-serum-antiimperfections-1.jpg","width":1000,"height":1000,"caption":"Cerave S\u00e9rum Soin concentr\u00e9 ani-imperfections"},{"@type":"BreadcrumbList","@id":"https:\/\/labemacosmetics.com\/produit\/cerave-soin-concentre-anti-imperfections-40-ml\/#breadcrumb","itemListElement":[{"@type":"ListItem","position":1,"name":"Accueil","item":"https:\/\/labemacosmetics.com\/"},{"@type":"ListItem","position":2,"name":"Produits","item":"https:\/\/labemacosmetics.com\/shop\/"},{"@type":"ListItem","position":3,"name":"Cerave Soin Concentr\u00e9 Anti Imperfections 40 ml"}]},{"@type":"WebSite","@id":"https:\/\/labemacosmetics.com\/#website","url":"https:\/\/labemacosmetics.com\/","name":"Lab&eacute;ma Cosmetics","description":"","potentialAction":[{"@type":"SearchAction","target":{"@type":"EntryPoint","urlTemplate":"https:\/\/labemacosmetics.com\/?s={search_term_string}"},"query-input":{"@type":"PropertyValueSpecification","valueRequired":true,"valueName":"search_term_string"}}],"inLanguage":"en-GB"}]},"product_brand":"Cerave","product_price_amount":"12400","product_price_currency":"XOF","og_availability":"instock","product_availability":"instock","product_condition":"new"},"_links":{"self":[{"href":"https:\/\/labemacosmetics.com\/en\/wp-json\/wp\/v2\/product\/7453","targetHints":{"allow":["GET"]}}],"collection":[{"href":"https:\/\/labemacosmetics.com\/en\/wp-json\/wp\/v2\/product"}],"about":[{"href":"https:\/\/labemacosmetics.com\/en\/wp-json\/wp\/v2\/types\/product"}],"replies":[{"embeddable":true,"href":"https:\/\/labemacosmetics.com\/en\/wp-json\/wp\/v2\/comments?post=7453"}],"version-history":[{"count":0,"href":"https:\/\/labemacosmetics.com\/en\/wp-json\/wp\/v2\/product\/7453\/revisions"}],"wp:featuredmedia":[{"embeddable":true,"href":"https:\/\/labemacosmetics.com\/en\/wp-json\/wp\/v2\/media\/7458"}],"wp:attachment":[{"href":"https:\/\/labemacosmetics.com\/en\/wp-json\/wp\/v2\/media?parent=7453"}],"wp:term":[{"taxonomy":"product_brand","embeddable":true,"href":"https:\/\/labemacosmetics.com\/en\/wp-json\/wp\/v2\/product_brand?post=7453"},{"taxonomy":"product_cat","embeddable":true,"href":"https:\/\/labemacosmetics.com\/en\/wp-json\/wp\/v2\/product_cat?post=7453"},{"taxonomy":"product_tag","embeddable":true,"href":"https:\/\/labemacosmetics.com\/en\/wp-json\/wp\/v2\/product_tag?post=7453"}],"curies":[{"name":"wp","href":"https:\/\/api.w.org\/{rel}","templated":true}]}}