{"id":7444,"date":"2023-05-11T12:13:12","date_gmt":"2023-05-11T11:13:12","guid":{"rendered":"https:\/\/labemacosmetics.com\/?post_type=product&#038;p=7444"},"modified":"2023-05-22T08:31:25","modified_gmt":"2023-05-22T07:31:25","slug":"cerave-serum-retinol-anti-imperfections-30ml","status":"publish","type":"product","link":"https:\/\/labemacosmetics.com\/en\/product\/cerave-serum-retinol-anti-imperfections-30ml\/","title":{"rendered":"Cerave S\u00e9rum R\u00e9tinol Anti Imperfections 30ml"},"content":{"rendered":"<p>CeraVe S\u00e9rum R\u00e9tinol Anti-Marques a \u00e9t\u00e9 d\u00e9velopp\u00e9 en collaboration avec des dermatologues pour r\u00e9duire l&rsquo;apparence des marques post-acn\u00e9 persistantes telles que l&rsquo;hyperpigmentation post-inflammatoire ou PIH, tout en am\u00e9liorant le grain de peau et en restaurant la barri\u00e8re cutan\u00e9e.<\/p>\n<p>Cette formule contient un complexe puissant de R\u00e9tinol encapsul\u00e9, d&rsquo;extrait de Racine de R\u00e9glisse, de Niacinamide et de C\u00e9ramides pour exfolier, et lisser en douceur la peau tout en l&rsquo;apaisant et en restaurant sa barri\u00e8re cutan\u00e9e.<\/p>\n<p>La texture gel cr\u00e8me l\u00e9g\u00e8re de ce s\u00e9rum p\u00e9n\u00e8tre rapidement dans la peau pour un fini non gras et non collant, ce qui en fait une formule id\u00e9ale pour les peaux \u00e0 imperfections et \u00e0 tendance acn\u00e9ique qui souffrent de marques post acn\u00e9 persistantes.<\/p>\n<p>Cette formule est test\u00e9e sous contr\u00f4le dermatologique haute tol\u00e9rance et est douce pour la peau. Elle ne contient pas de parfum et convient aux peaux sensibles. De plus, elle est non com\u00e9dog\u00e8ne et respecte une charte de formulation stricte pour une utilisation en toute s\u00e9curit\u00e9.<\/p>\n<p>Des r\u00e9sultats cliniquement prouv\u00e9s ont montr\u00e9 que les marques d&rsquo;hyperpigmentation, d&rsquo;hyperpigmentation post inflammatoire et les t\u00e2ches \u00e9taient significativement r\u00e9duites apr\u00e8s 8 semaines d&rsquo;utilisation. De plus, les utilisateurs ont not\u00e9 une peau plus lisse, d&rsquo;apparence plus saine et plus radieuse.<\/p>\n<h2>Utilisation de CeraVe S\u00e9rum R\u00e9tinol Anti-Marques<\/h2>\n<p><strong>Type de peaux: Peaux \u00e0 imperfections et \u00e0 tendance acn\u00e9ique<\/strong><\/p>\n<p>Pour une utilisation optimale:<\/p>\n<ul>\n<li>Appliquez uniform\u00e9ment le produit sur votre visage apr\u00e8s avoir nettoy\u00e9 votre peau 2 \u00e0 3 fois par semaine. \u00c9vitez les yeux et les l\u00e8vres, et si le produit entre en contact avec eux, rincez imm\u00e9diatement \u00e0 l&rsquo;eau.<\/li>\n<li>Si vous ressentez une l\u00e9g\u00e8re irritation lors de la premi\u00e8re utilisation, espacez les applications jusqu&rsquo;\u00e0 ce que votre peau s&rsquo;adapte.<\/li>\n<li>Ce produit convient \u00e9galement aux peaux sensibles et il est recommand\u00e9 d&rsquo;utiliser un \u00e9cran solaire pendant la journ\u00e9e.<\/li>\n<\/ul>\n<h2>Ingr\u00e9dients<\/h2>\n<p>Formule INCI :\u00a0Aqua\/Water, Propanediol,Dimethicone, Cetearyl Ethylhexanoate, Niacinamide, Ammonium Polyacryloyldimethyl Taurate, Dipotassium Glycyrrhizate, Hydrogenated Lecithin,<\/p>\n<p>Potassium Phosphate, Ceramide Np, Ceramide Ap, Ceramide Eop, Carbomer, Cetearyl Alcohol, Behentrimonium Methosulfate, Dimethiconol, Lecithin, Sodium Citrate, Retinol, Sodium<\/p>\n<p>Hyaluronate, Sodium Lauroyl Lactylate, Cholesterol, Phenoxyethanol, Alcohol, Isopropyl Myristate, Caprylyl Glycol, Citric Acid, Trisodium Ethylenediamine Disuccinate, Pentylene Glycol,<\/p>\n<p>Phytosphingosine, Xanthan Gum, Polysorbate 20, Ethylhexylglycerin. (Code F.I.L. D233671\/<\/p>\n<p>Pour conna\u00eetre la liste d&rsquo;ingr\u00e9dients la plus r\u00e9cente, nous vous invitons \u00e0 v\u00e9rifier l&#8217;emballage du produit.<\/p>","protected":false},"excerpt":{"rendered":"<p>CeraVe S\u00e9rum R\u00e9tinol Anti-Marques a \u00e9t\u00e9 d\u00e9velopp\u00e9 en collaboration avec des dermatologues pour r\u00e9duire l&rsquo;apparence des marques post-acn\u00e9 persistantes telles que l&rsquo;hyperpigmentation post-inflammatoire ou PIH, tout en am\u00e9liorant le grain de peau et en restaurant la barri\u00e8re cutan\u00e9e.<\/p>","protected":false},"featured_media":7446,"comment_status":"open","ping_status":"closed","template":"","meta":{"om_disable_all_campaigns":false,"_mi_skip_tracking":false,"_monsterinsights_sitenote_active":false,"_monsterinsights_sitenote_note":"","_monsterinsights_sitenote_category":0},"product_brand":[],"product_cat":[127,1747,512,1745,128,513],"product_tag":[],"class_list":{"0":"post-7444","1":"product","2":"type-product","3":"status-publish","4":"has-post-thumbnail","6":"product_cat-boutique","7":"product_cat-peaux-a-tendances-acneiques","8":"product_cat-produits-par-besoin","9":"product_cat-serums","10":"product_cat-soin-de-visage","11":"product_cat-type-de-peau","12":"yith_product_brand-cerave","13":"yith_product_brand-all-brands","15":"first","16":"instock","17":"shipping-taxable","18":"purchasable","19":"product-type-simple"},"yoast_head":"<!-- This site is optimized with the Yoast SEO Premium plugin v20.8 (Yoast SEO v27.4) - https:\/\/yoast.com\/product\/yoast-seo-premium-wordpress\/ -->\n<title>Cerave S\u00e9rum R\u00e9tinol Anti Imperfections 30ml - Lab&eacute;ma Cosmetics<\/title>\n<meta name=\"description\" content=\"CeraVe S\u00e9rum R\u00e9tinol Anti-Marques a \u00e9t\u00e9 d\u00e9velopp\u00e9 en collaboration avec des dermatologues pour r\u00e9duire l&#039;apparence des marques post-acn\u00e9 persistantes\" \/>\n<meta name=\"robots\" content=\"index, follow, max-snippet:-1, max-image-preview:large, max-video-preview:-1\" \/>\n<link rel=\"canonical\" href=\"https:\/\/labemacosmetics.com\/en\/product\/cerave-serum-retinol-anti-imperfections-30ml\/\" \/>\n<meta property=\"og:locale\" content=\"en_GB\" \/>\n<meta property=\"og:type\" content=\"article\" \/>\n<meta property=\"og:title\" content=\"Cerave S\u00e9rum R\u00e9tinol Anti Imperfections 30ml\" \/>\n<meta property=\"og:description\" content=\"CeraVe S\u00e9rum R\u00e9tinol Anti-Marques a \u00e9t\u00e9 d\u00e9velopp\u00e9 en collaboration avec des dermatologues pour r\u00e9duire l&#039;apparence des marques post-acn\u00e9 persistantes\" \/>\n<meta property=\"og:url\" content=\"https:\/\/labemacosmetics.com\/en\/product\/cerave-serum-retinol-anti-imperfections-30ml\/\" \/>\n<meta property=\"og:site_name\" content=\"Lab&eacute;ma Cosmetics\" \/>\n<meta property=\"article:publisher\" content=\"http:\/\/www.facebook.com\/labemacosmetics\" \/>\n<meta property=\"article:modified_time\" content=\"2023-05-22T07:31:25+00:00\" \/>\n<meta property=\"og:image\" content=\"https:\/\/labemacosmetics.com\/wp-content\/uploads\/2023\/05\/Cerave-serum-retinol-1.webp\" \/>\n\t<meta property=\"og:image:width\" content=\"1000\" \/>\n\t<meta property=\"og:image:height\" content=\"1000\" \/>\n\t<meta property=\"og:image:type\" content=\"image\/webp\" \/>\n<meta name=\"twitter:card\" content=\"summary_large_image\" \/>\n<meta name=\"twitter:site\" content=\"@Labemasn\" \/>\n<meta name=\"twitter:label1\" content=\"Price\" \/>\n\t<meta name=\"twitter:data1\" content=\"16 800&nbsp;CFA\" \/>\n\t<meta name=\"twitter:label2\" content=\"Availability\" \/>\n\t<meta name=\"twitter:data2\" content=\"In stock\" \/>\n<script type=\"application\/ld+json\" class=\"yoast-schema-graph\">{\"@context\":\"https:\\\/\\\/schema.org\",\"@graph\":[{\"@type\":\"WebPage\",\"@id\":\"https:\\\/\\\/labemacosmetics.com\\\/en\\\/product\\\/cerave-serum-retinol-anti-imperfections-30ml\\\/\",\"url\":\"https:\\\/\\\/labemacosmetics.com\\\/en\\\/product\\\/cerave-serum-retinol-anti-imperfections-30ml\\\/\",\"name\":\"Cerave S\u00e9rum R\u00e9tinol Anti Imperfections 30ml - Lab&eacute;ma Cosmetics\",\"isPartOf\":{\"@id\":\"https:\\\/\\\/labemacosmetics.com\\\/#website\"},\"primaryImageOfPage\":{\"@id\":\"https:\\\/\\\/labemacosmetics.com\\\/en\\\/product\\\/cerave-serum-retinol-anti-imperfections-30ml\\\/#primaryimage\"},\"image\":{\"@id\":\"https:\\\/\\\/labemacosmetics.com\\\/en\\\/product\\\/cerave-serum-retinol-anti-imperfections-30ml\\\/#primaryimage\"},\"thumbnailUrl\":\"https:\\\/\\\/labemacosmetics.com\\\/wp-content\\\/uploads\\\/2023\\\/05\\\/Cerave-serum-retinol-1.webp\",\"datePublished\":\"2023-05-11T11:13:12+00:00\",\"dateModified\":\"2023-05-22T07:31:25+00:00\",\"description\":\"CeraVe S\u00e9rum R\u00e9tinol Anti-Marques a \u00e9t\u00e9 d\u00e9velopp\u00e9 en collaboration avec des dermatologues pour r\u00e9duire l'apparence des marques post-acn\u00e9 persistantes\",\"breadcrumb\":{\"@id\":\"https:\\\/\\\/labemacosmetics.com\\\/en\\\/product\\\/cerave-serum-retinol-anti-imperfections-30ml\\\/#breadcrumb\"},\"inLanguage\":\"en-GB\",\"potentialAction\":[{\"@type\":\"ReadAction\",\"target\":[\"https:\\\/\\\/labemacosmetics.com\\\/en\\\/product\\\/cerave-serum-retinol-anti-imperfections-30ml\\\/\"]}]},{\"@type\":\"ImageObject\",\"inLanguage\":\"en-GB\",\"@id\":\"https:\\\/\\\/labemacosmetics.com\\\/en\\\/product\\\/cerave-serum-retinol-anti-imperfections-30ml\\\/#primaryimage\",\"url\":\"https:\\\/\\\/labemacosmetics.com\\\/wp-content\\\/uploads\\\/2023\\\/05\\\/Cerave-serum-retinol-1.webp\",\"contentUrl\":\"https:\\\/\\\/labemacosmetics.com\\\/wp-content\\\/uploads\\\/2023\\\/05\\\/Cerave-serum-retinol-1.webp\",\"width\":1000,\"height\":1000,\"caption\":\"Cerave S\u00e9rum R\u00e9tinol\"},{\"@type\":\"BreadcrumbList\",\"@id\":\"https:\\\/\\\/labemacosmetics.com\\\/en\\\/product\\\/cerave-serum-retinol-anti-imperfections-30ml\\\/#breadcrumb\",\"itemListElement\":[{\"@type\":\"ListItem\",\"position\":1,\"name\":\"Accueil\",\"item\":\"https:\\\/\\\/labemacosmetics.com\\\/\"},{\"@type\":\"ListItem\",\"position\":2,\"name\":\"Produits\",\"item\":\"https:\\\/\\\/labemacosmetics.com\\\/shop\\\/\"},{\"@type\":\"ListItem\",\"position\":3,\"name\":\"Cerave S\u00e9rum R\u00e9tinol Anti Imperfections 30ml\"}]},{\"@type\":\"WebSite\",\"@id\":\"https:\\\/\\\/labemacosmetics.com\\\/#website\",\"url\":\"https:\\\/\\\/labemacosmetics.com\\\/\",\"name\":\"Lab&eacute;ma Cosmetics\",\"description\":\"\",\"potentialAction\":[{\"@type\":\"SearchAction\",\"target\":{\"@type\":\"EntryPoint\",\"urlTemplate\":\"https:\\\/\\\/labemacosmetics.com\\\/?s={search_term_string}\"},\"query-input\":{\"@type\":\"PropertyValueSpecification\",\"valueRequired\":true,\"valueName\":\"search_term_string\"}}],\"inLanguage\":\"en-GB\"}]}<\/script>\n<meta property=\"product:brand\" content=\"Toutes les marques\" \/>\n<meta property=\"product:price:amount\" content=\"16800\" \/>\n<meta property=\"product:price:currency\" content=\"XOF\" \/>\n<meta property=\"og:availability\" content=\"instock\" \/>\n<meta property=\"product:availability\" content=\"instock\" \/>\n<meta property=\"product:condition\" content=\"new\" \/>\n<!-- \/ Yoast SEO Premium plugin. -->","yoast_head_json":{"title":"Cerave S\u00e9rum R\u00e9tinol Anti Imperfections 30ml - Lab&eacute;ma Cosmetics","description":"CeraVe S\u00e9rum R\u00e9tinol Anti-Marques a \u00e9t\u00e9 d\u00e9velopp\u00e9 en collaboration avec des dermatologues pour r\u00e9duire l'apparence des marques post-acn\u00e9 persistantes","robots":{"index":"index","follow":"follow","max-snippet":"max-snippet:-1","max-image-preview":"max-image-preview:large","max-video-preview":"max-video-preview:-1"},"canonical":"https:\/\/labemacosmetics.com\/en\/product\/cerave-serum-retinol-anti-imperfections-30ml\/","og_locale":"en_GB","og_type":"article","og_title":"Cerave S\u00e9rum R\u00e9tinol Anti Imperfections 30ml","og_description":"CeraVe S\u00e9rum R\u00e9tinol Anti-Marques a \u00e9t\u00e9 d\u00e9velopp\u00e9 en collaboration avec des dermatologues pour r\u00e9duire l'apparence des marques post-acn\u00e9 persistantes","og_url":"https:\/\/labemacosmetics.com\/en\/product\/cerave-serum-retinol-anti-imperfections-30ml\/","og_site_name":"Lab&eacute;ma Cosmetics","article_publisher":"http:\/\/www.facebook.com\/labemacosmetics","article_modified_time":"2023-05-22T07:31:25+00:00","og_image":[{"width":1000,"height":1000,"url":"https:\/\/labemacosmetics.com\/wp-content\/uploads\/2023\/05\/Cerave-serum-retinol-1.webp","type":"image\/webp"}],"twitter_card":"summary_large_image","twitter_site":"@Labemasn","twitter_misc":{"Price":"16 800&nbsp;CFA","Availability":"In stock"},"schema":{"@context":"https:\/\/schema.org","@graph":[{"@type":"WebPage","@id":"https:\/\/labemacosmetics.com\/en\/product\/cerave-serum-retinol-anti-imperfections-30ml\/","url":"https:\/\/labemacosmetics.com\/en\/product\/cerave-serum-retinol-anti-imperfections-30ml\/","name":"Cerave S\u00e9rum R\u00e9tinol Anti Imperfections 30ml - Lab&eacute;ma Cosmetics","isPartOf":{"@id":"https:\/\/labemacosmetics.com\/#website"},"primaryImageOfPage":{"@id":"https:\/\/labemacosmetics.com\/en\/product\/cerave-serum-retinol-anti-imperfections-30ml\/#primaryimage"},"image":{"@id":"https:\/\/labemacosmetics.com\/en\/product\/cerave-serum-retinol-anti-imperfections-30ml\/#primaryimage"},"thumbnailUrl":"https:\/\/labemacosmetics.com\/wp-content\/uploads\/2023\/05\/Cerave-serum-retinol-1.webp","datePublished":"2023-05-11T11:13:12+00:00","dateModified":"2023-05-22T07:31:25+00:00","description":"CeraVe S\u00e9rum R\u00e9tinol Anti-Marques a \u00e9t\u00e9 d\u00e9velopp\u00e9 en collaboration avec des dermatologues pour r\u00e9duire l'apparence des marques post-acn\u00e9 persistantes","breadcrumb":{"@id":"https:\/\/labemacosmetics.com\/en\/product\/cerave-serum-retinol-anti-imperfections-30ml\/#breadcrumb"},"inLanguage":"en-GB","potentialAction":[{"@type":"ReadAction","target":["https:\/\/labemacosmetics.com\/en\/product\/cerave-serum-retinol-anti-imperfections-30ml\/"]}]},{"@type":"ImageObject","inLanguage":"en-GB","@id":"https:\/\/labemacosmetics.com\/en\/product\/cerave-serum-retinol-anti-imperfections-30ml\/#primaryimage","url":"https:\/\/labemacosmetics.com\/wp-content\/uploads\/2023\/05\/Cerave-serum-retinol-1.webp","contentUrl":"https:\/\/labemacosmetics.com\/wp-content\/uploads\/2023\/05\/Cerave-serum-retinol-1.webp","width":1000,"height":1000,"caption":"Cerave S\u00e9rum R\u00e9tinol"},{"@type":"BreadcrumbList","@id":"https:\/\/labemacosmetics.com\/en\/product\/cerave-serum-retinol-anti-imperfections-30ml\/#breadcrumb","itemListElement":[{"@type":"ListItem","position":1,"name":"Accueil","item":"https:\/\/labemacosmetics.com\/"},{"@type":"ListItem","position":2,"name":"Produits","item":"https:\/\/labemacosmetics.com\/shop\/"},{"@type":"ListItem","position":3,"name":"Cerave S\u00e9rum R\u00e9tinol Anti Imperfections 30ml"}]},{"@type":"WebSite","@id":"https:\/\/labemacosmetics.com\/#website","url":"https:\/\/labemacosmetics.com\/","name":"Lab&eacute;ma Cosmetics","description":"","potentialAction":[{"@type":"SearchAction","target":{"@type":"EntryPoint","urlTemplate":"https:\/\/labemacosmetics.com\/?s={search_term_string}"},"query-input":{"@type":"PropertyValueSpecification","valueRequired":true,"valueName":"search_term_string"}}],"inLanguage":"en-GB"}]},"product_brand":"Toutes les marques","product_price_amount":"16800","product_price_currency":"XOF","og_availability":"instock","product_availability":"instock","product_condition":"new"},"_links":{"self":[{"href":"https:\/\/labemacosmetics.com\/en\/wp-json\/wp\/v2\/product\/7444","targetHints":{"allow":["GET"]}}],"collection":[{"href":"https:\/\/labemacosmetics.com\/en\/wp-json\/wp\/v2\/product"}],"about":[{"href":"https:\/\/labemacosmetics.com\/en\/wp-json\/wp\/v2\/types\/product"}],"replies":[{"embeddable":true,"href":"https:\/\/labemacosmetics.com\/en\/wp-json\/wp\/v2\/comments?post=7444"}],"version-history":[{"count":0,"href":"https:\/\/labemacosmetics.com\/en\/wp-json\/wp\/v2\/product\/7444\/revisions"}],"wp:featuredmedia":[{"embeddable":true,"href":"https:\/\/labemacosmetics.com\/en\/wp-json\/wp\/v2\/media\/7446"}],"wp:attachment":[{"href":"https:\/\/labemacosmetics.com\/en\/wp-json\/wp\/v2\/media?parent=7444"}],"wp:term":[{"taxonomy":"product_brand","embeddable":true,"href":"https:\/\/labemacosmetics.com\/en\/wp-json\/wp\/v2\/product_brand?post=7444"},{"taxonomy":"product_cat","embeddable":true,"href":"https:\/\/labemacosmetics.com\/en\/wp-json\/wp\/v2\/product_cat?post=7444"},{"taxonomy":"product_tag","embeddable":true,"href":"https:\/\/labemacosmetics.com\/en\/wp-json\/wp\/v2\/product_tag?post=7444"}],"curies":[{"name":"wp","href":"https:\/\/api.w.org\/{rel}","templated":true}]}}