{"id":7437,"date":"2023-05-11T10:06:18","date_gmt":"2023-05-11T09:06:18","guid":{"rendered":"https:\/\/labemacosmetics.com\/?post_type=product&#038;p=7437"},"modified":"2024-10-01T22:13:12","modified_gmt":"2024-10-01T21:13:12","slug":"cosrx-serum-aha-bha-lotion-tonique-exfoliant","status":"publish","type":"product","link":"https:\/\/labemacosmetics.com\/en\/product\/cosrx-serum-aha-bha-lotion-tonique-exfoliant\/","title":{"rendered":"Cosrx S\u00e9rum AHA BHA Lotion Tonique Exfoliant"},"content":{"rendered":"<p>Le S\u00e9rum AHA BHA Cosrx\u00a0 \u00a0est un tonique id\u00e9al pour pr\u00e9venir les boutons et les points noirs, tout en \u00e9liminant les peaux mortes caus\u00e9es par une d\u00e9shydratation cutan\u00e9e. Enrichi en AHA et BHA naturels, ce tonique \u00e9claircissant contient de l&rsquo;eau min\u00e9rale pour \u00e9liminer en douceur les cellules mortes et am\u00e9liorer la sant\u00e9 de votre peau. \u00c9vitez les formules \u00e0 base d&rsquo;eau purifi\u00e9e et optez pour un tonique aux AHA\/BHA pour des r\u00e9sultats optimaux.<\/p>\n<p>Ce Tonique pour le visage en flacon-spray s&rsquo;int\u00e8gre facilement dans votre routine de soin pour une utilisation tout au long de la journ\u00e9e. Avec une concentration de 10% en pyrus malus (ou eau de pomme), ce tonique doux exfolie d\u00e9licatement votre peau pour \u00e9liminer les cellules mortes et l&rsquo;exc\u00e8s de s\u00e9bum, tout en la pr\u00e9parant \u00e0 recevoir les soins suivants. Son action hydratante rafra\u00eechit votre peau et la laisse pr\u00eate pour le prochain soin.<\/p>\n<h2>Utilisation S\u00e9rum AHA BHA Cosrx Tonique Exfoliant<\/h2>\n<ul>\n<li>Int\u00e9grez facilement ce tonique AHA \u00e0 votre routine de soins quotidiens en l&rsquo;utilisant 2 \u00e0 3 fois par semaine apr\u00e8s le nettoyage de votre visage.<\/li>\n<li>Impr\u00e9gnez un coton de produit et appliquez le d\u00e9licatement sur votre visage en effectuant des mouvements de l&rsquo;int\u00e9rieur vers l&rsquo;ext\u00e9rieur.<\/li>\n<li>Suivez ensuite avec une essence, une cr\u00e8me et une cr\u00e8me solaire pour une routine compl\u00e8te.<\/li>\n<\/ul>\n<h2>Ingr\u00e9dients<\/h2>\n<p>Eau, eau d&rsquo;\u00e9corce de Salix Alba (saule), eau de fruits Pyrus Malus (pomme), butyl\u00e8ne glycol, 1,2-hexanediol, lactate de sodium, acide glycolique, salicylate de b\u00e9ta\u00efne, allanto\u00efne, panth\u00e9nol, \u00e9thyl hexanediol<\/p>\n<p>Pour conna\u00eetre la liste d&rsquo;ingr\u00e9dients la plus r\u00e9cente, nous vous invitons \u00e0 v\u00e9rifier l&#8217;emballage du produit.<\/p>\n<p>&nbsp;<\/p>\n<p>&nbsp;<\/p>","protected":false},"excerpt":{"rendered":"<p>Le S\u00e9rum AHA BHA Cosrx\u00a0 \u00a0est un tonique id\u00e9al pour pr\u00e9venir les boutons et les points noirs, tout en \u00e9liminant les peaux mortes caus\u00e9es par une d\u00e9shydratation cutan\u00e9e. Enrichi en AHA et BHA naturels, ce tonique \u00e9claircissant contient de l&rsquo;eau min\u00e9rale pour \u00e9liminer en douceur les cellules mortes et am\u00e9liorer la sant\u00e9 de votre peau.<\/p>","protected":false},"featured_media":7439,"comment_status":"open","ping_status":"closed","template":"","meta":{"om_disable_all_campaigns":false,"_mi_skip_tracking":false,"_monsterinsights_sitenote_active":false,"_monsterinsights_sitenote_note":"","_monsterinsights_sitenote_category":0},"product_brand":[],"product_cat":[127,520,549,512,128],"product_tag":[],"class_list":{"0":"post-7437","1":"product","2":"type-product","3":"status-publish","4":"has-post-thumbnail","6":"product_cat-boutique","7":"product_cat-gommage-peeling","8":"product_cat-lotion-toner","9":"product_cat-produits-par-besoin","10":"product_cat-soin-de-visage","11":"yith_product_brand-cosrx","12":"yith_product_brand-all-brands","14":"first","15":"instock","16":"shipping-taxable","17":"purchasable","18":"product-type-simple"},"yoast_head":"<!-- This site is optimized with the Yoast SEO Premium plugin v20.8 (Yoast SEO v27.4) - https:\/\/yoast.com\/product\/yoast-seo-premium-wordpress\/ -->\n<title>Cosrx S\u00e9rum AHA BHA Lotion Tonique Exfoliant | Dakar<\/title>\n<meta name=\"description\" content=\"Le S\u00e9rum AHA BHA Cosrx\u00a0 \u00a0est un tonique id\u00e9al pour pr\u00e9venir les boutons et les points noirs, tout en \u00e9liminant les peaux mortes caus\u00e9es par une d\u00e9shydratation\" \/>\n<meta name=\"robots\" content=\"index, follow, max-snippet:-1, max-image-preview:large, max-video-preview:-1\" \/>\n<link rel=\"canonical\" href=\"https:\/\/labemacosmetics.com\/en\/product\/cosrx-serum-aha-bha-lotion-tonique-exfoliant\/\" \/>\n<meta property=\"og:locale\" content=\"en_GB\" \/>\n<meta property=\"og:type\" content=\"article\" \/>\n<meta property=\"og:title\" content=\"Cosrx S\u00e9rum AHA BHA Lotion Tonique Exfoliant\" \/>\n<meta property=\"og:description\" content=\"Le S\u00e9rum AHA BHA Cosrx\u00a0 \u00a0est un tonique id\u00e9al pour pr\u00e9venir les boutons et les points noirs, tout en \u00e9liminant les peaux mortes caus\u00e9es par une d\u00e9shydratation\" \/>\n<meta property=\"og:url\" content=\"https:\/\/labemacosmetics.com\/en\/product\/cosrx-serum-aha-bha-lotion-tonique-exfoliant\/\" \/>\n<meta property=\"og:site_name\" content=\"Lab&eacute;ma Cosmetics\" \/>\n<meta property=\"article:publisher\" content=\"http:\/\/www.facebook.com\/labemacosmetics\" \/>\n<meta property=\"article:modified_time\" content=\"2024-10-01T21:13:12+00:00\" \/>\n<meta property=\"og:image\" content=\"https:\/\/labemacosmetics.com\/wp-content\/uploads\/2023\/05\/cosrx-aha-bha-clarifying-treatment-toner-tonique.jpg\" \/>\n\t<meta property=\"og:image:width\" content=\"1000\" \/>\n\t<meta property=\"og:image:height\" content=\"1000\" \/>\n\t<meta property=\"og:image:type\" content=\"image\/jpeg\" \/>\n<meta name=\"twitter:card\" content=\"summary_large_image\" \/>\n<meta name=\"twitter:site\" content=\"@Labemasn\" \/>\n<meta name=\"twitter:label1\" content=\"Price\" \/>\n\t<meta name=\"twitter:data1\" content=\"14 400&nbsp;CFA\" \/>\n\t<meta name=\"twitter:label2\" content=\"Availability\" \/>\n\t<meta name=\"twitter:data2\" content=\"In stock\" \/>\n<script type=\"application\/ld+json\" class=\"yoast-schema-graph\">{\"@context\":\"https:\\\/\\\/schema.org\",\"@graph\":[{\"@type\":\"WebPage\",\"@id\":\"https:\\\/\\\/labemacosmetics.com\\\/produit\\\/cosrx-serum-aha-bha-lotion-tonique-exfoliant\\\/\",\"url\":\"https:\\\/\\\/labemacosmetics.com\\\/produit\\\/cosrx-serum-aha-bha-lotion-tonique-exfoliant\\\/\",\"name\":\"Cosrx S\u00e9rum AHA BHA Lotion Tonique Exfoliant | Dakar\",\"isPartOf\":{\"@id\":\"https:\\\/\\\/labemacosmetics.com\\\/#website\"},\"primaryImageOfPage\":{\"@id\":\"https:\\\/\\\/labemacosmetics.com\\\/produit\\\/cosrx-serum-aha-bha-lotion-tonique-exfoliant\\\/#primaryimage\"},\"image\":{\"@id\":\"https:\\\/\\\/labemacosmetics.com\\\/produit\\\/cosrx-serum-aha-bha-lotion-tonique-exfoliant\\\/#primaryimage\"},\"thumbnailUrl\":\"https:\\\/\\\/labemacosmetics.com\\\/wp-content\\\/uploads\\\/2023\\\/05\\\/cosrx-aha-bha-clarifying-treatment-toner-tonique.jpg\",\"datePublished\":\"2023-05-11T09:06:18+00:00\",\"dateModified\":\"2024-10-01T21:13:12+00:00\",\"description\":\"Le S\u00e9rum AHA BHA Cosrx\u00a0 \u00a0est un tonique id\u00e9al pour pr\u00e9venir les boutons et les points noirs, tout en \u00e9liminant les peaux mortes caus\u00e9es par une d\u00e9shydratation\",\"breadcrumb\":{\"@id\":\"https:\\\/\\\/labemacosmetics.com\\\/produit\\\/cosrx-serum-aha-bha-lotion-tonique-exfoliant\\\/#breadcrumb\"},\"inLanguage\":\"en-GB\",\"potentialAction\":[{\"@type\":\"ReadAction\",\"target\":[\"https:\\\/\\\/labemacosmetics.com\\\/produit\\\/cosrx-serum-aha-bha-lotion-tonique-exfoliant\\\/\"]}]},{\"@type\":\"ImageObject\",\"inLanguage\":\"en-GB\",\"@id\":\"https:\\\/\\\/labemacosmetics.com\\\/produit\\\/cosrx-serum-aha-bha-lotion-tonique-exfoliant\\\/#primaryimage\",\"url\":\"https:\\\/\\\/labemacosmetics.com\\\/wp-content\\\/uploads\\\/2023\\\/05\\\/cosrx-aha-bha-clarifying-treatment-toner-tonique.jpg\",\"contentUrl\":\"https:\\\/\\\/labemacosmetics.com\\\/wp-content\\\/uploads\\\/2023\\\/05\\\/cosrx-aha-bha-clarifying-treatment-toner-tonique.jpg\",\"width\":1000,\"height\":1000,\"caption\":\"Serum AHA cosrx lotion tonique\"},{\"@type\":\"BreadcrumbList\",\"@id\":\"https:\\\/\\\/labemacosmetics.com\\\/produit\\\/cosrx-serum-aha-bha-lotion-tonique-exfoliant\\\/#breadcrumb\",\"itemListElement\":[{\"@type\":\"ListItem\",\"position\":1,\"name\":\"Accueil\",\"item\":\"https:\\\/\\\/labemacosmetics.com\\\/\"},{\"@type\":\"ListItem\",\"position\":2,\"name\":\"Produits\",\"item\":\"https:\\\/\\\/labemacosmetics.com\\\/shop\\\/\"},{\"@type\":\"ListItem\",\"position\":3,\"name\":\"Cosrx S\u00e9rum AHA BHA Lotion Tonique Exfoliant\"}]},{\"@type\":\"WebSite\",\"@id\":\"https:\\\/\\\/labemacosmetics.com\\\/#website\",\"url\":\"https:\\\/\\\/labemacosmetics.com\\\/\",\"name\":\"Lab&eacute;ma Cosmetics\",\"description\":\"\",\"potentialAction\":[{\"@type\":\"SearchAction\",\"target\":{\"@type\":\"EntryPoint\",\"urlTemplate\":\"https:\\\/\\\/labemacosmetics.com\\\/?s={search_term_string}\"},\"query-input\":{\"@type\":\"PropertyValueSpecification\",\"valueRequired\":true,\"valueName\":\"search_term_string\"}}],\"inLanguage\":\"en-GB\"}]}<\/script>\n<meta property=\"product:brand\" content=\"Toutes les marques\" \/>\n<meta property=\"product:price:amount\" content=\"14400\" \/>\n<meta property=\"product:price:currency\" content=\"XOF\" \/>\n<meta property=\"og:availability\" content=\"instock\" \/>\n<meta property=\"product:availability\" content=\"instock\" \/>\n<meta property=\"product:condition\" content=\"new\" \/>\n<!-- \/ Yoast SEO Premium plugin. -->","yoast_head_json":{"title":"Cosrx S\u00e9rum AHA BHA Lotion Tonique Exfoliant | Dakar","description":"Le S\u00e9rum AHA BHA Cosrx\u00a0 \u00a0est un tonique id\u00e9al pour pr\u00e9venir les boutons et les points noirs, tout en \u00e9liminant les peaux mortes caus\u00e9es par une d\u00e9shydratation","robots":{"index":"index","follow":"follow","max-snippet":"max-snippet:-1","max-image-preview":"max-image-preview:large","max-video-preview":"max-video-preview:-1"},"canonical":"https:\/\/labemacosmetics.com\/en\/product\/cosrx-serum-aha-bha-lotion-tonique-exfoliant\/","og_locale":"en_GB","og_type":"article","og_title":"Cosrx S\u00e9rum AHA BHA Lotion Tonique Exfoliant","og_description":"Le S\u00e9rum AHA BHA Cosrx\u00a0 \u00a0est un tonique id\u00e9al pour pr\u00e9venir les boutons et les points noirs, tout en \u00e9liminant les peaux mortes caus\u00e9es par une d\u00e9shydratation","og_url":"https:\/\/labemacosmetics.com\/en\/product\/cosrx-serum-aha-bha-lotion-tonique-exfoliant\/","og_site_name":"Lab&eacute;ma Cosmetics","article_publisher":"http:\/\/www.facebook.com\/labemacosmetics","article_modified_time":"2024-10-01T21:13:12+00:00","og_image":[{"width":1000,"height":1000,"url":"https:\/\/labemacosmetics.com\/wp-content\/uploads\/2023\/05\/cosrx-aha-bha-clarifying-treatment-toner-tonique.jpg","type":"image\/jpeg"}],"twitter_card":"summary_large_image","twitter_site":"@Labemasn","twitter_misc":{"Price":"14 400&nbsp;CFA","Availability":"In stock"},"schema":{"@context":"https:\/\/schema.org","@graph":[{"@type":"WebPage","@id":"https:\/\/labemacosmetics.com\/produit\/cosrx-serum-aha-bha-lotion-tonique-exfoliant\/","url":"https:\/\/labemacosmetics.com\/produit\/cosrx-serum-aha-bha-lotion-tonique-exfoliant\/","name":"Cosrx S\u00e9rum AHA BHA Lotion Tonique Exfoliant | Dakar","isPartOf":{"@id":"https:\/\/labemacosmetics.com\/#website"},"primaryImageOfPage":{"@id":"https:\/\/labemacosmetics.com\/produit\/cosrx-serum-aha-bha-lotion-tonique-exfoliant\/#primaryimage"},"image":{"@id":"https:\/\/labemacosmetics.com\/produit\/cosrx-serum-aha-bha-lotion-tonique-exfoliant\/#primaryimage"},"thumbnailUrl":"https:\/\/labemacosmetics.com\/wp-content\/uploads\/2023\/05\/cosrx-aha-bha-clarifying-treatment-toner-tonique.jpg","datePublished":"2023-05-11T09:06:18+00:00","dateModified":"2024-10-01T21:13:12+00:00","description":"Le S\u00e9rum AHA BHA Cosrx\u00a0 \u00a0est un tonique id\u00e9al pour pr\u00e9venir les boutons et les points noirs, tout en \u00e9liminant les peaux mortes caus\u00e9es par une d\u00e9shydratation","breadcrumb":{"@id":"https:\/\/labemacosmetics.com\/produit\/cosrx-serum-aha-bha-lotion-tonique-exfoliant\/#breadcrumb"},"inLanguage":"en-GB","potentialAction":[{"@type":"ReadAction","target":["https:\/\/labemacosmetics.com\/produit\/cosrx-serum-aha-bha-lotion-tonique-exfoliant\/"]}]},{"@type":"ImageObject","inLanguage":"en-GB","@id":"https:\/\/labemacosmetics.com\/produit\/cosrx-serum-aha-bha-lotion-tonique-exfoliant\/#primaryimage","url":"https:\/\/labemacosmetics.com\/wp-content\/uploads\/2023\/05\/cosrx-aha-bha-clarifying-treatment-toner-tonique.jpg","contentUrl":"https:\/\/labemacosmetics.com\/wp-content\/uploads\/2023\/05\/cosrx-aha-bha-clarifying-treatment-toner-tonique.jpg","width":1000,"height":1000,"caption":"Serum AHA cosrx lotion tonique"},{"@type":"BreadcrumbList","@id":"https:\/\/labemacosmetics.com\/produit\/cosrx-serum-aha-bha-lotion-tonique-exfoliant\/#breadcrumb","itemListElement":[{"@type":"ListItem","position":1,"name":"Accueil","item":"https:\/\/labemacosmetics.com\/"},{"@type":"ListItem","position":2,"name":"Produits","item":"https:\/\/labemacosmetics.com\/shop\/"},{"@type":"ListItem","position":3,"name":"Cosrx S\u00e9rum AHA BHA Lotion Tonique Exfoliant"}]},{"@type":"WebSite","@id":"https:\/\/labemacosmetics.com\/#website","url":"https:\/\/labemacosmetics.com\/","name":"Lab&eacute;ma Cosmetics","description":"","potentialAction":[{"@type":"SearchAction","target":{"@type":"EntryPoint","urlTemplate":"https:\/\/labemacosmetics.com\/?s={search_term_string}"},"query-input":{"@type":"PropertyValueSpecification","valueRequired":true,"valueName":"search_term_string"}}],"inLanguage":"en-GB"}]},"product_brand":"Toutes les marques","product_price_amount":"14400","product_price_currency":"XOF","og_availability":"instock","product_availability":"instock","product_condition":"new"},"_links":{"self":[{"href":"https:\/\/labemacosmetics.com\/en\/wp-json\/wp\/v2\/product\/7437","targetHints":{"allow":["GET"]}}],"collection":[{"href":"https:\/\/labemacosmetics.com\/en\/wp-json\/wp\/v2\/product"}],"about":[{"href":"https:\/\/labemacosmetics.com\/en\/wp-json\/wp\/v2\/types\/product"}],"replies":[{"embeddable":true,"href":"https:\/\/labemacosmetics.com\/en\/wp-json\/wp\/v2\/comments?post=7437"}],"version-history":[{"count":0,"href":"https:\/\/labemacosmetics.com\/en\/wp-json\/wp\/v2\/product\/7437\/revisions"}],"wp:featuredmedia":[{"embeddable":true,"href":"https:\/\/labemacosmetics.com\/en\/wp-json\/wp\/v2\/media\/7439"}],"wp:attachment":[{"href":"https:\/\/labemacosmetics.com\/en\/wp-json\/wp\/v2\/media?parent=7437"}],"wp:term":[{"taxonomy":"product_brand","embeddable":true,"href":"https:\/\/labemacosmetics.com\/en\/wp-json\/wp\/v2\/product_brand?post=7437"},{"taxonomy":"product_cat","embeddable":true,"href":"https:\/\/labemacosmetics.com\/en\/wp-json\/wp\/v2\/product_cat?post=7437"},{"taxonomy":"product_tag","embeddable":true,"href":"https:\/\/labemacosmetics.com\/en\/wp-json\/wp\/v2\/product_tag?post=7437"}],"curies":[{"name":"wp","href":"https:\/\/api.w.org\/{rel}","templated":true}]}}