{"id":7429,"date":"2023-05-11T09:17:45","date_gmt":"2023-05-11T08:17:45","guid":{"rendered":"https:\/\/labemacosmetics.com\/?post_type=product&#038;p=7429"},"modified":"2025-11-02T09:46:10","modified_gmt":"2025-11-02T08:46:10","slug":"cosrx-snail-essence-serum-96-mucin-power-100-ml","status":"publish","type":"product","link":"https:\/\/labemacosmetics.com\/en\/product\/cosrx-snail-essence-serum-96-mucin-power-100-ml\/","title":{"rendered":"Cosrx Snail Essence S\u00e9rum 96 Mucin Power- 100 ml"},"content":{"rendered":"<p>Cosrx Snail Essence Advanced Snail 96 Mucin Power est une essence \u00e0 la mucine d&rsquo;escargot qui offre une hydratation intense et un soulagement pour les peaux s\u00e8ches tout en revitalisant la peau.<\/p>\n<p>Cette essence contient du filtrat de s\u00e9cr\u00e9tions d&rsquo;escargot, riche en hydratation, nutriments et vitamines, qui aide \u00e0 r\u00e9parer les peaux endommag\u00e9es, affiner le grain de peau, r\u00e9duire l&rsquo;hyperpigmentation et les ridules.<\/p>\n<p>En outre, cette essence est enrichie en hyaluronate de sodium, allanto\u00efne, panth\u00e9nol et arginine pour hydrater, apaiser et renforcer l&rsquo;\u00e9lasticit\u00e9 de la peau. Adapt\u00e9e \u00e0 tous les types de peaux, m\u00eame les plus sensibles, elle cible diff\u00e9rents probl\u00e8mes de peau.<\/p>\n<p>Formul\u00e9e sans ingr\u00e9dients chimiques nocifs tels que les parab\u00e8nes, l&rsquo;\u00e9thanol, les parfums artificiels, les tensioactifs synth\u00e9tiques et les colorants artificiels, cette essence est un choix s\u00fbr pour votre routine de soins de la peau.<\/p>\n<h2>Utilisation Cosrx Snail Essence :<\/h2>\n<p>Pour utiliser le s\u00e9rum Cosrx Snail Essence 96 Mucin Power, suivez les \u00e9tapes suivantes :<\/p>\n<ol>\n<li>Une fois votre visage nettoy\u00e9 et tonifi\u00e9, appliquez une petite quantit\u00e9 sur l&rsquo;ensemble de votre visage.<\/li>\n<li>Tapotez doucement avec vos doigts pour faciliter l&rsquo;absorption.<\/li>\n<li>Terminez en appliquant votre cr\u00e8me hydratante habituelle.<\/li>\n<\/ol>\n<h2>Ingr\u00e9dients<\/h2>\n<p>Filtrate de s\u00e9cr\u00e9tion d&rsquo;escargot, b\u00e9ta\u00efne, butyl\u00e8ne glycol, 1,2-hexanediol, polyacrylate de sodium, ph\u00e9noxy\u00e9thanol, hyaluronate de sodium, allanto\u00efne, \u00e9thylhexanediol, carbom\u00e8re, panth\u00e9nol, arginine<\/p>\n<p>Veuillez noter que la liste d&rsquo;ingr\u00e9dients peut varier, veuillez consulter l&#8217;emballage du produit achet\u00e9.<\/p>","protected":false},"excerpt":{"rendered":"<p>Cosrx Snail Essence Advanced Snail 96 Mucin Power est une essence \u00e0 la mucine d&rsquo;escargot qui offre une hydratation intense et un soulagement pour les peaux s\u00e8ches tout en revitalisant la peau.<\/p>","protected":false},"featured_media":7432,"comment_status":"open","ping_status":"closed","template":"","meta":{"om_disable_all_campaigns":false,"_mi_skip_tracking":false,"_monsterinsights_sitenote_active":false,"_monsterinsights_sitenote_note":"","_monsterinsights_sitenote_category":0},"product_brand":[],"product_cat":[127,1747,515,514,516,517,512,1745,128,1748,513],"product_tag":[],"class_list":{"0":"post-7429","1":"product","2":"type-product","3":"status-publish","4":"has-post-thumbnail","6":"product_cat-boutique","7":"product_cat-peaux-a-tendances-acneiques","8":"product_cat-peaux-mixtes-a-grasses","9":"product_cat-peaux-normales","10":"product_cat-peaux-seches","11":"product_cat-peaux-sensibles","12":"product_cat-produits-par-besoin","13":"product_cat-serums","14":"product_cat-soin-de-visage","15":"product_cat-soins-anti-taches","16":"product_cat-type-de-peau","17":"yith_product_brand-cosrx","18":"yith_product_brand-all-brands","20":"first","21":"outofstock","22":"shipping-taxable","23":"purchasable","24":"product-type-simple"},"yoast_head":"<!-- This site is optimized with the Yoast SEO Premium plugin v20.8 (Yoast SEO v27.4) - https:\/\/yoast.com\/product\/yoast-seo-premium-wordpress\/ -->\n<title>Cosrx Snail Essence S\u00e9rum 96 Mucin Power- 100 ml | Dakar<\/title>\n<meta name=\"description\" content=\"Cosrx Snail Essence Advanced Snail 96 Mucin Power est une essence \u00e0 la mucine d&#039;escargot qui offre une hydratation intense et un soulagement\" \/>\n<meta name=\"robots\" content=\"index, follow, max-snippet:-1, max-image-preview:large, max-video-preview:-1\" \/>\n<link rel=\"canonical\" href=\"https:\/\/labemacosmetics.com\/en\/product\/cosrx-snail-essence-serum-96-mucin-power-100-ml\/\" \/>\n<meta property=\"og:locale\" content=\"en_GB\" \/>\n<meta property=\"og:type\" content=\"article\" \/>\n<meta property=\"og:title\" content=\"Cosrx Snail Essence S\u00e9rum 96 Mucin Power- 100 ml\" \/>\n<meta property=\"og:description\" content=\"Cosrx Snail Essence Advanced Snail 96 Mucin Power est une essence \u00e0 la mucine d&#039;escargot qui offre une hydratation intense et un soulagement\" \/>\n<meta property=\"og:url\" content=\"https:\/\/labemacosmetics.com\/en\/product\/cosrx-snail-essence-serum-96-mucin-power-100-ml\/\" \/>\n<meta property=\"og:site_name\" content=\"Lab&eacute;ma Cosmetics\" \/>\n<meta property=\"article:publisher\" content=\"http:\/\/www.facebook.com\/labemacosmetics\" \/>\n<meta property=\"article:modified_time\" content=\"2025-11-02T08:46:10+00:00\" \/>\n<meta property=\"og:image\" content=\"https:\/\/labemacosmetics.com\/wp-content\/uploads\/2023\/05\/cosrx-advanced-snail-96-mucin-power-essence-100ml-492.jpg\" \/>\n\t<meta property=\"og:image:width\" content=\"600\" \/>\n\t<meta property=\"og:image:height\" content=\"600\" \/>\n\t<meta property=\"og:image:type\" content=\"image\/jpeg\" \/>\n<meta name=\"twitter:card\" content=\"summary_large_image\" \/>\n<meta name=\"twitter:site\" content=\"@Labemasn\" \/>\n<meta name=\"twitter:label1\" content=\"Price\" \/>\n\t<meta name=\"twitter:data1\" content=\"18 500&nbsp;CFA\" \/>\n\t<meta name=\"twitter:label2\" content=\"Availability\" \/>\n\t<meta name=\"twitter:data2\" content=\"Out of stock\" \/>\n<script type=\"application\/ld+json\" class=\"yoast-schema-graph\">{\"@context\":\"https:\\\/\\\/schema.org\",\"@graph\":[{\"@type\":\"WebPage\",\"@id\":\"https:\\\/\\\/labemacosmetics.com\\\/produit\\\/cosrx-snail-essence-serum-96-mucin-power-100-ml\\\/\",\"url\":\"https:\\\/\\\/labemacosmetics.com\\\/produit\\\/cosrx-snail-essence-serum-96-mucin-power-100-ml\\\/\",\"name\":\"Cosrx Snail Essence S\u00e9rum 96 Mucin Power- 100 ml | Dakar\",\"isPartOf\":{\"@id\":\"https:\\\/\\\/labemacosmetics.com\\\/#website\"},\"primaryImageOfPage\":{\"@id\":\"https:\\\/\\\/labemacosmetics.com\\\/produit\\\/cosrx-snail-essence-serum-96-mucin-power-100-ml\\\/#primaryimage\"},\"image\":{\"@id\":\"https:\\\/\\\/labemacosmetics.com\\\/produit\\\/cosrx-snail-essence-serum-96-mucin-power-100-ml\\\/#primaryimage\"},\"thumbnailUrl\":\"https:\\\/\\\/labemacosmetics.com\\\/wp-content\\\/uploads\\\/2023\\\/05\\\/cosrx-advanced-snail-96-mucin-power-essence-100ml-492.jpg\",\"datePublished\":\"2023-05-11T08:17:45+00:00\",\"dateModified\":\"2025-11-02T08:46:10+00:00\",\"description\":\"Cosrx Snail Essence Advanced Snail 96 Mucin Power est une essence \u00e0 la mucine d'escargot qui offre une hydratation intense et un soulagement\",\"breadcrumb\":{\"@id\":\"https:\\\/\\\/labemacosmetics.com\\\/produit\\\/cosrx-snail-essence-serum-96-mucin-power-100-ml\\\/#breadcrumb\"},\"inLanguage\":\"en-GB\",\"potentialAction\":[{\"@type\":\"ReadAction\",\"target\":[\"https:\\\/\\\/labemacosmetics.com\\\/produit\\\/cosrx-snail-essence-serum-96-mucin-power-100-ml\\\/\"]}]},{\"@type\":\"ImageObject\",\"inLanguage\":\"en-GB\",\"@id\":\"https:\\\/\\\/labemacosmetics.com\\\/produit\\\/cosrx-snail-essence-serum-96-mucin-power-100-ml\\\/#primaryimage\",\"url\":\"https:\\\/\\\/labemacosmetics.com\\\/wp-content\\\/uploads\\\/2023\\\/05\\\/cosrx-advanced-snail-96-mucin-power-essence-100ml-492.jpg\",\"contentUrl\":\"https:\\\/\\\/labemacosmetics.com\\\/wp-content\\\/uploads\\\/2023\\\/05\\\/cosrx-advanced-snail-96-mucin-power-essence-100ml-492.jpg\",\"width\":600,\"height\":600,\"caption\":\"Cosrx snail essence\"},{\"@type\":\"BreadcrumbList\",\"@id\":\"https:\\\/\\\/labemacosmetics.com\\\/produit\\\/cosrx-snail-essence-serum-96-mucin-power-100-ml\\\/#breadcrumb\",\"itemListElement\":[{\"@type\":\"ListItem\",\"position\":1,\"name\":\"Accueil\",\"item\":\"https:\\\/\\\/labemacosmetics.com\\\/\"},{\"@type\":\"ListItem\",\"position\":2,\"name\":\"Produits\",\"item\":\"https:\\\/\\\/labemacosmetics.com\\\/shop\\\/\"},{\"@type\":\"ListItem\",\"position\":3,\"name\":\"Cosrx Snail Essence S\u00e9rum 96 Mucin Power- 100 ml\"}]},{\"@type\":\"WebSite\",\"@id\":\"https:\\\/\\\/labemacosmetics.com\\\/#website\",\"url\":\"https:\\\/\\\/labemacosmetics.com\\\/\",\"name\":\"Lab&eacute;ma Cosmetics\",\"description\":\"\",\"potentialAction\":[{\"@type\":\"SearchAction\",\"target\":{\"@type\":\"EntryPoint\",\"urlTemplate\":\"https:\\\/\\\/labemacosmetics.com\\\/?s={search_term_string}\"},\"query-input\":{\"@type\":\"PropertyValueSpecification\",\"valueRequired\":true,\"valueName\":\"search_term_string\"}}],\"inLanguage\":\"en-GB\"}]}<\/script>\n<meta property=\"product:brand\" content=\"Cosrx\" \/>\n<meta property=\"product:price:amount\" content=\"18500\" \/>\n<meta property=\"product:price:currency\" content=\"XOF\" \/>\n<meta property=\"og:availability\" content=\"out of stock\" \/>\n<meta property=\"product:availability\" content=\"out of stock\" \/>\n<meta property=\"product:condition\" content=\"new\" \/>\n<!-- \/ Yoast SEO Premium plugin. -->","yoast_head_json":{"title":"Cosrx Snail Essence S\u00e9rum 96 Mucin Power- 100 ml | Dakar","description":"Cosrx Snail Essence Advanced Snail 96 Mucin Power est une essence \u00e0 la mucine d'escargot qui offre une hydratation intense et un soulagement","robots":{"index":"index","follow":"follow","max-snippet":"max-snippet:-1","max-image-preview":"max-image-preview:large","max-video-preview":"max-video-preview:-1"},"canonical":"https:\/\/labemacosmetics.com\/en\/product\/cosrx-snail-essence-serum-96-mucin-power-100-ml\/","og_locale":"en_GB","og_type":"article","og_title":"Cosrx Snail Essence S\u00e9rum 96 Mucin Power- 100 ml","og_description":"Cosrx Snail Essence Advanced Snail 96 Mucin Power est une essence \u00e0 la mucine d'escargot qui offre une hydratation intense et un soulagement","og_url":"https:\/\/labemacosmetics.com\/en\/product\/cosrx-snail-essence-serum-96-mucin-power-100-ml\/","og_site_name":"Lab&eacute;ma Cosmetics","article_publisher":"http:\/\/www.facebook.com\/labemacosmetics","article_modified_time":"2025-11-02T08:46:10+00:00","og_image":[{"width":600,"height":600,"url":"https:\/\/labemacosmetics.com\/wp-content\/uploads\/2023\/05\/cosrx-advanced-snail-96-mucin-power-essence-100ml-492.jpg","type":"image\/jpeg"}],"twitter_card":"summary_large_image","twitter_site":"@Labemasn","twitter_misc":{"Price":"18 500&nbsp;CFA","Availability":"Out of stock"},"schema":{"@context":"https:\/\/schema.org","@graph":[{"@type":"WebPage","@id":"https:\/\/labemacosmetics.com\/produit\/cosrx-snail-essence-serum-96-mucin-power-100-ml\/","url":"https:\/\/labemacosmetics.com\/produit\/cosrx-snail-essence-serum-96-mucin-power-100-ml\/","name":"Cosrx Snail Essence S\u00e9rum 96 Mucin Power- 100 ml | Dakar","isPartOf":{"@id":"https:\/\/labemacosmetics.com\/#website"},"primaryImageOfPage":{"@id":"https:\/\/labemacosmetics.com\/produit\/cosrx-snail-essence-serum-96-mucin-power-100-ml\/#primaryimage"},"image":{"@id":"https:\/\/labemacosmetics.com\/produit\/cosrx-snail-essence-serum-96-mucin-power-100-ml\/#primaryimage"},"thumbnailUrl":"https:\/\/labemacosmetics.com\/wp-content\/uploads\/2023\/05\/cosrx-advanced-snail-96-mucin-power-essence-100ml-492.jpg","datePublished":"2023-05-11T08:17:45+00:00","dateModified":"2025-11-02T08:46:10+00:00","description":"Cosrx Snail Essence Advanced Snail 96 Mucin Power est une essence \u00e0 la mucine d'escargot qui offre une hydratation intense et un soulagement","breadcrumb":{"@id":"https:\/\/labemacosmetics.com\/produit\/cosrx-snail-essence-serum-96-mucin-power-100-ml\/#breadcrumb"},"inLanguage":"en-GB","potentialAction":[{"@type":"ReadAction","target":["https:\/\/labemacosmetics.com\/produit\/cosrx-snail-essence-serum-96-mucin-power-100-ml\/"]}]},{"@type":"ImageObject","inLanguage":"en-GB","@id":"https:\/\/labemacosmetics.com\/produit\/cosrx-snail-essence-serum-96-mucin-power-100-ml\/#primaryimage","url":"https:\/\/labemacosmetics.com\/wp-content\/uploads\/2023\/05\/cosrx-advanced-snail-96-mucin-power-essence-100ml-492.jpg","contentUrl":"https:\/\/labemacosmetics.com\/wp-content\/uploads\/2023\/05\/cosrx-advanced-snail-96-mucin-power-essence-100ml-492.jpg","width":600,"height":600,"caption":"Cosrx snail essence"},{"@type":"BreadcrumbList","@id":"https:\/\/labemacosmetics.com\/produit\/cosrx-snail-essence-serum-96-mucin-power-100-ml\/#breadcrumb","itemListElement":[{"@type":"ListItem","position":1,"name":"Accueil","item":"https:\/\/labemacosmetics.com\/"},{"@type":"ListItem","position":2,"name":"Produits","item":"https:\/\/labemacosmetics.com\/shop\/"},{"@type":"ListItem","position":3,"name":"Cosrx Snail Essence S\u00e9rum 96 Mucin Power- 100 ml"}]},{"@type":"WebSite","@id":"https:\/\/labemacosmetics.com\/#website","url":"https:\/\/labemacosmetics.com\/","name":"Lab&eacute;ma Cosmetics","description":"","potentialAction":[{"@type":"SearchAction","target":{"@type":"EntryPoint","urlTemplate":"https:\/\/labemacosmetics.com\/?s={search_term_string}"},"query-input":{"@type":"PropertyValueSpecification","valueRequired":true,"valueName":"search_term_string"}}],"inLanguage":"en-GB"}]},"product_brand":"Cosrx","product_price_amount":"18500","product_price_currency":"XOF","og_availability":"out of stock","product_availability":"out of stock","product_condition":"new"},"_links":{"self":[{"href":"https:\/\/labemacosmetics.com\/en\/wp-json\/wp\/v2\/product\/7429","targetHints":{"allow":["GET"]}}],"collection":[{"href":"https:\/\/labemacosmetics.com\/en\/wp-json\/wp\/v2\/product"}],"about":[{"href":"https:\/\/labemacosmetics.com\/en\/wp-json\/wp\/v2\/types\/product"}],"replies":[{"embeddable":true,"href":"https:\/\/labemacosmetics.com\/en\/wp-json\/wp\/v2\/comments?post=7429"}],"version-history":[{"count":0,"href":"https:\/\/labemacosmetics.com\/en\/wp-json\/wp\/v2\/product\/7429\/revisions"}],"wp:featuredmedia":[{"embeddable":true,"href":"https:\/\/labemacosmetics.com\/en\/wp-json\/wp\/v2\/media\/7432"}],"wp:attachment":[{"href":"https:\/\/labemacosmetics.com\/en\/wp-json\/wp\/v2\/media?parent=7429"}],"wp:term":[{"taxonomy":"product_brand","embeddable":true,"href":"https:\/\/labemacosmetics.com\/en\/wp-json\/wp\/v2\/product_brand?post=7429"},{"taxonomy":"product_cat","embeddable":true,"href":"https:\/\/labemacosmetics.com\/en\/wp-json\/wp\/v2\/product_cat?post=7429"},{"taxonomy":"product_tag","embeddable":true,"href":"https:\/\/labemacosmetics.com\/en\/wp-json\/wp\/v2\/product_tag?post=7429"}],"curies":[{"name":"wp","href":"https:\/\/api.w.org\/{rel}","templated":true}]}}