{"id":7420,"date":"2023-05-11T08:26:15","date_gmt":"2023-05-11T07:26:15","guid":{"rendered":"https:\/\/labemacosmetics.com\/?post_type=product&#038;p=7420"},"modified":"2024-01-03T15:59:44","modified_gmt":"2024-01-03T14:59:44","slug":"the-ordinary-peeling-solution-aha-30-bha-2","status":"publish","type":"product","link":"https:\/\/labemacosmetics.com\/en\/product\/the-ordinary-peeling-solution-aha-30-bha-2\/","title":{"rendered":"The Ordinary Peeling Solution AHA 30% + BHA 2%"},"content":{"rendered":"<p>The Ordinary Peeling Solution AHA 30% + BHA 2% est une formule sp\u00e9cialement con\u00e7ue pour am\u00e9liorer la texture de la peau. De m\u00eame, la solution permet d&rsquo;att\u00e9nuer les ridules sur le long terme.<\/p>\n<p>Les Acides Alpha-Hydroxyl\u00e9s (AHA) qu&rsquo;elle contient sont des exfoliants qui permettent de r\u00e9veiller l&rsquo;\u00e9clat et d&rsquo;unifier le teint de la peau. Les Acides B\u00eata-Hydroxyl\u00e9s (BHA) exfolient \u00e9galement la peau et d\u00e9congestionnent les pores.<\/p>\n<p>Ainsi, avec une concentration \u00e9lev\u00e9e de 32%, cette solution offre une exfoliation profonde pour att\u00e9nuer l&rsquo;apparence des imperfections et booster l&rsquo;\u00e9clat de la peau.<\/p>\n<p>En plus d&rsquo;\u00eatre vegan, cette formule est enrichie en un d\u00e9riv\u00e9 de baie poivr\u00e9e de Tasmanie qui r\u00e9duit l&rsquo;irritation souvent associ\u00e9e \u00e0 l&rsquo;utilisation d&rsquo;acides de fruits. Elle contient \u00e9galement de l&rsquo;acide hyaluronique, de la Vitamine B5 pro-r\u00e9paration ainsi que de la carotte noire aux vertus antioxydantes pour nourrir et prot\u00e9ger la peau.<\/p>\n<h2>Utilisation The Ordinary Peeling Solution AHA 30% + BHA 2%<\/h2>\n<div class=\"flex-1 overflow-hidden\">\n<div class=\"react-scroll-to-bottom--css-wzpmc-79elbk h-full dark:bg-gray-800\">\n<div class=\"react-scroll-to-bottom--css-wzpmc-1n7m0yu\">\n<div class=\"flex flex-col items-center text-sm dark:bg-gray-800\">\n<div class=\"group w-full text-gray-800 dark:text-gray-100 border-b border-black\/10 dark:border-gray-900\/50 bg-gray-50 dark:bg-[#444654]\">\n<div class=\"flex p-4 gap-4 text-base md:gap-6 md:max-w-2xl lg:max-w-xl xl:max-w-3xl md:py-6 lg:px-0 m-auto\">\n<div class=\"relative flex flex-col w-[calc(100%-50px)] gap-1 md:gap-3 lg:w-[calc(100%-115px)]\">\n<div class=\"flex flex-grow flex-col gap-3\">\n<div class=\"min-h-[20px] flex flex-col items-start gap-4 whitespace-pre-wrap break-words\">\n<div class=\"markdown prose w-full break-words dark:prose-invert light\">\n<p>Pour utiliser The Ordinary peeling Solution AHA 30% + BHA 2%:<\/p>\n<ul>\n<li>Commencez par nettoyer votre visage et assurez vous que votre peau est bien s\u00e8che. \u00c9vitez d&rsquo;appliquer cette formule sur une peau mouill\u00e9e.<\/li>\n<li>Appliquez uniform\u00e9ment sur le visage et le cou en \u00e9vitant le contour des yeux. Laissez agir pendant 10 minutes maximum<\/li>\n<li>Puis rincez abondamment \u00e0 l&rsquo;eau ti\u00e8de.<\/li>\n<\/ul>\n<p><strong> Attention, cette formule The Ordinary peeling n&rsquo;est pas adapt\u00e9e aux peaux sensibles, ab\u00eem\u00e9es ou qui p\u00e8lent.<\/strong><\/p>\n<p>\u00c9vitez tout contact avec les yeux ou le contour des yeux pendant l&rsquo;application et le rin\u00e7age. En effet, cette solution a une faible viscosit\u00e9 et doit \u00eatre utilis\u00e9e comme un masque. Ne la laissez pas agir pendant plus de 10 minutes.<\/p>\n<p>Il est recommand\u00e9 de ne pas utiliser ce produit plus de deux fois par semaine. Limitez la fr\u00e9quence et la dur\u00e9e de contact avec votre peau.<\/p>\n<p>Si une irritation survient, cessez l&rsquo;utilisation et consultez un m\u00e9decin. Utilisez uniquement conform\u00e9ment au mode d&#8217;emploi sur une peau intacte. Nous vous conseillons d&rsquo;effectuer un test cutan\u00e9 avant toute utilisation.<\/p>\n<p>Enfin, gardez le produit hors de port\u00e9e des enfants.<\/p>\n<\/div>\n<h2>Ingr\u00e9dients<\/h2>\n<p>Glycolic Acid, Aqua (Water), Aloe Barbadensis Leaf Water, Sodium Hydroxide, Daucus Carota Sativa Extract, Propanediol, Cocamidopropyl Dimethylamine, Salicylic Acid, Potassium Citrate, Lactic Acid,<\/p>\n<p>Tartaric Acid, Citric Acid, Panthenol, Sodium Hyaluronate Crosspolymer, Tasmannia Lanceolata Fruit\/Leaf Extract, Glycerin, Pentylene Glycol, Xanthan gum, Polysorbate 20, Trisodium<\/p>\n<p>Ethylenediamine Disuccinate, Potassium Sorbate, Sodium Benzoate, Ethylhexylglycerin, 1,2-Hexanediol, Caprylyl Glycol.\u00a0\u00bb\u00a0\u00bb<\/p>\n<p>Veuillez noter que la liste des ingr\u00e9dients de ce produit est sujette \u00e0 des modifications. Nous vous recommandons de consulter attentivement l&#8217;emballage du produit achet\u00e9 pour obtenir la liste des ingr\u00e9dients la plus \u00e0 jour.<\/p>\n<\/div>\n<\/div>\n<div class=\"flex justify-between lg:block\">\n<div class=\"text-gray-400 flex self-end lg:self-center justify-center mt-2 gap-2 md:gap-3 lg:gap-1 lg:absolute lg:top-0 lg:translate-x-full lg:right-0 lg:mt-0 lg:pl-2 visible\">\n<p>&nbsp;<\/p>\n<div class=\"flex gap-1\"><\/div>\n<\/div>\n<\/div>\n<\/div>\n<\/div>\n<\/div>\n<div class=\"w-full h-32 md:h-48 flex-shrink-0\"><\/div>\n<\/div>\n<p>&nbsp;<\/p>\n<\/div>\n<\/div>\n<\/div>\n<div class=\"absolute bottom-0 left-0 w-full border-t md:border-t-0 dark:border-white\/20 md:border-transparent md:dark:border-transparent md:bg-vert-light-gradient bg-white dark:bg-gray-800 md:!bg-transparent dark:md:bg-vert-dark-gradient pt-2\">\n<form class=\"stretch mx-2 flex flex-row gap-3 last:mb-2 md:mx-4 md:last:mb-6 lg:mx-auto lg:max-w-2xl xl:max-w-3xl\">\n<div class=\"relative flex h-full flex-1 items-stretch md:flex-col\">\n<div class=\"\">\n<div class=\"h-full flex ml-1 md:w-full md:m-auto md:mb-2 gap-0 md:gap-2 justify-center\"><\/div>\n<\/div>\n<\/div>\n<\/form>\n<\/div>\n","protected":false},"excerpt":{"rendered":"<p>The Ordinary Peeling Solution AHA 30% + BHA 2% est une formule sp\u00e9cialement con\u00e7ue pour am\u00e9liorer la texture de la peau et att\u00e9nuer les ridules sur le long terme. Les Acides Alpha-Hydroxyl\u00e9s (AHA) qu&rsquo;elle contient sont des exfoliants qui permettent<\/p>","protected":false},"featured_media":7422,"comment_status":"open","ping_status":"closed","template":"","meta":{"om_disable_all_campaigns":false,"_mi_skip_tracking":false,"_monsterinsights_sitenote_active":false,"_monsterinsights_sitenote_note":"","_monsterinsights_sitenote_category":0},"product_brand":[],"product_cat":[127,520,1747,515,514,516,512,128,513],"product_tag":[],"class_list":{"0":"post-7420","1":"product","2":"type-product","3":"status-publish","4":"has-post-thumbnail","6":"product_cat-boutique","7":"product_cat-gommage-peeling","8":"product_cat-peaux-a-tendances-acneiques","9":"product_cat-peaux-mixtes-a-grasses","10":"product_cat-peaux-normales","11":"product_cat-peaux-seches","12":"product_cat-produits-par-besoin","13":"product_cat-soin-de-visage","14":"product_cat-type-de-peau","15":"yith_product_brand-the-ordinary","16":"yith_product_brand-all-brands","18":"first","19":"instock","20":"shipping-taxable","21":"purchasable","22":"product-type-simple"},"yoast_head":"<!-- This site is optimized with the Yoast SEO Premium plugin v20.8 (Yoast SEO v27.4) - https:\/\/yoast.com\/product\/yoast-seo-premium-wordpress\/ -->\n<title>The Ordinary Peeling Solution AHA 30% + BHA 2% | Dakar<\/title>\n<meta name=\"description\" content=\"The Ordinary Peeling Solution AHA 30% + BHA 2% est une formule sp\u00e9cialement con\u00e7ue pour am\u00e9liorer la texture de la peau et att\u00e9nuer les ridules\" \/>\n<meta name=\"robots\" content=\"index, follow, max-snippet:-1, max-image-preview:large, max-video-preview:-1\" \/>\n<link rel=\"canonical\" href=\"https:\/\/labemacosmetics.com\/en\/product\/the-ordinary-peeling-solution-aha-30-bha-2\/\" \/>\n<meta property=\"og:locale\" content=\"en_GB\" \/>\n<meta property=\"og:type\" content=\"article\" \/>\n<meta property=\"og:title\" content=\"The Ordinary Peeling Solution AHA 30% + BHA 2%\" \/>\n<meta property=\"og:description\" content=\"The Ordinary Peeling Solution AHA 30% + BHA 2% est une formule sp\u00e9cialement con\u00e7ue pour am\u00e9liorer la texture de la peau et att\u00e9nuer les ridules\" \/>\n<meta property=\"og:url\" content=\"https:\/\/labemacosmetics.com\/en\/product\/the-ordinary-peeling-solution-aha-30-bha-2\/\" \/>\n<meta property=\"og:site_name\" content=\"Lab&eacute;ma Cosmetics\" \/>\n<meta property=\"article:publisher\" content=\"http:\/\/www.facebook.com\/labemacosmetics\" \/>\n<meta property=\"article:modified_time\" content=\"2024-01-03T14:59:44+00:00\" \/>\n<meta property=\"og:image\" content=\"https:\/\/labemacosmetics.com\/wp-content\/uploads\/2023\/05\/the-ordinary-peeling.png\" \/>\n\t<meta property=\"og:image:width\" content=\"585\" \/>\n\t<meta property=\"og:image:height\" content=\"586\" \/>\n\t<meta property=\"og:image:type\" content=\"image\/png\" \/>\n<meta name=\"twitter:card\" content=\"summary_large_image\" \/>\n<meta name=\"twitter:site\" content=\"@Labemasn\" \/>\n<meta name=\"twitter:label1\" content=\"Price\" \/>\n\t<meta name=\"twitter:data1\" content=\"9 750&nbsp;CFA\" \/>\n\t<meta name=\"twitter:label2\" content=\"Availability\" \/>\n\t<meta name=\"twitter:data2\" content=\"In stock\" \/>\n<script type=\"application\/ld+json\" class=\"yoast-schema-graph\">{\"@context\":\"https:\\\/\\\/schema.org\",\"@graph\":[{\"@type\":\"WebPage\",\"@id\":\"https:\\\/\\\/labemacosmetics.com\\\/en\\\/product\\\/the-ordinary-peeling-solution-aha-30-bha-2\\\/\",\"url\":\"https:\\\/\\\/labemacosmetics.com\\\/en\\\/product\\\/the-ordinary-peeling-solution-aha-30-bha-2\\\/\",\"name\":\"The Ordinary Peeling Solution AHA 30% + BHA 2% | Dakar\",\"isPartOf\":{\"@id\":\"https:\\\/\\\/labemacosmetics.com\\\/#website\"},\"primaryImageOfPage\":{\"@id\":\"https:\\\/\\\/labemacosmetics.com\\\/en\\\/product\\\/the-ordinary-peeling-solution-aha-30-bha-2\\\/#primaryimage\"},\"image\":{\"@id\":\"https:\\\/\\\/labemacosmetics.com\\\/en\\\/product\\\/the-ordinary-peeling-solution-aha-30-bha-2\\\/#primaryimage\"},\"thumbnailUrl\":\"https:\\\/\\\/labemacosmetics.com\\\/wp-content\\\/uploads\\\/2023\\\/05\\\/the-ordinary-peeling.png\",\"datePublished\":\"2023-05-11T07:26:15+00:00\",\"dateModified\":\"2024-01-03T14:59:44+00:00\",\"description\":\"The Ordinary Peeling Solution AHA 30% + BHA 2% est une formule sp\u00e9cialement con\u00e7ue pour am\u00e9liorer la texture de la peau et att\u00e9nuer les ridules\",\"breadcrumb\":{\"@id\":\"https:\\\/\\\/labemacosmetics.com\\\/en\\\/product\\\/the-ordinary-peeling-solution-aha-30-bha-2\\\/#breadcrumb\"},\"inLanguage\":\"en-GB\",\"potentialAction\":[{\"@type\":\"ReadAction\",\"target\":[\"https:\\\/\\\/labemacosmetics.com\\\/en\\\/product\\\/the-ordinary-peeling-solution-aha-30-bha-2\\\/\"]}]},{\"@type\":\"ImageObject\",\"inLanguage\":\"en-GB\",\"@id\":\"https:\\\/\\\/labemacosmetics.com\\\/en\\\/product\\\/the-ordinary-peeling-solution-aha-30-bha-2\\\/#primaryimage\",\"url\":\"https:\\\/\\\/labemacosmetics.com\\\/wp-content\\\/uploads\\\/2023\\\/05\\\/the-ordinary-peeling.png\",\"contentUrl\":\"https:\\\/\\\/labemacosmetics.com\\\/wp-content\\\/uploads\\\/2023\\\/05\\\/the-ordinary-peeling.png\",\"width\":585,\"height\":586,\"caption\":\"The ordinary peeling solution\"},{\"@type\":\"BreadcrumbList\",\"@id\":\"https:\\\/\\\/labemacosmetics.com\\\/en\\\/product\\\/the-ordinary-peeling-solution-aha-30-bha-2\\\/#breadcrumb\",\"itemListElement\":[{\"@type\":\"ListItem\",\"position\":1,\"name\":\"Accueil\",\"item\":\"https:\\\/\\\/labemacosmetics.com\\\/\"},{\"@type\":\"ListItem\",\"position\":2,\"name\":\"Produits\",\"item\":\"https:\\\/\\\/labemacosmetics.com\\\/shop\\\/\"},{\"@type\":\"ListItem\",\"position\":3,\"name\":\"The Ordinary Peeling Solution AHA 30% + BHA 2%\"}]},{\"@type\":\"WebSite\",\"@id\":\"https:\\\/\\\/labemacosmetics.com\\\/#website\",\"url\":\"https:\\\/\\\/labemacosmetics.com\\\/\",\"name\":\"Lab&eacute;ma Cosmetics\",\"description\":\"\",\"potentialAction\":[{\"@type\":\"SearchAction\",\"target\":{\"@type\":\"EntryPoint\",\"urlTemplate\":\"https:\\\/\\\/labemacosmetics.com\\\/?s={search_term_string}\"},\"query-input\":{\"@type\":\"PropertyValueSpecification\",\"valueRequired\":true,\"valueName\":\"search_term_string\"}}],\"inLanguage\":\"en-GB\"}]}<\/script>\n<meta property=\"product:brand\" content=\"Toutes les marques\" \/>\n<meta property=\"product:price:amount\" content=\"9750\" \/>\n<meta property=\"product:price:currency\" content=\"XOF\" \/>\n<meta property=\"og:availability\" content=\"instock\" \/>\n<meta property=\"product:availability\" content=\"instock\" \/>\n<meta property=\"product:condition\" content=\"new\" \/>\n<!-- \/ Yoast SEO Premium plugin. -->","yoast_head_json":{"title":"The Ordinary Peeling Solution AHA 30% + BHA 2% | Dakar","description":"The Ordinary Peeling Solution AHA 30% + BHA 2% est une formule sp\u00e9cialement con\u00e7ue pour am\u00e9liorer la texture de la peau et att\u00e9nuer les ridules","robots":{"index":"index","follow":"follow","max-snippet":"max-snippet:-1","max-image-preview":"max-image-preview:large","max-video-preview":"max-video-preview:-1"},"canonical":"https:\/\/labemacosmetics.com\/en\/product\/the-ordinary-peeling-solution-aha-30-bha-2\/","og_locale":"en_GB","og_type":"article","og_title":"The Ordinary Peeling Solution AHA 30% + BHA 2%","og_description":"The Ordinary Peeling Solution AHA 30% + BHA 2% est une formule sp\u00e9cialement con\u00e7ue pour am\u00e9liorer la texture de la peau et att\u00e9nuer les ridules","og_url":"https:\/\/labemacosmetics.com\/en\/product\/the-ordinary-peeling-solution-aha-30-bha-2\/","og_site_name":"Lab&eacute;ma Cosmetics","article_publisher":"http:\/\/www.facebook.com\/labemacosmetics","article_modified_time":"2024-01-03T14:59:44+00:00","og_image":[{"width":585,"height":586,"url":"https:\/\/labemacosmetics.com\/wp-content\/uploads\/2023\/05\/the-ordinary-peeling.png","type":"image\/png"}],"twitter_card":"summary_large_image","twitter_site":"@Labemasn","twitter_misc":{"Price":"9 750&nbsp;CFA","Availability":"In stock"},"schema":{"@context":"https:\/\/schema.org","@graph":[{"@type":"WebPage","@id":"https:\/\/labemacosmetics.com\/en\/product\/the-ordinary-peeling-solution-aha-30-bha-2\/","url":"https:\/\/labemacosmetics.com\/en\/product\/the-ordinary-peeling-solution-aha-30-bha-2\/","name":"The Ordinary Peeling Solution AHA 30% + BHA 2% | Dakar","isPartOf":{"@id":"https:\/\/labemacosmetics.com\/#website"},"primaryImageOfPage":{"@id":"https:\/\/labemacosmetics.com\/en\/product\/the-ordinary-peeling-solution-aha-30-bha-2\/#primaryimage"},"image":{"@id":"https:\/\/labemacosmetics.com\/en\/product\/the-ordinary-peeling-solution-aha-30-bha-2\/#primaryimage"},"thumbnailUrl":"https:\/\/labemacosmetics.com\/wp-content\/uploads\/2023\/05\/the-ordinary-peeling.png","datePublished":"2023-05-11T07:26:15+00:00","dateModified":"2024-01-03T14:59:44+00:00","description":"The Ordinary Peeling Solution AHA 30% + BHA 2% est une formule sp\u00e9cialement con\u00e7ue pour am\u00e9liorer la texture de la peau et att\u00e9nuer les ridules","breadcrumb":{"@id":"https:\/\/labemacosmetics.com\/en\/product\/the-ordinary-peeling-solution-aha-30-bha-2\/#breadcrumb"},"inLanguage":"en-GB","potentialAction":[{"@type":"ReadAction","target":["https:\/\/labemacosmetics.com\/en\/product\/the-ordinary-peeling-solution-aha-30-bha-2\/"]}]},{"@type":"ImageObject","inLanguage":"en-GB","@id":"https:\/\/labemacosmetics.com\/en\/product\/the-ordinary-peeling-solution-aha-30-bha-2\/#primaryimage","url":"https:\/\/labemacosmetics.com\/wp-content\/uploads\/2023\/05\/the-ordinary-peeling.png","contentUrl":"https:\/\/labemacosmetics.com\/wp-content\/uploads\/2023\/05\/the-ordinary-peeling.png","width":585,"height":586,"caption":"The ordinary peeling solution"},{"@type":"BreadcrumbList","@id":"https:\/\/labemacosmetics.com\/en\/product\/the-ordinary-peeling-solution-aha-30-bha-2\/#breadcrumb","itemListElement":[{"@type":"ListItem","position":1,"name":"Accueil","item":"https:\/\/labemacosmetics.com\/"},{"@type":"ListItem","position":2,"name":"Produits","item":"https:\/\/labemacosmetics.com\/shop\/"},{"@type":"ListItem","position":3,"name":"The Ordinary Peeling Solution AHA 30% + BHA 2%"}]},{"@type":"WebSite","@id":"https:\/\/labemacosmetics.com\/#website","url":"https:\/\/labemacosmetics.com\/","name":"Lab&eacute;ma Cosmetics","description":"","potentialAction":[{"@type":"SearchAction","target":{"@type":"EntryPoint","urlTemplate":"https:\/\/labemacosmetics.com\/?s={search_term_string}"},"query-input":{"@type":"PropertyValueSpecification","valueRequired":true,"valueName":"search_term_string"}}],"inLanguage":"en-GB"}]},"product_brand":"Toutes les marques","product_price_amount":"9750","product_price_currency":"XOF","og_availability":"instock","product_availability":"instock","product_condition":"new"},"_links":{"self":[{"href":"https:\/\/labemacosmetics.com\/en\/wp-json\/wp\/v2\/product\/7420","targetHints":{"allow":["GET"]}}],"collection":[{"href":"https:\/\/labemacosmetics.com\/en\/wp-json\/wp\/v2\/product"}],"about":[{"href":"https:\/\/labemacosmetics.com\/en\/wp-json\/wp\/v2\/types\/product"}],"replies":[{"embeddable":true,"href":"https:\/\/labemacosmetics.com\/en\/wp-json\/wp\/v2\/comments?post=7420"}],"version-history":[{"count":1,"href":"https:\/\/labemacosmetics.com\/en\/wp-json\/wp\/v2\/product\/7420\/revisions"}],"predecessor-version":[{"id":9448,"href":"https:\/\/labemacosmetics.com\/en\/wp-json\/wp\/v2\/product\/7420\/revisions\/9448"}],"wp:featuredmedia":[{"embeddable":true,"href":"https:\/\/labemacosmetics.com\/en\/wp-json\/wp\/v2\/media\/7422"}],"wp:attachment":[{"href":"https:\/\/labemacosmetics.com\/en\/wp-json\/wp\/v2\/media?parent=7420"}],"wp:term":[{"taxonomy":"product_brand","embeddable":true,"href":"https:\/\/labemacosmetics.com\/en\/wp-json\/wp\/v2\/product_brand?post=7420"},{"taxonomy":"product_cat","embeddable":true,"href":"https:\/\/labemacosmetics.com\/en\/wp-json\/wp\/v2\/product_cat?post=7420"},{"taxonomy":"product_tag","embeddable":true,"href":"https:\/\/labemacosmetics.com\/en\/wp-json\/wp\/v2\/product_tag?post=7420"}],"curies":[{"name":"wp","href":"https:\/\/api.w.org\/{rel}","templated":true}]}}