{"id":7284,"date":"2023-05-06T12:41:52","date_gmt":"2023-05-06T11:41:52","guid":{"rendered":"https:\/\/labemacosmetics.com\/?post_type=product&#038;p=7284"},"modified":"2023-07-05T08:55:52","modified_gmt":"2023-07-05T07:55:52","slug":"svr-spray-solaire-hydratant-ultra-leger-et-invisible-spf50","status":"publish","type":"product","link":"https:\/\/labemacosmetics.com\/en\/product\/svr-spray-solaire-hydratant-ultra-leger-et-invisible-spf50\/","title":{"rendered":"SVR Spray Solaire Hydratant Ultra-l\u00e9ger et Invisible SPF50+"},"content":{"rendered":"<h1>SVR Spray Solaire Hydratant Ultra-l\u00e9ger et Invisible SPF50+<\/h1>\n<p>SVR Sun Secure Spray Solaire Hydratant SPF50+ assure une protection dermatologique tr\u00e8s \u00e9lev\u00e9e gr\u00e2ce \u00e0 son nouveau brevet filtrant SVR1, respectueux de l\u2019environnement marin. Ainsi, sa formule est enrichie en actifs hydratants et antioxydants. Il assure une protection optimale contre tous les types de rayons, y compris les UVB, UVA, les infrarouges et la lumi\u00e8re visible.<\/p>\n<p>De plus, son format spray pratique permet une application rapide et uniforme sur l&rsquo;ensemble du corps. Sa texture l\u00e9g\u00e8re et non grasse s&rsquo;\u00e9tale facilement pour une sensation de confort et de douceur sur la peau.<\/p>\n<p>Sa formule hydratante laisse la peau satin\u00e9e, tout en lui offrant une protection efficace et longue dur\u00e9e contre les rayons du soleil, l&rsquo;eau, la transpiration et les frottements. Son parfum d\u00e9licat invite \u00e0 une application r\u00e9guli\u00e8re pour un plaisir renouvel\u00e9 tout au long de la journ\u00e9e.<\/p>\n<h2>Utilisation SVR Spray Solaire Hydratant<\/h2>\n<p>L&rsquo;utilisation du spray solaire est tr\u00e8s simple et pratique. Il suffit de bien agiter le flacon avant utilisation et de vaporiser uniform\u00e9ment sur la peau. Evitez le contact avec les yeux. Il est recommand\u00e9 de renouveler l&rsquo;application toutes les deux heures et apr\u00e8s une baignade ou une activit\u00e9 sportive intense.<\/p>\n<h2>Ingr\u00e9dients<\/h2>\n<p>AQUA\/WATER\/EAU, DICAPRYLYL ETHER, DIISOPROPYL ADIPATE, DIETHYLAMINO HYDROXYBENZOYL HEXYL BENZOATE, ETHYLHEXYL TRIAZONE, C12-15 ALKYL BENZOATE, BIS-ETHYLHEXYLOXYPHENOL METHOXYPHENYL TRIAZINE, DIETHYLHEXYL BUTAMIDO<\/p>\n<p>TRIAZONE, SILICA,<\/p>\n<p>BEHENETH-25, PROPANEDIOL, PENTYLENE GLYCOL, ACRYLATES\/C12-22 ALKYL METHACRYLATE COPOLYMER, HYDROGENATED VEGETABLE OIL, NIACINAMIDE, CETEARYL ALCOHOL, POLYESTER-7,<\/p>\n<p>COCO-GLUCOSIDE, MICROCRYSTALLINE CELLULOSE, NEOPENTYL GLYCOL DIHEPTANOATE, PARFUM (FRAGRANCE), 1,2-HEXANEDIOL, CAPRYLYL GLYCOL, GLYCERIN, ARGININE, CITRIC ACID, TOCOPHEROL, CELLULOSE GUM, HYDROXYETHYL<\/p>\n<p>ACRYLATE\/SODIUM ACRYLOYLDIMETHYL TAURATE COPOLYMER, DISODIUM LAURYL SULFOSUCCINATE, GLYCINE SOJA (SOYBEAN) OIL, LECITHIN, POLYSORBATE 60, SORBITAN ISOSTEARATE, LEPIDIUM SATIVUM SPROUT EXTRACT<\/p>\n<p>&nbsp;<\/p>\n<p>&nbsp;<\/p>","protected":false},"excerpt":{"rendered":"<p>SVR Sun Secure Spray Solaire Hydratant SPF50+ assure une protection dermatologique tr\u00e8s \u00e9lev\u00e9e gr\u00e2ce \u00e0 son nouveau brevet filtrant SVR1, respectueux de l\u2019environnement marin. Sa formule enrichie en actifs hydratants et antioxydants assure une protection optimale contre tous les types de rayons, y compris les UVB, UVA, les infrarouges et la lumi\u00e8re visible2.<\/p>","protected":false},"featured_media":7286,"comment_status":"open","ping_status":"closed","template":"","meta":{"om_disable_all_campaigns":false,"_mi_skip_tracking":false,"_monsterinsights_sitenote_active":false,"_monsterinsights_sitenote_note":"","_monsterinsights_sitenote_category":0},"product_brand":[],"product_cat":[127,1744,1747,515,514,516,517,512,128,513],"product_tag":[],"class_list":{"0":"post-7284","1":"product","2":"type-product","3":"status-publish","4":"has-post-thumbnail","6":"product_cat-boutique","7":"product_cat-creme-solaire","8":"product_cat-peaux-a-tendances-acneiques","9":"product_cat-peaux-mixtes-a-grasses","10":"product_cat-peaux-normales","11":"product_cat-peaux-seches","12":"product_cat-peaux-sensibles","13":"product_cat-produits-par-besoin","14":"product_cat-soin-de-visage","15":"product_cat-type-de-peau","16":"yith_product_brand-svr","17":"yith_product_brand-all-brands","19":"first","20":"instock","21":"shipping-taxable","22":"purchasable","23":"product-type-simple"},"yoast_head":"<!-- This site is optimized with the Yoast SEO Premium plugin v20.8 (Yoast SEO v27.4) - https:\/\/yoast.com\/product\/yoast-seo-premium-wordpress\/ -->\n<title>SVR Spray Solaire Hydratant Ultra-l\u00e9ger et Invisible SPF50+ -<\/title>\n<meta name=\"description\" content=\"SVR Sun Secure Spray Solaire Hydratant SPF50+ assure une protection dermatologique tr\u00e8s \u00e9lev\u00e9e gr\u00e2ce \u00e0 son nouveau brevet filtrant\" \/>\n<meta name=\"robots\" content=\"index, follow, max-snippet:-1, max-image-preview:large, max-video-preview:-1\" \/>\n<link rel=\"canonical\" href=\"https:\/\/labemacosmetics.com\/en\/product\/svr-spray-solaire-hydratant-ultra-leger-et-invisible-spf50\/\" \/>\n<meta property=\"og:locale\" content=\"en_GB\" \/>\n<meta property=\"og:type\" content=\"article\" \/>\n<meta property=\"og:title\" content=\"SVR Spray Solaire Hydratant Ultra-l\u00e9ger et Invisible SPF50+\" \/>\n<meta property=\"og:description\" content=\"SVR Sun Secure Spray Solaire Hydratant SPF50+ assure une protection dermatologique tr\u00e8s \u00e9lev\u00e9e gr\u00e2ce \u00e0 son nouveau brevet filtrant\" \/>\n<meta property=\"og:url\" content=\"https:\/\/labemacosmetics.com\/en\/product\/svr-spray-solaire-hydratant-ultra-leger-et-invisible-spf50\/\" \/>\n<meta property=\"og:site_name\" content=\"Lab&eacute;ma Cosmetics\" \/>\n<meta property=\"article:publisher\" content=\"http:\/\/www.facebook.com\/labemacosmetics\" \/>\n<meta property=\"article:modified_time\" content=\"2023-07-05T07:55:52+00:00\" \/>\n<meta property=\"og:image\" content=\"https:\/\/labemacosmetics.com\/wp-content\/uploads\/2023\/05\/svr-spray-hydratant.webp\" \/>\n\t<meta property=\"og:image:width\" content=\"1000\" \/>\n\t<meta property=\"og:image:height\" content=\"1000\" \/>\n\t<meta property=\"og:image:type\" content=\"image\/webp\" \/>\n<meta name=\"twitter:card\" content=\"summary_large_image\" \/>\n<meta name=\"twitter:site\" content=\"@Labemasn\" \/>\n<meta name=\"twitter:label1\" content=\"Price\" \/>\n\t<meta name=\"twitter:data1\" content=\"14 900&nbsp;CFA\" \/>\n\t<meta name=\"twitter:label2\" content=\"Availability\" \/>\n\t<meta name=\"twitter:data2\" content=\"In stock\" \/>\n<script type=\"application\/ld+json\" class=\"yoast-schema-graph\">{\"@context\":\"https:\\\/\\\/schema.org\",\"@graph\":[{\"@type\":\"WebPage\",\"@id\":\"https:\\\/\\\/labemacosmetics.com\\\/produit\\\/svr-spray-solaire-hydratant-ultra-leger-et-invisible-spf50\\\/\",\"url\":\"https:\\\/\\\/labemacosmetics.com\\\/produit\\\/svr-spray-solaire-hydratant-ultra-leger-et-invisible-spf50\\\/\",\"name\":\"SVR Spray Solaire Hydratant Ultra-l\u00e9ger et Invisible SPF50+ -\",\"isPartOf\":{\"@id\":\"https:\\\/\\\/labemacosmetics.com\\\/#website\"},\"primaryImageOfPage\":{\"@id\":\"https:\\\/\\\/labemacosmetics.com\\\/produit\\\/svr-spray-solaire-hydratant-ultra-leger-et-invisible-spf50\\\/#primaryimage\"},\"image\":{\"@id\":\"https:\\\/\\\/labemacosmetics.com\\\/produit\\\/svr-spray-solaire-hydratant-ultra-leger-et-invisible-spf50\\\/#primaryimage\"},\"thumbnailUrl\":\"https:\\\/\\\/labemacosmetics.com\\\/wp-content\\\/uploads\\\/2023\\\/05\\\/svr-spray-hydratant.webp\",\"datePublished\":\"2023-05-06T11:41:52+00:00\",\"dateModified\":\"2023-07-05T07:55:52+00:00\",\"description\":\"SVR Sun Secure Spray Solaire Hydratant SPF50+ assure une protection dermatologique tr\u00e8s \u00e9lev\u00e9e gr\u00e2ce \u00e0 son nouveau brevet filtrant\",\"breadcrumb\":{\"@id\":\"https:\\\/\\\/labemacosmetics.com\\\/produit\\\/svr-spray-solaire-hydratant-ultra-leger-et-invisible-spf50\\\/#breadcrumb\"},\"inLanguage\":\"en-GB\",\"potentialAction\":[{\"@type\":\"ReadAction\",\"target\":[\"https:\\\/\\\/labemacosmetics.com\\\/produit\\\/svr-spray-solaire-hydratant-ultra-leger-et-invisible-spf50\\\/\"]}]},{\"@type\":\"ImageObject\",\"inLanguage\":\"en-GB\",\"@id\":\"https:\\\/\\\/labemacosmetics.com\\\/produit\\\/svr-spray-solaire-hydratant-ultra-leger-et-invisible-spf50\\\/#primaryimage\",\"url\":\"https:\\\/\\\/labemacosmetics.com\\\/wp-content\\\/uploads\\\/2023\\\/05\\\/svr-spray-hydratant.webp\",\"contentUrl\":\"https:\\\/\\\/labemacosmetics.com\\\/wp-content\\\/uploads\\\/2023\\\/05\\\/svr-spray-hydratant.webp\",\"width\":1000,\"height\":1000,\"caption\":\"SVR Spray Solaire Hydratant\"},{\"@type\":\"BreadcrumbList\",\"@id\":\"https:\\\/\\\/labemacosmetics.com\\\/produit\\\/svr-spray-solaire-hydratant-ultra-leger-et-invisible-spf50\\\/#breadcrumb\",\"itemListElement\":[{\"@type\":\"ListItem\",\"position\":1,\"name\":\"Accueil\",\"item\":\"https:\\\/\\\/labemacosmetics.com\\\/\"},{\"@type\":\"ListItem\",\"position\":2,\"name\":\"Produits\",\"item\":\"https:\\\/\\\/labemacosmetics.com\\\/shop\\\/\"},{\"@type\":\"ListItem\",\"position\":3,\"name\":\"SVR Spray Solaire Hydratant Ultra-l\u00e9ger et Invisible SPF50+\"}]},{\"@type\":\"WebSite\",\"@id\":\"https:\\\/\\\/labemacosmetics.com\\\/#website\",\"url\":\"https:\\\/\\\/labemacosmetics.com\\\/\",\"name\":\"Lab&eacute;ma Cosmetics\",\"description\":\"\",\"potentialAction\":[{\"@type\":\"SearchAction\",\"target\":{\"@type\":\"EntryPoint\",\"urlTemplate\":\"https:\\\/\\\/labemacosmetics.com\\\/?s={search_term_string}\"},\"query-input\":{\"@type\":\"PropertyValueSpecification\",\"valueRequired\":true,\"valueName\":\"search_term_string\"}}],\"inLanguage\":\"en-GB\"}]}<\/script>\n<meta property=\"product:brand\" content=\"Toutes les marques\" \/>\n<meta property=\"product:price:amount\" content=\"14900\" \/>\n<meta property=\"product:price:currency\" content=\"XOF\" \/>\n<meta property=\"og:availability\" content=\"instock\" \/>\n<meta property=\"product:availability\" content=\"instock\" \/>\n<meta property=\"product:condition\" content=\"new\" \/>\n<!-- \/ Yoast SEO Premium plugin. -->","yoast_head_json":{"title":"SVR Spray Solaire Hydratant Ultra-l\u00e9ger et Invisible SPF50+ -","description":"SVR Sun Secure Spray Solaire Hydratant SPF50+ assure une protection dermatologique tr\u00e8s \u00e9lev\u00e9e gr\u00e2ce \u00e0 son nouveau brevet filtrant","robots":{"index":"index","follow":"follow","max-snippet":"max-snippet:-1","max-image-preview":"max-image-preview:large","max-video-preview":"max-video-preview:-1"},"canonical":"https:\/\/labemacosmetics.com\/en\/product\/svr-spray-solaire-hydratant-ultra-leger-et-invisible-spf50\/","og_locale":"en_GB","og_type":"article","og_title":"SVR Spray Solaire Hydratant Ultra-l\u00e9ger et Invisible SPF50+","og_description":"SVR Sun Secure Spray Solaire Hydratant SPF50+ assure une protection dermatologique tr\u00e8s \u00e9lev\u00e9e gr\u00e2ce \u00e0 son nouveau brevet filtrant","og_url":"https:\/\/labemacosmetics.com\/en\/product\/svr-spray-solaire-hydratant-ultra-leger-et-invisible-spf50\/","og_site_name":"Lab&eacute;ma Cosmetics","article_publisher":"http:\/\/www.facebook.com\/labemacosmetics","article_modified_time":"2023-07-05T07:55:52+00:00","og_image":[{"width":1000,"height":1000,"url":"https:\/\/labemacosmetics.com\/wp-content\/uploads\/2023\/05\/svr-spray-hydratant.webp","type":"image\/webp"}],"twitter_card":"summary_large_image","twitter_site":"@Labemasn","twitter_misc":{"Price":"14 900&nbsp;CFA","Availability":"In stock"},"schema":{"@context":"https:\/\/schema.org","@graph":[{"@type":"WebPage","@id":"https:\/\/labemacosmetics.com\/produit\/svr-spray-solaire-hydratant-ultra-leger-et-invisible-spf50\/","url":"https:\/\/labemacosmetics.com\/produit\/svr-spray-solaire-hydratant-ultra-leger-et-invisible-spf50\/","name":"SVR Spray Solaire Hydratant Ultra-l\u00e9ger et Invisible SPF50+ -","isPartOf":{"@id":"https:\/\/labemacosmetics.com\/#website"},"primaryImageOfPage":{"@id":"https:\/\/labemacosmetics.com\/produit\/svr-spray-solaire-hydratant-ultra-leger-et-invisible-spf50\/#primaryimage"},"image":{"@id":"https:\/\/labemacosmetics.com\/produit\/svr-spray-solaire-hydratant-ultra-leger-et-invisible-spf50\/#primaryimage"},"thumbnailUrl":"https:\/\/labemacosmetics.com\/wp-content\/uploads\/2023\/05\/svr-spray-hydratant.webp","datePublished":"2023-05-06T11:41:52+00:00","dateModified":"2023-07-05T07:55:52+00:00","description":"SVR Sun Secure Spray Solaire Hydratant SPF50+ assure une protection dermatologique tr\u00e8s \u00e9lev\u00e9e gr\u00e2ce \u00e0 son nouveau brevet filtrant","breadcrumb":{"@id":"https:\/\/labemacosmetics.com\/produit\/svr-spray-solaire-hydratant-ultra-leger-et-invisible-spf50\/#breadcrumb"},"inLanguage":"en-GB","potentialAction":[{"@type":"ReadAction","target":["https:\/\/labemacosmetics.com\/produit\/svr-spray-solaire-hydratant-ultra-leger-et-invisible-spf50\/"]}]},{"@type":"ImageObject","inLanguage":"en-GB","@id":"https:\/\/labemacosmetics.com\/produit\/svr-spray-solaire-hydratant-ultra-leger-et-invisible-spf50\/#primaryimage","url":"https:\/\/labemacosmetics.com\/wp-content\/uploads\/2023\/05\/svr-spray-hydratant.webp","contentUrl":"https:\/\/labemacosmetics.com\/wp-content\/uploads\/2023\/05\/svr-spray-hydratant.webp","width":1000,"height":1000,"caption":"SVR Spray Solaire Hydratant"},{"@type":"BreadcrumbList","@id":"https:\/\/labemacosmetics.com\/produit\/svr-spray-solaire-hydratant-ultra-leger-et-invisible-spf50\/#breadcrumb","itemListElement":[{"@type":"ListItem","position":1,"name":"Accueil","item":"https:\/\/labemacosmetics.com\/"},{"@type":"ListItem","position":2,"name":"Produits","item":"https:\/\/labemacosmetics.com\/shop\/"},{"@type":"ListItem","position":3,"name":"SVR Spray Solaire Hydratant Ultra-l\u00e9ger et Invisible SPF50+"}]},{"@type":"WebSite","@id":"https:\/\/labemacosmetics.com\/#website","url":"https:\/\/labemacosmetics.com\/","name":"Lab&eacute;ma Cosmetics","description":"","potentialAction":[{"@type":"SearchAction","target":{"@type":"EntryPoint","urlTemplate":"https:\/\/labemacosmetics.com\/?s={search_term_string}"},"query-input":{"@type":"PropertyValueSpecification","valueRequired":true,"valueName":"search_term_string"}}],"inLanguage":"en-GB"}]},"product_brand":"Toutes les marques","product_price_amount":"14900","product_price_currency":"XOF","og_availability":"instock","product_availability":"instock","product_condition":"new"},"_links":{"self":[{"href":"https:\/\/labemacosmetics.com\/en\/wp-json\/wp\/v2\/product\/7284","targetHints":{"allow":["GET"]}}],"collection":[{"href":"https:\/\/labemacosmetics.com\/en\/wp-json\/wp\/v2\/product"}],"about":[{"href":"https:\/\/labemacosmetics.com\/en\/wp-json\/wp\/v2\/types\/product"}],"replies":[{"embeddable":true,"href":"https:\/\/labemacosmetics.com\/en\/wp-json\/wp\/v2\/comments?post=7284"}],"version-history":[{"count":2,"href":"https:\/\/labemacosmetics.com\/en\/wp-json\/wp\/v2\/product\/7284\/revisions"}],"predecessor-version":[{"id":9036,"href":"https:\/\/labemacosmetics.com\/en\/wp-json\/wp\/v2\/product\/7284\/revisions\/9036"}],"wp:featuredmedia":[{"embeddable":true,"href":"https:\/\/labemacosmetics.com\/en\/wp-json\/wp\/v2\/media\/7286"}],"wp:attachment":[{"href":"https:\/\/labemacosmetics.com\/en\/wp-json\/wp\/v2\/media?parent=7284"}],"wp:term":[{"taxonomy":"product_brand","embeddable":true,"href":"https:\/\/labemacosmetics.com\/en\/wp-json\/wp\/v2\/product_brand?post=7284"},{"taxonomy":"product_cat","embeddable":true,"href":"https:\/\/labemacosmetics.com\/en\/wp-json\/wp\/v2\/product_cat?post=7284"},{"taxonomy":"product_tag","embeddable":true,"href":"https:\/\/labemacosmetics.com\/en\/wp-json\/wp\/v2\/product_tag?post=7284"}],"curies":[{"name":"wp","href":"https:\/\/api.w.org\/{rel}","templated":true}]}}