{"id":7278,"date":"2023-05-06T12:10:29","date_gmt":"2023-05-06T11:10:29","guid":{"rendered":"https:\/\/labemacosmetics.com\/?post_type=product&#038;p=7278"},"modified":"2023-09-02T12:47:18","modified_gmt":"2023-09-02T11:47:18","slug":"svr-creme-solaire-sun-secure-spf-50","status":"publish","type":"product","link":"https:\/\/labemacosmetics.com\/en\/product\/svr-creme-solaire-sun-secure-spf-50\/","title":{"rendered":"SVR cr\u00e8me solaire Sun Secure SPF 50+"},"content":{"rendered":"<h1>SVR cr\u00e8me solaire Sun Secure SPF 50+<\/h1>\n<p>La cr\u00e8me solaire SUN SECURE SPF50+ de SVR offre une protection dermatologique tr\u00e8s \u00e9lev\u00e9e gr\u00e2ce \u00e0 un nouveau brevet filtrant respectueux de l&rsquo;environnement marin et des m\u00e9canismes endocriniens \u00e9valu\u00e9s.<\/p>\n<p>Ainsi, cette cr\u00e8me solaire cible tous les types de rayons gr\u00e2ce \u00e0 une technologie antioxydante qui offre une protection contre les UVB, UVA, visible et infrarouge. Sa texture velout\u00e9e et non collante convient particuli\u00e8rement aux peaux normales \u00e0 s\u00e8ches.<\/p>\n<p>De m\u00eame, elle offre une hydratation g\u00e9n\u00e9reuse tout en laissant un d\u00e9licat parfum d&rsquo;\u00e9t\u00e9. SUN SECURE Cr\u00e8me SPF50+ est r\u00e9sistante \u00e0 l&rsquo;eau, \u00e0 la transpiration et aux frottements. De plus, elle respecte l&rsquo;environnement marin en passant les tests de biod\u00e9gradabilit\u00e9 selon la norme OCDE 301F, ainsi que ceux d&rsquo;\u00e9co-toxicit\u00e9 sur des algues et invert\u00e9br\u00e9s aquatiques.<\/p>\n<p>Enfin, elle est donc compatible avec le d\u00e9veloppement des coraux, ces esp\u00e8ces zooplanctoniques et phytoplanctoniques essentielles \u00e0 leur croissance. Optez alors pour la cr\u00e8me solaire SUN SECURE SPF50+ de SVR pour une protection optimale tout en pr\u00e9servant l&rsquo;environnement marin.<\/p>\n<p>Marque : SVR Sun secure<br \/>\n<em><strong>Cr\u00e8me confort fini invisible<\/strong><\/em><br \/>\nType de peaux: Peaux normales \u00e0 s\u00e8ches, Peaux sensibles au soleil<br \/>\nB\u00e9b\u00e9, enfant, adulte<br \/>\nSPF50+ UVB + UVA<br \/>\nQuantit\u00e9: 50ml<\/p>\n<h2>Utilisation de SVR cr\u00e8me solaire Sun Secure SPF 50+<\/h2>\n<div class=\"flex flex-grow flex-col gap-3\">\n<div class=\"min-h-[20px] flex flex-col items-start gap-4 whitespace-pre-wrap break-words\">\n<div class=\"markdown prose w-full break-words dark:prose-invert light\">\n<ol>\n<li>Appliquer g\u00e9n\u00e9reusement sur la peau expos\u00e9e au soleil avant toute exposition, en \u00e9vitant le contour des yeux.<\/li>\n<li>Renouveler l&rsquo;application toutes les deux heures et apr\u00e8s chaque baignade ou activit\u00e9 physique intense.<\/li>\n<li>Pour une protection optimale, \u00e9viter les expositions prolong\u00e9es au soleil, en particulier entre 12h et 16h.<\/li>\n<li>Utiliser des v\u00eatements de protection, des lunettes de soleil et un chapeau pour r\u00e9duire l&rsquo;exposition directe au soleil.<\/li>\n<li>Ne pas exposer les b\u00e9b\u00e9s et les jeunes enfants directement au soleil et leur appliquer une cr\u00e8me solaire sp\u00e9cialement formul\u00e9e pour leur peau d\u00e9licate.<\/li>\n<\/ol>\n<h2>Ingr\u00e9dients<\/h2>\n<p>Formule INCI : AOUA (PURIFIED WATER). DIETHYLAMINO HYDROXYBENZOYL HEXYL BENZOATE DIISOPROPYL ADIPATE. ETHYLHEXYL METHOXYCINNAMATE. DIMETHICONE.<\/p>\n<p>CETEARYL ALCOHOL BIS-ETHYLHEXYLOXYPHENOL METHOXYPHENYL TRIAZINE C12-15 ALKYL BENZOATE, CETEARETH -2o, METHYL METHACRYLATE CROSSPOLYMER. GLYCERIN.<\/p>\n<p>ETHYLHEXYL TRIAZONE. SILICA, POLYMETHYL METHACRYLATE. POLYESTER-7, NIACINAMIDE PHENYLBENZIMIDAZOLE SULFONIC ACID, AMINOMETHYL PROPANOL ARGININE.<\/p>\n<p>BETA-CAROTENE, CAPRYLHYDROXAMIC ACID. CETEARYL DIMETHICONE CROSSPOLYMER DAUCUS CAROTA SATIVA (CARROT) ROOT EXTRACT, GLYCINE SOJA OIL HYDROGENATED PHOSPHATIDYLCHOLINE, LECITHIN, LEPIDIUM SATIVUM SPROUT EXTRACT, PHENETHYL ALCOHOL.<\/p>\n<p>SOUALANE, TOCOPHEROL TOCOPHERYL ACETATE, 12-HEXANEDIOL, CAPRYLYL GLYCOL CITRIC ACID, DISODIUM EDTA, HYDROXYETHYL ACRYLATE\/SODIUM ACRYLOYLDIMETHYL TAURATE COPOLYMER, LYSOLECITHIN, NEOPENTYL GLYCOL DIHEPTANOATE, PENTYLENE GLYCOL, POLYSORBATE 6o. SODIUM LAURETH SULFATE. SORBITAN ISOSTEARATE. XANTHAN GUM, PHENOXYETHANOL PARFUM (FRAGRANCE)<\/p>\n<\/div>\n<\/div>\n<\/div>\n","protected":false},"excerpt":{"rendered":"<p>La cr\u00e8me solaire SUN SECURE SPF50+ de SVR offre une protection dermatologique tr\u00e8s \u00e9lev\u00e9e gr\u00e2ce \u00e0 un nouveau brevet filtrant respectueux de l&rsquo;environnement<\/p>","protected":false},"featured_media":7279,"comment_status":"open","ping_status":"closed","template":"","meta":{"om_disable_all_campaigns":false,"_mi_skip_tracking":false,"_monsterinsights_sitenote_active":false,"_monsterinsights_sitenote_note":"","_monsterinsights_sitenote_category":0},"product_brand":[],"product_cat":[127,1744,514,516,512,128,513],"product_tag":[],"class_list":{"0":"post-7278","1":"product","2":"type-product","3":"status-publish","4":"has-post-thumbnail","6":"product_cat-boutique","7":"product_cat-creme-solaire","8":"product_cat-peaux-normales","9":"product_cat-peaux-seches","10":"product_cat-produits-par-besoin","11":"product_cat-soin-de-visage","12":"product_cat-type-de-peau","13":"yith_product_brand-svr","15":"first","16":"outofstock","17":"shipping-taxable","18":"purchasable","19":"product-type-simple"},"yoast_head":"<!-- This site is optimized with the Yoast SEO Premium plugin v20.8 (Yoast SEO v27.4) - https:\/\/yoast.com\/product\/yoast-seo-premium-wordpress\/ -->\n<title>SVR cr\u00e8me solaire Sun Secure SPF 50+ - moins cher | Dakar<\/title>\n<meta name=\"description\" content=\"SVR cr\u00e8me solaire SUN SECURE SPF50+ de SVR offre une protection dermatologique tr\u00e8s \u00e9lev\u00e9e gr\u00e2ce \u00e0 un nouveau brevet filtrant respectueux de l&#039;environnement\" \/>\n<meta name=\"robots\" content=\"index, follow, max-snippet:-1, max-image-preview:large, max-video-preview:-1\" \/>\n<link rel=\"canonical\" href=\"https:\/\/labemacosmetics.com\/en\/product\/svr-creme-solaire-sun-secure-spf-50\/\" \/>\n<meta property=\"og:locale\" content=\"en_GB\" \/>\n<meta property=\"og:type\" content=\"article\" \/>\n<meta property=\"og:title\" content=\"SVR cr\u00e8me solaire Sun Secure SPF 50+\" \/>\n<meta property=\"og:description\" content=\"SVR cr\u00e8me solaire SUN SECURE SPF50+ de SVR offre une protection dermatologique tr\u00e8s \u00e9lev\u00e9e gr\u00e2ce \u00e0 un nouveau brevet filtrant respectueux de l&#039;environnement\" \/>\n<meta property=\"og:url\" content=\"https:\/\/labemacosmetics.com\/en\/product\/svr-creme-solaire-sun-secure-spf-50\/\" \/>\n<meta property=\"og:site_name\" content=\"Lab&eacute;ma Cosmetics\" \/>\n<meta property=\"article:publisher\" content=\"http:\/\/www.facebook.com\/labemacosmetics\" \/>\n<meta property=\"article:modified_time\" content=\"2023-09-02T11:47:18+00:00\" \/>\n<meta property=\"og:image\" content=\"https:\/\/labemacosmetics.com\/wp-content\/uploads\/2023\/05\/Creme-solaire-svr-biodegradable.webp\" \/>\n\t<meta property=\"og:image:width\" content=\"700\" \/>\n\t<meta property=\"og:image:height\" content=\"700\" \/>\n\t<meta property=\"og:image:type\" content=\"image\/webp\" \/>\n<meta name=\"twitter:card\" content=\"summary_large_image\" \/>\n<meta name=\"twitter:site\" content=\"@Labemasn\" \/>\n<meta name=\"twitter:label1\" content=\"Price\" \/>\n\t<meta name=\"twitter:data1\" content=\"10 500&nbsp;CFA\" \/>\n\t<meta name=\"twitter:label2\" content=\"Availability\" \/>\n\t<meta name=\"twitter:data2\" content=\"Out of stock\" \/>\n<script type=\"application\/ld+json\" class=\"yoast-schema-graph\">{\"@context\":\"https:\\\/\\\/schema.org\",\"@graph\":[{\"@type\":\"WebPage\",\"@id\":\"https:\\\/\\\/labemacosmetics.com\\\/en\\\/product\\\/svr-creme-solaire-sun-secure-spf-50\\\/\",\"url\":\"https:\\\/\\\/labemacosmetics.com\\\/en\\\/product\\\/svr-creme-solaire-sun-secure-spf-50\\\/\",\"name\":\"SVR cr\u00e8me solaire Sun Secure SPF 50+ - moins cher | Dakar\",\"isPartOf\":{\"@id\":\"https:\\\/\\\/labemacosmetics.com\\\/#website\"},\"primaryImageOfPage\":{\"@id\":\"https:\\\/\\\/labemacosmetics.com\\\/en\\\/product\\\/svr-creme-solaire-sun-secure-spf-50\\\/#primaryimage\"},\"image\":{\"@id\":\"https:\\\/\\\/labemacosmetics.com\\\/en\\\/product\\\/svr-creme-solaire-sun-secure-spf-50\\\/#primaryimage\"},\"thumbnailUrl\":\"https:\\\/\\\/labemacosmetics.com\\\/wp-content\\\/uploads\\\/2023\\\/05\\\/Creme-solaire-svr-biodegradable.webp\",\"datePublished\":\"2023-05-06T11:10:29+00:00\",\"dateModified\":\"2023-09-02T11:47:18+00:00\",\"description\":\"SVR cr\u00e8me solaire SUN SECURE SPF50+ de SVR offre une protection dermatologique tr\u00e8s \u00e9lev\u00e9e gr\u00e2ce \u00e0 un nouveau brevet filtrant respectueux de l'environnement\",\"breadcrumb\":{\"@id\":\"https:\\\/\\\/labemacosmetics.com\\\/en\\\/product\\\/svr-creme-solaire-sun-secure-spf-50\\\/#breadcrumb\"},\"inLanguage\":\"en-GB\",\"potentialAction\":[{\"@type\":\"ReadAction\",\"target\":[\"https:\\\/\\\/labemacosmetics.com\\\/en\\\/product\\\/svr-creme-solaire-sun-secure-spf-50\\\/\"]}]},{\"@type\":\"ImageObject\",\"inLanguage\":\"en-GB\",\"@id\":\"https:\\\/\\\/labemacosmetics.com\\\/en\\\/product\\\/svr-creme-solaire-sun-secure-spf-50\\\/#primaryimage\",\"url\":\"https:\\\/\\\/labemacosmetics.com\\\/wp-content\\\/uploads\\\/2023\\\/05\\\/Creme-solaire-svr-biodegradable.webp\",\"contentUrl\":\"https:\\\/\\\/labemacosmetics.com\\\/wp-content\\\/uploads\\\/2023\\\/05\\\/Creme-solaire-svr-biodegradable.webp\",\"width\":700,\"height\":700,\"caption\":\"SVR cr\u00e8me solaire\"},{\"@type\":\"BreadcrumbList\",\"@id\":\"https:\\\/\\\/labemacosmetics.com\\\/en\\\/product\\\/svr-creme-solaire-sun-secure-spf-50\\\/#breadcrumb\",\"itemListElement\":[{\"@type\":\"ListItem\",\"position\":1,\"name\":\"Accueil\",\"item\":\"https:\\\/\\\/labemacosmetics.com\\\/\"},{\"@type\":\"ListItem\",\"position\":2,\"name\":\"Produits\",\"item\":\"https:\\\/\\\/labemacosmetics.com\\\/shop\\\/\"},{\"@type\":\"ListItem\",\"position\":3,\"name\":\"SVR cr\u00e8me solaire Sun Secure SPF 50+\"}]},{\"@type\":\"WebSite\",\"@id\":\"https:\\\/\\\/labemacosmetics.com\\\/#website\",\"url\":\"https:\\\/\\\/labemacosmetics.com\\\/\",\"name\":\"Lab&eacute;ma Cosmetics\",\"description\":\"\",\"potentialAction\":[{\"@type\":\"SearchAction\",\"target\":{\"@type\":\"EntryPoint\",\"urlTemplate\":\"https:\\\/\\\/labemacosmetics.com\\\/?s={search_term_string}\"},\"query-input\":{\"@type\":\"PropertyValueSpecification\",\"valueRequired\":true,\"valueName\":\"search_term_string\"}}],\"inLanguage\":\"en-GB\"}]}<\/script>\n<meta property=\"product:brand\" content=\"SVR\" \/>\n<meta property=\"product:price:amount\" content=\"10500\" \/>\n<meta property=\"product:price:currency\" content=\"XOF\" \/>\n<meta property=\"og:availability\" content=\"out of stock\" \/>\n<meta property=\"product:availability\" content=\"out of stock\" \/>\n<meta property=\"product:condition\" content=\"new\" \/>\n<!-- \/ Yoast SEO Premium plugin. -->","yoast_head_json":{"title":"SVR cr\u00e8me solaire Sun Secure SPF 50+ - moins cher | Dakar","description":"SVR cr\u00e8me solaire SUN SECURE SPF50+ de SVR offre une protection dermatologique tr\u00e8s \u00e9lev\u00e9e gr\u00e2ce \u00e0 un nouveau brevet filtrant respectueux de l'environnement","robots":{"index":"index","follow":"follow","max-snippet":"max-snippet:-1","max-image-preview":"max-image-preview:large","max-video-preview":"max-video-preview:-1"},"canonical":"https:\/\/labemacosmetics.com\/en\/product\/svr-creme-solaire-sun-secure-spf-50\/","og_locale":"en_GB","og_type":"article","og_title":"SVR cr\u00e8me solaire Sun Secure SPF 50+","og_description":"SVR cr\u00e8me solaire SUN SECURE SPF50+ de SVR offre une protection dermatologique tr\u00e8s \u00e9lev\u00e9e gr\u00e2ce \u00e0 un nouveau brevet filtrant respectueux de l'environnement","og_url":"https:\/\/labemacosmetics.com\/en\/product\/svr-creme-solaire-sun-secure-spf-50\/","og_site_name":"Lab&eacute;ma Cosmetics","article_publisher":"http:\/\/www.facebook.com\/labemacosmetics","article_modified_time":"2023-09-02T11:47:18+00:00","og_image":[{"width":700,"height":700,"url":"https:\/\/labemacosmetics.com\/wp-content\/uploads\/2023\/05\/Creme-solaire-svr-biodegradable.webp","type":"image\/webp"}],"twitter_card":"summary_large_image","twitter_site":"@Labemasn","twitter_misc":{"Price":"10 500&nbsp;CFA","Availability":"Out of stock"},"schema":{"@context":"https:\/\/schema.org","@graph":[{"@type":"WebPage","@id":"https:\/\/labemacosmetics.com\/en\/product\/svr-creme-solaire-sun-secure-spf-50\/","url":"https:\/\/labemacosmetics.com\/en\/product\/svr-creme-solaire-sun-secure-spf-50\/","name":"SVR cr\u00e8me solaire Sun Secure SPF 50+ - moins cher | Dakar","isPartOf":{"@id":"https:\/\/labemacosmetics.com\/#website"},"primaryImageOfPage":{"@id":"https:\/\/labemacosmetics.com\/en\/product\/svr-creme-solaire-sun-secure-spf-50\/#primaryimage"},"image":{"@id":"https:\/\/labemacosmetics.com\/en\/product\/svr-creme-solaire-sun-secure-spf-50\/#primaryimage"},"thumbnailUrl":"https:\/\/labemacosmetics.com\/wp-content\/uploads\/2023\/05\/Creme-solaire-svr-biodegradable.webp","datePublished":"2023-05-06T11:10:29+00:00","dateModified":"2023-09-02T11:47:18+00:00","description":"SVR cr\u00e8me solaire SUN SECURE SPF50+ de SVR offre une protection dermatologique tr\u00e8s \u00e9lev\u00e9e gr\u00e2ce \u00e0 un nouveau brevet filtrant respectueux de l'environnement","breadcrumb":{"@id":"https:\/\/labemacosmetics.com\/en\/product\/svr-creme-solaire-sun-secure-spf-50\/#breadcrumb"},"inLanguage":"en-GB","potentialAction":[{"@type":"ReadAction","target":["https:\/\/labemacosmetics.com\/en\/product\/svr-creme-solaire-sun-secure-spf-50\/"]}]},{"@type":"ImageObject","inLanguage":"en-GB","@id":"https:\/\/labemacosmetics.com\/en\/product\/svr-creme-solaire-sun-secure-spf-50\/#primaryimage","url":"https:\/\/labemacosmetics.com\/wp-content\/uploads\/2023\/05\/Creme-solaire-svr-biodegradable.webp","contentUrl":"https:\/\/labemacosmetics.com\/wp-content\/uploads\/2023\/05\/Creme-solaire-svr-biodegradable.webp","width":700,"height":700,"caption":"SVR cr\u00e8me solaire"},{"@type":"BreadcrumbList","@id":"https:\/\/labemacosmetics.com\/en\/product\/svr-creme-solaire-sun-secure-spf-50\/#breadcrumb","itemListElement":[{"@type":"ListItem","position":1,"name":"Accueil","item":"https:\/\/labemacosmetics.com\/"},{"@type":"ListItem","position":2,"name":"Produits","item":"https:\/\/labemacosmetics.com\/shop\/"},{"@type":"ListItem","position":3,"name":"SVR cr\u00e8me solaire Sun Secure SPF 50+"}]},{"@type":"WebSite","@id":"https:\/\/labemacosmetics.com\/#website","url":"https:\/\/labemacosmetics.com\/","name":"Lab&eacute;ma Cosmetics","description":"","potentialAction":[{"@type":"SearchAction","target":{"@type":"EntryPoint","urlTemplate":"https:\/\/labemacosmetics.com\/?s={search_term_string}"},"query-input":{"@type":"PropertyValueSpecification","valueRequired":true,"valueName":"search_term_string"}}],"inLanguage":"en-GB"}]},"product_brand":"SVR","product_price_amount":"10500","product_price_currency":"XOF","og_availability":"out of stock","product_availability":"out of stock","product_condition":"new"},"_links":{"self":[{"href":"https:\/\/labemacosmetics.com\/en\/wp-json\/wp\/v2\/product\/7278","targetHints":{"allow":["GET"]}}],"collection":[{"href":"https:\/\/labemacosmetics.com\/en\/wp-json\/wp\/v2\/product"}],"about":[{"href":"https:\/\/labemacosmetics.com\/en\/wp-json\/wp\/v2\/types\/product"}],"replies":[{"embeddable":true,"href":"https:\/\/labemacosmetics.com\/en\/wp-json\/wp\/v2\/comments?post=7278"}],"version-history":[{"count":2,"href":"https:\/\/labemacosmetics.com\/en\/wp-json\/wp\/v2\/product\/7278\/revisions"}],"predecessor-version":[{"id":9320,"href":"https:\/\/labemacosmetics.com\/en\/wp-json\/wp\/v2\/product\/7278\/revisions\/9320"}],"wp:featuredmedia":[{"embeddable":true,"href":"https:\/\/labemacosmetics.com\/en\/wp-json\/wp\/v2\/media\/7279"}],"wp:attachment":[{"href":"https:\/\/labemacosmetics.com\/en\/wp-json\/wp\/v2\/media?parent=7278"}],"wp:term":[{"taxonomy":"product_brand","embeddable":true,"href":"https:\/\/labemacosmetics.com\/en\/wp-json\/wp\/v2\/product_brand?post=7278"},{"taxonomy":"product_cat","embeddable":true,"href":"https:\/\/labemacosmetics.com\/en\/wp-json\/wp\/v2\/product_cat?post=7278"},{"taxonomy":"product_tag","embeddable":true,"href":"https:\/\/labemacosmetics.com\/en\/wp-json\/wp\/v2\/product_tag?post=7278"}],"curies":[{"name":"wp","href":"https:\/\/api.w.org\/{rel}","templated":true}]}}