{"id":7021,"date":"2023-02-25T00:19:16","date_gmt":"2023-02-24T23:19:16","guid":{"rendered":"https:\/\/www.labemacosmetics.com\/?post_type=product&#038;p=7021"},"modified":"2023-05-21T07:30:34","modified_gmt":"2023-05-21T06:30:34","slug":"wet-wild-roue-a-levres-cinnamon-spice","status":"publish","type":"product","link":"https:\/\/labemacosmetics.com\/en\/product\/wet-wild-roue-a-levres-cinnamon-spice\/","title":{"rendered":"WET N WILD Rouge \u00e0 l\u00e9vres"},"content":{"rendered":"<p>Wet N Wild Rouge \u00e0 l\u00e8vres est une pure merveille et un incontournable lors d\u2019un cocktail ou d\u2019une r\u00e9ception. Il offre une tenue de quatre heures et un fini cr\u00e9meux semi-mat qui glisse ais\u00e9ment pour parer les l\u00e8vres d\u2019une teinte velout\u00e9e qui reste franche, ne s\u2019emp\u00e2te pas et ne file pas. Sa formule est enrichie des microsph\u00e8res d\u2019acide hyaluronique qui cr\u00e9ent une adh\u00e9rence extraordinaire, d&rsquo;un complexe exclusif de polym\u00e8res qui conf\u00e8re une sensation de texture coussin\u00e9e, des extraits de plantes marines, de la coenzyme Q10 et de vitamines A et E qui adoucissent les l\u00e8vres.<\/p>\n<p>&nbsp;<\/p>","protected":false},"excerpt":{"rendered":"<p>Ce rouge \u00e0 l\u00e8vres est une pure merveille et un incontournable lors d\u2019un cocktail ou d\u2019une r\u00e9ception. Il offre une tenue de quatre heures et un fini cr\u00e9meux semi-mat qui glisse ais\u00e9ment pour parer les l\u00e8vres d\u2019une teinte velout\u00e9e qui reste franche<\/p>","protected":false},"featured_media":7023,"comment_status":"open","ping_status":"closed","template":"","meta":{"om_disable_all_campaigns":false,"_mi_skip_tracking":false,"_monsterinsights_sitenote_active":false,"_monsterinsights_sitenote_note":"","_monsterinsights_sitenote_category":0},"product_brand":[],"product_cat":[110,103,122],"product_tag":[],"class_list":{"0":"post-7021","1":"product","2":"type-product","3":"status-publish","4":"has-post-thumbnail","6":"product_cat-levres","7":"product_cat-maquillage","8":"product_cat-rouge-a-levres","9":"yith_product_brand-wet-and-wild","11":"first","12":"outofstock","13":"shipping-taxable","14":"purchasable","15":"product-type-variable"},"yoast_head":"<!-- This site is optimized with the Yoast SEO Premium plugin v20.8 (Yoast SEO v27.4) - https:\/\/yoast.com\/product\/yoast-seo-premium-wordpress\/ -->\n<title>WET N WILD Rouge \u00e0 l\u00e9vres | Dakar<\/title>\n<meta name=\"robots\" content=\"index, follow, max-snippet:-1, max-image-preview:large, max-video-preview:-1\" \/>\n<link rel=\"canonical\" href=\"https:\/\/labemacosmetics.com\/en\/product\/wet-wild-roue-a-levres-cinnamon-spice\/\" \/>\n<meta property=\"og:locale\" content=\"en_GB\" \/>\n<meta property=\"og:type\" content=\"article\" \/>\n<meta property=\"og:title\" content=\"WET N WILD Rouge \u00e0 l\u00e9vres\" \/>\n<meta property=\"og:description\" content=\"Ce rouge \u00e0 l\u00e8vres est une pure merveille et un incontournable lors d\u2019un cocktail ou d\u2019une r\u00e9ception. Il offre une tenue de quatre heures et un fini cr\u00e9meux semi-mat qui glisse ais\u00e9ment pour parer les l\u00e8vres d\u2019une teinte velout\u00e9e qui reste franche\" \/>\n<meta property=\"og:url\" content=\"https:\/\/labemacosmetics.com\/en\/product\/wet-wild-roue-a-levres-cinnamon-spice\/\" \/>\n<meta property=\"og:site_name\" content=\"Lab&eacute;ma Cosmetics\" \/>\n<meta property=\"article:publisher\" content=\"http:\/\/www.facebook.com\/labemacosmetics\" \/>\n<meta property=\"article:modified_time\" content=\"2023-05-21T06:30:34+00:00\" \/>\n<meta property=\"og:image\" content=\"https:\/\/labemacosmetics.com\/wp-content\/uploads\/2023\/02\/WET-WILD-Roue-a-levres-Cinnamon-Spice.jpg\" \/>\n\t<meta property=\"og:image:width\" content=\"225\" \/>\n\t<meta property=\"og:image:height\" content=\"225\" \/>\n\t<meta property=\"og:image:type\" content=\"image\/jpeg\" \/>\n<meta name=\"twitter:card\" content=\"summary_large_image\" \/>\n<meta name=\"twitter:site\" content=\"@Labemasn\" \/>\n<meta name=\"twitter:label1\" content=\"Availability\" \/>\n\t<meta name=\"twitter:data1\" content=\"Out of stock\" \/>\n<script type=\"application\/ld+json\" class=\"yoast-schema-graph\">{\"@context\":\"https:\\\/\\\/schema.org\",\"@graph\":[{\"@type\":\"WebPage\",\"@id\":\"https:\\\/\\\/labemacosmetics.com\\\/produit\\\/wet-wild-roue-a-levres-cinnamon-spice\\\/\",\"url\":\"https:\\\/\\\/labemacosmetics.com\\\/produit\\\/wet-wild-roue-a-levres-cinnamon-spice\\\/\",\"name\":\"WET N WILD Rouge \u00e0 l\u00e9vres | Dakar\",\"isPartOf\":{\"@id\":\"https:\\\/\\\/labemacosmetics.com\\\/#website\"},\"primaryImageOfPage\":{\"@id\":\"https:\\\/\\\/labemacosmetics.com\\\/produit\\\/wet-wild-roue-a-levres-cinnamon-spice\\\/#primaryimage\"},\"image\":{\"@id\":\"https:\\\/\\\/labemacosmetics.com\\\/produit\\\/wet-wild-roue-a-levres-cinnamon-spice\\\/#primaryimage\"},\"thumbnailUrl\":\"https:\\\/\\\/labemacosmetics.com\\\/wp-content\\\/uploads\\\/2023\\\/02\\\/WET-WILD-Roue-a-levres-Cinnamon-Spice.jpg\",\"datePublished\":\"2023-02-24T23:19:16+00:00\",\"dateModified\":\"2023-05-21T06:30:34+00:00\",\"breadcrumb\":{\"@id\":\"https:\\\/\\\/labemacosmetics.com\\\/produit\\\/wet-wild-roue-a-levres-cinnamon-spice\\\/#breadcrumb\"},\"inLanguage\":\"en-GB\",\"potentialAction\":[{\"@type\":\"ReadAction\",\"target\":[\"https:\\\/\\\/labemacosmetics.com\\\/produit\\\/wet-wild-roue-a-levres-cinnamon-spice\\\/\"]}]},{\"@type\":\"ImageObject\",\"inLanguage\":\"en-GB\",\"@id\":\"https:\\\/\\\/labemacosmetics.com\\\/produit\\\/wet-wild-roue-a-levres-cinnamon-spice\\\/#primaryimage\",\"url\":\"https:\\\/\\\/labemacosmetics.com\\\/wp-content\\\/uploads\\\/2023\\\/02\\\/WET-WILD-Roue-a-levres-Cinnamon-Spice.jpg\",\"contentUrl\":\"https:\\\/\\\/labemacosmetics.com\\\/wp-content\\\/uploads\\\/2023\\\/02\\\/WET-WILD-Roue-a-levres-Cinnamon-Spice.jpg\",\"width\":225,\"height\":225,\"caption\":\"Wet N Wild Rouge \u00e0 L\u00e8vres\"},{\"@type\":\"BreadcrumbList\",\"@id\":\"https:\\\/\\\/labemacosmetics.com\\\/produit\\\/wet-wild-roue-a-levres-cinnamon-spice\\\/#breadcrumb\",\"itemListElement\":[{\"@type\":\"ListItem\",\"position\":1,\"name\":\"Accueil\",\"item\":\"https:\\\/\\\/labemacosmetics.com\\\/\"},{\"@type\":\"ListItem\",\"position\":2,\"name\":\"Produits\",\"item\":\"https:\\\/\\\/labemacosmetics.com\\\/shop\\\/\"},{\"@type\":\"ListItem\",\"position\":3,\"name\":\"WET N WILD Rouge \u00e0 l\u00e9vres\"}]},{\"@type\":\"WebSite\",\"@id\":\"https:\\\/\\\/labemacosmetics.com\\\/#website\",\"url\":\"https:\\\/\\\/labemacosmetics.com\\\/\",\"name\":\"Lab&eacute;ma Cosmetics\",\"description\":\"\",\"potentialAction\":[{\"@type\":\"SearchAction\",\"target\":{\"@type\":\"EntryPoint\",\"urlTemplate\":\"https:\\\/\\\/labemacosmetics.com\\\/?s={search_term_string}\"},\"query-input\":{\"@type\":\"PropertyValueSpecification\",\"valueRequired\":true,\"valueName\":\"search_term_string\"}}],\"inLanguage\":\"en-GB\"}]}<\/script>\n<meta property=\"product:brand\" content=\"Wet and Wild\" \/>\n<meta property=\"og:availability\" content=\"out of stock\" \/>\n<meta property=\"product:availability\" content=\"out of stock\" \/>\n<meta property=\"product:condition\" content=\"new\" \/>\n<!-- \/ Yoast SEO Premium plugin. -->","yoast_head_json":{"title":"WET N WILD Rouge \u00e0 l\u00e9vres | Dakar","robots":{"index":"index","follow":"follow","max-snippet":"max-snippet:-1","max-image-preview":"max-image-preview:large","max-video-preview":"max-video-preview:-1"},"canonical":"https:\/\/labemacosmetics.com\/en\/product\/wet-wild-roue-a-levres-cinnamon-spice\/","og_locale":"en_GB","og_type":"article","og_title":"WET N WILD Rouge \u00e0 l\u00e9vres","og_description":"Ce rouge \u00e0 l\u00e8vres est une pure merveille et un incontournable lors d\u2019un cocktail ou d\u2019une r\u00e9ception. Il offre une tenue de quatre heures et un fini cr\u00e9meux semi-mat qui glisse ais\u00e9ment pour parer les l\u00e8vres d\u2019une teinte velout\u00e9e qui reste franche","og_url":"https:\/\/labemacosmetics.com\/en\/product\/wet-wild-roue-a-levres-cinnamon-spice\/","og_site_name":"Lab&eacute;ma Cosmetics","article_publisher":"http:\/\/www.facebook.com\/labemacosmetics","article_modified_time":"2023-05-21T06:30:34+00:00","og_image":[{"width":225,"height":225,"url":"https:\/\/labemacosmetics.com\/wp-content\/uploads\/2023\/02\/WET-WILD-Roue-a-levres-Cinnamon-Spice.jpg","type":"image\/jpeg"}],"twitter_card":"summary_large_image","twitter_site":"@Labemasn","twitter_misc":{"Availability":"Out of stock"},"schema":{"@context":"https:\/\/schema.org","@graph":[{"@type":"WebPage","@id":"https:\/\/labemacosmetics.com\/produit\/wet-wild-roue-a-levres-cinnamon-spice\/","url":"https:\/\/labemacosmetics.com\/produit\/wet-wild-roue-a-levres-cinnamon-spice\/","name":"WET N WILD Rouge \u00e0 l\u00e9vres | Dakar","isPartOf":{"@id":"https:\/\/labemacosmetics.com\/#website"},"primaryImageOfPage":{"@id":"https:\/\/labemacosmetics.com\/produit\/wet-wild-roue-a-levres-cinnamon-spice\/#primaryimage"},"image":{"@id":"https:\/\/labemacosmetics.com\/produit\/wet-wild-roue-a-levres-cinnamon-spice\/#primaryimage"},"thumbnailUrl":"https:\/\/labemacosmetics.com\/wp-content\/uploads\/2023\/02\/WET-WILD-Roue-a-levres-Cinnamon-Spice.jpg","datePublished":"2023-02-24T23:19:16+00:00","dateModified":"2023-05-21T06:30:34+00:00","breadcrumb":{"@id":"https:\/\/labemacosmetics.com\/produit\/wet-wild-roue-a-levres-cinnamon-spice\/#breadcrumb"},"inLanguage":"en-GB","potentialAction":[{"@type":"ReadAction","target":["https:\/\/labemacosmetics.com\/produit\/wet-wild-roue-a-levres-cinnamon-spice\/"]}]},{"@type":"ImageObject","inLanguage":"en-GB","@id":"https:\/\/labemacosmetics.com\/produit\/wet-wild-roue-a-levres-cinnamon-spice\/#primaryimage","url":"https:\/\/labemacosmetics.com\/wp-content\/uploads\/2023\/02\/WET-WILD-Roue-a-levres-Cinnamon-Spice.jpg","contentUrl":"https:\/\/labemacosmetics.com\/wp-content\/uploads\/2023\/02\/WET-WILD-Roue-a-levres-Cinnamon-Spice.jpg","width":225,"height":225,"caption":"Wet N Wild Rouge \u00e0 L\u00e8vres"},{"@type":"BreadcrumbList","@id":"https:\/\/labemacosmetics.com\/produit\/wet-wild-roue-a-levres-cinnamon-spice\/#breadcrumb","itemListElement":[{"@type":"ListItem","position":1,"name":"Accueil","item":"https:\/\/labemacosmetics.com\/"},{"@type":"ListItem","position":2,"name":"Produits","item":"https:\/\/labemacosmetics.com\/shop\/"},{"@type":"ListItem","position":3,"name":"WET N WILD Rouge \u00e0 l\u00e9vres"}]},{"@type":"WebSite","@id":"https:\/\/labemacosmetics.com\/#website","url":"https:\/\/labemacosmetics.com\/","name":"Lab&eacute;ma Cosmetics","description":"","potentialAction":[{"@type":"SearchAction","target":{"@type":"EntryPoint","urlTemplate":"https:\/\/labemacosmetics.com\/?s={search_term_string}"},"query-input":{"@type":"PropertyValueSpecification","valueRequired":true,"valueName":"search_term_string"}}],"inLanguage":"en-GB"}]},"product_brand":"Wet and Wild","og_availability":"out of stock","product_availability":"out of stock","product_condition":"new"},"_links":{"self":[{"href":"https:\/\/labemacosmetics.com\/en\/wp-json\/wp\/v2\/product\/7021","targetHints":{"allow":["GET"]}}],"collection":[{"href":"https:\/\/labemacosmetics.com\/en\/wp-json\/wp\/v2\/product"}],"about":[{"href":"https:\/\/labemacosmetics.com\/en\/wp-json\/wp\/v2\/types\/product"}],"replies":[{"embeddable":true,"href":"https:\/\/labemacosmetics.com\/en\/wp-json\/wp\/v2\/comments?post=7021"}],"version-history":[{"count":0,"href":"https:\/\/labemacosmetics.com\/en\/wp-json\/wp\/v2\/product\/7021\/revisions"}],"wp:featuredmedia":[{"embeddable":true,"href":"https:\/\/labemacosmetics.com\/en\/wp-json\/wp\/v2\/media\/7023"}],"wp:attachment":[{"href":"https:\/\/labemacosmetics.com\/en\/wp-json\/wp\/v2\/media?parent=7021"}],"wp:term":[{"taxonomy":"product_brand","embeddable":true,"href":"https:\/\/labemacosmetics.com\/en\/wp-json\/wp\/v2\/product_brand?post=7021"},{"taxonomy":"product_cat","embeddable":true,"href":"https:\/\/labemacosmetics.com\/en\/wp-json\/wp\/v2\/product_cat?post=7021"},{"taxonomy":"product_tag","embeddable":true,"href":"https:\/\/labemacosmetics.com\/en\/wp-json\/wp\/v2\/product_tag?post=7021"}],"curies":[{"name":"wp","href":"https:\/\/api.w.org\/{rel}","templated":true}]}}