{"id":6999,"date":"2023-02-24T22:34:59","date_gmt":"2023-02-24T21:34:59","guid":{"rendered":"https:\/\/www.labemacosmetics.com\/?post_type=product&#038;p=6999"},"modified":"2023-05-21T07:34:05","modified_gmt":"2023-05-21T06:34:05","slug":"max-and-more-lip-liner-rusty-rose","status":"publish","type":"product","link":"https:\/\/labemacosmetics.com\/en\/product\/max-and-more-lip-liner-rusty-rose\/","title":{"rendered":"MAX AND MORE Crayon \u00e0 L\u00e8vres Rusty Rose"},"content":{"rendered":"<h2>Description :<\/h2>\n<ul>\n<li>Id\u00e9al comme base pour votre rouge \u00e0 l\u00e8vres<\/li>\n<li>Taille-crayon inclus dans le capuchon<\/li>\n<li>Accord parfait avec le rouge \u00e0 l\u00e8vres nude couleur muffin<\/li>\n<\/ul>\n<div>Appliquez parfaitement votre rouge \u00e0 l\u00e8vres avec l&rsquo;aide de ce crayon \u00e0 l\u00e8vres \u00e0 la texture cr\u00e9meuse et \u00e0 la formule vegan.<\/div>","protected":false},"excerpt":{"rendered":"<p>Description : Id\u00e9al comme base pour votre rouge \u00e0 l\u00e8vres Taille-crayon inclus dans le capuchon Accord parfait avec le rouge \u00e0 l\u00e8vres nude couleur muffin Appliquez parfaitement votre rouge \u00e0 l\u00e8vres avec l&rsquo;aide de ce crayon \u00e0 l\u00e8vres \u00e0 la texture cr\u00e9meuse et \u00e0 la formule vegan.<\/p>","protected":false},"featured_media":7002,"comment_status":"open","ping_status":"closed","template":"","meta":{"om_disable_all_campaigns":false,"_mi_skip_tracking":false,"_monsterinsights_sitenote_active":false,"_monsterinsights_sitenote_note":"","_monsterinsights_sitenote_category":0},"product_brand":[],"product_cat":[127,121,110,103],"product_tag":[],"class_list":{"0":"post-6999","1":"product","2":"type-product","3":"status-publish","4":"has-post-thumbnail","6":"product_cat-boutique","7":"product_cat-crayon-levres","8":"product_cat-levres","9":"product_cat-maquillage","10":"yith_product_brand-maxmore","12":"first","13":"instock","14":"shipping-taxable","15":"purchasable","16":"product-type-simple"},"yoast_head":"<!-- This site is optimized with the Yoast SEO Premium plugin v20.8 (Yoast SEO v27.4) - https:\/\/yoast.com\/product\/yoast-seo-premium-wordpress\/ -->\n<title>MAX AND MORE Crayon \u00e0 L\u00e8vres Rusty Rose - Lab&eacute;ma Cosmetics<\/title>\n<meta name=\"robots\" content=\"index, follow, max-snippet:-1, max-image-preview:large, max-video-preview:-1\" \/>\n<link rel=\"canonical\" href=\"https:\/\/labemacosmetics.com\/en\/product\/max-and-more-lip-liner-rusty-rose\/\" \/>\n<meta property=\"og:locale\" content=\"en_GB\" \/>\n<meta property=\"og:type\" content=\"article\" \/>\n<meta property=\"og:title\" content=\"MAX AND MORE Crayon \u00e0 L\u00e8vres Rusty Rose\" \/>\n<meta property=\"og:description\" content=\"Description : Id\u00e9al comme base pour votre rouge \u00e0 l\u00e8vres Taille-crayon inclus dans le capuchon Accord parfait avec le rouge \u00e0 l\u00e8vres nude couleur muffin Appliquez parfaitement votre rouge \u00e0 l\u00e8vres avec l&rsquo;aide de ce crayon \u00e0 l\u00e8vres \u00e0 la texture cr\u00e9meuse et \u00e0 la formule vegan.\" \/>\n<meta property=\"og:url\" content=\"https:\/\/labemacosmetics.com\/en\/product\/max-and-more-lip-liner-rusty-rose\/\" \/>\n<meta property=\"og:site_name\" content=\"Lab&eacute;ma Cosmetics\" \/>\n<meta property=\"article:publisher\" content=\"http:\/\/www.facebook.com\/labemacosmetics\" \/>\n<meta property=\"article:modified_time\" content=\"2023-05-21T06:34:05+00:00\" \/>\n<meta property=\"og:image\" content=\"https:\/\/labemacosmetics.com\/wp-content\/uploads\/2023\/02\/MAX-AND-MORE-Lip-Liner-rusty.jpg\" \/>\n\t<meta property=\"og:image:width\" content=\"680\" \/>\n\t<meta property=\"og:image:height\" content=\"680\" \/>\n\t<meta property=\"og:image:type\" content=\"image\/jpeg\" \/>\n<meta name=\"twitter:card\" content=\"summary_large_image\" \/>\n<meta name=\"twitter:site\" content=\"@Labemasn\" \/>\n<meta name=\"twitter:label1\" content=\"Price\" \/>\n\t<meta name=\"twitter:data1\" content=\"2 500&nbsp;CFA\" \/>\n\t<meta name=\"twitter:label2\" content=\"Availability\" \/>\n\t<meta name=\"twitter:data2\" content=\"In stock\" \/>\n<script type=\"application\/ld+json\" class=\"yoast-schema-graph\">{\"@context\":\"https:\\\/\\\/schema.org\",\"@graph\":[{\"@type\":\"WebPage\",\"@id\":\"https:\\\/\\\/labemacosmetics.com\\\/en\\\/product\\\/max-and-more-lip-liner-rusty-rose\\\/\",\"url\":\"https:\\\/\\\/labemacosmetics.com\\\/en\\\/product\\\/max-and-more-lip-liner-rusty-rose\\\/\",\"name\":\"MAX AND MORE Crayon \u00e0 L\u00e8vres Rusty Rose - Lab&eacute;ma Cosmetics\",\"isPartOf\":{\"@id\":\"https:\\\/\\\/labemacosmetics.com\\\/#website\"},\"primaryImageOfPage\":{\"@id\":\"https:\\\/\\\/labemacosmetics.com\\\/en\\\/product\\\/max-and-more-lip-liner-rusty-rose\\\/#primaryimage\"},\"image\":{\"@id\":\"https:\\\/\\\/labemacosmetics.com\\\/en\\\/product\\\/max-and-more-lip-liner-rusty-rose\\\/#primaryimage\"},\"thumbnailUrl\":\"https:\\\/\\\/labemacosmetics.com\\\/wp-content\\\/uploads\\\/2023\\\/02\\\/MAX-AND-MORE-Lip-Liner-rusty.jpg\",\"datePublished\":\"2023-02-24T21:34:59+00:00\",\"dateModified\":\"2023-05-21T06:34:05+00:00\",\"breadcrumb\":{\"@id\":\"https:\\\/\\\/labemacosmetics.com\\\/en\\\/product\\\/max-and-more-lip-liner-rusty-rose\\\/#breadcrumb\"},\"inLanguage\":\"en-GB\",\"potentialAction\":[{\"@type\":\"ReadAction\",\"target\":[\"https:\\\/\\\/labemacosmetics.com\\\/en\\\/product\\\/max-and-more-lip-liner-rusty-rose\\\/\"]}]},{\"@type\":\"ImageObject\",\"inLanguage\":\"en-GB\",\"@id\":\"https:\\\/\\\/labemacosmetics.com\\\/en\\\/product\\\/max-and-more-lip-liner-rusty-rose\\\/#primaryimage\",\"url\":\"https:\\\/\\\/labemacosmetics.com\\\/wp-content\\\/uploads\\\/2023\\\/02\\\/MAX-AND-MORE-Lip-Liner-rusty.jpg\",\"contentUrl\":\"https:\\\/\\\/labemacosmetics.com\\\/wp-content\\\/uploads\\\/2023\\\/02\\\/MAX-AND-MORE-Lip-Liner-rusty.jpg\",\"width\":680,\"height\":680,\"caption\":\"l\u00e8vres\"},{\"@type\":\"BreadcrumbList\",\"@id\":\"https:\\\/\\\/labemacosmetics.com\\\/en\\\/product\\\/max-and-more-lip-liner-rusty-rose\\\/#breadcrumb\",\"itemListElement\":[{\"@type\":\"ListItem\",\"position\":1,\"name\":\"Accueil\",\"item\":\"https:\\\/\\\/labemacosmetics.com\\\/\"},{\"@type\":\"ListItem\",\"position\":2,\"name\":\"Produits\",\"item\":\"https:\\\/\\\/labemacosmetics.com\\\/shop\\\/\"},{\"@type\":\"ListItem\",\"position\":3,\"name\":\"MAX AND MORE Crayon \u00e0 L\u00e8vres Rusty Rose\"}]},{\"@type\":\"WebSite\",\"@id\":\"https:\\\/\\\/labemacosmetics.com\\\/#website\",\"url\":\"https:\\\/\\\/labemacosmetics.com\\\/\",\"name\":\"Lab&eacute;ma Cosmetics\",\"description\":\"\",\"potentialAction\":[{\"@type\":\"SearchAction\",\"target\":{\"@type\":\"EntryPoint\",\"urlTemplate\":\"https:\\\/\\\/labemacosmetics.com\\\/?s={search_term_string}\"},\"query-input\":{\"@type\":\"PropertyValueSpecification\",\"valueRequired\":true,\"valueName\":\"search_term_string\"}}],\"inLanguage\":\"en-GB\"}]}<\/script>\n<meta property=\"product:brand\" content=\"max&amp;more\" \/>\n<meta property=\"product:price:amount\" content=\"2500\" \/>\n<meta property=\"product:price:currency\" content=\"XOF\" \/>\n<meta property=\"og:availability\" content=\"instock\" \/>\n<meta property=\"product:availability\" content=\"instock\" \/>\n<meta property=\"product:condition\" content=\"new\" \/>\n<!-- \/ Yoast SEO Premium plugin. -->","yoast_head_json":{"title":"MAX AND MORE Crayon \u00e0 L\u00e8vres Rusty Rose - Lab&eacute;ma Cosmetics","robots":{"index":"index","follow":"follow","max-snippet":"max-snippet:-1","max-image-preview":"max-image-preview:large","max-video-preview":"max-video-preview:-1"},"canonical":"https:\/\/labemacosmetics.com\/en\/product\/max-and-more-lip-liner-rusty-rose\/","og_locale":"en_GB","og_type":"article","og_title":"MAX AND MORE Crayon \u00e0 L\u00e8vres Rusty Rose","og_description":"Description : Id\u00e9al comme base pour votre rouge \u00e0 l\u00e8vres Taille-crayon inclus dans le capuchon Accord parfait avec le rouge \u00e0 l\u00e8vres nude couleur muffin Appliquez parfaitement votre rouge \u00e0 l\u00e8vres avec l&rsquo;aide de ce crayon \u00e0 l\u00e8vres \u00e0 la texture cr\u00e9meuse et \u00e0 la formule vegan.","og_url":"https:\/\/labemacosmetics.com\/en\/product\/max-and-more-lip-liner-rusty-rose\/","og_site_name":"Lab&eacute;ma Cosmetics","article_publisher":"http:\/\/www.facebook.com\/labemacosmetics","article_modified_time":"2023-05-21T06:34:05+00:00","og_image":[{"width":680,"height":680,"url":"https:\/\/labemacosmetics.com\/wp-content\/uploads\/2023\/02\/MAX-AND-MORE-Lip-Liner-rusty.jpg","type":"image\/jpeg"}],"twitter_card":"summary_large_image","twitter_site":"@Labemasn","twitter_misc":{"Price":"2 500&nbsp;CFA","Availability":"In stock"},"schema":{"@context":"https:\/\/schema.org","@graph":[{"@type":"WebPage","@id":"https:\/\/labemacosmetics.com\/en\/product\/max-and-more-lip-liner-rusty-rose\/","url":"https:\/\/labemacosmetics.com\/en\/product\/max-and-more-lip-liner-rusty-rose\/","name":"MAX AND MORE Crayon \u00e0 L\u00e8vres Rusty Rose - Lab&eacute;ma Cosmetics","isPartOf":{"@id":"https:\/\/labemacosmetics.com\/#website"},"primaryImageOfPage":{"@id":"https:\/\/labemacosmetics.com\/en\/product\/max-and-more-lip-liner-rusty-rose\/#primaryimage"},"image":{"@id":"https:\/\/labemacosmetics.com\/en\/product\/max-and-more-lip-liner-rusty-rose\/#primaryimage"},"thumbnailUrl":"https:\/\/labemacosmetics.com\/wp-content\/uploads\/2023\/02\/MAX-AND-MORE-Lip-Liner-rusty.jpg","datePublished":"2023-02-24T21:34:59+00:00","dateModified":"2023-05-21T06:34:05+00:00","breadcrumb":{"@id":"https:\/\/labemacosmetics.com\/en\/product\/max-and-more-lip-liner-rusty-rose\/#breadcrumb"},"inLanguage":"en-GB","potentialAction":[{"@type":"ReadAction","target":["https:\/\/labemacosmetics.com\/en\/product\/max-and-more-lip-liner-rusty-rose\/"]}]},{"@type":"ImageObject","inLanguage":"en-GB","@id":"https:\/\/labemacosmetics.com\/en\/product\/max-and-more-lip-liner-rusty-rose\/#primaryimage","url":"https:\/\/labemacosmetics.com\/wp-content\/uploads\/2023\/02\/MAX-AND-MORE-Lip-Liner-rusty.jpg","contentUrl":"https:\/\/labemacosmetics.com\/wp-content\/uploads\/2023\/02\/MAX-AND-MORE-Lip-Liner-rusty.jpg","width":680,"height":680,"caption":"l\u00e8vres"},{"@type":"BreadcrumbList","@id":"https:\/\/labemacosmetics.com\/en\/product\/max-and-more-lip-liner-rusty-rose\/#breadcrumb","itemListElement":[{"@type":"ListItem","position":1,"name":"Accueil","item":"https:\/\/labemacosmetics.com\/"},{"@type":"ListItem","position":2,"name":"Produits","item":"https:\/\/labemacosmetics.com\/shop\/"},{"@type":"ListItem","position":3,"name":"MAX AND MORE Crayon \u00e0 L\u00e8vres Rusty Rose"}]},{"@type":"WebSite","@id":"https:\/\/labemacosmetics.com\/#website","url":"https:\/\/labemacosmetics.com\/","name":"Lab&eacute;ma Cosmetics","description":"","potentialAction":[{"@type":"SearchAction","target":{"@type":"EntryPoint","urlTemplate":"https:\/\/labemacosmetics.com\/?s={search_term_string}"},"query-input":{"@type":"PropertyValueSpecification","valueRequired":true,"valueName":"search_term_string"}}],"inLanguage":"en-GB"}]},"product_brand":"max&amp;more","product_price_amount":"2500","product_price_currency":"XOF","og_availability":"instock","product_availability":"instock","product_condition":"new"},"_links":{"self":[{"href":"https:\/\/labemacosmetics.com\/en\/wp-json\/wp\/v2\/product\/6999","targetHints":{"allow":["GET"]}}],"collection":[{"href":"https:\/\/labemacosmetics.com\/en\/wp-json\/wp\/v2\/product"}],"about":[{"href":"https:\/\/labemacosmetics.com\/en\/wp-json\/wp\/v2\/types\/product"}],"replies":[{"embeddable":true,"href":"https:\/\/labemacosmetics.com\/en\/wp-json\/wp\/v2\/comments?post=6999"}],"version-history":[{"count":0,"href":"https:\/\/labemacosmetics.com\/en\/wp-json\/wp\/v2\/product\/6999\/revisions"}],"wp:featuredmedia":[{"embeddable":true,"href":"https:\/\/labemacosmetics.com\/en\/wp-json\/wp\/v2\/media\/7002"}],"wp:attachment":[{"href":"https:\/\/labemacosmetics.com\/en\/wp-json\/wp\/v2\/media?parent=6999"}],"wp:term":[{"taxonomy":"product_brand","embeddable":true,"href":"https:\/\/labemacosmetics.com\/en\/wp-json\/wp\/v2\/product_brand?post=6999"},{"taxonomy":"product_cat","embeddable":true,"href":"https:\/\/labemacosmetics.com\/en\/wp-json\/wp\/v2\/product_cat?post=6999"},{"taxonomy":"product_tag","embeddable":true,"href":"https:\/\/labemacosmetics.com\/en\/wp-json\/wp\/v2\/product_tag?post=6999"}],"curies":[{"name":"wp","href":"https:\/\/api.w.org\/{rel}","templated":true}]}}