{"id":6989,"date":"2023-02-24T21:33:16","date_gmt":"2023-02-24T20:33:16","guid":{"rendered":"https:\/\/www.labemacosmetics.com\/?post_type=product&#038;p=6989"},"modified":"2024-07-30T20:50:01","modified_gmt":"2024-07-30T19:50:01","slug":"nyx-contour-love","status":"publish","type":"product","link":"https:\/\/labemacosmetics.com\/en\/product\/nyx-contour-love\/","title":{"rendered":"NYX Palette Contour Love"},"content":{"rendered":"<p>Soulignez vos traits comme une pro gr\u00e2ce \u00e0 notre palette Highlight &amp; Contour Pro ! Chaque palette contient 8 teintes sp\u00e9cial highlight et contouring (au choix) pour vous aider \u00e0 mettre en valeur les atouts de votre visage. Palette compos\u00e9e de poudres faciles \u00e0 estomper, id\u00e9ale pour sculpter et illuminer le visage et\/ou r\u00e9aliser un contouring. 8 nuances claires et fonc\u00e9es pour un look \u00e0 la fois structur\u00e9 et naturel. Chaque teinte est aussi personnalisable, en l&rsquo;associant \u00e0 d&rsquo;autres nuances de la palette. Poudres l\u00e9g\u00e8rement cr\u00e9meuses faciles \u00e0 estomper. Nuances qui s&rsquo;accordent \u00e0 la carnation naturelle. Format compact pratique \u00e0 emporter.<\/p>\n<h3>Utilisation :<\/h3>\n<ul>\n<li>Teintes \u00e0 appliquer seules \u00e0 l&rsquo;aide d&rsquo;un pinceau poudre sur les zones \u00e0 mettre en relief, ou en compl\u00e9ment du fond de teint pour une meilleure tenue.<\/li>\n<li>Apr\u00e8s avoir appliqu\u00e9 le fond de teint, applique les poudres contouring sur toutes les zones que tu souhaites colorer et d\u00e9finir.<\/li>\n<li>Puis, applique l\u2019une des teintes de highlighter claires sur les zones que tu souhaites souligner.<\/li>\n<\/ul>","protected":false},"excerpt":{"rendered":"<p>La palette compos\u00e9e de poudres faciles \u00e0 estomper, id\u00e9ale pour sculpter et illuminer le visage et\/ou r\u00e9aliser un contouring. 8 nuances claires et fonc\u00e9es pour un look \u00e0 la fois structur\u00e9 et naturel. Chaque teinte est aussi personnalisable, en l&rsquo;associant \u00e0 d&rsquo;autres nuances de la palette.<\/p>","protected":false},"featured_media":6991,"comment_status":"open","ping_status":"closed","template":"","meta":{"om_disable_all_campaigns":false,"_mi_skip_tracking":false,"_monsterinsights_sitenote_active":false,"_monsterinsights_sitenote_note":"","_monsterinsights_sitenote_category":0},"product_brand":[],"product_cat":[1749,103,108],"product_tag":[],"class_list":{"0":"post-6989","1":"product","2":"type-product","3":"status-publish","4":"has-post-thumbnail","6":"product_cat-contouring","7":"product_cat-maquillage","8":"product_cat-teint","9":"yith_product_brand-nyx","11":"first","12":"instock","13":"sale","14":"shipping-taxable","15":"purchasable","16":"product-type-simple"},"yoast_head":"<!-- This site is optimized with the Yoast SEO Premium plugin v20.8 (Yoast SEO v27.4) - https:\/\/yoast.com\/product\/yoast-seo-premium-wordpress\/ -->\n<title>NYX Palette Contour Love - Lab&eacute;ma Cosmetics<\/title>\n<meta name=\"description\" content=\"Soulignez vos traits comme une pro gr\u00e2ce \u00e0 notre palette Highlight &amp; Contour Pro ! Chaque palette contient 8 teintes sp\u00e9cial highlight et contouring\" \/>\n<meta name=\"robots\" content=\"index, follow, max-snippet:-1, max-image-preview:large, max-video-preview:-1\" \/>\n<link rel=\"canonical\" href=\"https:\/\/labemacosmetics.com\/en\/product\/nyx-contour-love\/\" \/>\n<meta property=\"og:locale\" content=\"en_GB\" \/>\n<meta property=\"og:type\" content=\"article\" \/>\n<meta property=\"og:title\" content=\"NYX Palette Contour Love\" \/>\n<meta property=\"og:description\" content=\"Soulignez vos traits comme une pro gr\u00e2ce \u00e0 notre palette Highlight &amp; Contour Pro ! Chaque palette contient 8 teintes sp\u00e9cial highlight et contouring\" \/>\n<meta property=\"og:url\" content=\"https:\/\/labemacosmetics.com\/en\/product\/nyx-contour-love\/\" \/>\n<meta property=\"og:site_name\" content=\"Lab&eacute;ma Cosmetics\" \/>\n<meta property=\"article:publisher\" content=\"http:\/\/www.facebook.com\/labemacosmetics\" \/>\n<meta property=\"article:modified_time\" content=\"2024-07-30T19:50:01+00:00\" \/>\n<meta property=\"og:image\" content=\"https:\/\/labemacosmetics.com\/wp-content\/uploads\/2023\/02\/NYX-Contour-Love.jpg\" \/>\n\t<meta property=\"og:image:width\" content=\"510\" \/>\n\t<meta property=\"og:image:height\" content=\"510\" \/>\n\t<meta property=\"og:image:type\" content=\"image\/jpeg\" \/>\n<meta name=\"twitter:card\" content=\"summary_large_image\" \/>\n<meta name=\"twitter:site\" content=\"@Labemasn\" \/>\n<meta name=\"twitter:label1\" content=\"Price\" \/>\n\t<meta name=\"twitter:data1\" content=\"15 000&nbsp;CFA\" \/>\n\t<meta name=\"twitter:label2\" content=\"Availability\" \/>\n\t<meta name=\"twitter:data2\" content=\"In stock\" \/>\n<script type=\"application\/ld+json\" class=\"yoast-schema-graph\">{\"@context\":\"https:\\\/\\\/schema.org\",\"@graph\":[{\"@type\":\"WebPage\",\"@id\":\"https:\\\/\\\/labemacosmetics.com\\\/en\\\/product\\\/nyx-contour-love\\\/\",\"url\":\"https:\\\/\\\/labemacosmetics.com\\\/en\\\/product\\\/nyx-contour-love\\\/\",\"name\":\"NYX Palette Contour Love - Lab&eacute;ma Cosmetics\",\"isPartOf\":{\"@id\":\"https:\\\/\\\/labemacosmetics.com\\\/#website\"},\"primaryImageOfPage\":{\"@id\":\"https:\\\/\\\/labemacosmetics.com\\\/en\\\/product\\\/nyx-contour-love\\\/#primaryimage\"},\"image\":{\"@id\":\"https:\\\/\\\/labemacosmetics.com\\\/en\\\/product\\\/nyx-contour-love\\\/#primaryimage\"},\"thumbnailUrl\":\"https:\\\/\\\/labemacosmetics.com\\\/wp-content\\\/uploads\\\/2023\\\/02\\\/NYX-Contour-Love.jpg\",\"datePublished\":\"2023-02-24T20:33:16+00:00\",\"dateModified\":\"2024-07-30T19:50:01+00:00\",\"description\":\"Soulignez vos traits comme une pro gr\u00e2ce \u00e0 notre palette Highlight & Contour Pro ! Chaque palette contient 8 teintes sp\u00e9cial highlight et contouring\",\"breadcrumb\":{\"@id\":\"https:\\\/\\\/labemacosmetics.com\\\/en\\\/product\\\/nyx-contour-love\\\/#breadcrumb\"},\"inLanguage\":\"en-GB\",\"potentialAction\":[{\"@type\":\"ReadAction\",\"target\":[\"https:\\\/\\\/labemacosmetics.com\\\/en\\\/product\\\/nyx-contour-love\\\/\"]}]},{\"@type\":\"ImageObject\",\"inLanguage\":\"en-GB\",\"@id\":\"https:\\\/\\\/labemacosmetics.com\\\/en\\\/product\\\/nyx-contour-love\\\/#primaryimage\",\"url\":\"https:\\\/\\\/labemacosmetics.com\\\/wp-content\\\/uploads\\\/2023\\\/02\\\/NYX-Contour-Love.jpg\",\"contentUrl\":\"https:\\\/\\\/labemacosmetics.com\\\/wp-content\\\/uploads\\\/2023\\\/02\\\/NYX-Contour-Love.jpg\",\"width\":510,\"height\":510,\"caption\":\"contouring\"},{\"@type\":\"BreadcrumbList\",\"@id\":\"https:\\\/\\\/labemacosmetics.com\\\/en\\\/product\\\/nyx-contour-love\\\/#breadcrumb\",\"itemListElement\":[{\"@type\":\"ListItem\",\"position\":1,\"name\":\"Accueil\",\"item\":\"https:\\\/\\\/labemacosmetics.com\\\/\"},{\"@type\":\"ListItem\",\"position\":2,\"name\":\"Produits\",\"item\":\"https:\\\/\\\/labemacosmetics.com\\\/shop\\\/\"},{\"@type\":\"ListItem\",\"position\":3,\"name\":\"NYX Palette Contour Love\"}]},{\"@type\":\"WebSite\",\"@id\":\"https:\\\/\\\/labemacosmetics.com\\\/#website\",\"url\":\"https:\\\/\\\/labemacosmetics.com\\\/\",\"name\":\"Lab&eacute;ma Cosmetics\",\"description\":\"\",\"potentialAction\":[{\"@type\":\"SearchAction\",\"target\":{\"@type\":\"EntryPoint\",\"urlTemplate\":\"https:\\\/\\\/labemacosmetics.com\\\/?s={search_term_string}\"},\"query-input\":{\"@type\":\"PropertyValueSpecification\",\"valueRequired\":true,\"valueName\":\"search_term_string\"}}],\"inLanguage\":\"en-GB\"}]}<\/script>\n<meta property=\"product:brand\" content=\"Nyx\" \/>\n<meta property=\"product:price:amount\" content=\"15000\" \/>\n<meta property=\"product:price:currency\" content=\"XOF\" \/>\n<meta property=\"og:availability\" content=\"instock\" \/>\n<meta property=\"product:availability\" content=\"instock\" \/>\n<meta property=\"product:condition\" content=\"new\" \/>\n<!-- \/ Yoast SEO Premium plugin. -->","yoast_head_json":{"title":"NYX Palette Contour Love - Lab&eacute;ma Cosmetics","description":"Soulignez vos traits comme une pro gr\u00e2ce \u00e0 notre palette Highlight & Contour Pro ! Chaque palette contient 8 teintes sp\u00e9cial highlight et contouring","robots":{"index":"index","follow":"follow","max-snippet":"max-snippet:-1","max-image-preview":"max-image-preview:large","max-video-preview":"max-video-preview:-1"},"canonical":"https:\/\/labemacosmetics.com\/en\/product\/nyx-contour-love\/","og_locale":"en_GB","og_type":"article","og_title":"NYX Palette Contour Love","og_description":"Soulignez vos traits comme une pro gr\u00e2ce \u00e0 notre palette Highlight & Contour Pro ! Chaque palette contient 8 teintes sp\u00e9cial highlight et contouring","og_url":"https:\/\/labemacosmetics.com\/en\/product\/nyx-contour-love\/","og_site_name":"Lab&eacute;ma Cosmetics","article_publisher":"http:\/\/www.facebook.com\/labemacosmetics","article_modified_time":"2024-07-30T19:50:01+00:00","og_image":[{"width":510,"height":510,"url":"https:\/\/labemacosmetics.com\/wp-content\/uploads\/2023\/02\/NYX-Contour-Love.jpg","type":"image\/jpeg"}],"twitter_card":"summary_large_image","twitter_site":"@Labemasn","twitter_misc":{"Price":"15 000&nbsp;CFA","Availability":"In stock"},"schema":{"@context":"https:\/\/schema.org","@graph":[{"@type":"WebPage","@id":"https:\/\/labemacosmetics.com\/en\/product\/nyx-contour-love\/","url":"https:\/\/labemacosmetics.com\/en\/product\/nyx-contour-love\/","name":"NYX Palette Contour Love - Lab&eacute;ma Cosmetics","isPartOf":{"@id":"https:\/\/labemacosmetics.com\/#website"},"primaryImageOfPage":{"@id":"https:\/\/labemacosmetics.com\/en\/product\/nyx-contour-love\/#primaryimage"},"image":{"@id":"https:\/\/labemacosmetics.com\/en\/product\/nyx-contour-love\/#primaryimage"},"thumbnailUrl":"https:\/\/labemacosmetics.com\/wp-content\/uploads\/2023\/02\/NYX-Contour-Love.jpg","datePublished":"2023-02-24T20:33:16+00:00","dateModified":"2024-07-30T19:50:01+00:00","description":"Soulignez vos traits comme une pro gr\u00e2ce \u00e0 notre palette Highlight & Contour Pro ! Chaque palette contient 8 teintes sp\u00e9cial highlight et contouring","breadcrumb":{"@id":"https:\/\/labemacosmetics.com\/en\/product\/nyx-contour-love\/#breadcrumb"},"inLanguage":"en-GB","potentialAction":[{"@type":"ReadAction","target":["https:\/\/labemacosmetics.com\/en\/product\/nyx-contour-love\/"]}]},{"@type":"ImageObject","inLanguage":"en-GB","@id":"https:\/\/labemacosmetics.com\/en\/product\/nyx-contour-love\/#primaryimage","url":"https:\/\/labemacosmetics.com\/wp-content\/uploads\/2023\/02\/NYX-Contour-Love.jpg","contentUrl":"https:\/\/labemacosmetics.com\/wp-content\/uploads\/2023\/02\/NYX-Contour-Love.jpg","width":510,"height":510,"caption":"contouring"},{"@type":"BreadcrumbList","@id":"https:\/\/labemacosmetics.com\/en\/product\/nyx-contour-love\/#breadcrumb","itemListElement":[{"@type":"ListItem","position":1,"name":"Accueil","item":"https:\/\/labemacosmetics.com\/"},{"@type":"ListItem","position":2,"name":"Produits","item":"https:\/\/labemacosmetics.com\/shop\/"},{"@type":"ListItem","position":3,"name":"NYX Palette Contour Love"}]},{"@type":"WebSite","@id":"https:\/\/labemacosmetics.com\/#website","url":"https:\/\/labemacosmetics.com\/","name":"Lab&eacute;ma Cosmetics","description":"","potentialAction":[{"@type":"SearchAction","target":{"@type":"EntryPoint","urlTemplate":"https:\/\/labemacosmetics.com\/?s={search_term_string}"},"query-input":{"@type":"PropertyValueSpecification","valueRequired":true,"valueName":"search_term_string"}}],"inLanguage":"en-GB"}]},"product_brand":"Nyx","product_price_amount":"15000","product_price_currency":"XOF","og_availability":"instock","product_availability":"instock","product_condition":"new"},"_links":{"self":[{"href":"https:\/\/labemacosmetics.com\/en\/wp-json\/wp\/v2\/product\/6989","targetHints":{"allow":["GET"]}}],"collection":[{"href":"https:\/\/labemacosmetics.com\/en\/wp-json\/wp\/v2\/product"}],"about":[{"href":"https:\/\/labemacosmetics.com\/en\/wp-json\/wp\/v2\/types\/product"}],"replies":[{"embeddable":true,"href":"https:\/\/labemacosmetics.com\/en\/wp-json\/wp\/v2\/comments?post=6989"}],"version-history":[{"count":2,"href":"https:\/\/labemacosmetics.com\/en\/wp-json\/wp\/v2\/product\/6989\/revisions"}],"predecessor-version":[{"id":9619,"href":"https:\/\/labemacosmetics.com\/en\/wp-json\/wp\/v2\/product\/6989\/revisions\/9619"}],"wp:featuredmedia":[{"embeddable":true,"href":"https:\/\/labemacosmetics.com\/en\/wp-json\/wp\/v2\/media\/6991"}],"wp:attachment":[{"href":"https:\/\/labemacosmetics.com\/en\/wp-json\/wp\/v2\/media?parent=6989"}],"wp:term":[{"taxonomy":"product_brand","embeddable":true,"href":"https:\/\/labemacosmetics.com\/en\/wp-json\/wp\/v2\/product_brand?post=6989"},{"taxonomy":"product_cat","embeddable":true,"href":"https:\/\/labemacosmetics.com\/en\/wp-json\/wp\/v2\/product_cat?post=6989"},{"taxonomy":"product_tag","embeddable":true,"href":"https:\/\/labemacosmetics.com\/en\/wp-json\/wp\/v2\/product_tag?post=6989"}],"curies":[{"name":"wp","href":"https:\/\/api.w.org\/{rel}","templated":true}]}}