{"id":6977,"date":"2023-02-23T18:26:27","date_gmt":"2023-02-23T17:26:27","guid":{"rendered":"https:\/\/www.labemacosmetics.com\/?post_type=product&#038;p=6977"},"modified":"2024-07-06T00:06:53","modified_gmt":"2024-07-05T23:06:53","slug":"beauty-brick-blush-collection-spice","status":"publish","type":"product","link":"https:\/\/labemacosmetics.com\/en\/product\/beauty-brick-blush-collection-spice\/","title":{"rendered":"LA GIRL Blush Beauty Brick Collection Spice"},"content":{"rendered":"<p>Sublimez votre teint avec la palette Beauty Brick Blush de L.A Girl qui contient quatre poudres pr\u00e9sent\u00e9es dans un \u00e9tui avec miroir compact. L\u2019ensemble comprend deux fards \u00e0 joues, 1 poudre bronzante et un enlumineur pour colorer, modeler et illuminer le teint.Laissez parler votre cr\u00e9ativit\u00e9 et cr\u00e9ez le look qui vous correspond ! Disponible en quatre variations.<\/p>\n<p>Dans un premier temps, d\u00e9posez le blush \u00e0 l\u2019aide d\u2019un pinceau blush ou kabuki sur la partie bomb\u00e9e des pomettes jusqu\u2019aux tempes.<\/p>\n<p>Appliquez ensuite le bronzer l\u00e0 o\u00f9 le soleil cr\u00e9e naturellement un bronzage plus prononc\u00e9 : bomb\u00e9 du front et du menton, ar\u00eate du nez, tempes, os des joues et de la m\u00e2choire.<\/p>\n<div id=\"featurebullets_feature_div\" class=\"celwidget\" data-feature-name=\"featurebullets\" data-csa-c-type=\"widget\" data-csa-c-content-id=\"featurebullets\" data-csa-c-slot-id=\"featurebullets_feature_div\" data-csa-c-asin=\"B00V78X2XQ\" data-csa-c-is-in-initial-active-row=\"false\" data-cel-widget=\"featurebullets_feature_div\" data-csa-c-id=\"wqfu9-t9ugzw-sx301n-utkun8\">\n<div id=\"feature-bullets\" class=\"a-section a-spacing-medium a-spacing-top-small\">\n<ul class=\"a-unordered-list a-vertical a-spacing-mini\">\n<li><span class=\"a-list-item\">Couleur pouvant \u00eatre m\u00e9lang\u00e9e avec des finitions mates et chatoyantes<\/span><\/li>\n<li><span class=\"a-list-item\">Comprend deux teintes de fard \u00e0 joues, une poudre bronzante et un surligneur<\/span><\/li>\n<li><span class=\"a-list-item\">Bo\u00eetier magn\u00e9tique avec miroir \u00e0 l&rsquo;int\u00e9rieur<\/span><\/li>\n<\/ul>\n<\/div>\n<\/div>\n<div id=\"provenanceCertifications_feature_div\" class=\"celwidget\" data-feature-name=\"provenanceCertifications\" data-csa-c-type=\"widget\" data-csa-c-content-id=\"provenanceCertifications\" data-csa-c-slot-id=\"provenanceCertifications_feature_div\" data-csa-c-asin=\"B00V78X2XQ\" data-csa-c-is-in-initial-active-row=\"false\" data-cel-widget=\"provenanceCertifications_feature_div\" data-csa-c-id=\"gt2bnd-pgn382-op1ksc-v3hhqz\"><\/div>\n<div id=\"serviceCapabilities_feature_div\" class=\"celwidget\" data-feature-name=\"serviceCapabilities\" data-csa-c-type=\"widget\" data-csa-c-content-id=\"serviceCapabilities\" data-csa-c-slot-id=\"serviceCapabilities_feature_div\" data-csa-c-asin=\"B00V78X2XQ\" data-csa-c-is-in-initial-active-row=\"false\" data-cel-widget=\"serviceCapabilities_feature_div\" data-csa-c-id=\"knyzi0-wew12c-4j2hsx-kywald\"><\/div>","protected":false},"excerpt":{"rendered":"<p>L\u2019ensemble comprend deux fards \u00e0 joues, 1 poudre bronzante et un enlumineur pour colorer, modeler et illuminer le teint.Laissez parler votre cr\u00e9ativit\u00e9 et cr\u00e9ez le look qui vous correspond ! Disponible en quatre variations.<\/p>","protected":false},"featured_media":6980,"comment_status":"open","ping_status":"closed","template":"","meta":{"om_disable_all_campaigns":false,"_mi_skip_tracking":false,"_monsterinsights_sitenote_active":false,"_monsterinsights_sitenote_note":"","_monsterinsights_sitenote_category":0},"product_brand":[],"product_cat":[1750,127,1749,108],"product_tag":[],"class_list":{"0":"post-6977","1":"product","2":"type-product","3":"status-publish","4":"has-post-thumbnail","6":"product_cat-blush","7":"product_cat-boutique","8":"product_cat-contouring","9":"product_cat-teint","10":"yith_product_brand-la-girl","12":"first","13":"outofstock","14":"sale","15":"shipping-taxable","16":"purchasable","17":"product-type-simple"},"yoast_head":"<!-- This site is optimized with the Yoast SEO Premium plugin v20.8 (Yoast SEO v27.4) - https:\/\/yoast.com\/product\/yoast-seo-premium-wordpress\/ -->\n<title>LA GIRL Blush Beauty Brick Collection Spice - Lab&eacute;ma Cosmetics<\/title>\n<meta name=\"description\" content=\"Sublimez votre teint avec la palette Beauty Brick Blush de L.A Girl qui contient quatre poudres pr\u00e9sent\u00e9es dans un \u00e9tui avec miroir compact.\" \/>\n<meta name=\"robots\" content=\"index, follow, max-snippet:-1, max-image-preview:large, max-video-preview:-1\" \/>\n<link rel=\"canonical\" href=\"https:\/\/labemacosmetics.com\/en\/product\/beauty-brick-blush-collection-spice\/\" \/>\n<meta property=\"og:locale\" content=\"en_GB\" \/>\n<meta property=\"og:type\" content=\"article\" \/>\n<meta property=\"og:title\" content=\"LA GIRL Blush Beauty Brick Collection Spice\" \/>\n<meta property=\"og:description\" content=\"Sublimez votre teint avec la palette Beauty Brick Blush de L.A Girl qui contient quatre poudres pr\u00e9sent\u00e9es dans un \u00e9tui avec miroir compact.\" \/>\n<meta property=\"og:url\" content=\"https:\/\/labemacosmetics.com\/en\/product\/beauty-brick-blush-collection-spice\/\" \/>\n<meta property=\"og:site_name\" content=\"Lab&eacute;ma Cosmetics\" \/>\n<meta property=\"article:publisher\" content=\"http:\/\/www.facebook.com\/labemacosmetics\" \/>\n<meta property=\"article:modified_time\" content=\"2024-07-05T23:06:53+00:00\" \/>\n<meta property=\"og:image\" content=\"https:\/\/labemacosmetics.com\/wp-content\/uploads\/2023\/02\/blush-la-girl-spice.jpg\" \/>\n\t<meta property=\"og:image:width\" content=\"256\" \/>\n\t<meta property=\"og:image:height\" content=\"197\" \/>\n\t<meta property=\"og:image:type\" content=\"image\/jpeg\" \/>\n<meta name=\"twitter:card\" content=\"summary_large_image\" \/>\n<meta name=\"twitter:site\" content=\"@Labemasn\" \/>\n<meta name=\"twitter:label1\" content=\"Price\" \/>\n\t<meta name=\"twitter:data1\" content=\"5 000&nbsp;CFA\" \/>\n\t<meta name=\"twitter:label2\" content=\"Availability\" \/>\n\t<meta name=\"twitter:data2\" content=\"Out of stock\" \/>\n<script type=\"application\/ld+json\" class=\"yoast-schema-graph\">{\"@context\":\"https:\\\/\\\/schema.org\",\"@graph\":[{\"@type\":\"WebPage\",\"@id\":\"https:\\\/\\\/labemacosmetics.com\\\/produit\\\/beauty-brick-blush-collection-spice\\\/\",\"url\":\"https:\\\/\\\/labemacosmetics.com\\\/produit\\\/beauty-brick-blush-collection-spice\\\/\",\"name\":\"LA GIRL Blush Beauty Brick Collection Spice - Lab&eacute;ma Cosmetics\",\"isPartOf\":{\"@id\":\"https:\\\/\\\/labemacosmetics.com\\\/#website\"},\"primaryImageOfPage\":{\"@id\":\"https:\\\/\\\/labemacosmetics.com\\\/produit\\\/beauty-brick-blush-collection-spice\\\/#primaryimage\"},\"image\":{\"@id\":\"https:\\\/\\\/labemacosmetics.com\\\/produit\\\/beauty-brick-blush-collection-spice\\\/#primaryimage\"},\"thumbnailUrl\":\"https:\\\/\\\/labemacosmetics.com\\\/wp-content\\\/uploads\\\/2023\\\/02\\\/blush-la-girl-spice.jpg\",\"datePublished\":\"2023-02-23T17:26:27+00:00\",\"dateModified\":\"2024-07-05T23:06:53+00:00\",\"description\":\"Sublimez votre teint avec la palette Beauty Brick Blush de L.A Girl qui contient quatre poudres pr\u00e9sent\u00e9es dans un \u00e9tui avec miroir compact.\",\"breadcrumb\":{\"@id\":\"https:\\\/\\\/labemacosmetics.com\\\/produit\\\/beauty-brick-blush-collection-spice\\\/#breadcrumb\"},\"inLanguage\":\"en-GB\",\"potentialAction\":[{\"@type\":\"ReadAction\",\"target\":[\"https:\\\/\\\/labemacosmetics.com\\\/produit\\\/beauty-brick-blush-collection-spice\\\/\"]}]},{\"@type\":\"ImageObject\",\"inLanguage\":\"en-GB\",\"@id\":\"https:\\\/\\\/labemacosmetics.com\\\/produit\\\/beauty-brick-blush-collection-spice\\\/#primaryimage\",\"url\":\"https:\\\/\\\/labemacosmetics.com\\\/wp-content\\\/uploads\\\/2023\\\/02\\\/blush-la-girl-spice.jpg\",\"contentUrl\":\"https:\\\/\\\/labemacosmetics.com\\\/wp-content\\\/uploads\\\/2023\\\/02\\\/blush-la-girl-spice.jpg\",\"width\":256,\"height\":197,\"caption\":\"blush\"},{\"@type\":\"BreadcrumbList\",\"@id\":\"https:\\\/\\\/labemacosmetics.com\\\/produit\\\/beauty-brick-blush-collection-spice\\\/#breadcrumb\",\"itemListElement\":[{\"@type\":\"ListItem\",\"position\":1,\"name\":\"Accueil\",\"item\":\"https:\\\/\\\/labemacosmetics.com\\\/\"},{\"@type\":\"ListItem\",\"position\":2,\"name\":\"Produits\",\"item\":\"https:\\\/\\\/labemacosmetics.com\\\/shop\\\/\"},{\"@type\":\"ListItem\",\"position\":3,\"name\":\"LA GIRL Blush Beauty Brick Collection Spice\"}]},{\"@type\":\"WebSite\",\"@id\":\"https:\\\/\\\/labemacosmetics.com\\\/#website\",\"url\":\"https:\\\/\\\/labemacosmetics.com\\\/\",\"name\":\"Lab&eacute;ma Cosmetics\",\"description\":\"\",\"potentialAction\":[{\"@type\":\"SearchAction\",\"target\":{\"@type\":\"EntryPoint\",\"urlTemplate\":\"https:\\\/\\\/labemacosmetics.com\\\/?s={search_term_string}\"},\"query-input\":{\"@type\":\"PropertyValueSpecification\",\"valueRequired\":true,\"valueName\":\"search_term_string\"}}],\"inLanguage\":\"en-GB\"}]}<\/script>\n<meta property=\"product:brand\" content=\"LA Girl\" \/>\n<meta property=\"product:price:amount\" content=\"5000\" \/>\n<meta property=\"product:price:currency\" content=\"XOF\" \/>\n<meta property=\"og:availability\" content=\"out of stock\" \/>\n<meta property=\"product:availability\" content=\"out of stock\" \/>\n<meta property=\"product:condition\" content=\"new\" \/>\n<!-- \/ Yoast SEO Premium plugin. -->","yoast_head_json":{"title":"LA GIRL Blush Beauty Brick Collection Spice - Lab&eacute;ma Cosmetics","description":"Sublimez votre teint avec la palette Beauty Brick Blush de L.A Girl qui contient quatre poudres pr\u00e9sent\u00e9es dans un \u00e9tui avec miroir compact.","robots":{"index":"index","follow":"follow","max-snippet":"max-snippet:-1","max-image-preview":"max-image-preview:large","max-video-preview":"max-video-preview:-1"},"canonical":"https:\/\/labemacosmetics.com\/en\/product\/beauty-brick-blush-collection-spice\/","og_locale":"en_GB","og_type":"article","og_title":"LA GIRL Blush Beauty Brick Collection Spice","og_description":"Sublimez votre teint avec la palette Beauty Brick Blush de L.A Girl qui contient quatre poudres pr\u00e9sent\u00e9es dans un \u00e9tui avec miroir compact.","og_url":"https:\/\/labemacosmetics.com\/en\/product\/beauty-brick-blush-collection-spice\/","og_site_name":"Lab&eacute;ma Cosmetics","article_publisher":"http:\/\/www.facebook.com\/labemacosmetics","article_modified_time":"2024-07-05T23:06:53+00:00","og_image":[{"width":256,"height":197,"url":"https:\/\/labemacosmetics.com\/wp-content\/uploads\/2023\/02\/blush-la-girl-spice.jpg","type":"image\/jpeg"}],"twitter_card":"summary_large_image","twitter_site":"@Labemasn","twitter_misc":{"Price":"5 000&nbsp;CFA","Availability":"Out of stock"},"schema":{"@context":"https:\/\/schema.org","@graph":[{"@type":"WebPage","@id":"https:\/\/labemacosmetics.com\/produit\/beauty-brick-blush-collection-spice\/","url":"https:\/\/labemacosmetics.com\/produit\/beauty-brick-blush-collection-spice\/","name":"LA GIRL Blush Beauty Brick Collection Spice - Lab&eacute;ma Cosmetics","isPartOf":{"@id":"https:\/\/labemacosmetics.com\/#website"},"primaryImageOfPage":{"@id":"https:\/\/labemacosmetics.com\/produit\/beauty-brick-blush-collection-spice\/#primaryimage"},"image":{"@id":"https:\/\/labemacosmetics.com\/produit\/beauty-brick-blush-collection-spice\/#primaryimage"},"thumbnailUrl":"https:\/\/labemacosmetics.com\/wp-content\/uploads\/2023\/02\/blush-la-girl-spice.jpg","datePublished":"2023-02-23T17:26:27+00:00","dateModified":"2024-07-05T23:06:53+00:00","description":"Sublimez votre teint avec la palette Beauty Brick Blush de L.A Girl qui contient quatre poudres pr\u00e9sent\u00e9es dans un \u00e9tui avec miroir compact.","breadcrumb":{"@id":"https:\/\/labemacosmetics.com\/produit\/beauty-brick-blush-collection-spice\/#breadcrumb"},"inLanguage":"en-GB","potentialAction":[{"@type":"ReadAction","target":["https:\/\/labemacosmetics.com\/produit\/beauty-brick-blush-collection-spice\/"]}]},{"@type":"ImageObject","inLanguage":"en-GB","@id":"https:\/\/labemacosmetics.com\/produit\/beauty-brick-blush-collection-spice\/#primaryimage","url":"https:\/\/labemacosmetics.com\/wp-content\/uploads\/2023\/02\/blush-la-girl-spice.jpg","contentUrl":"https:\/\/labemacosmetics.com\/wp-content\/uploads\/2023\/02\/blush-la-girl-spice.jpg","width":256,"height":197,"caption":"blush"},{"@type":"BreadcrumbList","@id":"https:\/\/labemacosmetics.com\/produit\/beauty-brick-blush-collection-spice\/#breadcrumb","itemListElement":[{"@type":"ListItem","position":1,"name":"Accueil","item":"https:\/\/labemacosmetics.com\/"},{"@type":"ListItem","position":2,"name":"Produits","item":"https:\/\/labemacosmetics.com\/shop\/"},{"@type":"ListItem","position":3,"name":"LA GIRL Blush Beauty Brick Collection Spice"}]},{"@type":"WebSite","@id":"https:\/\/labemacosmetics.com\/#website","url":"https:\/\/labemacosmetics.com\/","name":"Lab&eacute;ma Cosmetics","description":"","potentialAction":[{"@type":"SearchAction","target":{"@type":"EntryPoint","urlTemplate":"https:\/\/labemacosmetics.com\/?s={search_term_string}"},"query-input":{"@type":"PropertyValueSpecification","valueRequired":true,"valueName":"search_term_string"}}],"inLanguage":"en-GB"}]},"product_brand":"LA Girl","product_price_amount":"5000","product_price_currency":"XOF","og_availability":"out of stock","product_availability":"out of stock","product_condition":"new"},"_links":{"self":[{"href":"https:\/\/labemacosmetics.com\/en\/wp-json\/wp\/v2\/product\/6977","targetHints":{"allow":["GET"]}}],"collection":[{"href":"https:\/\/labemacosmetics.com\/en\/wp-json\/wp\/v2\/product"}],"about":[{"href":"https:\/\/labemacosmetics.com\/en\/wp-json\/wp\/v2\/types\/product"}],"replies":[{"embeddable":true,"href":"https:\/\/labemacosmetics.com\/en\/wp-json\/wp\/v2\/comments?post=6977"}],"version-history":[{"count":0,"href":"https:\/\/labemacosmetics.com\/en\/wp-json\/wp\/v2\/product\/6977\/revisions"}],"wp:featuredmedia":[{"embeddable":true,"href":"https:\/\/labemacosmetics.com\/en\/wp-json\/wp\/v2\/media\/6980"}],"wp:attachment":[{"href":"https:\/\/labemacosmetics.com\/en\/wp-json\/wp\/v2\/media?parent=6977"}],"wp:term":[{"taxonomy":"product_brand","embeddable":true,"href":"https:\/\/labemacosmetics.com\/en\/wp-json\/wp\/v2\/product_brand?post=6977"},{"taxonomy":"product_cat","embeddable":true,"href":"https:\/\/labemacosmetics.com\/en\/wp-json\/wp\/v2\/product_cat?post=6977"},{"taxonomy":"product_tag","embeddable":true,"href":"https:\/\/labemacosmetics.com\/en\/wp-json\/wp\/v2\/product_tag?post=6977"}],"curies":[{"name":"wp","href":"https:\/\/api.w.org\/{rel}","templated":true}]}}