{"id":6969,"date":"2023-02-23T17:21:20","date_gmt":"2023-02-23T16:21:20","guid":{"rendered":"https:\/\/www.labemacosmetics.com\/?post_type=product&#038;p=6969"},"modified":"2023-05-21T07:41:56","modified_gmt":"2023-05-21T06:41:56","slug":"gel-purifiant-argile-pure","status":"publish","type":"product","link":"https:\/\/labemacosmetics.com\/en\/product\/gel-purifiant-argile-pure\/","title":{"rendered":"L&rsquo;OREAL Gel Purifiant argile pure"},"content":{"rendered":"<p>L&rsquo;Oreal Gel purifiant Argile pure exfoliant a une texture gel non dess\u00e9chante qui se transforme en fine mousse et lib\u00e8re des micro-grains pour \u00e9liminer les impuret\u00e9s et les cellules mortes, d\u00e9sincruster les pores et lisser le grain de peau. Ainsi, les Laboratoires L\u2019Or\u00e9al Paris ont s\u00e9lectionn\u00e9 3 Argiles Pures et les ont associ\u00e9es dans un gel exfoliant pour une peau plus nette, fra\u00eeche et lisse. Avec son action anti-r\u00e9cidive, la peau est donc transform\u00e9e : elle est plus lisse, plus uniforme et plus belle. Grace \u00e0 l&rsquo;Oreal gel purifiant Argile pure, la peau est intens\u00e9ment nettoy\u00e9e purifi\u00e9e et nette et le teint lumineux.<br \/>\nAction anti-r\u00e9cidive. Jour apr\u00e8s jour, la peau respire : elle est plus fra\u00eeche, pure et \u00e9clatante de beaut\u00e9.<\/p>\n<ul>\n<li>\u00a0LE KAOLIN reconnu pour absorber les impuret\u00e9s et l\u2019exc\u00e8s de s\u00e9bum.<\/li>\n<li>LA MONTMORILLONITE reconnue pour son action sur les imperfections.<\/li>\n<li>LE GHASSOUL reconnu pour aider \u00e0 clarifier le teint.<\/li>\n<li>L\u2019ALGUE ROUGE reconnue pour ses vertus unifiantes.<\/li>\n<\/ul>\n<h2>Utilisation l&rsquo;oreal gel purifiant argile exfoliant pure<\/h2>\n<p>Matin ou soir, appliquez le gel sur un visage humide et massez d\u00e9licatement par petits mouvements circulaires en insistant sur le front, le nez et le menton.<br \/>\nPour usage externe uniquement. Convient aux types de peaux mixtes \u00e0 grasses. Evitez le contour des yeux. En cas de contact avec les yeux, rincez imm\u00e9diatement et abondamment.<\/p>","protected":false},"excerpt":{"rendered":"<p>Les Laboratoires <a href=\"https:\/\/www.loreal-paris.fr\/soin-de-la-peau\/soin-du-visage\/nettoyant-visage\/argile-pure-gel-nettoyant-purifiant\">L\u2019Or\u00e9al Paris<\/a> ont s\u00e9lectionn\u00e9 3 Argiles Pures et les ont associ\u00e9es dans un gel exfoliant pour une peau plus nette, fra\u00eeche et lisse. Avec son action anti-r\u00e9cidive, la peau est transform\u00e9e : elle est plus lisse, plus uniforme et plus belle. Grace \u00e0 l&rsquo;Oreal gel purifiant Argile pure, la peau est intens\u00e9ment nettoy\u00e9e purifi\u00e9e et nette et le teint lumineux.<\/p>","protected":false},"featured_media":6973,"comment_status":"open","ping_status":"closed","template":"","meta":{"om_disable_all_campaigns":false,"_mi_skip_tracking":false,"_monsterinsights_sitenote_active":false,"_monsterinsights_sitenote_note":"","_monsterinsights_sitenote_category":0},"product_brand":[],"product_cat":[127,520,519,515,514,512,128,513],"product_tag":[],"class_list":{"0":"post-6969","1":"product","2":"type-product","3":"status-publish","4":"has-post-thumbnail","6":"product_cat-boutique","7":"product_cat-gommage-peeling","8":"product_cat-nettoyants","9":"product_cat-peaux-mixtes-a-grasses","10":"product_cat-peaux-normales","11":"product_cat-produits-par-besoin","12":"product_cat-soin-de-visage","13":"product_cat-type-de-peau","14":"yith_product_brand-loreal","16":"first","17":"instock","18":"shipping-taxable","19":"purchasable","20":"product-type-simple"},"yoast_head":"<!-- This site is optimized with the Yoast SEO Premium plugin v20.8 (Yoast SEO v27.4) - https:\/\/yoast.com\/product\/yoast-seo-premium-wordpress\/ -->\n<title>L&#039;OREAL Gel Purifiant argile pure - Lab&eacute;ma Cosmetics<\/title>\n<meta name=\"description\" content=\"Avec son action anti-r\u00e9cidive, la peau est transform\u00e9e : elle est plus lisse, plus uniforme et plus belle. Grace \u00e0 l&#039;Oreal gel purifiant Argile pure, la peau est nettoy\u00e9e.\" \/>\n<meta name=\"robots\" content=\"index, follow, max-snippet:-1, max-image-preview:large, max-video-preview:-1\" \/>\n<link rel=\"canonical\" href=\"https:\/\/labemacosmetics.com\/en\/product\/gel-purifiant-argile-pure\/\" \/>\n<meta property=\"og:locale\" content=\"en_GB\" \/>\n<meta property=\"og:type\" content=\"article\" \/>\n<meta property=\"og:title\" content=\"L&#039;OREAL Gel Purifiant argile pure\" \/>\n<meta property=\"og:description\" content=\"Avec son action anti-r\u00e9cidive, la peau est transform\u00e9e : elle est plus lisse, plus uniforme et plus belle. Grace \u00e0 l&#039;Oreal gel purifiant Argile pure, la peau est nettoy\u00e9e.\" \/>\n<meta property=\"og:url\" content=\"https:\/\/labemacosmetics.com\/en\/product\/gel-purifiant-argile-pure\/\" \/>\n<meta property=\"og:site_name\" content=\"Lab&eacute;ma Cosmetics\" \/>\n<meta property=\"article:publisher\" content=\"http:\/\/www.facebook.com\/labemacosmetics\" \/>\n<meta property=\"article:modified_time\" content=\"2023-05-21T06:41:56+00:00\" \/>\n<meta property=\"og:image\" content=\"https:\/\/labemacosmetics.com\/wp-content\/uploads\/2023\/02\/LOREAL-Gel-Purifiant-argile-pure-1.jpg\" \/>\n\t<meta property=\"og:image:width\" content=\"960\" \/>\n\t<meta property=\"og:image:height\" content=\"960\" \/>\n\t<meta property=\"og:image:type\" content=\"image\/jpeg\" \/>\n<meta name=\"twitter:card\" content=\"summary_large_image\" \/>\n<meta name=\"twitter:site\" content=\"@Labemasn\" \/>\n<meta name=\"twitter:label1\" content=\"Price\" \/>\n\t<meta name=\"twitter:data1\" content=\"5 000&nbsp;CFA\" \/>\n\t<meta name=\"twitter:label2\" content=\"Availability\" \/>\n\t<meta name=\"twitter:data2\" content=\"In stock\" \/>\n<script type=\"application\/ld+json\" class=\"yoast-schema-graph\">{\"@context\":\"https:\\\/\\\/schema.org\",\"@graph\":[{\"@type\":\"WebPage\",\"@id\":\"https:\\\/\\\/labemacosmetics.com\\\/en\\\/product\\\/gel-purifiant-argile-pure\\\/\",\"url\":\"https:\\\/\\\/labemacosmetics.com\\\/en\\\/product\\\/gel-purifiant-argile-pure\\\/\",\"name\":\"L'OREAL Gel Purifiant argile pure - Lab&eacute;ma Cosmetics\",\"isPartOf\":{\"@id\":\"https:\\\/\\\/labemacosmetics.com\\\/#website\"},\"primaryImageOfPage\":{\"@id\":\"https:\\\/\\\/labemacosmetics.com\\\/en\\\/product\\\/gel-purifiant-argile-pure\\\/#primaryimage\"},\"image\":{\"@id\":\"https:\\\/\\\/labemacosmetics.com\\\/en\\\/product\\\/gel-purifiant-argile-pure\\\/#primaryimage\"},\"thumbnailUrl\":\"https:\\\/\\\/labemacosmetics.com\\\/wp-content\\\/uploads\\\/2023\\\/02\\\/LOREAL-Gel-Purifiant-argile-pure-1.jpg\",\"datePublished\":\"2023-02-23T16:21:20+00:00\",\"dateModified\":\"2023-05-21T06:41:56+00:00\",\"description\":\"Avec son action anti-r\u00e9cidive, la peau est transform\u00e9e : elle est plus lisse, plus uniforme et plus belle. Grace \u00e0 l'Oreal gel purifiant Argile pure, la peau est nettoy\u00e9e.\",\"breadcrumb\":{\"@id\":\"https:\\\/\\\/labemacosmetics.com\\\/en\\\/product\\\/gel-purifiant-argile-pure\\\/#breadcrumb\"},\"inLanguage\":\"en-GB\",\"potentialAction\":[{\"@type\":\"ReadAction\",\"target\":[\"https:\\\/\\\/labemacosmetics.com\\\/en\\\/product\\\/gel-purifiant-argile-pure\\\/\"]}]},{\"@type\":\"ImageObject\",\"inLanguage\":\"en-GB\",\"@id\":\"https:\\\/\\\/labemacosmetics.com\\\/en\\\/product\\\/gel-purifiant-argile-pure\\\/#primaryimage\",\"url\":\"https:\\\/\\\/labemacosmetics.com\\\/wp-content\\\/uploads\\\/2023\\\/02\\\/LOREAL-Gel-Purifiant-argile-pure-1.jpg\",\"contentUrl\":\"https:\\\/\\\/labemacosmetics.com\\\/wp-content\\\/uploads\\\/2023\\\/02\\\/LOREAL-Gel-Purifiant-argile-pure-1.jpg\",\"width\":960,\"height\":960,\"caption\":\"gel purifiant\"},{\"@type\":\"BreadcrumbList\",\"@id\":\"https:\\\/\\\/labemacosmetics.com\\\/en\\\/product\\\/gel-purifiant-argile-pure\\\/#breadcrumb\",\"itemListElement\":[{\"@type\":\"ListItem\",\"position\":1,\"name\":\"Accueil\",\"item\":\"https:\\\/\\\/labemacosmetics.com\\\/\"},{\"@type\":\"ListItem\",\"position\":2,\"name\":\"Produits\",\"item\":\"https:\\\/\\\/labemacosmetics.com\\\/shop\\\/\"},{\"@type\":\"ListItem\",\"position\":3,\"name\":\"L&rsquo;OREAL Gel Purifiant argile pure\"}]},{\"@type\":\"WebSite\",\"@id\":\"https:\\\/\\\/labemacosmetics.com\\\/#website\",\"url\":\"https:\\\/\\\/labemacosmetics.com\\\/\",\"name\":\"Lab&eacute;ma Cosmetics\",\"description\":\"\",\"potentialAction\":[{\"@type\":\"SearchAction\",\"target\":{\"@type\":\"EntryPoint\",\"urlTemplate\":\"https:\\\/\\\/labemacosmetics.com\\\/?s={search_term_string}\"},\"query-input\":{\"@type\":\"PropertyValueSpecification\",\"valueRequired\":true,\"valueName\":\"search_term_string\"}}],\"inLanguage\":\"en-GB\"}]}<\/script>\n<meta property=\"product:brand\" content=\"L&#039;Or\u00e9al\" \/>\n<meta property=\"product:price:amount\" content=\"5000\" \/>\n<meta property=\"product:price:currency\" content=\"XOF\" \/>\n<meta property=\"og:availability\" content=\"instock\" \/>\n<meta property=\"product:availability\" content=\"instock\" \/>\n<meta property=\"product:condition\" content=\"new\" \/>\n<!-- \/ Yoast SEO Premium plugin. -->","yoast_head_json":{"title":"L'OREAL Gel Purifiant argile pure - Lab&eacute;ma Cosmetics","description":"Avec son action anti-r\u00e9cidive, la peau est transform\u00e9e : elle est plus lisse, plus uniforme et plus belle. Grace \u00e0 l'Oreal gel purifiant Argile pure, la peau est nettoy\u00e9e.","robots":{"index":"index","follow":"follow","max-snippet":"max-snippet:-1","max-image-preview":"max-image-preview:large","max-video-preview":"max-video-preview:-1"},"canonical":"https:\/\/labemacosmetics.com\/en\/product\/gel-purifiant-argile-pure\/","og_locale":"en_GB","og_type":"article","og_title":"L'OREAL Gel Purifiant argile pure","og_description":"Avec son action anti-r\u00e9cidive, la peau est transform\u00e9e : elle est plus lisse, plus uniforme et plus belle. Grace \u00e0 l'Oreal gel purifiant Argile pure, la peau est nettoy\u00e9e.","og_url":"https:\/\/labemacosmetics.com\/en\/product\/gel-purifiant-argile-pure\/","og_site_name":"Lab&eacute;ma Cosmetics","article_publisher":"http:\/\/www.facebook.com\/labemacosmetics","article_modified_time":"2023-05-21T06:41:56+00:00","og_image":[{"width":960,"height":960,"url":"https:\/\/labemacosmetics.com\/wp-content\/uploads\/2023\/02\/LOREAL-Gel-Purifiant-argile-pure-1.jpg","type":"image\/jpeg"}],"twitter_card":"summary_large_image","twitter_site":"@Labemasn","twitter_misc":{"Price":"5 000&nbsp;CFA","Availability":"In stock"},"schema":{"@context":"https:\/\/schema.org","@graph":[{"@type":"WebPage","@id":"https:\/\/labemacosmetics.com\/en\/product\/gel-purifiant-argile-pure\/","url":"https:\/\/labemacosmetics.com\/en\/product\/gel-purifiant-argile-pure\/","name":"L'OREAL Gel Purifiant argile pure - Lab&eacute;ma Cosmetics","isPartOf":{"@id":"https:\/\/labemacosmetics.com\/#website"},"primaryImageOfPage":{"@id":"https:\/\/labemacosmetics.com\/en\/product\/gel-purifiant-argile-pure\/#primaryimage"},"image":{"@id":"https:\/\/labemacosmetics.com\/en\/product\/gel-purifiant-argile-pure\/#primaryimage"},"thumbnailUrl":"https:\/\/labemacosmetics.com\/wp-content\/uploads\/2023\/02\/LOREAL-Gel-Purifiant-argile-pure-1.jpg","datePublished":"2023-02-23T16:21:20+00:00","dateModified":"2023-05-21T06:41:56+00:00","description":"Avec son action anti-r\u00e9cidive, la peau est transform\u00e9e : elle est plus lisse, plus uniforme et plus belle. Grace \u00e0 l'Oreal gel purifiant Argile pure, la peau est nettoy\u00e9e.","breadcrumb":{"@id":"https:\/\/labemacosmetics.com\/en\/product\/gel-purifiant-argile-pure\/#breadcrumb"},"inLanguage":"en-GB","potentialAction":[{"@type":"ReadAction","target":["https:\/\/labemacosmetics.com\/en\/product\/gel-purifiant-argile-pure\/"]}]},{"@type":"ImageObject","inLanguage":"en-GB","@id":"https:\/\/labemacosmetics.com\/en\/product\/gel-purifiant-argile-pure\/#primaryimage","url":"https:\/\/labemacosmetics.com\/wp-content\/uploads\/2023\/02\/LOREAL-Gel-Purifiant-argile-pure-1.jpg","contentUrl":"https:\/\/labemacosmetics.com\/wp-content\/uploads\/2023\/02\/LOREAL-Gel-Purifiant-argile-pure-1.jpg","width":960,"height":960,"caption":"gel purifiant"},{"@type":"BreadcrumbList","@id":"https:\/\/labemacosmetics.com\/en\/product\/gel-purifiant-argile-pure\/#breadcrumb","itemListElement":[{"@type":"ListItem","position":1,"name":"Accueil","item":"https:\/\/labemacosmetics.com\/"},{"@type":"ListItem","position":2,"name":"Produits","item":"https:\/\/labemacosmetics.com\/shop\/"},{"@type":"ListItem","position":3,"name":"L&rsquo;OREAL Gel Purifiant argile pure"}]},{"@type":"WebSite","@id":"https:\/\/labemacosmetics.com\/#website","url":"https:\/\/labemacosmetics.com\/","name":"Lab&eacute;ma Cosmetics","description":"","potentialAction":[{"@type":"SearchAction","target":{"@type":"EntryPoint","urlTemplate":"https:\/\/labemacosmetics.com\/?s={search_term_string}"},"query-input":{"@type":"PropertyValueSpecification","valueRequired":true,"valueName":"search_term_string"}}],"inLanguage":"en-GB"}]},"product_brand":"L'Or\u00e9al","product_price_amount":"5000","product_price_currency":"XOF","og_availability":"instock","product_availability":"instock","product_condition":"new"},"_links":{"self":[{"href":"https:\/\/labemacosmetics.com\/en\/wp-json\/wp\/v2\/product\/6969","targetHints":{"allow":["GET"]}}],"collection":[{"href":"https:\/\/labemacosmetics.com\/en\/wp-json\/wp\/v2\/product"}],"about":[{"href":"https:\/\/labemacosmetics.com\/en\/wp-json\/wp\/v2\/types\/product"}],"replies":[{"embeddable":true,"href":"https:\/\/labemacosmetics.com\/en\/wp-json\/wp\/v2\/comments?post=6969"}],"version-history":[{"count":0,"href":"https:\/\/labemacosmetics.com\/en\/wp-json\/wp\/v2\/product\/6969\/revisions"}],"wp:featuredmedia":[{"embeddable":true,"href":"https:\/\/labemacosmetics.com\/en\/wp-json\/wp\/v2\/media\/6973"}],"wp:attachment":[{"href":"https:\/\/labemacosmetics.com\/en\/wp-json\/wp\/v2\/media?parent=6969"}],"wp:term":[{"taxonomy":"product_brand","embeddable":true,"href":"https:\/\/labemacosmetics.com\/en\/wp-json\/wp\/v2\/product_brand?post=6969"},{"taxonomy":"product_cat","embeddable":true,"href":"https:\/\/labemacosmetics.com\/en\/wp-json\/wp\/v2\/product_cat?post=6969"},{"taxonomy":"product_tag","embeddable":true,"href":"https:\/\/labemacosmetics.com\/en\/wp-json\/wp\/v2\/product_tag?post=6969"}],"curies":[{"name":"wp","href":"https:\/\/api.w.org\/{rel}","templated":true}]}}