{"id":6957,"date":"2023-02-22T11:22:07","date_gmt":"2023-02-22T10:22:07","guid":{"rendered":"https:\/\/www.labemacosmetics.com\/?post_type=product&#038;p=6957"},"modified":"2023-05-21T07:46:15","modified_gmt":"2023-05-21T06:46:15","slug":"eyebrow-fibers-color-mascara-04","status":"publish","type":"product","link":"https:\/\/labemacosmetics.com\/en\/product\/eyebrow-fibers-color-mascara-04\/","title":{"rendered":"KIKO Mascara \u00e0 Sourcils 04"},"content":{"rendered":"<p>EYEBROW FIBERS COLOURED MASCARA\u00a0 gel transparent fixant pour les sourcils. Mascara gel transparent fixant pour les sourcils .Sa formule est con\u00e7ue pour garantir une fixation l\u00e9g\u00e8re, non collante et sans traces. Ainsi\u00a0 il ne s\u00e8che pas et ne devient pas collant. Il est ce qu&rsquo;il est &#8211; un front tr\u00e8s agr\u00e9able, clair mascara, qui se pr\u00e9sente dans un emballage tr\u00e8s belle. Des sourcils naturellement disciplin\u00e9s et d\u00e9licatement fix\u00e9s pour toute la journ\u00e9e, sans r\u00e9sidus. Son applicateur sp\u00e9cial avec des poils de diff\u00e9rentes longueurs permet de brosser les sourcils, de les fixer et de les d\u00e9finir. fini les sourcils en bataille ! le mascara gel pour cils et sourcils peut \u00eatre appliqu\u00e9 sur l\u2019un comme sur l\u2019autre pour des poils \u00e0 la courbure parfaite ! test\u00e9 sous contr\u00f4le ophtalmologique.<\/p>\n<ul>\n<li><span class=\"text\"><a href=\"https:\/\/labemacosmetics.com\/en\/product-brands\/all-brands\/kiko\/?v=92666505ce75\">KIKO MILANO<\/a> s&rsquo;engage constamment \u00e0 mettre \u00e0 jour les listes des ingr\u00e9dients publi\u00e9es sur son site en ligne. Donc il convient cependant de prendre en compte le fait que les ingr\u00e9dients peuvent faire l&rsquo;objet de variations. Et que KIKO ne peut garantir l&rsquo;exhaustivit\u00e9 ou la mise \u00e0 jour de la liste dans toutes ses parties. KIKO invite donc tous ses Clients \u00e0 consulter les emballages des produits afin de conna\u00eetre la liste pr\u00e9cise des ingr\u00e9dients. <\/span><\/li>\n<\/ul>","protected":false},"excerpt":{"rendered":"<p>EYEBROW FIBERS COLOURED MASCARA\u00a0 gel transparent fixant pour les sourcils. Mascara gel transparent fixant pour les sourcils .Sa formule est con\u00e7ue pour garantir une fixation l\u00e9g\u00e8re, non collante et sans traces.<\/p>","protected":false},"featured_media":6956,"comment_status":"open","ping_status":"closed","template":"","meta":{"om_disable_all_campaigns":false,"_mi_skip_tracking":false,"_monsterinsights_sitenote_active":false,"_monsterinsights_sitenote_note":"","_monsterinsights_sitenote_category":0},"product_brand":[],"product_cat":[127,103,115,109],"product_tag":[],"class_list":{"0":"post-6957","1":"product","2":"type-product","3":"status-publish","4":"has-post-thumbnail","6":"product_cat-boutique","7":"product_cat-maquillage","8":"product_cat-sourcils","9":"product_cat-yeux","10":"yith_product_brand-kiko","12":"first","13":"instock","14":"sale","15":"shipping-taxable","16":"purchasable","17":"product-type-simple"},"yoast_head":"<!-- This site is optimized with the Yoast SEO Premium plugin v20.8 (Yoast SEO v27.4) - https:\/\/yoast.com\/product\/yoast-seo-premium-wordpress\/ -->\n<title>EYEBROW FIBERS COLOURED MASCARA sourcils - LABEMA<\/title>\n<meta name=\"description\" content=\"Achetez EYEBROW FIBERS COLOURED MASCARA pour sourcils KIKO : la texture en gel enrichie de fibres est id\u00e9ale pour d\u00e9finir les sourcils.\" \/>\n<meta name=\"robots\" content=\"index, follow, max-snippet:-1, max-image-preview:large, max-video-preview:-1\" \/>\n<link rel=\"canonical\" href=\"https:\/\/labemacosmetics.com\/en\/product\/eyebrow-fibers-color-mascara-04\/\" \/>\n<meta property=\"og:locale\" content=\"en_GB\" \/>\n<meta property=\"og:type\" content=\"article\" \/>\n<meta property=\"og:title\" content=\"KIKO Mascara \u00e0 Sourcils 04\" \/>\n<meta property=\"og:description\" content=\"Achetez EYEBROW FIBERS COLOURED MASCARA pour sourcils KIKO : la texture en gel enrichie de fibres est id\u00e9ale pour d\u00e9finir les sourcils.\" \/>\n<meta property=\"og:url\" content=\"https:\/\/labemacosmetics.com\/en\/product\/eyebrow-fibers-color-mascara-04\/\" \/>\n<meta property=\"og:site_name\" content=\"Lab&eacute;ma Cosmetics\" \/>\n<meta property=\"article:publisher\" content=\"http:\/\/www.facebook.com\/labemacosmetics\" \/>\n<meta property=\"article:modified_time\" content=\"2023-05-21T06:46:15+00:00\" \/>\n<meta property=\"og:image\" content=\"https:\/\/labemacosmetics.com\/wp-content\/uploads\/2023\/02\/Eyebrow-Fibers-COLORED-MASCARA-03.jpg\" \/>\n\t<meta property=\"og:image:width\" content=\"311\" \/>\n\t<meta property=\"og:image:height\" content=\"311\" \/>\n\t<meta property=\"og:image:type\" content=\"image\/jpeg\" \/>\n<meta name=\"twitter:card\" content=\"summary_large_image\" \/>\n<meta name=\"twitter:site\" content=\"@Labemasn\" \/>\n<meta name=\"twitter:label1\" content=\"Price\" \/>\n\t<meta name=\"twitter:data1\" content=\"5 000&nbsp;CFA\" \/>\n\t<meta name=\"twitter:label2\" content=\"Availability\" \/>\n\t<meta name=\"twitter:data2\" content=\"In stock\" \/>\n<script type=\"application\/ld+json\" class=\"yoast-schema-graph\">{\"@context\":\"https:\\\/\\\/schema.org\",\"@graph\":[{\"@type\":\"WebPage\",\"@id\":\"https:\\\/\\\/labemacosmetics.com\\\/produit\\\/eyebrow-fibers-color-mascara-04\\\/\",\"url\":\"https:\\\/\\\/labemacosmetics.com\\\/produit\\\/eyebrow-fibers-color-mascara-04\\\/\",\"name\":\"EYEBROW FIBERS COLOURED MASCARA sourcils - LABEMA\",\"isPartOf\":{\"@id\":\"https:\\\/\\\/labemacosmetics.com\\\/#website\"},\"primaryImageOfPage\":{\"@id\":\"https:\\\/\\\/labemacosmetics.com\\\/produit\\\/eyebrow-fibers-color-mascara-04\\\/#primaryimage\"},\"image\":{\"@id\":\"https:\\\/\\\/labemacosmetics.com\\\/produit\\\/eyebrow-fibers-color-mascara-04\\\/#primaryimage\"},\"thumbnailUrl\":\"https:\\\/\\\/labemacosmetics.com\\\/wp-content\\\/uploads\\\/2023\\\/02\\\/Eyebrow-Fibers-COLORED-MASCARA-03.jpg\",\"datePublished\":\"2023-02-22T10:22:07+00:00\",\"dateModified\":\"2023-05-21T06:46:15+00:00\",\"description\":\"Achetez EYEBROW FIBERS COLOURED MASCARA pour sourcils KIKO : la texture en gel enrichie de fibres est id\u00e9ale pour d\u00e9finir les sourcils.\",\"breadcrumb\":{\"@id\":\"https:\\\/\\\/labemacosmetics.com\\\/produit\\\/eyebrow-fibers-color-mascara-04\\\/#breadcrumb\"},\"inLanguage\":\"en-GB\",\"potentialAction\":[{\"@type\":\"ReadAction\",\"target\":[\"https:\\\/\\\/labemacosmetics.com\\\/produit\\\/eyebrow-fibers-color-mascara-04\\\/\"]}]},{\"@type\":\"ImageObject\",\"inLanguage\":\"en-GB\",\"@id\":\"https:\\\/\\\/labemacosmetics.com\\\/produit\\\/eyebrow-fibers-color-mascara-04\\\/#primaryimage\",\"url\":\"https:\\\/\\\/labemacosmetics.com\\\/wp-content\\\/uploads\\\/2023\\\/02\\\/Eyebrow-Fibers-COLORED-MASCARA-03.jpg\",\"contentUrl\":\"https:\\\/\\\/labemacosmetics.com\\\/wp-content\\\/uploads\\\/2023\\\/02\\\/Eyebrow-Fibers-COLORED-MASCARA-03.jpg\",\"width\":311,\"height\":311,\"caption\":\"EYEBROW FIBERS COLOURED MASCARA\"},{\"@type\":\"BreadcrumbList\",\"@id\":\"https:\\\/\\\/labemacosmetics.com\\\/produit\\\/eyebrow-fibers-color-mascara-04\\\/#breadcrumb\",\"itemListElement\":[{\"@type\":\"ListItem\",\"position\":1,\"name\":\"Accueil\",\"item\":\"https:\\\/\\\/labemacosmetics.com\\\/\"},{\"@type\":\"ListItem\",\"position\":2,\"name\":\"Produits\",\"item\":\"https:\\\/\\\/labemacosmetics.com\\\/shop\\\/\"},{\"@type\":\"ListItem\",\"position\":3,\"name\":\"KIKO Mascara \u00e0 Sourcils 04\"}]},{\"@type\":\"WebSite\",\"@id\":\"https:\\\/\\\/labemacosmetics.com\\\/#website\",\"url\":\"https:\\\/\\\/labemacosmetics.com\\\/\",\"name\":\"Lab&eacute;ma Cosmetics\",\"description\":\"\",\"potentialAction\":[{\"@type\":\"SearchAction\",\"target\":{\"@type\":\"EntryPoint\",\"urlTemplate\":\"https:\\\/\\\/labemacosmetics.com\\\/?s={search_term_string}\"},\"query-input\":{\"@type\":\"PropertyValueSpecification\",\"valueRequired\":true,\"valueName\":\"search_term_string\"}}],\"inLanguage\":\"en-GB\"}]}<\/script>\n<meta property=\"product:brand\" content=\"Kiko\" \/>\n<meta property=\"product:price:amount\" content=\"5000\" \/>\n<meta property=\"product:price:currency\" content=\"XOF\" \/>\n<meta property=\"og:availability\" content=\"instock\" \/>\n<meta property=\"product:availability\" content=\"instock\" \/>\n<meta property=\"product:condition\" content=\"new\" \/>\n<!-- \/ Yoast SEO Premium plugin. -->","yoast_head_json":{"title":"EYEBROW FIBERS COLOURED MASCARA sourcils - LABEMA","description":"Achetez EYEBROW FIBERS COLOURED MASCARA pour sourcils KIKO : la texture en gel enrichie de fibres est id\u00e9ale pour d\u00e9finir les sourcils.","robots":{"index":"index","follow":"follow","max-snippet":"max-snippet:-1","max-image-preview":"max-image-preview:large","max-video-preview":"max-video-preview:-1"},"canonical":"https:\/\/labemacosmetics.com\/en\/product\/eyebrow-fibers-color-mascara-04\/","og_locale":"en_GB","og_type":"article","og_title":"KIKO Mascara \u00e0 Sourcils 04","og_description":"Achetez EYEBROW FIBERS COLOURED MASCARA pour sourcils KIKO : la texture en gel enrichie de fibres est id\u00e9ale pour d\u00e9finir les sourcils.","og_url":"https:\/\/labemacosmetics.com\/en\/product\/eyebrow-fibers-color-mascara-04\/","og_site_name":"Lab&eacute;ma Cosmetics","article_publisher":"http:\/\/www.facebook.com\/labemacosmetics","article_modified_time":"2023-05-21T06:46:15+00:00","og_image":[{"width":311,"height":311,"url":"https:\/\/labemacosmetics.com\/wp-content\/uploads\/2023\/02\/Eyebrow-Fibers-COLORED-MASCARA-03.jpg","type":"image\/jpeg"}],"twitter_card":"summary_large_image","twitter_site":"@Labemasn","twitter_misc":{"Price":"5 000&nbsp;CFA","Availability":"In stock"},"schema":{"@context":"https:\/\/schema.org","@graph":[{"@type":"WebPage","@id":"https:\/\/labemacosmetics.com\/produit\/eyebrow-fibers-color-mascara-04\/","url":"https:\/\/labemacosmetics.com\/produit\/eyebrow-fibers-color-mascara-04\/","name":"EYEBROW FIBERS COLOURED MASCARA sourcils - LABEMA","isPartOf":{"@id":"https:\/\/labemacosmetics.com\/#website"},"primaryImageOfPage":{"@id":"https:\/\/labemacosmetics.com\/produit\/eyebrow-fibers-color-mascara-04\/#primaryimage"},"image":{"@id":"https:\/\/labemacosmetics.com\/produit\/eyebrow-fibers-color-mascara-04\/#primaryimage"},"thumbnailUrl":"https:\/\/labemacosmetics.com\/wp-content\/uploads\/2023\/02\/Eyebrow-Fibers-COLORED-MASCARA-03.jpg","datePublished":"2023-02-22T10:22:07+00:00","dateModified":"2023-05-21T06:46:15+00:00","description":"Achetez EYEBROW FIBERS COLOURED MASCARA pour sourcils KIKO : la texture en gel enrichie de fibres est id\u00e9ale pour d\u00e9finir les sourcils.","breadcrumb":{"@id":"https:\/\/labemacosmetics.com\/produit\/eyebrow-fibers-color-mascara-04\/#breadcrumb"},"inLanguage":"en-GB","potentialAction":[{"@type":"ReadAction","target":["https:\/\/labemacosmetics.com\/produit\/eyebrow-fibers-color-mascara-04\/"]}]},{"@type":"ImageObject","inLanguage":"en-GB","@id":"https:\/\/labemacosmetics.com\/produit\/eyebrow-fibers-color-mascara-04\/#primaryimage","url":"https:\/\/labemacosmetics.com\/wp-content\/uploads\/2023\/02\/Eyebrow-Fibers-COLORED-MASCARA-03.jpg","contentUrl":"https:\/\/labemacosmetics.com\/wp-content\/uploads\/2023\/02\/Eyebrow-Fibers-COLORED-MASCARA-03.jpg","width":311,"height":311,"caption":"EYEBROW FIBERS COLOURED MASCARA"},{"@type":"BreadcrumbList","@id":"https:\/\/labemacosmetics.com\/produit\/eyebrow-fibers-color-mascara-04\/#breadcrumb","itemListElement":[{"@type":"ListItem","position":1,"name":"Accueil","item":"https:\/\/labemacosmetics.com\/"},{"@type":"ListItem","position":2,"name":"Produits","item":"https:\/\/labemacosmetics.com\/shop\/"},{"@type":"ListItem","position":3,"name":"KIKO Mascara \u00e0 Sourcils 04"}]},{"@type":"WebSite","@id":"https:\/\/labemacosmetics.com\/#website","url":"https:\/\/labemacosmetics.com\/","name":"Lab&eacute;ma Cosmetics","description":"","potentialAction":[{"@type":"SearchAction","target":{"@type":"EntryPoint","urlTemplate":"https:\/\/labemacosmetics.com\/?s={search_term_string}"},"query-input":{"@type":"PropertyValueSpecification","valueRequired":true,"valueName":"search_term_string"}}],"inLanguage":"en-GB"}]},"product_brand":"Kiko","product_price_amount":"5000","product_price_currency":"XOF","og_availability":"instock","product_availability":"instock","product_condition":"new"},"_links":{"self":[{"href":"https:\/\/labemacosmetics.com\/en\/wp-json\/wp\/v2\/product\/6957","targetHints":{"allow":["GET"]}}],"collection":[{"href":"https:\/\/labemacosmetics.com\/en\/wp-json\/wp\/v2\/product"}],"about":[{"href":"https:\/\/labemacosmetics.com\/en\/wp-json\/wp\/v2\/types\/product"}],"replies":[{"embeddable":true,"href":"https:\/\/labemacosmetics.com\/en\/wp-json\/wp\/v2\/comments?post=6957"}],"version-history":[{"count":0,"href":"https:\/\/labemacosmetics.com\/en\/wp-json\/wp\/v2\/product\/6957\/revisions"}],"wp:featuredmedia":[{"embeddable":true,"href":"https:\/\/labemacosmetics.com\/en\/wp-json\/wp\/v2\/media\/6956"}],"wp:attachment":[{"href":"https:\/\/labemacosmetics.com\/en\/wp-json\/wp\/v2\/media?parent=6957"}],"wp:term":[{"taxonomy":"product_brand","embeddable":true,"href":"https:\/\/labemacosmetics.com\/en\/wp-json\/wp\/v2\/product_brand?post=6957"},{"taxonomy":"product_cat","embeddable":true,"href":"https:\/\/labemacosmetics.com\/en\/wp-json\/wp\/v2\/product_cat?post=6957"},{"taxonomy":"product_tag","embeddable":true,"href":"https:\/\/labemacosmetics.com\/en\/wp-json\/wp\/v2\/product_tag?post=6957"}],"curies":[{"name":"wp","href":"https:\/\/api.w.org\/{rel}","templated":true}]}}