{"id":6945,"date":"2023-02-22T10:08:32","date_gmt":"2023-02-22T09:08:32","guid":{"rendered":"https:\/\/www.labemacosmetics.com\/?post_type=product&#038;p=6945"},"modified":"2024-12-19T18:24:57","modified_gmt":"2024-12-19T17:24:57","slug":"poudre-randian-fusion-03","status":"publish","type":"product","link":"https:\/\/labemacosmetics.com\/en\/product\/poudre-randian-fusion-03\/","title":{"rendered":"KIKO Poudre Randiant Fusion 03"},"content":{"rendered":"<p>Poudre cuite min\u00e9rale au fini lumineux avec pigments micronis\u00e9s et extraits min\u00e9raux pr\u00e9cieux, pour une peau lisse et radieuse. Sa formule est enrichie en vitamine E et huile d&rsquo;argan aux propri\u00e9t\u00e9s nourrissantes et protectrices. Lors de l&rsquo;application, la couleur glisse avec l\u00e9g\u00e8ret\u00e9 et s&rsquo;estompe tr\u00e8s facilement. La texture est soyeuse et a\u00e9rienne. La formule cuite rehausse la puret\u00e9 des teintes, garantissant un rendu des couleurs homog\u00e8ne. La poudre se pr\u00e9sente dans un \u00e9crin moderne gris acier, portant le logo KK grav\u00e9 sur le couvercle. Le bo\u00eetier \u00e0 fermeture magn\u00e9tique est \u00e9quip\u00e9 d&rsquo;un miroir int\u00e9rieur.<\/p>\n<p>&nbsp;<\/p>\n<ul>\n<li>Test\u00e9 sous contr\u00f4le dermatologique.<\/li>\n<li>Non com\u00e9dog\u00e8ne.<\/li>\n<\/ul>","protected":false},"excerpt":{"rendered":"<p>La formule cuite rehausse la puret\u00e9 des teintes, laissant un rendu des couleurs homog\u00e8ne. La poudre se pr\u00e9sente dans un \u00e9crin moderne gris acier, portant le logo KK grav\u00e9 sur le couvercle. Le bo\u00eetier \u00e0 fermeture magn\u00e9tique est \u00e9quip\u00e9 d&rsquo;un miroir int\u00e9rieur. Teste sous contr\u00f4le dermatologique. Non com\u00e9dog\u00e8ne.<\/p>","protected":false},"featured_media":6950,"comment_status":"open","ping_status":"closed","template":"","meta":{"om_disable_all_campaigns":false,"_mi_skip_tracking":false,"_monsterinsights_sitenote_active":false,"_monsterinsights_sitenote_note":"","_monsterinsights_sitenote_category":0},"product_brand":[],"product_cat":[127,103,118,108],"product_tag":[],"class_list":{"0":"post-6945","1":"product","2":"type-product","3":"status-publish","4":"has-post-thumbnail","6":"product_cat-boutique","7":"product_cat-maquillage","8":"product_cat-poudre","9":"product_cat-teint","10":"yith_product_brand-kiko","12":"first","13":"outofstock","14":"sale","15":"shipping-taxable","16":"purchasable","17":"product-type-simple"},"yoast_head":"<!-- This site is optimized with the Yoast SEO Premium plugin v20.8 (Yoast SEO v27.4) - https:\/\/yoast.com\/product\/yoast-seo-premium-wordpress\/ -->\n<title>KIKO Poudre Randiant Fusion 03 - Lab&eacute;ma Cosmetics<\/title>\n<meta name=\"robots\" content=\"index, follow, max-snippet:-1, max-image-preview:large, max-video-preview:-1\" \/>\n<link rel=\"canonical\" href=\"https:\/\/labemacosmetics.com\/en\/product\/poudre-randian-fusion-03\/\" \/>\n<meta property=\"og:locale\" content=\"en_GB\" \/>\n<meta property=\"og:type\" content=\"article\" \/>\n<meta property=\"og:title\" content=\"KIKO Poudre Randiant Fusion 03\" \/>\n<meta property=\"og:description\" content=\"La formule cuite rehausse la puret\u00e9 des teintes, laissant un rendu des couleurs homog\u00e8ne. La poudre se pr\u00e9sente dans un \u00e9crin moderne gris acier, portant le logo KK grav\u00e9 sur le couvercle. Le bo\u00eetier \u00e0 fermeture magn\u00e9tique est \u00e9quip\u00e9 d&#039;un miroir int\u00e9rieur. Teste sous contr\u00f4le dermatologique. Non com\u00e9dog\u00e8ne.\" \/>\n<meta property=\"og:url\" content=\"https:\/\/labemacosmetics.com\/en\/product\/poudre-randian-fusion-03\/\" \/>\n<meta property=\"og:site_name\" content=\"Lab&eacute;ma Cosmetics\" \/>\n<meta property=\"article:publisher\" content=\"http:\/\/www.facebook.com\/labemacosmetics\" \/>\n<meta property=\"article:modified_time\" content=\"2024-12-19T17:24:57+00:00\" \/>\n<meta property=\"og:image\" content=\"https:\/\/labemacosmetics.com\/wp-content\/uploads\/2023\/02\/Poudre-Randian-Fusion-03.jpg\" \/>\n\t<meta property=\"og:image:width\" content=\"900\" \/>\n\t<meta property=\"og:image:height\" content=\"900\" \/>\n\t<meta property=\"og:image:type\" content=\"image\/jpeg\" \/>\n<meta name=\"twitter:card\" content=\"summary_large_image\" \/>\n<meta name=\"twitter:site\" content=\"@Labemasn\" \/>\n<meta name=\"twitter:label1\" content=\"Price\" \/>\n\t<meta name=\"twitter:data1\" content=\"10 000&nbsp;CFA\" \/>\n\t<meta name=\"twitter:label2\" content=\"Availability\" \/>\n\t<meta name=\"twitter:data2\" content=\"Out of stock\" \/>\n<script type=\"application\/ld+json\" class=\"yoast-schema-graph\">{\"@context\":\"https:\\\/\\\/schema.org\",\"@graph\":[{\"@type\":\"WebPage\",\"@id\":\"https:\\\/\\\/labemacosmetics.com\\\/en\\\/product\\\/poudre-randian-fusion-03\\\/\",\"url\":\"https:\\\/\\\/labemacosmetics.com\\\/en\\\/product\\\/poudre-randian-fusion-03\\\/\",\"name\":\"KIKO Poudre Randiant Fusion 03 - Lab&eacute;ma Cosmetics\",\"isPartOf\":{\"@id\":\"https:\\\/\\\/labemacosmetics.com\\\/#website\"},\"primaryImageOfPage\":{\"@id\":\"https:\\\/\\\/labemacosmetics.com\\\/en\\\/product\\\/poudre-randian-fusion-03\\\/#primaryimage\"},\"image\":{\"@id\":\"https:\\\/\\\/labemacosmetics.com\\\/en\\\/product\\\/poudre-randian-fusion-03\\\/#primaryimage\"},\"thumbnailUrl\":\"https:\\\/\\\/labemacosmetics.com\\\/wp-content\\\/uploads\\\/2023\\\/02\\\/Poudre-Randian-Fusion-03.jpg\",\"datePublished\":\"2023-02-22T09:08:32+00:00\",\"dateModified\":\"2024-12-19T17:24:57+00:00\",\"breadcrumb\":{\"@id\":\"https:\\\/\\\/labemacosmetics.com\\\/en\\\/product\\\/poudre-randian-fusion-03\\\/#breadcrumb\"},\"inLanguage\":\"en-GB\",\"potentialAction\":[{\"@type\":\"ReadAction\",\"target\":[\"https:\\\/\\\/labemacosmetics.com\\\/en\\\/product\\\/poudre-randian-fusion-03\\\/\"]}]},{\"@type\":\"ImageObject\",\"inLanguage\":\"en-GB\",\"@id\":\"https:\\\/\\\/labemacosmetics.com\\\/en\\\/product\\\/poudre-randian-fusion-03\\\/#primaryimage\",\"url\":\"https:\\\/\\\/labemacosmetics.com\\\/wp-content\\\/uploads\\\/2023\\\/02\\\/Poudre-Randian-Fusion-03.jpg\",\"contentUrl\":\"https:\\\/\\\/labemacosmetics.com\\\/wp-content\\\/uploads\\\/2023\\\/02\\\/Poudre-Randian-Fusion-03.jpg\",\"width\":900,\"height\":900,\"caption\":\"RADIANT FUSION Baked powder 01\"},{\"@type\":\"BreadcrumbList\",\"@id\":\"https:\\\/\\\/labemacosmetics.com\\\/en\\\/product\\\/poudre-randian-fusion-03\\\/#breadcrumb\",\"itemListElement\":[{\"@type\":\"ListItem\",\"position\":1,\"name\":\"Accueil\",\"item\":\"https:\\\/\\\/labemacosmetics.com\\\/\"},{\"@type\":\"ListItem\",\"position\":2,\"name\":\"Produits\",\"item\":\"https:\\\/\\\/labemacosmetics.com\\\/shop\\\/\"},{\"@type\":\"ListItem\",\"position\":3,\"name\":\"KIKO Poudre Randiant Fusion 03\"}]},{\"@type\":\"WebSite\",\"@id\":\"https:\\\/\\\/labemacosmetics.com\\\/#website\",\"url\":\"https:\\\/\\\/labemacosmetics.com\\\/\",\"name\":\"Lab&eacute;ma Cosmetics\",\"description\":\"\",\"potentialAction\":[{\"@type\":\"SearchAction\",\"target\":{\"@type\":\"EntryPoint\",\"urlTemplate\":\"https:\\\/\\\/labemacosmetics.com\\\/?s={search_term_string}\"},\"query-input\":{\"@type\":\"PropertyValueSpecification\",\"valueRequired\":true,\"valueName\":\"search_term_string\"}}],\"inLanguage\":\"en-GB\"}]}<\/script>\n<meta property=\"product:brand\" content=\"Kiko\" \/>\n<meta property=\"product:price:amount\" content=\"10000\" \/>\n<meta property=\"product:price:currency\" content=\"XOF\" \/>\n<meta property=\"og:availability\" content=\"out of stock\" \/>\n<meta property=\"product:availability\" content=\"out of stock\" \/>\n<meta property=\"product:condition\" content=\"new\" \/>\n<!-- \/ Yoast SEO Premium plugin. -->","yoast_head_json":{"title":"KIKO Poudre Randiant Fusion 03 - Lab&eacute;ma Cosmetics","robots":{"index":"index","follow":"follow","max-snippet":"max-snippet:-1","max-image-preview":"max-image-preview:large","max-video-preview":"max-video-preview:-1"},"canonical":"https:\/\/labemacosmetics.com\/en\/product\/poudre-randian-fusion-03\/","og_locale":"en_GB","og_type":"article","og_title":"KIKO Poudre Randiant Fusion 03","og_description":"La formule cuite rehausse la puret\u00e9 des teintes, laissant un rendu des couleurs homog\u00e8ne. La poudre se pr\u00e9sente dans un \u00e9crin moderne gris acier, portant le logo KK grav\u00e9 sur le couvercle. Le bo\u00eetier \u00e0 fermeture magn\u00e9tique est \u00e9quip\u00e9 d'un miroir int\u00e9rieur. Teste sous contr\u00f4le dermatologique. Non com\u00e9dog\u00e8ne.","og_url":"https:\/\/labemacosmetics.com\/en\/product\/poudre-randian-fusion-03\/","og_site_name":"Lab&eacute;ma Cosmetics","article_publisher":"http:\/\/www.facebook.com\/labemacosmetics","article_modified_time":"2024-12-19T17:24:57+00:00","og_image":[{"width":900,"height":900,"url":"https:\/\/labemacosmetics.com\/wp-content\/uploads\/2023\/02\/Poudre-Randian-Fusion-03.jpg","type":"image\/jpeg"}],"twitter_card":"summary_large_image","twitter_site":"@Labemasn","twitter_misc":{"Price":"10 000&nbsp;CFA","Availability":"Out of stock"},"schema":{"@context":"https:\/\/schema.org","@graph":[{"@type":"WebPage","@id":"https:\/\/labemacosmetics.com\/en\/product\/poudre-randian-fusion-03\/","url":"https:\/\/labemacosmetics.com\/en\/product\/poudre-randian-fusion-03\/","name":"KIKO Poudre Randiant Fusion 03 - Lab&eacute;ma Cosmetics","isPartOf":{"@id":"https:\/\/labemacosmetics.com\/#website"},"primaryImageOfPage":{"@id":"https:\/\/labemacosmetics.com\/en\/product\/poudre-randian-fusion-03\/#primaryimage"},"image":{"@id":"https:\/\/labemacosmetics.com\/en\/product\/poudre-randian-fusion-03\/#primaryimage"},"thumbnailUrl":"https:\/\/labemacosmetics.com\/wp-content\/uploads\/2023\/02\/Poudre-Randian-Fusion-03.jpg","datePublished":"2023-02-22T09:08:32+00:00","dateModified":"2024-12-19T17:24:57+00:00","breadcrumb":{"@id":"https:\/\/labemacosmetics.com\/en\/product\/poudre-randian-fusion-03\/#breadcrumb"},"inLanguage":"en-GB","potentialAction":[{"@type":"ReadAction","target":["https:\/\/labemacosmetics.com\/en\/product\/poudre-randian-fusion-03\/"]}]},{"@type":"ImageObject","inLanguage":"en-GB","@id":"https:\/\/labemacosmetics.com\/en\/product\/poudre-randian-fusion-03\/#primaryimage","url":"https:\/\/labemacosmetics.com\/wp-content\/uploads\/2023\/02\/Poudre-Randian-Fusion-03.jpg","contentUrl":"https:\/\/labemacosmetics.com\/wp-content\/uploads\/2023\/02\/Poudre-Randian-Fusion-03.jpg","width":900,"height":900,"caption":"RADIANT FUSION Baked powder 01"},{"@type":"BreadcrumbList","@id":"https:\/\/labemacosmetics.com\/en\/product\/poudre-randian-fusion-03\/#breadcrumb","itemListElement":[{"@type":"ListItem","position":1,"name":"Accueil","item":"https:\/\/labemacosmetics.com\/"},{"@type":"ListItem","position":2,"name":"Produits","item":"https:\/\/labemacosmetics.com\/shop\/"},{"@type":"ListItem","position":3,"name":"KIKO Poudre Randiant Fusion 03"}]},{"@type":"WebSite","@id":"https:\/\/labemacosmetics.com\/#website","url":"https:\/\/labemacosmetics.com\/","name":"Lab&eacute;ma Cosmetics","description":"","potentialAction":[{"@type":"SearchAction","target":{"@type":"EntryPoint","urlTemplate":"https:\/\/labemacosmetics.com\/?s={search_term_string}"},"query-input":{"@type":"PropertyValueSpecification","valueRequired":true,"valueName":"search_term_string"}}],"inLanguage":"en-GB"}]},"product_brand":"Kiko","product_price_amount":"10000","product_price_currency":"XOF","og_availability":"out of stock","product_availability":"out of stock","product_condition":"new"},"_links":{"self":[{"href":"https:\/\/labemacosmetics.com\/en\/wp-json\/wp\/v2\/product\/6945","targetHints":{"allow":["GET"]}}],"collection":[{"href":"https:\/\/labemacosmetics.com\/en\/wp-json\/wp\/v2\/product"}],"about":[{"href":"https:\/\/labemacosmetics.com\/en\/wp-json\/wp\/v2\/types\/product"}],"replies":[{"embeddable":true,"href":"https:\/\/labemacosmetics.com\/en\/wp-json\/wp\/v2\/comments?post=6945"}],"version-history":[{"count":0,"href":"https:\/\/labemacosmetics.com\/en\/wp-json\/wp\/v2\/product\/6945\/revisions"}],"wp:featuredmedia":[{"embeddable":true,"href":"https:\/\/labemacosmetics.com\/en\/wp-json\/wp\/v2\/media\/6950"}],"wp:attachment":[{"href":"https:\/\/labemacosmetics.com\/en\/wp-json\/wp\/v2\/media?parent=6945"}],"wp:term":[{"taxonomy":"product_brand","embeddable":true,"href":"https:\/\/labemacosmetics.com\/en\/wp-json\/wp\/v2\/product_brand?post=6945"},{"taxonomy":"product_cat","embeddable":true,"href":"https:\/\/labemacosmetics.com\/en\/wp-json\/wp\/v2\/product_cat?post=6945"},{"taxonomy":"product_tag","embeddable":true,"href":"https:\/\/labemacosmetics.com\/en\/wp-json\/wp\/v2\/product_tag?post=6945"}],"curies":[{"name":"wp","href":"https:\/\/api.w.org\/{rel}","templated":true}]}}