{"id":6896,"date":"2023-04-07T20:41:06","date_gmt":"2023-04-07T20:41:06","guid":{"rendered":"https:\/\/www.labemacosmetics.com\/?post_type=product&#038;p=6896"},"modified":"2024-01-06T11:19:42","modified_gmt":"2024-01-06T10:19:42","slug":"cerave-gel-nettoyant-anti-rugosites-peaux-seches-et-rugueuses-473ml","status":"publish","type":"product","link":"https:\/\/labemacosmetics.com\/en\/product\/cerave-gel-nettoyant-anti-rugosites-peaux-seches-et-rugueuses-473ml\/","title":{"rendered":"Cerave Gel Nettoyant Anti Rugosit\u00e9s Peaux S\u00e8ches et Rugueuses"},"content":{"rendered":"<p>D\u00e9velopp\u00e9 avec des dermatologues, Cerave Gel Nettoyant Anti rugosit\u00e9s a une formule lissante sans grains aux 3 c\u00e9ramides essentiels nettoie en douceur, et favorise l\u2019\u00e9limination des rugosit\u00e9s des peaux s\u00e8ches sans ab\u00eemer la barri\u00e8re protectrice de la peau. A l\u2019acide salicylique pour exfolier la peau en douceur. Aux 3 c\u00e9ramides essentiels naturellement pr\u00e9sents dans la peau et \u00e0 l\u2019acide hyaluronique pour restaurer la barri\u00e8re cutan\u00e9e. Formule enrichie au niacinamide, actif anti-inflammatoire pour apaiser la peau. Nettoie en douceur et lisse la peau.<\/p>\n<h2>Utilisation Cerave Gel Nettoyant Anti rugosit\u00e9s<\/h2>\n<ul>\n<li>Humidifier l\u00e9g\u00e8rement la peau, puis appliquer le gel nettoyant.<br \/>\nMasser d\u00e9licatement pour \u00e9liminer les impuret\u00e9s.<\/li>\n<li>Rincer soigneusement.<\/li>\n<li>En cas de contact avec les yeux, rincer abondamment et imm\u00e9diatement.<\/li>\n<\/ul>\n<p><strong>Type de peaux <\/strong>: Peaux s\u00e8ches, rugueuses<\/p>\n<h2>Ingr\u00e9dients<\/h2>\n<p>AQUA \/ WATER , SODIUM LAUROYL SARCOSINATE , COCAMIDOPROPYL HYDROXYSULTAINE , GLYCERIN , NIACINAMIDE , GLUCONOLACTONE , SODIUM METHYL COCOYL TAURATE , PEG-150 PENTAERYTHRITYL TETRASTEARATE , CERAMIDE NP ,<\/p>\n<p>CERAMIDE AP , CERAMIDE EOP , CARBOMER , CALCIUM GLUCONATE , SALICYLIC ACID , SODIUM BENZOATE , SODIUM LAUROYL LACTYLATE , CHOLESTEROL , PHENOXYETHANOL ,<\/p>\n<p>DISODIUM EDTA , TETRASODIUM EDTA , HYDROLYZED HYALURONIC ACID , PHYTOSPHINGOSINE , XANTHAN GUM , ETHYLHEXYLGLYCERIN (F.I.L. D235671\/1)<\/p>","protected":false},"excerpt":{"rendered":"<p>D\u00e9velopp\u00e9 avec des dermatologues, Cerave Gel Nettoyant Anti-rugosit\u00e9s a une formule lissante sans grains aux 3 c\u00e9ramides essentiels nettoie en douceur, et favorise l\u2019\u00e9limination des rugosit\u00e9s des peaux s\u00e8ches sans ab\u00eemer la barri\u00e8re protectrice de la peau.<\/p>","protected":false},"featured_media":6898,"comment_status":"open","ping_status":"closed","template":"","meta":{"om_disable_all_campaigns":false,"_mi_skip_tracking":false,"_monsterinsights_sitenote_active":false,"_monsterinsights_sitenote_note":"","_monsterinsights_sitenote_category":0},"product_brand":[],"product_cat":[127,519,516,512,128,513],"product_tag":[],"class_list":{"0":"post-6896","1":"product","2":"type-product","3":"status-publish","4":"has-post-thumbnail","6":"product_cat-boutique","7":"product_cat-nettoyants","8":"product_cat-peaux-seches","9":"product_cat-produits-par-besoin","10":"product_cat-soin-de-visage","11":"product_cat-type-de-peau","12":"yith_product_brand-cerave","14":"first","15":"instock","16":"shipping-taxable","17":"purchasable","18":"product-type-simple"},"yoast_head":"<!-- This site is optimized with the Yoast SEO Premium plugin v20.8 (Yoast SEO v27.4) - https:\/\/yoast.com\/product\/yoast-seo-premium-wordpress\/ -->\n<title>Cerave Gel Nettoyant Anti Rugosit\u00e9s Peaux S\u00e8ches et Rugueuses<\/title>\n<meta name=\"description\" content=\"Cerave Gel Nettoyant Anti-rugosit\u00e9s a une formule lissante sans grains aux 3 c\u00e9ramides essentiels nettoie en douceur, favorise l\u2019\u00e9limination des rugosit\u00e9s\" \/>\n<meta name=\"robots\" content=\"index, follow, max-snippet:-1, max-image-preview:large, max-video-preview:-1\" \/>\n<link rel=\"canonical\" href=\"https:\/\/labemacosmetics.com\/en\/product\/cerave-gel-nettoyant-anti-rugosites-peaux-seches-et-rugueuses-473ml\/\" \/>\n<meta property=\"og:locale\" content=\"en_GB\" \/>\n<meta property=\"og:type\" content=\"article\" \/>\n<meta property=\"og:title\" content=\"Cerave Gel Nettoyant Anti Rugosit\u00e9s Peaux S\u00e8ches et Rugueuses\" \/>\n<meta property=\"og:description\" content=\"Cerave Gel Nettoyant Anti-rugosit\u00e9s a une formule lissante sans grains aux 3 c\u00e9ramides essentiels nettoie en douceur, favorise l\u2019\u00e9limination des rugosit\u00e9s\" \/>\n<meta property=\"og:url\" content=\"https:\/\/labemacosmetics.com\/en\/product\/cerave-gel-nettoyant-anti-rugosites-peaux-seches-et-rugueuses-473ml\/\" \/>\n<meta property=\"og:site_name\" content=\"Lab&eacute;ma Cosmetics\" \/>\n<meta property=\"article:publisher\" content=\"http:\/\/www.facebook.com\/labemacosmetics\" \/>\n<meta property=\"article:modified_time\" content=\"2024-01-06T10:19:42+00:00\" \/>\n<meta property=\"og:image\" content=\"https:\/\/labemacosmetics.com\/wp-content\/uploads\/2023\/02\/Cerave-Gel-Nettoyant-Sa-Anti-rugosites-pour-les-peaux-seches-et-rugueuses-473ml-Body-SA-Cerave.jpeg\" \/>\n\t<meta property=\"og:image:width\" content=\"450\" \/>\n\t<meta property=\"og:image:height\" content=\"450\" \/>\n\t<meta property=\"og:image:type\" content=\"image\/jpeg\" \/>\n<meta name=\"twitter:card\" content=\"summary_large_image\" \/>\n<meta name=\"twitter:site\" content=\"@Labemasn\" \/>\n<meta name=\"twitter:label1\" content=\"Price\" \/>\n\t<meta name=\"twitter:data1\" content=\"13 000&nbsp;CFA\" \/>\n\t<meta name=\"twitter:label2\" content=\"Availability\" \/>\n\t<meta name=\"twitter:data2\" content=\"In stock\" \/>\n<script type=\"application\/ld+json\" class=\"yoast-schema-graph\">{\"@context\":\"https:\\\/\\\/schema.org\",\"@graph\":[{\"@type\":\"WebPage\",\"@id\":\"https:\\\/\\\/labemacosmetics.com\\\/en\\\/product\\\/cerave-gel-nettoyant-anti-rugosites-peaux-seches-et-rugueuses-473ml\\\/\",\"url\":\"https:\\\/\\\/labemacosmetics.com\\\/en\\\/product\\\/cerave-gel-nettoyant-anti-rugosites-peaux-seches-et-rugueuses-473ml\\\/\",\"name\":\"Cerave Gel Nettoyant Anti Rugosit\u00e9s Peaux S\u00e8ches et Rugueuses\",\"isPartOf\":{\"@id\":\"https:\\\/\\\/labemacosmetics.com\\\/#website\"},\"primaryImageOfPage\":{\"@id\":\"https:\\\/\\\/labemacosmetics.com\\\/en\\\/product\\\/cerave-gel-nettoyant-anti-rugosites-peaux-seches-et-rugueuses-473ml\\\/#primaryimage\"},\"image\":{\"@id\":\"https:\\\/\\\/labemacosmetics.com\\\/en\\\/product\\\/cerave-gel-nettoyant-anti-rugosites-peaux-seches-et-rugueuses-473ml\\\/#primaryimage\"},\"thumbnailUrl\":\"https:\\\/\\\/labemacosmetics.com\\\/wp-content\\\/uploads\\\/2023\\\/02\\\/Cerave-Gel-Nettoyant-Sa-Anti-rugosites-pour-les-peaux-seches-et-rugueuses-473ml-Body-SA-Cerave.jpeg\",\"datePublished\":\"2023-04-07T20:41:06+00:00\",\"dateModified\":\"2024-01-06T10:19:42+00:00\",\"description\":\"Cerave Gel Nettoyant Anti-rugosit\u00e9s a une formule lissante sans grains aux 3 c\u00e9ramides essentiels nettoie en douceur, favorise l\u2019\u00e9limination des rugosit\u00e9s\",\"breadcrumb\":{\"@id\":\"https:\\\/\\\/labemacosmetics.com\\\/en\\\/product\\\/cerave-gel-nettoyant-anti-rugosites-peaux-seches-et-rugueuses-473ml\\\/#breadcrumb\"},\"inLanguage\":\"en-GB\",\"potentialAction\":[{\"@type\":\"ReadAction\",\"target\":[\"https:\\\/\\\/labemacosmetics.com\\\/en\\\/product\\\/cerave-gel-nettoyant-anti-rugosites-peaux-seches-et-rugueuses-473ml\\\/\"]}]},{\"@type\":\"ImageObject\",\"inLanguage\":\"en-GB\",\"@id\":\"https:\\\/\\\/labemacosmetics.com\\\/en\\\/product\\\/cerave-gel-nettoyant-anti-rugosites-peaux-seches-et-rugueuses-473ml\\\/#primaryimage\",\"url\":\"https:\\\/\\\/labemacosmetics.com\\\/wp-content\\\/uploads\\\/2023\\\/02\\\/Cerave-Gel-Nettoyant-Sa-Anti-rugosites-pour-les-peaux-seches-et-rugueuses-473ml-Body-SA-Cerave.jpeg\",\"contentUrl\":\"https:\\\/\\\/labemacosmetics.com\\\/wp-content\\\/uploads\\\/2023\\\/02\\\/Cerave-Gel-Nettoyant-Sa-Anti-rugosites-pour-les-peaux-seches-et-rugueuses-473ml-Body-SA-Cerave.jpeg\",\"width\":450,\"height\":450,\"caption\":\"Cerave Gel Nettoyant Anti-rugosit\u00e9s\"},{\"@type\":\"BreadcrumbList\",\"@id\":\"https:\\\/\\\/labemacosmetics.com\\\/en\\\/product\\\/cerave-gel-nettoyant-anti-rugosites-peaux-seches-et-rugueuses-473ml\\\/#breadcrumb\",\"itemListElement\":[{\"@type\":\"ListItem\",\"position\":1,\"name\":\"Accueil\",\"item\":\"https:\\\/\\\/labemacosmetics.com\\\/\"},{\"@type\":\"ListItem\",\"position\":2,\"name\":\"Produits\",\"item\":\"https:\\\/\\\/labemacosmetics.com\\\/shop\\\/\"},{\"@type\":\"ListItem\",\"position\":3,\"name\":\"Cerave Gel Nettoyant Anti Rugosit\u00e9s Peaux S\u00e8ches et Rugueuses\"}]},{\"@type\":\"WebSite\",\"@id\":\"https:\\\/\\\/labemacosmetics.com\\\/#website\",\"url\":\"https:\\\/\\\/labemacosmetics.com\\\/\",\"name\":\"Lab&eacute;ma Cosmetics\",\"description\":\"\",\"potentialAction\":[{\"@type\":\"SearchAction\",\"target\":{\"@type\":\"EntryPoint\",\"urlTemplate\":\"https:\\\/\\\/labemacosmetics.com\\\/?s={search_term_string}\"},\"query-input\":{\"@type\":\"PropertyValueSpecification\",\"valueRequired\":true,\"valueName\":\"search_term_string\"}}],\"inLanguage\":\"en-GB\"}]}<\/script>\n<meta property=\"product:brand\" content=\"Cerave\" \/>\n<meta property=\"product:price:amount\" content=\"13000\" \/>\n<meta property=\"product:price:currency\" content=\"XOF\" \/>\n<meta property=\"og:availability\" content=\"instock\" \/>\n<meta property=\"product:availability\" content=\"instock\" \/>\n<meta property=\"product:condition\" content=\"new\" \/>\n<!-- \/ Yoast SEO Premium plugin. -->","yoast_head_json":{"title":"Cerave Gel Nettoyant Anti Rugosit\u00e9s Peaux S\u00e8ches et Rugueuses","description":"Cerave Gel Nettoyant Anti-rugosit\u00e9s a une formule lissante sans grains aux 3 c\u00e9ramides essentiels nettoie en douceur, favorise l\u2019\u00e9limination des rugosit\u00e9s","robots":{"index":"index","follow":"follow","max-snippet":"max-snippet:-1","max-image-preview":"max-image-preview:large","max-video-preview":"max-video-preview:-1"},"canonical":"https:\/\/labemacosmetics.com\/en\/product\/cerave-gel-nettoyant-anti-rugosites-peaux-seches-et-rugueuses-473ml\/","og_locale":"en_GB","og_type":"article","og_title":"Cerave Gel Nettoyant Anti Rugosit\u00e9s Peaux S\u00e8ches et Rugueuses","og_description":"Cerave Gel Nettoyant Anti-rugosit\u00e9s a une formule lissante sans grains aux 3 c\u00e9ramides essentiels nettoie en douceur, favorise l\u2019\u00e9limination des rugosit\u00e9s","og_url":"https:\/\/labemacosmetics.com\/en\/product\/cerave-gel-nettoyant-anti-rugosites-peaux-seches-et-rugueuses-473ml\/","og_site_name":"Lab&eacute;ma Cosmetics","article_publisher":"http:\/\/www.facebook.com\/labemacosmetics","article_modified_time":"2024-01-06T10:19:42+00:00","og_image":[{"width":450,"height":450,"url":"https:\/\/labemacosmetics.com\/wp-content\/uploads\/2023\/02\/Cerave-Gel-Nettoyant-Sa-Anti-rugosites-pour-les-peaux-seches-et-rugueuses-473ml-Body-SA-Cerave.jpeg","type":"image\/jpeg"}],"twitter_card":"summary_large_image","twitter_site":"@Labemasn","twitter_misc":{"Price":"13 000&nbsp;CFA","Availability":"In stock"},"schema":{"@context":"https:\/\/schema.org","@graph":[{"@type":"WebPage","@id":"https:\/\/labemacosmetics.com\/en\/product\/cerave-gel-nettoyant-anti-rugosites-peaux-seches-et-rugueuses-473ml\/","url":"https:\/\/labemacosmetics.com\/en\/product\/cerave-gel-nettoyant-anti-rugosites-peaux-seches-et-rugueuses-473ml\/","name":"Cerave Gel Nettoyant Anti Rugosit\u00e9s Peaux S\u00e8ches et Rugueuses","isPartOf":{"@id":"https:\/\/labemacosmetics.com\/#website"},"primaryImageOfPage":{"@id":"https:\/\/labemacosmetics.com\/en\/product\/cerave-gel-nettoyant-anti-rugosites-peaux-seches-et-rugueuses-473ml\/#primaryimage"},"image":{"@id":"https:\/\/labemacosmetics.com\/en\/product\/cerave-gel-nettoyant-anti-rugosites-peaux-seches-et-rugueuses-473ml\/#primaryimage"},"thumbnailUrl":"https:\/\/labemacosmetics.com\/wp-content\/uploads\/2023\/02\/Cerave-Gel-Nettoyant-Sa-Anti-rugosites-pour-les-peaux-seches-et-rugueuses-473ml-Body-SA-Cerave.jpeg","datePublished":"2023-04-07T20:41:06+00:00","dateModified":"2024-01-06T10:19:42+00:00","description":"Cerave Gel Nettoyant Anti-rugosit\u00e9s a une formule lissante sans grains aux 3 c\u00e9ramides essentiels nettoie en douceur, favorise l\u2019\u00e9limination des rugosit\u00e9s","breadcrumb":{"@id":"https:\/\/labemacosmetics.com\/en\/product\/cerave-gel-nettoyant-anti-rugosites-peaux-seches-et-rugueuses-473ml\/#breadcrumb"},"inLanguage":"en-GB","potentialAction":[{"@type":"ReadAction","target":["https:\/\/labemacosmetics.com\/en\/product\/cerave-gel-nettoyant-anti-rugosites-peaux-seches-et-rugueuses-473ml\/"]}]},{"@type":"ImageObject","inLanguage":"en-GB","@id":"https:\/\/labemacosmetics.com\/en\/product\/cerave-gel-nettoyant-anti-rugosites-peaux-seches-et-rugueuses-473ml\/#primaryimage","url":"https:\/\/labemacosmetics.com\/wp-content\/uploads\/2023\/02\/Cerave-Gel-Nettoyant-Sa-Anti-rugosites-pour-les-peaux-seches-et-rugueuses-473ml-Body-SA-Cerave.jpeg","contentUrl":"https:\/\/labemacosmetics.com\/wp-content\/uploads\/2023\/02\/Cerave-Gel-Nettoyant-Sa-Anti-rugosites-pour-les-peaux-seches-et-rugueuses-473ml-Body-SA-Cerave.jpeg","width":450,"height":450,"caption":"Cerave Gel Nettoyant Anti-rugosit\u00e9s"},{"@type":"BreadcrumbList","@id":"https:\/\/labemacosmetics.com\/en\/product\/cerave-gel-nettoyant-anti-rugosites-peaux-seches-et-rugueuses-473ml\/#breadcrumb","itemListElement":[{"@type":"ListItem","position":1,"name":"Accueil","item":"https:\/\/labemacosmetics.com\/"},{"@type":"ListItem","position":2,"name":"Produits","item":"https:\/\/labemacosmetics.com\/shop\/"},{"@type":"ListItem","position":3,"name":"Cerave Gel Nettoyant Anti Rugosit\u00e9s Peaux S\u00e8ches et Rugueuses"}]},{"@type":"WebSite","@id":"https:\/\/labemacosmetics.com\/#website","url":"https:\/\/labemacosmetics.com\/","name":"Lab&eacute;ma Cosmetics","description":"","potentialAction":[{"@type":"SearchAction","target":{"@type":"EntryPoint","urlTemplate":"https:\/\/labemacosmetics.com\/?s={search_term_string}"},"query-input":{"@type":"PropertyValueSpecification","valueRequired":true,"valueName":"search_term_string"}}],"inLanguage":"en-GB"}]},"product_brand":"Cerave","product_price_amount":"13000","product_price_currency":"XOF","og_availability":"instock","product_availability":"instock","product_condition":"new"},"_links":{"self":[{"href":"https:\/\/labemacosmetics.com\/en\/wp-json\/wp\/v2\/product\/6896","targetHints":{"allow":["GET"]}}],"collection":[{"href":"https:\/\/labemacosmetics.com\/en\/wp-json\/wp\/v2\/product"}],"about":[{"href":"https:\/\/labemacosmetics.com\/en\/wp-json\/wp\/v2\/types\/product"}],"replies":[{"embeddable":true,"href":"https:\/\/labemacosmetics.com\/en\/wp-json\/wp\/v2\/comments?post=6896"}],"version-history":[{"count":1,"href":"https:\/\/labemacosmetics.com\/en\/wp-json\/wp\/v2\/product\/6896\/revisions"}],"predecessor-version":[{"id":9485,"href":"https:\/\/labemacosmetics.com\/en\/wp-json\/wp\/v2\/product\/6896\/revisions\/9485"}],"wp:featuredmedia":[{"embeddable":true,"href":"https:\/\/labemacosmetics.com\/en\/wp-json\/wp\/v2\/media\/6898"}],"wp:attachment":[{"href":"https:\/\/labemacosmetics.com\/en\/wp-json\/wp\/v2\/media?parent=6896"}],"wp:term":[{"taxonomy":"product_brand","embeddable":true,"href":"https:\/\/labemacosmetics.com\/en\/wp-json\/wp\/v2\/product_brand?post=6896"},{"taxonomy":"product_cat","embeddable":true,"href":"https:\/\/labemacosmetics.com\/en\/wp-json\/wp\/v2\/product_cat?post=6896"},{"taxonomy":"product_tag","embeddable":true,"href":"https:\/\/labemacosmetics.com\/en\/wp-json\/wp\/v2\/product_tag?post=6896"}],"curies":[{"name":"wp","href":"https:\/\/api.w.org\/{rel}","templated":true}]}}