{"id":6893,"date":"2023-04-07T20:57:17","date_gmt":"2023-04-07T20:57:17","guid":{"rendered":"https:\/\/www.labemacosmetics.com\/?post_type=product&#038;p=6893"},"modified":"2026-04-17T17:55:37","modified_gmt":"2026-04-17T16:55:37","slug":"creme-lavante-hydratante-visage-et-corps-peaux-normales-a-seches-236ml-cleanse-corps-cerave","status":"publish","type":"product","link":"https:\/\/labemacosmetics.com\/en\/product\/creme-lavante-hydratante-visage-et-corps-peaux-normales-a-seches-236ml-cleanse-corps-cerave\/","title":{"rendered":"Cerave Cr\u00e8me Lavante Hydratante Peaux Normales A S\u00e8ches"},"content":{"rendered":"<p>La cr\u00e8me lavante hydratante <a href=\"https:\/\/labemacosmetics.com\/en\/product\/creme-lavante-hy\u2026nse-corps-cerave\/ \u200e\/\">Cerave<\/a> est un soin lavant pour la toilette quotidienne du corps et du visage. Ce soin nettoie et hydrate la peau en douceur sans alt\u00e9rer la barri\u00e8re protectrice. Sa formule est enrichie en : c\u00e9ramides et niacinamide : pour restaurer la barri\u00e8re protectrice de la peau acide hyaluronique : pour hydrater la peau La technologie MVE permet une diffusion prolong\u00e9e des actifs pour une hydratation continue tout au long de la journ\u00e9e. Sa formule sans parfum n&rsquo;ass\u00e8che pas la peau et convient tout \u00e0 fait aux peaux sensibles.<\/p>\n<h2>Utilisation :<\/h2>\n<ul>\n<li>Sous la douche sur une peau humide.<\/li>\n<li>Rincer \u00e0 l&rsquo;eau.<\/li>\n<li>Convient aux adultes et enfants.<\/li>\n<li>Ne pas appliquer sur le contour des yeux.<\/li>\n<li>En cas de contact, rincer abondamment et imm\u00e9diatement.<\/li>\n<\/ul>","protected":false},"excerpt":{"rendered":"<p>Apaisez et revitalisez votre peau s\u00e8che gr\u00e2ce \u00e0 la Cr\u00e8me Lavante Hydratante CeraVe, un d\u00e9maquillant hydratant en profondeur compos\u00e9 de trois c\u00e9ramides essentiels.<\/p>","protected":false},"featured_media":6895,"comment_status":"open","ping_status":"closed","template":"","meta":{"om_disable_all_campaigns":false,"_mi_skip_tracking":false,"_monsterinsights_sitenote_active":false,"_monsterinsights_sitenote_note":"","_monsterinsights_sitenote_category":0},"product_brand":[],"product_cat":[127,519,514,516,128,513],"product_tag":[],"class_list":{"0":"post-6893","1":"product","2":"type-product","3":"status-publish","4":"has-post-thumbnail","6":"product_cat-boutique","7":"product_cat-nettoyants","8":"product_cat-peaux-normales","9":"product_cat-peaux-seches","10":"product_cat-soin-de-visage","11":"product_cat-type-de-peau","12":"yith_product_brand-cerave","13":"yith_product_brand-all-brands","15":"first","16":"instock","17":"shipping-taxable","18":"purchasable","19":"product-type-variable"},"yoast_head":"<!-- This site is optimized with the Yoast SEO Premium plugin v20.8 (Yoast SEO v27.4) - https:\/\/yoast.com\/product\/yoast-seo-premium-wordpress\/ -->\n<title>Cerave Cr\u00e8me Lavante Hydratante Peaux Normales A S\u00e8ches<\/title>\n<meta name=\"description\" content=\"Cerave cr\u00e8me lavante hydratante, apaisez et revitalisez votre peau s\u00e8che gr\u00e2ce n d\u00e9maquillant hydratant en profondeur compos\u00e9 de trois c\u00e9ramides essentiels.\" \/>\n<meta name=\"robots\" content=\"index, follow, max-snippet:-1, max-image-preview:large, max-video-preview:-1\" \/>\n<link rel=\"canonical\" href=\"https:\/\/labemacosmetics.com\/en\/product\/creme-lavante-hydratante-visage-et-corps-peaux-normales-a-seches-236ml-cleanse-corps-cerave\/\" \/>\n<meta property=\"og:locale\" content=\"en_GB\" \/>\n<meta property=\"og:type\" content=\"article\" \/>\n<meta property=\"og:title\" content=\"Cerave Cr\u00e8me Lavante Hydratante Peaux Normales A S\u00e8ches\" \/>\n<meta property=\"og:description\" content=\"Cerave cr\u00e8me lavante hydratante, apaisez et revitalisez votre peau s\u00e8che gr\u00e2ce n d\u00e9maquillant hydratant en profondeur compos\u00e9 de trois c\u00e9ramides essentiels.\" \/>\n<meta property=\"og:url\" content=\"https:\/\/labemacosmetics.com\/en\/product\/creme-lavante-hydratante-visage-et-corps-peaux-normales-a-seches-236ml-cleanse-corps-cerave\/\" \/>\n<meta property=\"og:site_name\" content=\"Lab&eacute;ma Cosmetics\" \/>\n<meta property=\"article:publisher\" content=\"http:\/\/www.facebook.com\/labemacosmetics\" \/>\n<meta property=\"article:modified_time\" content=\"2026-04-17T16:55:37+00:00\" \/>\n<meta property=\"og:image\" content=\"https:\/\/labemacosmetics.com\/wp-content\/uploads\/2023\/02\/cerave-creme-lavante-hydratante-236ml.jpg\" \/>\n\t<meta property=\"og:image:width\" content=\"800\" \/>\n\t<meta property=\"og:image:height\" content=\"800\" \/>\n\t<meta property=\"og:image:type\" content=\"image\/jpeg\" \/>\n<meta name=\"twitter:card\" content=\"summary_large_image\" \/>\n<meta name=\"twitter:site\" content=\"@Labemasn\" \/>\n<meta name=\"twitter:label1\" content=\"Availability\" \/>\n\t<meta name=\"twitter:data1\" content=\"In stock\" \/>\n<script type=\"application\/ld+json\" class=\"yoast-schema-graph\">{\"@context\":\"https:\\\/\\\/schema.org\",\"@graph\":[{\"@type\":\"WebPage\",\"@id\":\"https:\\\/\\\/labemacosmetics.com\\\/en\\\/product\\\/creme-lavante-hydratante-visage-et-corps-peaux-normales-a-seches-236ml-cleanse-corps-cerave\\\/\",\"url\":\"https:\\\/\\\/labemacosmetics.com\\\/en\\\/product\\\/creme-lavante-hydratante-visage-et-corps-peaux-normales-a-seches-236ml-cleanse-corps-cerave\\\/\",\"name\":\"Cerave Cr\u00e8me Lavante Hydratante Peaux Normales A S\u00e8ches\",\"isPartOf\":{\"@id\":\"https:\\\/\\\/labemacosmetics.com\\\/#website\"},\"primaryImageOfPage\":{\"@id\":\"https:\\\/\\\/labemacosmetics.com\\\/en\\\/product\\\/creme-lavante-hydratante-visage-et-corps-peaux-normales-a-seches-236ml-cleanse-corps-cerave\\\/#primaryimage\"},\"image\":{\"@id\":\"https:\\\/\\\/labemacosmetics.com\\\/en\\\/product\\\/creme-lavante-hydratante-visage-et-corps-peaux-normales-a-seches-236ml-cleanse-corps-cerave\\\/#primaryimage\"},\"thumbnailUrl\":\"https:\\\/\\\/labemacosmetics.com\\\/wp-content\\\/uploads\\\/2023\\\/02\\\/cerave-creme-lavante-hydratante-236ml.jpg\",\"datePublished\":\"2023-04-07T20:57:17+00:00\",\"dateModified\":\"2026-04-17T16:55:37+00:00\",\"description\":\"Cerave cr\u00e8me lavante hydratante, apaisez et revitalisez votre peau s\u00e8che gr\u00e2ce n d\u00e9maquillant hydratant en profondeur compos\u00e9 de trois c\u00e9ramides essentiels.\",\"breadcrumb\":{\"@id\":\"https:\\\/\\\/labemacosmetics.com\\\/en\\\/product\\\/creme-lavante-hydratante-visage-et-corps-peaux-normales-a-seches-236ml-cleanse-corps-cerave\\\/#breadcrumb\"},\"inLanguage\":\"en-GB\",\"potentialAction\":[{\"@type\":\"ReadAction\",\"target\":[\"https:\\\/\\\/labemacosmetics.com\\\/en\\\/product\\\/creme-lavante-hydratante-visage-et-corps-peaux-normales-a-seches-236ml-cleanse-corps-cerave\\\/\"]}]},{\"@type\":\"ImageObject\",\"inLanguage\":\"en-GB\",\"@id\":\"https:\\\/\\\/labemacosmetics.com\\\/en\\\/product\\\/creme-lavante-hydratante-visage-et-corps-peaux-normales-a-seches-236ml-cleanse-corps-cerave\\\/#primaryimage\",\"url\":\"https:\\\/\\\/labemacosmetics.com\\\/wp-content\\\/uploads\\\/2023\\\/02\\\/cerave-creme-lavante-hydratante-236ml.jpg\",\"contentUrl\":\"https:\\\/\\\/labemacosmetics.com\\\/wp-content\\\/uploads\\\/2023\\\/02\\\/cerave-creme-lavante-hydratante-236ml.jpg\",\"width\":800,\"height\":800,\"caption\":\"Cerave cr\u00e8me Lavante\"},{\"@type\":\"BreadcrumbList\",\"@id\":\"https:\\\/\\\/labemacosmetics.com\\\/en\\\/product\\\/creme-lavante-hydratante-visage-et-corps-peaux-normales-a-seches-236ml-cleanse-corps-cerave\\\/#breadcrumb\",\"itemListElement\":[{\"@type\":\"ListItem\",\"position\":1,\"name\":\"Accueil\",\"item\":\"https:\\\/\\\/labemacosmetics.com\\\/\"},{\"@type\":\"ListItem\",\"position\":2,\"name\":\"Produits\",\"item\":\"https:\\\/\\\/labemacosmetics.com\\\/shop\\\/\"},{\"@type\":\"ListItem\",\"position\":3,\"name\":\"Cerave Cr\u00e8me Lavante Hydratante Peaux Normales A S\u00e8ches\"}]},{\"@type\":\"WebSite\",\"@id\":\"https:\\\/\\\/labemacosmetics.com\\\/#website\",\"url\":\"https:\\\/\\\/labemacosmetics.com\\\/\",\"name\":\"Lab&eacute;ma Cosmetics\",\"description\":\"\",\"potentialAction\":[{\"@type\":\"SearchAction\",\"target\":{\"@type\":\"EntryPoint\",\"urlTemplate\":\"https:\\\/\\\/labemacosmetics.com\\\/?s={search_term_string}\"},\"query-input\":{\"@type\":\"PropertyValueSpecification\",\"valueRequired\":true,\"valueName\":\"search_term_string\"}}],\"inLanguage\":\"en-GB\"}]}<\/script>\n<meta property=\"product:brand\" content=\"Cerave\" \/>\n<meta property=\"og:availability\" content=\"instock\" \/>\n<meta property=\"product:availability\" content=\"instock\" \/>\n<meta property=\"product:condition\" content=\"new\" \/>\n<!-- \/ Yoast SEO Premium plugin. -->","yoast_head_json":{"title":"Cerave Cr\u00e8me Lavante Hydratante Peaux Normales A S\u00e8ches","description":"Cerave cr\u00e8me lavante hydratante, apaisez et revitalisez votre peau s\u00e8che gr\u00e2ce n d\u00e9maquillant hydratant en profondeur compos\u00e9 de trois c\u00e9ramides essentiels.","robots":{"index":"index","follow":"follow","max-snippet":"max-snippet:-1","max-image-preview":"max-image-preview:large","max-video-preview":"max-video-preview:-1"},"canonical":"https:\/\/labemacosmetics.com\/en\/product\/creme-lavante-hydratante-visage-et-corps-peaux-normales-a-seches-236ml-cleanse-corps-cerave\/","og_locale":"en_GB","og_type":"article","og_title":"Cerave Cr\u00e8me Lavante Hydratante Peaux Normales A S\u00e8ches","og_description":"Cerave cr\u00e8me lavante hydratante, apaisez et revitalisez votre peau s\u00e8che gr\u00e2ce n d\u00e9maquillant hydratant en profondeur compos\u00e9 de trois c\u00e9ramides essentiels.","og_url":"https:\/\/labemacosmetics.com\/en\/product\/creme-lavante-hydratante-visage-et-corps-peaux-normales-a-seches-236ml-cleanse-corps-cerave\/","og_site_name":"Lab&eacute;ma Cosmetics","article_publisher":"http:\/\/www.facebook.com\/labemacosmetics","article_modified_time":"2026-04-17T16:55:37+00:00","og_image":[{"width":800,"height":800,"url":"https:\/\/labemacosmetics.com\/wp-content\/uploads\/2023\/02\/cerave-creme-lavante-hydratante-236ml.jpg","type":"image\/jpeg"}],"twitter_card":"summary_large_image","twitter_site":"@Labemasn","twitter_misc":{"Availability":"In stock"},"schema":{"@context":"https:\/\/schema.org","@graph":[{"@type":"WebPage","@id":"https:\/\/labemacosmetics.com\/en\/product\/creme-lavante-hydratante-visage-et-corps-peaux-normales-a-seches-236ml-cleanse-corps-cerave\/","url":"https:\/\/labemacosmetics.com\/en\/product\/creme-lavante-hydratante-visage-et-corps-peaux-normales-a-seches-236ml-cleanse-corps-cerave\/","name":"Cerave Cr\u00e8me Lavante Hydratante Peaux Normales A S\u00e8ches","isPartOf":{"@id":"https:\/\/labemacosmetics.com\/#website"},"primaryImageOfPage":{"@id":"https:\/\/labemacosmetics.com\/en\/product\/creme-lavante-hydratante-visage-et-corps-peaux-normales-a-seches-236ml-cleanse-corps-cerave\/#primaryimage"},"image":{"@id":"https:\/\/labemacosmetics.com\/en\/product\/creme-lavante-hydratante-visage-et-corps-peaux-normales-a-seches-236ml-cleanse-corps-cerave\/#primaryimage"},"thumbnailUrl":"https:\/\/labemacosmetics.com\/wp-content\/uploads\/2023\/02\/cerave-creme-lavante-hydratante-236ml.jpg","datePublished":"2023-04-07T20:57:17+00:00","dateModified":"2026-04-17T16:55:37+00:00","description":"Cerave cr\u00e8me lavante hydratante, apaisez et revitalisez votre peau s\u00e8che gr\u00e2ce n d\u00e9maquillant hydratant en profondeur compos\u00e9 de trois c\u00e9ramides essentiels.","breadcrumb":{"@id":"https:\/\/labemacosmetics.com\/en\/product\/creme-lavante-hydratante-visage-et-corps-peaux-normales-a-seches-236ml-cleanse-corps-cerave\/#breadcrumb"},"inLanguage":"en-GB","potentialAction":[{"@type":"ReadAction","target":["https:\/\/labemacosmetics.com\/en\/product\/creme-lavante-hydratante-visage-et-corps-peaux-normales-a-seches-236ml-cleanse-corps-cerave\/"]}]},{"@type":"ImageObject","inLanguage":"en-GB","@id":"https:\/\/labemacosmetics.com\/en\/product\/creme-lavante-hydratante-visage-et-corps-peaux-normales-a-seches-236ml-cleanse-corps-cerave\/#primaryimage","url":"https:\/\/labemacosmetics.com\/wp-content\/uploads\/2023\/02\/cerave-creme-lavante-hydratante-236ml.jpg","contentUrl":"https:\/\/labemacosmetics.com\/wp-content\/uploads\/2023\/02\/cerave-creme-lavante-hydratante-236ml.jpg","width":800,"height":800,"caption":"Cerave cr\u00e8me Lavante"},{"@type":"BreadcrumbList","@id":"https:\/\/labemacosmetics.com\/en\/product\/creme-lavante-hydratante-visage-et-corps-peaux-normales-a-seches-236ml-cleanse-corps-cerave\/#breadcrumb","itemListElement":[{"@type":"ListItem","position":1,"name":"Accueil","item":"https:\/\/labemacosmetics.com\/"},{"@type":"ListItem","position":2,"name":"Produits","item":"https:\/\/labemacosmetics.com\/shop\/"},{"@type":"ListItem","position":3,"name":"Cerave Cr\u00e8me Lavante Hydratante Peaux Normales A S\u00e8ches"}]},{"@type":"WebSite","@id":"https:\/\/labemacosmetics.com\/#website","url":"https:\/\/labemacosmetics.com\/","name":"Lab&eacute;ma Cosmetics","description":"","potentialAction":[{"@type":"SearchAction","target":{"@type":"EntryPoint","urlTemplate":"https:\/\/labemacosmetics.com\/?s={search_term_string}"},"query-input":{"@type":"PropertyValueSpecification","valueRequired":true,"valueName":"search_term_string"}}],"inLanguage":"en-GB"}]},"product_brand":"Cerave","og_availability":"instock","product_availability":"instock","product_condition":"new"},"_links":{"self":[{"href":"https:\/\/labemacosmetics.com\/en\/wp-json\/wp\/v2\/product\/6893","targetHints":{"allow":["GET"]}}],"collection":[{"href":"https:\/\/labemacosmetics.com\/en\/wp-json\/wp\/v2\/product"}],"about":[{"href":"https:\/\/labemacosmetics.com\/en\/wp-json\/wp\/v2\/types\/product"}],"replies":[{"embeddable":true,"href":"https:\/\/labemacosmetics.com\/en\/wp-json\/wp\/v2\/comments?post=6893"}],"version-history":[{"count":2,"href":"https:\/\/labemacosmetics.com\/en\/wp-json\/wp\/v2\/product\/6893\/revisions"}],"predecessor-version":[{"id":9268,"href":"https:\/\/labemacosmetics.com\/en\/wp-json\/wp\/v2\/product\/6893\/revisions\/9268"}],"wp:featuredmedia":[{"embeddable":true,"href":"https:\/\/labemacosmetics.com\/en\/wp-json\/wp\/v2\/media\/6895"}],"wp:attachment":[{"href":"https:\/\/labemacosmetics.com\/en\/wp-json\/wp\/v2\/media?parent=6893"}],"wp:term":[{"taxonomy":"product_brand","embeddable":true,"href":"https:\/\/labemacosmetics.com\/en\/wp-json\/wp\/v2\/product_brand?post=6893"},{"taxonomy":"product_cat","embeddable":true,"href":"https:\/\/labemacosmetics.com\/en\/wp-json\/wp\/v2\/product_cat?post=6893"},{"taxonomy":"product_tag","embeddable":true,"href":"https:\/\/labemacosmetics.com\/en\/wp-json\/wp\/v2\/product_tag?post=6893"}],"curies":[{"name":"wp","href":"https:\/\/api.w.org\/{rel}","templated":true}]}}