{"id":6890,"date":"2023-04-07T20:31:03","date_gmt":"2023-04-07T20:31:03","guid":{"rendered":"https:\/\/www.labemacosmetics.com\/?post_type=product&#038;p=6890"},"modified":"2023-05-22T09:18:37","modified_gmt":"2023-05-22T08:18:37","slug":"huile-lavante-cerave","status":"publish","type":"product","link":"https:\/\/labemacosmetics.com\/en\/product\/huile-lavante-cerave\/","title":{"rendered":"Cerave Huile Lavante Moussante Hydratante Peaux Normales \u00e0 Tr\u00e8s S\u00e8ches"},"content":{"rendered":"<p>D\u00e9velopp\u00e9e avec des dermatologues. l&rsquo;Huile Lavante Moussante Hydratante CeraVe nettoie en douceur. Relipide et nourrit les peaux normales \u00e0 tr\u00e8s s\u00e8ches et les peaux \u00e0 tendance atopique. La formule de l&rsquo; huile Lavante Cerave enrichie aux 3 c\u00e9ramides essentiels et \u00e0 l&rsquo;acide hyaluronique.\u00a0 Elle donc restaure la barri\u00e8re cutan\u00e9e et hydrate la peau sous la douche. Ainsi, sa texture huile moussante enveloppante, nettoie sans laisser de film gras et apaise imm\u00e9diatement sous la douche. Sa formule respectueuse de la peau au pH physiologique, sans parfum &amp; non com\u00e9dog\u00e8ne est haute tol\u00e9rance pour convenir aux peaux les plus fragiles. Formule visage &amp; corps, y compris pour les zones intimes. Test\u00e9e sous contr\u00f4le gyn\u00e9cologique. Donc convient pour une utilisation pour toute la famille.<\/p>\n<h3>Utilisation\u00a0:<\/h3>\n<ul>\n<li>Sous la douche, appliquer sur peau mouill\u00e9e, faire mousser.<\/li>\n<li>Rincer et s\u00e9cher d\u00e9licatement sans frotter.<\/li>\n<li>Pour le bain, verser l\u2019\u00e9quivalent de 5 pressions pendant le remplissage de la baignoire.<\/li>\n<li>Rincer et s\u00e9cher d\u00e9licatement sans frotter.<\/li>\n<li>Se rince facilement. Ne laisse pas de r\u00e9sidus gras, collants.<\/li>\n<\/ul>","protected":false},"excerpt":{"rendered":"<p>L&rsquo; huile Lavante Cerave nettoie en douceur, relipide et hydrate les peaux normales \u00e0 tr\u00e8s s\u00e8ches et les peaux \u00e0 tendance atopique tout en restaurant la barri\u00e8re cutan\u00e9e sous la douche.<\/p>","protected":false},"featured_media":6892,"comment_status":"open","ping_status":"closed","template":"","meta":{"om_disable_all_campaigns":false,"_mi_skip_tracking":false,"_monsterinsights_sitenote_active":false,"_monsterinsights_sitenote_note":"","_monsterinsights_sitenote_category":0},"product_brand":[],"product_cat":[516,128,513],"product_tag":[],"class_list":{"0":"post-6890","1":"product","2":"type-product","3":"status-publish","4":"has-post-thumbnail","6":"product_cat-peaux-seches","7":"product_cat-soin-de-visage","8":"product_cat-type-de-peau","9":"yith_product_brand-cerave","11":"first","12":"instock","13":"shipping-taxable","14":"purchasable","15":"product-type-variable"},"yoast_head":"<!-- This site is optimized with the Yoast SEO Premium plugin v20.8 (Yoast SEO v27.4) - https:\/\/yoast.com\/product\/yoast-seo-premium-wordpress\/ -->\n<title>Huile Lavante Cerave - Lab\u00e9ma Cosmetics | Dakar - S\u00e9n\u00e9gal<\/title>\n<meta name=\"description\" content=\"D\u00e9velopp\u00e9e avec des dermatologues, l&#039;Huile Lavante CeraVe moussante nettoie en douceur, relipide et nourrit les peaux normales.\" \/>\n<meta name=\"robots\" content=\"index, follow, max-snippet:-1, max-image-preview:large, max-video-preview:-1\" \/>\n<link rel=\"canonical\" href=\"https:\/\/labemacosmetics.com\/en\/product\/huile-lavante-cerave\/\" \/>\n<meta property=\"og:locale\" content=\"en_GB\" \/>\n<meta property=\"og:type\" content=\"article\" \/>\n<meta property=\"og:title\" content=\"Cerave Huile Lavante Moussante Hydratante Peaux Normales \u00e0 Tr\u00e8s S\u00e8ches\" \/>\n<meta property=\"og:description\" content=\"D\u00e9velopp\u00e9e avec des dermatologues, l&#039;Huile Lavante CeraVe moussante nettoie en douceur, relipide et nourrit les peaux normales.\" \/>\n<meta property=\"og:url\" content=\"https:\/\/labemacosmetics.com\/en\/product\/huile-lavante-cerave\/\" \/>\n<meta property=\"og:site_name\" content=\"Lab&eacute;ma Cosmetics\" \/>\n<meta property=\"article:publisher\" content=\"http:\/\/www.facebook.com\/labemacosmetics\" \/>\n<meta property=\"article:modified_time\" content=\"2023-05-22T08:18:37+00:00\" \/>\n<meta property=\"og:image\" content=\"https:\/\/labemacosmetics.com\/wp-content\/uploads\/2023\/02\/Huile-Lavante-Moussante-Cerave-236ml.jpg\" \/>\n\t<meta property=\"og:image:width\" content=\"588\" \/>\n\t<meta property=\"og:image:height\" content=\"588\" \/>\n\t<meta property=\"og:image:type\" content=\"image\/jpeg\" \/>\n<meta name=\"twitter:card\" content=\"summary_large_image\" \/>\n<meta name=\"twitter:site\" content=\"@Labemasn\" \/>\n<meta name=\"twitter:label1\" content=\"Availability\" \/>\n\t<meta name=\"twitter:data1\" content=\"In stock\" \/>\n<script type=\"application\/ld+json\" class=\"yoast-schema-graph\">{\"@context\":\"https:\\\/\\\/schema.org\",\"@graph\":[{\"@type\":\"WebPage\",\"@id\":\"https:\\\/\\\/labemacosmetics.com\\\/produit\\\/huile-lavante-cerave\\\/\",\"url\":\"https:\\\/\\\/labemacosmetics.com\\\/produit\\\/huile-lavante-cerave\\\/\",\"name\":\"Huile Lavante Cerave - Lab\u00e9ma Cosmetics | Dakar - S\u00e9n\u00e9gal\",\"isPartOf\":{\"@id\":\"https:\\\/\\\/labemacosmetics.com\\\/#website\"},\"primaryImageOfPage\":{\"@id\":\"https:\\\/\\\/labemacosmetics.com\\\/produit\\\/huile-lavante-cerave\\\/#primaryimage\"},\"image\":{\"@id\":\"https:\\\/\\\/labemacosmetics.com\\\/produit\\\/huile-lavante-cerave\\\/#primaryimage\"},\"thumbnailUrl\":\"https:\\\/\\\/labemacosmetics.com\\\/wp-content\\\/uploads\\\/2023\\\/02\\\/Huile-Lavante-Moussante-Cerave-236ml.jpg\",\"datePublished\":\"2023-04-07T20:31:03+00:00\",\"dateModified\":\"2023-05-22T08:18:37+00:00\",\"description\":\"D\u00e9velopp\u00e9e avec des dermatologues, l'Huile Lavante CeraVe moussante nettoie en douceur, relipide et nourrit les peaux normales.\",\"breadcrumb\":{\"@id\":\"https:\\\/\\\/labemacosmetics.com\\\/produit\\\/huile-lavante-cerave\\\/#breadcrumb\"},\"inLanguage\":\"en-GB\",\"potentialAction\":[{\"@type\":\"ReadAction\",\"target\":[\"https:\\\/\\\/labemacosmetics.com\\\/produit\\\/huile-lavante-cerave\\\/\"]}]},{\"@type\":\"ImageObject\",\"inLanguage\":\"en-GB\",\"@id\":\"https:\\\/\\\/labemacosmetics.com\\\/produit\\\/huile-lavante-cerave\\\/#primaryimage\",\"url\":\"https:\\\/\\\/labemacosmetics.com\\\/wp-content\\\/uploads\\\/2023\\\/02\\\/Huile-Lavante-Moussante-Cerave-236ml.jpg\",\"contentUrl\":\"https:\\\/\\\/labemacosmetics.com\\\/wp-content\\\/uploads\\\/2023\\\/02\\\/Huile-Lavante-Moussante-Cerave-236ml.jpg\",\"width\":588,\"height\":588,\"caption\":\"Huile Lavante Cerave 236ml\"},{\"@type\":\"BreadcrumbList\",\"@id\":\"https:\\\/\\\/labemacosmetics.com\\\/produit\\\/huile-lavante-cerave\\\/#breadcrumb\",\"itemListElement\":[{\"@type\":\"ListItem\",\"position\":1,\"name\":\"Accueil\",\"item\":\"https:\\\/\\\/labemacosmetics.com\\\/\"},{\"@type\":\"ListItem\",\"position\":2,\"name\":\"Produits\",\"item\":\"https:\\\/\\\/labemacosmetics.com\\\/shop\\\/\"},{\"@type\":\"ListItem\",\"position\":3,\"name\":\"Cerave Huile Lavante Moussante Hydratante Peaux Normales \u00e0 Tr\u00e8s S\u00e8ches\"}]},{\"@type\":\"WebSite\",\"@id\":\"https:\\\/\\\/labemacosmetics.com\\\/#website\",\"url\":\"https:\\\/\\\/labemacosmetics.com\\\/\",\"name\":\"Lab&eacute;ma Cosmetics\",\"description\":\"\",\"potentialAction\":[{\"@type\":\"SearchAction\",\"target\":{\"@type\":\"EntryPoint\",\"urlTemplate\":\"https:\\\/\\\/labemacosmetics.com\\\/?s={search_term_string}\"},\"query-input\":{\"@type\":\"PropertyValueSpecification\",\"valueRequired\":true,\"valueName\":\"search_term_string\"}}],\"inLanguage\":\"en-GB\"}]}<\/script>\n<meta property=\"product:brand\" content=\"Cerave\" \/>\n<meta property=\"og:availability\" content=\"instock\" \/>\n<meta property=\"product:availability\" content=\"instock\" \/>\n<meta property=\"product:condition\" content=\"new\" \/>\n<!-- \/ Yoast SEO Premium plugin. -->","yoast_head_json":{"title":"Huile Lavante Cerave - Lab\u00e9ma Cosmetics | Dakar - S\u00e9n\u00e9gal","description":"D\u00e9velopp\u00e9e avec des dermatologues, l'Huile Lavante CeraVe moussante nettoie en douceur, relipide et nourrit les peaux normales.","robots":{"index":"index","follow":"follow","max-snippet":"max-snippet:-1","max-image-preview":"max-image-preview:large","max-video-preview":"max-video-preview:-1"},"canonical":"https:\/\/labemacosmetics.com\/en\/product\/huile-lavante-cerave\/","og_locale":"en_GB","og_type":"article","og_title":"Cerave Huile Lavante Moussante Hydratante Peaux Normales \u00e0 Tr\u00e8s S\u00e8ches","og_description":"D\u00e9velopp\u00e9e avec des dermatologues, l'Huile Lavante CeraVe moussante nettoie en douceur, relipide et nourrit les peaux normales.","og_url":"https:\/\/labemacosmetics.com\/en\/product\/huile-lavante-cerave\/","og_site_name":"Lab&eacute;ma Cosmetics","article_publisher":"http:\/\/www.facebook.com\/labemacosmetics","article_modified_time":"2023-05-22T08:18:37+00:00","og_image":[{"width":588,"height":588,"url":"https:\/\/labemacosmetics.com\/wp-content\/uploads\/2023\/02\/Huile-Lavante-Moussante-Cerave-236ml.jpg","type":"image\/jpeg"}],"twitter_card":"summary_large_image","twitter_site":"@Labemasn","twitter_misc":{"Availability":"In stock"},"schema":{"@context":"https:\/\/schema.org","@graph":[{"@type":"WebPage","@id":"https:\/\/labemacosmetics.com\/produit\/huile-lavante-cerave\/","url":"https:\/\/labemacosmetics.com\/produit\/huile-lavante-cerave\/","name":"Huile Lavante Cerave - Lab\u00e9ma Cosmetics | Dakar - S\u00e9n\u00e9gal","isPartOf":{"@id":"https:\/\/labemacosmetics.com\/#website"},"primaryImageOfPage":{"@id":"https:\/\/labemacosmetics.com\/produit\/huile-lavante-cerave\/#primaryimage"},"image":{"@id":"https:\/\/labemacosmetics.com\/produit\/huile-lavante-cerave\/#primaryimage"},"thumbnailUrl":"https:\/\/labemacosmetics.com\/wp-content\/uploads\/2023\/02\/Huile-Lavante-Moussante-Cerave-236ml.jpg","datePublished":"2023-04-07T20:31:03+00:00","dateModified":"2023-05-22T08:18:37+00:00","description":"D\u00e9velopp\u00e9e avec des dermatologues, l'Huile Lavante CeraVe moussante nettoie en douceur, relipide et nourrit les peaux normales.","breadcrumb":{"@id":"https:\/\/labemacosmetics.com\/produit\/huile-lavante-cerave\/#breadcrumb"},"inLanguage":"en-GB","potentialAction":[{"@type":"ReadAction","target":["https:\/\/labemacosmetics.com\/produit\/huile-lavante-cerave\/"]}]},{"@type":"ImageObject","inLanguage":"en-GB","@id":"https:\/\/labemacosmetics.com\/produit\/huile-lavante-cerave\/#primaryimage","url":"https:\/\/labemacosmetics.com\/wp-content\/uploads\/2023\/02\/Huile-Lavante-Moussante-Cerave-236ml.jpg","contentUrl":"https:\/\/labemacosmetics.com\/wp-content\/uploads\/2023\/02\/Huile-Lavante-Moussante-Cerave-236ml.jpg","width":588,"height":588,"caption":"Huile Lavante Cerave 236ml"},{"@type":"BreadcrumbList","@id":"https:\/\/labemacosmetics.com\/produit\/huile-lavante-cerave\/#breadcrumb","itemListElement":[{"@type":"ListItem","position":1,"name":"Accueil","item":"https:\/\/labemacosmetics.com\/"},{"@type":"ListItem","position":2,"name":"Produits","item":"https:\/\/labemacosmetics.com\/shop\/"},{"@type":"ListItem","position":3,"name":"Cerave Huile Lavante Moussante Hydratante Peaux Normales \u00e0 Tr\u00e8s S\u00e8ches"}]},{"@type":"WebSite","@id":"https:\/\/labemacosmetics.com\/#website","url":"https:\/\/labemacosmetics.com\/","name":"Lab&eacute;ma Cosmetics","description":"","potentialAction":[{"@type":"SearchAction","target":{"@type":"EntryPoint","urlTemplate":"https:\/\/labemacosmetics.com\/?s={search_term_string}"},"query-input":{"@type":"PropertyValueSpecification","valueRequired":true,"valueName":"search_term_string"}}],"inLanguage":"en-GB"}]},"product_brand":"Cerave","og_availability":"instock","product_availability":"instock","product_condition":"new"},"_links":{"self":[{"href":"https:\/\/labemacosmetics.com\/en\/wp-json\/wp\/v2\/product\/6890","targetHints":{"allow":["GET"]}}],"collection":[{"href":"https:\/\/labemacosmetics.com\/en\/wp-json\/wp\/v2\/product"}],"about":[{"href":"https:\/\/labemacosmetics.com\/en\/wp-json\/wp\/v2\/types\/product"}],"replies":[{"embeddable":true,"href":"https:\/\/labemacosmetics.com\/en\/wp-json\/wp\/v2\/comments?post=6890"}],"version-history":[{"count":0,"href":"https:\/\/labemacosmetics.com\/en\/wp-json\/wp\/v2\/product\/6890\/revisions"}],"wp:featuredmedia":[{"embeddable":true,"href":"https:\/\/labemacosmetics.com\/en\/wp-json\/wp\/v2\/media\/6892"}],"wp:attachment":[{"href":"https:\/\/labemacosmetics.com\/en\/wp-json\/wp\/v2\/media?parent=6890"}],"wp:term":[{"taxonomy":"product_brand","embeddable":true,"href":"https:\/\/labemacosmetics.com\/en\/wp-json\/wp\/v2\/product_brand?post=6890"},{"taxonomy":"product_cat","embeddable":true,"href":"https:\/\/labemacosmetics.com\/en\/wp-json\/wp\/v2\/product_cat?post=6890"},{"taxonomy":"product_tag","embeddable":true,"href":"https:\/\/labemacosmetics.com\/en\/wp-json\/wp\/v2\/product_tag?post=6890"}],"curies":[{"name":"wp","href":"https:\/\/api.w.org\/{rel}","templated":true}]}}