{"id":6887,"date":"2023-04-07T20:37:31","date_gmt":"2023-04-07T20:37:31","guid":{"rendered":"https:\/\/www.labemacosmetics.com\/?post_type=product&#038;p=6887"},"modified":"2025-03-27T20:03:53","modified_gmt":"2025-03-27T20:03:53","slug":"baume-hydratant-peaux-seches-a-tres-seches-454g-body-cerave","status":"publish","type":"product","link":"https:\/\/labemacosmetics.com\/en\/product\/baume-hydratant-peaux-seches-a-tres-seches-454g-body-cerave\/","title":{"rendered":"Cerave Baume Hydratant Peaux S\u00e8ches A Tr\u00e8s S\u00e8ches"},"content":{"rendered":"<p>R\u00e9parez les peaux s\u00e8ches et inconfortables avec\u00a0 Cerave Baume Hydratant. Une cr\u00e8me hydratante onctueuse et nourrissante qui procure un boost d\u2019hydratation essentielle aux peaux s\u00e8ches et sensibles. D\u00e9velopp\u00e9 avec des dermatologues, il nourrit, hydrate et aide \u00e0 restaurer la barri\u00e8re protectrice de la peau. Protectrice mais non grasse, cette cr\u00e8me cerave contient trois c\u00e9ramides essentiels ainsi que de l\u2019acide hyaluronique. Ainsi elles agissent en synergie pour hydrater et prot\u00e9ger la barri\u00e8re naturelle de la peau. Afin de pr\u00e9server l\u2019hydratation tout au long de la journ\u00e9e, elle utilise la technologie de lib\u00e9ration MVE. Ce dernier assure une lib\u00e9ration contr\u00f4l\u00e9e des ingr\u00e9dients, pour une hydratation pendant 24 heures.<\/p>\n<p>Contenance: 454g<\/p>\n<h2>Utilisation de Cerave baume Hydratant<\/h2>\n<ul>\n<li>Appliquer aussi souvent que n\u00e9cessaire.<\/li>\n<li>Ne pas appliquer sur le contour des yeux.<\/li>\n<li>Adultes et enfants, visage et corps.<\/li>\n<\/ul>\n<p><strong>Type de peaux :<\/strong> S\u00e8ches, Tr\u00e8s S\u00e9ches, Sensibles<\/p>\n<h2>Ingr\u00e9dients<\/h2>\n<p>Aqua\/ water, glycerin, cetearyl alcohol, caprylic\/ capric triglyceride, cetyl alcohol, ceteareth-20, petrolatum, dimethicone, phenoxyethanol, behentrimonium methosulfate, potassium phosphate,<\/p>\n<p>ethylhexylglycerin, sodium lauroyl lactylate, disodium EDTA, dipotassium phosphate, ceramide NP, ceramide AP, phytosphingosine, cholesterol, xanthan gum, carbomer, sodium hyaluronate, tocopherol, ceramide EOP<\/p>\n<p>&nbsp;<\/p>\n<p>&nbsp;<\/p>","protected":false},"excerpt":{"rendered":"<p>Ce soin nourrissant, enrichi aux 3 c\u00e9ramides essentiels et acide hyaluronique hydrate la peau en continu, d\u00e8s la premi\u00e8re application. Gr\u00e2ce \u00e0 cette cr\u00e8me douce pour la peau, les plaques inconfortables et qui d\u00e9mangent sont douces et r\u00e9g\u00e9n\u00e9r\u00e9es. Sa formule sans parfum convient aux peaux sensibles. Texture baume enveloppante au fini non gras. Sans parfum.<\/p>","protected":false},"featured_media":6889,"comment_status":"open","ping_status":"closed","template":"","meta":{"om_disable_all_campaigns":false,"_mi_skip_tracking":false,"_monsterinsights_sitenote_active":false,"_monsterinsights_sitenote_note":"","_monsterinsights_sitenote_category":0},"product_brand":[],"product_cat":[127,1743,516,517,512,128,513],"product_tag":[],"class_list":{"0":"post-6887","1":"product","2":"type-product","3":"status-publish","4":"has-post-thumbnail","6":"product_cat-boutique","7":"product_cat-cremes-hydratantes","8":"product_cat-peaux-seches","9":"product_cat-peaux-sensibles","10":"product_cat-produits-par-besoin","11":"product_cat-soin-de-visage","12":"product_cat-type-de-peau","13":"yith_product_brand-cerave","15":"first","16":"outofstock","17":"shipping-taxable","18":"purchasable","19":"product-type-simple"},"yoast_head":"<!-- This site is optimized with the Yoast SEO Premium plugin v20.8 (Yoast SEO v27.4) - https:\/\/yoast.com\/product\/yoast-seo-premium-wordpress\/ -->\n<title>Cerave Baume Hydratant Peaux S\u00e8ches A Tr\u00e8s S\u00e8ches | Dakar<\/title>\n<meta name=\"description\" content=\"R\u00e9parez les peaux s\u00e8ches et inconfortables avec\u00a0Cerave Baume Hydratant. Une cr\u00e8me hydratante onctueuse et nourrissante qui procure ...\" \/>\n<meta name=\"robots\" content=\"index, follow, max-snippet:-1, max-image-preview:large, max-video-preview:-1\" \/>\n<link rel=\"canonical\" href=\"https:\/\/labemacosmetics.com\/en\/product\/baume-hydratant-peaux-seches-a-tres-seches-454g-body-cerave\/\" \/>\n<meta property=\"og:locale\" content=\"en_GB\" \/>\n<meta property=\"og:type\" content=\"article\" \/>\n<meta property=\"og:title\" content=\"Cerave Baume Hydratant Peaux S\u00e8ches A Tr\u00e8s S\u00e8ches\" \/>\n<meta property=\"og:description\" content=\"R\u00e9parez les peaux s\u00e8ches et inconfortables avec\u00a0Cerave Baume Hydratant. Une cr\u00e8me hydratante onctueuse et nourrissante qui procure ...\" \/>\n<meta property=\"og:url\" content=\"https:\/\/labemacosmetics.com\/en\/product\/baume-hydratant-peaux-seches-a-tres-seches-454g-body-cerave\/\" \/>\n<meta property=\"og:site_name\" content=\"Lab&eacute;ma Cosmetics\" \/>\n<meta property=\"article:publisher\" content=\"http:\/\/www.facebook.com\/labemacosmetics\" \/>\n<meta property=\"article:modified_time\" content=\"2025-03-27T20:03:53+00:00\" \/>\n<meta property=\"og:image\" content=\"https:\/\/labemacosmetics.com\/wp-content\/uploads\/2023\/02\/cerave-baume-hydratant-peaux-seches-a-tres-seches-454g.jpg\" \/>\n\t<meta property=\"og:image:width\" content=\"600\" \/>\n\t<meta property=\"og:image:height\" content=\"600\" \/>\n\t<meta property=\"og:image:type\" content=\"image\/jpeg\" \/>\n<meta name=\"twitter:card\" content=\"summary_large_image\" \/>\n<meta name=\"twitter:site\" content=\"@Labemasn\" \/>\n<meta name=\"twitter:label1\" content=\"Price\" \/>\n\t<meta name=\"twitter:data1\" content=\"13 000&nbsp;CFA\" \/>\n\t<meta name=\"twitter:label2\" content=\"Availability\" \/>\n\t<meta name=\"twitter:data2\" content=\"Out of stock\" \/>\n<script type=\"application\/ld+json\" class=\"yoast-schema-graph\">{\"@context\":\"https:\\\/\\\/schema.org\",\"@graph\":[{\"@type\":\"WebPage\",\"@id\":\"https:\\\/\\\/labemacosmetics.com\\\/produit\\\/baume-hydratant-peaux-seches-a-tres-seches-454g-body-cerave\\\/\",\"url\":\"https:\\\/\\\/labemacosmetics.com\\\/produit\\\/baume-hydratant-peaux-seches-a-tres-seches-454g-body-cerave\\\/\",\"name\":\"Cerave Baume Hydratant Peaux S\u00e8ches A Tr\u00e8s S\u00e8ches | Dakar\",\"isPartOf\":{\"@id\":\"https:\\\/\\\/labemacosmetics.com\\\/#website\"},\"primaryImageOfPage\":{\"@id\":\"https:\\\/\\\/labemacosmetics.com\\\/produit\\\/baume-hydratant-peaux-seches-a-tres-seches-454g-body-cerave\\\/#primaryimage\"},\"image\":{\"@id\":\"https:\\\/\\\/labemacosmetics.com\\\/produit\\\/baume-hydratant-peaux-seches-a-tres-seches-454g-body-cerave\\\/#primaryimage\"},\"thumbnailUrl\":\"https:\\\/\\\/labemacosmetics.com\\\/wp-content\\\/uploads\\\/2023\\\/02\\\/cerave-baume-hydratant-peaux-seches-a-tres-seches-454g.jpg\",\"datePublished\":\"2023-04-07T20:37:31+00:00\",\"dateModified\":\"2025-03-27T20:03:53+00:00\",\"description\":\"R\u00e9parez les peaux s\u00e8ches et inconfortables avec\u00a0Cerave Baume Hydratant. Une cr\u00e8me hydratante onctueuse et nourrissante qui procure ...\",\"breadcrumb\":{\"@id\":\"https:\\\/\\\/labemacosmetics.com\\\/produit\\\/baume-hydratant-peaux-seches-a-tres-seches-454g-body-cerave\\\/#breadcrumb\"},\"inLanguage\":\"en-GB\",\"potentialAction\":[{\"@type\":\"ReadAction\",\"target\":[\"https:\\\/\\\/labemacosmetics.com\\\/produit\\\/baume-hydratant-peaux-seches-a-tres-seches-454g-body-cerave\\\/\"]}]},{\"@type\":\"ImageObject\",\"inLanguage\":\"en-GB\",\"@id\":\"https:\\\/\\\/labemacosmetics.com\\\/produit\\\/baume-hydratant-peaux-seches-a-tres-seches-454g-body-cerave\\\/#primaryimage\",\"url\":\"https:\\\/\\\/labemacosmetics.com\\\/wp-content\\\/uploads\\\/2023\\\/02\\\/cerave-baume-hydratant-peaux-seches-a-tres-seches-454g.jpg\",\"contentUrl\":\"https:\\\/\\\/labemacosmetics.com\\\/wp-content\\\/uploads\\\/2023\\\/02\\\/cerave-baume-hydratant-peaux-seches-a-tres-seches-454g.jpg\",\"width\":600,\"height\":600,\"caption\":\"Cerave Baume Hydratant\"},{\"@type\":\"BreadcrumbList\",\"@id\":\"https:\\\/\\\/labemacosmetics.com\\\/produit\\\/baume-hydratant-peaux-seches-a-tres-seches-454g-body-cerave\\\/#breadcrumb\",\"itemListElement\":[{\"@type\":\"ListItem\",\"position\":1,\"name\":\"Accueil\",\"item\":\"https:\\\/\\\/labemacosmetics.com\\\/\"},{\"@type\":\"ListItem\",\"position\":2,\"name\":\"Produits\",\"item\":\"https:\\\/\\\/labemacosmetics.com\\\/shop\\\/\"},{\"@type\":\"ListItem\",\"position\":3,\"name\":\"Cerave Baume Hydratant Peaux S\u00e8ches A Tr\u00e8s S\u00e8ches\"}]},{\"@type\":\"WebSite\",\"@id\":\"https:\\\/\\\/labemacosmetics.com\\\/#website\",\"url\":\"https:\\\/\\\/labemacosmetics.com\\\/\",\"name\":\"Lab&eacute;ma Cosmetics\",\"description\":\"\",\"potentialAction\":[{\"@type\":\"SearchAction\",\"target\":{\"@type\":\"EntryPoint\",\"urlTemplate\":\"https:\\\/\\\/labemacosmetics.com\\\/?s={search_term_string}\"},\"query-input\":{\"@type\":\"PropertyValueSpecification\",\"valueRequired\":true,\"valueName\":\"search_term_string\"}}],\"inLanguage\":\"en-GB\"}]}<\/script>\n<meta property=\"product:brand\" content=\"Cerave\" \/>\n<meta property=\"product:price:amount\" content=\"13000\" \/>\n<meta property=\"product:price:currency\" content=\"XOF\" \/>\n<meta property=\"og:availability\" content=\"out of stock\" \/>\n<meta property=\"product:availability\" content=\"out of stock\" \/>\n<meta property=\"product:retailer_item_id\" content=\"Labema 327\" \/>\n<meta property=\"product:condition\" content=\"new\" \/>\n<!-- \/ Yoast SEO Premium plugin. -->","yoast_head_json":{"title":"Cerave Baume Hydratant Peaux S\u00e8ches A Tr\u00e8s S\u00e8ches | Dakar","description":"R\u00e9parez les peaux s\u00e8ches et inconfortables avec\u00a0Cerave Baume Hydratant. Une cr\u00e8me hydratante onctueuse et nourrissante qui procure ...","robots":{"index":"index","follow":"follow","max-snippet":"max-snippet:-1","max-image-preview":"max-image-preview:large","max-video-preview":"max-video-preview:-1"},"canonical":"https:\/\/labemacosmetics.com\/en\/product\/baume-hydratant-peaux-seches-a-tres-seches-454g-body-cerave\/","og_locale":"en_GB","og_type":"article","og_title":"Cerave Baume Hydratant Peaux S\u00e8ches A Tr\u00e8s S\u00e8ches","og_description":"R\u00e9parez les peaux s\u00e8ches et inconfortables avec\u00a0Cerave Baume Hydratant. Une cr\u00e8me hydratante onctueuse et nourrissante qui procure ...","og_url":"https:\/\/labemacosmetics.com\/en\/product\/baume-hydratant-peaux-seches-a-tres-seches-454g-body-cerave\/","og_site_name":"Lab&eacute;ma Cosmetics","article_publisher":"http:\/\/www.facebook.com\/labemacosmetics","article_modified_time":"2025-03-27T20:03:53+00:00","og_image":[{"width":600,"height":600,"url":"https:\/\/labemacosmetics.com\/wp-content\/uploads\/2023\/02\/cerave-baume-hydratant-peaux-seches-a-tres-seches-454g.jpg","type":"image\/jpeg"}],"twitter_card":"summary_large_image","twitter_site":"@Labemasn","twitter_misc":{"Price":"13 000&nbsp;CFA","Availability":"Out of stock"},"schema":{"@context":"https:\/\/schema.org","@graph":[{"@type":"WebPage","@id":"https:\/\/labemacosmetics.com\/produit\/baume-hydratant-peaux-seches-a-tres-seches-454g-body-cerave\/","url":"https:\/\/labemacosmetics.com\/produit\/baume-hydratant-peaux-seches-a-tres-seches-454g-body-cerave\/","name":"Cerave Baume Hydratant Peaux S\u00e8ches A Tr\u00e8s S\u00e8ches | Dakar","isPartOf":{"@id":"https:\/\/labemacosmetics.com\/#website"},"primaryImageOfPage":{"@id":"https:\/\/labemacosmetics.com\/produit\/baume-hydratant-peaux-seches-a-tres-seches-454g-body-cerave\/#primaryimage"},"image":{"@id":"https:\/\/labemacosmetics.com\/produit\/baume-hydratant-peaux-seches-a-tres-seches-454g-body-cerave\/#primaryimage"},"thumbnailUrl":"https:\/\/labemacosmetics.com\/wp-content\/uploads\/2023\/02\/cerave-baume-hydratant-peaux-seches-a-tres-seches-454g.jpg","datePublished":"2023-04-07T20:37:31+00:00","dateModified":"2025-03-27T20:03:53+00:00","description":"R\u00e9parez les peaux s\u00e8ches et inconfortables avec\u00a0Cerave Baume Hydratant. Une cr\u00e8me hydratante onctueuse et nourrissante qui procure ...","breadcrumb":{"@id":"https:\/\/labemacosmetics.com\/produit\/baume-hydratant-peaux-seches-a-tres-seches-454g-body-cerave\/#breadcrumb"},"inLanguage":"en-GB","potentialAction":[{"@type":"ReadAction","target":["https:\/\/labemacosmetics.com\/produit\/baume-hydratant-peaux-seches-a-tres-seches-454g-body-cerave\/"]}]},{"@type":"ImageObject","inLanguage":"en-GB","@id":"https:\/\/labemacosmetics.com\/produit\/baume-hydratant-peaux-seches-a-tres-seches-454g-body-cerave\/#primaryimage","url":"https:\/\/labemacosmetics.com\/wp-content\/uploads\/2023\/02\/cerave-baume-hydratant-peaux-seches-a-tres-seches-454g.jpg","contentUrl":"https:\/\/labemacosmetics.com\/wp-content\/uploads\/2023\/02\/cerave-baume-hydratant-peaux-seches-a-tres-seches-454g.jpg","width":600,"height":600,"caption":"Cerave Baume Hydratant"},{"@type":"BreadcrumbList","@id":"https:\/\/labemacosmetics.com\/produit\/baume-hydratant-peaux-seches-a-tres-seches-454g-body-cerave\/#breadcrumb","itemListElement":[{"@type":"ListItem","position":1,"name":"Accueil","item":"https:\/\/labemacosmetics.com\/"},{"@type":"ListItem","position":2,"name":"Produits","item":"https:\/\/labemacosmetics.com\/shop\/"},{"@type":"ListItem","position":3,"name":"Cerave Baume Hydratant Peaux S\u00e8ches A Tr\u00e8s S\u00e8ches"}]},{"@type":"WebSite","@id":"https:\/\/labemacosmetics.com\/#website","url":"https:\/\/labemacosmetics.com\/","name":"Lab&eacute;ma Cosmetics","description":"","potentialAction":[{"@type":"SearchAction","target":{"@type":"EntryPoint","urlTemplate":"https:\/\/labemacosmetics.com\/?s={search_term_string}"},"query-input":{"@type":"PropertyValueSpecification","valueRequired":true,"valueName":"search_term_string"}}],"inLanguage":"en-GB"}]},"product_brand":"Cerave","product_price_amount":"13000","product_price_currency":"XOF","og_availability":"out of stock","product_availability":"out of stock","product_retailer_item_id":"Labema 327","product_condition":"new"},"_links":{"self":[{"href":"https:\/\/labemacosmetics.com\/en\/wp-json\/wp\/v2\/product\/6887","targetHints":{"allow":["GET"]}}],"collection":[{"href":"https:\/\/labemacosmetics.com\/en\/wp-json\/wp\/v2\/product"}],"about":[{"href":"https:\/\/labemacosmetics.com\/en\/wp-json\/wp\/v2\/types\/product"}],"replies":[{"embeddable":true,"href":"https:\/\/labemacosmetics.com\/en\/wp-json\/wp\/v2\/comments?post=6887"}],"version-history":[{"count":2,"href":"https:\/\/labemacosmetics.com\/en\/wp-json\/wp\/v2\/product\/6887\/revisions"}],"predecessor-version":[{"id":9259,"href":"https:\/\/labemacosmetics.com\/en\/wp-json\/wp\/v2\/product\/6887\/revisions\/9259"}],"wp:featuredmedia":[{"embeddable":true,"href":"https:\/\/labemacosmetics.com\/en\/wp-json\/wp\/v2\/media\/6889"}],"wp:attachment":[{"href":"https:\/\/labemacosmetics.com\/en\/wp-json\/wp\/v2\/media?parent=6887"}],"wp:term":[{"taxonomy":"product_brand","embeddable":true,"href":"https:\/\/labemacosmetics.com\/en\/wp-json\/wp\/v2\/product_brand?post=6887"},{"taxonomy":"product_cat","embeddable":true,"href":"https:\/\/labemacosmetics.com\/en\/wp-json\/wp\/v2\/product_cat?post=6887"},{"taxonomy":"product_tag","embeddable":true,"href":"https:\/\/labemacosmetics.com\/en\/wp-json\/wp\/v2\/product_tag?post=6887"}],"curies":[{"name":"wp","href":"https:\/\/api.w.org\/{rel}","templated":true}]}}