{"id":6881,"date":"2023-04-07T21:05:29","date_gmt":"2023-04-07T21:05:29","guid":{"rendered":"https:\/\/www.labemacosmetics.com\/?post_type=product&#038;p=6881"},"modified":"2023-11-21T17:38:17","modified_gmt":"2023-11-21T16:38:17","slug":"gel-moussant-visage-et-cou-peaux-normales-a-grasses-473-ml-cleanse","status":"publish","type":"product","link":"https:\/\/labemacosmetics.com\/en\/product\/gel-moussant-visage-et-cou-peaux-normales-a-grasses-473-ml-cleanse\/","title":{"rendered":"Cerave Gel Moussant Peaux Normales \u00e0 Grasses"},"content":{"rendered":"<p>Cerave Gel Moussant est adapt\u00e9 aux peaux normales \u00e0 grasses. Il \u00e9limine l&rsquo;exc\u00e8s de s\u00e9bum tout en pr\u00e9servant la barri\u00e8re protectrice de la peau. D\u00e9velopp\u00e9 avec des dermatologues, il est sans parfum, non irritant et non com\u00e9dog\u00e8ne. Ainsi, il assure\u00a0 un nettoyage doux et purifiant sans agresser l&rsquo;\u00e9piderme. De plus, en associant les 3 c\u00e9ramides essentiels \u00e0 l&rsquo;acide hyaluronique, ce gel lavant nettoie la peau, \u00e9limine les impuret\u00e9s et l&rsquo;exc\u00e8s de s\u00e9bum, tout en pr\u00e9servant la barri\u00e8re cutan\u00e9e. Convient parfaitement aux peaux sensibles.<\/p>\n<p>Voici les diff\u00e9rentes actions de ce gel moussant Cerave :<\/p>\n<ul>\n<li>Il nettoie\u00a0\u00a0et\u00a0\u00a0purifie\u00a0\u00a0la peau en profondeur gr\u00e2ce \u00e0 l&rsquo;association de 3\u00a0\u00a0c\u00e9ramides\u00a0\u00a0essentielles, d&rsquo; acide\u00a0\u00a0hyaluronique\u00a0\u00a0et de niacinamide. Cette association r\u00e9duit efficacement l&rsquo;exc\u00e8s de s\u00e9bum, les impuret\u00e9s et le maquillage pour un fini doux.<\/li>\n<li>Il garantit une\u00a0\u00a0hydratation longue dur\u00e9e\u00a0\u00a0gr\u00e2ce \u00e0 la technologie brevet\u00e9e MVE qui permet la diffusion prolong\u00e9e des actifs.<\/li>\n<li>Il offre une\u00a0\u00a0texture fra\u00eeche\u00a0\u00a0et\u00a0\u00a0moussante.<\/li>\n<li>Il est\u00a0\u00a0sans parfum ,\u00a0\u00a0hypoallerg\u00e9nique\u00a0\u00a0et\u00a0\u00a0non com\u00e9dog\u00e8ne.<\/li>\n<\/ul>\n<h3>Conseil d&rsquo;utilisation :<\/h3>\n<p>Pour l&rsquo;application, il est recommand\u00e9 d&rsquo;utiliser le gel moussant deux fois par jour matin et soir sur une peau humide. Il suffit de faire mousser le produit puis de rincer \u00e0 l&rsquo;eau. Cerave Gel Moussant convient aux types de peaux normales, mixtes et grasses.<\/p>\n<h3>Ingr\u00e9dients :<\/h3>\n<p>AQUA\/WATER, GLYCERIN, COCO-BETAINE, PROPYLENE GLYCOL, SODIUM COCOYL GLYCINATE, PEG-120 METHYL GLUCOSE DIOLEATE, SODIUM CHLORIDE, ACRYLATES COPOLYMER, CITRIC ACID, CAPRYLOYL GLYCINE, CAPRYLYL GLYCOL, SODIUM HYDROXIDE, NIACINAMIDE, DISODIUM EDTA, SODIUM HYALURONATE, SODIUM LAUROYL LACTYLATE, CERAMIDE NP, PHENOXYETHANOL, CERAMIDE AP, PHYTOSPHINGOSINE, CHOLESTEROL, XANTHAN GUM, CARBOMER, ETHYLHEXYLGLYCERIN, CERAMIDE EOP<\/p>\n<div class=\"flex flex-grow flex-col gap-3\">\n<div class=\"min-h-[20px] flex flex-col items-start gap-4 whitespace-pre-wrap break-words\">\n<div class=\"markdown prose w-full break-words dark:prose-invert light\">\n<p>Nous vous recommandons de v\u00e9rifier attentivement la liste compl\u00e8te des ingr\u00e9dients de chaque produit pour vous assurer qu&rsquo;ils conviennent \u00e0 votre utilisation personnelle.<\/p>\n<\/div>\n<\/div>\n<\/div>\n<p>&nbsp;<\/p>\n","protected":false},"excerpt":{"rendered":"<p style=\"text-align: left;\">Cerave Gel Moussant est adapt\u00e9 aux peaux normales \u00e0 grasses. Il \u00e9limine l&rsquo;exc\u00e8s de s\u00e9bum tout en pr\u00e9servant la barri\u00e8re protectrice de la peau. D\u00e9velopp\u00e9 avec des dermatologues, il est sans parfum, non irritant et non com\u00e9dog\u00e8ne.<\/p>","protected":false},"featured_media":7463,"comment_status":"open","ping_status":"closed","template":"","meta":{"om_disable_all_campaigns":false,"_mi_skip_tracking":false,"_monsterinsights_sitenote_active":false,"_monsterinsights_sitenote_note":"","_monsterinsights_sitenote_category":0},"product_brand":[],"product_cat":[519,1747,515,514,512,128,513],"product_tag":[],"class_list":{"0":"post-6881","1":"product","2":"type-product","3":"status-publish","4":"has-post-thumbnail","6":"product_cat-nettoyants","7":"product_cat-peaux-a-tendances-acneiques","8":"product_cat-peaux-mixtes-a-grasses","9":"product_cat-peaux-normales","10":"product_cat-produits-par-besoin","11":"product_cat-soin-de-visage","12":"product_cat-type-de-peau","13":"yith_product_brand-cerave","15":"first","16":"instock","17":"shipping-taxable","18":"purchasable","19":"product-type-variable"},"yoast_head":"<!-- This site is optimized with the Yoast SEO Premium plugin v20.8 (Yoast SEO v27.4) - https:\/\/yoast.com\/product\/yoast-seo-premium-wordpress\/ -->\n<title>Cerave Gel Moussant Peaux Normales \u00e0 Grasses Moins Cher<\/title>\n<meta name=\"description\" content=\"Cerave Gel Moussant, adapt\u00e9 aux peaux normales \u00e0 grasses, \u00e9limine l&#039;exc\u00e8s de s\u00e9bum tout en pr\u00e9servant la barri\u00e8re protectrice de la peau\" \/>\n<meta name=\"robots\" content=\"index, follow, max-snippet:-1, max-image-preview:large, max-video-preview:-1\" \/>\n<link rel=\"canonical\" href=\"https:\/\/labemacosmetics.com\/en\/product\/gel-moussant-visage-et-cou-peaux-normales-a-grasses-473-ml-cleanse\/\" \/>\n<meta property=\"og:locale\" content=\"en_GB\" \/>\n<meta property=\"og:type\" content=\"article\" \/>\n<meta property=\"og:title\" content=\"Cerave Gel Moussant Peaux Normales \u00e0 Grasses\" \/>\n<meta property=\"og:description\" content=\"Cerave Gel Moussant, adapt\u00e9 aux peaux normales \u00e0 grasses, \u00e9limine l&#039;exc\u00e8s de s\u00e9bum tout en pr\u00e9servant la barri\u00e8re protectrice de la peau\" \/>\n<meta property=\"og:url\" content=\"https:\/\/labemacosmetics.com\/en\/product\/gel-moussant-visage-et-cou-peaux-normales-a-grasses-473-ml-cleanse\/\" \/>\n<meta property=\"og:site_name\" content=\"Lab&eacute;ma Cosmetics\" \/>\n<meta property=\"article:publisher\" content=\"http:\/\/www.facebook.com\/labemacosmetics\" \/>\n<meta property=\"article:modified_time\" content=\"2023-11-21T16:38:17+00:00\" \/>\n<meta property=\"og:image\" content=\"https:\/\/labemacosmetics.com\/wp-content\/uploads\/2023\/05\/cerave-gel-moussant-236ml.webp\" \/>\n\t<meta property=\"og:image:width\" content=\"700\" \/>\n\t<meta property=\"og:image:height\" content=\"700\" \/>\n\t<meta property=\"og:image:type\" content=\"image\/webp\" \/>\n<meta name=\"twitter:card\" content=\"summary_large_image\" \/>\n<meta name=\"twitter:site\" content=\"@Labemasn\" \/>\n<meta name=\"twitter:label1\" content=\"Availability\" \/>\n\t<meta name=\"twitter:data1\" content=\"In stock\" \/>\n<script type=\"application\/ld+json\" class=\"yoast-schema-graph\">{\"@context\":\"https:\\\/\\\/schema.org\",\"@graph\":[{\"@type\":\"WebPage\",\"@id\":\"https:\\\/\\\/labemacosmetics.com\\\/produit\\\/gel-moussant-visage-et-cou-peaux-normales-a-grasses-473-ml-cleanse\\\/\",\"url\":\"https:\\\/\\\/labemacosmetics.com\\\/produit\\\/gel-moussant-visage-et-cou-peaux-normales-a-grasses-473-ml-cleanse\\\/\",\"name\":\"Cerave Gel Moussant Peaux Normales \u00e0 Grasses Moins Cher\",\"isPartOf\":{\"@id\":\"https:\\\/\\\/labemacosmetics.com\\\/#website\"},\"primaryImageOfPage\":{\"@id\":\"https:\\\/\\\/labemacosmetics.com\\\/produit\\\/gel-moussant-visage-et-cou-peaux-normales-a-grasses-473-ml-cleanse\\\/#primaryimage\"},\"image\":{\"@id\":\"https:\\\/\\\/labemacosmetics.com\\\/produit\\\/gel-moussant-visage-et-cou-peaux-normales-a-grasses-473-ml-cleanse\\\/#primaryimage\"},\"thumbnailUrl\":\"https:\\\/\\\/labemacosmetics.com\\\/wp-content\\\/uploads\\\/2023\\\/05\\\/cerave-gel-moussant-236ml.webp\",\"datePublished\":\"2023-04-07T21:05:29+00:00\",\"dateModified\":\"2023-11-21T16:38:17+00:00\",\"description\":\"Cerave Gel Moussant, adapt\u00e9 aux peaux normales \u00e0 grasses, \u00e9limine l'exc\u00e8s de s\u00e9bum tout en pr\u00e9servant la barri\u00e8re protectrice de la peau\",\"breadcrumb\":{\"@id\":\"https:\\\/\\\/labemacosmetics.com\\\/produit\\\/gel-moussant-visage-et-cou-peaux-normales-a-grasses-473-ml-cleanse\\\/#breadcrumb\"},\"inLanguage\":\"en-GB\",\"potentialAction\":[{\"@type\":\"ReadAction\",\"target\":[\"https:\\\/\\\/labemacosmetics.com\\\/produit\\\/gel-moussant-visage-et-cou-peaux-normales-a-grasses-473-ml-cleanse\\\/\"]}]},{\"@type\":\"ImageObject\",\"inLanguage\":\"en-GB\",\"@id\":\"https:\\\/\\\/labemacosmetics.com\\\/produit\\\/gel-moussant-visage-et-cou-peaux-normales-a-grasses-473-ml-cleanse\\\/#primaryimage\",\"url\":\"https:\\\/\\\/labemacosmetics.com\\\/wp-content\\\/uploads\\\/2023\\\/05\\\/cerave-gel-moussant-236ml.webp\",\"contentUrl\":\"https:\\\/\\\/labemacosmetics.com\\\/wp-content\\\/uploads\\\/2023\\\/05\\\/cerave-gel-moussant-236ml.webp\",\"width\":700,\"height\":700,\"caption\":\"Cerave gel moussant 236 ml\"},{\"@type\":\"BreadcrumbList\",\"@id\":\"https:\\\/\\\/labemacosmetics.com\\\/produit\\\/gel-moussant-visage-et-cou-peaux-normales-a-grasses-473-ml-cleanse\\\/#breadcrumb\",\"itemListElement\":[{\"@type\":\"ListItem\",\"position\":1,\"name\":\"Accueil\",\"item\":\"https:\\\/\\\/labemacosmetics.com\\\/\"},{\"@type\":\"ListItem\",\"position\":2,\"name\":\"Produits\",\"item\":\"https:\\\/\\\/labemacosmetics.com\\\/shop\\\/\"},{\"@type\":\"ListItem\",\"position\":3,\"name\":\"Cerave Gel Moussant Peaux Normales \u00e0 Grasses\"}]},{\"@type\":\"WebSite\",\"@id\":\"https:\\\/\\\/labemacosmetics.com\\\/#website\",\"url\":\"https:\\\/\\\/labemacosmetics.com\\\/\",\"name\":\"Lab&eacute;ma Cosmetics\",\"description\":\"\",\"potentialAction\":[{\"@type\":\"SearchAction\",\"target\":{\"@type\":\"EntryPoint\",\"urlTemplate\":\"https:\\\/\\\/labemacosmetics.com\\\/?s={search_term_string}\"},\"query-input\":{\"@type\":\"PropertyValueSpecification\",\"valueRequired\":true,\"valueName\":\"search_term_string\"}}],\"inLanguage\":\"en-GB\"}]}<\/script>\n<meta property=\"product:brand\" content=\"Cerave\" \/>\n<meta property=\"og:availability\" content=\"instock\" \/>\n<meta property=\"product:availability\" content=\"instock\" \/>\n<meta property=\"product:condition\" content=\"new\" \/>\n<!-- \/ Yoast SEO Premium plugin. -->","yoast_head_json":{"title":"Cerave Gel Moussant Peaux Normales \u00e0 Grasses Moins Cher","description":"Cerave Gel Moussant, adapt\u00e9 aux peaux normales \u00e0 grasses, \u00e9limine l'exc\u00e8s de s\u00e9bum tout en pr\u00e9servant la barri\u00e8re protectrice de la peau","robots":{"index":"index","follow":"follow","max-snippet":"max-snippet:-1","max-image-preview":"max-image-preview:large","max-video-preview":"max-video-preview:-1"},"canonical":"https:\/\/labemacosmetics.com\/en\/product\/gel-moussant-visage-et-cou-peaux-normales-a-grasses-473-ml-cleanse\/","og_locale":"en_GB","og_type":"article","og_title":"Cerave Gel Moussant Peaux Normales \u00e0 Grasses","og_description":"Cerave Gel Moussant, adapt\u00e9 aux peaux normales \u00e0 grasses, \u00e9limine l'exc\u00e8s de s\u00e9bum tout en pr\u00e9servant la barri\u00e8re protectrice de la peau","og_url":"https:\/\/labemacosmetics.com\/en\/product\/gel-moussant-visage-et-cou-peaux-normales-a-grasses-473-ml-cleanse\/","og_site_name":"Lab&eacute;ma Cosmetics","article_publisher":"http:\/\/www.facebook.com\/labemacosmetics","article_modified_time":"2023-11-21T16:38:17+00:00","og_image":[{"width":700,"height":700,"url":"https:\/\/labemacosmetics.com\/wp-content\/uploads\/2023\/05\/cerave-gel-moussant-236ml.webp","type":"image\/webp"}],"twitter_card":"summary_large_image","twitter_site":"@Labemasn","twitter_misc":{"Availability":"In stock"},"schema":{"@context":"https:\/\/schema.org","@graph":[{"@type":"WebPage","@id":"https:\/\/labemacosmetics.com\/produit\/gel-moussant-visage-et-cou-peaux-normales-a-grasses-473-ml-cleanse\/","url":"https:\/\/labemacosmetics.com\/produit\/gel-moussant-visage-et-cou-peaux-normales-a-grasses-473-ml-cleanse\/","name":"Cerave Gel Moussant Peaux Normales \u00e0 Grasses Moins Cher","isPartOf":{"@id":"https:\/\/labemacosmetics.com\/#website"},"primaryImageOfPage":{"@id":"https:\/\/labemacosmetics.com\/produit\/gel-moussant-visage-et-cou-peaux-normales-a-grasses-473-ml-cleanse\/#primaryimage"},"image":{"@id":"https:\/\/labemacosmetics.com\/produit\/gel-moussant-visage-et-cou-peaux-normales-a-grasses-473-ml-cleanse\/#primaryimage"},"thumbnailUrl":"https:\/\/labemacosmetics.com\/wp-content\/uploads\/2023\/05\/cerave-gel-moussant-236ml.webp","datePublished":"2023-04-07T21:05:29+00:00","dateModified":"2023-11-21T16:38:17+00:00","description":"Cerave Gel Moussant, adapt\u00e9 aux peaux normales \u00e0 grasses, \u00e9limine l'exc\u00e8s de s\u00e9bum tout en pr\u00e9servant la barri\u00e8re protectrice de la peau","breadcrumb":{"@id":"https:\/\/labemacosmetics.com\/produit\/gel-moussant-visage-et-cou-peaux-normales-a-grasses-473-ml-cleanse\/#breadcrumb"},"inLanguage":"en-GB","potentialAction":[{"@type":"ReadAction","target":["https:\/\/labemacosmetics.com\/produit\/gel-moussant-visage-et-cou-peaux-normales-a-grasses-473-ml-cleanse\/"]}]},{"@type":"ImageObject","inLanguage":"en-GB","@id":"https:\/\/labemacosmetics.com\/produit\/gel-moussant-visage-et-cou-peaux-normales-a-grasses-473-ml-cleanse\/#primaryimage","url":"https:\/\/labemacosmetics.com\/wp-content\/uploads\/2023\/05\/cerave-gel-moussant-236ml.webp","contentUrl":"https:\/\/labemacosmetics.com\/wp-content\/uploads\/2023\/05\/cerave-gel-moussant-236ml.webp","width":700,"height":700,"caption":"Cerave gel moussant 236 ml"},{"@type":"BreadcrumbList","@id":"https:\/\/labemacosmetics.com\/produit\/gel-moussant-visage-et-cou-peaux-normales-a-grasses-473-ml-cleanse\/#breadcrumb","itemListElement":[{"@type":"ListItem","position":1,"name":"Accueil","item":"https:\/\/labemacosmetics.com\/"},{"@type":"ListItem","position":2,"name":"Produits","item":"https:\/\/labemacosmetics.com\/shop\/"},{"@type":"ListItem","position":3,"name":"Cerave Gel Moussant Peaux Normales \u00e0 Grasses"}]},{"@type":"WebSite","@id":"https:\/\/labemacosmetics.com\/#website","url":"https:\/\/labemacosmetics.com\/","name":"Lab&eacute;ma Cosmetics","description":"","potentialAction":[{"@type":"SearchAction","target":{"@type":"EntryPoint","urlTemplate":"https:\/\/labemacosmetics.com\/?s={search_term_string}"},"query-input":{"@type":"PropertyValueSpecification","valueRequired":true,"valueName":"search_term_string"}}],"inLanguage":"en-GB"}]},"product_brand":"Cerave","og_availability":"instock","product_availability":"instock","product_condition":"new"},"_links":{"self":[{"href":"https:\/\/labemacosmetics.com\/en\/wp-json\/wp\/v2\/product\/6881","targetHints":{"allow":["GET"]}}],"collection":[{"href":"https:\/\/labemacosmetics.com\/en\/wp-json\/wp\/v2\/product"}],"about":[{"href":"https:\/\/labemacosmetics.com\/en\/wp-json\/wp\/v2\/types\/product"}],"replies":[{"embeddable":true,"href":"https:\/\/labemacosmetics.com\/en\/wp-json\/wp\/v2\/comments?post=6881"}],"version-history":[{"count":2,"href":"https:\/\/labemacosmetics.com\/en\/wp-json\/wp\/v2\/product\/6881\/revisions"}],"predecessor-version":[{"id":9257,"href":"https:\/\/labemacosmetics.com\/en\/wp-json\/wp\/v2\/product\/6881\/revisions\/9257"}],"wp:featuredmedia":[{"embeddable":true,"href":"https:\/\/labemacosmetics.com\/en\/wp-json\/wp\/v2\/media\/7463"}],"wp:attachment":[{"href":"https:\/\/labemacosmetics.com\/en\/wp-json\/wp\/v2\/media?parent=6881"}],"wp:term":[{"taxonomy":"product_brand","embeddable":true,"href":"https:\/\/labemacosmetics.com\/en\/wp-json\/wp\/v2\/product_brand?post=6881"},{"taxonomy":"product_cat","embeddable":true,"href":"https:\/\/labemacosmetics.com\/en\/wp-json\/wp\/v2\/product_cat?post=6881"},{"taxonomy":"product_tag","embeddable":true,"href":"https:\/\/labemacosmetics.com\/en\/wp-json\/wp\/v2\/product_tag?post=6881"}],"curies":[{"name":"wp","href":"https:\/\/api.w.org\/{rel}","templated":true}]}}