{"id":6874,"date":"2023-02-08T23:58:34","date_gmt":"2023-02-08T22:58:34","guid":{"rendered":"https:\/\/www.labemacosmetics.com\/?post_type=product&#038;p=6874"},"modified":"2023-05-21T08:04:05","modified_gmt":"2023-05-21T07:04:05","slug":"fond-de-teint-mat-mousse-12","status":"publish","type":"product","link":"https:\/\/labemacosmetics.com\/en\/product\/fond-de-teint-mat-mousse-12\/","title":{"rendered":"KIKO Fond de Teint Mat Mousse 12"},"content":{"rendered":"<p>Kiko Mat Mousse Foundation, Id\u00e9al pour les peaux normales \u00e0 grasses,\u00a0 est le fond de teint en mousse enrichi d&rsquo;un m\u00e9lange d&rsquo;actifs \u00e0 action matifiante. Sa texture l\u00e9g\u00e8re et cr\u00e9meuse offre une application ultra-agr\u00e9able et un effet \u00e0 la fois couvrant et naturel. Sensorielle et douce au toucher, elle r\u00e9v\u00e8le le grain de la peau en la sublimant. Les imperfections sont minimis\u00e9es et les zones brillantes sont visiblement matifi\u00e9es*. Le complexe d&rsquo;ingr\u00e9dients innovant assure une bonne tenue et une \u00e9lasticit\u00e9 \u00e9lev\u00e9e. Par ailleurs, la pr\u00e9sence des filtres solaires aide \u00e0 d\u00e9fendre la peau contre les premiers signes du photovieillissement.<\/p>\n<p>Test\u00e9 sous contr\u00f4le dermatologique = formul\u00e9 pour minimiser les risques d&rsquo;allergies<\/p>\n<p>Test\u00e9 dermatologiquement.<\/p>\n<p>Non com\u00e9dog\u00e8ne.<\/p>\n<p>Sans parfum.<\/p>\n<p>Sans huile.<\/p>\n<p>Test clinique instrumental r\u00e9alis\u00e9 sur un \u00e9chantillon multiethnique de 20 femmes ayant une peau normale \u00e0 grasse.<\/p>\n<p>Un fini mat et lisse. La peau est uniforme et le teint est naturellement \u00e9clatant. D\u00e9poser une petite quantit\u00e9 de fond de teint sur le dos de la main et la pr\u00e9lever en utilisant la partie concave du pinceau Face Brush 107. Appliquer le fond de teint par mouvements circulaires de l&rsquo;int\u00e9rieur vers l&rsquo;ext\u00e9rieur du visage. Commencer par le front et descendre jusqu&rsquo;au cou.<\/p>","protected":false},"excerpt":{"rendered":"<p><a href=\"https:\/\/labemacosmetics.com\/en\/product-brands\/all-brands\/kiko\/?v=92666505ce75\">Kiko<\/a> Mat Mousse Foundation, Id\u00e9al pour les peaux normales \u00e0 grasses,\u00a0 est le fond de teint en mousse enrichi d&rsquo;un m\u00e9lange d&rsquo;actifs \u00e0 action matifiante. Sa texture l\u00e9g\u00e8re et cr\u00e9meuse offre une application ultra-agr\u00e9able et un effet \u00e0 la fois couvrant et naturel. Sensorielle et douce au toucher, elle r\u00e9v\u00e8le le grain de la peau en la sublimant.<\/p>","protected":false},"featured_media":5475,"comment_status":"open","ping_status":"closed","template":"","meta":{"om_disable_all_campaigns":false,"_mi_skip_tracking":false,"_monsterinsights_sitenote_active":false,"_monsterinsights_sitenote_note":"","_monsterinsights_sitenote_category":0},"product_brand":[],"product_cat":[127,117,103,108],"product_tag":[],"class_list":{"0":"post-6874","1":"product","2":"type-product","3":"status-publish","4":"has-post-thumbnail","6":"product_cat-boutique","7":"product_cat-fond-de-teint","8":"product_cat-maquillage","9":"product_cat-teint","10":"yith_product_brand-kiko","12":"first","13":"instock","14":"shipping-taxable","15":"purchasable","16":"product-type-simple"},"yoast_head":"<!-- This site is optimized with the Yoast SEO Premium plugin v20.8 (Yoast SEO v27.4) - https:\/\/yoast.com\/product\/yoast-seo-premium-wordpress\/ -->\n<title>KIKO Fond de Teint Mat Mousse 12 - Lab&eacute;ma Cosmetics<\/title>\n<meta name=\"description\" content=\"Kiko Mat Mousse Foundation, Id\u00e9al pour les peaux normales \u00e0 grasses,\u00a0 est le fond de teint en mousse enrichi d&#039;un m\u00e9lange d&#039;actifs \u00e0 action matifiante.\" \/>\n<meta name=\"robots\" content=\"index, follow, max-snippet:-1, max-image-preview:large, max-video-preview:-1\" \/>\n<link rel=\"canonical\" href=\"https:\/\/labemacosmetics.com\/en\/product\/fond-de-teint-mat-mousse-12\/\" \/>\n<meta property=\"og:locale\" content=\"en_GB\" \/>\n<meta property=\"og:type\" content=\"article\" \/>\n<meta property=\"og:title\" content=\"KIKO Fond de Teint Mat Mousse 12\" \/>\n<meta property=\"og:description\" content=\"Kiko Mat Mousse Foundation, Id\u00e9al pour les peaux normales \u00e0 grasses,\u00a0 est le fond de teint en mousse enrichi d&#039;un m\u00e9lange d&#039;actifs \u00e0 action matifiante.\" \/>\n<meta property=\"og:url\" content=\"https:\/\/labemacosmetics.com\/en\/product\/fond-de-teint-mat-mousse-12\/\" \/>\n<meta property=\"og:site_name\" content=\"Lab&eacute;ma Cosmetics\" \/>\n<meta property=\"article:publisher\" content=\"http:\/\/www.facebook.com\/labemacosmetics\" \/>\n<meta property=\"article:modified_time\" content=\"2023-05-21T07:04:05+00:00\" \/>\n<meta property=\"og:image\" content=\"https:\/\/labemacosmetics.com\/wp-content\/uploads\/2019\/10\/Kiko-Mat-Mousse-Foundation.png\" \/>\n\t<meta property=\"og:image:width\" content=\"600\" \/>\n\t<meta property=\"og:image:height\" content=\"726\" \/>\n\t<meta property=\"og:image:type\" content=\"image\/png\" \/>\n<meta name=\"twitter:card\" content=\"summary_large_image\" \/>\n<meta name=\"twitter:site\" content=\"@Labemasn\" \/>\n<meta name=\"twitter:label1\" content=\"Price\" \/>\n\t<meta name=\"twitter:data1\" content=\"6 000&nbsp;CFA\" \/>\n\t<meta name=\"twitter:label2\" content=\"Availability\" \/>\n\t<meta name=\"twitter:data2\" content=\"In stock\" \/>\n<script type=\"application\/ld+json\" class=\"yoast-schema-graph\">{\"@context\":\"https:\\\/\\\/schema.org\",\"@graph\":[{\"@type\":\"WebPage\",\"@id\":\"https:\\\/\\\/labemacosmetics.com\\\/produit\\\/fond-de-teint-mat-mousse-12\\\/\",\"url\":\"https:\\\/\\\/labemacosmetics.com\\\/produit\\\/fond-de-teint-mat-mousse-12\\\/\",\"name\":\"KIKO Fond de Teint Mat Mousse 12 - Lab&eacute;ma Cosmetics\",\"isPartOf\":{\"@id\":\"https:\\\/\\\/labemacosmetics.com\\\/#website\"},\"primaryImageOfPage\":{\"@id\":\"https:\\\/\\\/labemacosmetics.com\\\/produit\\\/fond-de-teint-mat-mousse-12\\\/#primaryimage\"},\"image\":{\"@id\":\"https:\\\/\\\/labemacosmetics.com\\\/produit\\\/fond-de-teint-mat-mousse-12\\\/#primaryimage\"},\"thumbnailUrl\":\"https:\\\/\\\/labemacosmetics.com\\\/wp-content\\\/uploads\\\/2019\\\/10\\\/Kiko-Mat-Mousse-Foundation.png\",\"datePublished\":\"2023-02-08T22:58:34+00:00\",\"dateModified\":\"2023-05-21T07:04:05+00:00\",\"description\":\"Kiko Mat Mousse Foundation, Id\u00e9al pour les peaux normales \u00e0 grasses,\u00a0 est le fond de teint en mousse enrichi d'un m\u00e9lange d'actifs \u00e0 action matifiante.\",\"breadcrumb\":{\"@id\":\"https:\\\/\\\/labemacosmetics.com\\\/produit\\\/fond-de-teint-mat-mousse-12\\\/#breadcrumb\"},\"inLanguage\":\"en-GB\",\"potentialAction\":[{\"@type\":\"ReadAction\",\"target\":[\"https:\\\/\\\/labemacosmetics.com\\\/produit\\\/fond-de-teint-mat-mousse-12\\\/\"]}]},{\"@type\":\"ImageObject\",\"inLanguage\":\"en-GB\",\"@id\":\"https:\\\/\\\/labemacosmetics.com\\\/produit\\\/fond-de-teint-mat-mousse-12\\\/#primaryimage\",\"url\":\"https:\\\/\\\/labemacosmetics.com\\\/wp-content\\\/uploads\\\/2019\\\/10\\\/Kiko-Mat-Mousse-Foundation.png\",\"contentUrl\":\"https:\\\/\\\/labemacosmetics.com\\\/wp-content\\\/uploads\\\/2019\\\/10\\\/Kiko-Mat-Mousse-Foundation.png\",\"width\":600,\"height\":726,\"caption\":\"KIKO Mat Mousse Foundation\"},{\"@type\":\"BreadcrumbList\",\"@id\":\"https:\\\/\\\/labemacosmetics.com\\\/produit\\\/fond-de-teint-mat-mousse-12\\\/#breadcrumb\",\"itemListElement\":[{\"@type\":\"ListItem\",\"position\":1,\"name\":\"Accueil\",\"item\":\"https:\\\/\\\/labemacosmetics.com\\\/\"},{\"@type\":\"ListItem\",\"position\":2,\"name\":\"Produits\",\"item\":\"https:\\\/\\\/labemacosmetics.com\\\/shop\\\/\"},{\"@type\":\"ListItem\",\"position\":3,\"name\":\"KIKO Fond de Teint Mat Mousse 12\"}]},{\"@type\":\"WebSite\",\"@id\":\"https:\\\/\\\/labemacosmetics.com\\\/#website\",\"url\":\"https:\\\/\\\/labemacosmetics.com\\\/\",\"name\":\"Lab&eacute;ma Cosmetics\",\"description\":\"\",\"potentialAction\":[{\"@type\":\"SearchAction\",\"target\":{\"@type\":\"EntryPoint\",\"urlTemplate\":\"https:\\\/\\\/labemacosmetics.com\\\/?s={search_term_string}\"},\"query-input\":{\"@type\":\"PropertyValueSpecification\",\"valueRequired\":true,\"valueName\":\"search_term_string\"}}],\"inLanguage\":\"en-GB\"}]}<\/script>\n<meta property=\"product:brand\" content=\"Kiko\" \/>\n<meta property=\"product:price:amount\" content=\"6000\" \/>\n<meta property=\"product:price:currency\" content=\"XOF\" \/>\n<meta property=\"og:availability\" content=\"instock\" \/>\n<meta property=\"product:availability\" content=\"instock\" \/>\n<meta property=\"product:condition\" content=\"new\" \/>\n<!-- \/ Yoast SEO Premium plugin. -->","yoast_head_json":{"title":"KIKO Fond de Teint Mat Mousse 12 - Lab&eacute;ma Cosmetics","description":"Kiko Mat Mousse Foundation, Id\u00e9al pour les peaux normales \u00e0 grasses,\u00a0 est le fond de teint en mousse enrichi d'un m\u00e9lange d'actifs \u00e0 action matifiante.","robots":{"index":"index","follow":"follow","max-snippet":"max-snippet:-1","max-image-preview":"max-image-preview:large","max-video-preview":"max-video-preview:-1"},"canonical":"https:\/\/labemacosmetics.com\/en\/product\/fond-de-teint-mat-mousse-12\/","og_locale":"en_GB","og_type":"article","og_title":"KIKO Fond de Teint Mat Mousse 12","og_description":"Kiko Mat Mousse Foundation, Id\u00e9al pour les peaux normales \u00e0 grasses,\u00a0 est le fond de teint en mousse enrichi d'un m\u00e9lange d'actifs \u00e0 action matifiante.","og_url":"https:\/\/labemacosmetics.com\/en\/product\/fond-de-teint-mat-mousse-12\/","og_site_name":"Lab&eacute;ma Cosmetics","article_publisher":"http:\/\/www.facebook.com\/labemacosmetics","article_modified_time":"2023-05-21T07:04:05+00:00","og_image":[{"width":600,"height":726,"url":"https:\/\/labemacosmetics.com\/wp-content\/uploads\/2019\/10\/Kiko-Mat-Mousse-Foundation.png","type":"image\/png"}],"twitter_card":"summary_large_image","twitter_site":"@Labemasn","twitter_misc":{"Price":"6 000&nbsp;CFA","Availability":"In stock"},"schema":{"@context":"https:\/\/schema.org","@graph":[{"@type":"WebPage","@id":"https:\/\/labemacosmetics.com\/produit\/fond-de-teint-mat-mousse-12\/","url":"https:\/\/labemacosmetics.com\/produit\/fond-de-teint-mat-mousse-12\/","name":"KIKO Fond de Teint Mat Mousse 12 - Lab&eacute;ma Cosmetics","isPartOf":{"@id":"https:\/\/labemacosmetics.com\/#website"},"primaryImageOfPage":{"@id":"https:\/\/labemacosmetics.com\/produit\/fond-de-teint-mat-mousse-12\/#primaryimage"},"image":{"@id":"https:\/\/labemacosmetics.com\/produit\/fond-de-teint-mat-mousse-12\/#primaryimage"},"thumbnailUrl":"https:\/\/labemacosmetics.com\/wp-content\/uploads\/2019\/10\/Kiko-Mat-Mousse-Foundation.png","datePublished":"2023-02-08T22:58:34+00:00","dateModified":"2023-05-21T07:04:05+00:00","description":"Kiko Mat Mousse Foundation, Id\u00e9al pour les peaux normales \u00e0 grasses,\u00a0 est le fond de teint en mousse enrichi d'un m\u00e9lange d'actifs \u00e0 action matifiante.","breadcrumb":{"@id":"https:\/\/labemacosmetics.com\/produit\/fond-de-teint-mat-mousse-12\/#breadcrumb"},"inLanguage":"en-GB","potentialAction":[{"@type":"ReadAction","target":["https:\/\/labemacosmetics.com\/produit\/fond-de-teint-mat-mousse-12\/"]}]},{"@type":"ImageObject","inLanguage":"en-GB","@id":"https:\/\/labemacosmetics.com\/produit\/fond-de-teint-mat-mousse-12\/#primaryimage","url":"https:\/\/labemacosmetics.com\/wp-content\/uploads\/2019\/10\/Kiko-Mat-Mousse-Foundation.png","contentUrl":"https:\/\/labemacosmetics.com\/wp-content\/uploads\/2019\/10\/Kiko-Mat-Mousse-Foundation.png","width":600,"height":726,"caption":"KIKO Mat Mousse Foundation"},{"@type":"BreadcrumbList","@id":"https:\/\/labemacosmetics.com\/produit\/fond-de-teint-mat-mousse-12\/#breadcrumb","itemListElement":[{"@type":"ListItem","position":1,"name":"Accueil","item":"https:\/\/labemacosmetics.com\/"},{"@type":"ListItem","position":2,"name":"Produits","item":"https:\/\/labemacosmetics.com\/shop\/"},{"@type":"ListItem","position":3,"name":"KIKO Fond de Teint Mat Mousse 12"}]},{"@type":"WebSite","@id":"https:\/\/labemacosmetics.com\/#website","url":"https:\/\/labemacosmetics.com\/","name":"Lab&eacute;ma Cosmetics","description":"","potentialAction":[{"@type":"SearchAction","target":{"@type":"EntryPoint","urlTemplate":"https:\/\/labemacosmetics.com\/?s={search_term_string}"},"query-input":{"@type":"PropertyValueSpecification","valueRequired":true,"valueName":"search_term_string"}}],"inLanguage":"en-GB"}]},"product_brand":"Kiko","product_price_amount":"6000","product_price_currency":"XOF","og_availability":"instock","product_availability":"instock","product_condition":"new"},"_links":{"self":[{"href":"https:\/\/labemacosmetics.com\/en\/wp-json\/wp\/v2\/product\/6874","targetHints":{"allow":["GET"]}}],"collection":[{"href":"https:\/\/labemacosmetics.com\/en\/wp-json\/wp\/v2\/product"}],"about":[{"href":"https:\/\/labemacosmetics.com\/en\/wp-json\/wp\/v2\/types\/product"}],"replies":[{"embeddable":true,"href":"https:\/\/labemacosmetics.com\/en\/wp-json\/wp\/v2\/comments?post=6874"}],"version-history":[{"count":0,"href":"https:\/\/labemacosmetics.com\/en\/wp-json\/wp\/v2\/product\/6874\/revisions"}],"wp:featuredmedia":[{"embeddable":true,"href":"https:\/\/labemacosmetics.com\/en\/wp-json\/wp\/v2\/media\/5475"}],"wp:attachment":[{"href":"https:\/\/labemacosmetics.com\/en\/wp-json\/wp\/v2\/media?parent=6874"}],"wp:term":[{"taxonomy":"product_brand","embeddable":true,"href":"https:\/\/labemacosmetics.com\/en\/wp-json\/wp\/v2\/product_brand?post=6874"},{"taxonomy":"product_cat","embeddable":true,"href":"https:\/\/labemacosmetics.com\/en\/wp-json\/wp\/v2\/product_cat?post=6874"},{"taxonomy":"product_tag","embeddable":true,"href":"https:\/\/labemacosmetics.com\/en\/wp-json\/wp\/v2\/product_tag?post=6874"}],"curies":[{"name":"wp","href":"https:\/\/api.w.org\/{rel}","templated":true}]}}