{"id":6864,"date":"2023-02-07T23:10:59","date_gmt":"2023-02-07T22:10:59","guid":{"rendered":"https:\/\/www.labemacosmetics.com\/?post_type=product&#038;p=6864"},"modified":"2023-10-09T17:45:31","modified_gmt":"2023-10-09T16:45:31","slug":"the-ordinary-alpha-arbutine-2-ha-serum","status":"publish","type":"product","link":"https:\/\/labemacosmetics.com\/en\/product\/the-ordinary-alpha-arbutine-2-ha-serum\/","title":{"rendered":"THE ORDINARY Alpha Arbutin 2% + HA &#8211; S\u00e9rum"},"content":{"rendered":"<p>Uniformisez le teint de votre peau gr\u00e2ce \u00e0 The Ordinary Alpha arbutin 2 % + HA de la marque innovante de soins de la peau. Ce s\u00e9rum concentr\u00e9 associe de l&rsquo;alpha arbutine purifi\u00e9e et de l&rsquo;acide hyaluronique pour aider \u00e0 minimiser l&rsquo;apparence des taches de vieillesse, de l&rsquo;hyperpigmentation et des d\u00e9colorations.<\/p>\n<p>L\u00e9ger et \u00e0 absorption rapide, ce s\u00e9rum en grand format offre des propri\u00e9t\u00e9s \u00e9claircissantes gr\u00e2ce \u00e0 2\u00a0% d&rsquo;alpha arbutine qui r\u00e9duit la production de m\u00e9lanine. L&rsquo;acide hyaluronique offre une meilleure diffusion et agit en profondeur sous la surface de la peau pour favoriser un teint plus uniforme.<\/p>\n<p>Sans alcool, sans silicone, sans noix et sans gluten.<\/p>\n<h2 class=\"title\">Utilisation The Ordinary Alpha arbutin<\/h2>\n<p>A appliquer sur peau humide pour un meilleur effet hydratant et pour qu&rsquo;il soit plus facile \u00e0 \u00e9taler<\/p>\n<h2>Ingr\u00e9dients<\/h2>\n<p>Aqua (Water), Alpha-Arbutin, Polyacrylate Crosspolymer-6, Hydrolyzed Sodium Hyaluronate, Propanediol, PPG-26-Buteth-26, PEG-40 Hydrogenated Castor Oil, Lactic Acid, Trisodium Ethylenediamine Disuccinate, Ethoxydiglycol, Phenoxyethanol, Chlorphenesin.<\/p>","protected":false},"excerpt":{"rendered":"<p style=\"text-align: left;\">L&rsquo;alpha arbutin r\u00e9duit l&rsquo;apparence des taches de vieillesse et peut aider \u00e0 am\u00e9liorer le teint de la peau. Il est utilis\u00e9 \u00e0 une concentration \u00e9lev\u00e9e de 2 % par rapport \u00e0 une concentration standard de 1% et soutenu par une forme d&rsquo;acide hyaluronique de nouvelle g\u00e9n\u00e9ration pour une livraison am\u00e9lior\u00e9e. L&rsquo;alpha arbutine a un effet beaucoup plus fort que l&rsquo;arbutine ou la b\u00eata arbutine.<\/p>","protected":false},"featured_media":6866,"comment_status":"open","ping_status":"closed","template":"","meta":{"om_disable_all_campaigns":false,"_mi_skip_tracking":false,"_monsterinsights_sitenote_active":false,"_monsterinsights_sitenote_note":"","_monsterinsights_sitenote_category":0},"product_brand":[],"product_cat":[127,515,514,516,517,512,1745,128,513],"product_tag":[],"class_list":{"0":"post-6864","1":"product","2":"type-product","3":"status-publish","4":"has-post-thumbnail","6":"product_cat-boutique","7":"product_cat-peaux-mixtes-a-grasses","8":"product_cat-peaux-normales","9":"product_cat-peaux-seches","10":"product_cat-peaux-sensibles","11":"product_cat-produits-par-besoin","12":"product_cat-serums","13":"product_cat-soin-de-visage","14":"product_cat-type-de-peau","15":"yith_product_brand-the-ordinary","17":"first","18":"instock","19":"shipping-taxable","20":"purchasable","21":"product-type-simple"},"yoast_head":"<!-- This site is optimized with the Yoast SEO Premium plugin v20.8 (Yoast SEO v27.4) - https:\/\/yoast.com\/product\/yoast-seo-premium-wordpress\/ -->\n<title>THE ORDINARY Alpha Arbutin 2% + HA - S\u00e9rum<\/title>\n<meta name=\"description\" content=\"Uniformisez le teint de votre peau gr\u00e2ce \u00e0 The Ordinary Alpha arbutine 2 % + HA de la marque innovante de soins de la peau.\" \/>\n<meta name=\"robots\" content=\"index, follow, max-snippet:-1, max-image-preview:large, max-video-preview:-1\" \/>\n<link rel=\"canonical\" href=\"https:\/\/labemacosmetics.com\/en\/product\/the-ordinary-alpha-arbutine-2-ha-serum\/\" \/>\n<meta property=\"og:locale\" content=\"en_GB\" \/>\n<meta property=\"og:type\" content=\"article\" \/>\n<meta property=\"og:title\" content=\"THE ORDINARY Alpha Arbutin 2% + HA - S\u00e9rum\" \/>\n<meta property=\"og:description\" content=\"Uniformisez le teint de votre peau gr\u00e2ce \u00e0 The Ordinary Alpha arbutine 2 % + HA de la marque innovante de soins de la peau.\" \/>\n<meta property=\"og:url\" content=\"https:\/\/labemacosmetics.com\/en\/product\/the-ordinary-alpha-arbutine-2-ha-serum\/\" \/>\n<meta property=\"og:site_name\" content=\"Lab&eacute;ma Cosmetics\" \/>\n<meta property=\"article:publisher\" content=\"http:\/\/www.facebook.com\/labemacosmetics\" \/>\n<meta property=\"article:modified_time\" content=\"2023-10-09T16:45:31+00:00\" \/>\n<meta property=\"og:image\" content=\"https:\/\/labemacosmetics.com\/wp-content\/uploads\/2023\/02\/the-ordinary-alpha-arbutine-2-ha-serum-anti-hyper-pigmentation.jpg\" \/>\n\t<meta property=\"og:image:width\" content=\"1000\" \/>\n\t<meta property=\"og:image:height\" content=\"1000\" \/>\n\t<meta property=\"og:image:type\" content=\"image\/jpeg\" \/>\n<meta name=\"twitter:card\" content=\"summary_large_image\" \/>\n<meta name=\"twitter:site\" content=\"@Labemasn\" \/>\n<meta name=\"twitter:label1\" content=\"Price\" \/>\n\t<meta name=\"twitter:data1\" content=\"12 000&nbsp;CFA\" \/>\n\t<meta name=\"twitter:label2\" content=\"Availability\" \/>\n\t<meta name=\"twitter:data2\" content=\"In stock\" \/>\n<script type=\"application\/ld+json\" class=\"yoast-schema-graph\">{\"@context\":\"https:\\\/\\\/schema.org\",\"@graph\":[{\"@type\":\"WebPage\",\"@id\":\"https:\\\/\\\/labemacosmetics.com\\\/produit\\\/the-ordinary-alpha-arbutine-2-ha-serum\\\/\",\"url\":\"https:\\\/\\\/labemacosmetics.com\\\/produit\\\/the-ordinary-alpha-arbutine-2-ha-serum\\\/\",\"name\":\"THE ORDINARY Alpha Arbutin 2% + HA - S\u00e9rum\",\"isPartOf\":{\"@id\":\"https:\\\/\\\/labemacosmetics.com\\\/#website\"},\"primaryImageOfPage\":{\"@id\":\"https:\\\/\\\/labemacosmetics.com\\\/produit\\\/the-ordinary-alpha-arbutine-2-ha-serum\\\/#primaryimage\"},\"image\":{\"@id\":\"https:\\\/\\\/labemacosmetics.com\\\/produit\\\/the-ordinary-alpha-arbutine-2-ha-serum\\\/#primaryimage\"},\"thumbnailUrl\":\"https:\\\/\\\/labemacosmetics.com\\\/wp-content\\\/uploads\\\/2023\\\/02\\\/the-ordinary-alpha-arbutine-2-ha-serum-anti-hyper-pigmentation.jpg\",\"datePublished\":\"2023-02-07T22:10:59+00:00\",\"dateModified\":\"2023-10-09T16:45:31+00:00\",\"description\":\"Uniformisez le teint de votre peau gr\u00e2ce \u00e0 The Ordinary Alpha arbutine 2 % + HA de la marque innovante de soins de la peau.\",\"breadcrumb\":{\"@id\":\"https:\\\/\\\/labemacosmetics.com\\\/produit\\\/the-ordinary-alpha-arbutine-2-ha-serum\\\/#breadcrumb\"},\"inLanguage\":\"en-GB\",\"potentialAction\":[{\"@type\":\"ReadAction\",\"target\":[\"https:\\\/\\\/labemacosmetics.com\\\/produit\\\/the-ordinary-alpha-arbutine-2-ha-serum\\\/\"]}]},{\"@type\":\"ImageObject\",\"inLanguage\":\"en-GB\",\"@id\":\"https:\\\/\\\/labemacosmetics.com\\\/produit\\\/the-ordinary-alpha-arbutine-2-ha-serum\\\/#primaryimage\",\"url\":\"https:\\\/\\\/labemacosmetics.com\\\/wp-content\\\/uploads\\\/2023\\\/02\\\/the-ordinary-alpha-arbutine-2-ha-serum-anti-hyper-pigmentation.jpg\",\"contentUrl\":\"https:\\\/\\\/labemacosmetics.com\\\/wp-content\\\/uploads\\\/2023\\\/02\\\/the-ordinary-alpha-arbutine-2-ha-serum-anti-hyper-pigmentation.jpg\",\"width\":1000,\"height\":1000,\"caption\":\"The ordinary Alpha Arbutine\"},{\"@type\":\"BreadcrumbList\",\"@id\":\"https:\\\/\\\/labemacosmetics.com\\\/produit\\\/the-ordinary-alpha-arbutine-2-ha-serum\\\/#breadcrumb\",\"itemListElement\":[{\"@type\":\"ListItem\",\"position\":1,\"name\":\"Accueil\",\"item\":\"https:\\\/\\\/labemacosmetics.com\\\/\"},{\"@type\":\"ListItem\",\"position\":2,\"name\":\"Produits\",\"item\":\"https:\\\/\\\/labemacosmetics.com\\\/shop\\\/\"},{\"@type\":\"ListItem\",\"position\":3,\"name\":\"THE ORDINARY Alpha Arbutin 2% + HA &#8211; S\u00e9rum\"}]},{\"@type\":\"WebSite\",\"@id\":\"https:\\\/\\\/labemacosmetics.com\\\/#website\",\"url\":\"https:\\\/\\\/labemacosmetics.com\\\/\",\"name\":\"Lab&eacute;ma Cosmetics\",\"description\":\"\",\"potentialAction\":[{\"@type\":\"SearchAction\",\"target\":{\"@type\":\"EntryPoint\",\"urlTemplate\":\"https:\\\/\\\/labemacosmetics.com\\\/?s={search_term_string}\"},\"query-input\":{\"@type\":\"PropertyValueSpecification\",\"valueRequired\":true,\"valueName\":\"search_term_string\"}}],\"inLanguage\":\"en-GB\"}]}<\/script>\n<meta property=\"product:brand\" content=\"The Ordinary\" \/>\n<meta property=\"product:price:amount\" content=\"12000\" \/>\n<meta property=\"product:price:currency\" content=\"XOF\" \/>\n<meta property=\"og:availability\" content=\"instock\" \/>\n<meta property=\"product:availability\" content=\"instock\" \/>\n<meta property=\"product:retailer_item_id\" content=\"Labema 313\" \/>\n<meta property=\"product:condition\" content=\"new\" \/>\n<!-- \/ Yoast SEO Premium plugin. -->","yoast_head_json":{"title":"THE ORDINARY Alpha Arbutin 2% + HA - S\u00e9rum","description":"Uniformisez le teint de votre peau gr\u00e2ce \u00e0 The Ordinary Alpha arbutine 2 % + HA de la marque innovante de soins de la peau.","robots":{"index":"index","follow":"follow","max-snippet":"max-snippet:-1","max-image-preview":"max-image-preview:large","max-video-preview":"max-video-preview:-1"},"canonical":"https:\/\/labemacosmetics.com\/en\/product\/the-ordinary-alpha-arbutine-2-ha-serum\/","og_locale":"en_GB","og_type":"article","og_title":"THE ORDINARY Alpha Arbutin 2% + HA - S\u00e9rum","og_description":"Uniformisez le teint de votre peau gr\u00e2ce \u00e0 The Ordinary Alpha arbutine 2 % + HA de la marque innovante de soins de la peau.","og_url":"https:\/\/labemacosmetics.com\/en\/product\/the-ordinary-alpha-arbutine-2-ha-serum\/","og_site_name":"Lab&eacute;ma Cosmetics","article_publisher":"http:\/\/www.facebook.com\/labemacosmetics","article_modified_time":"2023-10-09T16:45:31+00:00","og_image":[{"width":1000,"height":1000,"url":"https:\/\/labemacosmetics.com\/wp-content\/uploads\/2023\/02\/the-ordinary-alpha-arbutine-2-ha-serum-anti-hyper-pigmentation.jpg","type":"image\/jpeg"}],"twitter_card":"summary_large_image","twitter_site":"@Labemasn","twitter_misc":{"Price":"12 000&nbsp;CFA","Availability":"In stock"},"schema":{"@context":"https:\/\/schema.org","@graph":[{"@type":"WebPage","@id":"https:\/\/labemacosmetics.com\/produit\/the-ordinary-alpha-arbutine-2-ha-serum\/","url":"https:\/\/labemacosmetics.com\/produit\/the-ordinary-alpha-arbutine-2-ha-serum\/","name":"THE ORDINARY Alpha Arbutin 2% + HA - S\u00e9rum","isPartOf":{"@id":"https:\/\/labemacosmetics.com\/#website"},"primaryImageOfPage":{"@id":"https:\/\/labemacosmetics.com\/produit\/the-ordinary-alpha-arbutine-2-ha-serum\/#primaryimage"},"image":{"@id":"https:\/\/labemacosmetics.com\/produit\/the-ordinary-alpha-arbutine-2-ha-serum\/#primaryimage"},"thumbnailUrl":"https:\/\/labemacosmetics.com\/wp-content\/uploads\/2023\/02\/the-ordinary-alpha-arbutine-2-ha-serum-anti-hyper-pigmentation.jpg","datePublished":"2023-02-07T22:10:59+00:00","dateModified":"2023-10-09T16:45:31+00:00","description":"Uniformisez le teint de votre peau gr\u00e2ce \u00e0 The Ordinary Alpha arbutine 2 % + HA de la marque innovante de soins de la peau.","breadcrumb":{"@id":"https:\/\/labemacosmetics.com\/produit\/the-ordinary-alpha-arbutine-2-ha-serum\/#breadcrumb"},"inLanguage":"en-GB","potentialAction":[{"@type":"ReadAction","target":["https:\/\/labemacosmetics.com\/produit\/the-ordinary-alpha-arbutine-2-ha-serum\/"]}]},{"@type":"ImageObject","inLanguage":"en-GB","@id":"https:\/\/labemacosmetics.com\/produit\/the-ordinary-alpha-arbutine-2-ha-serum\/#primaryimage","url":"https:\/\/labemacosmetics.com\/wp-content\/uploads\/2023\/02\/the-ordinary-alpha-arbutine-2-ha-serum-anti-hyper-pigmentation.jpg","contentUrl":"https:\/\/labemacosmetics.com\/wp-content\/uploads\/2023\/02\/the-ordinary-alpha-arbutine-2-ha-serum-anti-hyper-pigmentation.jpg","width":1000,"height":1000,"caption":"The ordinary Alpha Arbutine"},{"@type":"BreadcrumbList","@id":"https:\/\/labemacosmetics.com\/produit\/the-ordinary-alpha-arbutine-2-ha-serum\/#breadcrumb","itemListElement":[{"@type":"ListItem","position":1,"name":"Accueil","item":"https:\/\/labemacosmetics.com\/"},{"@type":"ListItem","position":2,"name":"Produits","item":"https:\/\/labemacosmetics.com\/shop\/"},{"@type":"ListItem","position":3,"name":"THE ORDINARY Alpha Arbutin 2% + HA &#8211; S\u00e9rum"}]},{"@type":"WebSite","@id":"https:\/\/labemacosmetics.com\/#website","url":"https:\/\/labemacosmetics.com\/","name":"Lab&eacute;ma Cosmetics","description":"","potentialAction":[{"@type":"SearchAction","target":{"@type":"EntryPoint","urlTemplate":"https:\/\/labemacosmetics.com\/?s={search_term_string}"},"query-input":{"@type":"PropertyValueSpecification","valueRequired":true,"valueName":"search_term_string"}}],"inLanguage":"en-GB"}]},"product_brand":"The Ordinary","product_price_amount":"12000","product_price_currency":"XOF","og_availability":"instock","product_availability":"instock","product_retailer_item_id":"Labema 313","product_condition":"new"},"_links":{"self":[{"href":"https:\/\/labemacosmetics.com\/en\/wp-json\/wp\/v2\/product\/6864","targetHints":{"allow":["GET"]}}],"collection":[{"href":"https:\/\/labemacosmetics.com\/en\/wp-json\/wp\/v2\/product"}],"about":[{"href":"https:\/\/labemacosmetics.com\/en\/wp-json\/wp\/v2\/types\/product"}],"replies":[{"embeddable":true,"href":"https:\/\/labemacosmetics.com\/en\/wp-json\/wp\/v2\/comments?post=6864"}],"version-history":[{"count":3,"href":"https:\/\/labemacosmetics.com\/en\/wp-json\/wp\/v2\/product\/6864\/revisions"}],"predecessor-version":[{"id":9256,"href":"https:\/\/labemacosmetics.com\/en\/wp-json\/wp\/v2\/product\/6864\/revisions\/9256"}],"wp:featuredmedia":[{"embeddable":true,"href":"https:\/\/labemacosmetics.com\/en\/wp-json\/wp\/v2\/media\/6866"}],"wp:attachment":[{"href":"https:\/\/labemacosmetics.com\/en\/wp-json\/wp\/v2\/media?parent=6864"}],"wp:term":[{"taxonomy":"product_brand","embeddable":true,"href":"https:\/\/labemacosmetics.com\/en\/wp-json\/wp\/v2\/product_brand?post=6864"},{"taxonomy":"product_cat","embeddable":true,"href":"https:\/\/labemacosmetics.com\/en\/wp-json\/wp\/v2\/product_cat?post=6864"},{"taxonomy":"product_tag","embeddable":true,"href":"https:\/\/labemacosmetics.com\/en\/wp-json\/wp\/v2\/product_tag?post=6864"}],"curies":[{"name":"wp","href":"https:\/\/api.w.org\/{rel}","templated":true}]}}