{"id":6859,"date":"2023-02-07T22:20:55","date_gmt":"2023-02-07T21:20:55","guid":{"rendered":"https:\/\/www.labemacosmetics.com\/?post_type=product&#038;p=6859"},"modified":"2023-10-26T02:35:46","modified_gmt":"2023-10-26T01:35:46","slug":"acide-hyaluronique-2-b5-serum-hydratant","status":"publish","type":"product","link":"https:\/\/labemacosmetics.com\/en\/product\/acide-hyaluronique-2-b5-serum-hydratant\/","title":{"rendered":"The Ordinary Acide Hyaluronique 2% + B5 &#8211; S\u00e9rum Hydratant"},"content":{"rendered":"<h3>Description :<\/h3>\n<p>Une formule hydratante \u00e0 base d\u2019Acide Hyaluronique vegan ultra-pur. Le poids mol\u00e9culaire de l\u2019Acide Hyaluronique d\u00e9termine sa capacit\u00e9 \u00e0 agir en profondeur dans la peau. Cette formule contient 3 poids mol\u00e9culaires d\u2019Acide Hyaluronique (haut, moyen et bas), ainsi qu\u2019un polym\u00e8re r\u00e9ticul\u00e9 d\u2019Acide Hyaluronique de nouvelle g\u00e9n\u00e9ration, offrant une hydratation multicouche (en surface et en profondeur), sans huile. Cette concentration de 2% d\u2019Acide Hyaluronique est soutenue par la pr\u00e9sence de Vitamine B5, qui renforce l\u2019hydratation de la surface de la peau.<\/p>\n<h3>Utilisation :<\/h3>\n<p>Appliquer quelques gouttes sur le visage matin et soir avant les cr\u00e8mes. En cas d&rsquo;irritation, cesser l&rsquo;utilisation et consulter un m\u00e9decin. Utiliser uniquement conform\u00e9ment au mode d&#8217;emploi sur une peau intacte. Il est conseill\u00e9 d&rsquo;effectuer un test cutan\u00e9 avant l&rsquo;utilisation. Pour un guide d\u00e9taill\u00e9 sur la<br \/>\nproc\u00e9dure \u00e0 suivre pour effectuer un test cutan\u00e9, consulter notre site Internet. Garder hors de port\u00e9e des enfants.<\/p>","protected":false},"excerpt":{"rendered":"<p>Une formule hydratante \u00e0 base d&rsquo;Acide Hyaluronique vegan ultra-pur. Le poids mol\u00e9culaire de l&rsquo;Acide Hyaluronique d\u00e9termine sa capacit\u00e9 \u00e0 agir en profondeur dans la peau. Cette formule contient 3 poids mol\u00e9culaires d&rsquo;Acide Hyaluronique (haut, moyen et bas), ainsi qu&rsquo;un polym\u00e8re r\u00e9ticul\u00e9 d&rsquo;Acide Hyaluronique de nouvelle g\u00e9n\u00e9ration, offrant une hydratation multicouche (en surface et en profondeur), sans huile. Cette concentration de 2% d&rsquo;Acide Hyaluronique est soutenue par la pr\u00e9sence de Vitamine B5, qui renforce l&rsquo;hydratation de la surface de la peau.<\/p>","protected":false},"featured_media":6861,"comment_status":"open","ping_status":"closed","template":"","meta":{"om_disable_all_campaigns":false,"_mi_skip_tracking":false,"_monsterinsights_sitenote_active":false,"_monsterinsights_sitenote_note":"","_monsterinsights_sitenote_category":0},"product_brand":[],"product_cat":[1747,515,514,516,517,1745,128,513],"product_tag":[],"class_list":{"0":"post-6859","1":"product","2":"type-product","3":"status-publish","4":"has-post-thumbnail","6":"product_cat-peaux-a-tendances-acneiques","7":"product_cat-peaux-mixtes-a-grasses","8":"product_cat-peaux-normales","9":"product_cat-peaux-seches","10":"product_cat-peaux-sensibles","11":"product_cat-serums","12":"product_cat-soin-de-visage","13":"product_cat-type-de-peau","14":"yith_product_brand-the-ordinary","16":"first","17":"instock","18":"shipping-taxable","19":"purchasable","20":"product-type-simple"},"yoast_head":"<!-- This site is optimized with the Yoast SEO Premium plugin v20.8 (Yoast SEO v27.4) - https:\/\/yoast.com\/product\/yoast-seo-premium-wordpress\/ -->\n<title>The Ordinary Acide Hyaluronique 2% + B5 - S\u00e9rum Hydratant | Dakar<\/title>\n<meta name=\"description\" content=\"Une formule hydratante \u00e0 base d&#039;Acide Hyaluronique vegan ultra-pur. Le poids mol\u00e9culaire de l&#039;Acide Hyaluronique d\u00e9termine sa capacit\u00e9 \u00e0 agir en profondeur dans la peau.\" \/>\n<meta name=\"robots\" content=\"index, follow, max-snippet:-1, max-image-preview:large, max-video-preview:-1\" \/>\n<link rel=\"canonical\" href=\"https:\/\/labemacosmetics.com\/en\/product\/acide-hyaluronique-2-b5-serum-hydratant\/\" \/>\n<meta property=\"og:locale\" content=\"en_GB\" \/>\n<meta property=\"og:type\" content=\"article\" \/>\n<meta property=\"og:title\" content=\"The Ordinary Acide Hyaluronique 2% + B5 - S\u00e9rum Hydratant\" \/>\n<meta property=\"og:description\" content=\"Une formule hydratante \u00e0 base d&#039;Acide Hyaluronique vegan ultra-pur. Le poids mol\u00e9culaire de l&#039;Acide Hyaluronique d\u00e9termine sa capacit\u00e9 \u00e0 agir en profondeur dans la peau.\" \/>\n<meta property=\"og:url\" content=\"https:\/\/labemacosmetics.com\/en\/product\/acide-hyaluronique-2-b5-serum-hydratant\/\" \/>\n<meta property=\"og:site_name\" content=\"Lab&eacute;ma Cosmetics\" \/>\n<meta property=\"article:publisher\" content=\"http:\/\/www.facebook.com\/labemacosmetics\" \/>\n<meta property=\"article:modified_time\" content=\"2023-10-26T01:35:46+00:00\" \/>\n<meta property=\"og:image\" content=\"https:\/\/labemacosmetics.com\/wp-content\/uploads\/2023\/02\/The-ordinary-Acide-Hyaluronique-2-B5-Serum-Hydratant.jpg\" \/>\n\t<meta property=\"og:image:width\" content=\"322\" \/>\n\t<meta property=\"og:image:height\" content=\"323\" \/>\n\t<meta property=\"og:image:type\" content=\"image\/jpeg\" \/>\n<meta name=\"twitter:card\" content=\"summary_large_image\" \/>\n<meta name=\"twitter:site\" content=\"@Labemasn\" \/>\n<meta name=\"twitter:label1\" content=\"Price\" \/>\n\t<meta name=\"twitter:data1\" content=\"9 000&nbsp;CFA\" \/>\n\t<meta name=\"twitter:label2\" content=\"Availability\" \/>\n\t<meta name=\"twitter:data2\" content=\"In stock\" \/>\n<script type=\"application\/ld+json\" class=\"yoast-schema-graph\">{\"@context\":\"https:\\\/\\\/schema.org\",\"@graph\":[{\"@type\":\"WebPage\",\"@id\":\"https:\\\/\\\/labemacosmetics.com\\\/produit\\\/acide-hyaluronique-2-b5-serum-hydratant\\\/\",\"url\":\"https:\\\/\\\/labemacosmetics.com\\\/produit\\\/acide-hyaluronique-2-b5-serum-hydratant\\\/\",\"name\":\"The Ordinary Acide Hyaluronique 2% + B5 - S\u00e9rum Hydratant | Dakar\",\"isPartOf\":{\"@id\":\"https:\\\/\\\/labemacosmetics.com\\\/#website\"},\"primaryImageOfPage\":{\"@id\":\"https:\\\/\\\/labemacosmetics.com\\\/produit\\\/acide-hyaluronique-2-b5-serum-hydratant\\\/#primaryimage\"},\"image\":{\"@id\":\"https:\\\/\\\/labemacosmetics.com\\\/produit\\\/acide-hyaluronique-2-b5-serum-hydratant\\\/#primaryimage\"},\"thumbnailUrl\":\"https:\\\/\\\/labemacosmetics.com\\\/wp-content\\\/uploads\\\/2023\\\/02\\\/The-ordinary-Acide-Hyaluronique-2-B5-Serum-Hydratant.jpg\",\"datePublished\":\"2023-02-07T21:20:55+00:00\",\"dateModified\":\"2023-10-26T01:35:46+00:00\",\"description\":\"Une formule hydratante \u00e0 base d'Acide Hyaluronique vegan ultra-pur. Le poids mol\u00e9culaire de l'Acide Hyaluronique d\u00e9termine sa capacit\u00e9 \u00e0 agir en profondeur dans la peau.\",\"breadcrumb\":{\"@id\":\"https:\\\/\\\/labemacosmetics.com\\\/produit\\\/acide-hyaluronique-2-b5-serum-hydratant\\\/#breadcrumb\"},\"inLanguage\":\"en-GB\",\"potentialAction\":[{\"@type\":\"ReadAction\",\"target\":[\"https:\\\/\\\/labemacosmetics.com\\\/produit\\\/acide-hyaluronique-2-b5-serum-hydratant\\\/\"]}]},{\"@type\":\"ImageObject\",\"inLanguage\":\"en-GB\",\"@id\":\"https:\\\/\\\/labemacosmetics.com\\\/produit\\\/acide-hyaluronique-2-b5-serum-hydratant\\\/#primaryimage\",\"url\":\"https:\\\/\\\/labemacosmetics.com\\\/wp-content\\\/uploads\\\/2023\\\/02\\\/The-ordinary-Acide-Hyaluronique-2-B5-Serum-Hydratant.jpg\",\"contentUrl\":\"https:\\\/\\\/labemacosmetics.com\\\/wp-content\\\/uploads\\\/2023\\\/02\\\/The-ordinary-Acide-Hyaluronique-2-B5-Serum-Hydratant.jpg\",\"width\":322,\"height\":323},{\"@type\":\"BreadcrumbList\",\"@id\":\"https:\\\/\\\/labemacosmetics.com\\\/produit\\\/acide-hyaluronique-2-b5-serum-hydratant\\\/#breadcrumb\",\"itemListElement\":[{\"@type\":\"ListItem\",\"position\":1,\"name\":\"Accueil\",\"item\":\"https:\\\/\\\/labemacosmetics.com\\\/\"},{\"@type\":\"ListItem\",\"position\":2,\"name\":\"Produits\",\"item\":\"https:\\\/\\\/labemacosmetics.com\\\/shop\\\/\"},{\"@type\":\"ListItem\",\"position\":3,\"name\":\"The Ordinary Acide Hyaluronique 2% + B5 &#8211; S\u00e9rum Hydratant\"}]},{\"@type\":\"WebSite\",\"@id\":\"https:\\\/\\\/labemacosmetics.com\\\/#website\",\"url\":\"https:\\\/\\\/labemacosmetics.com\\\/\",\"name\":\"Lab&eacute;ma Cosmetics\",\"description\":\"\",\"potentialAction\":[{\"@type\":\"SearchAction\",\"target\":{\"@type\":\"EntryPoint\",\"urlTemplate\":\"https:\\\/\\\/labemacosmetics.com\\\/?s={search_term_string}\"},\"query-input\":{\"@type\":\"PropertyValueSpecification\",\"valueRequired\":true,\"valueName\":\"search_term_string\"}}],\"inLanguage\":\"en-GB\"}]}<\/script>\n<meta property=\"product:brand\" content=\"The Ordinary\" \/>\n<meta property=\"product:price:amount\" content=\"9000\" \/>\n<meta property=\"product:price:currency\" content=\"XOF\" \/>\n<meta property=\"og:availability\" content=\"instock\" \/>\n<meta property=\"product:availability\" content=\"instock\" \/>\n<meta property=\"product:retailer_item_id\" content=\"Labema 314\" \/>\n<meta property=\"product:condition\" content=\"new\" \/>\n<!-- \/ Yoast SEO Premium plugin. -->","yoast_head_json":{"title":"The Ordinary Acide Hyaluronique 2% + B5 - S\u00e9rum Hydratant | Dakar","description":"Une formule hydratante \u00e0 base d'Acide Hyaluronique vegan ultra-pur. Le poids mol\u00e9culaire de l'Acide Hyaluronique d\u00e9termine sa capacit\u00e9 \u00e0 agir en profondeur dans la peau.","robots":{"index":"index","follow":"follow","max-snippet":"max-snippet:-1","max-image-preview":"max-image-preview:large","max-video-preview":"max-video-preview:-1"},"canonical":"https:\/\/labemacosmetics.com\/en\/product\/acide-hyaluronique-2-b5-serum-hydratant\/","og_locale":"en_GB","og_type":"article","og_title":"The Ordinary Acide Hyaluronique 2% + B5 - S\u00e9rum Hydratant","og_description":"Une formule hydratante \u00e0 base d'Acide Hyaluronique vegan ultra-pur. Le poids mol\u00e9culaire de l'Acide Hyaluronique d\u00e9termine sa capacit\u00e9 \u00e0 agir en profondeur dans la peau.","og_url":"https:\/\/labemacosmetics.com\/en\/product\/acide-hyaluronique-2-b5-serum-hydratant\/","og_site_name":"Lab&eacute;ma Cosmetics","article_publisher":"http:\/\/www.facebook.com\/labemacosmetics","article_modified_time":"2023-10-26T01:35:46+00:00","og_image":[{"width":322,"height":323,"url":"https:\/\/labemacosmetics.com\/wp-content\/uploads\/2023\/02\/The-ordinary-Acide-Hyaluronique-2-B5-Serum-Hydratant.jpg","type":"image\/jpeg"}],"twitter_card":"summary_large_image","twitter_site":"@Labemasn","twitter_misc":{"Price":"9 000&nbsp;CFA","Availability":"In stock"},"schema":{"@context":"https:\/\/schema.org","@graph":[{"@type":"WebPage","@id":"https:\/\/labemacosmetics.com\/produit\/acide-hyaluronique-2-b5-serum-hydratant\/","url":"https:\/\/labemacosmetics.com\/produit\/acide-hyaluronique-2-b5-serum-hydratant\/","name":"The Ordinary Acide Hyaluronique 2% + B5 - S\u00e9rum Hydratant | Dakar","isPartOf":{"@id":"https:\/\/labemacosmetics.com\/#website"},"primaryImageOfPage":{"@id":"https:\/\/labemacosmetics.com\/produit\/acide-hyaluronique-2-b5-serum-hydratant\/#primaryimage"},"image":{"@id":"https:\/\/labemacosmetics.com\/produit\/acide-hyaluronique-2-b5-serum-hydratant\/#primaryimage"},"thumbnailUrl":"https:\/\/labemacosmetics.com\/wp-content\/uploads\/2023\/02\/The-ordinary-Acide-Hyaluronique-2-B5-Serum-Hydratant.jpg","datePublished":"2023-02-07T21:20:55+00:00","dateModified":"2023-10-26T01:35:46+00:00","description":"Une formule hydratante \u00e0 base d'Acide Hyaluronique vegan ultra-pur. Le poids mol\u00e9culaire de l'Acide Hyaluronique d\u00e9termine sa capacit\u00e9 \u00e0 agir en profondeur dans la peau.","breadcrumb":{"@id":"https:\/\/labemacosmetics.com\/produit\/acide-hyaluronique-2-b5-serum-hydratant\/#breadcrumb"},"inLanguage":"en-GB","potentialAction":[{"@type":"ReadAction","target":["https:\/\/labemacosmetics.com\/produit\/acide-hyaluronique-2-b5-serum-hydratant\/"]}]},{"@type":"ImageObject","inLanguage":"en-GB","@id":"https:\/\/labemacosmetics.com\/produit\/acide-hyaluronique-2-b5-serum-hydratant\/#primaryimage","url":"https:\/\/labemacosmetics.com\/wp-content\/uploads\/2023\/02\/The-ordinary-Acide-Hyaluronique-2-B5-Serum-Hydratant.jpg","contentUrl":"https:\/\/labemacosmetics.com\/wp-content\/uploads\/2023\/02\/The-ordinary-Acide-Hyaluronique-2-B5-Serum-Hydratant.jpg","width":322,"height":323},{"@type":"BreadcrumbList","@id":"https:\/\/labemacosmetics.com\/produit\/acide-hyaluronique-2-b5-serum-hydratant\/#breadcrumb","itemListElement":[{"@type":"ListItem","position":1,"name":"Accueil","item":"https:\/\/labemacosmetics.com\/"},{"@type":"ListItem","position":2,"name":"Produits","item":"https:\/\/labemacosmetics.com\/shop\/"},{"@type":"ListItem","position":3,"name":"The Ordinary Acide Hyaluronique 2% + B5 &#8211; S\u00e9rum Hydratant"}]},{"@type":"WebSite","@id":"https:\/\/labemacosmetics.com\/#website","url":"https:\/\/labemacosmetics.com\/","name":"Lab&eacute;ma Cosmetics","description":"","potentialAction":[{"@type":"SearchAction","target":{"@type":"EntryPoint","urlTemplate":"https:\/\/labemacosmetics.com\/?s={search_term_string}"},"query-input":{"@type":"PropertyValueSpecification","valueRequired":true,"valueName":"search_term_string"}}],"inLanguage":"en-GB"}]},"product_brand":"The Ordinary","product_price_amount":"9000","product_price_currency":"XOF","og_availability":"instock","product_availability":"instock","product_retailer_item_id":"Labema 314","product_condition":"new"},"_links":{"self":[{"href":"https:\/\/labemacosmetics.com\/en\/wp-json\/wp\/v2\/product\/6859","targetHints":{"allow":["GET"]}}],"collection":[{"href":"https:\/\/labemacosmetics.com\/en\/wp-json\/wp\/v2\/product"}],"about":[{"href":"https:\/\/labemacosmetics.com\/en\/wp-json\/wp\/v2\/types\/product"}],"replies":[{"embeddable":true,"href":"https:\/\/labemacosmetics.com\/en\/wp-json\/wp\/v2\/comments?post=6859"}],"version-history":[{"count":2,"href":"https:\/\/labemacosmetics.com\/en\/wp-json\/wp\/v2\/product\/6859\/revisions"}],"predecessor-version":[{"id":9178,"href":"https:\/\/labemacosmetics.com\/en\/wp-json\/wp\/v2\/product\/6859\/revisions\/9178"}],"wp:featuredmedia":[{"embeddable":true,"href":"https:\/\/labemacosmetics.com\/en\/wp-json\/wp\/v2\/media\/6861"}],"wp:attachment":[{"href":"https:\/\/labemacosmetics.com\/en\/wp-json\/wp\/v2\/media?parent=6859"}],"wp:term":[{"taxonomy":"product_brand","embeddable":true,"href":"https:\/\/labemacosmetics.com\/en\/wp-json\/wp\/v2\/product_brand?post=6859"},{"taxonomy":"product_cat","embeddable":true,"href":"https:\/\/labemacosmetics.com\/en\/wp-json\/wp\/v2\/product_cat?post=6859"},{"taxonomy":"product_tag","embeddable":true,"href":"https:\/\/labemacosmetics.com\/en\/wp-json\/wp\/v2\/product_tag?post=6859"}],"curies":[{"name":"wp","href":"https:\/\/api.w.org\/{rel}","templated":true}]}}