{"id":6856,"date":"2023-02-07T21:32:46","date_gmt":"2023-02-07T20:32:46","guid":{"rendered":"https:\/\/www.labemacosmetics.com\/?post_type=product&#038;p=6856"},"modified":"2024-01-08T14:07:40","modified_gmt":"2024-01-08T13:07:40","slug":"niacinamide-10-zinc-1-serum-anti-imperfection","status":"publish","type":"product","link":"https:\/\/labemacosmetics.com\/en\/product\/niacinamide-10-zinc-1-serum-anti-imperfection\/","title":{"rendered":"THE ORDINARY Niacinamide 10% + Zinc 1% &#8211; S\u00e9rum"},"content":{"rendered":"<p>The Ordinary Niacinamide 10% + Zinc 1%, une formule vegan ultra-concentr\u00e9e en vitamines et min\u00e9raux pour lutter contre les imperfections et les inflammations cutan\u00e9es.<\/p>\n<p>The Ordinary Niacinamide est un s\u00e9rum de traitement dermatologique pour les imperfections et \u00e9quilibrer le s\u00e9bum. Niacinamide 10% + Zinc 1% : formule anti-imperfections de vitamines et min\u00e9raux haute r\u00e9sistance de Deciem<\/p>\n<p>La Niacinamide (Vitamine B3), ici fortement concentr\u00e9e (10%), r\u00e9duit l\u2019apparence des imperfections et des pores dilat\u00e9s. Cette formule contient aussi du sel de zinc d\u2019acide pyrrolidone carboxylique qui permet de\u00a0r\u00e9guler la production de s\u00e9bum<\/p>\n<p><span class=\"a-list-item\">Remarque : bien que la niacinamide et le zinc PCA r\u00e9duisent l&rsquo;apparence des imperfections de la peau et \u00e9quilibrent l&rsquo;activit\u00e9 de s\u00e9bum visible, ce n&rsquo;est pas un traitement anti-acn\u00e9. Pour les maladies li\u00e9es \u00e0 l&rsquo;acn\u00e9 persistant, il est recommand\u00e9 d&rsquo;utiliser du peroxyde de benzo\u00efle et de l&rsquo;acide r\u00e9tino\u00efque. Deciem ne recommande pas l&rsquo;utilisation d&rsquo;acide salicylique.<\/span><\/p>\n<p><span class=\"a-list-item\">La formule de He Ordinary Niacinamide + Zinc peut \u00eatre utilis\u00e9e en conjonction avec des traitements anti-acn\u00e9 si vous souhaitez obtenir plus de b\u00e9n\u00e9fices visibles sur la peau. Conseils d&rsquo;utilisation : appliquer le s\u00e9rum Niacinamide + Zinc sur tout le visage le matin et le soir avant les cr\u00e8mes plus denses.<\/span><\/p>\n<h2>Utilisation The Ordinary Niacinamide 10% + Zinc 1%<\/h2>\n<p>Appliquer sur le visage matin et soir avant toute cr\u00e8me plus \u00e9paisse. En cas d&rsquo;irritation, cesser l&rsquo;utilisation et consulter un m\u00e9decin. Utiliser uniquement conform\u00e9ment au mode d&#8217;emploi sur une peau intacte.<\/p>\n<h2>Ingr\u00e9dients<\/h2>\n<p>&nbsp;<\/p>","protected":false},"excerpt":{"rendered":"<p>Une formule vegan ultra-concentr\u00e9e en vitamines et min\u00e9raux pour lutter contre les imperfections et les inflammations cutan\u00e9es.<\/p>","protected":false},"featured_media":6858,"comment_status":"open","ping_status":"closed","template":"","meta":{"om_disable_all_campaigns":false,"_mi_skip_tracking":false,"_monsterinsights_sitenote_active":false,"_monsterinsights_sitenote_note":"","_monsterinsights_sitenote_category":0},"product_brand":[],"product_cat":[127,1747,515,514,516,517,512,1745,128,1748,513],"product_tag":[],"class_list":{"0":"post-6856","1":"product","2":"type-product","3":"status-publish","4":"has-post-thumbnail","6":"product_cat-boutique","7":"product_cat-peaux-a-tendances-acneiques","8":"product_cat-peaux-mixtes-a-grasses","9":"product_cat-peaux-normales","10":"product_cat-peaux-seches","11":"product_cat-peaux-sensibles","12":"product_cat-produits-par-besoin","13":"product_cat-serums","14":"product_cat-soin-de-visage","15":"product_cat-soins-anti-taches","16":"product_cat-type-de-peau","17":"yith_product_brand-the-ordinary","19":"first","20":"outofstock","21":"shipping-taxable","22":"purchasable","23":"product-type-simple"},"yoast_head":"<!-- This site is optimized with the Yoast SEO Premium plugin v20.8 (Yoast SEO v27.4) - https:\/\/yoast.com\/product\/yoast-seo-premium-wordpress\/ -->\n<title>THE ORDINARY Niacinamide 10% + Zinc 1% - S\u00e9rum<\/title>\n<meta name=\"description\" content=\"The Ordinary Niacinamide 10% + Zinc 1%, une formule vegan ultra-concentr\u00e9e en vitamines et min\u00e9raux pour lutter contre les imperfections\" \/>\n<meta name=\"robots\" content=\"index, follow, max-snippet:-1, max-image-preview:large, max-video-preview:-1\" \/>\n<link rel=\"canonical\" href=\"https:\/\/labemacosmetics.com\/en\/product\/niacinamide-10-zinc-1-serum-anti-imperfection\/\" \/>\n<meta property=\"og:locale\" content=\"en_GB\" \/>\n<meta property=\"og:type\" content=\"article\" \/>\n<meta property=\"og:title\" content=\"THE ORDINARY Niacinamide 10% + Zinc 1% - S\u00e9rum\" \/>\n<meta property=\"og:description\" content=\"The Ordinary Niacinamide 10% + Zinc 1%, une formule vegan ultra-concentr\u00e9e en vitamines et min\u00e9raux pour lutter contre les imperfections\" \/>\n<meta property=\"og:url\" content=\"https:\/\/labemacosmetics.com\/en\/product\/niacinamide-10-zinc-1-serum-anti-imperfection\/\" \/>\n<meta property=\"og:site_name\" content=\"Lab&eacute;ma Cosmetics\" \/>\n<meta property=\"article:publisher\" content=\"http:\/\/www.facebook.com\/labemacosmetics\" \/>\n<meta property=\"article:modified_time\" content=\"2024-01-08T13:07:40+00:00\" \/>\n<meta property=\"og:image\" content=\"https:\/\/labemacosmetics.com\/wp-content\/uploads\/2023\/02\/The-ordinary-Niacinamide-10-Zinc-1-Serum-Anti-Imperfection.jpg\" \/>\n\t<meta property=\"og:image:width\" content=\"500\" \/>\n\t<meta property=\"og:image:height\" content=\"500\" \/>\n\t<meta property=\"og:image:type\" content=\"image\/jpeg\" \/>\n<meta name=\"twitter:card\" content=\"summary_large_image\" \/>\n<meta name=\"twitter:site\" content=\"@Labemasn\" \/>\n<meta name=\"twitter:label1\" content=\"Price\" \/>\n\t<meta name=\"twitter:data1\" content=\"8 250&nbsp;CFA\" \/>\n\t<meta name=\"twitter:label2\" content=\"Availability\" \/>\n\t<meta name=\"twitter:data2\" content=\"Out of stock\" \/>\n<script type=\"application\/ld+json\" class=\"yoast-schema-graph\">{\"@context\":\"https:\\\/\\\/schema.org\",\"@graph\":[{\"@type\":\"WebPage\",\"@id\":\"https:\\\/\\\/labemacosmetics.com\\\/en\\\/product\\\/niacinamide-10-zinc-1-serum-anti-imperfection\\\/\",\"url\":\"https:\\\/\\\/labemacosmetics.com\\\/en\\\/product\\\/niacinamide-10-zinc-1-serum-anti-imperfection\\\/\",\"name\":\"THE ORDINARY Niacinamide 10% + Zinc 1% - S\u00e9rum\",\"isPartOf\":{\"@id\":\"https:\\\/\\\/labemacosmetics.com\\\/#website\"},\"primaryImageOfPage\":{\"@id\":\"https:\\\/\\\/labemacosmetics.com\\\/en\\\/product\\\/niacinamide-10-zinc-1-serum-anti-imperfection\\\/#primaryimage\"},\"image\":{\"@id\":\"https:\\\/\\\/labemacosmetics.com\\\/en\\\/product\\\/niacinamide-10-zinc-1-serum-anti-imperfection\\\/#primaryimage\"},\"thumbnailUrl\":\"https:\\\/\\\/labemacosmetics.com\\\/wp-content\\\/uploads\\\/2023\\\/02\\\/The-ordinary-Niacinamide-10-Zinc-1-Serum-Anti-Imperfection.jpg\",\"datePublished\":\"2023-02-07T20:32:46+00:00\",\"dateModified\":\"2024-01-08T13:07:40+00:00\",\"description\":\"The Ordinary Niacinamide 10% + Zinc 1%, une formule vegan ultra-concentr\u00e9e en vitamines et min\u00e9raux pour lutter contre les imperfections\",\"breadcrumb\":{\"@id\":\"https:\\\/\\\/labemacosmetics.com\\\/en\\\/product\\\/niacinamide-10-zinc-1-serum-anti-imperfection\\\/#breadcrumb\"},\"inLanguage\":\"en-GB\",\"potentialAction\":[{\"@type\":\"ReadAction\",\"target\":[\"https:\\\/\\\/labemacosmetics.com\\\/en\\\/product\\\/niacinamide-10-zinc-1-serum-anti-imperfection\\\/\"]}]},{\"@type\":\"ImageObject\",\"inLanguage\":\"en-GB\",\"@id\":\"https:\\\/\\\/labemacosmetics.com\\\/en\\\/product\\\/niacinamide-10-zinc-1-serum-anti-imperfection\\\/#primaryimage\",\"url\":\"https:\\\/\\\/labemacosmetics.com\\\/wp-content\\\/uploads\\\/2023\\\/02\\\/The-ordinary-Niacinamide-10-Zinc-1-Serum-Anti-Imperfection.jpg\",\"contentUrl\":\"https:\\\/\\\/labemacosmetics.com\\\/wp-content\\\/uploads\\\/2023\\\/02\\\/The-ordinary-Niacinamide-10-Zinc-1-Serum-Anti-Imperfection.jpg\",\"width\":500,\"height\":500,\"caption\":\"The ordinary niacinamide\"},{\"@type\":\"BreadcrumbList\",\"@id\":\"https:\\\/\\\/labemacosmetics.com\\\/en\\\/product\\\/niacinamide-10-zinc-1-serum-anti-imperfection\\\/#breadcrumb\",\"itemListElement\":[{\"@type\":\"ListItem\",\"position\":1,\"name\":\"Accueil\",\"item\":\"https:\\\/\\\/labemacosmetics.com\\\/\"},{\"@type\":\"ListItem\",\"position\":2,\"name\":\"Produits\",\"item\":\"https:\\\/\\\/labemacosmetics.com\\\/shop\\\/\"},{\"@type\":\"ListItem\",\"position\":3,\"name\":\"THE ORDINARY Niacinamide 10% + Zinc 1% &#8211; S\u00e9rum\"}]},{\"@type\":\"WebSite\",\"@id\":\"https:\\\/\\\/labemacosmetics.com\\\/#website\",\"url\":\"https:\\\/\\\/labemacosmetics.com\\\/\",\"name\":\"Lab&eacute;ma Cosmetics\",\"description\":\"\",\"potentialAction\":[{\"@type\":\"SearchAction\",\"target\":{\"@type\":\"EntryPoint\",\"urlTemplate\":\"https:\\\/\\\/labemacosmetics.com\\\/?s={search_term_string}\"},\"query-input\":{\"@type\":\"PropertyValueSpecification\",\"valueRequired\":true,\"valueName\":\"search_term_string\"}}],\"inLanguage\":\"en-GB\"}]}<\/script>\n<meta property=\"product:brand\" content=\"The Ordinary\" \/>\n<meta property=\"product:price:amount\" content=\"8250\" \/>\n<meta property=\"product:price:currency\" content=\"XOF\" \/>\n<meta property=\"og:availability\" content=\"out of stock\" \/>\n<meta property=\"product:availability\" content=\"out of stock\" \/>\n<meta property=\"product:condition\" content=\"new\" \/>\n<!-- \/ Yoast SEO Premium plugin. -->","yoast_head_json":{"title":"THE ORDINARY Niacinamide 10% + Zinc 1% - S\u00e9rum","description":"The Ordinary Niacinamide 10% + Zinc 1%, une formule vegan ultra-concentr\u00e9e en vitamines et min\u00e9raux pour lutter contre les imperfections","robots":{"index":"index","follow":"follow","max-snippet":"max-snippet:-1","max-image-preview":"max-image-preview:large","max-video-preview":"max-video-preview:-1"},"canonical":"https:\/\/labemacosmetics.com\/en\/product\/niacinamide-10-zinc-1-serum-anti-imperfection\/","og_locale":"en_GB","og_type":"article","og_title":"THE ORDINARY Niacinamide 10% + Zinc 1% - S\u00e9rum","og_description":"The Ordinary Niacinamide 10% + Zinc 1%, une formule vegan ultra-concentr\u00e9e en vitamines et min\u00e9raux pour lutter contre les imperfections","og_url":"https:\/\/labemacosmetics.com\/en\/product\/niacinamide-10-zinc-1-serum-anti-imperfection\/","og_site_name":"Lab&eacute;ma Cosmetics","article_publisher":"http:\/\/www.facebook.com\/labemacosmetics","article_modified_time":"2024-01-08T13:07:40+00:00","og_image":[{"width":500,"height":500,"url":"https:\/\/labemacosmetics.com\/wp-content\/uploads\/2023\/02\/The-ordinary-Niacinamide-10-Zinc-1-Serum-Anti-Imperfection.jpg","type":"image\/jpeg"}],"twitter_card":"summary_large_image","twitter_site":"@Labemasn","twitter_misc":{"Price":"8 250&nbsp;CFA","Availability":"Out of stock"},"schema":{"@context":"https:\/\/schema.org","@graph":[{"@type":"WebPage","@id":"https:\/\/labemacosmetics.com\/en\/product\/niacinamide-10-zinc-1-serum-anti-imperfection\/","url":"https:\/\/labemacosmetics.com\/en\/product\/niacinamide-10-zinc-1-serum-anti-imperfection\/","name":"THE ORDINARY Niacinamide 10% + Zinc 1% - S\u00e9rum","isPartOf":{"@id":"https:\/\/labemacosmetics.com\/#website"},"primaryImageOfPage":{"@id":"https:\/\/labemacosmetics.com\/en\/product\/niacinamide-10-zinc-1-serum-anti-imperfection\/#primaryimage"},"image":{"@id":"https:\/\/labemacosmetics.com\/en\/product\/niacinamide-10-zinc-1-serum-anti-imperfection\/#primaryimage"},"thumbnailUrl":"https:\/\/labemacosmetics.com\/wp-content\/uploads\/2023\/02\/The-ordinary-Niacinamide-10-Zinc-1-Serum-Anti-Imperfection.jpg","datePublished":"2023-02-07T20:32:46+00:00","dateModified":"2024-01-08T13:07:40+00:00","description":"The Ordinary Niacinamide 10% + Zinc 1%, une formule vegan ultra-concentr\u00e9e en vitamines et min\u00e9raux pour lutter contre les imperfections","breadcrumb":{"@id":"https:\/\/labemacosmetics.com\/en\/product\/niacinamide-10-zinc-1-serum-anti-imperfection\/#breadcrumb"},"inLanguage":"en-GB","potentialAction":[{"@type":"ReadAction","target":["https:\/\/labemacosmetics.com\/en\/product\/niacinamide-10-zinc-1-serum-anti-imperfection\/"]}]},{"@type":"ImageObject","inLanguage":"en-GB","@id":"https:\/\/labemacosmetics.com\/en\/product\/niacinamide-10-zinc-1-serum-anti-imperfection\/#primaryimage","url":"https:\/\/labemacosmetics.com\/wp-content\/uploads\/2023\/02\/The-ordinary-Niacinamide-10-Zinc-1-Serum-Anti-Imperfection.jpg","contentUrl":"https:\/\/labemacosmetics.com\/wp-content\/uploads\/2023\/02\/The-ordinary-Niacinamide-10-Zinc-1-Serum-Anti-Imperfection.jpg","width":500,"height":500,"caption":"The ordinary niacinamide"},{"@type":"BreadcrumbList","@id":"https:\/\/labemacosmetics.com\/en\/product\/niacinamide-10-zinc-1-serum-anti-imperfection\/#breadcrumb","itemListElement":[{"@type":"ListItem","position":1,"name":"Accueil","item":"https:\/\/labemacosmetics.com\/"},{"@type":"ListItem","position":2,"name":"Produits","item":"https:\/\/labemacosmetics.com\/shop\/"},{"@type":"ListItem","position":3,"name":"THE ORDINARY Niacinamide 10% + Zinc 1% &#8211; S\u00e9rum"}]},{"@type":"WebSite","@id":"https:\/\/labemacosmetics.com\/#website","url":"https:\/\/labemacosmetics.com\/","name":"Lab&eacute;ma Cosmetics","description":"","potentialAction":[{"@type":"SearchAction","target":{"@type":"EntryPoint","urlTemplate":"https:\/\/labemacosmetics.com\/?s={search_term_string}"},"query-input":{"@type":"PropertyValueSpecification","valueRequired":true,"valueName":"search_term_string"}}],"inLanguage":"en-GB"}]},"product_brand":"The Ordinary","product_price_amount":"8250","product_price_currency":"XOF","og_availability":"out of stock","product_availability":"out of stock","product_condition":"new"},"_links":{"self":[{"href":"https:\/\/labemacosmetics.com\/en\/wp-json\/wp\/v2\/product\/6856","targetHints":{"allow":["GET"]}}],"collection":[{"href":"https:\/\/labemacosmetics.com\/en\/wp-json\/wp\/v2\/product"}],"about":[{"href":"https:\/\/labemacosmetics.com\/en\/wp-json\/wp\/v2\/types\/product"}],"replies":[{"embeddable":true,"href":"https:\/\/labemacosmetics.com\/en\/wp-json\/wp\/v2\/comments?post=6856"}],"version-history":[{"count":1,"href":"https:\/\/labemacosmetics.com\/en\/wp-json\/wp\/v2\/product\/6856\/revisions"}],"predecessor-version":[{"id":9486,"href":"https:\/\/labemacosmetics.com\/en\/wp-json\/wp\/v2\/product\/6856\/revisions\/9486"}],"wp:featuredmedia":[{"embeddable":true,"href":"https:\/\/labemacosmetics.com\/en\/wp-json\/wp\/v2\/media\/6858"}],"wp:attachment":[{"href":"https:\/\/labemacosmetics.com\/en\/wp-json\/wp\/v2\/media?parent=6856"}],"wp:term":[{"taxonomy":"product_brand","embeddable":true,"href":"https:\/\/labemacosmetics.com\/en\/wp-json\/wp\/v2\/product_brand?post=6856"},{"taxonomy":"product_cat","embeddable":true,"href":"https:\/\/labemacosmetics.com\/en\/wp-json\/wp\/v2\/product_cat?post=6856"},{"taxonomy":"product_tag","embeddable":true,"href":"https:\/\/labemacosmetics.com\/en\/wp-json\/wp\/v2\/product_tag?post=6856"}],"curies":[{"name":"wp","href":"https:\/\/api.w.org\/{rel}","templated":true}]}}