{"id":6853,"date":"2023-02-07T17:55:23","date_gmt":"2023-02-07T16:55:23","guid":{"rendered":"https:\/\/www.labemacosmetics.com\/?post_type=product&#038;p=6853"},"modified":"2025-09-23T01:15:36","modified_gmt":"2025-09-23T00:15:36","slug":"serum-hydratant-a-lacide-hyaluronique","status":"publish","type":"product","link":"https:\/\/labemacosmetics.com\/en\/product\/serum-hydratant-a-lacide-hyaluronique\/","title":{"rendered":"THE INKEY LIST Acide hyaluronique S\u00e9rum hydratant"},"content":{"rendered":"<p>L\u2019acide hyaluronique est un puissant ingr\u00e9dient hydro-retenteur qui agit au niveau de la peau et peut retenir jusqu\u2019\u00e0 1000 fois son poids en eau. Naturellement pr\u00e9sent dans la peau pour maintenir l\u2019hydratation, l\u2019acide hyaluronique diminue progressivement au fil du temps, ce qui peut entra\u00eener un teint terne, des ridules et une texture irr\u00e9guli\u00e8re.<\/p>\n<h2>Utilisation<\/h2>\n<p>S\u2019utilise le soir. Appliquer 1 \u00e0 2 gouttes de produit sur la peau propre du visage et faire p\u00e9n\u00e9trer le s\u00e9rum en tapotant d\u00e9licatement du bout des doigts. \u00c9viter la zone du contour de l&rsquo;\u0153il. Appliquer ensuite un s\u00e9rum et un soin hydratant.<\/p>\n<p>&nbsp;<\/p>","protected":false},"excerpt":{"rendered":"<p>L\u2019acide hyaluronique est un puissant ingr\u00e9dient hydro-retenteur qui agit au niveau de la peau et peut retenir jusqu\u2019\u00e0 1000 fois son poids en eau. Naturellement pr\u00e9sent dans la peau pour maintenir l\u2019hydratation, l\u2019acide hyaluronique diminue progressivement au fil du temps, ce qui peut entra\u00eener un teint terne, des ridules et une texture irr\u00e9guli\u00e8re.<\/p>","protected":false},"featured_media":6855,"comment_status":"open","ping_status":"closed","template":"","meta":{"om_disable_all_campaigns":false,"_mi_skip_tracking":false,"_monsterinsights_sitenote_active":false,"_monsterinsights_sitenote_note":"","_monsterinsights_sitenote_category":0},"product_brand":[],"product_cat":[127,1747,515,514,516,517,512,1745,128,1748,513],"product_tag":[],"class_list":{"0":"post-6853","1":"product","2":"type-product","3":"status-publish","4":"has-post-thumbnail","6":"product_cat-boutique","7":"product_cat-peaux-a-tendances-acneiques","8":"product_cat-peaux-mixtes-a-grasses","9":"product_cat-peaux-normales","10":"product_cat-peaux-seches","11":"product_cat-peaux-sensibles","12":"product_cat-produits-par-besoin","13":"product_cat-serums","14":"product_cat-soin-de-visage","15":"product_cat-soins-anti-taches","16":"product_cat-type-de-peau","18":"first","19":"outofstock","20":"shipping-taxable","21":"purchasable","22":"product-type-simple"},"yoast_head":"<!-- This site is optimized with the Yoast SEO Premium plugin v20.8 (Yoast SEO v27.4) - https:\/\/yoast.com\/product\/yoast-seo-premium-wordpress\/ -->\n<title>THE INKEY LIST Acide hyaluronique S\u00e9rum hydratant | Dakar<\/title>\n<meta name=\"robots\" content=\"index, follow, max-snippet:-1, max-image-preview:large, max-video-preview:-1\" \/>\n<link rel=\"canonical\" href=\"https:\/\/labemacosmetics.com\/en\/product\/serum-hydratant-a-lacide-hyaluronique\/\" \/>\n<meta property=\"og:locale\" content=\"en_GB\" \/>\n<meta property=\"og:type\" content=\"article\" \/>\n<meta property=\"og:title\" content=\"THE INKEY LIST Acide hyaluronique S\u00e9rum hydratant\" \/>\n<meta property=\"og:description\" content=\"L\u2019acide hyaluronique est un puissant ingr\u00e9dient hydro-retenteur qui agit au niveau de la peau et peut retenir jusqu\u2019\u00e0 1000 fois son poids en eau. Naturellement pr\u00e9sent dans la peau pour maintenir l\u2019hydratation, l\u2019acide hyaluronique diminue progressivement au fil du temps, ce qui peut entra\u00eener un teint terne, des ridules et une texture irr\u00e9guli\u00e8re.\" \/>\n<meta property=\"og:url\" content=\"https:\/\/labemacosmetics.com\/en\/product\/serum-hydratant-a-lacide-hyaluronique\/\" \/>\n<meta property=\"og:site_name\" content=\"Lab&eacute;ma Cosmetics\" \/>\n<meta property=\"article:publisher\" content=\"http:\/\/www.facebook.com\/labemacosmetics\" \/>\n<meta property=\"article:modified_time\" content=\"2025-09-23T00:15:36+00:00\" \/>\n<meta property=\"og:image\" content=\"https:\/\/labemacosmetics.com\/wp-content\/uploads\/2023\/02\/The-inkey-list-Serum-hydratant-a-lacide-hyaluronique.jpg\" \/>\n\t<meta property=\"og:image:width\" content=\"854\" \/>\n\t<meta property=\"og:image:height\" content=\"854\" \/>\n\t<meta property=\"og:image:type\" content=\"image\/jpeg\" \/>\n<meta name=\"twitter:card\" content=\"summary_large_image\" \/>\n<meta name=\"twitter:site\" content=\"@Labemasn\" \/>\n<meta name=\"twitter:label1\" content=\"Price\" \/>\n\t<meta name=\"twitter:data1\" content=\"7 500&nbsp;CFA\" \/>\n\t<meta name=\"twitter:label2\" content=\"Availability\" \/>\n\t<meta name=\"twitter:data2\" content=\"Out of stock\" \/>\n<script type=\"application\/ld+json\" class=\"yoast-schema-graph\">{\"@context\":\"https:\\\/\\\/schema.org\",\"@graph\":[{\"@type\":\"WebPage\",\"@id\":\"https:\\\/\\\/labemacosmetics.com\\\/produit\\\/serum-hydratant-a-lacide-hyaluronique\\\/\",\"url\":\"https:\\\/\\\/labemacosmetics.com\\\/produit\\\/serum-hydratant-a-lacide-hyaluronique\\\/\",\"name\":\"THE INKEY LIST Acide hyaluronique S\u00e9rum hydratant | Dakar\",\"isPartOf\":{\"@id\":\"https:\\\/\\\/labemacosmetics.com\\\/#website\"},\"primaryImageOfPage\":{\"@id\":\"https:\\\/\\\/labemacosmetics.com\\\/produit\\\/serum-hydratant-a-lacide-hyaluronique\\\/#primaryimage\"},\"image\":{\"@id\":\"https:\\\/\\\/labemacosmetics.com\\\/produit\\\/serum-hydratant-a-lacide-hyaluronique\\\/#primaryimage\"},\"thumbnailUrl\":\"https:\\\/\\\/labemacosmetics.com\\\/wp-content\\\/uploads\\\/2023\\\/02\\\/The-inkey-list-Serum-hydratant-a-lacide-hyaluronique.jpg\",\"datePublished\":\"2023-02-07T16:55:23+00:00\",\"dateModified\":\"2025-09-23T00:15:36+00:00\",\"breadcrumb\":{\"@id\":\"https:\\\/\\\/labemacosmetics.com\\\/produit\\\/serum-hydratant-a-lacide-hyaluronique\\\/#breadcrumb\"},\"inLanguage\":\"en-GB\",\"potentialAction\":[{\"@type\":\"ReadAction\",\"target\":[\"https:\\\/\\\/labemacosmetics.com\\\/produit\\\/serum-hydratant-a-lacide-hyaluronique\\\/\"]}]},{\"@type\":\"ImageObject\",\"inLanguage\":\"en-GB\",\"@id\":\"https:\\\/\\\/labemacosmetics.com\\\/produit\\\/serum-hydratant-a-lacide-hyaluronique\\\/#primaryimage\",\"url\":\"https:\\\/\\\/labemacosmetics.com\\\/wp-content\\\/uploads\\\/2023\\\/02\\\/The-inkey-list-Serum-hydratant-a-lacide-hyaluronique.jpg\",\"contentUrl\":\"https:\\\/\\\/labemacosmetics.com\\\/wp-content\\\/uploads\\\/2023\\\/02\\\/The-inkey-list-Serum-hydratant-a-lacide-hyaluronique.jpg\",\"width\":854,\"height\":854,\"caption\":\"THE INKEY LIST Acide Hyaluronique\"},{\"@type\":\"BreadcrumbList\",\"@id\":\"https:\\\/\\\/labemacosmetics.com\\\/produit\\\/serum-hydratant-a-lacide-hyaluronique\\\/#breadcrumb\",\"itemListElement\":[{\"@type\":\"ListItem\",\"position\":1,\"name\":\"Accueil\",\"item\":\"https:\\\/\\\/labemacosmetics.com\\\/\"},{\"@type\":\"ListItem\",\"position\":2,\"name\":\"Produits\",\"item\":\"https:\\\/\\\/labemacosmetics.com\\\/shop\\\/\"},{\"@type\":\"ListItem\",\"position\":3,\"name\":\"THE INKEY LIST Acide hyaluronique S\u00e9rum hydratant\"}]},{\"@type\":\"WebSite\",\"@id\":\"https:\\\/\\\/labemacosmetics.com\\\/#website\",\"url\":\"https:\\\/\\\/labemacosmetics.com\\\/\",\"name\":\"Lab&eacute;ma Cosmetics\",\"description\":\"\",\"potentialAction\":[{\"@type\":\"SearchAction\",\"target\":{\"@type\":\"EntryPoint\",\"urlTemplate\":\"https:\\\/\\\/labemacosmetics.com\\\/?s={search_term_string}\"},\"query-input\":{\"@type\":\"PropertyValueSpecification\",\"valueRequired\":true,\"valueName\":\"search_term_string\"}}],\"inLanguage\":\"en-GB\"}]}<\/script>\n<meta property=\"product:price:amount\" content=\"7500\" \/>\n<meta property=\"product:price:currency\" content=\"XOF\" \/>\n<meta property=\"og:availability\" content=\"out of stock\" \/>\n<meta property=\"product:availability\" content=\"out of stock\" \/>\n<meta property=\"product:condition\" content=\"new\" \/>\n<!-- \/ Yoast SEO Premium plugin. -->","yoast_head_json":{"title":"THE INKEY LIST Acide hyaluronique S\u00e9rum hydratant | Dakar","robots":{"index":"index","follow":"follow","max-snippet":"max-snippet:-1","max-image-preview":"max-image-preview:large","max-video-preview":"max-video-preview:-1"},"canonical":"https:\/\/labemacosmetics.com\/en\/product\/serum-hydratant-a-lacide-hyaluronique\/","og_locale":"en_GB","og_type":"article","og_title":"THE INKEY LIST Acide hyaluronique S\u00e9rum hydratant","og_description":"L\u2019acide hyaluronique est un puissant ingr\u00e9dient hydro-retenteur qui agit au niveau de la peau et peut retenir jusqu\u2019\u00e0 1000 fois son poids en eau. Naturellement pr\u00e9sent dans la peau pour maintenir l\u2019hydratation, l\u2019acide hyaluronique diminue progressivement au fil du temps, ce qui peut entra\u00eener un teint terne, des ridules et une texture irr\u00e9guli\u00e8re.","og_url":"https:\/\/labemacosmetics.com\/en\/product\/serum-hydratant-a-lacide-hyaluronique\/","og_site_name":"Lab&eacute;ma Cosmetics","article_publisher":"http:\/\/www.facebook.com\/labemacosmetics","article_modified_time":"2025-09-23T00:15:36+00:00","og_image":[{"width":854,"height":854,"url":"https:\/\/labemacosmetics.com\/wp-content\/uploads\/2023\/02\/The-inkey-list-Serum-hydratant-a-lacide-hyaluronique.jpg","type":"image\/jpeg"}],"twitter_card":"summary_large_image","twitter_site":"@Labemasn","twitter_misc":{"Price":"7 500&nbsp;CFA","Availability":"Out of stock"},"schema":{"@context":"https:\/\/schema.org","@graph":[{"@type":"WebPage","@id":"https:\/\/labemacosmetics.com\/produit\/serum-hydratant-a-lacide-hyaluronique\/","url":"https:\/\/labemacosmetics.com\/produit\/serum-hydratant-a-lacide-hyaluronique\/","name":"THE INKEY LIST Acide hyaluronique S\u00e9rum hydratant | Dakar","isPartOf":{"@id":"https:\/\/labemacosmetics.com\/#website"},"primaryImageOfPage":{"@id":"https:\/\/labemacosmetics.com\/produit\/serum-hydratant-a-lacide-hyaluronique\/#primaryimage"},"image":{"@id":"https:\/\/labemacosmetics.com\/produit\/serum-hydratant-a-lacide-hyaluronique\/#primaryimage"},"thumbnailUrl":"https:\/\/labemacosmetics.com\/wp-content\/uploads\/2023\/02\/The-inkey-list-Serum-hydratant-a-lacide-hyaluronique.jpg","datePublished":"2023-02-07T16:55:23+00:00","dateModified":"2025-09-23T00:15:36+00:00","breadcrumb":{"@id":"https:\/\/labemacosmetics.com\/produit\/serum-hydratant-a-lacide-hyaluronique\/#breadcrumb"},"inLanguage":"en-GB","potentialAction":[{"@type":"ReadAction","target":["https:\/\/labemacosmetics.com\/produit\/serum-hydratant-a-lacide-hyaluronique\/"]}]},{"@type":"ImageObject","inLanguage":"en-GB","@id":"https:\/\/labemacosmetics.com\/produit\/serum-hydratant-a-lacide-hyaluronique\/#primaryimage","url":"https:\/\/labemacosmetics.com\/wp-content\/uploads\/2023\/02\/The-inkey-list-Serum-hydratant-a-lacide-hyaluronique.jpg","contentUrl":"https:\/\/labemacosmetics.com\/wp-content\/uploads\/2023\/02\/The-inkey-list-Serum-hydratant-a-lacide-hyaluronique.jpg","width":854,"height":854,"caption":"THE INKEY LIST Acide Hyaluronique"},{"@type":"BreadcrumbList","@id":"https:\/\/labemacosmetics.com\/produit\/serum-hydratant-a-lacide-hyaluronique\/#breadcrumb","itemListElement":[{"@type":"ListItem","position":1,"name":"Accueil","item":"https:\/\/labemacosmetics.com\/"},{"@type":"ListItem","position":2,"name":"Produits","item":"https:\/\/labemacosmetics.com\/shop\/"},{"@type":"ListItem","position":3,"name":"THE INKEY LIST Acide hyaluronique S\u00e9rum hydratant"}]},{"@type":"WebSite","@id":"https:\/\/labemacosmetics.com\/#website","url":"https:\/\/labemacosmetics.com\/","name":"Lab&eacute;ma Cosmetics","description":"","potentialAction":[{"@type":"SearchAction","target":{"@type":"EntryPoint","urlTemplate":"https:\/\/labemacosmetics.com\/?s={search_term_string}"},"query-input":{"@type":"PropertyValueSpecification","valueRequired":true,"valueName":"search_term_string"}}],"inLanguage":"en-GB"}]},"product_price_amount":"7500","product_price_currency":"XOF","og_availability":"out of stock","product_availability":"out of stock","product_condition":"new"},"_links":{"self":[{"href":"https:\/\/labemacosmetics.com\/en\/wp-json\/wp\/v2\/product\/6853","targetHints":{"allow":["GET"]}}],"collection":[{"href":"https:\/\/labemacosmetics.com\/en\/wp-json\/wp\/v2\/product"}],"about":[{"href":"https:\/\/labemacosmetics.com\/en\/wp-json\/wp\/v2\/types\/product"}],"replies":[{"embeddable":true,"href":"https:\/\/labemacosmetics.com\/en\/wp-json\/wp\/v2\/comments?post=6853"}],"version-history":[{"count":0,"href":"https:\/\/labemacosmetics.com\/en\/wp-json\/wp\/v2\/product\/6853\/revisions"}],"wp:featuredmedia":[{"embeddable":true,"href":"https:\/\/labemacosmetics.com\/en\/wp-json\/wp\/v2\/media\/6855"}],"wp:attachment":[{"href":"https:\/\/labemacosmetics.com\/en\/wp-json\/wp\/v2\/media?parent=6853"}],"wp:term":[{"taxonomy":"product_brand","embeddable":true,"href":"https:\/\/labemacosmetics.com\/en\/wp-json\/wp\/v2\/product_brand?post=6853"},{"taxonomy":"product_cat","embeddable":true,"href":"https:\/\/labemacosmetics.com\/en\/wp-json\/wp\/v2\/product_cat?post=6853"},{"taxonomy":"product_tag","embeddable":true,"href":"https:\/\/labemacosmetics.com\/en\/wp-json\/wp\/v2\/product_tag?post=6853"}],"curies":[{"name":"wp","href":"https:\/\/api.w.org\/{rel}","templated":true}]}}