{"id":6851,"date":"2023-02-07T17:38:33","date_gmt":"2023-02-07T16:38:33","guid":{"rendered":"https:\/\/www.labemacosmetics.com\/?post_type=product&#038;p=6851"},"modified":"2023-05-21T08:44:27","modified_gmt":"2023-05-21T07:44:27","slug":"pixi-glow-tonic-lotion-exfoliante-100-ml","status":"publish","type":"product","link":"https:\/\/labemacosmetics.com\/en\/product\/pixi-glow-tonic-lotion-exfoliante-100-ml\/","title":{"rendered":"PIXI Glow Tonic Lotion exfoliante"},"content":{"rendered":"<p>La lotion exfoliante pixi glow tonic aide \u00e0 tonifier, raffermir et unifier la peau. Le tonique oxyg\u00e9nant \u00e9limine les cellules mortes de la peau, laissant la peau saine et vraiment rayonnante. Contenant 5% de glycolique, le liquide hydrate la peau, et l\u2019aloe V\u00e9ra et le ginseng aident \u00e0 apaiser pendant l\u2019application. Vous obtenez ensuite un teint tr\u00e8s \u00e9clatant.<br \/>\nAdapt\u00e9e \u00e0 tous les types de peau.<\/p>\n<h2>Utilisation de Pixi Glow Tonic<\/h2>\n<p>Imbibez un disque de coton avec la lotion et passez sur le visage, le cou et d\u00e9collet\u00e9 en \u00e9vitant la zone du contour de l\u2019\u0153il. Peut \u00eatre utilis\u00e9 matin et soir apr\u00e8s avoir nettoy\u00e9 votre visage une \u00e0 2 fois par semaine.<br \/>\nAppliquer ensuite un s\u00e9rum ou une cr\u00e8me hydratante.<\/p>\n<h2>Ingr\u00e9dients<\/h2>\n<p>Aqua, Aloe Barbadensis Leaf Juice, Hamamelis Virginiana (Witch Hazel) Leaf Extract, Aesculus Hippocastanum (Horse Chestnut) Seed Extract, Glycolic Acid, Ammonium Glycolate, Glycerin,<\/p>\n<p>Butylene Glycol, Hexylene Glycol (and) Fructose (and) Glucose (and) Sucrose (and) Urea (and) Dextrin (and) Alanine (and) Glutamic Acid (and) Aspartic Acid (and) Hexyl Nicotinate, Panax<\/p>\n<p>Ginseng Root Extract, Phenoxyethanol, Sodium Benzoate, Biotin, Polysorbate 20, Fragrance.<\/p>","protected":false},"excerpt":{"rendered":"<p>La lotion exfoliante pixi glow tonic aide \u00e0 tonifier, raffermir et unifier la peau. Le tonique oxyg\u00e9nant \u00e9limine les cellules mortes de la peau, laissant la peau saine et vraiment rayonnante. Contenant 5% de glycolique &#8230;<\/p>","protected":false},"featured_media":6850,"comment_status":"open","ping_status":"closed","template":"","meta":{"om_disable_all_campaigns":false,"_mi_skip_tracking":false,"_monsterinsights_sitenote_active":false,"_monsterinsights_sitenote_note":"","_monsterinsights_sitenote_category":0},"product_brand":[],"product_cat":[127,549,1747,515,514,516,517,512,128,1748,513],"product_tag":[],"class_list":{"0":"post-6851","1":"product","2":"type-product","3":"status-publish","4":"has-post-thumbnail","6":"product_cat-boutique","7":"product_cat-lotion-toner","8":"product_cat-peaux-a-tendances-acneiques","9":"product_cat-peaux-mixtes-a-grasses","10":"product_cat-peaux-normales","11":"product_cat-peaux-seches","12":"product_cat-peaux-sensibles","13":"product_cat-produits-par-besoin","14":"product_cat-soin-de-visage","15":"product_cat-soins-anti-taches","16":"product_cat-type-de-peau","17":"yith_product_brand-pixi","19":"first","20":"instock","21":"shipping-taxable","22":"purchasable","23":"product-type-variable"},"yoast_head":"<!-- This site is optimized with the Yoast SEO Premium plugin v20.8 (Yoast SEO v27.4) - https:\/\/yoast.com\/product\/yoast-seo-premium-wordpress\/ -->\n<title>PIXI Glow Tonic Lotion exfoliante | Dakar - S\u00e9n\u00e9gal<\/title>\n<meta name=\"description\" content=\"La lotion exfoliante pixi glow tonic aide \u00e0 tonifier, raffermir et unifier la peau. Le tonique oxyg\u00e9nant \u00e9limine les cellules mortes de la peau\" \/>\n<meta name=\"robots\" content=\"index, follow, max-snippet:-1, max-image-preview:large, max-video-preview:-1\" \/>\n<link rel=\"canonical\" href=\"https:\/\/labemacosmetics.com\/en\/product\/pixi-glow-tonic-lotion-exfoliante-100-ml\/\" \/>\n<meta property=\"og:locale\" content=\"en_GB\" \/>\n<meta property=\"og:type\" content=\"article\" \/>\n<meta property=\"og:title\" content=\"PIXI Glow Tonic Lotion exfoliante\" \/>\n<meta property=\"og:description\" content=\"La lotion exfoliante pixi glow tonic aide \u00e0 tonifier, raffermir et unifier la peau. Le tonique oxyg\u00e9nant \u00e9limine les cellules mortes de la peau\" \/>\n<meta property=\"og:url\" content=\"https:\/\/labemacosmetics.com\/en\/product\/pixi-glow-tonic-lotion-exfoliante-100-ml\/\" \/>\n<meta property=\"og:site_name\" content=\"Lab&eacute;ma Cosmetics\" \/>\n<meta property=\"article:publisher\" content=\"http:\/\/www.facebook.com\/labemacosmetics\" \/>\n<meta property=\"article:modified_time\" content=\"2023-05-21T07:44:27+00:00\" \/>\n<meta property=\"og:image\" content=\"https:\/\/labemacosmetics.com\/wp-content\/uploads\/2023\/02\/Pixi-glow-tonique-lotion-exfoliante-250-ml.jpg\" \/>\n\t<meta property=\"og:image:width\" content=\"1500\" \/>\n\t<meta property=\"og:image:height\" content=\"1493\" \/>\n\t<meta property=\"og:image:type\" content=\"image\/jpeg\" \/>\n<meta name=\"twitter:card\" content=\"summary_large_image\" \/>\n<meta name=\"twitter:site\" content=\"@Labemasn\" \/>\n<meta name=\"twitter:label1\" content=\"Availability\" \/>\n\t<meta name=\"twitter:data1\" content=\"In stock\" \/>\n<script type=\"application\/ld+json\" class=\"yoast-schema-graph\">{\"@context\":\"https:\\\/\\\/schema.org\",\"@graph\":[{\"@type\":\"WebPage\",\"@id\":\"https:\\\/\\\/labemacosmetics.com\\\/produit\\\/pixi-glow-tonic-lotion-exfoliante-100-ml\\\/\",\"url\":\"https:\\\/\\\/labemacosmetics.com\\\/produit\\\/pixi-glow-tonic-lotion-exfoliante-100-ml\\\/\",\"name\":\"PIXI Glow Tonic Lotion exfoliante | Dakar - S\u00e9n\u00e9gal\",\"isPartOf\":{\"@id\":\"https:\\\/\\\/labemacosmetics.com\\\/#website\"},\"primaryImageOfPage\":{\"@id\":\"https:\\\/\\\/labemacosmetics.com\\\/produit\\\/pixi-glow-tonic-lotion-exfoliante-100-ml\\\/#primaryimage\"},\"image\":{\"@id\":\"https:\\\/\\\/labemacosmetics.com\\\/produit\\\/pixi-glow-tonic-lotion-exfoliante-100-ml\\\/#primaryimage\"},\"thumbnailUrl\":\"https:\\\/\\\/labemacosmetics.com\\\/wp-content\\\/uploads\\\/2023\\\/02\\\/Pixi-glow-tonique-lotion-exfoliante-250-ml.jpg\",\"datePublished\":\"2023-02-07T16:38:33+00:00\",\"dateModified\":\"2023-05-21T07:44:27+00:00\",\"description\":\"La lotion exfoliante pixi glow tonic aide \u00e0 tonifier, raffermir et unifier la peau. Le tonique oxyg\u00e9nant \u00e9limine les cellules mortes de la peau\",\"breadcrumb\":{\"@id\":\"https:\\\/\\\/labemacosmetics.com\\\/produit\\\/pixi-glow-tonic-lotion-exfoliante-100-ml\\\/#breadcrumb\"},\"inLanguage\":\"en-GB\",\"potentialAction\":[{\"@type\":\"ReadAction\",\"target\":[\"https:\\\/\\\/labemacosmetics.com\\\/produit\\\/pixi-glow-tonic-lotion-exfoliante-100-ml\\\/\"]}]},{\"@type\":\"ImageObject\",\"inLanguage\":\"en-GB\",\"@id\":\"https:\\\/\\\/labemacosmetics.com\\\/produit\\\/pixi-glow-tonic-lotion-exfoliante-100-ml\\\/#primaryimage\",\"url\":\"https:\\\/\\\/labemacosmetics.com\\\/wp-content\\\/uploads\\\/2023\\\/02\\\/Pixi-glow-tonique-lotion-exfoliante-250-ml.jpg\",\"contentUrl\":\"https:\\\/\\\/labemacosmetics.com\\\/wp-content\\\/uploads\\\/2023\\\/02\\\/Pixi-glow-tonique-lotion-exfoliante-250-ml.jpg\",\"width\":1500,\"height\":1493,\"caption\":\"pixi glow tonic\"},{\"@type\":\"BreadcrumbList\",\"@id\":\"https:\\\/\\\/labemacosmetics.com\\\/produit\\\/pixi-glow-tonic-lotion-exfoliante-100-ml\\\/#breadcrumb\",\"itemListElement\":[{\"@type\":\"ListItem\",\"position\":1,\"name\":\"Accueil\",\"item\":\"https:\\\/\\\/labemacosmetics.com\\\/\"},{\"@type\":\"ListItem\",\"position\":2,\"name\":\"Produits\",\"item\":\"https:\\\/\\\/labemacosmetics.com\\\/shop\\\/\"},{\"@type\":\"ListItem\",\"position\":3,\"name\":\"PIXI Glow Tonic Lotion exfoliante\"}]},{\"@type\":\"WebSite\",\"@id\":\"https:\\\/\\\/labemacosmetics.com\\\/#website\",\"url\":\"https:\\\/\\\/labemacosmetics.com\\\/\",\"name\":\"Lab&eacute;ma Cosmetics\",\"description\":\"\",\"potentialAction\":[{\"@type\":\"SearchAction\",\"target\":{\"@type\":\"EntryPoint\",\"urlTemplate\":\"https:\\\/\\\/labemacosmetics.com\\\/?s={search_term_string}\"},\"query-input\":{\"@type\":\"PropertyValueSpecification\",\"valueRequired\":true,\"valueName\":\"search_term_string\"}}],\"inLanguage\":\"en-GB\"}]}<\/script>\n<meta property=\"product:brand\" content=\"Pixi\" \/>\n<meta property=\"og:availability\" content=\"instock\" \/>\n<meta property=\"product:availability\" content=\"instock\" \/>\n<meta property=\"product:condition\" content=\"new\" \/>\n<!-- \/ Yoast SEO Premium plugin. -->","yoast_head_json":{"title":"PIXI Glow Tonic Lotion exfoliante | Dakar - S\u00e9n\u00e9gal","description":"La lotion exfoliante pixi glow tonic aide \u00e0 tonifier, raffermir et unifier la peau. Le tonique oxyg\u00e9nant \u00e9limine les cellules mortes de la peau","robots":{"index":"index","follow":"follow","max-snippet":"max-snippet:-1","max-image-preview":"max-image-preview:large","max-video-preview":"max-video-preview:-1"},"canonical":"https:\/\/labemacosmetics.com\/en\/product\/pixi-glow-tonic-lotion-exfoliante-100-ml\/","og_locale":"en_GB","og_type":"article","og_title":"PIXI Glow Tonic Lotion exfoliante","og_description":"La lotion exfoliante pixi glow tonic aide \u00e0 tonifier, raffermir et unifier la peau. Le tonique oxyg\u00e9nant \u00e9limine les cellules mortes de la peau","og_url":"https:\/\/labemacosmetics.com\/en\/product\/pixi-glow-tonic-lotion-exfoliante-100-ml\/","og_site_name":"Lab&eacute;ma Cosmetics","article_publisher":"http:\/\/www.facebook.com\/labemacosmetics","article_modified_time":"2023-05-21T07:44:27+00:00","og_image":[{"width":1500,"height":1493,"url":"https:\/\/labemacosmetics.com\/wp-content\/uploads\/2023\/02\/Pixi-glow-tonique-lotion-exfoliante-250-ml.jpg","type":"image\/jpeg"}],"twitter_card":"summary_large_image","twitter_site":"@Labemasn","twitter_misc":{"Availability":"In stock"},"schema":{"@context":"https:\/\/schema.org","@graph":[{"@type":"WebPage","@id":"https:\/\/labemacosmetics.com\/produit\/pixi-glow-tonic-lotion-exfoliante-100-ml\/","url":"https:\/\/labemacosmetics.com\/produit\/pixi-glow-tonic-lotion-exfoliante-100-ml\/","name":"PIXI Glow Tonic Lotion exfoliante | Dakar - S\u00e9n\u00e9gal","isPartOf":{"@id":"https:\/\/labemacosmetics.com\/#website"},"primaryImageOfPage":{"@id":"https:\/\/labemacosmetics.com\/produit\/pixi-glow-tonic-lotion-exfoliante-100-ml\/#primaryimage"},"image":{"@id":"https:\/\/labemacosmetics.com\/produit\/pixi-glow-tonic-lotion-exfoliante-100-ml\/#primaryimage"},"thumbnailUrl":"https:\/\/labemacosmetics.com\/wp-content\/uploads\/2023\/02\/Pixi-glow-tonique-lotion-exfoliante-250-ml.jpg","datePublished":"2023-02-07T16:38:33+00:00","dateModified":"2023-05-21T07:44:27+00:00","description":"La lotion exfoliante pixi glow tonic aide \u00e0 tonifier, raffermir et unifier la peau. Le tonique oxyg\u00e9nant \u00e9limine les cellules mortes de la peau","breadcrumb":{"@id":"https:\/\/labemacosmetics.com\/produit\/pixi-glow-tonic-lotion-exfoliante-100-ml\/#breadcrumb"},"inLanguage":"en-GB","potentialAction":[{"@type":"ReadAction","target":["https:\/\/labemacosmetics.com\/produit\/pixi-glow-tonic-lotion-exfoliante-100-ml\/"]}]},{"@type":"ImageObject","inLanguage":"en-GB","@id":"https:\/\/labemacosmetics.com\/produit\/pixi-glow-tonic-lotion-exfoliante-100-ml\/#primaryimage","url":"https:\/\/labemacosmetics.com\/wp-content\/uploads\/2023\/02\/Pixi-glow-tonique-lotion-exfoliante-250-ml.jpg","contentUrl":"https:\/\/labemacosmetics.com\/wp-content\/uploads\/2023\/02\/Pixi-glow-tonique-lotion-exfoliante-250-ml.jpg","width":1500,"height":1493,"caption":"pixi glow tonic"},{"@type":"BreadcrumbList","@id":"https:\/\/labemacosmetics.com\/produit\/pixi-glow-tonic-lotion-exfoliante-100-ml\/#breadcrumb","itemListElement":[{"@type":"ListItem","position":1,"name":"Accueil","item":"https:\/\/labemacosmetics.com\/"},{"@type":"ListItem","position":2,"name":"Produits","item":"https:\/\/labemacosmetics.com\/shop\/"},{"@type":"ListItem","position":3,"name":"PIXI Glow Tonic Lotion exfoliante"}]},{"@type":"WebSite","@id":"https:\/\/labemacosmetics.com\/#website","url":"https:\/\/labemacosmetics.com\/","name":"Lab&eacute;ma Cosmetics","description":"","potentialAction":[{"@type":"SearchAction","target":{"@type":"EntryPoint","urlTemplate":"https:\/\/labemacosmetics.com\/?s={search_term_string}"},"query-input":{"@type":"PropertyValueSpecification","valueRequired":true,"valueName":"search_term_string"}}],"inLanguage":"en-GB"}]},"product_brand":"Pixi","og_availability":"instock","product_availability":"instock","product_condition":"new"},"_links":{"self":[{"href":"https:\/\/labemacosmetics.com\/en\/wp-json\/wp\/v2\/product\/6851","targetHints":{"allow":["GET"]}}],"collection":[{"href":"https:\/\/labemacosmetics.com\/en\/wp-json\/wp\/v2\/product"}],"about":[{"href":"https:\/\/labemacosmetics.com\/en\/wp-json\/wp\/v2\/types\/product"}],"replies":[{"embeddable":true,"href":"https:\/\/labemacosmetics.com\/en\/wp-json\/wp\/v2\/comments?post=6851"}],"version-history":[{"count":0,"href":"https:\/\/labemacosmetics.com\/en\/wp-json\/wp\/v2\/product\/6851\/revisions"}],"wp:featuredmedia":[{"embeddable":true,"href":"https:\/\/labemacosmetics.com\/en\/wp-json\/wp\/v2\/media\/6850"}],"wp:attachment":[{"href":"https:\/\/labemacosmetics.com\/en\/wp-json\/wp\/v2\/media?parent=6851"}],"wp:term":[{"taxonomy":"product_brand","embeddable":true,"href":"https:\/\/labemacosmetics.com\/en\/wp-json\/wp\/v2\/product_brand?post=6851"},{"taxonomy":"product_cat","embeddable":true,"href":"https:\/\/labemacosmetics.com\/en\/wp-json\/wp\/v2\/product_cat?post=6851"},{"taxonomy":"product_tag","embeddable":true,"href":"https:\/\/labemacosmetics.com\/en\/wp-json\/wp\/v2\/product_tag?post=6851"}],"curies":[{"name":"wp","href":"https:\/\/api.w.org\/{rel}","templated":true}]}}