{"id":6844,"date":"2023-02-07T16:59:09","date_gmt":"2023-02-07T15:59:09","guid":{"rendered":"https:\/\/www.labemacosmetics.com\/?post_type=product&#038;p=6844"},"modified":"2023-12-08T19:23:56","modified_gmt":"2023-12-08T18:23:56","slug":"the-inkey-list-serum-regulateur-de-sebum-a-la-niacinamide","status":"publish","type":"product","link":"https:\/\/labemacosmetics.com\/en\/product\/the-inkey-list-serum-regulateur-de-sebum-a-la-niacinamide\/","title":{"rendered":"THE INKEY LIST Niacinamide S\u00e9rum r\u00e9gulateur de s\u00e9bum"},"content":{"rendered":"<p>\u00c9quilibrez la peau grasse avec le serum\u00a0\u00a0 Niacinamide\u00a0 de Inkey List\u00a0 . La vitamine B3 d\u2019origine naturelle agit pour r\u00e9guler la production d\u2019huile tout en aidant \u00e0 pr\u00e9venir et \u00e0 r\u00e9duire l\u2019apparence des \u00e9ruptions cutan\u00e9es. Id\u00e9al pour lutter contre la congestion, le s\u00e9rum agit pour minimiser l\u2019apparence des pores, tout en r\u00e9duisant les rougeurs et l\u2019inflammation associ\u00e9es aux \u00e9ruptions cutan\u00e9es. Cette formule innovante associe 10% de niacinamide \u00e0 1% d\u2019acide hyaluronique pour aider \u00e0 hydrater et repulper la peau, pr\u00e9venant ainsi la d\u00e9shydratation qui peut contribuer \u00e0 la production excessive de s\u00e9bum. Le s\u00e9rum est parfait pour ceux qui constatent que leur peau devient excessivement grasse pendant la journ\u00e9e, ce qui signifie qu\u2019ils doivent constamment tacher.<\/p>\n<h3>Utilisation<\/h3>\n<p>Matin et soir, apr\u00e8s avoir nettoy\u00e9 et hydrat\u00e9 la peau avec Hyaluronic Acid Serum, tapoter d\u00e9licatement une noisette de produit sur le visage et le cou.<br \/>\nEn cas d\u2019utilisation d\u2019autres s\u00e9rums, appliquer dans n\u2019importe quel ordre ou consulter nos conseils sur le layering ci-dessous.<\/p>","protected":false},"excerpt":{"rendered":"<p>Niacinamide Oil Control Serum de The INKEY List est \u00e0 la fois l\u00e9ger et enrichi de 10 % de niacinamide. Cette vitamine B3 naturellement pr\u00e9sente aide \u00e0 r\u00e9duire efficacement l&rsquo;exc\u00e8s de s\u00e9bum, les imperfections et les rougeurs. Il est \u00e9galement formul\u00e9 avec 1 % d&rsquo;acide hyaluronique pour plus d&rsquo;hydratation et une diffusion efficace.<\/p>","protected":false},"featured_media":6846,"comment_status":"open","ping_status":"closed","template":"","meta":{"om_disable_all_campaigns":false,"_mi_skip_tracking":false,"_monsterinsights_sitenote_active":false,"_monsterinsights_sitenote_note":"","_monsterinsights_sitenote_category":0},"product_brand":[],"product_cat":[127,1747,515,514,516,517,512,1745,128,1748,513],"product_tag":[],"class_list":{"0":"post-6844","1":"product","2":"type-product","3":"status-publish","4":"has-post-thumbnail","6":"product_cat-boutique","7":"product_cat-peaux-a-tendances-acneiques","8":"product_cat-peaux-mixtes-a-grasses","9":"product_cat-peaux-normales","10":"product_cat-peaux-seches","11":"product_cat-peaux-sensibles","12":"product_cat-produits-par-besoin","13":"product_cat-serums","14":"product_cat-soin-de-visage","15":"product_cat-soins-anti-taches","16":"product_cat-type-de-peau","17":"yith_product_brand-the-inkey-list","19":"first","20":"outofstock","21":"shipping-taxable","22":"purchasable","23":"product-type-simple"},"yoast_head":"<!-- This site is optimized with the Yoast SEO Premium plugin v20.8 (Yoast SEO v27.4) - https:\/\/yoast.com\/product\/yoast-seo-premium-wordpress\/ -->\n<title>THE INKEY LIST Niacinamide S\u00e9rum r\u00e9gulateur de s\u00e9bum | dakar<\/title>\n<meta name=\"description\" content=\"Niacinamide Oil Control Serum de The INKEY List est enrichi en vitamine B3 naturellement pr\u00e9sente aide \u00e0 r\u00e9duire efficacement l&#039;exc\u00e8s de s\u00e9bum, les imperfections et les rougeurs.\" \/>\n<meta name=\"robots\" content=\"index, follow, max-snippet:-1, max-image-preview:large, max-video-preview:-1\" \/>\n<link rel=\"canonical\" href=\"https:\/\/labemacosmetics.com\/en\/product\/the-inkey-list-serum-regulateur-de-sebum-a-la-niacinamide\/\" \/>\n<meta property=\"og:locale\" content=\"en_GB\" \/>\n<meta property=\"og:type\" content=\"article\" \/>\n<meta property=\"og:title\" content=\"THE INKEY LIST Niacinamide S\u00e9rum r\u00e9gulateur de s\u00e9bum\" \/>\n<meta property=\"og:description\" content=\"Niacinamide Oil Control Serum de The INKEY List est enrichi en vitamine B3 naturellement pr\u00e9sente aide \u00e0 r\u00e9duire efficacement l&#039;exc\u00e8s de s\u00e9bum, les imperfections et les rougeurs.\" \/>\n<meta property=\"og:url\" content=\"https:\/\/labemacosmetics.com\/en\/product\/the-inkey-list-serum-regulateur-de-sebum-a-la-niacinamide\/\" \/>\n<meta property=\"og:site_name\" content=\"Lab&eacute;ma Cosmetics\" \/>\n<meta property=\"article:publisher\" content=\"http:\/\/www.facebook.com\/labemacosmetics\" \/>\n<meta property=\"article:modified_time\" content=\"2023-12-08T18:23:56+00:00\" \/>\n<meta property=\"og:image\" content=\"https:\/\/labemacosmetics.com\/wp-content\/uploads\/2023\/02\/the-inkey-list-niacinamide-serum.jpg\" \/>\n\t<meta property=\"og:image:width\" content=\"1024\" \/>\n\t<meta property=\"og:image:height\" content=\"1024\" \/>\n\t<meta property=\"og:image:type\" content=\"image\/jpeg\" \/>\n<meta name=\"twitter:card\" content=\"summary_large_image\" \/>\n<meta name=\"twitter:site\" content=\"@Labemasn\" \/>\n<meta name=\"twitter:label1\" content=\"Price\" \/>\n\t<meta name=\"twitter:data1\" content=\"8 500&nbsp;CFA\" \/>\n\t<meta name=\"twitter:label2\" content=\"Availability\" \/>\n\t<meta name=\"twitter:data2\" content=\"Out of stock\" \/>\n<script type=\"application\/ld+json\" class=\"yoast-schema-graph\">{\"@context\":\"https:\\\/\\\/schema.org\",\"@graph\":[{\"@type\":\"WebPage\",\"@id\":\"https:\\\/\\\/labemacosmetics.com\\\/en\\\/product\\\/the-inkey-list-serum-regulateur-de-sebum-a-la-niacinamide\\\/\",\"url\":\"https:\\\/\\\/labemacosmetics.com\\\/en\\\/product\\\/the-inkey-list-serum-regulateur-de-sebum-a-la-niacinamide\\\/\",\"name\":\"THE INKEY LIST Niacinamide S\u00e9rum r\u00e9gulateur de s\u00e9bum | dakar\",\"isPartOf\":{\"@id\":\"https:\\\/\\\/labemacosmetics.com\\\/#website\"},\"primaryImageOfPage\":{\"@id\":\"https:\\\/\\\/labemacosmetics.com\\\/en\\\/product\\\/the-inkey-list-serum-regulateur-de-sebum-a-la-niacinamide\\\/#primaryimage\"},\"image\":{\"@id\":\"https:\\\/\\\/labemacosmetics.com\\\/en\\\/product\\\/the-inkey-list-serum-regulateur-de-sebum-a-la-niacinamide\\\/#primaryimage\"},\"thumbnailUrl\":\"https:\\\/\\\/labemacosmetics.com\\\/wp-content\\\/uploads\\\/2023\\\/02\\\/the-inkey-list-niacinamide-serum.jpg\",\"datePublished\":\"2023-02-07T15:59:09+00:00\",\"dateModified\":\"2023-12-08T18:23:56+00:00\",\"description\":\"Niacinamide Oil Control Serum de The INKEY List est enrichi en vitamine B3 naturellement pr\u00e9sente aide \u00e0 r\u00e9duire efficacement l'exc\u00e8s de s\u00e9bum, les imperfections et les rougeurs.\",\"breadcrumb\":{\"@id\":\"https:\\\/\\\/labemacosmetics.com\\\/en\\\/product\\\/the-inkey-list-serum-regulateur-de-sebum-a-la-niacinamide\\\/#breadcrumb\"},\"inLanguage\":\"en-GB\",\"potentialAction\":[{\"@type\":\"ReadAction\",\"target\":[\"https:\\\/\\\/labemacosmetics.com\\\/en\\\/product\\\/the-inkey-list-serum-regulateur-de-sebum-a-la-niacinamide\\\/\"]}]},{\"@type\":\"ImageObject\",\"inLanguage\":\"en-GB\",\"@id\":\"https:\\\/\\\/labemacosmetics.com\\\/en\\\/product\\\/the-inkey-list-serum-regulateur-de-sebum-a-la-niacinamide\\\/#primaryimage\",\"url\":\"https:\\\/\\\/labemacosmetics.com\\\/wp-content\\\/uploads\\\/2023\\\/02\\\/the-inkey-list-niacinamide-serum.jpg\",\"contentUrl\":\"https:\\\/\\\/labemacosmetics.com\\\/wp-content\\\/uploads\\\/2023\\\/02\\\/the-inkey-list-niacinamide-serum.jpg\",\"width\":1024,\"height\":1024,\"caption\":\"the inkey list\"},{\"@type\":\"BreadcrumbList\",\"@id\":\"https:\\\/\\\/labemacosmetics.com\\\/en\\\/product\\\/the-inkey-list-serum-regulateur-de-sebum-a-la-niacinamide\\\/#breadcrumb\",\"itemListElement\":[{\"@type\":\"ListItem\",\"position\":1,\"name\":\"Accueil\",\"item\":\"https:\\\/\\\/labemacosmetics.com\\\/\"},{\"@type\":\"ListItem\",\"position\":2,\"name\":\"Produits\",\"item\":\"https:\\\/\\\/labemacosmetics.com\\\/shop\\\/\"},{\"@type\":\"ListItem\",\"position\":3,\"name\":\"THE INKEY LIST Niacinamide S\u00e9rum r\u00e9gulateur de s\u00e9bum\"}]},{\"@type\":\"WebSite\",\"@id\":\"https:\\\/\\\/labemacosmetics.com\\\/#website\",\"url\":\"https:\\\/\\\/labemacosmetics.com\\\/\",\"name\":\"Lab&eacute;ma Cosmetics\",\"description\":\"\",\"potentialAction\":[{\"@type\":\"SearchAction\",\"target\":{\"@type\":\"EntryPoint\",\"urlTemplate\":\"https:\\\/\\\/labemacosmetics.com\\\/?s={search_term_string}\"},\"query-input\":{\"@type\":\"PropertyValueSpecification\",\"valueRequired\":true,\"valueName\":\"search_term_string\"}}],\"inLanguage\":\"en-GB\"}]}<\/script>\n<meta property=\"product:brand\" content=\"The inkey list\" \/>\n<meta property=\"product:price:amount\" content=\"8500\" \/>\n<meta property=\"product:price:currency\" content=\"XOF\" \/>\n<meta property=\"og:availability\" content=\"out of stock\" \/>\n<meta property=\"product:availability\" content=\"out of stock\" \/>\n<meta property=\"product:condition\" content=\"new\" \/>\n<!-- \/ Yoast SEO Premium plugin. -->","yoast_head_json":{"title":"THE INKEY LIST Niacinamide S\u00e9rum r\u00e9gulateur de s\u00e9bum | dakar","description":"Niacinamide Oil Control Serum de The INKEY List est enrichi en vitamine B3 naturellement pr\u00e9sente aide \u00e0 r\u00e9duire efficacement l'exc\u00e8s de s\u00e9bum, les imperfections et les rougeurs.","robots":{"index":"index","follow":"follow","max-snippet":"max-snippet:-1","max-image-preview":"max-image-preview:large","max-video-preview":"max-video-preview:-1"},"canonical":"https:\/\/labemacosmetics.com\/en\/product\/the-inkey-list-serum-regulateur-de-sebum-a-la-niacinamide\/","og_locale":"en_GB","og_type":"article","og_title":"THE INKEY LIST Niacinamide S\u00e9rum r\u00e9gulateur de s\u00e9bum","og_description":"Niacinamide Oil Control Serum de The INKEY List est enrichi en vitamine B3 naturellement pr\u00e9sente aide \u00e0 r\u00e9duire efficacement l'exc\u00e8s de s\u00e9bum, les imperfections et les rougeurs.","og_url":"https:\/\/labemacosmetics.com\/en\/product\/the-inkey-list-serum-regulateur-de-sebum-a-la-niacinamide\/","og_site_name":"Lab&eacute;ma Cosmetics","article_publisher":"http:\/\/www.facebook.com\/labemacosmetics","article_modified_time":"2023-12-08T18:23:56+00:00","og_image":[{"width":1024,"height":1024,"url":"https:\/\/labemacosmetics.com\/wp-content\/uploads\/2023\/02\/the-inkey-list-niacinamide-serum.jpg","type":"image\/jpeg"}],"twitter_card":"summary_large_image","twitter_site":"@Labemasn","twitter_misc":{"Price":"8 500&nbsp;CFA","Availability":"Out of stock"},"schema":{"@context":"https:\/\/schema.org","@graph":[{"@type":"WebPage","@id":"https:\/\/labemacosmetics.com\/en\/product\/the-inkey-list-serum-regulateur-de-sebum-a-la-niacinamide\/","url":"https:\/\/labemacosmetics.com\/en\/product\/the-inkey-list-serum-regulateur-de-sebum-a-la-niacinamide\/","name":"THE INKEY LIST Niacinamide S\u00e9rum r\u00e9gulateur de s\u00e9bum | dakar","isPartOf":{"@id":"https:\/\/labemacosmetics.com\/#website"},"primaryImageOfPage":{"@id":"https:\/\/labemacosmetics.com\/en\/product\/the-inkey-list-serum-regulateur-de-sebum-a-la-niacinamide\/#primaryimage"},"image":{"@id":"https:\/\/labemacosmetics.com\/en\/product\/the-inkey-list-serum-regulateur-de-sebum-a-la-niacinamide\/#primaryimage"},"thumbnailUrl":"https:\/\/labemacosmetics.com\/wp-content\/uploads\/2023\/02\/the-inkey-list-niacinamide-serum.jpg","datePublished":"2023-02-07T15:59:09+00:00","dateModified":"2023-12-08T18:23:56+00:00","description":"Niacinamide Oil Control Serum de The INKEY List est enrichi en vitamine B3 naturellement pr\u00e9sente aide \u00e0 r\u00e9duire efficacement l'exc\u00e8s de s\u00e9bum, les imperfections et les rougeurs.","breadcrumb":{"@id":"https:\/\/labemacosmetics.com\/en\/product\/the-inkey-list-serum-regulateur-de-sebum-a-la-niacinamide\/#breadcrumb"},"inLanguage":"en-GB","potentialAction":[{"@type":"ReadAction","target":["https:\/\/labemacosmetics.com\/en\/product\/the-inkey-list-serum-regulateur-de-sebum-a-la-niacinamide\/"]}]},{"@type":"ImageObject","inLanguage":"en-GB","@id":"https:\/\/labemacosmetics.com\/en\/product\/the-inkey-list-serum-regulateur-de-sebum-a-la-niacinamide\/#primaryimage","url":"https:\/\/labemacosmetics.com\/wp-content\/uploads\/2023\/02\/the-inkey-list-niacinamide-serum.jpg","contentUrl":"https:\/\/labemacosmetics.com\/wp-content\/uploads\/2023\/02\/the-inkey-list-niacinamide-serum.jpg","width":1024,"height":1024,"caption":"the inkey list"},{"@type":"BreadcrumbList","@id":"https:\/\/labemacosmetics.com\/en\/product\/the-inkey-list-serum-regulateur-de-sebum-a-la-niacinamide\/#breadcrumb","itemListElement":[{"@type":"ListItem","position":1,"name":"Accueil","item":"https:\/\/labemacosmetics.com\/"},{"@type":"ListItem","position":2,"name":"Produits","item":"https:\/\/labemacosmetics.com\/shop\/"},{"@type":"ListItem","position":3,"name":"THE INKEY LIST Niacinamide S\u00e9rum r\u00e9gulateur de s\u00e9bum"}]},{"@type":"WebSite","@id":"https:\/\/labemacosmetics.com\/#website","url":"https:\/\/labemacosmetics.com\/","name":"Lab&eacute;ma Cosmetics","description":"","potentialAction":[{"@type":"SearchAction","target":{"@type":"EntryPoint","urlTemplate":"https:\/\/labemacosmetics.com\/?s={search_term_string}"},"query-input":{"@type":"PropertyValueSpecification","valueRequired":true,"valueName":"search_term_string"}}],"inLanguage":"en-GB"}]},"product_brand":"The inkey list","product_price_amount":"8500","product_price_currency":"XOF","og_availability":"out of stock","product_availability":"out of stock","product_condition":"new"},"_links":{"self":[{"href":"https:\/\/labemacosmetics.com\/en\/wp-json\/wp\/v2\/product\/6844","targetHints":{"allow":["GET"]}}],"collection":[{"href":"https:\/\/labemacosmetics.com\/en\/wp-json\/wp\/v2\/product"}],"about":[{"href":"https:\/\/labemacosmetics.com\/en\/wp-json\/wp\/v2\/types\/product"}],"replies":[{"embeddable":true,"href":"https:\/\/labemacosmetics.com\/en\/wp-json\/wp\/v2\/comments?post=6844"}],"version-history":[{"count":0,"href":"https:\/\/labemacosmetics.com\/en\/wp-json\/wp\/v2\/product\/6844\/revisions"}],"wp:featuredmedia":[{"embeddable":true,"href":"https:\/\/labemacosmetics.com\/en\/wp-json\/wp\/v2\/media\/6846"}],"wp:attachment":[{"href":"https:\/\/labemacosmetics.com\/en\/wp-json\/wp\/v2\/media?parent=6844"}],"wp:term":[{"taxonomy":"product_brand","embeddable":true,"href":"https:\/\/labemacosmetics.com\/en\/wp-json\/wp\/v2\/product_brand?post=6844"},{"taxonomy":"product_cat","embeddable":true,"href":"https:\/\/labemacosmetics.com\/en\/wp-json\/wp\/v2\/product_cat?post=6844"},{"taxonomy":"product_tag","embeddable":true,"href":"https:\/\/labemacosmetics.com\/en\/wp-json\/wp\/v2\/product_tag?post=6844"}],"curies":[{"name":"wp","href":"https:\/\/api.w.org\/{rel}","templated":true}]}}