{"id":6788,"date":"2022-11-21T15:18:33","date_gmt":"2022-11-21T14:18:33","guid":{"rendered":"https:\/\/www.labemacosmetics.com\/?post_type=product&#038;p=6788"},"modified":"2023-05-21T08:50:08","modified_gmt":"2023-05-21T07:50:08","slug":"nettoyant-purifiant-visage-400-ml","status":"publish","type":"product","link":"https:\/\/labemacosmetics.com\/en\/product\/nettoyant-purifiant-visage-400-ml\/","title":{"rendered":"The body Shop Nettoyant purifiant visage 400 ml"},"content":{"rendered":"<p>Si vous avez remarqu\u00e9 quelques imperfections, si un m\u00e9chant cocktail de s\u00e9bum, d\u2019impuret\u00e9s et de maquillage s\u2019accumule dans vos pores et que votre peau hurle \u00e0 l\u2019aide, alors notre Nettoyant Purifiant Visage au Tea Tree est l\u00e0 pour vous aider. Ce soin nettoyant rafra\u00eechissant \u00e0 l\u2019arbre \u00e0 th\u00e9 sera id\u00e9al pour r\u00e9\u00e9quilibrer votre peau.<\/p>","protected":false},"excerpt":{"rendered":"<p>Si vous \u00eates sujette aux exc\u00e8s de s\u00e9bum et aux imperfections, il est grand temps d\u2019adopter une routine de soins du visage bien organis\u00e9e. Commencez par faire connaissance avec votre nouveau nettoyant au Tea Tree. Formul\u00e9 sp\u00e9cifiquement pour les peaux \u00e0 imperfections, il vous aidera \u00e0 obtenir une agr\u00e9able sensation de fra\u00eecheur. Sa formule vegan surpuissante est enrichie en huile d\u2019arbre \u00e0 th\u00e9 du Kenya issue du commerce \u00e9quitable.<\/p>","protected":false},"featured_media":6789,"comment_status":"open","ping_status":"closed","template":"","meta":{"om_disable_all_campaigns":false,"_mi_skip_tracking":false,"_monsterinsights_sitenote_active":false,"_monsterinsights_sitenote_note":"","_monsterinsights_sitenote_category":0},"product_brand":[],"product_cat":[519,515,512,128,513],"product_tag":[],"class_list":{"0":"post-6788","1":"product","2":"type-product","3":"status-publish","4":"has-post-thumbnail","6":"product_cat-nettoyants","7":"product_cat-peaux-mixtes-a-grasses","8":"product_cat-produits-par-besoin","9":"product_cat-soin-de-visage","10":"product_cat-type-de-peau","11":"yith_product_brand-the-body-shop","13":"first","14":"instock","15":"shipping-taxable","16":"purchasable","17":"product-type-simple"},"yoast_head":"<!-- This site is optimized with the Yoast SEO Premium plugin v20.8 (Yoast SEO v27.4) - https:\/\/yoast.com\/product\/yoast-seo-premium-wordpress\/ -->\n<title>The body Shop Nettoyant purifiant visage 400 ml | Dakar - S\u00e9n\u00e9gal<\/title>\n<meta name=\"description\" content=\"Si vous avez remarqu\u00e9 quelques imperfections, si un m\u00e9chant cocktail de s\u00e9bum, d\u2019impuret\u00e9s et de maquillage s\u2019accumule dans vos pores et que votre peau ...\" \/>\n<meta name=\"robots\" content=\"index, follow, max-snippet:-1, max-image-preview:large, max-video-preview:-1\" \/>\n<link rel=\"canonical\" href=\"https:\/\/labemacosmetics.com\/en\/product\/nettoyant-purifiant-visage-400-ml\/\" \/>\n<meta property=\"og:locale\" content=\"en_GB\" \/>\n<meta property=\"og:type\" content=\"article\" \/>\n<meta property=\"og:title\" content=\"The body Shop Nettoyant purifiant visage 400 ml\" \/>\n<meta property=\"og:description\" content=\"Si vous avez remarqu\u00e9 quelques imperfections, si un m\u00e9chant cocktail de s\u00e9bum, d\u2019impuret\u00e9s et de maquillage s\u2019accumule dans vos pores et que votre peau ...\" \/>\n<meta property=\"og:url\" content=\"https:\/\/labemacosmetics.com\/en\/product\/nettoyant-purifiant-visage-400-ml\/\" \/>\n<meta property=\"og:site_name\" content=\"Lab&eacute;ma Cosmetics\" \/>\n<meta property=\"article:publisher\" content=\"http:\/\/www.facebook.com\/labemacosmetics\" \/>\n<meta property=\"article:modified_time\" content=\"2023-05-21T07:50:08+00:00\" \/>\n<meta property=\"og:image\" content=\"https:\/\/labemacosmetics.com\/wp-content\/uploads\/2022\/11\/Nettoyant-purifiant-visage-400-ml.jpg\" \/>\n\t<meta property=\"og:image:width\" content=\"1000\" \/>\n\t<meta property=\"og:image:height\" content=\"1000\" \/>\n\t<meta property=\"og:image:type\" content=\"image\/jpeg\" \/>\n<meta name=\"twitter:card\" content=\"summary_large_image\" \/>\n<meta name=\"twitter:site\" content=\"@Labemasn\" \/>\n<meta name=\"twitter:label1\" content=\"Price\" \/>\n\t<meta name=\"twitter:data1\" content=\"15 000&nbsp;CFA\" \/>\n\t<meta name=\"twitter:label2\" content=\"Availability\" \/>\n\t<meta name=\"twitter:data2\" content=\"In stock\" \/>\n<script type=\"application\/ld+json\" class=\"yoast-schema-graph\">{\"@context\":\"https:\\\/\\\/schema.org\",\"@graph\":[{\"@type\":\"WebPage\",\"@id\":\"https:\\\/\\\/labemacosmetics.com\\\/produit\\\/nettoyant-purifiant-visage-400-ml\\\/\",\"url\":\"https:\\\/\\\/labemacosmetics.com\\\/produit\\\/nettoyant-purifiant-visage-400-ml\\\/\",\"name\":\"The body Shop Nettoyant purifiant visage 400 ml | Dakar - S\u00e9n\u00e9gal\",\"isPartOf\":{\"@id\":\"https:\\\/\\\/labemacosmetics.com\\\/#website\"},\"primaryImageOfPage\":{\"@id\":\"https:\\\/\\\/labemacosmetics.com\\\/produit\\\/nettoyant-purifiant-visage-400-ml\\\/#primaryimage\"},\"image\":{\"@id\":\"https:\\\/\\\/labemacosmetics.com\\\/produit\\\/nettoyant-purifiant-visage-400-ml\\\/#primaryimage\"},\"thumbnailUrl\":\"https:\\\/\\\/labemacosmetics.com\\\/wp-content\\\/uploads\\\/2022\\\/11\\\/Nettoyant-purifiant-visage-400-ml.jpg\",\"datePublished\":\"2022-11-21T14:18:33+00:00\",\"dateModified\":\"2023-05-21T07:50:08+00:00\",\"description\":\"Si vous avez remarqu\u00e9 quelques imperfections, si un m\u00e9chant cocktail de s\u00e9bum, d\u2019impuret\u00e9s et de maquillage s\u2019accumule dans vos pores et que votre peau ...\",\"breadcrumb\":{\"@id\":\"https:\\\/\\\/labemacosmetics.com\\\/produit\\\/nettoyant-purifiant-visage-400-ml\\\/#breadcrumb\"},\"inLanguage\":\"en-GB\",\"potentialAction\":[{\"@type\":\"ReadAction\",\"target\":[\"https:\\\/\\\/labemacosmetics.com\\\/produit\\\/nettoyant-purifiant-visage-400-ml\\\/\"]}]},{\"@type\":\"ImageObject\",\"inLanguage\":\"en-GB\",\"@id\":\"https:\\\/\\\/labemacosmetics.com\\\/produit\\\/nettoyant-purifiant-visage-400-ml\\\/#primaryimage\",\"url\":\"https:\\\/\\\/labemacosmetics.com\\\/wp-content\\\/uploads\\\/2022\\\/11\\\/Nettoyant-purifiant-visage-400-ml.jpg\",\"contentUrl\":\"https:\\\/\\\/labemacosmetics.com\\\/wp-content\\\/uploads\\\/2022\\\/11\\\/Nettoyant-purifiant-visage-400-ml.jpg\",\"width\":1000,\"height\":1000},{\"@type\":\"BreadcrumbList\",\"@id\":\"https:\\\/\\\/labemacosmetics.com\\\/produit\\\/nettoyant-purifiant-visage-400-ml\\\/#breadcrumb\",\"itemListElement\":[{\"@type\":\"ListItem\",\"position\":1,\"name\":\"Accueil\",\"item\":\"https:\\\/\\\/labemacosmetics.com\\\/\"},{\"@type\":\"ListItem\",\"position\":2,\"name\":\"Produits\",\"item\":\"https:\\\/\\\/labemacosmetics.com\\\/shop\\\/\"},{\"@type\":\"ListItem\",\"position\":3,\"name\":\"The body Shop Nettoyant purifiant visage 400 ml\"}]},{\"@type\":\"WebSite\",\"@id\":\"https:\\\/\\\/labemacosmetics.com\\\/#website\",\"url\":\"https:\\\/\\\/labemacosmetics.com\\\/\",\"name\":\"Lab&eacute;ma Cosmetics\",\"description\":\"\",\"potentialAction\":[{\"@type\":\"SearchAction\",\"target\":{\"@type\":\"EntryPoint\",\"urlTemplate\":\"https:\\\/\\\/labemacosmetics.com\\\/?s={search_term_string}\"},\"query-input\":{\"@type\":\"PropertyValueSpecification\",\"valueRequired\":true,\"valueName\":\"search_term_string\"}}],\"inLanguage\":\"en-GB\"}]}<\/script>\n<meta property=\"product:brand\" content=\"The Body Shop\" \/>\n<meta property=\"product:price:amount\" content=\"15000\" \/>\n<meta property=\"product:price:currency\" content=\"XOF\" \/>\n<meta property=\"og:availability\" content=\"instock\" \/>\n<meta property=\"product:availability\" content=\"instock\" \/>\n<meta property=\"product:condition\" content=\"new\" \/>\n<!-- \/ Yoast SEO Premium plugin. -->","yoast_head_json":{"title":"The body Shop Nettoyant purifiant visage 400 ml | Dakar - S\u00e9n\u00e9gal","description":"Si vous avez remarqu\u00e9 quelques imperfections, si un m\u00e9chant cocktail de s\u00e9bum, d\u2019impuret\u00e9s et de maquillage s\u2019accumule dans vos pores et que votre peau ...","robots":{"index":"index","follow":"follow","max-snippet":"max-snippet:-1","max-image-preview":"max-image-preview:large","max-video-preview":"max-video-preview:-1"},"canonical":"https:\/\/labemacosmetics.com\/en\/product\/nettoyant-purifiant-visage-400-ml\/","og_locale":"en_GB","og_type":"article","og_title":"The body Shop Nettoyant purifiant visage 400 ml","og_description":"Si vous avez remarqu\u00e9 quelques imperfections, si un m\u00e9chant cocktail de s\u00e9bum, d\u2019impuret\u00e9s et de maquillage s\u2019accumule dans vos pores et que votre peau ...","og_url":"https:\/\/labemacosmetics.com\/en\/product\/nettoyant-purifiant-visage-400-ml\/","og_site_name":"Lab&eacute;ma Cosmetics","article_publisher":"http:\/\/www.facebook.com\/labemacosmetics","article_modified_time":"2023-05-21T07:50:08+00:00","og_image":[{"width":1000,"height":1000,"url":"https:\/\/labemacosmetics.com\/wp-content\/uploads\/2022\/11\/Nettoyant-purifiant-visage-400-ml.jpg","type":"image\/jpeg"}],"twitter_card":"summary_large_image","twitter_site":"@Labemasn","twitter_misc":{"Price":"15 000&nbsp;CFA","Availability":"In stock"},"schema":{"@context":"https:\/\/schema.org","@graph":[{"@type":"WebPage","@id":"https:\/\/labemacosmetics.com\/produit\/nettoyant-purifiant-visage-400-ml\/","url":"https:\/\/labemacosmetics.com\/produit\/nettoyant-purifiant-visage-400-ml\/","name":"The body Shop Nettoyant purifiant visage 400 ml | Dakar - S\u00e9n\u00e9gal","isPartOf":{"@id":"https:\/\/labemacosmetics.com\/#website"},"primaryImageOfPage":{"@id":"https:\/\/labemacosmetics.com\/produit\/nettoyant-purifiant-visage-400-ml\/#primaryimage"},"image":{"@id":"https:\/\/labemacosmetics.com\/produit\/nettoyant-purifiant-visage-400-ml\/#primaryimage"},"thumbnailUrl":"https:\/\/labemacosmetics.com\/wp-content\/uploads\/2022\/11\/Nettoyant-purifiant-visage-400-ml.jpg","datePublished":"2022-11-21T14:18:33+00:00","dateModified":"2023-05-21T07:50:08+00:00","description":"Si vous avez remarqu\u00e9 quelques imperfections, si un m\u00e9chant cocktail de s\u00e9bum, d\u2019impuret\u00e9s et de maquillage s\u2019accumule dans vos pores et que votre peau ...","breadcrumb":{"@id":"https:\/\/labemacosmetics.com\/produit\/nettoyant-purifiant-visage-400-ml\/#breadcrumb"},"inLanguage":"en-GB","potentialAction":[{"@type":"ReadAction","target":["https:\/\/labemacosmetics.com\/produit\/nettoyant-purifiant-visage-400-ml\/"]}]},{"@type":"ImageObject","inLanguage":"en-GB","@id":"https:\/\/labemacosmetics.com\/produit\/nettoyant-purifiant-visage-400-ml\/#primaryimage","url":"https:\/\/labemacosmetics.com\/wp-content\/uploads\/2022\/11\/Nettoyant-purifiant-visage-400-ml.jpg","contentUrl":"https:\/\/labemacosmetics.com\/wp-content\/uploads\/2022\/11\/Nettoyant-purifiant-visage-400-ml.jpg","width":1000,"height":1000},{"@type":"BreadcrumbList","@id":"https:\/\/labemacosmetics.com\/produit\/nettoyant-purifiant-visage-400-ml\/#breadcrumb","itemListElement":[{"@type":"ListItem","position":1,"name":"Accueil","item":"https:\/\/labemacosmetics.com\/"},{"@type":"ListItem","position":2,"name":"Produits","item":"https:\/\/labemacosmetics.com\/shop\/"},{"@type":"ListItem","position":3,"name":"The body Shop Nettoyant purifiant visage 400 ml"}]},{"@type":"WebSite","@id":"https:\/\/labemacosmetics.com\/#website","url":"https:\/\/labemacosmetics.com\/","name":"Lab&eacute;ma Cosmetics","description":"","potentialAction":[{"@type":"SearchAction","target":{"@type":"EntryPoint","urlTemplate":"https:\/\/labemacosmetics.com\/?s={search_term_string}"},"query-input":{"@type":"PropertyValueSpecification","valueRequired":true,"valueName":"search_term_string"}}],"inLanguage":"en-GB"}]},"product_brand":"The Body Shop","product_price_amount":"15000","product_price_currency":"XOF","og_availability":"instock","product_availability":"instock","product_condition":"new"},"_links":{"self":[{"href":"https:\/\/labemacosmetics.com\/en\/wp-json\/wp\/v2\/product\/6788","targetHints":{"allow":["GET"]}}],"collection":[{"href":"https:\/\/labemacosmetics.com\/en\/wp-json\/wp\/v2\/product"}],"about":[{"href":"https:\/\/labemacosmetics.com\/en\/wp-json\/wp\/v2\/types\/product"}],"replies":[{"embeddable":true,"href":"https:\/\/labemacosmetics.com\/en\/wp-json\/wp\/v2\/comments?post=6788"}],"version-history":[{"count":0,"href":"https:\/\/labemacosmetics.com\/en\/wp-json\/wp\/v2\/product\/6788\/revisions"}],"wp:featuredmedia":[{"embeddable":true,"href":"https:\/\/labemacosmetics.com\/en\/wp-json\/wp\/v2\/media\/6789"}],"wp:attachment":[{"href":"https:\/\/labemacosmetics.com\/en\/wp-json\/wp\/v2\/media?parent=6788"}],"wp:term":[{"taxonomy":"product_brand","embeddable":true,"href":"https:\/\/labemacosmetics.com\/en\/wp-json\/wp\/v2\/product_brand?post=6788"},{"taxonomy":"product_cat","embeddable":true,"href":"https:\/\/labemacosmetics.com\/en\/wp-json\/wp\/v2\/product_cat?post=6788"},{"taxonomy":"product_tag","embeddable":true,"href":"https:\/\/labemacosmetics.com\/en\/wp-json\/wp\/v2\/product_tag?post=6788"}],"curies":[{"name":"wp","href":"https:\/\/api.w.org\/{rel}","templated":true}]}}