{"id":6786,"date":"2022-11-21T14:56:30","date_gmt":"2022-11-21T13:56:30","guid":{"rendered":"https:\/\/www.labemacosmetics.com\/?post_type=product&#038;p=6786"},"modified":"2023-10-08T23:04:27","modified_gmt":"2023-10-08T22:04:27","slug":"tonique-purifiant-matifiant","status":"publish","type":"product","link":"https:\/\/labemacosmetics.com\/en\/product\/tonique-purifiant-matifiant\/","title":{"rendered":"The Body Shop Tonique purifiant matifiant"},"content":{"rendered":"<p>Faites connaissance avec le nouvel alli\u00e9 de votre peau. Son job\u00a0? Venir \u00e0 bout des salet\u00e9s et des impuret\u00e9s qui tra\u00eenent autour de vos pores. Notre Tonique Matifiant et Purifiant au Tea Tree purifie, rafra\u00eechit et pr\u00e9pare la peau pour que vous soyez fin pr\u00eate \u00e0 conqu\u00e9rir le monde.<\/p>","protected":false},"excerpt":{"rendered":"<p>Donc vous n\u2019aimez pas vos imperfections. On a compris. Cette lotion tonique pour peaux grasses \u00e9limine le maquillage et les impuret\u00e9s pour lib\u00e9rer vos pores. Il vous suffit de passer un peu de Tonique Matifiant et Purifiant au Tea Tree sur votre visage pour d\u00e9voiler une peau plus nette, visiblement matifi\u00e9e. Rien de plus simple.<\/p>","protected":false},"featured_media":6787,"comment_status":"open","ping_status":"closed","template":"","meta":{"om_disable_all_campaigns":false,"_mi_skip_tracking":false,"_monsterinsights_sitenote_active":false,"_monsterinsights_sitenote_note":"","_monsterinsights_sitenote_category":0},"product_brand":[],"product_cat":[127,549,1747,515,512,128,513],"product_tag":[],"class_list":{"0":"post-6786","1":"product","2":"type-product","3":"status-publish","4":"has-post-thumbnail","6":"product_cat-boutique","7":"product_cat-lotion-toner","8":"product_cat-peaux-a-tendances-acneiques","9":"product_cat-peaux-mixtes-a-grasses","10":"product_cat-produits-par-besoin","11":"product_cat-soin-de-visage","12":"product_cat-type-de-peau","13":"yith_product_brand-the-body-shop","15":"first","16":"outofstock","17":"shipping-taxable","18":"purchasable","19":"product-type-simple"},"yoast_head":"<!-- This site is optimized with the Yoast SEO Premium plugin v20.8 (Yoast SEO v27.4) - https:\/\/yoast.com\/product\/yoast-seo-premium-wordpress\/ -->\n<title>The Body Shop Tonique purifiant matifiant - Lab&eacute;ma Cosmetics<\/title>\n<meta name=\"robots\" content=\"index, follow, max-snippet:-1, max-image-preview:large, max-video-preview:-1\" \/>\n<link rel=\"canonical\" href=\"https:\/\/labemacosmetics.com\/en\/product\/tonique-purifiant-matifiant\/\" \/>\n<meta property=\"og:locale\" content=\"en_GB\" \/>\n<meta property=\"og:type\" content=\"article\" \/>\n<meta property=\"og:title\" content=\"The Body Shop Tonique purifiant matifiant\" \/>\n<meta property=\"og:description\" content=\"Donc vous n\u2019aimez pas vos imperfections. On a compris. Cette lotion tonique pour peaux grasses \u00e9limine le maquillage et les impuret\u00e9s pour lib\u00e9rer vos pores. Il vous suffit de passer un peu de Tonique Matifiant et Purifiant au Tea Tree sur votre visage pour d\u00e9voiler une peau plus nette, visiblement matifi\u00e9e. Rien de plus simple.\" \/>\n<meta property=\"og:url\" content=\"https:\/\/labemacosmetics.com\/en\/product\/tonique-purifiant-matifiant\/\" \/>\n<meta property=\"og:site_name\" content=\"Lab&eacute;ma Cosmetics\" \/>\n<meta property=\"article:publisher\" content=\"http:\/\/www.facebook.com\/labemacosmetics\" \/>\n<meta property=\"article:modified_time\" content=\"2023-10-08T22:04:27+00:00\" \/>\n<meta property=\"og:image\" content=\"https:\/\/labemacosmetics.com\/wp-content\/uploads\/2022\/11\/Tonique-purifiant-matifiant.jpg\" \/>\n\t<meta property=\"og:image:width\" content=\"1300\" \/>\n\t<meta property=\"og:image:height\" content=\"1300\" \/>\n\t<meta property=\"og:image:type\" content=\"image\/jpeg\" \/>\n<meta name=\"twitter:card\" content=\"summary_large_image\" \/>\n<meta name=\"twitter:site\" content=\"@Labemasn\" \/>\n<meta name=\"twitter:label1\" content=\"Price\" \/>\n\t<meta name=\"twitter:data1\" content=\"9 500&nbsp;CFA\" \/>\n\t<meta name=\"twitter:label2\" content=\"Availability\" \/>\n\t<meta name=\"twitter:data2\" content=\"Out of stock\" \/>\n<script type=\"application\/ld+json\" class=\"yoast-schema-graph\">{\"@context\":\"https:\\\/\\\/schema.org\",\"@graph\":[{\"@type\":\"WebPage\",\"@id\":\"https:\\\/\\\/labemacosmetics.com\\\/en\\\/product\\\/tonique-purifiant-matifiant\\\/\",\"url\":\"https:\\\/\\\/labemacosmetics.com\\\/en\\\/product\\\/tonique-purifiant-matifiant\\\/\",\"name\":\"The Body Shop Tonique purifiant matifiant - Lab&eacute;ma Cosmetics\",\"isPartOf\":{\"@id\":\"https:\\\/\\\/labemacosmetics.com\\\/#website\"},\"primaryImageOfPage\":{\"@id\":\"https:\\\/\\\/labemacosmetics.com\\\/en\\\/product\\\/tonique-purifiant-matifiant\\\/#primaryimage\"},\"image\":{\"@id\":\"https:\\\/\\\/labemacosmetics.com\\\/en\\\/product\\\/tonique-purifiant-matifiant\\\/#primaryimage\"},\"thumbnailUrl\":\"https:\\\/\\\/labemacosmetics.com\\\/wp-content\\\/uploads\\\/2022\\\/11\\\/Tonique-purifiant-matifiant.jpg\",\"datePublished\":\"2022-11-21T13:56:30+00:00\",\"dateModified\":\"2023-10-08T22:04:27+00:00\",\"breadcrumb\":{\"@id\":\"https:\\\/\\\/labemacosmetics.com\\\/en\\\/product\\\/tonique-purifiant-matifiant\\\/#breadcrumb\"},\"inLanguage\":\"en-GB\",\"potentialAction\":[{\"@type\":\"ReadAction\",\"target\":[\"https:\\\/\\\/labemacosmetics.com\\\/en\\\/product\\\/tonique-purifiant-matifiant\\\/\"]}]},{\"@type\":\"ImageObject\",\"inLanguage\":\"en-GB\",\"@id\":\"https:\\\/\\\/labemacosmetics.com\\\/en\\\/product\\\/tonique-purifiant-matifiant\\\/#primaryimage\",\"url\":\"https:\\\/\\\/labemacosmetics.com\\\/wp-content\\\/uploads\\\/2022\\\/11\\\/Tonique-purifiant-matifiant.jpg\",\"contentUrl\":\"https:\\\/\\\/labemacosmetics.com\\\/wp-content\\\/uploads\\\/2022\\\/11\\\/Tonique-purifiant-matifiant.jpg\",\"width\":1300,\"height\":1300},{\"@type\":\"BreadcrumbList\",\"@id\":\"https:\\\/\\\/labemacosmetics.com\\\/en\\\/product\\\/tonique-purifiant-matifiant\\\/#breadcrumb\",\"itemListElement\":[{\"@type\":\"ListItem\",\"position\":1,\"name\":\"Accueil\",\"item\":\"https:\\\/\\\/labemacosmetics.com\\\/\"},{\"@type\":\"ListItem\",\"position\":2,\"name\":\"Produits\",\"item\":\"https:\\\/\\\/labemacosmetics.com\\\/shop\\\/\"},{\"@type\":\"ListItem\",\"position\":3,\"name\":\"The Body Shop Tonique purifiant matifiant\"}]},{\"@type\":\"WebSite\",\"@id\":\"https:\\\/\\\/labemacosmetics.com\\\/#website\",\"url\":\"https:\\\/\\\/labemacosmetics.com\\\/\",\"name\":\"Lab&eacute;ma Cosmetics\",\"description\":\"\",\"potentialAction\":[{\"@type\":\"SearchAction\",\"target\":{\"@type\":\"EntryPoint\",\"urlTemplate\":\"https:\\\/\\\/labemacosmetics.com\\\/?s={search_term_string}\"},\"query-input\":{\"@type\":\"PropertyValueSpecification\",\"valueRequired\":true,\"valueName\":\"search_term_string\"}}],\"inLanguage\":\"en-GB\"}]}<\/script>\n<meta property=\"product:brand\" content=\"The Body Shop\" \/>\n<meta property=\"product:price:amount\" content=\"9500\" \/>\n<meta property=\"product:price:currency\" content=\"XOF\" \/>\n<meta property=\"og:availability\" content=\"out of stock\" \/>\n<meta property=\"product:availability\" content=\"out of stock\" \/>\n<meta property=\"product:condition\" content=\"new\" \/>\n<!-- \/ Yoast SEO Premium plugin. -->","yoast_head_json":{"title":"The Body Shop Tonique purifiant matifiant - Lab&eacute;ma Cosmetics","robots":{"index":"index","follow":"follow","max-snippet":"max-snippet:-1","max-image-preview":"max-image-preview:large","max-video-preview":"max-video-preview:-1"},"canonical":"https:\/\/labemacosmetics.com\/en\/product\/tonique-purifiant-matifiant\/","og_locale":"en_GB","og_type":"article","og_title":"The Body Shop Tonique purifiant matifiant","og_description":"Donc vous n\u2019aimez pas vos imperfections. On a compris. Cette lotion tonique pour peaux grasses \u00e9limine le maquillage et les impuret\u00e9s pour lib\u00e9rer vos pores. Il vous suffit de passer un peu de Tonique Matifiant et Purifiant au Tea Tree sur votre visage pour d\u00e9voiler une peau plus nette, visiblement matifi\u00e9e. Rien de plus simple.","og_url":"https:\/\/labemacosmetics.com\/en\/product\/tonique-purifiant-matifiant\/","og_site_name":"Lab&eacute;ma Cosmetics","article_publisher":"http:\/\/www.facebook.com\/labemacosmetics","article_modified_time":"2023-10-08T22:04:27+00:00","og_image":[{"width":1300,"height":1300,"url":"https:\/\/labemacosmetics.com\/wp-content\/uploads\/2022\/11\/Tonique-purifiant-matifiant.jpg","type":"image\/jpeg"}],"twitter_card":"summary_large_image","twitter_site":"@Labemasn","twitter_misc":{"Price":"9 500&nbsp;CFA","Availability":"Out of stock"},"schema":{"@context":"https:\/\/schema.org","@graph":[{"@type":"WebPage","@id":"https:\/\/labemacosmetics.com\/en\/product\/tonique-purifiant-matifiant\/","url":"https:\/\/labemacosmetics.com\/en\/product\/tonique-purifiant-matifiant\/","name":"The Body Shop Tonique purifiant matifiant - Lab&eacute;ma Cosmetics","isPartOf":{"@id":"https:\/\/labemacosmetics.com\/#website"},"primaryImageOfPage":{"@id":"https:\/\/labemacosmetics.com\/en\/product\/tonique-purifiant-matifiant\/#primaryimage"},"image":{"@id":"https:\/\/labemacosmetics.com\/en\/product\/tonique-purifiant-matifiant\/#primaryimage"},"thumbnailUrl":"https:\/\/labemacosmetics.com\/wp-content\/uploads\/2022\/11\/Tonique-purifiant-matifiant.jpg","datePublished":"2022-11-21T13:56:30+00:00","dateModified":"2023-10-08T22:04:27+00:00","breadcrumb":{"@id":"https:\/\/labemacosmetics.com\/en\/product\/tonique-purifiant-matifiant\/#breadcrumb"},"inLanguage":"en-GB","potentialAction":[{"@type":"ReadAction","target":["https:\/\/labemacosmetics.com\/en\/product\/tonique-purifiant-matifiant\/"]}]},{"@type":"ImageObject","inLanguage":"en-GB","@id":"https:\/\/labemacosmetics.com\/en\/product\/tonique-purifiant-matifiant\/#primaryimage","url":"https:\/\/labemacosmetics.com\/wp-content\/uploads\/2022\/11\/Tonique-purifiant-matifiant.jpg","contentUrl":"https:\/\/labemacosmetics.com\/wp-content\/uploads\/2022\/11\/Tonique-purifiant-matifiant.jpg","width":1300,"height":1300},{"@type":"BreadcrumbList","@id":"https:\/\/labemacosmetics.com\/en\/product\/tonique-purifiant-matifiant\/#breadcrumb","itemListElement":[{"@type":"ListItem","position":1,"name":"Accueil","item":"https:\/\/labemacosmetics.com\/"},{"@type":"ListItem","position":2,"name":"Produits","item":"https:\/\/labemacosmetics.com\/shop\/"},{"@type":"ListItem","position":3,"name":"The Body Shop Tonique purifiant matifiant"}]},{"@type":"WebSite","@id":"https:\/\/labemacosmetics.com\/#website","url":"https:\/\/labemacosmetics.com\/","name":"Lab&eacute;ma Cosmetics","description":"","potentialAction":[{"@type":"SearchAction","target":{"@type":"EntryPoint","urlTemplate":"https:\/\/labemacosmetics.com\/?s={search_term_string}"},"query-input":{"@type":"PropertyValueSpecification","valueRequired":true,"valueName":"search_term_string"}}],"inLanguage":"en-GB"}]},"product_brand":"The Body Shop","product_price_amount":"9500","product_price_currency":"XOF","og_availability":"out of stock","product_availability":"out of stock","product_condition":"new"},"_links":{"self":[{"href":"https:\/\/labemacosmetics.com\/en\/wp-json\/wp\/v2\/product\/6786","targetHints":{"allow":["GET"]}}],"collection":[{"href":"https:\/\/labemacosmetics.com\/en\/wp-json\/wp\/v2\/product"}],"about":[{"href":"https:\/\/labemacosmetics.com\/en\/wp-json\/wp\/v2\/types\/product"}],"replies":[{"embeddable":true,"href":"https:\/\/labemacosmetics.com\/en\/wp-json\/wp\/v2\/comments?post=6786"}],"version-history":[{"count":0,"href":"https:\/\/labemacosmetics.com\/en\/wp-json\/wp\/v2\/product\/6786\/revisions"}],"wp:featuredmedia":[{"embeddable":true,"href":"https:\/\/labemacosmetics.com\/en\/wp-json\/wp\/v2\/media\/6787"}],"wp:attachment":[{"href":"https:\/\/labemacosmetics.com\/en\/wp-json\/wp\/v2\/media?parent=6786"}],"wp:term":[{"taxonomy":"product_brand","embeddable":true,"href":"https:\/\/labemacosmetics.com\/en\/wp-json\/wp\/v2\/product_brand?post=6786"},{"taxonomy":"product_cat","embeddable":true,"href":"https:\/\/labemacosmetics.com\/en\/wp-json\/wp\/v2\/product_cat?post=6786"},{"taxonomy":"product_tag","embeddable":true,"href":"https:\/\/labemacosmetics.com\/en\/wp-json\/wp\/v2\/product_tag?post=6786"}],"curies":[{"name":"wp","href":"https:\/\/api.w.org\/{rel}","templated":true}]}}