{"id":6771,"date":"2022-10-25T15:00:42","date_gmt":"2022-10-25T14:00:42","guid":{"rendered":"https:\/\/www.labemacosmetics.com\/?post_type=product&#038;p=6771"},"modified":"2023-11-20T16:43:56","modified_gmt":"2023-11-20T15:43:56","slug":"sephora-rouge-a-levres","status":"publish","type":"product","link":"https:\/\/labemacosmetics.com\/en\/product\/sephora-rouge-a-levres\/","title":{"rendered":"Sephora Rouge \u00e0 L\u00e8vres Cream Lip Stain"},"content":{"rendered":"<p>Sephora Rouge \u00e0 L\u00e8vres Cream Lip Stain est un rouge \u00e0 l\u00e8vres liquide ultra mat, ultra couvrant. De m\u00eame assure une longue tenue ne transf\u00e8re pas et offre un confort optimal aux l\u00e8vres.<\/p>\n<p>Il est enrichi en huile d&rsquo;avocat et en vitamine E. Ainsi, ce rouge \u00e0 l\u00e8vres mat contient des ingr\u00e9dients actifs reconnus pour leurs propri\u00e9t\u00e9s antioxydantes et leur capacit\u00e9 \u00e0 hydrater les l\u00e8vres.<\/p>\n<p>Depuis 2011, le Rouge \u00e0 L\u00e8vres N\u00b01 de la collection SEPHORA est un incontournable pour les amateurs de maquillage longue tenue et sans transfert. Sa formule \u00ab\u00a0longue tenue\u00a0\u00bb permet une tenue parfaite tout au long de la journ\u00e9e, tout en laissant une couleur intense et un fini mat sur les l\u00e8vres.<\/p>\n<p>Avec son applicateur pr\u00e9cis, vous pouvez facilement doser la quantit\u00e9 de produit n\u00e9cessaire pour une application parfaite. Offrant un r\u00e9sultat sans transfert longue tenue et maskproof, le Sephora Rouge \u00e0 L\u00e8vres Cream Lip Stain est un choix id\u00e9al pour sublimer vos l\u00e8vres sans compromis qui dure toute la journ\u00e9e.<\/p>\n<h2>Utilisation Sephora rouge \u00e0 l\u00e8vres cream lip stain<\/h2>\n<ol>\n<li>Avant d&rsquo;appliquer votre rouge \u00e0 l\u00e8vres mat Sephora, il est important de pr\u00e9parer vos l\u00e8vres pour un r\u00e9sultat impeccable. Pour ce faire, commencez par adoucir vos l\u00e8vres en utilisant un baume \u00e0 L\u00e8vres.<\/li>\n<li>Ensuite, pour donner du volume \u00e0 vos l\u00e8vres, utilisez toujours le crayon \u00e0 l\u00e8vres pour r\u00e9aliser un contouring en cr\u00e9ant des zones d&rsquo;ombres et des points de lumi\u00e8re. Pour cela, \u00e9paississez le trait au niveau des commissures et de la l\u00e8vre inf\u00e9rieure et remontez jusqu&rsquo;au centre des l\u00e8vres. Accentuez ensuite l&rsquo;int\u00e9rieur de la l\u00e8vre sup\u00e9rieure.<\/li>\n<li>Enfin, appliquez une teinte de Sephora Rouge \u00e0 L\u00e8vres Cream Lip Stain d&rsquo;un ton plus clair que la teinte du crayon sur l&rsquo;ensemble de vos l\u00e8vres pour un r\u00e9sultat impeccable.<\/li>\n<\/ol>\n<h2>Ingr\u00e9dients<\/h2>\n<p>ALWAYS RED : ISODODECANE , DIMETHICONE , TRIMETHYLSILOXYSILICATE , POLYBUTENE , PETROLATUM , CYCLOHEXASILOXANE , KAOLIN , DISTEARDIMONIUM HECTORITE , CERA ALBA (BEESWAX) , SILICA DIMETHYL SILYLATE , AROMA (FLAVOR , GLYCERYL BEHENATE\/EICOSADIOATE , PROPYLENE CARBONATE , PERSEA GRATISSIMA<\/p>\n<p>(AVOCADO) OIL , TOCOPHEROL , CYCLOPENTASILOXANE , BENZYL ALCOHOL.(+\/,):MICA , CI 15850 (RED 7 LAKE) , CI 19140 (YELLOW 5 LAKE) , CI 77891 (TITANIUM DIOXIDE) , CI 77491 (IRON OXIDES) , CI 77492 (IRON OXIDES) , CI 77499 (IRON OXIDES) , CI 15850 (RED 6) , CI 42090 (BLUE 1 LAKE) , CI 75470 (CARMINE).<\/p>\n<p>BLACKBERRY SORBET : ISODODECANE , MICA , DIMETHICONE , TRIMETHYLSILOXYSILICATE , POLYBUTENE , CI 15850 (RED 7 LAKE) , CYCLOHEXASILOXANE , PETROLATUM , CI 45410 (RED 28 LAKE) , CI 77891 (TITANIUM DIOXIDE) , KAOLIN , DISTEARDIMONIUM HECTORITE , CERA ALBA (BEESWAX) , SILICA<\/p>\n<p>DIMETHYL SILYLATE , PROPYLENE CARBONATE , CI 77491 (IRON OXIDES) , AROMA , GLYCERYL BEHENATE\/EICOSADIOATE , CI 42090 (BLUE 1 LAKE) , CI 77499 (IRON OXIDES) , TOCOPHEROL , PERSEA GRATISSIMA (AVOCADO) OIL , CI 75470 (CARMINE) , TIN OXIDE , BENZYL ALCOHOL.<\/p>","protected":false},"excerpt":{"rendered":"<p>Sephora Rouge \u00e0 L\u00e8vres Cream Lip Stain est un rouge \u00e0 l\u00e8vres liquide ultra mat, ultra couvrant et longue tenue, qui ne transf\u00e8re pas et offre un confort optimal aux l\u00e8vres.<\/p>","protected":false},"featured_media":6772,"comment_status":"open","ping_status":"closed","template":"","meta":{"om_disable_all_campaigns":false,"_mi_skip_tracking":false,"_monsterinsights_sitenote_active":false,"_monsterinsights_sitenote_note":"","_monsterinsights_sitenote_category":0},"product_brand":[],"product_cat":[127,110,103,122],"product_tag":[],"class_list":{"0":"post-6771","1":"product","2":"type-product","3":"status-publish","4":"has-post-thumbnail","6":"product_cat-boutique","7":"product_cat-levres","8":"product_cat-maquillage","9":"product_cat-rouge-a-levres","10":"yith_product_brand-sephora","12":"first","13":"instock","14":"shipping-taxable","15":"purchasable","16":"product-type-variable"},"yoast_head":"<!-- This site is optimized with the Yoast SEO Premium plugin v20.8 (Yoast SEO v27.4) - https:\/\/yoast.com\/product\/yoast-seo-premium-wordpress\/ -->\n<title>Sephora Rouge \u00e0 L\u00e8vres Cream Lip Stain moins cher | Dakar<\/title>\n<meta name=\"description\" content=\"Sephora Rouge \u00e0 L\u00e8vres Cream Lip Stain est un rouge \u00e0 l\u00e8vres liquide ultra mat, ultra couvrant et longue tenue, qui ne transf\u00e8re pas\" \/>\n<meta name=\"robots\" content=\"index, follow, max-snippet:-1, max-image-preview:large, max-video-preview:-1\" \/>\n<link rel=\"canonical\" href=\"https:\/\/labemacosmetics.com\/en\/product\/sephora-rouge-a-levres\/\" \/>\n<meta property=\"og:locale\" content=\"en_GB\" \/>\n<meta property=\"og:type\" content=\"article\" \/>\n<meta property=\"og:title\" content=\"Sephora Rouge \u00e0 L\u00e8vres Cream Lip Stain\" \/>\n<meta property=\"og:description\" content=\"Sephora Rouge \u00e0 L\u00e8vres Cream Lip Stain est un rouge \u00e0 l\u00e8vres liquide ultra mat, ultra couvrant et longue tenue, qui ne transf\u00e8re pas\" \/>\n<meta property=\"og:url\" content=\"https:\/\/labemacosmetics.com\/en\/product\/sephora-rouge-a-levres\/\" \/>\n<meta property=\"og:site_name\" content=\"Lab&eacute;ma Cosmetics\" \/>\n<meta property=\"article:publisher\" content=\"http:\/\/www.facebook.com\/labemacosmetics\" \/>\n<meta property=\"article:modified_time\" content=\"2023-11-20T15:43:56+00:00\" \/>\n<meta property=\"og:image\" content=\"https:\/\/labemacosmetics.com\/wp-content\/uploads\/2022\/10\/rouge.jpg\" \/>\n\t<meta property=\"og:image:width\" content=\"1500\" \/>\n\t<meta property=\"og:image:height\" content=\"1500\" \/>\n\t<meta property=\"og:image:type\" content=\"image\/jpeg\" \/>\n<meta name=\"twitter:card\" content=\"summary_large_image\" \/>\n<meta name=\"twitter:site\" content=\"@Labemasn\" \/>\n<meta name=\"twitter:label1\" content=\"Availability\" \/>\n\t<meta name=\"twitter:data1\" content=\"In stock\" \/>\n<script type=\"application\/ld+json\" class=\"yoast-schema-graph\">{\"@context\":\"https:\\\/\\\/schema.org\",\"@graph\":[{\"@type\":\"WebPage\",\"@id\":\"https:\\\/\\\/labemacosmetics.com\\\/en\\\/product\\\/sephora-rouge-a-levres\\\/\",\"url\":\"https:\\\/\\\/labemacosmetics.com\\\/en\\\/product\\\/sephora-rouge-a-levres\\\/\",\"name\":\"Sephora Rouge \u00e0 L\u00e8vres Cream Lip Stain moins cher | Dakar\",\"isPartOf\":{\"@id\":\"https:\\\/\\\/labemacosmetics.com\\\/#website\"},\"primaryImageOfPage\":{\"@id\":\"https:\\\/\\\/labemacosmetics.com\\\/en\\\/product\\\/sephora-rouge-a-levres\\\/#primaryimage\"},\"image\":{\"@id\":\"https:\\\/\\\/labemacosmetics.com\\\/en\\\/product\\\/sephora-rouge-a-levres\\\/#primaryimage\"},\"thumbnailUrl\":\"https:\\\/\\\/labemacosmetics.com\\\/wp-content\\\/uploads\\\/2022\\\/10\\\/rouge.jpg\",\"datePublished\":\"2022-10-25T14:00:42+00:00\",\"dateModified\":\"2023-11-20T15:43:56+00:00\",\"description\":\"Sephora Rouge \u00e0 L\u00e8vres Cream Lip Stain est un rouge \u00e0 l\u00e8vres liquide ultra mat, ultra couvrant et longue tenue, qui ne transf\u00e8re pas\",\"breadcrumb\":{\"@id\":\"https:\\\/\\\/labemacosmetics.com\\\/en\\\/product\\\/sephora-rouge-a-levres\\\/#breadcrumb\"},\"inLanguage\":\"en-GB\",\"potentialAction\":[{\"@type\":\"ReadAction\",\"target\":[\"https:\\\/\\\/labemacosmetics.com\\\/en\\\/product\\\/sephora-rouge-a-levres\\\/\"]}]},{\"@type\":\"ImageObject\",\"inLanguage\":\"en-GB\",\"@id\":\"https:\\\/\\\/labemacosmetics.com\\\/en\\\/product\\\/sephora-rouge-a-levres\\\/#primaryimage\",\"url\":\"https:\\\/\\\/labemacosmetics.com\\\/wp-content\\\/uploads\\\/2022\\\/10\\\/rouge.jpg\",\"contentUrl\":\"https:\\\/\\\/labemacosmetics.com\\\/wp-content\\\/uploads\\\/2022\\\/10\\\/rouge.jpg\",\"width\":1500,\"height\":1500,\"caption\":\"Sephora Rouge \u00e0 L\u00e8vres Cream Lip Stain\"},{\"@type\":\"BreadcrumbList\",\"@id\":\"https:\\\/\\\/labemacosmetics.com\\\/en\\\/product\\\/sephora-rouge-a-levres\\\/#breadcrumb\",\"itemListElement\":[{\"@type\":\"ListItem\",\"position\":1,\"name\":\"Accueil\",\"item\":\"https:\\\/\\\/labemacosmetics.com\\\/\"},{\"@type\":\"ListItem\",\"position\":2,\"name\":\"Produits\",\"item\":\"https:\\\/\\\/labemacosmetics.com\\\/shop\\\/\"},{\"@type\":\"ListItem\",\"position\":3,\"name\":\"Sephora Rouge \u00e0 L\u00e8vres Cream Lip Stain\"}]},{\"@type\":\"WebSite\",\"@id\":\"https:\\\/\\\/labemacosmetics.com\\\/#website\",\"url\":\"https:\\\/\\\/labemacosmetics.com\\\/\",\"name\":\"Lab&eacute;ma Cosmetics\",\"description\":\"\",\"potentialAction\":[{\"@type\":\"SearchAction\",\"target\":{\"@type\":\"EntryPoint\",\"urlTemplate\":\"https:\\\/\\\/labemacosmetics.com\\\/?s={search_term_string}\"},\"query-input\":{\"@type\":\"PropertyValueSpecification\",\"valueRequired\":true,\"valueName\":\"search_term_string\"}}],\"inLanguage\":\"en-GB\"}]}<\/script>\n<meta property=\"product:brand\" content=\"Sephora\" \/>\n<meta property=\"og:availability\" content=\"instock\" \/>\n<meta property=\"product:availability\" content=\"instock\" \/>\n<meta property=\"product:condition\" content=\"new\" \/>\n<!-- \/ Yoast SEO Premium plugin. -->","yoast_head_json":{"title":"Sephora Rouge \u00e0 L\u00e8vres Cream Lip Stain moins cher | Dakar","description":"Sephora Rouge \u00e0 L\u00e8vres Cream Lip Stain est un rouge \u00e0 l\u00e8vres liquide ultra mat, ultra couvrant et longue tenue, qui ne transf\u00e8re pas","robots":{"index":"index","follow":"follow","max-snippet":"max-snippet:-1","max-image-preview":"max-image-preview:large","max-video-preview":"max-video-preview:-1"},"canonical":"https:\/\/labemacosmetics.com\/en\/product\/sephora-rouge-a-levres\/","og_locale":"en_GB","og_type":"article","og_title":"Sephora Rouge \u00e0 L\u00e8vres Cream Lip Stain","og_description":"Sephora Rouge \u00e0 L\u00e8vres Cream Lip Stain est un rouge \u00e0 l\u00e8vres liquide ultra mat, ultra couvrant et longue tenue, qui ne transf\u00e8re pas","og_url":"https:\/\/labemacosmetics.com\/en\/product\/sephora-rouge-a-levres\/","og_site_name":"Lab&eacute;ma Cosmetics","article_publisher":"http:\/\/www.facebook.com\/labemacosmetics","article_modified_time":"2023-11-20T15:43:56+00:00","og_image":[{"width":1500,"height":1500,"url":"https:\/\/labemacosmetics.com\/wp-content\/uploads\/2022\/10\/rouge.jpg","type":"image\/jpeg"}],"twitter_card":"summary_large_image","twitter_site":"@Labemasn","twitter_misc":{"Availability":"In stock"},"schema":{"@context":"https:\/\/schema.org","@graph":[{"@type":"WebPage","@id":"https:\/\/labemacosmetics.com\/en\/product\/sephora-rouge-a-levres\/","url":"https:\/\/labemacosmetics.com\/en\/product\/sephora-rouge-a-levres\/","name":"Sephora Rouge \u00e0 L\u00e8vres Cream Lip Stain moins cher | Dakar","isPartOf":{"@id":"https:\/\/labemacosmetics.com\/#website"},"primaryImageOfPage":{"@id":"https:\/\/labemacosmetics.com\/en\/product\/sephora-rouge-a-levres\/#primaryimage"},"image":{"@id":"https:\/\/labemacosmetics.com\/en\/product\/sephora-rouge-a-levres\/#primaryimage"},"thumbnailUrl":"https:\/\/labemacosmetics.com\/wp-content\/uploads\/2022\/10\/rouge.jpg","datePublished":"2022-10-25T14:00:42+00:00","dateModified":"2023-11-20T15:43:56+00:00","description":"Sephora Rouge \u00e0 L\u00e8vres Cream Lip Stain est un rouge \u00e0 l\u00e8vres liquide ultra mat, ultra couvrant et longue tenue, qui ne transf\u00e8re pas","breadcrumb":{"@id":"https:\/\/labemacosmetics.com\/en\/product\/sephora-rouge-a-levres\/#breadcrumb"},"inLanguage":"en-GB","potentialAction":[{"@type":"ReadAction","target":["https:\/\/labemacosmetics.com\/en\/product\/sephora-rouge-a-levres\/"]}]},{"@type":"ImageObject","inLanguage":"en-GB","@id":"https:\/\/labemacosmetics.com\/en\/product\/sephora-rouge-a-levres\/#primaryimage","url":"https:\/\/labemacosmetics.com\/wp-content\/uploads\/2022\/10\/rouge.jpg","contentUrl":"https:\/\/labemacosmetics.com\/wp-content\/uploads\/2022\/10\/rouge.jpg","width":1500,"height":1500,"caption":"Sephora Rouge \u00e0 L\u00e8vres Cream Lip Stain"},{"@type":"BreadcrumbList","@id":"https:\/\/labemacosmetics.com\/en\/product\/sephora-rouge-a-levres\/#breadcrumb","itemListElement":[{"@type":"ListItem","position":1,"name":"Accueil","item":"https:\/\/labemacosmetics.com\/"},{"@type":"ListItem","position":2,"name":"Produits","item":"https:\/\/labemacosmetics.com\/shop\/"},{"@type":"ListItem","position":3,"name":"Sephora Rouge \u00e0 L\u00e8vres Cream Lip Stain"}]},{"@type":"WebSite","@id":"https:\/\/labemacosmetics.com\/#website","url":"https:\/\/labemacosmetics.com\/","name":"Lab&eacute;ma Cosmetics","description":"","potentialAction":[{"@type":"SearchAction","target":{"@type":"EntryPoint","urlTemplate":"https:\/\/labemacosmetics.com\/?s={search_term_string}"},"query-input":{"@type":"PropertyValueSpecification","valueRequired":true,"valueName":"search_term_string"}}],"inLanguage":"en-GB"}]},"product_brand":"Sephora","og_availability":"instock","product_availability":"instock","product_condition":"new"},"_links":{"self":[{"href":"https:\/\/labemacosmetics.com\/en\/wp-json\/wp\/v2\/product\/6771","targetHints":{"allow":["GET"]}}],"collection":[{"href":"https:\/\/labemacosmetics.com\/en\/wp-json\/wp\/v2\/product"}],"about":[{"href":"https:\/\/labemacosmetics.com\/en\/wp-json\/wp\/v2\/types\/product"}],"replies":[{"embeddable":true,"href":"https:\/\/labemacosmetics.com\/en\/wp-json\/wp\/v2\/comments?post=6771"}],"version-history":[{"count":1,"href":"https:\/\/labemacosmetics.com\/en\/wp-json\/wp\/v2\/product\/6771\/revisions"}],"predecessor-version":[{"id":9350,"href":"https:\/\/labemacosmetics.com\/en\/wp-json\/wp\/v2\/product\/6771\/revisions\/9350"}],"wp:featuredmedia":[{"embeddable":true,"href":"https:\/\/labemacosmetics.com\/en\/wp-json\/wp\/v2\/media\/6772"}],"wp:attachment":[{"href":"https:\/\/labemacosmetics.com\/en\/wp-json\/wp\/v2\/media?parent=6771"}],"wp:term":[{"taxonomy":"product_brand","embeddable":true,"href":"https:\/\/labemacosmetics.com\/en\/wp-json\/wp\/v2\/product_brand?post=6771"},{"taxonomy":"product_cat","embeddable":true,"href":"https:\/\/labemacosmetics.com\/en\/wp-json\/wp\/v2\/product_cat?post=6771"},{"taxonomy":"product_tag","embeddable":true,"href":"https:\/\/labemacosmetics.com\/en\/wp-json\/wp\/v2\/product_tag?post=6771"}],"curies":[{"name":"wp","href":"https:\/\/api.w.org\/{rel}","templated":true}]}}