{"id":6758,"date":"2022-10-20T15:06:40","date_gmt":"2022-10-20T14:06:40","guid":{"rendered":"https:\/\/www.labemacosmetics.com\/?post_type=product&#038;p=6758"},"modified":"2023-05-21T08:55:27","modified_gmt":"2023-05-21T07:55:27","slug":"eau-micellaire-precieux-argan","status":"publish","type":"product","link":"https:\/\/labemacosmetics.com\/en\/product\/eau-micellaire-precieux-argan\/","title":{"rendered":"SO BIO ETIC Eau Micellaire Pr\u00e9cieux Argan"},"content":{"rendered":"<p><span style=\"text-decoration: underline;\">Description du produit :<\/span><\/p>\n<p>Enrichie en extrait d&rsquo;argan et en acide hyaluronique, cette eau micellaire nettoie et d\u00e9maquille en douceur votre visage, et laisse votre peau souple et tonifi\u00e9e. Nette, fra\u00eeche et raffermie, votre peau est pr\u00eate pour l&rsquo;application de votre soin quotidien.<\/p>","protected":false},"excerpt":{"rendered":"<p>Cette eau micellaire \u00e0 l&rsquo;extrait d&rsquo;argan et en acide hyaluronique nettoie et d\u00e9maquille\u00a0 votre visage tout en douceur, donc votre peau sera plus souple et tonifi\u00e9e . Elle est pr\u00eate pour l&rsquo;application de votre soin quotidien<\/p>","protected":false},"featured_media":6759,"comment_status":"open","ping_status":"closed","template":"","meta":{"om_disable_all_campaigns":false,"_mi_skip_tracking":false,"_monsterinsights_sitenote_active":false,"_monsterinsights_sitenote_note":"","_monsterinsights_sitenote_category":0},"product_brand":[],"product_cat":[1774,1747,515,514,516,517,512,128,513],"product_tag":[],"class_list":{"0":"post-6758","1":"product","2":"type-product","3":"status-publish","4":"has-post-thumbnail","6":"product_cat-demaquillants-eaux-micellaires","7":"product_cat-peaux-a-tendances-acneiques","8":"product_cat-peaux-mixtes-a-grasses","9":"product_cat-peaux-normales","10":"product_cat-peaux-seches","11":"product_cat-peaux-sensibles","12":"product_cat-produits-par-besoin","13":"product_cat-soin-de-visage","14":"product_cat-type-de-peau","15":"yith_product_brand-bio-so-etic","17":"first","18":"instock","19":"shipping-taxable","20":"purchasable","21":"product-type-simple"},"yoast_head":"<!-- This site is optimized with the Yoast SEO Premium plugin v20.8 (Yoast SEO v27.4) - https:\/\/yoast.com\/product\/yoast-seo-premium-wordpress\/ -->\n<title>SO BIO ETIC Eau Micellaire Pr\u00e9cieux Argan - Lab&eacute;ma Cosmetics<\/title>\n<meta name=\"robots\" content=\"index, follow, max-snippet:-1, max-image-preview:large, max-video-preview:-1\" \/>\n<link rel=\"canonical\" href=\"https:\/\/labemacosmetics.com\/en\/product\/eau-micellaire-precieux-argan\/\" \/>\n<meta property=\"og:locale\" content=\"en_GB\" \/>\n<meta property=\"og:type\" content=\"article\" \/>\n<meta property=\"og:title\" content=\"SO BIO ETIC Eau Micellaire Pr\u00e9cieux Argan\" \/>\n<meta property=\"og:description\" content=\"Cette eau micellaire \u00e0 l&#039;extrait d&#039;argan et en acide hyaluronique nettoie et d\u00e9maquille\u00a0 votre visage tout en douceur, donc votre peau sera plus souple et tonifi\u00e9e . Elle est pr\u00eate pour l&#039;application de votre soin quotidien\" \/>\n<meta property=\"og:url\" content=\"https:\/\/labemacosmetics.com\/en\/product\/eau-micellaire-precieux-argan\/\" \/>\n<meta property=\"og:site_name\" content=\"Lab&eacute;ma Cosmetics\" \/>\n<meta property=\"article:publisher\" content=\"http:\/\/www.facebook.com\/labemacosmetics\" \/>\n<meta property=\"article:modified_time\" content=\"2023-05-21T07:55:27+00:00\" \/>\n<meta property=\"og:image\" content=\"https:\/\/labemacosmetics.com\/wp-content\/uploads\/2022\/10\/SOBIO-ETIC-Precieux-Argan-Eau-Micellaire-Anti-age.jpg\" \/>\n\t<meta property=\"og:image:width\" content=\"450\" \/>\n\t<meta property=\"og:image:height\" content=\"450\" \/>\n\t<meta property=\"og:image:type\" content=\"image\/jpeg\" \/>\n<meta name=\"twitter:card\" content=\"summary_large_image\" \/>\n<meta name=\"twitter:site\" content=\"@Labemasn\" \/>\n<meta name=\"twitter:label1\" content=\"Price\" \/>\n\t<meta name=\"twitter:data1\" content=\"7 500&nbsp;CFA\" \/>\n\t<meta name=\"twitter:label2\" content=\"Availability\" \/>\n\t<meta name=\"twitter:data2\" content=\"In stock\" \/>\n<script type=\"application\/ld+json\" class=\"yoast-schema-graph\">{\"@context\":\"https:\\\/\\\/schema.org\",\"@graph\":[{\"@type\":\"WebPage\",\"@id\":\"https:\\\/\\\/labemacosmetics.com\\\/en\\\/product\\\/eau-micellaire-precieux-argan\\\/\",\"url\":\"https:\\\/\\\/labemacosmetics.com\\\/en\\\/product\\\/eau-micellaire-precieux-argan\\\/\",\"name\":\"SO BIO ETIC Eau Micellaire Pr\u00e9cieux Argan - Lab&eacute;ma Cosmetics\",\"isPartOf\":{\"@id\":\"https:\\\/\\\/labemacosmetics.com\\\/#website\"},\"primaryImageOfPage\":{\"@id\":\"https:\\\/\\\/labemacosmetics.com\\\/en\\\/product\\\/eau-micellaire-precieux-argan\\\/#primaryimage\"},\"image\":{\"@id\":\"https:\\\/\\\/labemacosmetics.com\\\/en\\\/product\\\/eau-micellaire-precieux-argan\\\/#primaryimage\"},\"thumbnailUrl\":\"https:\\\/\\\/labemacosmetics.com\\\/wp-content\\\/uploads\\\/2022\\\/10\\\/SOBIO-ETIC-Precieux-Argan-Eau-Micellaire-Anti-age.jpg\",\"datePublished\":\"2022-10-20T14:06:40+00:00\",\"dateModified\":\"2023-05-21T07:55:27+00:00\",\"breadcrumb\":{\"@id\":\"https:\\\/\\\/labemacosmetics.com\\\/en\\\/product\\\/eau-micellaire-precieux-argan\\\/#breadcrumb\"},\"inLanguage\":\"en-GB\",\"potentialAction\":[{\"@type\":\"ReadAction\",\"target\":[\"https:\\\/\\\/labemacosmetics.com\\\/en\\\/product\\\/eau-micellaire-precieux-argan\\\/\"]}]},{\"@type\":\"ImageObject\",\"inLanguage\":\"en-GB\",\"@id\":\"https:\\\/\\\/labemacosmetics.com\\\/en\\\/product\\\/eau-micellaire-precieux-argan\\\/#primaryimage\",\"url\":\"https:\\\/\\\/labemacosmetics.com\\\/wp-content\\\/uploads\\\/2022\\\/10\\\/SOBIO-ETIC-Precieux-Argan-Eau-Micellaire-Anti-age.jpg\",\"contentUrl\":\"https:\\\/\\\/labemacosmetics.com\\\/wp-content\\\/uploads\\\/2022\\\/10\\\/SOBIO-ETIC-Precieux-Argan-Eau-Micellaire-Anti-age.jpg\",\"width\":450,\"height\":450},{\"@type\":\"BreadcrumbList\",\"@id\":\"https:\\\/\\\/labemacosmetics.com\\\/en\\\/product\\\/eau-micellaire-precieux-argan\\\/#breadcrumb\",\"itemListElement\":[{\"@type\":\"ListItem\",\"position\":1,\"name\":\"Accueil\",\"item\":\"https:\\\/\\\/labemacosmetics.com\\\/\"},{\"@type\":\"ListItem\",\"position\":2,\"name\":\"Produits\",\"item\":\"https:\\\/\\\/labemacosmetics.com\\\/shop\\\/\"},{\"@type\":\"ListItem\",\"position\":3,\"name\":\"SO BIO ETIC Eau Micellaire Pr\u00e9cieux Argan\"}]},{\"@type\":\"WebSite\",\"@id\":\"https:\\\/\\\/labemacosmetics.com\\\/#website\",\"url\":\"https:\\\/\\\/labemacosmetics.com\\\/\",\"name\":\"Lab&eacute;ma Cosmetics\",\"description\":\"\",\"potentialAction\":[{\"@type\":\"SearchAction\",\"target\":{\"@type\":\"EntryPoint\",\"urlTemplate\":\"https:\\\/\\\/labemacosmetics.com\\\/?s={search_term_string}\"},\"query-input\":{\"@type\":\"PropertyValueSpecification\",\"valueRequired\":true,\"valueName\":\"search_term_string\"}}],\"inLanguage\":\"en-GB\"}]}<\/script>\n<meta property=\"product:brand\" content=\"Bio So Etic\" \/>\n<meta property=\"product:price:amount\" content=\"7500\" \/>\n<meta property=\"product:price:currency\" content=\"XOF\" \/>\n<meta property=\"og:availability\" content=\"instock\" \/>\n<meta property=\"product:availability\" content=\"instock\" \/>\n<meta property=\"product:condition\" content=\"new\" \/>\n<!-- \/ Yoast SEO Premium plugin. -->","yoast_head_json":{"title":"SO BIO ETIC Eau Micellaire Pr\u00e9cieux Argan - Lab&eacute;ma Cosmetics","robots":{"index":"index","follow":"follow","max-snippet":"max-snippet:-1","max-image-preview":"max-image-preview:large","max-video-preview":"max-video-preview:-1"},"canonical":"https:\/\/labemacosmetics.com\/en\/product\/eau-micellaire-precieux-argan\/","og_locale":"en_GB","og_type":"article","og_title":"SO BIO ETIC Eau Micellaire Pr\u00e9cieux Argan","og_description":"Cette eau micellaire \u00e0 l'extrait d'argan et en acide hyaluronique nettoie et d\u00e9maquille\u00a0 votre visage tout en douceur, donc votre peau sera plus souple et tonifi\u00e9e . Elle est pr\u00eate pour l'application de votre soin quotidien","og_url":"https:\/\/labemacosmetics.com\/en\/product\/eau-micellaire-precieux-argan\/","og_site_name":"Lab&eacute;ma Cosmetics","article_publisher":"http:\/\/www.facebook.com\/labemacosmetics","article_modified_time":"2023-05-21T07:55:27+00:00","og_image":[{"width":450,"height":450,"url":"https:\/\/labemacosmetics.com\/wp-content\/uploads\/2022\/10\/SOBIO-ETIC-Precieux-Argan-Eau-Micellaire-Anti-age.jpg","type":"image\/jpeg"}],"twitter_card":"summary_large_image","twitter_site":"@Labemasn","twitter_misc":{"Price":"7 500&nbsp;CFA","Availability":"In stock"},"schema":{"@context":"https:\/\/schema.org","@graph":[{"@type":"WebPage","@id":"https:\/\/labemacosmetics.com\/en\/product\/eau-micellaire-precieux-argan\/","url":"https:\/\/labemacosmetics.com\/en\/product\/eau-micellaire-precieux-argan\/","name":"SO BIO ETIC Eau Micellaire Pr\u00e9cieux Argan - Lab&eacute;ma Cosmetics","isPartOf":{"@id":"https:\/\/labemacosmetics.com\/#website"},"primaryImageOfPage":{"@id":"https:\/\/labemacosmetics.com\/en\/product\/eau-micellaire-precieux-argan\/#primaryimage"},"image":{"@id":"https:\/\/labemacosmetics.com\/en\/product\/eau-micellaire-precieux-argan\/#primaryimage"},"thumbnailUrl":"https:\/\/labemacosmetics.com\/wp-content\/uploads\/2022\/10\/SOBIO-ETIC-Precieux-Argan-Eau-Micellaire-Anti-age.jpg","datePublished":"2022-10-20T14:06:40+00:00","dateModified":"2023-05-21T07:55:27+00:00","breadcrumb":{"@id":"https:\/\/labemacosmetics.com\/en\/product\/eau-micellaire-precieux-argan\/#breadcrumb"},"inLanguage":"en-GB","potentialAction":[{"@type":"ReadAction","target":["https:\/\/labemacosmetics.com\/en\/product\/eau-micellaire-precieux-argan\/"]}]},{"@type":"ImageObject","inLanguage":"en-GB","@id":"https:\/\/labemacosmetics.com\/en\/product\/eau-micellaire-precieux-argan\/#primaryimage","url":"https:\/\/labemacosmetics.com\/wp-content\/uploads\/2022\/10\/SOBIO-ETIC-Precieux-Argan-Eau-Micellaire-Anti-age.jpg","contentUrl":"https:\/\/labemacosmetics.com\/wp-content\/uploads\/2022\/10\/SOBIO-ETIC-Precieux-Argan-Eau-Micellaire-Anti-age.jpg","width":450,"height":450},{"@type":"BreadcrumbList","@id":"https:\/\/labemacosmetics.com\/en\/product\/eau-micellaire-precieux-argan\/#breadcrumb","itemListElement":[{"@type":"ListItem","position":1,"name":"Accueil","item":"https:\/\/labemacosmetics.com\/"},{"@type":"ListItem","position":2,"name":"Produits","item":"https:\/\/labemacosmetics.com\/shop\/"},{"@type":"ListItem","position":3,"name":"SO BIO ETIC Eau Micellaire Pr\u00e9cieux Argan"}]},{"@type":"WebSite","@id":"https:\/\/labemacosmetics.com\/#website","url":"https:\/\/labemacosmetics.com\/","name":"Lab&eacute;ma Cosmetics","description":"","potentialAction":[{"@type":"SearchAction","target":{"@type":"EntryPoint","urlTemplate":"https:\/\/labemacosmetics.com\/?s={search_term_string}"},"query-input":{"@type":"PropertyValueSpecification","valueRequired":true,"valueName":"search_term_string"}}],"inLanguage":"en-GB"}]},"product_brand":"Bio So Etic","product_price_amount":"7500","product_price_currency":"XOF","og_availability":"instock","product_availability":"instock","product_condition":"new"},"_links":{"self":[{"href":"https:\/\/labemacosmetics.com\/en\/wp-json\/wp\/v2\/product\/6758","targetHints":{"allow":["GET"]}}],"collection":[{"href":"https:\/\/labemacosmetics.com\/en\/wp-json\/wp\/v2\/product"}],"about":[{"href":"https:\/\/labemacosmetics.com\/en\/wp-json\/wp\/v2\/types\/product"}],"replies":[{"embeddable":true,"href":"https:\/\/labemacosmetics.com\/en\/wp-json\/wp\/v2\/comments?post=6758"}],"version-history":[{"count":0,"href":"https:\/\/labemacosmetics.com\/en\/wp-json\/wp\/v2\/product\/6758\/revisions"}],"wp:featuredmedia":[{"embeddable":true,"href":"https:\/\/labemacosmetics.com\/en\/wp-json\/wp\/v2\/media\/6759"}],"wp:attachment":[{"href":"https:\/\/labemacosmetics.com\/en\/wp-json\/wp\/v2\/media?parent=6758"}],"wp:term":[{"taxonomy":"product_brand","embeddable":true,"href":"https:\/\/labemacosmetics.com\/en\/wp-json\/wp\/v2\/product_brand?post=6758"},{"taxonomy":"product_cat","embeddable":true,"href":"https:\/\/labemacosmetics.com\/en\/wp-json\/wp\/v2\/product_cat?post=6758"},{"taxonomy":"product_tag","embeddable":true,"href":"https:\/\/labemacosmetics.com\/en\/wp-json\/wp\/v2\/product_tag?post=6758"}],"curies":[{"name":"wp","href":"https:\/\/api.w.org\/{rel}","templated":true}]}}