{"id":6747,"date":"2022-10-18T11:30:21","date_gmt":"2022-10-18T10:30:21","guid":{"rendered":"https:\/\/www.labemacosmetics.com\/?post_type=product&#038;p=6747"},"modified":"2023-05-21T08:57:56","modified_gmt":"2023-05-21T07:57:56","slug":"full-converse-2-in-1-145","status":"publish","type":"product","link":"https:\/\/labemacosmetics.com\/en\/product\/full-converse-2-in-1-145\/","title":{"rendered":"KIKO Fond de teint correcteur 2 en 1"},"content":{"rendered":"<p>Fond de teint\/correcteur 2 en 1 \u00e0 couvrance \u00e9lev\u00e9e.<\/p>\n<p>L&rsquo;innovante formule double action fond de teint\/correcteur fait une entr\u00e9e attendue dans la gamme KIKO !<\/p>\n<p>Full Coverage 2-IN-1 Foundation and Concealer agit sur la peau en camouflant toutes les imperfections (cernes, taches, ridules\u2026) et d\u00e9pose sur le visage un voile effet seconde peau au fini mat et satin\u00e9, qui constitue une base id\u00e9ale pour tout type de maquillage. La peau est durablement perfectionn\u00e9e et reste lisse toute la journ\u00e9e.<\/p>","protected":false},"excerpt":{"rendered":"<p>La texture cr\u00e9meuse et hyper fluide rend l&rsquo;application facile et agr\u00e9able, en garantissant un estompage optimal. Id\u00e9al pour les peaux normales \u00e0 grasses. Test\u00e9 sous contr\u00f4le dermatologique et ophtalmologique.<\/p>","protected":false},"featured_media":6748,"comment_status":"open","ping_status":"closed","template":"","meta":{"om_disable_all_campaigns":false,"_mi_skip_tracking":false,"_monsterinsights_sitenote_active":false,"_monsterinsights_sitenote_note":"","_monsterinsights_sitenote_category":0},"product_brand":[],"product_cat":[120,127,117,103,514,516,517,108,513],"product_tag":[],"class_list":{"0":"post-6747","1":"product","2":"type-product","3":"status-publish","4":"has-post-thumbnail","6":"product_cat-anticernes","7":"product_cat-boutique","8":"product_cat-fond-de-teint","9":"product_cat-maquillage","10":"product_cat-peaux-normales","11":"product_cat-peaux-seches","12":"product_cat-peaux-sensibles","13":"product_cat-teint","14":"product_cat-type-de-peau","15":"yith_product_brand-kiko","17":"first","18":"instock","19":"shipping-taxable","20":"purchasable","21":"product-type-simple"},"yoast_head":"<!-- This site is optimized with the Yoast SEO Premium plugin v20.8 (Yoast SEO v27.4) - https:\/\/yoast.com\/product\/yoast-seo-premium-wordpress\/ -->\n<title>KIKO Fond de teint correcteur 2 en 1 - Lab&eacute;ma Cosmetics<\/title>\n<meta name=\"robots\" content=\"index, follow, max-snippet:-1, max-image-preview:large, max-video-preview:-1\" \/>\n<link rel=\"canonical\" href=\"https:\/\/labemacosmetics.com\/en\/product\/full-converse-2-in-1-145\/\" \/>\n<meta property=\"og:locale\" content=\"en_GB\" \/>\n<meta property=\"og:type\" content=\"article\" \/>\n<meta property=\"og:title\" content=\"KIKO Fond de teint correcteur 2 en 1\" \/>\n<meta property=\"og:description\" content=\"La texture cr\u00e9meuse et hyper fluide rend l&#039;application facile et agr\u00e9able, en garantissant un estompage optimal. Id\u00e9al pour les peaux normales \u00e0 grasses. Test\u00e9 sous contr\u00f4le dermatologique et ophtalmologique.\" \/>\n<meta property=\"og:url\" content=\"https:\/\/labemacosmetics.com\/en\/product\/full-converse-2-in-1-145\/\" \/>\n<meta property=\"og:site_name\" content=\"Lab&eacute;ma Cosmetics\" \/>\n<meta property=\"article:publisher\" content=\"http:\/\/www.facebook.com\/labemacosmetics\" \/>\n<meta property=\"article:modified_time\" content=\"2023-05-21T07:57:56+00:00\" \/>\n<meta property=\"og:image\" content=\"https:\/\/labemacosmetics.com\/wp-content\/uploads\/2022\/10\/71fj0bOOYBL._AC_SY355_.jpg\" \/>\n\t<meta property=\"og:image:width\" content=\"312\" \/>\n\t<meta property=\"og:image:height\" content=\"355\" \/>\n\t<meta property=\"og:image:type\" content=\"image\/jpeg\" \/>\n<meta name=\"twitter:card\" content=\"summary_large_image\" \/>\n<meta name=\"twitter:site\" content=\"@Labemasn\" \/>\n<meta name=\"twitter:label1\" content=\"Price\" \/>\n\t<meta name=\"twitter:data1\" content=\"10 000&nbsp;CFA\" \/>\n\t<meta name=\"twitter:label2\" content=\"Availability\" \/>\n\t<meta name=\"twitter:data2\" content=\"In stock\" \/>\n<script type=\"application\/ld+json\" class=\"yoast-schema-graph\">{\"@context\":\"https:\\\/\\\/schema.org\",\"@graph\":[{\"@type\":\"WebPage\",\"@id\":\"https:\\\/\\\/labemacosmetics.com\\\/en\\\/product\\\/full-converse-2-in-1-145\\\/\",\"url\":\"https:\\\/\\\/labemacosmetics.com\\\/en\\\/product\\\/full-converse-2-in-1-145\\\/\",\"name\":\"KIKO Fond de teint correcteur 2 en 1 - Lab&eacute;ma Cosmetics\",\"isPartOf\":{\"@id\":\"https:\\\/\\\/labemacosmetics.com\\\/#website\"},\"primaryImageOfPage\":{\"@id\":\"https:\\\/\\\/labemacosmetics.com\\\/en\\\/product\\\/full-converse-2-in-1-145\\\/#primaryimage\"},\"image\":{\"@id\":\"https:\\\/\\\/labemacosmetics.com\\\/en\\\/product\\\/full-converse-2-in-1-145\\\/#primaryimage\"},\"thumbnailUrl\":\"https:\\\/\\\/labemacosmetics.com\\\/wp-content\\\/uploads\\\/2022\\\/10\\\/71fj0bOOYBL._AC_SY355_.jpg\",\"datePublished\":\"2022-10-18T10:30:21+00:00\",\"dateModified\":\"2023-05-21T07:57:56+00:00\",\"breadcrumb\":{\"@id\":\"https:\\\/\\\/labemacosmetics.com\\\/en\\\/product\\\/full-converse-2-in-1-145\\\/#breadcrumb\"},\"inLanguage\":\"en-GB\",\"potentialAction\":[{\"@type\":\"ReadAction\",\"target\":[\"https:\\\/\\\/labemacosmetics.com\\\/en\\\/product\\\/full-converse-2-in-1-145\\\/\"]}]},{\"@type\":\"ImageObject\",\"inLanguage\":\"en-GB\",\"@id\":\"https:\\\/\\\/labemacosmetics.com\\\/en\\\/product\\\/full-converse-2-in-1-145\\\/#primaryimage\",\"url\":\"https:\\\/\\\/labemacosmetics.com\\\/wp-content\\\/uploads\\\/2022\\\/10\\\/71fj0bOOYBL._AC_SY355_.jpg\",\"contentUrl\":\"https:\\\/\\\/labemacosmetics.com\\\/wp-content\\\/uploads\\\/2022\\\/10\\\/71fj0bOOYBL._AC_SY355_.jpg\",\"width\":312,\"height\":355},{\"@type\":\"BreadcrumbList\",\"@id\":\"https:\\\/\\\/labemacosmetics.com\\\/en\\\/product\\\/full-converse-2-in-1-145\\\/#breadcrumb\",\"itemListElement\":[{\"@type\":\"ListItem\",\"position\":1,\"name\":\"Accueil\",\"item\":\"https:\\\/\\\/labemacosmetics.com\\\/\"},{\"@type\":\"ListItem\",\"position\":2,\"name\":\"Produits\",\"item\":\"https:\\\/\\\/labemacosmetics.com\\\/shop\\\/\"},{\"@type\":\"ListItem\",\"position\":3,\"name\":\"KIKO Fond de teint correcteur 2 en 1\"}]},{\"@type\":\"WebSite\",\"@id\":\"https:\\\/\\\/labemacosmetics.com\\\/#website\",\"url\":\"https:\\\/\\\/labemacosmetics.com\\\/\",\"name\":\"Lab&eacute;ma Cosmetics\",\"description\":\"\",\"potentialAction\":[{\"@type\":\"SearchAction\",\"target\":{\"@type\":\"EntryPoint\",\"urlTemplate\":\"https:\\\/\\\/labemacosmetics.com\\\/?s={search_term_string}\"},\"query-input\":{\"@type\":\"PropertyValueSpecification\",\"valueRequired\":true,\"valueName\":\"search_term_string\"}}],\"inLanguage\":\"en-GB\"}]}<\/script>\n<meta property=\"product:brand\" content=\"Kiko\" \/>\n<meta property=\"product:price:amount\" content=\"10000\" \/>\n<meta property=\"product:price:currency\" content=\"XOF\" \/>\n<meta property=\"og:availability\" content=\"instock\" \/>\n<meta property=\"product:availability\" content=\"instock\" \/>\n<meta property=\"product:condition\" content=\"new\" \/>\n<!-- \/ Yoast SEO Premium plugin. -->","yoast_head_json":{"title":"KIKO Fond de teint correcteur 2 en 1 - Lab&eacute;ma Cosmetics","robots":{"index":"index","follow":"follow","max-snippet":"max-snippet:-1","max-image-preview":"max-image-preview:large","max-video-preview":"max-video-preview:-1"},"canonical":"https:\/\/labemacosmetics.com\/en\/product\/full-converse-2-in-1-145\/","og_locale":"en_GB","og_type":"article","og_title":"KIKO Fond de teint correcteur 2 en 1","og_description":"La texture cr\u00e9meuse et hyper fluide rend l'application facile et agr\u00e9able, en garantissant un estompage optimal. Id\u00e9al pour les peaux normales \u00e0 grasses. Test\u00e9 sous contr\u00f4le dermatologique et ophtalmologique.","og_url":"https:\/\/labemacosmetics.com\/en\/product\/full-converse-2-in-1-145\/","og_site_name":"Lab&eacute;ma Cosmetics","article_publisher":"http:\/\/www.facebook.com\/labemacosmetics","article_modified_time":"2023-05-21T07:57:56+00:00","og_image":[{"width":312,"height":355,"url":"https:\/\/labemacosmetics.com\/wp-content\/uploads\/2022\/10\/71fj0bOOYBL._AC_SY355_.jpg","type":"image\/jpeg"}],"twitter_card":"summary_large_image","twitter_site":"@Labemasn","twitter_misc":{"Price":"10 000&nbsp;CFA","Availability":"In stock"},"schema":{"@context":"https:\/\/schema.org","@graph":[{"@type":"WebPage","@id":"https:\/\/labemacosmetics.com\/en\/product\/full-converse-2-in-1-145\/","url":"https:\/\/labemacosmetics.com\/en\/product\/full-converse-2-in-1-145\/","name":"KIKO Fond de teint correcteur 2 en 1 - Lab&eacute;ma Cosmetics","isPartOf":{"@id":"https:\/\/labemacosmetics.com\/#website"},"primaryImageOfPage":{"@id":"https:\/\/labemacosmetics.com\/en\/product\/full-converse-2-in-1-145\/#primaryimage"},"image":{"@id":"https:\/\/labemacosmetics.com\/en\/product\/full-converse-2-in-1-145\/#primaryimage"},"thumbnailUrl":"https:\/\/labemacosmetics.com\/wp-content\/uploads\/2022\/10\/71fj0bOOYBL._AC_SY355_.jpg","datePublished":"2022-10-18T10:30:21+00:00","dateModified":"2023-05-21T07:57:56+00:00","breadcrumb":{"@id":"https:\/\/labemacosmetics.com\/en\/product\/full-converse-2-in-1-145\/#breadcrumb"},"inLanguage":"en-GB","potentialAction":[{"@type":"ReadAction","target":["https:\/\/labemacosmetics.com\/en\/product\/full-converse-2-in-1-145\/"]}]},{"@type":"ImageObject","inLanguage":"en-GB","@id":"https:\/\/labemacosmetics.com\/en\/product\/full-converse-2-in-1-145\/#primaryimage","url":"https:\/\/labemacosmetics.com\/wp-content\/uploads\/2022\/10\/71fj0bOOYBL._AC_SY355_.jpg","contentUrl":"https:\/\/labemacosmetics.com\/wp-content\/uploads\/2022\/10\/71fj0bOOYBL._AC_SY355_.jpg","width":312,"height":355},{"@type":"BreadcrumbList","@id":"https:\/\/labemacosmetics.com\/en\/product\/full-converse-2-in-1-145\/#breadcrumb","itemListElement":[{"@type":"ListItem","position":1,"name":"Accueil","item":"https:\/\/labemacosmetics.com\/"},{"@type":"ListItem","position":2,"name":"Produits","item":"https:\/\/labemacosmetics.com\/shop\/"},{"@type":"ListItem","position":3,"name":"KIKO Fond de teint correcteur 2 en 1"}]},{"@type":"WebSite","@id":"https:\/\/labemacosmetics.com\/#website","url":"https:\/\/labemacosmetics.com\/","name":"Lab&eacute;ma Cosmetics","description":"","potentialAction":[{"@type":"SearchAction","target":{"@type":"EntryPoint","urlTemplate":"https:\/\/labemacosmetics.com\/?s={search_term_string}"},"query-input":{"@type":"PropertyValueSpecification","valueRequired":true,"valueName":"search_term_string"}}],"inLanguage":"en-GB"}]},"product_brand":"Kiko","product_price_amount":"10000","product_price_currency":"XOF","og_availability":"instock","product_availability":"instock","product_condition":"new"},"_links":{"self":[{"href":"https:\/\/labemacosmetics.com\/en\/wp-json\/wp\/v2\/product\/6747","targetHints":{"allow":["GET"]}}],"collection":[{"href":"https:\/\/labemacosmetics.com\/en\/wp-json\/wp\/v2\/product"}],"about":[{"href":"https:\/\/labemacosmetics.com\/en\/wp-json\/wp\/v2\/types\/product"}],"replies":[{"embeddable":true,"href":"https:\/\/labemacosmetics.com\/en\/wp-json\/wp\/v2\/comments?post=6747"}],"version-history":[{"count":0,"href":"https:\/\/labemacosmetics.com\/en\/wp-json\/wp\/v2\/product\/6747\/revisions"}],"wp:featuredmedia":[{"embeddable":true,"href":"https:\/\/labemacosmetics.com\/en\/wp-json\/wp\/v2\/media\/6748"}],"wp:attachment":[{"href":"https:\/\/labemacosmetics.com\/en\/wp-json\/wp\/v2\/media?parent=6747"}],"wp:term":[{"taxonomy":"product_brand","embeddable":true,"href":"https:\/\/labemacosmetics.com\/en\/wp-json\/wp\/v2\/product_brand?post=6747"},{"taxonomy":"product_cat","embeddable":true,"href":"https:\/\/labemacosmetics.com\/en\/wp-json\/wp\/v2\/product_cat?post=6747"},{"taxonomy":"product_tag","embeddable":true,"href":"https:\/\/labemacosmetics.com\/en\/wp-json\/wp\/v2\/product_tag?post=6747"}],"curies":[{"name":"wp","href":"https:\/\/api.w.org\/{rel}","templated":true}]}}