{"id":6679,"date":"2022-05-05T13:20:40","date_gmt":"2022-05-05T13:20:40","guid":{"rendered":"https:\/\/www.labemacosmetics.com\/?post_type=product&#038;p=6679"},"modified":"2023-06-19T09:45:01","modified_gmt":"2023-06-19T08:45:01","slug":"kenzo-flower-by-kenzo","status":"publish","type":"product","link":"https:\/\/labemacosmetics.com\/en\/product\/kenzo-flower-by-kenzo\/","title":{"rendered":"Flower by Kenzo"},"content":{"rendered":"<p>Flower by Kenzo est un parfum pur et audacieux. Tr\u00e8s moderne, il se construit autour de trois accords. Le premier est un bouquet de fleurs g\u00e9n\u00e9reux et vibrant \u00e0 base de violette, d&rsquo;aub\u00e9pine et de rose. Le second est plus poudr\u00e9. Enfin, le troisi\u00e8me ose un contraste chaud-froid. Il m\u00eale la vanille bourbon et le musc, \u00e0 des mol\u00e9cules d\u2019h\u00e9dione et de cyclosal.<\/p>","protected":false},"excerpt":{"rendered":"<h3><em><strong>Description <\/strong><\/em><\/h3>\n<p>Flower by Kenzo est un parfum pur et audacieux. Tr\u00e8s moderne, il se construit autour de trois accords. Le premier est un bouquet de fleurs g\u00e9n\u00e9reux et vibrant \u00e0 base de violette, d&rsquo;aub\u00e9pine et de rose. Le second est plus poudr\u00e9. Enfin, le troisi\u00e8me ose un contraste chaud-froid. Il m\u00eale la vanille bourbon et le musc, \u00e0 des mol\u00e9cules d\u2019h\u00e9dione et de cyclosal.<\/p>","protected":false},"featured_media":6814,"comment_status":"open","ping_status":"closed","template":"","meta":{"om_disable_all_campaigns":false,"_mi_skip_tracking":false,"_monsterinsights_sitenote_active":false,"_monsterinsights_sitenote_note":"","_monsterinsights_sitenote_category":0},"product_brand":[],"product_cat":[127,1771,1797],"product_tag":[],"class_list":{"0":"post-6679","1":"product","2":"type-product","3":"status-publish","4":"has-post-thumbnail","6":"product_cat-boutique","7":"product_cat-parfums","8":"product_cat-parfums-femme","9":"yith_product_brand-kenzo","11":"first","12":"instock","13":"shipping-taxable","14":"purchasable","15":"product-type-simple"},"yoast_head":"<!-- This site is optimized with the Yoast SEO Premium plugin v20.8 (Yoast SEO v27.4) - https:\/\/yoast.com\/product\/yoast-seo-premium-wordpress\/ -->\n<title>Flower by Kenzo - Lab&eacute;ma Cosmetics<\/title>\n<meta name=\"description\" content=\"Flower by Kenzo est un parfum pur et audacieux. Tr\u00e8s moderne, il se construit autour de trois accords. Le premier est un bouquet de fleurs g\u00e9n\u00e9reux\" \/>\n<meta name=\"robots\" content=\"index, follow, max-snippet:-1, max-image-preview:large, max-video-preview:-1\" \/>\n<link rel=\"canonical\" href=\"https:\/\/labemacosmetics.com\/en\/product\/kenzo-flower-by-kenzo\/\" \/>\n<meta property=\"og:locale\" content=\"en_GB\" \/>\n<meta property=\"og:type\" content=\"article\" \/>\n<meta property=\"og:title\" content=\"Flower by Kenzo\" \/>\n<meta property=\"og:description\" content=\"Flower by Kenzo est un parfum pur et audacieux. Tr\u00e8s moderne, il se construit autour de trois accords. Le premier est un bouquet de fleurs g\u00e9n\u00e9reux\" \/>\n<meta property=\"og:url\" content=\"https:\/\/labemacosmetics.com\/en\/product\/kenzo-flower-by-kenzo\/\" \/>\n<meta property=\"og:site_name\" content=\"Lab&eacute;ma Cosmetics\" \/>\n<meta property=\"article:publisher\" content=\"http:\/\/www.facebook.com\/labemacosmetics\" \/>\n<meta property=\"article:modified_time\" content=\"2023-06-19T08:45:01+00:00\" \/>\n<meta property=\"og:image\" content=\"https:\/\/labemacosmetics.com\/wp-content\/uploads\/2022\/05\/P10020971_1.webp\" \/>\n\t<meta property=\"og:image:width\" content=\"1\" \/>\n\t<meta property=\"og:image:height\" content=\"1\" \/>\n\t<meta property=\"og:image:type\" content=\"image\/webp\" \/>\n<meta name=\"twitter:card\" content=\"summary_large_image\" \/>\n<meta name=\"twitter:site\" content=\"@Labemasn\" \/>\n<meta name=\"twitter:label1\" content=\"Price\" \/>\n\t<meta name=\"twitter:data1\" content=\"56 000&nbsp;CFA\" \/>\n\t<meta name=\"twitter:label2\" content=\"Availability\" \/>\n\t<meta name=\"twitter:data2\" content=\"In stock\" \/>\n<script type=\"application\/ld+json\" class=\"yoast-schema-graph\">{\"@context\":\"https:\\\/\\\/schema.org\",\"@graph\":[{\"@type\":\"WebPage\",\"@id\":\"https:\\\/\\\/labemacosmetics.com\\\/produit\\\/kenzo-flower-by-kenzo\\\/\",\"url\":\"https:\\\/\\\/labemacosmetics.com\\\/produit\\\/kenzo-flower-by-kenzo\\\/\",\"name\":\"Flower by Kenzo - Lab&eacute;ma Cosmetics\",\"isPartOf\":{\"@id\":\"https:\\\/\\\/labemacosmetics.com\\\/#website\"},\"primaryImageOfPage\":{\"@id\":\"https:\\\/\\\/labemacosmetics.com\\\/produit\\\/kenzo-flower-by-kenzo\\\/#primaryimage\"},\"image\":{\"@id\":\"https:\\\/\\\/labemacosmetics.com\\\/produit\\\/kenzo-flower-by-kenzo\\\/#primaryimage\"},\"thumbnailUrl\":\"https:\\\/\\\/labemacosmetics.com\\\/wp-content\\\/uploads\\\/2022\\\/05\\\/P10020971_1.webp\",\"datePublished\":\"2022-05-05T13:20:40+00:00\",\"dateModified\":\"2023-06-19T08:45:01+00:00\",\"description\":\"Flower by Kenzo est un parfum pur et audacieux. Tr\u00e8s moderne, il se construit autour de trois accords. Le premier est un bouquet de fleurs g\u00e9n\u00e9reux\",\"breadcrumb\":{\"@id\":\"https:\\\/\\\/labemacosmetics.com\\\/produit\\\/kenzo-flower-by-kenzo\\\/#breadcrumb\"},\"inLanguage\":\"en-GB\",\"potentialAction\":[{\"@type\":\"ReadAction\",\"target\":[\"https:\\\/\\\/labemacosmetics.com\\\/produit\\\/kenzo-flower-by-kenzo\\\/\"]}]},{\"@type\":\"ImageObject\",\"inLanguage\":\"en-GB\",\"@id\":\"https:\\\/\\\/labemacosmetics.com\\\/produit\\\/kenzo-flower-by-kenzo\\\/#primaryimage\",\"url\":\"https:\\\/\\\/labemacosmetics.com\\\/wp-content\\\/uploads\\\/2022\\\/05\\\/P10020971_1.webp\",\"contentUrl\":\"https:\\\/\\\/labemacosmetics.com\\\/wp-content\\\/uploads\\\/2022\\\/05\\\/P10020971_1.webp\"},{\"@type\":\"BreadcrumbList\",\"@id\":\"https:\\\/\\\/labemacosmetics.com\\\/produit\\\/kenzo-flower-by-kenzo\\\/#breadcrumb\",\"itemListElement\":[{\"@type\":\"ListItem\",\"position\":1,\"name\":\"Accueil\",\"item\":\"https:\\\/\\\/labemacosmetics.com\\\/\"},{\"@type\":\"ListItem\",\"position\":2,\"name\":\"Produits\",\"item\":\"https:\\\/\\\/labemacosmetics.com\\\/shop\\\/\"},{\"@type\":\"ListItem\",\"position\":3,\"name\":\"Flower by Kenzo\"}]},{\"@type\":\"WebSite\",\"@id\":\"https:\\\/\\\/labemacosmetics.com\\\/#website\",\"url\":\"https:\\\/\\\/labemacosmetics.com\\\/\",\"name\":\"Lab&eacute;ma Cosmetics\",\"description\":\"\",\"potentialAction\":[{\"@type\":\"SearchAction\",\"target\":{\"@type\":\"EntryPoint\",\"urlTemplate\":\"https:\\\/\\\/labemacosmetics.com\\\/?s={search_term_string}\"},\"query-input\":{\"@type\":\"PropertyValueSpecification\",\"valueRequired\":true,\"valueName\":\"search_term_string\"}}],\"inLanguage\":\"en-GB\"}]}<\/script>\n<meta property=\"product:brand\" content=\"Kenzo\" \/>\n<meta property=\"product:price:amount\" content=\"56000\" \/>\n<meta property=\"product:price:currency\" content=\"XOF\" \/>\n<meta property=\"og:availability\" content=\"instock\" \/>\n<meta property=\"product:availability\" content=\"instock\" \/>\n<meta property=\"product:condition\" content=\"new\" \/>\n<!-- \/ Yoast SEO Premium plugin. -->","yoast_head_json":{"title":"Flower by Kenzo - Lab&eacute;ma Cosmetics","description":"Flower by Kenzo est un parfum pur et audacieux. Tr\u00e8s moderne, il se construit autour de trois accords. Le premier est un bouquet de fleurs g\u00e9n\u00e9reux","robots":{"index":"index","follow":"follow","max-snippet":"max-snippet:-1","max-image-preview":"max-image-preview:large","max-video-preview":"max-video-preview:-1"},"canonical":"https:\/\/labemacosmetics.com\/en\/product\/kenzo-flower-by-kenzo\/","og_locale":"en_GB","og_type":"article","og_title":"Flower by Kenzo","og_description":"Flower by Kenzo est un parfum pur et audacieux. Tr\u00e8s moderne, il se construit autour de trois accords. Le premier est un bouquet de fleurs g\u00e9n\u00e9reux","og_url":"https:\/\/labemacosmetics.com\/en\/product\/kenzo-flower-by-kenzo\/","og_site_name":"Lab&eacute;ma Cosmetics","article_publisher":"http:\/\/www.facebook.com\/labemacosmetics","article_modified_time":"2023-06-19T08:45:01+00:00","og_image":[{"url":"https:\/\/labemacosmetics.com\/wp-content\/uploads\/2022\/05\/P10020971_1.webp","width":1,"height":1,"type":"image\/webp"}],"twitter_card":"summary_large_image","twitter_site":"@Labemasn","twitter_misc":{"Price":"56 000&nbsp;CFA","Availability":"In stock"},"schema":{"@context":"https:\/\/schema.org","@graph":[{"@type":"WebPage","@id":"https:\/\/labemacosmetics.com\/produit\/kenzo-flower-by-kenzo\/","url":"https:\/\/labemacosmetics.com\/produit\/kenzo-flower-by-kenzo\/","name":"Flower by Kenzo - Lab&eacute;ma Cosmetics","isPartOf":{"@id":"https:\/\/labemacosmetics.com\/#website"},"primaryImageOfPage":{"@id":"https:\/\/labemacosmetics.com\/produit\/kenzo-flower-by-kenzo\/#primaryimage"},"image":{"@id":"https:\/\/labemacosmetics.com\/produit\/kenzo-flower-by-kenzo\/#primaryimage"},"thumbnailUrl":"https:\/\/labemacosmetics.com\/wp-content\/uploads\/2022\/05\/P10020971_1.webp","datePublished":"2022-05-05T13:20:40+00:00","dateModified":"2023-06-19T08:45:01+00:00","description":"Flower by Kenzo est un parfum pur et audacieux. Tr\u00e8s moderne, il se construit autour de trois accords. Le premier est un bouquet de fleurs g\u00e9n\u00e9reux","breadcrumb":{"@id":"https:\/\/labemacosmetics.com\/produit\/kenzo-flower-by-kenzo\/#breadcrumb"},"inLanguage":"en-GB","potentialAction":[{"@type":"ReadAction","target":["https:\/\/labemacosmetics.com\/produit\/kenzo-flower-by-kenzo\/"]}]},{"@type":"ImageObject","inLanguage":"en-GB","@id":"https:\/\/labemacosmetics.com\/produit\/kenzo-flower-by-kenzo\/#primaryimage","url":"https:\/\/labemacosmetics.com\/wp-content\/uploads\/2022\/05\/P10020971_1.webp","contentUrl":"https:\/\/labemacosmetics.com\/wp-content\/uploads\/2022\/05\/P10020971_1.webp"},{"@type":"BreadcrumbList","@id":"https:\/\/labemacosmetics.com\/produit\/kenzo-flower-by-kenzo\/#breadcrumb","itemListElement":[{"@type":"ListItem","position":1,"name":"Accueil","item":"https:\/\/labemacosmetics.com\/"},{"@type":"ListItem","position":2,"name":"Produits","item":"https:\/\/labemacosmetics.com\/shop\/"},{"@type":"ListItem","position":3,"name":"Flower by Kenzo"}]},{"@type":"WebSite","@id":"https:\/\/labemacosmetics.com\/#website","url":"https:\/\/labemacosmetics.com\/","name":"Lab&eacute;ma Cosmetics","description":"","potentialAction":[{"@type":"SearchAction","target":{"@type":"EntryPoint","urlTemplate":"https:\/\/labemacosmetics.com\/?s={search_term_string}"},"query-input":{"@type":"PropertyValueSpecification","valueRequired":true,"valueName":"search_term_string"}}],"inLanguage":"en-GB"}]},"product_brand":"Kenzo","product_price_amount":"56000","product_price_currency":"XOF","og_availability":"instock","product_availability":"instock","product_condition":"new"},"_links":{"self":[{"href":"https:\/\/labemacosmetics.com\/en\/wp-json\/wp\/v2\/product\/6679","targetHints":{"allow":["GET"]}}],"collection":[{"href":"https:\/\/labemacosmetics.com\/en\/wp-json\/wp\/v2\/product"}],"about":[{"href":"https:\/\/labemacosmetics.com\/en\/wp-json\/wp\/v2\/types\/product"}],"replies":[{"embeddable":true,"href":"https:\/\/labemacosmetics.com\/en\/wp-json\/wp\/v2\/comments?post=6679"}],"version-history":[{"count":1,"href":"https:\/\/labemacosmetics.com\/en\/wp-json\/wp\/v2\/product\/6679\/revisions"}],"predecessor-version":[{"id":9219,"href":"https:\/\/labemacosmetics.com\/en\/wp-json\/wp\/v2\/product\/6679\/revisions\/9219"}],"wp:featuredmedia":[{"embeddable":true,"href":"https:\/\/labemacosmetics.com\/en\/wp-json\/wp\/v2\/media\/6814"}],"wp:attachment":[{"href":"https:\/\/labemacosmetics.com\/en\/wp-json\/wp\/v2\/media?parent=6679"}],"wp:term":[{"taxonomy":"product_brand","embeddable":true,"href":"https:\/\/labemacosmetics.com\/en\/wp-json\/wp\/v2\/product_brand?post=6679"},{"taxonomy":"product_cat","embeddable":true,"href":"https:\/\/labemacosmetics.com\/en\/wp-json\/wp\/v2\/product_cat?post=6679"},{"taxonomy":"product_tag","embeddable":true,"href":"https:\/\/labemacosmetics.com\/en\/wp-json\/wp\/v2\/product_tag?post=6679"}],"curies":[{"name":"wp","href":"https:\/\/api.w.org\/{rel}","templated":true}]}}