{"id":6638,"date":"2022-01-12T18:40:34","date_gmt":"2022-01-12T17:40:34","guid":{"rendered":"https:\/\/www.labemacosmetics.com\/?post_type=product&#038;p=6638"},"modified":"2023-05-31T12:35:08","modified_gmt":"2023-05-31T11:35:08","slug":"coffret-parfum-comme-une-evidence-yves-rocher","status":"publish","type":"product","link":"https:\/\/labemacosmetics.com\/en\/product\/coffret-parfum-comme-une-evidence-yves-rocher\/","title":{"rendered":"YVES ROCHER Coffret Parfum Comme une Evidence"},"content":{"rendered":"<div class=\"p-x_XXL p-t_XXL\">\n<p>Retrouvez toute l&rsquo;harmonie du parfum Comme une Evidence dans un \u00e9crin aux multiples couleurs et aux \u00e9clats dor\u00e9s, inspir\u00e9 de notre beau jardin de No\u00ebl.<\/p>\n<p>\u00ab\u00a0J\u2019ai imagin\u00e9 un parfum baign\u00e9 de lumi\u00e8re, comme une sensation infinie d\u2019espace : un accord Chypr\u00e9 r\u00e9solument modernis\u00e9, chic et intemporel. La fraicheur raffin\u00e9e de l&rsquo;essence de Bergamote laisse place au sillage d\u00e9licatement f\u00e9minin de l&rsquo;absolu de Rose Damascena. L\u2019ombre apaisante de l&rsquo;essence de Patchouli apporte enfin une profonde sensation de pl\u00e9nitude.\u00a0\u00bb<br \/>\nAnnick Menardo, Parfumeur.<\/p>\n<p><b>Ce coffret contient:<\/b><br \/>\n&#8211; Eau de Parfum Comme une Evidence 50ml<br \/>\n&#8211; Vaporisateur de Sac Comme une Evidence 10ml<br \/>\n&#8211; Cr\u00e8me Mains Parfum\u00e9e 30ml<\/p>\n<\/div>","protected":false},"excerpt":{"rendered":"<p>\u00ab\u00a0J\u2019ai imagin\u00e9 un parfum baign\u00e9 de lumi\u00e8re, comme une sensation infinie d\u2019espace : un accord Chypr\u00e9 r\u00e9solument modernis\u00e9, chic et intemporel. La fraicheur raffin\u00e9e de l&rsquo;essence de Bergamote laisse place au sillage d\u00e9licatement f\u00e9minin de l&rsquo;absolu de Rose Damascena. L\u2019ombre apaisante de l&rsquo;essence de Patchouli apporte enfin une profonde sensation de pl\u00e9nitude.\u00a0\u00bb<\/p>","protected":false},"featured_media":6639,"comment_status":"open","ping_status":"closed","template":"","meta":{"om_disable_all_campaigns":false,"_mi_skip_tracking":false,"_monsterinsights_sitenote_active":false,"_monsterinsights_sitenote_note":"","_monsterinsights_sitenote_category":0},"product_brand":[],"product_cat":[127,1771],"product_tag":[],"class_list":{"0":"post-6638","1":"product","2":"type-product","3":"status-publish","4":"has-post-thumbnail","6":"product_cat-boutique","7":"product_cat-parfums","8":"yith_product_brand-yves-rocher","10":"first","11":"outofstock","12":"sale","13":"shipping-taxable","14":"purchasable","15":"product-type-simple"},"yoast_head":"<!-- This site is optimized with the Yoast SEO Premium plugin v20.8 (Yoast SEO v27.4) - https:\/\/yoast.com\/product\/yoast-seo-premium-wordpress\/ -->\n<title>YVES ROCHER Coffret Parfum Comme une Evidence - Lab&eacute;ma Cosmetics<\/title>\n<meta name=\"robots\" content=\"index, follow, max-snippet:-1, max-image-preview:large, max-video-preview:-1\" \/>\n<link rel=\"canonical\" href=\"https:\/\/labemacosmetics.com\/en\/product\/coffret-parfum-comme-une-evidence-yves-rocher\/\" \/>\n<meta property=\"og:locale\" content=\"en_GB\" \/>\n<meta property=\"og:type\" content=\"article\" \/>\n<meta property=\"og:title\" content=\"YVES ROCHER Coffret Parfum Comme une Evidence\" \/>\n<meta property=\"og:description\" content=\"&quot;J\u2019ai imagin\u00e9 un parfum baign\u00e9 de lumi\u00e8re, comme une sensation infinie d\u2019espace : un accord Chypr\u00e9 r\u00e9solument modernis\u00e9, chic et intemporel. La fraicheur raffin\u00e9e de l&#039;essence de Bergamote laisse place au sillage d\u00e9licatement f\u00e9minin de l&#039;absolu de Rose Damascena. L\u2019ombre apaisante de l&#039;essence de Patchouli apporte enfin une profonde sensation de pl\u00e9nitude.&quot;\" \/>\n<meta property=\"og:url\" content=\"https:\/\/labemacosmetics.com\/en\/product\/coffret-parfum-comme-une-evidence-yves-rocher\/\" \/>\n<meta property=\"og:site_name\" content=\"Lab&eacute;ma Cosmetics\" \/>\n<meta property=\"article:publisher\" content=\"http:\/\/www.facebook.com\/labemacosmetics\" \/>\n<meta property=\"article:modified_time\" content=\"2023-05-31T11:35:08+00:00\" \/>\n<meta property=\"og:image\" content=\"https:\/\/labemacosmetics.com\/wp-content\/uploads\/2022\/01\/Coffret-comme-une-evidence-eau-d-eparfum.jpg\" \/>\n\t<meta property=\"og:image:width\" content=\"800\" \/>\n\t<meta property=\"og:image:height\" content=\"800\" \/>\n\t<meta property=\"og:image:type\" content=\"image\/jpeg\" \/>\n<meta name=\"twitter:card\" content=\"summary_large_image\" \/>\n<meta name=\"twitter:site\" content=\"@Labemasn\" \/>\n<meta name=\"twitter:label1\" content=\"Price\" \/>\n\t<meta name=\"twitter:data1\" content=\"25 000&nbsp;CFA\" \/>\n\t<meta name=\"twitter:label2\" content=\"Availability\" \/>\n\t<meta name=\"twitter:data2\" content=\"Out of stock\" \/>\n<script type=\"application\/ld+json\" class=\"yoast-schema-graph\">{\"@context\":\"https:\\\/\\\/schema.org\",\"@graph\":[{\"@type\":\"WebPage\",\"@id\":\"https:\\\/\\\/labemacosmetics.com\\\/en\\\/product\\\/coffret-parfum-comme-une-evidence-yves-rocher\\\/\",\"url\":\"https:\\\/\\\/labemacosmetics.com\\\/en\\\/product\\\/coffret-parfum-comme-une-evidence-yves-rocher\\\/\",\"name\":\"YVES ROCHER Coffret Parfum Comme une Evidence - Lab&eacute;ma Cosmetics\",\"isPartOf\":{\"@id\":\"https:\\\/\\\/labemacosmetics.com\\\/#website\"},\"primaryImageOfPage\":{\"@id\":\"https:\\\/\\\/labemacosmetics.com\\\/en\\\/product\\\/coffret-parfum-comme-une-evidence-yves-rocher\\\/#primaryimage\"},\"image\":{\"@id\":\"https:\\\/\\\/labemacosmetics.com\\\/en\\\/product\\\/coffret-parfum-comme-une-evidence-yves-rocher\\\/#primaryimage\"},\"thumbnailUrl\":\"https:\\\/\\\/labemacosmetics.com\\\/wp-content\\\/uploads\\\/2022\\\/01\\\/Coffret-comme-une-evidence-eau-d-eparfum.jpg\",\"datePublished\":\"2022-01-12T17:40:34+00:00\",\"dateModified\":\"2023-05-31T11:35:08+00:00\",\"breadcrumb\":{\"@id\":\"https:\\\/\\\/labemacosmetics.com\\\/en\\\/product\\\/coffret-parfum-comme-une-evidence-yves-rocher\\\/#breadcrumb\"},\"inLanguage\":\"en-GB\",\"potentialAction\":[{\"@type\":\"ReadAction\",\"target\":[\"https:\\\/\\\/labemacosmetics.com\\\/en\\\/product\\\/coffret-parfum-comme-une-evidence-yves-rocher\\\/\"]}]},{\"@type\":\"ImageObject\",\"inLanguage\":\"en-GB\",\"@id\":\"https:\\\/\\\/labemacosmetics.com\\\/en\\\/product\\\/coffret-parfum-comme-une-evidence-yves-rocher\\\/#primaryimage\",\"url\":\"https:\\\/\\\/labemacosmetics.com\\\/wp-content\\\/uploads\\\/2022\\\/01\\\/Coffret-comme-une-evidence-eau-d-eparfum.jpg\",\"contentUrl\":\"https:\\\/\\\/labemacosmetics.com\\\/wp-content\\\/uploads\\\/2022\\\/01\\\/Coffret-comme-une-evidence-eau-d-eparfum.jpg\",\"width\":800,\"height\":800},{\"@type\":\"BreadcrumbList\",\"@id\":\"https:\\\/\\\/labemacosmetics.com\\\/en\\\/product\\\/coffret-parfum-comme-une-evidence-yves-rocher\\\/#breadcrumb\",\"itemListElement\":[{\"@type\":\"ListItem\",\"position\":1,\"name\":\"Accueil\",\"item\":\"https:\\\/\\\/labemacosmetics.com\\\/\"},{\"@type\":\"ListItem\",\"position\":2,\"name\":\"Produits\",\"item\":\"https:\\\/\\\/labemacosmetics.com\\\/shop\\\/\"},{\"@type\":\"ListItem\",\"position\":3,\"name\":\"YVES ROCHER Coffret Parfum Comme une Evidence\"}]},{\"@type\":\"WebSite\",\"@id\":\"https:\\\/\\\/labemacosmetics.com\\\/#website\",\"url\":\"https:\\\/\\\/labemacosmetics.com\\\/\",\"name\":\"Lab&eacute;ma Cosmetics\",\"description\":\"\",\"potentialAction\":[{\"@type\":\"SearchAction\",\"target\":{\"@type\":\"EntryPoint\",\"urlTemplate\":\"https:\\\/\\\/labemacosmetics.com\\\/?s={search_term_string}\"},\"query-input\":{\"@type\":\"PropertyValueSpecification\",\"valueRequired\":true,\"valueName\":\"search_term_string\"}}],\"inLanguage\":\"en-GB\"}]}<\/script>\n<meta property=\"product:brand\" content=\"Yves Rocher\" \/>\n<meta property=\"product:price:amount\" content=\"25000\" \/>\n<meta property=\"product:price:currency\" content=\"XOF\" \/>\n<meta property=\"og:availability\" content=\"out of stock\" \/>\n<meta property=\"product:availability\" content=\"out of stock\" \/>\n<meta property=\"product:condition\" content=\"new\" \/>\n<!-- \/ Yoast SEO Premium plugin. -->","yoast_head_json":{"title":"YVES ROCHER Coffret Parfum Comme une Evidence - Lab&eacute;ma Cosmetics","robots":{"index":"index","follow":"follow","max-snippet":"max-snippet:-1","max-image-preview":"max-image-preview:large","max-video-preview":"max-video-preview:-1"},"canonical":"https:\/\/labemacosmetics.com\/en\/product\/coffret-parfum-comme-une-evidence-yves-rocher\/","og_locale":"en_GB","og_type":"article","og_title":"YVES ROCHER Coffret Parfum Comme une Evidence","og_description":"\"J\u2019ai imagin\u00e9 un parfum baign\u00e9 de lumi\u00e8re, comme une sensation infinie d\u2019espace : un accord Chypr\u00e9 r\u00e9solument modernis\u00e9, chic et intemporel. La fraicheur raffin\u00e9e de l'essence de Bergamote laisse place au sillage d\u00e9licatement f\u00e9minin de l'absolu de Rose Damascena. L\u2019ombre apaisante de l'essence de Patchouli apporte enfin une profonde sensation de pl\u00e9nitude.\"","og_url":"https:\/\/labemacosmetics.com\/en\/product\/coffret-parfum-comme-une-evidence-yves-rocher\/","og_site_name":"Lab&eacute;ma Cosmetics","article_publisher":"http:\/\/www.facebook.com\/labemacosmetics","article_modified_time":"2023-05-31T11:35:08+00:00","og_image":[{"width":800,"height":800,"url":"https:\/\/labemacosmetics.com\/wp-content\/uploads\/2022\/01\/Coffret-comme-une-evidence-eau-d-eparfum.jpg","type":"image\/jpeg"}],"twitter_card":"summary_large_image","twitter_site":"@Labemasn","twitter_misc":{"Price":"25 000&nbsp;CFA","Availability":"Out of stock"},"schema":{"@context":"https:\/\/schema.org","@graph":[{"@type":"WebPage","@id":"https:\/\/labemacosmetics.com\/en\/product\/coffret-parfum-comme-une-evidence-yves-rocher\/","url":"https:\/\/labemacosmetics.com\/en\/product\/coffret-parfum-comme-une-evidence-yves-rocher\/","name":"YVES ROCHER Coffret Parfum Comme une Evidence - Lab&eacute;ma Cosmetics","isPartOf":{"@id":"https:\/\/labemacosmetics.com\/#website"},"primaryImageOfPage":{"@id":"https:\/\/labemacosmetics.com\/en\/product\/coffret-parfum-comme-une-evidence-yves-rocher\/#primaryimage"},"image":{"@id":"https:\/\/labemacosmetics.com\/en\/product\/coffret-parfum-comme-une-evidence-yves-rocher\/#primaryimage"},"thumbnailUrl":"https:\/\/labemacosmetics.com\/wp-content\/uploads\/2022\/01\/Coffret-comme-une-evidence-eau-d-eparfum.jpg","datePublished":"2022-01-12T17:40:34+00:00","dateModified":"2023-05-31T11:35:08+00:00","breadcrumb":{"@id":"https:\/\/labemacosmetics.com\/en\/product\/coffret-parfum-comme-une-evidence-yves-rocher\/#breadcrumb"},"inLanguage":"en-GB","potentialAction":[{"@type":"ReadAction","target":["https:\/\/labemacosmetics.com\/en\/product\/coffret-parfum-comme-une-evidence-yves-rocher\/"]}]},{"@type":"ImageObject","inLanguage":"en-GB","@id":"https:\/\/labemacosmetics.com\/en\/product\/coffret-parfum-comme-une-evidence-yves-rocher\/#primaryimage","url":"https:\/\/labemacosmetics.com\/wp-content\/uploads\/2022\/01\/Coffret-comme-une-evidence-eau-d-eparfum.jpg","contentUrl":"https:\/\/labemacosmetics.com\/wp-content\/uploads\/2022\/01\/Coffret-comme-une-evidence-eau-d-eparfum.jpg","width":800,"height":800},{"@type":"BreadcrumbList","@id":"https:\/\/labemacosmetics.com\/en\/product\/coffret-parfum-comme-une-evidence-yves-rocher\/#breadcrumb","itemListElement":[{"@type":"ListItem","position":1,"name":"Accueil","item":"https:\/\/labemacosmetics.com\/"},{"@type":"ListItem","position":2,"name":"Produits","item":"https:\/\/labemacosmetics.com\/shop\/"},{"@type":"ListItem","position":3,"name":"YVES ROCHER Coffret Parfum Comme une Evidence"}]},{"@type":"WebSite","@id":"https:\/\/labemacosmetics.com\/#website","url":"https:\/\/labemacosmetics.com\/","name":"Lab&eacute;ma Cosmetics","description":"","potentialAction":[{"@type":"SearchAction","target":{"@type":"EntryPoint","urlTemplate":"https:\/\/labemacosmetics.com\/?s={search_term_string}"},"query-input":{"@type":"PropertyValueSpecification","valueRequired":true,"valueName":"search_term_string"}}],"inLanguage":"en-GB"}]},"product_brand":"Yves Rocher","product_price_amount":"25000","product_price_currency":"XOF","og_availability":"out of stock","product_availability":"out of stock","product_condition":"new"},"_links":{"self":[{"href":"https:\/\/labemacosmetics.com\/en\/wp-json\/wp\/v2\/product\/6638","targetHints":{"allow":["GET"]}}],"collection":[{"href":"https:\/\/labemacosmetics.com\/en\/wp-json\/wp\/v2\/product"}],"about":[{"href":"https:\/\/labemacosmetics.com\/en\/wp-json\/wp\/v2\/types\/product"}],"replies":[{"embeddable":true,"href":"https:\/\/labemacosmetics.com\/en\/wp-json\/wp\/v2\/comments?post=6638"}],"version-history":[{"count":0,"href":"https:\/\/labemacosmetics.com\/en\/wp-json\/wp\/v2\/product\/6638\/revisions"}],"wp:featuredmedia":[{"embeddable":true,"href":"https:\/\/labemacosmetics.com\/en\/wp-json\/wp\/v2\/media\/6639"}],"wp:attachment":[{"href":"https:\/\/labemacosmetics.com\/en\/wp-json\/wp\/v2\/media?parent=6638"}],"wp:term":[{"taxonomy":"product_brand","embeddable":true,"href":"https:\/\/labemacosmetics.com\/en\/wp-json\/wp\/v2\/product_brand?post=6638"},{"taxonomy":"product_cat","embeddable":true,"href":"https:\/\/labemacosmetics.com\/en\/wp-json\/wp\/v2\/product_cat?post=6638"},{"taxonomy":"product_tag","embeddable":true,"href":"https:\/\/labemacosmetics.com\/en\/wp-json\/wp\/v2\/product_tag?post=6638"}],"curies":[{"name":"wp","href":"https:\/\/api.w.org\/{rel}","templated":true}]}}