{"id":6517,"date":"2023-02-22T18:00:37","date_gmt":"2023-02-22T17:00:37","guid":{"rendered":"https:\/\/www.labemacosmetics.com\/?post_type=product&#038;p=6517"},"modified":"2023-12-27T09:48:27","modified_gmt":"2023-12-27T08:48:27","slug":"rituel-apaisant-au-cacao-exfoliant-masque-peaux-normales-a-seches-unidose","status":"publish","type":"product","link":"https:\/\/labemacosmetics.com\/en\/product\/rituel-apaisant-au-cacao-exfoliant-masque-peaux-normales-a-seches-unidose\/","title":{"rendered":"L&rsquo;ACTION Masque Rituel Apaisant au Cacao"},"content":{"rendered":"<div><strong>Pour qui\u00a0?<\/strong><\/div>\n<div>Pour les peaux normales \u00e0 s\u00e8ches.<\/div>\n<div><\/div>\n<div><strong>R\u00e9sultats beaut\u00e9<\/strong><\/div>\n<div>Le gommage \u00e0 l\u2019huile de p\u00e9pin de raisin, au cacao et \u00e0 la poudre d\u2019orange exfolie pour \u00e9liminer les cellules mortes. Le masque au beurre de karit\u00e9 et au beurre de cacao hydrate. La peau est douce, souple et confortable\u00a0!<\/div>\n<div><\/div>\n<div><strong>On aime<\/strong><\/div>\n<div>&#8211; Son format duo en sachet, facile \u00e0 transporter<\/div>\n<div>&#8211; Sa formule test\u00e9e sous contr\u00f4le dermatologique<\/div>\n<div><\/div>\n<div><strong>Conseils beaut\u00e9<\/strong><\/div>\n<div>Commencer par appliquer le gommage sur une peau humide, en effectuant de l\u00e9gers massages circulaires tout en \u00e9vitant le contour des yeux. Apr\u00e8s avoir rinc\u00e9 le gommage, appliquer le masque sur le visage pr\u00e9alablement s\u00e9ch\u00e9 tout en \u00e9vitant le contour des yeux. Laisser poser 10 \u00e0 15 minutes avant de rincer.<\/div>","protected":false},"excerpt":{"rendered":"<p>Le gommage \u00e0 l\u2019huile de p\u00e9pin de raisin, au cacao et \u00e0 la poudre d\u2019orange exfolie pour \u00e9liminer les cellules mortes. Le masque au beurre de karit\u00e9 et au beurre de cacao hydrate. La peau est douce, souple et confortable\u00a0!<\/p>","protected":false},"featured_media":6518,"comment_status":"open","ping_status":"closed","template":"","meta":{"om_disable_all_campaigns":false,"_mi_skip_tracking":false,"_monsterinsights_sitenote_active":false,"_monsterinsights_sitenote_note":"","_monsterinsights_sitenote_category":0},"product_brand":[],"product_cat":[127,1742,514,516,512,128,513],"product_tag":[],"class_list":{"0":"post-6517","1":"product","2":"type-product","3":"status-publish","4":"has-post-thumbnail","6":"product_cat-boutique","7":"product_cat-masques","8":"product_cat-peaux-normales","9":"product_cat-peaux-seches","10":"product_cat-produits-par-besoin","11":"product_cat-soin-de-visage","12":"product_cat-type-de-peau","13":"yith_product_brand-laction","15":"first","16":"outofstock","17":"shipping-taxable","18":"purchasable","19":"product-type-simple"},"yoast_head":"<!-- This site is optimized with the Yoast SEO Premium plugin v20.8 (Yoast SEO v27.4) - https:\/\/yoast.com\/product\/yoast-seo-premium-wordpress\/ -->\n<title>L&#039;ACTION Masque Rituel Apaisant au Cacao - Lab&eacute;ma Cosmetics<\/title>\n<meta name=\"robots\" content=\"index, follow, max-snippet:-1, max-image-preview:large, max-video-preview:-1\" \/>\n<link rel=\"canonical\" href=\"https:\/\/labemacosmetics.com\/en\/product\/rituel-apaisant-au-cacao-exfoliant-masque-peaux-normales-a-seches-unidose\/\" \/>\n<meta property=\"og:locale\" content=\"en_GB\" \/>\n<meta property=\"og:type\" content=\"article\" \/>\n<meta property=\"og:title\" content=\"L&#039;ACTION Masque Rituel Apaisant au Cacao\" \/>\n<meta property=\"og:description\" content=\"Le gommage \u00e0 l\u2019huile de p\u00e9pin de raisin, au cacao et \u00e0 la poudre d\u2019orange exfolie pour \u00e9liminer les cellules mortes. Le masque au beurre de karit\u00e9 et au beurre de cacao hydrate. La peau est douce, souple et confortable\u00a0!\" \/>\n<meta property=\"og:url\" content=\"https:\/\/labemacosmetics.com\/en\/product\/rituel-apaisant-au-cacao-exfoliant-masque-peaux-normales-a-seches-unidose\/\" \/>\n<meta property=\"og:site_name\" content=\"Lab&eacute;ma Cosmetics\" \/>\n<meta property=\"article:publisher\" content=\"http:\/\/www.facebook.com\/labemacosmetics\" \/>\n<meta property=\"article:modified_time\" content=\"2023-12-27T08:48:27+00:00\" \/>\n<meta property=\"og:image\" content=\"https:\/\/labemacosmetics.com\/wp-content\/uploads\/2021\/01\/rituel_apaisant_cacao_exfoliant_masque_l_action_paris_1000x1000.jpg\" \/>\n\t<meta property=\"og:image:width\" content=\"1000\" \/>\n\t<meta property=\"og:image:height\" content=\"1000\" \/>\n\t<meta property=\"og:image:type\" content=\"image\/jpeg\" \/>\n<meta name=\"twitter:card\" content=\"summary_large_image\" \/>\n<meta name=\"twitter:site\" content=\"@Labemasn\" \/>\n<meta name=\"twitter:label1\" content=\"Price\" \/>\n\t<meta name=\"twitter:data1\" content=\"1 500&nbsp;CFA\" \/>\n\t<meta name=\"twitter:label2\" content=\"Availability\" \/>\n\t<meta name=\"twitter:data2\" content=\"Out of stock\" \/>\n<script type=\"application\/ld+json\" class=\"yoast-schema-graph\">{\"@context\":\"https:\\\/\\\/schema.org\",\"@graph\":[{\"@type\":\"WebPage\",\"@id\":\"https:\\\/\\\/labemacosmetics.com\\\/produit\\\/rituel-apaisant-au-cacao-exfoliant-masque-peaux-normales-a-seches-unidose\\\/\",\"url\":\"https:\\\/\\\/labemacosmetics.com\\\/produit\\\/rituel-apaisant-au-cacao-exfoliant-masque-peaux-normales-a-seches-unidose\\\/\",\"name\":\"L'ACTION Masque Rituel Apaisant au Cacao - Lab&eacute;ma Cosmetics\",\"isPartOf\":{\"@id\":\"https:\\\/\\\/labemacosmetics.com\\\/#website\"},\"primaryImageOfPage\":{\"@id\":\"https:\\\/\\\/labemacosmetics.com\\\/produit\\\/rituel-apaisant-au-cacao-exfoliant-masque-peaux-normales-a-seches-unidose\\\/#primaryimage\"},\"image\":{\"@id\":\"https:\\\/\\\/labemacosmetics.com\\\/produit\\\/rituel-apaisant-au-cacao-exfoliant-masque-peaux-normales-a-seches-unidose\\\/#primaryimage\"},\"thumbnailUrl\":\"https:\\\/\\\/labemacosmetics.com\\\/wp-content\\\/uploads\\\/2021\\\/01\\\/rituel_apaisant_cacao_exfoliant_masque_l_action_paris_1000x1000.jpg\",\"datePublished\":\"2023-02-22T17:00:37+00:00\",\"dateModified\":\"2023-12-27T08:48:27+00:00\",\"breadcrumb\":{\"@id\":\"https:\\\/\\\/labemacosmetics.com\\\/produit\\\/rituel-apaisant-au-cacao-exfoliant-masque-peaux-normales-a-seches-unidose\\\/#breadcrumb\"},\"inLanguage\":\"en-GB\",\"potentialAction\":[{\"@type\":\"ReadAction\",\"target\":[\"https:\\\/\\\/labemacosmetics.com\\\/produit\\\/rituel-apaisant-au-cacao-exfoliant-masque-peaux-normales-a-seches-unidose\\\/\"]}]},{\"@type\":\"ImageObject\",\"inLanguage\":\"en-GB\",\"@id\":\"https:\\\/\\\/labemacosmetics.com\\\/produit\\\/rituel-apaisant-au-cacao-exfoliant-masque-peaux-normales-a-seches-unidose\\\/#primaryimage\",\"url\":\"https:\\\/\\\/labemacosmetics.com\\\/wp-content\\\/uploads\\\/2021\\\/01\\\/rituel_apaisant_cacao_exfoliant_masque_l_action_paris_1000x1000.jpg\",\"contentUrl\":\"https:\\\/\\\/labemacosmetics.com\\\/wp-content\\\/uploads\\\/2021\\\/01\\\/rituel_apaisant_cacao_exfoliant_masque_l_action_paris_1000x1000.jpg\",\"width\":1000,\"height\":1000},{\"@type\":\"BreadcrumbList\",\"@id\":\"https:\\\/\\\/labemacosmetics.com\\\/produit\\\/rituel-apaisant-au-cacao-exfoliant-masque-peaux-normales-a-seches-unidose\\\/#breadcrumb\",\"itemListElement\":[{\"@type\":\"ListItem\",\"position\":1,\"name\":\"Accueil\",\"item\":\"https:\\\/\\\/labemacosmetics.com\\\/\"},{\"@type\":\"ListItem\",\"position\":2,\"name\":\"Produits\",\"item\":\"https:\\\/\\\/labemacosmetics.com\\\/shop\\\/\"},{\"@type\":\"ListItem\",\"position\":3,\"name\":\"L&rsquo;ACTION Masque Rituel Apaisant au Cacao\"}]},{\"@type\":\"WebSite\",\"@id\":\"https:\\\/\\\/labemacosmetics.com\\\/#website\",\"url\":\"https:\\\/\\\/labemacosmetics.com\\\/\",\"name\":\"Lab&eacute;ma Cosmetics\",\"description\":\"\",\"potentialAction\":[{\"@type\":\"SearchAction\",\"target\":{\"@type\":\"EntryPoint\",\"urlTemplate\":\"https:\\\/\\\/labemacosmetics.com\\\/?s={search_term_string}\"},\"query-input\":{\"@type\":\"PropertyValueSpecification\",\"valueRequired\":true,\"valueName\":\"search_term_string\"}}],\"inLanguage\":\"en-GB\"}]}<\/script>\n<meta property=\"product:brand\" content=\"L&#039;action\" \/>\n<meta property=\"product:price:amount\" content=\"1500\" \/>\n<meta property=\"product:price:currency\" content=\"XOF\" \/>\n<meta property=\"og:availability\" content=\"out of stock\" \/>\n<meta property=\"product:availability\" content=\"out of stock\" \/>\n<meta property=\"product:condition\" content=\"new\" \/>\n<!-- \/ Yoast SEO Premium plugin. -->","yoast_head_json":{"title":"L'ACTION Masque Rituel Apaisant au Cacao - Lab&eacute;ma Cosmetics","robots":{"index":"index","follow":"follow","max-snippet":"max-snippet:-1","max-image-preview":"max-image-preview:large","max-video-preview":"max-video-preview:-1"},"canonical":"https:\/\/labemacosmetics.com\/en\/product\/rituel-apaisant-au-cacao-exfoliant-masque-peaux-normales-a-seches-unidose\/","og_locale":"en_GB","og_type":"article","og_title":"L'ACTION Masque Rituel Apaisant au Cacao","og_description":"Le gommage \u00e0 l\u2019huile de p\u00e9pin de raisin, au cacao et \u00e0 la poudre d\u2019orange exfolie pour \u00e9liminer les cellules mortes. Le masque au beurre de karit\u00e9 et au beurre de cacao hydrate. La peau est douce, souple et confortable\u00a0!","og_url":"https:\/\/labemacosmetics.com\/en\/product\/rituel-apaisant-au-cacao-exfoliant-masque-peaux-normales-a-seches-unidose\/","og_site_name":"Lab&eacute;ma Cosmetics","article_publisher":"http:\/\/www.facebook.com\/labemacosmetics","article_modified_time":"2023-12-27T08:48:27+00:00","og_image":[{"width":1000,"height":1000,"url":"https:\/\/labemacosmetics.com\/wp-content\/uploads\/2021\/01\/rituel_apaisant_cacao_exfoliant_masque_l_action_paris_1000x1000.jpg","type":"image\/jpeg"}],"twitter_card":"summary_large_image","twitter_site":"@Labemasn","twitter_misc":{"Price":"1 500&nbsp;CFA","Availability":"Out of stock"},"schema":{"@context":"https:\/\/schema.org","@graph":[{"@type":"WebPage","@id":"https:\/\/labemacosmetics.com\/produit\/rituel-apaisant-au-cacao-exfoliant-masque-peaux-normales-a-seches-unidose\/","url":"https:\/\/labemacosmetics.com\/produit\/rituel-apaisant-au-cacao-exfoliant-masque-peaux-normales-a-seches-unidose\/","name":"L'ACTION Masque Rituel Apaisant au Cacao - Lab&eacute;ma Cosmetics","isPartOf":{"@id":"https:\/\/labemacosmetics.com\/#website"},"primaryImageOfPage":{"@id":"https:\/\/labemacosmetics.com\/produit\/rituel-apaisant-au-cacao-exfoliant-masque-peaux-normales-a-seches-unidose\/#primaryimage"},"image":{"@id":"https:\/\/labemacosmetics.com\/produit\/rituel-apaisant-au-cacao-exfoliant-masque-peaux-normales-a-seches-unidose\/#primaryimage"},"thumbnailUrl":"https:\/\/labemacosmetics.com\/wp-content\/uploads\/2021\/01\/rituel_apaisant_cacao_exfoliant_masque_l_action_paris_1000x1000.jpg","datePublished":"2023-02-22T17:00:37+00:00","dateModified":"2023-12-27T08:48:27+00:00","breadcrumb":{"@id":"https:\/\/labemacosmetics.com\/produit\/rituel-apaisant-au-cacao-exfoliant-masque-peaux-normales-a-seches-unidose\/#breadcrumb"},"inLanguage":"en-GB","potentialAction":[{"@type":"ReadAction","target":["https:\/\/labemacosmetics.com\/produit\/rituel-apaisant-au-cacao-exfoliant-masque-peaux-normales-a-seches-unidose\/"]}]},{"@type":"ImageObject","inLanguage":"en-GB","@id":"https:\/\/labemacosmetics.com\/produit\/rituel-apaisant-au-cacao-exfoliant-masque-peaux-normales-a-seches-unidose\/#primaryimage","url":"https:\/\/labemacosmetics.com\/wp-content\/uploads\/2021\/01\/rituel_apaisant_cacao_exfoliant_masque_l_action_paris_1000x1000.jpg","contentUrl":"https:\/\/labemacosmetics.com\/wp-content\/uploads\/2021\/01\/rituel_apaisant_cacao_exfoliant_masque_l_action_paris_1000x1000.jpg","width":1000,"height":1000},{"@type":"BreadcrumbList","@id":"https:\/\/labemacosmetics.com\/produit\/rituel-apaisant-au-cacao-exfoliant-masque-peaux-normales-a-seches-unidose\/#breadcrumb","itemListElement":[{"@type":"ListItem","position":1,"name":"Accueil","item":"https:\/\/labemacosmetics.com\/"},{"@type":"ListItem","position":2,"name":"Produits","item":"https:\/\/labemacosmetics.com\/shop\/"},{"@type":"ListItem","position":3,"name":"L&rsquo;ACTION Masque Rituel Apaisant au Cacao"}]},{"@type":"WebSite","@id":"https:\/\/labemacosmetics.com\/#website","url":"https:\/\/labemacosmetics.com\/","name":"Lab&eacute;ma Cosmetics","description":"","potentialAction":[{"@type":"SearchAction","target":{"@type":"EntryPoint","urlTemplate":"https:\/\/labemacosmetics.com\/?s={search_term_string}"},"query-input":{"@type":"PropertyValueSpecification","valueRequired":true,"valueName":"search_term_string"}}],"inLanguage":"en-GB"}]},"product_brand":"L'action","product_price_amount":"1500","product_price_currency":"XOF","og_availability":"out of stock","product_availability":"out of stock","product_condition":"new"},"_links":{"self":[{"href":"https:\/\/labemacosmetics.com\/en\/wp-json\/wp\/v2\/product\/6517","targetHints":{"allow":["GET"]}}],"collection":[{"href":"https:\/\/labemacosmetics.com\/en\/wp-json\/wp\/v2\/product"}],"about":[{"href":"https:\/\/labemacosmetics.com\/en\/wp-json\/wp\/v2\/types\/product"}],"replies":[{"embeddable":true,"href":"https:\/\/labemacosmetics.com\/en\/wp-json\/wp\/v2\/comments?post=6517"}],"version-history":[{"count":1,"href":"https:\/\/labemacosmetics.com\/en\/wp-json\/wp\/v2\/product\/6517\/revisions"}],"predecessor-version":[{"id":9549,"href":"https:\/\/labemacosmetics.com\/en\/wp-json\/wp\/v2\/product\/6517\/revisions\/9549"}],"wp:featuredmedia":[{"embeddable":true,"href":"https:\/\/labemacosmetics.com\/en\/wp-json\/wp\/v2\/media\/6518"}],"wp:attachment":[{"href":"https:\/\/labemacosmetics.com\/en\/wp-json\/wp\/v2\/media?parent=6517"}],"wp:term":[{"taxonomy":"product_brand","embeddable":true,"href":"https:\/\/labemacosmetics.com\/en\/wp-json\/wp\/v2\/product_brand?post=6517"},{"taxonomy":"product_cat","embeddable":true,"href":"https:\/\/labemacosmetics.com\/en\/wp-json\/wp\/v2\/product_cat?post=6517"},{"taxonomy":"product_tag","embeddable":true,"href":"https:\/\/labemacosmetics.com\/en\/wp-json\/wp\/v2\/product_tag?post=6517"}],"curies":[{"name":"wp","href":"https:\/\/api.w.org\/{rel}","templated":true}]}}